{"id":524428,"date":"2021-10-01T13:50:51","date_gmt":"2021-10-01T11:50:51","guid":{"rendered":"https:\/\/b2b.calibereurope.com\/privacy-policy\/"},"modified":"2021-10-01T13:50:51","modified_gmt":"2021-10-01T11:50:51","slug":"privacy-policy","status":"publish","type":"page","link":"https:\/\/b2b.calibereurope.com\/de\/privacy-policy\/","title":{"rendered":"Privacy policy"},"content":{"rendered":"\t\t<div data-elementor-type=\"wp-page\" data-elementor-id=\"524428\" class=\"elementor elementor-524428 elementor-524423\" data-elementor-post-type=\"page\">\n\t\t\t\t\t\t<section class=\"elementor-section elementor-top-section elementor-element elementor-element-8b10c7e elementor-section-boxed elementor-section-height-default elementor-section-height-default\" data-id=\"8b10c7e\" data-element_type=\"section\">\n\t\t\t\t\t\t<div class=\"elementor-container elementor-column-gap-default\">\n\t\t\t\t\t<div class=\"elementor-column elementor-col-100 elementor-top-column elementor-element elementor-element-b0318b9\" data-id=\"b0318b9\" data-element_type=\"column\">\n\t\t\t<div class=\"elementor-widget-wrap elementor-element-populated\">\n\t\t\t\t\t\t<div class=\"elementor-element elementor-element-0ccf726 elementor-widget elementor-widget-text-editor\" data-id=\"0ccf726\" data-element_type=\"widget\" data-widget_type=\"text-editor.default\">\n\t\t\t\t<div class=\"elementor-widget-container\">\n\t\t\t\t\t\t\t\t\t<p><strong>Datenschutz- und Cookie-Erkl\u00e4rung Caliber Europe B.V.<\/strong><br \/>1. Juni 2021<\/p>\n<p>\u00dcber unseren Webshop werden datenschutzsensible Daten oder personenbezogene Angaben verarbeitet. Caliber Europe B.V. legt gro\u00dfen Wert auf einen sorgf\u00e4ltigen Umgang mit pers\u00f6nlichen Daten. Personenbezogene Daten werden daher von uns sorgf\u00e4ltig verarbeitet und gesichert.<\/p>\n<p>Bei der Verarbeitung halten wir uns an die Anforderungen der Datenschutzgesetze. Das bedeutet unter anderem, dass wir: <\/p>\n<p>&#8211; <strong>unsere Zwecke<\/strong> vor der Verarbeitung personenbezogener Daten durch diese Datenschutzerkl\u00e4rung klar darlegen;<br \/>&#8211;<strong>unsere Sammlung personenbezogener Daten<\/strong> auf diejenigen personenbezogenen Daten beschr\u00e4nken, die f\u00fcr rechtm\u00e4\u00dfige Zwecke erforderlich sind;<br \/>&#8211; <strong>unsere ausdr\u00fcckliche Zustimmung<\/strong> zur Verarbeitung Ihrer personenbezogenen Daten in F\u00e4llen, in denen Ihre Zustimmung erforderlich ist, einholen; <br \/>&#8211; <strong>angemessene Sicherheitsma\u00dfnahmen<\/strong> ergreifen, um Ihre personenbezogenen Daten zu sch\u00fctzen, und dies auch von den Parteien verlangen, die personenbezogene Daten in unserem Auftrag verarbeiten;<br \/>&#8211; <strong>Ihr Recht<\/strong> respektieren, auf Ihre personenbezogenen Daten zuzugreifen, sie zu berichtigen oder zu l\u00f6schen, wenn Sie dies w\u00fcnschen. <\/p>\n<p>Der Verantwortliche f\u00fcr die Datenverarbeitung ist Caliber Europe B.V. In dieser Datenschutzerkl\u00e4rung erl\u00e4utern wir, welche personenbezogenen Daten wir zu welchem Zweck im Webshop https:\/\/calibereurope.com erheben und nutzen. Wir empfehlen Ihnen, sie sorgf\u00e4ltig zu lesen.<\/p>\n<p>Wenn Sie Fragen haben oder genau wissen m\u00f6chten, was wir von Ihnen speichern, wenden Sie sich bitte an Caliber Europe B.V.<\/p>\n<p><strong>Ihr Konto<\/strong><br \/>F\u00fcr einige Bereiche unseres Webshops m\u00fcssen Sie sich zun\u00e4chst registrieren. Sie m\u00fcssen dann Angaben zu Ihrer Person machen und einen Benutzernamen w\u00e4hlen. Damit erstellen wir ein Konto, bei dem Sie sich mit diesem Benutzernamen und einem Passwort Ihrer Wahl anmelden k\u00f6nnen. Zu diesem Zweck verwenden wir Ihren Namen und Ihre Adresse, Ihre Rechnungsanschrift und Ihre E-Mail-Adresse. Wir tun dies auf der Grundlage Ihrer Zustimmung. Wir bewahren diese Informationen auf, bis Sie das Konto schlie\u00dfen.<\/p>\n<p>Wir bewahren diese Informationen auf, damit Sie sie nicht jedes Mal neu ausf\u00fcllen m\u00fcssen und damit wir Sie im Zusammenhang mit der Ausf\u00fchrung des Vertrags kontaktieren k\u00f6nnen. Sie k\u00f6nnen Ihre Daten jederzeit \u00fcber Ihr Konto \u00e4ndern.<\/p>\n<p><em>Weitergabe an Dritte<\/em><br \/>Wir arbeiten mit bestimmten Unternehmen zusammen, die Ihre oben genannten pers\u00f6nlichen Daten von uns erhalten k\u00f6nnen.<\/p>\n<p><strong>Auftragsabwicklung<\/strong><br \/>Wenn Sie eine Bestellung bei uns aufgeben, verwenden wir Ihre pers\u00f6nlichen Daten, um diese ordnungsgem\u00e4\u00df abzuwickeln. Wir k\u00f6nnen Ihre pers\u00f6nlichen Daten an unseren Zustelldienst weitergeben, um die Bestellung an Sie zu liefern. Wir erhalten auch Informationen \u00fcber Ihre Zahlung von Ihrer Bank oder Ihrem Kreditkartenunternehmen. Zu diesem Zweck verwenden wir Ihren Namen und Ihre Adresse, Ihre Rechnungsanschrift und Ihre E-Mail-Adresse. Wir tun dies auf der Grundlage Ihrer Zustimmung. Wir bewahren diese Informationen auf, bis Ihre Bestellung abgeschlossen ist. Bestimmte Kundendaten bewahren wir \u00fcber l\u00e4ngere Zeitr\u00e4ume auf, um steuerrechtliche Aufbewahrungspflichten zu erf\u00fcllen.<\/p>\n<p><em>Weitergabe an Dritte<\/em><br \/>Wir arbeiten mit bestimmten Unternehmen zusammen, die Ihre oben genannten personenbezogenen Daten von uns erhalten k\u00f6nnen.<\/p>\n<p><strong>Bewertung auf der Website<\/strong><br \/>Sie k\u00f6nnen eine Bewertung f\u00fcr uns abgeben. Wir verwenden die personenbezogenen Daten, die notwendig sind, um die Rezension auf der Website zu ver\u00f6ffentlichen, und wir verwenden Ihre E-Mail-Adresse, um dies zu tun. Wir tun dies mit Ihrer Zustimmung. Wir bewahren diese Informationen f\u00fcr 1 Jahr auf.<\/p>\n<p><strong>Kontaktformular und Newsletter<\/strong><br \/>\u00dcber das Kontaktformular k\u00f6nnen Sie uns Fragen stellen oder W\u00fcnsche \u00e4u\u00dfern. Zu diesem Zweck verwenden wir Ihren Namen und Ihre Adresse, Ihre Telefonnummer und Ihre E-Mail-Adresse. Wir tun dies mit Ihrer Zustimmung. Wir werden diese Informationen so lange aufbewahren, bis wir sicher sind, dass Sie mit unserer Antwort zufrieden sind.<\/p>\n<p>Wir bieten einen Newsletter an, um Interessenten \u00fcber unsere Produkte und\/oder Dienstleistungen zu informieren. Jeder Newsletter enth\u00e4lt einen Link, \u00fcber den Sie ihn abbestellen k\u00f6nnen. <\/p>\n<p>Ihre E-Mail-Adresse wird automatisch in die Liste der Abonnenten aufgenommen. Diese Daten werden aufbewahrt, bis Sie sich abmelden.<\/p>\n<p><em>Weitergabe an Dritte<\/em><br \/>Wir arbeiten mit bestimmten Unternehmen zusammen, die Ihre oben genannten pers\u00f6nlichen Daten von uns erhalten k\u00f6nnen.<\/p>\n<p><strong>Statistik und Profiling<\/strong><br \/>Wir f\u00fchren Statistiken \u00fcber die Nutzung unseres Webshops. Mit diesen Statistiken verbessern wir unseren Webshop, um beispielsweise nur relevante Informationen anzuzeigen. Wir k\u00f6nnen Ihre pers\u00f6nlichen Daten kombinieren, um mehr \u00fcber Sie herauszufinden. Selbstverst\u00e4ndlich werden wir Ihre Privatsph\u00e4re jederzeit respektieren. Wenn Sie das nicht m\u00f6chten, k\u00f6nnen Sie uns das jederzeit mitteilen.<br \/>Wir verwenden zu diesem Zweck Ihren Namen und Ihre E-Mail Adresse. Wir tun dies auf der Grundlage Ihrer Zustimmung. Wir werden diese Informationen ein Jahr lang aufbewahren.<\/p>\n<p><em>Weitergabe an Dritte<\/em><br \/>. Wir k\u00f6nnen Ihre personenbezogenen Daten kombinieren, um mehr \u00fcber Sie herauszufinden. Selbstverst\u00e4ndlich werden wir Ihre Privatsph\u00e4re jederzeit respektieren. Wenn Sie das nicht m\u00f6chten, k\u00f6nnen Sie uns das jederzeit mitteilen.<br \/>Wir werden Ihren Namen und Ihre E-Mail-Adresse verwenden. Wir tun dies auf der Grundlage Ihrer Zustimmung. Wir bewahren diese Informationen ein Jahr lang auf.<\/p>\n<p><em>Weitergabe an Dritte<\/em><br \/>Wir arbeiten mit bestimmten Unternehmen zusammen, die Ihre oben genannten pers\u00f6nlichen Daten von uns erhalten k\u00f6nnen.<\/p>\n<p><strong>Werbung<\/strong><br \/>Wir m\u00f6chten Ihnen gerne Werbung \u00fcber Angebote und neue Produkte oder Dienstleistungen schicken. Wir tun dies:<br \/>&#8211; per E-Mail<br \/>&#8211; \u00fcber soziale Medien<\/p>\n<p>Sie k\u00f6nnen sich jederzeit von dieser Werbung abmelden. Jede E-Mail enth\u00e4lt einen Link zum Abbestellen. Sie k\u00f6nnen uns entweder blockieren oder die Option zum Abbestellen nutzen. Sie k\u00f6nnen uns dies auch \u00fcber Ihr Konto mitteilen.<\/p>\n<p><strong>Weitergabe an andere Unternehmen oder Institutionen<\/strong><br \/>Mit Ausnahme der oben genannten Partner geben wir Ihre personenbezogenen Daten in keinem Fall an andere Unternehmen oder Institutionen weiter, es sei denn, wir sind dazu gesetzlich verpflichtet (z.B. wenn die Polizei sie bei Verdacht auf eine Straftat anfordert).<\/p>\n<p><strong>Statistik<\/strong><br \/>Wir f\u00fchren Statistiken \u00fcber die Nutzung unseres Webshops<\/p>\n<p><strong>Cookies<\/strong><br \/>Unser Webshop verwendet Cookies. Cookies sind kleine Dateien, in denen wir Informationen speichern k\u00f6nnen, damit Sie sie nicht jedes Mal neu eingeben m\u00fcssen. <\/p>\n<p>Wenn Sie unseren Webshop zum ersten Mal besuchen, wird Ihnen eine Nachricht angezeigt, in der Cookies erkl\u00e4rt werden. Sie k\u00f6nnen Cookies \u00fcber Ihren Browser deaktivieren, aber einige Teile unseres Webshops werden dann nicht richtig funktionieren.<\/p>\n<p>Wir verwenden Google Analytics, um zu verfolgen, wie Besucher unseren Webshop nutzen. Wir haben eine Verarbeitungsvereinbarung mit Google abgeschlossen. Darin sind strenge Vereinbarungen dar\u00fcber enthalten, was sie verfolgen d\u00fcrfen. Wir haben Google nicht gestattet, die erhaltenen Analytics-Informationen f\u00fcr andere Google-Dienste zu verwenden. Wir lassen die IP-Adressen von Google anonymisieren.<\/p>\n<p><strong>Sicherheit<\/strong><br \/>Die Sicherheit der pers\u00f6nlichen Daten ist uns sehr wichtig. Wir sorgen daf\u00fcr, dass Ihre Daten bei uns gut gesch\u00fctzt sind. Wir passen die Sicherheit st\u00e4ndig an und achten darauf, was schief gehen kann.<\/p>\n<p><strong>\u00c4nderungen dieser Datenschutzerkl\u00e4rung<\/strong><br \/>Wir behalten uns das Recht vor, \u00c4nderungen an dieser Datenschutzerkl\u00e4rung vorzunehmen. Wir empfehlen Ihnen, diese Datenschutzerkl\u00e4rung regelm\u00e4\u00dfig zu lesen, damit Sie \u00fcber etwaige \u00c4nderungen informiert sind. Wir werden uns bem\u00fchen, Sie \u00fcber \u00c4nderungen gesondert zu informieren.<\/p>\n<p><strong>Einsicht, \u00c4nderung und L\u00f6schung Ihrer Daten<\/strong><br \/>Wenn Sie Fragen haben oder wissen m\u00f6chten, welche personenbezogenen Daten wir \u00fcber Sie gespeichert haben, k\u00f6nnen Sie sich jederzeit an uns wenden. Siehe die nachstehenden Kontaktinformationen. <\/p>\n<p>Sie haben folgende Rechte:<\/p>\n<p>&#8211; eine Erkl\u00e4rung dar\u00fcber zu erhalten, welche personenbezogenen Daten wir haben und was wir damit tun<br \/>&#8211; die genauen personenbezogenen Daten zu sehen, die wir haben<br \/>&#8211; Fehler korrigieren zu lassen<br \/>&#8211; veraltete personenbezogene Daten l\u00f6schen zu lassen<br \/>&#8211; personenbezogene Daten an eine andere Partei zu \u00fcbertragen<br \/>&#8211; die Erlaubnis zu widerrufen<br \/>&#8211; einer bestimmten Verwendung zu widersprechen<\/p>\n<p>Bitte stellen Sie immer sicher, dass Sie klar angeben, wer Sie sind, damit wir sicher sein k\u00f6nnen, dass wir nicht Daten \u00fcber die falsche Person korrigieren oder l\u00f6schen. <\/p>\n<p><strong>Beschwerde<\/strong><br \/>Wenn Sie das Gef\u00fchl haben, dass wir Ihnen nicht in der richtigen Weise helfen, haben Sie das Recht, sich bei der Datenschutzbeh\u00f6rde zu beschweren. Dies ist die Beh\u00f6rde f\u00fcr den Schutz personenbezogener Daten.<\/p>\n<p><strong>Kontaktdetails<\/strong><br \/>Caliber Europe B.V.<br \/>Kortakker 10 4264AE Veen support@caliber.nl<br \/>0416-699000<\/p>\n\t\t\t\t\t\t\t\t<\/div>\n\t\t\t\t<\/div>\n\t\t\t\t\t<\/div>\n\t\t<\/div>\n\t\t\t\t\t<\/div>\n\t\t<\/section>\n\t\t\t\t<\/div>\n\t\t","protected":false},"excerpt":{"rendered":"<p>Datenschutz- und Cookie-Erkl\u00e4rung Caliber Europe B.V.1. Juni 2021 \u00dcber unseren Webshop werden datenschutzsensible Daten oder personenbezogene Angaben verarbeitet. Caliber Europe B.V. legt gro\u00dfen Wert auf einen sorgf\u00e4ltigen Umgang mit pers\u00f6nlichen Daten. Personenbezogene Daten werden daher von uns sorgf\u00e4ltig verarbeitet und gesichert. Bei der Verarbeitung halten wir uns an die Anforderungen der Datenschutzgesetze. Das bedeutet unter [&hellip;]<\/p>\n","protected":false},"author":1,"featured_media":0,"parent":0,"menu_order":0,"comment_status":"closed","ping_status":"closed","template":"","meta":{"_acf_changed":false,"site-sidebar-layout":"no-sidebar","site-content-layout":"page-builder","ast-site-content-layout":"default","site-content-style":"default","site-sidebar-style":"default","ast-global-header-display":"","ast-banner-title-visibility":"","ast-main-header-display":"","ast-hfb-above-header-display":"","ast-hfb-below-header-display":"","ast-hfb-mobile-header-display":"","site-post-title":"disabled","ast-breadcrumbs-content":"","ast-featured-img":"disabled","footer-sml-layout":"","theme-transparent-header-meta":"default","adv-header-id-meta":"","stick-header-meta":"default","header-above-stick-meta":"","header-main-stick-meta":"","header-below-stick-meta":"","astra-migrate-meta-layouts":"default","ast-page-background-enabled":"default","ast-page-background-meta":{"desktop":{"background-color":"","background-image":"","background-repeat":"repeat","background-position":"center center","background-size":"auto","background-attachment":"scroll","background-type":"","background-media":"","overlay-type":"","overlay-color":"","overlay-opacity":"","overlay-gradient":""},"tablet":{"background-color":"","background-image":"","background-repeat":"repeat","background-position":"center center","background-size":"auto","background-attachment":"scroll","background-type":"","background-media":"","overlay-type":"","overlay-color":"","overlay-opacity":"","overlay-gradient":""},"mobile":{"background-color":"","background-image":"","background-repeat":"repeat","background-position":"center center","background-size":"auto","background-attachment":"scroll","background-type":"","background-media":"","overlay-type":"","overlay-color":"","overlay-opacity":"","overlay-gradient":""}},"ast-content-background-meta":{"desktop":{"background-color":"var(--ast-global-color-5)","background-image":"","background-repeat":"repeat","background-position":"center center","background-size":"auto","background-attachment":"scroll","background-type":"","background-media":"","overlay-type":"","overlay-color":"","overlay-opacity":"","overlay-gradient":""},"tablet":{"background-color":"var(--ast-global-color-5)","background-image":"","background-repeat":"repeat","background-position":"center center","background-size":"auto","background-attachment":"scroll","background-type":"","background-media":"","overlay-type":"","overlay-color":"","overlay-opacity":"","overlay-gradient":""},"mobile":{"background-color":"var(--ast-global-color-5)","background-image":"","background-repeat":"repeat","background-position":"center center","background-size":"auto","background-attachment":"scroll","background-type":"","background-media":"","overlay-type":"","overlay-color":"","overlay-opacity":"","overlay-gradient":""}},"footnotes":""},"class_list":["post-524428","page","type-page","status-publish","hentry"],"acf":[],"yoast_head":"<!-- This site is optimized with the Yoast SEO plugin v26.5 - https:\/\/yoast.com\/wordpress\/plugins\/seo\/ -->\n<title>Privacy policy - Caliber Europe B.V.<\/title>\n<meta name=\"robots\" content=\"noindex, follow, max-snippet:-1, max-image-preview:large, max-video-preview:-1\" \/>\n<meta property=\"og:locale\" content=\"de_DE\" \/>\n<meta property=\"og:type\" content=\"article\" \/>\n<meta property=\"og:title\" content=\"Privacy policy - Caliber Europe B.V.\" \/>\n<meta property=\"og:description\" content=\"Datenschutz- und Cookie-Erkl\u00e4rung Caliber Europe B.V.1. Juni 2021 \u00dcber unseren Webshop werden datenschutzsensible Daten oder personenbezogene Angaben verarbeitet. Caliber Europe B.V. legt gro\u00dfen Wert auf einen sorgf\u00e4ltigen Umgang mit pers\u00f6nlichen Daten. Personenbezogene Daten werden daher von uns sorgf\u00e4ltig verarbeitet und gesichert. Bei der Verarbeitung halten wir uns an die Anforderungen der Datenschutzgesetze. Das bedeutet unter [&hellip;]\" \/>\n<meta property=\"og:url\" content=\"https:\/\/b2b.calibereurope.com\/de\/privacy-policy\/\" \/>\n<meta property=\"og:site_name\" content=\"Caliber Europe B.V.\" \/>\n<meta name=\"twitter:card\" content=\"summary_large_image\" \/>\n<meta name=\"twitter:label1\" content=\"Gesch\u00e4tzte Lesezeit\" \/>\n\t<meta name=\"twitter:data1\" content=\"7\u00a0Minuten\" \/>\n<script type=\"application\/ld+json\" class=\"yoast-schema-graph\">{\"@context\":\"https:\/\/schema.org\",\"@graph\":[{\"@type\":\"WebPage\",\"@id\":\"https:\/\/b2b.calibereurope.com\/de\/privacy-policy\/\",\"url\":\"https:\/\/b2b.calibereurope.com\/de\/privacy-policy\/\",\"name\":\"Privacy policy - Caliber Europe B.V.\",\"isPartOf\":{\"@id\":\"https:\/\/b2b.calibereurope.com\/#website\"},\"datePublished\":\"2021-10-01T11:50:51+00:00\",\"breadcrumb\":{\"@id\":\"https:\/\/b2b.calibereurope.com\/de\/privacy-policy\/#breadcrumb\"},\"inLanguage\":\"de\",\"potentialAction\":[{\"@type\":\"ReadAction\",\"target\":[\"https:\/\/b2b.calibereurope.com\/de\/privacy-policy\/\"]}]},{\"@type\":\"BreadcrumbList\",\"@id\":\"https:\/\/b2b.calibereurope.com\/de\/privacy-policy\/#breadcrumb\",\"itemListElement\":[{\"@type\":\"ListItem\",\"position\":1,\"name\":\"Home\",\"item\":\"https:\/\/b2b.calibereurope.com\/de\/\"},{\"@type\":\"ListItem\",\"position\":2,\"name\":\"Privacy policy\"}]},{\"@type\":\"WebSite\",\"@id\":\"https:\/\/b2b.calibereurope.com\/#website\",\"url\":\"https:\/\/b2b.calibereurope.com\/\",\"name\":\"Caliber Europe B.V.\",\"description\":\"B2B Webshop\",\"publisher\":{\"@id\":\"https:\/\/b2b.calibereurope.com\/#organization\"},\"potentialAction\":[{\"@type\":\"SearchAction\",\"target\":{\"@type\":\"EntryPoint\",\"urlTemplate\":\"https:\/\/b2b.calibereurope.com\/?s={search_term_string}\"},\"query-input\":{\"@type\":\"PropertyValueSpecification\",\"valueRequired\":true,\"valueName\":\"search_term_string\"}}],\"inLanguage\":\"de\"},{\"@type\":\"Organization\",\"@id\":\"https:\/\/b2b.calibereurope.com\/#organization\",\"name\":\"Caliber Europe B.V.\",\"url\":\"https:\/\/b2b.calibereurope.com\/\",\"logo\":{\"@type\":\"ImageObject\",\"inLanguage\":\"de\",\"@id\":\"https:\/\/b2b.calibereurope.com\/#\/schema\/logo\/image\/\",\"url\":\"https:\/\/b2b.calibereurope.com\/wp-content\/uploads\/2020\/12\/Caliber_Logo-Black.png\",\"contentUrl\":\"https:\/\/b2b.calibereurope.com\/wp-content\/uploads\/2020\/12\/Caliber_Logo-Black.png\",\"width\":3157,\"height\":356,\"caption\":\"Caliber Europe B.V.\"},\"image\":{\"@id\":\"https:\/\/b2b.calibereurope.com\/#\/schema\/logo\/image\/\"}}]}<\/script>\n<!-- \/ Yoast SEO plugin. -->","yoast_head_json":{"title":"Privacy policy - Caliber Europe B.V.","robots":{"index":"noindex","follow":"follow","max-snippet":"max-snippet:-1","max-image-preview":"max-image-preview:large","max-video-preview":"max-video-preview:-1"},"og_locale":"de_DE","og_type":"article","og_title":"Privacy policy - Caliber Europe B.V.","og_description":"Datenschutz- und Cookie-Erkl\u00e4rung Caliber Europe B.V.1. Juni 2021 \u00dcber unseren Webshop werden datenschutzsensible Daten oder personenbezogene Angaben verarbeitet. Caliber Europe B.V. legt gro\u00dfen Wert auf einen sorgf\u00e4ltigen Umgang mit pers\u00f6nlichen Daten. Personenbezogene Daten werden daher von uns sorgf\u00e4ltig verarbeitet und gesichert. Bei der Verarbeitung halten wir uns an die Anforderungen der Datenschutzgesetze. Das bedeutet unter [&hellip;]","og_url":"https:\/\/b2b.calibereurope.com\/de\/privacy-policy\/","og_site_name":"Caliber Europe B.V.","twitter_card":"summary_large_image","twitter_misc":{"Gesch\u00e4tzte Lesezeit":"7\u00a0Minuten"},"schema":{"@context":"https:\/\/schema.org","@graph":[{"@type":"WebPage","@id":"https:\/\/b2b.calibereurope.com\/de\/privacy-policy\/","url":"https:\/\/b2b.calibereurope.com\/de\/privacy-policy\/","name":"Privacy policy - Caliber Europe B.V.","isPartOf":{"@id":"https:\/\/b2b.calibereurope.com\/#website"},"datePublished":"2021-10-01T11:50:51+00:00","breadcrumb":{"@id":"https:\/\/b2b.calibereurope.com\/de\/privacy-policy\/#breadcrumb"},"inLanguage":"de","potentialAction":[{"@type":"ReadAction","target":["https:\/\/b2b.calibereurope.com\/de\/privacy-policy\/"]}]},{"@type":"BreadcrumbList","@id":"https:\/\/b2b.calibereurope.com\/de\/privacy-policy\/#breadcrumb","itemListElement":[{"@type":"ListItem","position":1,"name":"Home","item":"https:\/\/b2b.calibereurope.com\/de\/"},{"@type":"ListItem","position":2,"name":"Privacy policy"}]},{"@type":"WebSite","@id":"https:\/\/b2b.calibereurope.com\/#website","url":"https:\/\/b2b.calibereurope.com\/","name":"Caliber Europe B.V.","description":"B2B Webshop","publisher":{"@id":"https:\/\/b2b.calibereurope.com\/#organization"},"potentialAction":[{"@type":"SearchAction","target":{"@type":"EntryPoint","urlTemplate":"https:\/\/b2b.calibereurope.com\/?s={search_term_string}"},"query-input":{"@type":"PropertyValueSpecification","valueRequired":true,"valueName":"search_term_string"}}],"inLanguage":"de"},{"@type":"Organization","@id":"https:\/\/b2b.calibereurope.com\/#organization","name":"Caliber Europe B.V.","url":"https:\/\/b2b.calibereurope.com\/","logo":{"@type":"ImageObject","inLanguage":"de","@id":"https:\/\/b2b.calibereurope.com\/#\/schema\/logo\/image\/","url":"https:\/\/b2b.calibereurope.com\/wp-content\/uploads\/2020\/12\/Caliber_Logo-Black.png","contentUrl":"https:\/\/b2b.calibereurope.com\/wp-content\/uploads\/2020\/12\/Caliber_Logo-Black.png","width":3157,"height":356,"caption":"Caliber Europe B.V."},"image":{"@id":"https:\/\/b2b.calibereurope.com\/#\/schema\/logo\/image\/"}}]}},"_links":{"self":[{"href":"https:\/\/b2b.calibereurope.com\/de\/wp-json\/wp\/v2\/pages\/524428","targetHints":{"allow":["GET"]}}],"collection":[{"href":"https:\/\/b2b.calibereurope.com\/de\/wp-json\/wp\/v2\/pages"}],"about":[{"href":"https:\/\/b2b.calibereurope.com\/de\/wp-json\/wp\/v2\/types\/page"}],"author":[{"embeddable":true,"href":"https:\/\/b2b.calibereurope.com\/de\/wp-json\/wp\/v2\/users\/1"}],"replies":[{"embeddable":true,"href":"https:\/\/b2b.calibereurope.com\/de\/wp-json\/wp\/v2\/comments?post=524428"}],"version-history":[{"count":0,"href":"https:\/\/b2b.calibereurope.com\/de\/wp-json\/wp\/v2\/pages\/524428\/revisions"}],"wp:attachment":[{"href":"https:\/\/b2b.calibereurope.com\/de\/wp-json\/wp\/v2\/media?parent=524428"}],"curies":[{"name":"wp","href":"https:\/\/api.w.org\/{rel}","templated":true}]}}