{"id":458572,"date":"2024-07-17T02:00:00","date_gmt":"2024-07-17T00:00:00","guid":{"rendered":""},"modified":"2024-07-17T07:41:50","modified_gmt":"2024-07-17T05:41:50","slug":"MIVUE-795-de_DE","status":"publish","type":"product","link":"https:\/\/b2b.calibereurope.com\/de\/produkt\/MIVUE-795-de_DE\/","title":{"rendered":"MIVUE -795 (MIVUE-795)"},"content":{"rendered":"<p>Mit dem Mio Mivue 795 verbringen Sie die Umgebung Ihres Autos w\u00e4hrend des Tages und nachts eindeutig. Die niedrig-leichten CMOS-Sensors\u00e4tze &#8211; auch in niedrig hellen Videobildern mit tiefen Farben und einem hohen Kontrast. Das ist n\u00fctzlich, wenn Sie w\u00e4hrend der D\u00e4mmerung an einem Autounfall einbezogen werden. Der G-Sensor nimmt pl\u00f6tzliche Bewegungen direkt an und speichert die Aufnahmen dieser F\u00f6rderung. Dar\u00fcber hinaus blicken Sie in einem Betrachtungswinkel von 150 Grad auf die Bilder in 1600p (besser als Full als Fulld HD). Das Dashcam zeichnet auch Lizenzplatten und R\u00fccklichter auf. Dank des eingebauten GPS werden Ihre Geschwindigkeit und Ihr Standort in allen Aufzeichnungen aufgenommen. Auf diese Weise zeigen Sie, dass Sie im Falle eines Unfalls nicht zu schnell fahren. Hast du Angst, dass du das tust? Dann erhalten Sie Flash-Alert-Warnungen mit intelligenter Benachrichtigung. Der Mivue 795 ber\u00fccksichtigt auch Ihre Sicherheit. Auf diese Weise erhalten Sie eine Warnung, wenn Sie m\u00fcde Gefahr sind, und das Dashcam zieht Sie als Ergebnis eines m\u00f6glichen Zusammenpralls an. Selbst wenn Ihr Auto geparkt ist, erfasst der Mivue 795 Bewegungen. So sammelt Ihr Bildmaterial, ob ein Einbrecher aktiv ist. Daf\u00fcr brauchen Sie eine Smartbox (nicht inbegriffen).<\/p>\n","protected":false},"excerpt":{"rendered":"<p>Mit dem Mio Mivue 795 verbringen Sie die Umgebung Ihres Autos w\u00e4hrend des Tages und nachts eindeutig. Die niedrig-leichten CMOS-Sensors\u00e4tze &#8211; auch in niedrig hellen Videobildern mit tiefen Farben und einem hohen Kontrast. Das ist n\u00fctzlich, wenn Sie w\u00e4hrend der D\u00e4mmerung an einem Autounfall einbezogen werden. Der G-Sensor nimmt pl\u00f6tzliche Bewegungen direkt an und speichert [&hellip;]<\/p>\n","protected":false},"featured_media":848641,"template":"","meta":{"_acf_changed":false,"site-sidebar-layout":"default","site-content-layout":"","ast-site-content-layout":"default","site-content-style":"default","site-sidebar-style":"default","ast-global-header-display":"","ast-banner-title-visibility":"","ast-main-header-display":"","ast-hfb-above-header-display":"","ast-hfb-below-header-display":"","ast-hfb-mobile-header-display":"","site-post-title":"","ast-breadcrumbs-content":"","ast-featured-img":"","footer-sml-layout":"","theme-transparent-header-meta":"","adv-header-id-meta":"","stick-header-meta":"","header-above-stick-meta":"","header-main-stick-meta":"","header-below-stick-meta":"","astra-migrate-meta-layouts":"default","ast-page-background-enabled":"default","ast-page-background-meta":{"desktop":{"background-color":"","background-image":"","background-repeat":"repeat","background-position":"center center","background-size":"auto","background-attachment":"scroll","background-type":"","background-media":"","overlay-type":"","overlay-color":"","overlay-opacity":"","overlay-gradient":""},"tablet":{"background-color":"","background-image":"","background-repeat":"repeat","background-position":"center center","background-size":"auto","background-attachment":"scroll","background-type":"","background-media":"","overlay-type":"","overlay-color":"","overlay-opacity":"","overlay-gradient":""},"mobile":{"background-color":"","background-image":"","background-repeat":"repeat","background-position":"center center","background-size":"auto","background-attachment":"scroll","background-type":"","background-media":"","overlay-type":"","overlay-color":"","overlay-opacity":"","overlay-gradient":""}},"ast-content-background-meta":{"desktop":{"background-color":"var(--ast-global-color-5)","background-image":"","background-repeat":"repeat","background-position":"center center","background-size":"auto","background-attachment":"scroll","background-type":"","background-media":"","overlay-type":"","overlay-color":"","overlay-opacity":"","overlay-gradient":""},"tablet":{"background-color":"var(--ast-global-color-5)","background-image":"","background-repeat":"repeat","background-position":"center center","background-size":"auto","background-attachment":"scroll","background-type":"","background-media":"","overlay-type":"","overlay-color":"","overlay-opacity":"","overlay-gradient":""},"mobile":{"background-color":"var(--ast-global-color-5)","background-image":"","background-repeat":"repeat","background-position":"center center","background-size":"auto","background-attachment":"scroll","background-type":"","background-media":"","overlay-type":"","overlay-color":"","overlay-opacity":"","overlay-gradient":""}}},"product_brand":[],"product_cat":[12183,12191],"product_tag":[11593],"class_list":{"0":"post-458572","1":"product","2":"type-product","3":"status-publish","4":"has-post-thumbnail","6":"product_cat-beeld_de_de","7":"product_cat-dashcams_de_de","8":"product_tag-mio-de","9":"desktop-align-center","10":"tablet-align-center","11":"mobile-align-center","12":"ast-product-gallery-layout-horizontal","13":"ast-product-tabs-layout-horizontal","15":"first","16":"outofstock","17":"taxable","18":"shipping-taxable","19":"purchasable","20":"product-type-simple"},"acf":[],"yoast_head":"<!-- This site is optimized with the Yoast SEO plugin v26.5 - https:\/\/yoast.com\/wordpress\/plugins\/seo\/ -->\n<title>MIVUE -795 (MIVUE-795) - Caliber Europe B.V.<\/title>\n<meta name=\"robots\" content=\"noindex, follow, max-snippet:-1, max-image-preview:large, max-video-preview:-1\" \/>\n<meta property=\"og:locale\" content=\"de_DE\" \/>\n<meta property=\"og:type\" content=\"article\" \/>\n<meta property=\"og:title\" content=\"MIVUE -795 (MIVUE-795) - Caliber Europe B.V.\" \/>\n<meta property=\"og:description\" content=\"Mit dem Mio Mivue 795 verbringen Sie die Umgebung Ihres Autos w\u00e4hrend des Tages und nachts eindeutig. Die niedrig-leichten CMOS-Sensors\u00e4tze &#8211; auch in niedrig hellen Videobildern mit tiefen Farben und einem hohen Kontrast. Das ist n\u00fctzlich, wenn Sie w\u00e4hrend der D\u00e4mmerung an einem Autounfall einbezogen werden. Der G-Sensor nimmt pl\u00f6tzliche Bewegungen direkt an und speichert [&hellip;]\" \/>\n<meta property=\"og:url\" content=\"https:\/\/b2b.calibereurope.com\/de\/produkt\/MIVUE-795-de_DE\/\" \/>\n<meta property=\"og:site_name\" content=\"Caliber Europe B.V.\" \/>\n<meta property=\"article:modified_time\" content=\"2024-07-17T05:41:50+00:00\" \/>\n<meta property=\"og:image\" content=\"https:\/\/b2b.calibereurope.com\/wp-content\/uploads\/2021\/11\/39c10c95449f9c16a47ffe8498668f6b852acf35_mivue_795_camera_back_03_2.jpg\" \/>\n\t<meta property=\"og:image:width\" content=\"1024\" \/>\n\t<meta property=\"og:image:height\" content=\"768\" \/>\n\t<meta property=\"og:image:type\" content=\"image\/jpeg\" \/>\n<meta name=\"twitter:card\" content=\"summary_large_image\" \/>\n<meta name=\"twitter:label1\" content=\"Gesch\u00e4tzte Lesezeit\" \/>\n\t<meta name=\"twitter:data1\" content=\"1\u00a0Minute\" \/>\n<script type=\"application\/ld+json\" class=\"yoast-schema-graph\">{\"@context\":\"https:\/\/schema.org\",\"@graph\":[{\"@type\":\"WebPage\",\"@id\":\"https:\/\/b2b.calibereurope.com\/de\/produkt\/MIVUE-795-de_DE\/\",\"url\":\"https:\/\/b2b.calibereurope.com\/de\/produkt\/MIVUE-795-de_DE\/\",\"name\":\"MIVUE -795 (MIVUE-795) - Caliber Europe B.V.\",\"isPartOf\":{\"@id\":\"https:\/\/b2b.calibereurope.com\/#website\"},\"primaryImageOfPage\":{\"@id\":\"https:\/\/b2b.calibereurope.com\/de\/produkt\/MIVUE-795-de_DE\/#primaryimage\"},\"image\":{\"@id\":\"https:\/\/b2b.calibereurope.com\/de\/produkt\/MIVUE-795-de_DE\/#primaryimage\"},\"thumbnailUrl\":\"https:\/\/b2b.calibereurope.com\/wp-content\/uploads\/2024\/07\/39c10c95449f9c16a47ffe8498668f6b852acf35_mivue_795_camera_back_03_2.jpg\",\"datePublished\":\"2024-07-17T00:00:00+00:00\",\"dateModified\":\"2024-07-17T05:41:50+00:00\",\"breadcrumb\":{\"@id\":\"https:\/\/b2b.calibereurope.com\/de\/produkt\/MIVUE-795-de_DE\/#breadcrumb\"},\"inLanguage\":\"de\",\"potentialAction\":[{\"@type\":\"ReadAction\",\"target\":[\"https:\/\/b2b.calibereurope.com\/de\/produkt\/MIVUE-795-de_DE\/\"]}]},{\"@type\":\"ImageObject\",\"inLanguage\":\"de\",\"@id\":\"https:\/\/b2b.calibereurope.com\/de\/produkt\/MIVUE-795-de_DE\/#primaryimage\",\"url\":\"https:\/\/b2b.calibereurope.com\/wp-content\/uploads\/2024\/07\/39c10c95449f9c16a47ffe8498668f6b852acf35_mivue_795_camera_back_03_2.jpg\",\"contentUrl\":\"https:\/\/b2b.calibereurope.com\/wp-content\/uploads\/2024\/07\/39c10c95449f9c16a47ffe8498668f6b852acf35_mivue_795_camera_back_03_2.jpg\",\"width\":1024,\"height\":768},{\"@type\":\"BreadcrumbList\",\"@id\":\"https:\/\/b2b.calibereurope.com\/de\/produkt\/MIVUE-795-de_DE\/#breadcrumb\",\"itemListElement\":[{\"@type\":\"ListItem\",\"position\":1,\"name\":\"Home\",\"item\":\"https:\/\/b2b.calibereurope.com\/de\/\"},{\"@type\":\"ListItem\",\"position\":2,\"name\":\"Shop\",\"item\":\"https:\/\/b2b.calibereurope.com\/de\/shop\/\"},{\"@type\":\"ListItem\",\"position\":3,\"name\":\"MIVUE -795 (MIVUE-795)\"}]},{\"@type\":\"WebSite\",\"@id\":\"https:\/\/b2b.calibereurope.com\/#website\",\"url\":\"https:\/\/b2b.calibereurope.com\/\",\"name\":\"Caliber Europe B.V.\",\"description\":\"B2B Webshop\",\"publisher\":{\"@id\":\"https:\/\/b2b.calibereurope.com\/#organization\"},\"potentialAction\":[{\"@type\":\"SearchAction\",\"target\":{\"@type\":\"EntryPoint\",\"urlTemplate\":\"https:\/\/b2b.calibereurope.com\/?s={search_term_string}\"},\"query-input\":{\"@type\":\"PropertyValueSpecification\",\"valueRequired\":true,\"valueName\":\"search_term_string\"}}],\"inLanguage\":\"de\"},{\"@type\":\"Organization\",\"@id\":\"https:\/\/b2b.calibereurope.com\/#organization\",\"name\":\"Caliber Europe B.V.\",\"url\":\"https:\/\/b2b.calibereurope.com\/\",\"logo\":{\"@type\":\"ImageObject\",\"inLanguage\":\"de\",\"@id\":\"https:\/\/b2b.calibereurope.com\/#\/schema\/logo\/image\/\",\"url\":\"https:\/\/b2b.calibereurope.com\/wp-content\/uploads\/2020\/12\/Caliber_Logo-Black.png\",\"contentUrl\":\"https:\/\/b2b.calibereurope.com\/wp-content\/uploads\/2020\/12\/Caliber_Logo-Black.png\",\"width\":3157,\"height\":356,\"caption\":\"Caliber Europe B.V.\"},\"image\":{\"@id\":\"https:\/\/b2b.calibereurope.com\/#\/schema\/logo\/image\/\"}}]}<\/script>\n<!-- \/ Yoast SEO plugin. -->","yoast_head_json":{"title":"MIVUE -795 (MIVUE-795) - Caliber Europe B.V.","robots":{"index":"noindex","follow":"follow","max-snippet":"max-snippet:-1","max-image-preview":"max-image-preview:large","max-video-preview":"max-video-preview:-1"},"og_locale":"de_DE","og_type":"article","og_title":"MIVUE -795 (MIVUE-795) - Caliber Europe B.V.","og_description":"Mit dem Mio Mivue 795 verbringen Sie die Umgebung Ihres Autos w\u00e4hrend des Tages und nachts eindeutig. Die niedrig-leichten CMOS-Sensors\u00e4tze &#8211; auch in niedrig hellen Videobildern mit tiefen Farben und einem hohen Kontrast. Das ist n\u00fctzlich, wenn Sie w\u00e4hrend der D\u00e4mmerung an einem Autounfall einbezogen werden. Der G-Sensor nimmt pl\u00f6tzliche Bewegungen direkt an und speichert [&hellip;]","og_url":"https:\/\/b2b.calibereurope.com\/de\/produkt\/MIVUE-795-de_DE\/","og_site_name":"Caliber Europe B.V.","article_modified_time":"2024-07-17T05:41:50+00:00","og_image":[{"width":1024,"height":768,"url":"https:\/\/b2b.calibereurope.com\/wp-content\/uploads\/2021\/11\/39c10c95449f9c16a47ffe8498668f6b852acf35_mivue_795_camera_back_03_2.jpg","type":"image\/jpeg"}],"twitter_card":"summary_large_image","twitter_misc":{"Gesch\u00e4tzte Lesezeit":"1\u00a0Minute"},"schema":{"@context":"https:\/\/schema.org","@graph":[{"@type":"WebPage","@id":"https:\/\/b2b.calibereurope.com\/de\/produkt\/MIVUE-795-de_DE\/","url":"https:\/\/b2b.calibereurope.com\/de\/produkt\/MIVUE-795-de_DE\/","name":"MIVUE -795 (MIVUE-795) - Caliber Europe B.V.","isPartOf":{"@id":"https:\/\/b2b.calibereurope.com\/#website"},"primaryImageOfPage":{"@id":"https:\/\/b2b.calibereurope.com\/de\/produkt\/MIVUE-795-de_DE\/#primaryimage"},"image":{"@id":"https:\/\/b2b.calibereurope.com\/de\/produkt\/MIVUE-795-de_DE\/#primaryimage"},"thumbnailUrl":"https:\/\/b2b.calibereurope.com\/wp-content\/uploads\/2024\/07\/39c10c95449f9c16a47ffe8498668f6b852acf35_mivue_795_camera_back_03_2.jpg","datePublished":"2024-07-17T00:00:00+00:00","dateModified":"2024-07-17T05:41:50+00:00","breadcrumb":{"@id":"https:\/\/b2b.calibereurope.com\/de\/produkt\/MIVUE-795-de_DE\/#breadcrumb"},"inLanguage":"de","potentialAction":[{"@type":"ReadAction","target":["https:\/\/b2b.calibereurope.com\/de\/produkt\/MIVUE-795-de_DE\/"]}]},{"@type":"ImageObject","inLanguage":"de","@id":"https:\/\/b2b.calibereurope.com\/de\/produkt\/MIVUE-795-de_DE\/#primaryimage","url":"https:\/\/b2b.calibereurope.com\/wp-content\/uploads\/2024\/07\/39c10c95449f9c16a47ffe8498668f6b852acf35_mivue_795_camera_back_03_2.jpg","contentUrl":"https:\/\/b2b.calibereurope.com\/wp-content\/uploads\/2024\/07\/39c10c95449f9c16a47ffe8498668f6b852acf35_mivue_795_camera_back_03_2.jpg","width":1024,"height":768},{"@type":"BreadcrumbList","@id":"https:\/\/b2b.calibereurope.com\/de\/produkt\/MIVUE-795-de_DE\/#breadcrumb","itemListElement":[{"@type":"ListItem","position":1,"name":"Home","item":"https:\/\/b2b.calibereurope.com\/de\/"},{"@type":"ListItem","position":2,"name":"Shop","item":"https:\/\/b2b.calibereurope.com\/de\/shop\/"},{"@type":"ListItem","position":3,"name":"MIVUE -795 (MIVUE-795)"}]},{"@type":"WebSite","@id":"https:\/\/b2b.calibereurope.com\/#website","url":"https:\/\/b2b.calibereurope.com\/","name":"Caliber Europe B.V.","description":"B2B Webshop","publisher":{"@id":"https:\/\/b2b.calibereurope.com\/#organization"},"potentialAction":[{"@type":"SearchAction","target":{"@type":"EntryPoint","urlTemplate":"https:\/\/b2b.calibereurope.com\/?s={search_term_string}"},"query-input":{"@type":"PropertyValueSpecification","valueRequired":true,"valueName":"search_term_string"}}],"inLanguage":"de"},{"@type":"Organization","@id":"https:\/\/b2b.calibereurope.com\/#organization","name":"Caliber Europe B.V.","url":"https:\/\/b2b.calibereurope.com\/","logo":{"@type":"ImageObject","inLanguage":"de","@id":"https:\/\/b2b.calibereurope.com\/#\/schema\/logo\/image\/","url":"https:\/\/b2b.calibereurope.com\/wp-content\/uploads\/2020\/12\/Caliber_Logo-Black.png","contentUrl":"https:\/\/b2b.calibereurope.com\/wp-content\/uploads\/2020\/12\/Caliber_Logo-Black.png","width":3157,"height":356,"caption":"Caliber Europe B.V."},"image":{"@id":"https:\/\/b2b.calibereurope.com\/#\/schema\/logo\/image\/"}}]}},"_links":{"self":[{"href":"https:\/\/b2b.calibereurope.com\/de\/wp-json\/wp\/v2\/product\/458572","targetHints":{"allow":["GET"]}}],"collection":[{"href":"https:\/\/b2b.calibereurope.com\/de\/wp-json\/wp\/v2\/product"}],"about":[{"href":"https:\/\/b2b.calibereurope.com\/de\/wp-json\/wp\/v2\/types\/product"}],"version-history":[{"count":0,"href":"https:\/\/b2b.calibereurope.com\/de\/wp-json\/wp\/v2\/product\/458572\/revisions"}],"wp:featuredmedia":[{"embeddable":true,"href":"https:\/\/b2b.calibereurope.com\/de\/wp-json\/wp\/v2\/media\/848641"}],"wp:attachment":[{"href":"https:\/\/b2b.calibereurope.com\/de\/wp-json\/wp\/v2\/media?parent=458572"}],"wp:term":[{"taxonomy":"product_brand","embeddable":true,"href":"https:\/\/b2b.calibereurope.com\/de\/wp-json\/wp\/v2\/product_brand?post=458572"},{"taxonomy":"product_cat","embeddable":true,"href":"https:\/\/b2b.calibereurope.com\/de\/wp-json\/wp\/v2\/product_cat?post=458572"},{"taxonomy":"product_tag","embeddable":true,"href":"https:\/\/b2b.calibereurope.com\/de\/wp-json\/wp\/v2\/product_tag?post=458572"}],"curies":[{"name":"wp","href":"https:\/\/api.w.org\/{rel}","templated":true}]}}