{"id":458611,"date":"2024-07-17T00:00:00","date_gmt":"2024-07-17T00:00:00","guid":{"rendered":""},"modified":"2024-07-17T07:41:56","modified_gmt":"2024-07-17T05:41:56","slug":"MIVUE-C314-de_DE","status":"publish","type":"product","link":"https:\/\/b2b.calibereurope.com\/de\/produkt\/MIVUE-C314-de_DE\/","title":{"rendered":"MIVUE-C314 (MIVUE-C314)"},"content":{"rendered":"<p>Nehmen Sie die Umwelt Ihres Autos in hoher Qualit\u00e4t mit dem Mio-Mivue C314. Die vollst\u00e4ndige HD-Kamera dieses kompakten Dashcams zeichnet 130 Grad Ihrer Umgebung mit einer Bildfrequenz von 30 fps auf. Dieser praktische Autoassistent sieht alle Details von enger und weit aus und Sie k\u00f6nnen besser demonstrieren, was nach einem Unfall passiert ist. Das gibt ein famili\u00e4res Gef\u00fchl. Im Falle einer unerwarteten Aktion, beispielsweise der schnelle Richtungs\u00e4nderung, nimmt der G-Sensor die Bewegungen direkt und die Aufnahmen dieser F\u00f6rderung werden gespeichert. Sie best\u00e4tigen einfach den Mivue C314 in der Windschutzscheibe und dank des intuitiven Men\u00fcs ist Ihr Dashcam innerhalb k\u00fcrzester Zeit einsatzbereit.<\/p>\n","protected":false},"excerpt":{"rendered":"<p>Nehmen Sie die Umwelt Ihres Autos in hoher Qualit\u00e4t mit dem Mio-Mivue C314. Die vollst\u00e4ndige HD-Kamera dieses kompakten Dashcams zeichnet 130 Grad Ihrer Umgebung mit einer Bildfrequenz von 30 fps auf. Dieser praktische Autoassistent sieht alle Details von enger und weit aus und Sie k\u00f6nnen besser demonstrieren, was nach einem Unfall passiert ist. Das gibt [&hellip;]<\/p>\n","protected":false},"featured_media":682826,"template":"","meta":{"_acf_changed":false,"site-sidebar-layout":"default","site-content-layout":"","ast-site-content-layout":"default","site-content-style":"default","site-sidebar-style":"default","ast-global-header-display":"","ast-banner-title-visibility":"","ast-main-header-display":"","ast-hfb-above-header-display":"","ast-hfb-below-header-display":"","ast-hfb-mobile-header-display":"","site-post-title":"","ast-breadcrumbs-content":"","ast-featured-img":"","footer-sml-layout":"","theme-transparent-header-meta":"","adv-header-id-meta":"","stick-header-meta":"","header-above-stick-meta":"","header-main-stick-meta":"","header-below-stick-meta":"","astra-migrate-meta-layouts":"default","ast-page-background-enabled":"default","ast-page-background-meta":{"desktop":{"background-color":"","background-image":"","background-repeat":"repeat","background-position":"center center","background-size":"auto","background-attachment":"scroll","background-type":"","background-media":"","overlay-type":"","overlay-color":"","overlay-opacity":"","overlay-gradient":""},"tablet":{"background-color":"","background-image":"","background-repeat":"repeat","background-position":"center center","background-size":"auto","background-attachment":"scroll","background-type":"","background-media":"","overlay-type":"","overlay-color":"","overlay-opacity":"","overlay-gradient":""},"mobile":{"background-color":"","background-image":"","background-repeat":"repeat","background-position":"center center","background-size":"auto","background-attachment":"scroll","background-type":"","background-media":"","overlay-type":"","overlay-color":"","overlay-opacity":"","overlay-gradient":""}},"ast-content-background-meta":{"desktop":{"background-color":"var(--ast-global-color-5)","background-image":"","background-repeat":"repeat","background-position":"center center","background-size":"auto","background-attachment":"scroll","background-type":"","background-media":"","overlay-type":"","overlay-color":"","overlay-opacity":"","overlay-gradient":""},"tablet":{"background-color":"var(--ast-global-color-5)","background-image":"","background-repeat":"repeat","background-position":"center center","background-size":"auto","background-attachment":"scroll","background-type":"","background-media":"","overlay-type":"","overlay-color":"","overlay-opacity":"","overlay-gradient":""},"mobile":{"background-color":"var(--ast-global-color-5)","background-image":"","background-repeat":"repeat","background-position":"center center","background-size":"auto","background-attachment":"scroll","background-type":"","background-media":"","overlay-type":"","overlay-color":"","overlay-opacity":"","overlay-gradient":""}}},"product_brand":[],"product_cat":[12183,12191],"product_tag":[11593],"class_list":{"0":"post-458611","1":"product","2":"type-product","3":"status-publish","4":"has-post-thumbnail","6":"product_cat-beeld_de_de","7":"product_cat-dashcams_de_de","8":"product_tag-mio-de","9":"desktop-align-center","10":"tablet-align-center","11":"mobile-align-center","12":"ast-product-gallery-layout-horizontal","13":"ast-product-tabs-layout-horizontal","15":"first","16":"outofstock","17":"taxable","18":"shipping-taxable","19":"purchasable","20":"product-type-simple"},"acf":[],"yoast_head":"<!-- This site is optimized with the Yoast SEO plugin v26.5 - https:\/\/yoast.com\/wordpress\/plugins\/seo\/ -->\n<title>MIVUE-C314 (MIVUE-C314) - Caliber Europe B.V.<\/title>\n<meta name=\"robots\" content=\"noindex, follow, max-snippet:-1, max-image-preview:large, max-video-preview:-1\" \/>\n<meta property=\"og:locale\" content=\"de_DE\" \/>\n<meta property=\"og:type\" content=\"article\" \/>\n<meta property=\"og:title\" content=\"MIVUE-C314 (MIVUE-C314) - Caliber Europe B.V.\" \/>\n<meta property=\"og:description\" content=\"Nehmen Sie die Umwelt Ihres Autos in hoher Qualit\u00e4t mit dem Mio-Mivue C314. Die vollst\u00e4ndige HD-Kamera dieses kompakten Dashcams zeichnet 130 Grad Ihrer Umgebung mit einer Bildfrequenz von 30 fps auf. Dieser praktische Autoassistent sieht alle Details von enger und weit aus und Sie k\u00f6nnen besser demonstrieren, was nach einem Unfall passiert ist. Das gibt [&hellip;]\" \/>\n<meta property=\"og:url\" content=\"https:\/\/b2b.calibereurope.com\/de\/produkt\/MIVUE-C314-de_DE\/\" \/>\n<meta property=\"og:site_name\" content=\"Caliber Europe B.V.\" \/>\n<meta property=\"article:modified_time\" content=\"2024-07-17T05:41:56+00:00\" \/>\n<meta property=\"og:image\" content=\"https:\/\/b2b.calibereurope.com\/wp-content\/uploads\/2021\/11\/4ac2f63284c8ef152cecd231100151d00223aad7_MIVue_C314_together.jpg\" \/>\n\t<meta property=\"og:image:width\" content=\"1024\" \/>\n\t<meta property=\"og:image:height\" content=\"768\" \/>\n\t<meta property=\"og:image:type\" content=\"image\/jpeg\" \/>\n<meta name=\"twitter:card\" content=\"summary_large_image\" \/>\n<meta name=\"twitter:label1\" content=\"Gesch\u00e4tzte Lesezeit\" \/>\n\t<meta name=\"twitter:data1\" content=\"1\u00a0Minute\" \/>\n<script type=\"application\/ld+json\" class=\"yoast-schema-graph\">{\"@context\":\"https:\/\/schema.org\",\"@graph\":[{\"@type\":\"WebPage\",\"@id\":\"https:\/\/b2b.calibereurope.com\/de\/produkt\/MIVUE-C314-de_DE\/\",\"url\":\"https:\/\/b2b.calibereurope.com\/de\/produkt\/MIVUE-C314-de_DE\/\",\"name\":\"MIVUE-C314 (MIVUE-C314) - Caliber Europe B.V.\",\"isPartOf\":{\"@id\":\"https:\/\/b2b.calibereurope.com\/#website\"},\"primaryImageOfPage\":{\"@id\":\"https:\/\/b2b.calibereurope.com\/de\/produkt\/MIVUE-C314-de_DE\/#primaryimage\"},\"image\":{\"@id\":\"https:\/\/b2b.calibereurope.com\/de\/produkt\/MIVUE-C314-de_DE\/#primaryimage\"},\"thumbnailUrl\":\"https:\/\/b2b.calibereurope.com\/wp-content\/uploads\/2022\/05\/4ac2f63284c8ef152cecd231100151d00223aad7_MIVue_C314_together.jpg\",\"datePublished\":\"2024-07-17T00:00:00+00:00\",\"dateModified\":\"2024-07-17T05:41:56+00:00\",\"breadcrumb\":{\"@id\":\"https:\/\/b2b.calibereurope.com\/de\/produkt\/MIVUE-C314-de_DE\/#breadcrumb\"},\"inLanguage\":\"de\",\"potentialAction\":[{\"@type\":\"ReadAction\",\"target\":[\"https:\/\/b2b.calibereurope.com\/de\/produkt\/MIVUE-C314-de_DE\/\"]}]},{\"@type\":\"ImageObject\",\"inLanguage\":\"de\",\"@id\":\"https:\/\/b2b.calibereurope.com\/de\/produkt\/MIVUE-C314-de_DE\/#primaryimage\",\"url\":\"https:\/\/b2b.calibereurope.com\/wp-content\/uploads\/2022\/05\/4ac2f63284c8ef152cecd231100151d00223aad7_MIVue_C314_together.jpg\",\"contentUrl\":\"https:\/\/b2b.calibereurope.com\/wp-content\/uploads\/2022\/05\/4ac2f63284c8ef152cecd231100151d00223aad7_MIVue_C314_together.jpg\",\"width\":1024,\"height\":768},{\"@type\":\"BreadcrumbList\",\"@id\":\"https:\/\/b2b.calibereurope.com\/de\/produkt\/MIVUE-C314-de_DE\/#breadcrumb\",\"itemListElement\":[{\"@type\":\"ListItem\",\"position\":1,\"name\":\"Home\",\"item\":\"https:\/\/b2b.calibereurope.com\/de\/\"},{\"@type\":\"ListItem\",\"position\":2,\"name\":\"Shop\",\"item\":\"https:\/\/b2b.calibereurope.com\/de\/shop\/\"},{\"@type\":\"ListItem\",\"position\":3,\"name\":\"MIVUE-C314 (MIVUE-C314)\"}]},{\"@type\":\"WebSite\",\"@id\":\"https:\/\/b2b.calibereurope.com\/#website\",\"url\":\"https:\/\/b2b.calibereurope.com\/\",\"name\":\"Caliber Europe B.V.\",\"description\":\"B2B Webshop\",\"publisher\":{\"@id\":\"https:\/\/b2b.calibereurope.com\/#organization\"},\"potentialAction\":[{\"@type\":\"SearchAction\",\"target\":{\"@type\":\"EntryPoint\",\"urlTemplate\":\"https:\/\/b2b.calibereurope.com\/?s={search_term_string}\"},\"query-input\":{\"@type\":\"PropertyValueSpecification\",\"valueRequired\":true,\"valueName\":\"search_term_string\"}}],\"inLanguage\":\"de\"},{\"@type\":\"Organization\",\"@id\":\"https:\/\/b2b.calibereurope.com\/#organization\",\"name\":\"Caliber Europe B.V.\",\"url\":\"https:\/\/b2b.calibereurope.com\/\",\"logo\":{\"@type\":\"ImageObject\",\"inLanguage\":\"de\",\"@id\":\"https:\/\/b2b.calibereurope.com\/#\/schema\/logo\/image\/\",\"url\":\"https:\/\/b2b.calibereurope.com\/wp-content\/uploads\/2020\/12\/Caliber_Logo-Black.png\",\"contentUrl\":\"https:\/\/b2b.calibereurope.com\/wp-content\/uploads\/2020\/12\/Caliber_Logo-Black.png\",\"width\":3157,\"height\":356,\"caption\":\"Caliber Europe B.V.\"},\"image\":{\"@id\":\"https:\/\/b2b.calibereurope.com\/#\/schema\/logo\/image\/\"}}]}<\/script>\n<!-- \/ Yoast SEO plugin. -->","yoast_head_json":{"title":"MIVUE-C314 (MIVUE-C314) - Caliber Europe B.V.","robots":{"index":"noindex","follow":"follow","max-snippet":"max-snippet:-1","max-image-preview":"max-image-preview:large","max-video-preview":"max-video-preview:-1"},"og_locale":"de_DE","og_type":"article","og_title":"MIVUE-C314 (MIVUE-C314) - Caliber Europe B.V.","og_description":"Nehmen Sie die Umwelt Ihres Autos in hoher Qualit\u00e4t mit dem Mio-Mivue C314. Die vollst\u00e4ndige HD-Kamera dieses kompakten Dashcams zeichnet 130 Grad Ihrer Umgebung mit einer Bildfrequenz von 30 fps auf. Dieser praktische Autoassistent sieht alle Details von enger und weit aus und Sie k\u00f6nnen besser demonstrieren, was nach einem Unfall passiert ist. Das gibt [&hellip;]","og_url":"https:\/\/b2b.calibereurope.com\/de\/produkt\/MIVUE-C314-de_DE\/","og_site_name":"Caliber Europe B.V.","article_modified_time":"2024-07-17T05:41:56+00:00","og_image":[{"width":1024,"height":768,"url":"https:\/\/b2b.calibereurope.com\/wp-content\/uploads\/2021\/11\/4ac2f63284c8ef152cecd231100151d00223aad7_MIVue_C314_together.jpg","type":"image\/jpeg"}],"twitter_card":"summary_large_image","twitter_misc":{"Gesch\u00e4tzte Lesezeit":"1\u00a0Minute"},"schema":{"@context":"https:\/\/schema.org","@graph":[{"@type":"WebPage","@id":"https:\/\/b2b.calibereurope.com\/de\/produkt\/MIVUE-C314-de_DE\/","url":"https:\/\/b2b.calibereurope.com\/de\/produkt\/MIVUE-C314-de_DE\/","name":"MIVUE-C314 (MIVUE-C314) - Caliber Europe B.V.","isPartOf":{"@id":"https:\/\/b2b.calibereurope.com\/#website"},"primaryImageOfPage":{"@id":"https:\/\/b2b.calibereurope.com\/de\/produkt\/MIVUE-C314-de_DE\/#primaryimage"},"image":{"@id":"https:\/\/b2b.calibereurope.com\/de\/produkt\/MIVUE-C314-de_DE\/#primaryimage"},"thumbnailUrl":"https:\/\/b2b.calibereurope.com\/wp-content\/uploads\/2022\/05\/4ac2f63284c8ef152cecd231100151d00223aad7_MIVue_C314_together.jpg","datePublished":"2024-07-17T00:00:00+00:00","dateModified":"2024-07-17T05:41:56+00:00","breadcrumb":{"@id":"https:\/\/b2b.calibereurope.com\/de\/produkt\/MIVUE-C314-de_DE\/#breadcrumb"},"inLanguage":"de","potentialAction":[{"@type":"ReadAction","target":["https:\/\/b2b.calibereurope.com\/de\/produkt\/MIVUE-C314-de_DE\/"]}]},{"@type":"ImageObject","inLanguage":"de","@id":"https:\/\/b2b.calibereurope.com\/de\/produkt\/MIVUE-C314-de_DE\/#primaryimage","url":"https:\/\/b2b.calibereurope.com\/wp-content\/uploads\/2022\/05\/4ac2f63284c8ef152cecd231100151d00223aad7_MIVue_C314_together.jpg","contentUrl":"https:\/\/b2b.calibereurope.com\/wp-content\/uploads\/2022\/05\/4ac2f63284c8ef152cecd231100151d00223aad7_MIVue_C314_together.jpg","width":1024,"height":768},{"@type":"BreadcrumbList","@id":"https:\/\/b2b.calibereurope.com\/de\/produkt\/MIVUE-C314-de_DE\/#breadcrumb","itemListElement":[{"@type":"ListItem","position":1,"name":"Home","item":"https:\/\/b2b.calibereurope.com\/de\/"},{"@type":"ListItem","position":2,"name":"Shop","item":"https:\/\/b2b.calibereurope.com\/de\/shop\/"},{"@type":"ListItem","position":3,"name":"MIVUE-C314 (MIVUE-C314)"}]},{"@type":"WebSite","@id":"https:\/\/b2b.calibereurope.com\/#website","url":"https:\/\/b2b.calibereurope.com\/","name":"Caliber Europe B.V.","description":"B2B Webshop","publisher":{"@id":"https:\/\/b2b.calibereurope.com\/#organization"},"potentialAction":[{"@type":"SearchAction","target":{"@type":"EntryPoint","urlTemplate":"https:\/\/b2b.calibereurope.com\/?s={search_term_string}"},"query-input":{"@type":"PropertyValueSpecification","valueRequired":true,"valueName":"search_term_string"}}],"inLanguage":"de"},{"@type":"Organization","@id":"https:\/\/b2b.calibereurope.com\/#organization","name":"Caliber Europe B.V.","url":"https:\/\/b2b.calibereurope.com\/","logo":{"@type":"ImageObject","inLanguage":"de","@id":"https:\/\/b2b.calibereurope.com\/#\/schema\/logo\/image\/","url":"https:\/\/b2b.calibereurope.com\/wp-content\/uploads\/2020\/12\/Caliber_Logo-Black.png","contentUrl":"https:\/\/b2b.calibereurope.com\/wp-content\/uploads\/2020\/12\/Caliber_Logo-Black.png","width":3157,"height":356,"caption":"Caliber Europe B.V."},"image":{"@id":"https:\/\/b2b.calibereurope.com\/#\/schema\/logo\/image\/"}}]}},"_links":{"self":[{"href":"https:\/\/b2b.calibereurope.com\/de\/wp-json\/wp\/v2\/product\/458611","targetHints":{"allow":["GET"]}}],"collection":[{"href":"https:\/\/b2b.calibereurope.com\/de\/wp-json\/wp\/v2\/product"}],"about":[{"href":"https:\/\/b2b.calibereurope.com\/de\/wp-json\/wp\/v2\/types\/product"}],"version-history":[{"count":0,"href":"https:\/\/b2b.calibereurope.com\/de\/wp-json\/wp\/v2\/product\/458611\/revisions"}],"wp:featuredmedia":[{"embeddable":true,"href":"https:\/\/b2b.calibereurope.com\/de\/wp-json\/wp\/v2\/media\/682826"}],"wp:attachment":[{"href":"https:\/\/b2b.calibereurope.com\/de\/wp-json\/wp\/v2\/media?parent=458611"}],"wp:term":[{"taxonomy":"product_brand","embeddable":true,"href":"https:\/\/b2b.calibereurope.com\/de\/wp-json\/wp\/v2\/product_brand?post=458611"},{"taxonomy":"product_cat","embeddable":true,"href":"https:\/\/b2b.calibereurope.com\/de\/wp-json\/wp\/v2\/product_cat?post=458611"},{"taxonomy":"product_tag","embeddable":true,"href":"https:\/\/b2b.calibereurope.com\/de\/wp-json\/wp\/v2\/product_tag?post=458611"}],"curies":[{"name":"wp","href":"https:\/\/api.w.org\/{rel}","templated":true}]}}