{"id":475669,"date":"2025-01-15T01:00:00","date_gmt":"2025-01-15T00:00:00","guid":{"rendered":""},"modified":"2025-01-15T08:44:46","modified_gmt":"2025-01-15T07:44:46","slug":"HBT-BR30-STARTPACK-de_DE","status":"publish","type":"product","link":"https:\/\/b2b.calibereurope.com\/de\/produkt\/HBT-BR30-STARTPACK-de_DE\/","title":{"rendered":"Intelligente Gl\u00fchbirne &#8211; Starterpaket &#8211; BR30 &#8211; Farben RGB und Wei\u00df (HBT-BR30-STARTPACK)"},"content":{"rendered":"<p class=\"MsoNormal\">Entscheiden Sie sich f\u00fcr das Smart Light Starterpaket und<br \/>\nSie erhalten drei intelligente Leuchten mit E27-Fassung (BR30-Lampenmodell)<br \/>\ninklusive Gateway in einem vorteilhaften Paket. Sie k\u00f6nnen Ihren Raum mit sehr<br \/>\nhellem wei\u00dfem Licht beleuchten, mit warmem Wei\u00df eine gem\u00fctliche, warme<br \/>\nAtmosph\u00e4re schaffen oder sich f\u00fcr eine Farbe Ihrer Wahl entscheiden. Diese<br \/>\nintelligenten Leuchten liefern wei\u00dfes Licht mit einer Farbtemperatur von 2700K<br \/>\n(warmwei\u00df) bis 9000K (kaltwei\u00df). Dar\u00fcber hinaus k\u00f6nnen Sie die Lampen in jeder<br \/>\ngew\u00fcnschten Farbe leuchten lassen. Alle Lampen enthalten standardm\u00e4\u00dfig<br \/>\nRGB-LEDs.<o:p><\/o:p><\/p>\n<p class=\"MsoNormal\"><o:p>&nbsp;<\/o:p><\/p>\n<p class=\"MsoNormal\">Diese LED-Lampen haben eine Wattzahl von 9 Watt, eine<br \/>\nHelligkeit von 720 Lumen<o:p><\/o:p><\/p>\n<p class=\"MsoNormal\"><o:p>&nbsp;<\/o:p><\/p>\n<p class=\"MsoNormal\">Stets steuerbar \u00fcber Smartphone oder Tablet<o:p><\/o:p><\/p>\n<p class=\"MsoNormal\"><o:p>&nbsp;<\/o:p><\/p>\n<p class=\"MsoNormal\">M\u00f6chten Sie die intelligente Beleuchtung im Freien<br \/>\nbetreiben? Dann brauchen Sie Internet. Mit Hilfe des Caliber Smart Light<br \/>\nGateways verbindet sich das Bluetooth-Mesh-Netzwerk \u00fcber Wi-Fi mit dem<br \/>\nInternet. Auf diese Weise k\u00f6nnen Sie Ihr intelligentes Licht von \u00fcberall aus<br \/>\nsteuern, auch im Freien. Denken Sie zum Beispiel an Ihre Urlaubsadresse oder an<br \/>\neinen Abend im Freien. Wie funktioniert das genau?<o:p><\/o:p><\/p>\n<p class=\"MsoNormal\"><o:p>&nbsp;<\/o:p><\/p>\n<p class=\"MsoNormal\">1.&nbsp;&nbsp;&nbsp;&nbsp; Installieren<br \/>\nSie die kostenlose Caliber Smart Home-App und verwenden Sie sie, um das Gateway<br \/>\nzu installieren.<o:p><\/o:p><\/p>\n<p class=\"MsoNormal\">2.&nbsp;&nbsp;&nbsp;&nbsp; Verbinden Sie<br \/>\ndann die gew\u00fcnschte intelligente Leuchte \u00fcber dieses Gateway.<o:p><\/o:p><\/p>\n<p class=\"MsoNormal\">3.&nbsp;&nbsp;&nbsp;&nbsp; \u00dcber das<br \/>\nGateway verbindet sich das Bluetooth-Mesh-Netzwerk \u00fcber Wi-Fi mit dem Internet,<br \/>\nund Sie k\u00f6nnen die intelligenten Leuchten bedienen, wo immer Sie sind.<o:p><\/o:p><\/p>\n<p class=\"MsoNormal\"><o:p>&nbsp;<\/o:p><\/p>\n<p class=\"MsoNormal\">&nbsp;Auf diese Weise<br \/>\nk\u00f6nnen Produkte innerhalb des Bluetooth Mesh-Netzwerks arbeiten, ohne sich in<br \/>\nReichweite des Wi-Fi-Signals zu befinden. Solange sich das Gateway in<br \/>\nReichweite Ihres Wi-Fi-Signals befindet, kann das Caliber Smart Light von<br \/>\n\u00fcberall auf der Welt gesteuert werden.<o:p><\/o:p><\/p>\n<p class=\"MsoNormal\"><o:p>&nbsp;<\/o:p><\/p>\n<p class=\"MsoNormal\">&nbsp;Entdecken Sie die App<br \/>\nund gehen Sie auf die Suche nach Ihrem &#8222;perfekten Licht<o:p><\/o:p><\/p>\n<\/p>\n<p class=\"MsoNormal\">\u00dcber die Caliber Smart Home App k\u00f6nnen Sie jedes einzelne<br \/>\nintelligente Licht automatisch einstellen. Pro Lampe legen Sie fest, wann sie<br \/>\nein- oder ausgeschaltet sein soll. So k\u00f6nnen Sie unsere intelligenten Leuchten<br \/>\nbei Sonnenuntergang automatisch ein- und bei Sonnenaufgang ausschalten lassen.<br \/>\nOder Sie k\u00f6nnen das Licht automatisch einschalten, wenn Sie sich Ihrer Wohnung<br \/>\nn\u00e4hern, und es ausschalten, wenn Sie sie verlassen. \u00dcber die Caliber Smart Home<br \/>\nApp haben Sie immer die Kontrolle. Nat\u00fcrlich kann man in der App die<br \/>\ninstallierten Leuchten mit der Familie oder Freunden teilen, so dass jeder die<br \/>\nintelligente Beleuchtung bedienen kann.<o:p><\/o:p><\/p>\n","protected":false},"excerpt":{"rendered":"<p>Entscheiden Sie sich f\u00fcr das Smart Light Starterpaket und Sie erhalten drei intelligente Leuchten mit E27-Fassung (BR30-Lampenmodell) inklusive Gateway in einem vorteilhaften Paket. Sie k\u00f6nnen Ihren Raum mit sehr hellem wei\u00dfem Licht beleuchten, mit warmem Wei\u00df eine gem\u00fctliche, warme Atmosph\u00e4re schaffen oder sich f\u00fcr eine Farbe Ihrer Wahl entscheiden. Diese intelligenten Leuchten liefern wei\u00dfes Licht [&hellip;]<\/p>\n","protected":false},"featured_media":853786,"template":"","meta":{"_acf_changed":false,"site-sidebar-layout":"default","site-content-layout":"","ast-site-content-layout":"default","site-content-style":"default","site-sidebar-style":"default","ast-global-header-display":"","ast-banner-title-visibility":"","ast-main-header-display":"","ast-hfb-above-header-display":"","ast-hfb-below-header-display":"","ast-hfb-mobile-header-display":"","site-post-title":"","ast-breadcrumbs-content":"","ast-featured-img":"","footer-sml-layout":"","theme-transparent-header-meta":"","adv-header-id-meta":"","stick-header-meta":"","header-above-stick-meta":"","header-main-stick-meta":"","header-below-stick-meta":"","astra-migrate-meta-layouts":"default","ast-page-background-enabled":"default","ast-page-background-meta":{"desktop":{"background-color":"","background-image":"","background-repeat":"repeat","background-position":"center center","background-size":"auto","background-attachment":"scroll","background-type":"","background-media":"","overlay-type":"","overlay-color":"","overlay-opacity":"","overlay-gradient":""},"tablet":{"background-color":"","background-image":"","background-repeat":"repeat","background-position":"center center","background-size":"auto","background-attachment":"scroll","background-type":"","background-media":"","overlay-type":"","overlay-color":"","overlay-opacity":"","overlay-gradient":""},"mobile":{"background-color":"","background-image":"","background-repeat":"repeat","background-position":"center center","background-size":"auto","background-attachment":"scroll","background-type":"","background-media":"","overlay-type":"","overlay-color":"","overlay-opacity":"","overlay-gradient":""}},"ast-content-background-meta":{"desktop":{"background-color":"var(--ast-global-color-5)","background-image":"","background-repeat":"repeat","background-position":"center center","background-size":"auto","background-attachment":"scroll","background-type":"","background-media":"","overlay-type":"","overlay-color":"","overlay-opacity":"","overlay-gradient":""},"tablet":{"background-color":"var(--ast-global-color-5)","background-image":"","background-repeat":"repeat","background-position":"center center","background-size":"auto","background-attachment":"scroll","background-type":"","background-media":"","overlay-type":"","overlay-color":"","overlay-opacity":"","overlay-gradient":""},"mobile":{"background-color":"var(--ast-global-color-5)","background-image":"","background-repeat":"repeat","background-position":"center center","background-size":"auto","background-attachment":"scroll","background-type":"","background-media":"","overlay-type":"","overlay-color":"","overlay-opacity":"","overlay-gradient":""}}},"product_brand":[],"product_cat":[22956],"product_tag":[],"class_list":{"0":"post-475669","1":"product","2":"type-product","3":"status-publish","4":"has-post-thumbnail","6":"product_cat-keine-kategorie","7":"desktop-align-center","8":"tablet-align-center","9":"mobile-align-center","10":"ast-product-gallery-layout-horizontal","11":"ast-product-tabs-layout-horizontal","13":"first","14":"instock","15":"taxable","16":"shipping-taxable","17":"purchasable","18":"product-type-simple"},"acf":[],"yoast_head":"<!-- This site is optimized with the Yoast SEO plugin v26.5 - https:\/\/yoast.com\/wordpress\/plugins\/seo\/ -->\n<title>Intelligente Gl\u00fchbirne - Starterpaket - BR30 - Farben RGB und Wei\u00df (HBT-BR30-STARTPACK) - Caliber Europe B.V.<\/title>\n<meta name=\"robots\" content=\"noindex, follow, max-snippet:-1, max-image-preview:large, max-video-preview:-1\" \/>\n<meta property=\"og:locale\" content=\"de_DE\" \/>\n<meta property=\"og:type\" content=\"article\" \/>\n<meta property=\"og:title\" content=\"Intelligente Gl\u00fchbirne - Starterpaket - BR30 - Farben RGB und Wei\u00df (HBT-BR30-STARTPACK) - Caliber Europe B.V.\" \/>\n<meta property=\"og:description\" content=\"Entscheiden Sie sich f\u00fcr das Smart Light Starterpaket und Sie erhalten drei intelligente Leuchten mit E27-Fassung (BR30-Lampenmodell) inklusive Gateway in einem vorteilhaften Paket. Sie k\u00f6nnen Ihren Raum mit sehr hellem wei\u00dfem Licht beleuchten, mit warmem Wei\u00df eine gem\u00fctliche, warme Atmosph\u00e4re schaffen oder sich f\u00fcr eine Farbe Ihrer Wahl entscheiden. Diese intelligenten Leuchten liefern wei\u00dfes Licht [&hellip;]\" \/>\n<meta property=\"og:url\" content=\"https:\/\/b2b.calibereurope.com\/de\/produkt\/hbt-br30-startpack-de_de\/\" \/>\n<meta property=\"og:site_name\" content=\"Caliber Europe B.V.\" \/>\n<meta property=\"article:modified_time\" content=\"2025-01-15T07:44:46+00:00\" \/>\n<meta property=\"og:image\" content=\"https:\/\/b2b.calibereurope.com\/wp-content\/uploads\/2021\/09\/48efabece54cdf2f3ec4dc2651298dd38d3f8471_HBT_BR30_STARTPACK_verpakking.jpg\" \/>\n\t<meta property=\"og:image:width\" content=\"1024\" \/>\n\t<meta property=\"og:image:height\" content=\"768\" \/>\n\t<meta property=\"og:image:type\" content=\"image\/jpeg\" \/>\n<meta name=\"twitter:card\" content=\"summary_large_image\" \/>\n<meta name=\"twitter:label1\" content=\"Gesch\u00e4tzte Lesezeit\" \/>\n\t<meta name=\"twitter:data1\" content=\"2\u00a0Minuten\" \/>\n<script type=\"application\/ld+json\" class=\"yoast-schema-graph\">{\"@context\":\"https:\/\/schema.org\",\"@graph\":[{\"@type\":\"WebPage\",\"@id\":\"https:\/\/b2b.calibereurope.com\/de\/produkt\/hbt-br30-startpack-de_de\/\",\"url\":\"https:\/\/b2b.calibereurope.com\/de\/produkt\/hbt-br30-startpack-de_de\/\",\"name\":\"Intelligente Gl\u00fchbirne - Starterpaket - BR30 - Farben RGB und Wei\u00df (HBT-BR30-STARTPACK) - Caliber Europe B.V.\",\"isPartOf\":{\"@id\":\"https:\/\/b2b.calibereurope.com\/#website\"},\"primaryImageOfPage\":{\"@id\":\"https:\/\/b2b.calibereurope.com\/de\/produkt\/hbt-br30-startpack-de_de\/#primaryimage\"},\"image\":{\"@id\":\"https:\/\/b2b.calibereurope.com\/de\/produkt\/hbt-br30-startpack-de_de\/#primaryimage\"},\"thumbnailUrl\":\"https:\/\/b2b.calibereurope.com\/wp-content\/uploads\/2025\/01\/48efabece54cdf2f3ec4dc2651298dd38d3f8471_HBT_BR30_STARTPACK_verpakking.jpg\",\"datePublished\":\"2025-01-15T00:00:00+00:00\",\"dateModified\":\"2025-01-15T07:44:46+00:00\",\"breadcrumb\":{\"@id\":\"https:\/\/b2b.calibereurope.com\/de\/produkt\/hbt-br30-startpack-de_de\/#breadcrumb\"},\"inLanguage\":\"de\",\"potentialAction\":[{\"@type\":\"ReadAction\",\"target\":[\"https:\/\/b2b.calibereurope.com\/de\/produkt\/hbt-br30-startpack-de_de\/\"]}]},{\"@type\":\"ImageObject\",\"inLanguage\":\"de\",\"@id\":\"https:\/\/b2b.calibereurope.com\/de\/produkt\/hbt-br30-startpack-de_de\/#primaryimage\",\"url\":\"https:\/\/b2b.calibereurope.com\/wp-content\/uploads\/2025\/01\/48efabece54cdf2f3ec4dc2651298dd38d3f8471_HBT_BR30_STARTPACK_verpakking.jpg\",\"contentUrl\":\"https:\/\/b2b.calibereurope.com\/wp-content\/uploads\/2025\/01\/48efabece54cdf2f3ec4dc2651298dd38d3f8471_HBT_BR30_STARTPACK_verpakking.jpg\",\"width\":1024,\"height\":768},{\"@type\":\"BreadcrumbList\",\"@id\":\"https:\/\/b2b.calibereurope.com\/de\/produkt\/hbt-br30-startpack-de_de\/#breadcrumb\",\"itemListElement\":[{\"@type\":\"ListItem\",\"position\":1,\"name\":\"Home\",\"item\":\"https:\/\/b2b.calibereurope.com\/de\/\"},{\"@type\":\"ListItem\",\"position\":2,\"name\":\"Shop\",\"item\":\"https:\/\/b2b.calibereurope.com\/de\/shop\/\"},{\"@type\":\"ListItem\",\"position\":3,\"name\":\"Smart Lampen-Starter-Paket (HBT-BR30-STARTPACK)\"}]},{\"@type\":\"WebSite\",\"@id\":\"https:\/\/b2b.calibereurope.com\/#website\",\"url\":\"https:\/\/b2b.calibereurope.com\/\",\"name\":\"Caliber Europe B.V.\",\"description\":\"B2B Webshop\",\"publisher\":{\"@id\":\"https:\/\/b2b.calibereurope.com\/#organization\"},\"potentialAction\":[{\"@type\":\"SearchAction\",\"target\":{\"@type\":\"EntryPoint\",\"urlTemplate\":\"https:\/\/b2b.calibereurope.com\/?s={search_term_string}\"},\"query-input\":{\"@type\":\"PropertyValueSpecification\",\"valueRequired\":true,\"valueName\":\"search_term_string\"}}],\"inLanguage\":\"de\"},{\"@type\":\"Organization\",\"@id\":\"https:\/\/b2b.calibereurope.com\/#organization\",\"name\":\"Caliber Europe B.V.\",\"url\":\"https:\/\/b2b.calibereurope.com\/\",\"logo\":{\"@type\":\"ImageObject\",\"inLanguage\":\"de\",\"@id\":\"https:\/\/b2b.calibereurope.com\/#\/schema\/logo\/image\/\",\"url\":\"https:\/\/b2b.calibereurope.com\/wp-content\/uploads\/2020\/12\/Caliber_Logo-Black.png\",\"contentUrl\":\"https:\/\/b2b.calibereurope.com\/wp-content\/uploads\/2020\/12\/Caliber_Logo-Black.png\",\"width\":3157,\"height\":356,\"caption\":\"Caliber Europe B.V.\"},\"image\":{\"@id\":\"https:\/\/b2b.calibereurope.com\/#\/schema\/logo\/image\/\"}}]}<\/script>\n<!-- \/ Yoast SEO plugin. -->","yoast_head_json":{"title":"Intelligente Gl\u00fchbirne - Starterpaket - BR30 - Farben RGB und Wei\u00df (HBT-BR30-STARTPACK) - Caliber Europe B.V.","robots":{"index":"noindex","follow":"follow","max-snippet":"max-snippet:-1","max-image-preview":"max-image-preview:large","max-video-preview":"max-video-preview:-1"},"og_locale":"de_DE","og_type":"article","og_title":"Intelligente Gl\u00fchbirne - Starterpaket - BR30 - Farben RGB und Wei\u00df (HBT-BR30-STARTPACK) - Caliber Europe B.V.","og_description":"Entscheiden Sie sich f\u00fcr das Smart Light Starterpaket und Sie erhalten drei intelligente Leuchten mit E27-Fassung (BR30-Lampenmodell) inklusive Gateway in einem vorteilhaften Paket. Sie k\u00f6nnen Ihren Raum mit sehr hellem wei\u00dfem Licht beleuchten, mit warmem Wei\u00df eine gem\u00fctliche, warme Atmosph\u00e4re schaffen oder sich f\u00fcr eine Farbe Ihrer Wahl entscheiden. Diese intelligenten Leuchten liefern wei\u00dfes Licht [&hellip;]","og_url":"https:\/\/b2b.calibereurope.com\/de\/produkt\/hbt-br30-startpack-de_de\/","og_site_name":"Caliber Europe B.V.","article_modified_time":"2025-01-15T07:44:46+00:00","og_image":[{"width":1024,"height":768,"url":"https:\/\/b2b.calibereurope.com\/wp-content\/uploads\/2021\/09\/48efabece54cdf2f3ec4dc2651298dd38d3f8471_HBT_BR30_STARTPACK_verpakking.jpg","type":"image\/jpeg"}],"twitter_card":"summary_large_image","twitter_misc":{"Gesch\u00e4tzte Lesezeit":"2\u00a0Minuten"},"schema":{"@context":"https:\/\/schema.org","@graph":[{"@type":"WebPage","@id":"https:\/\/b2b.calibereurope.com\/de\/produkt\/hbt-br30-startpack-de_de\/","url":"https:\/\/b2b.calibereurope.com\/de\/produkt\/hbt-br30-startpack-de_de\/","name":"Intelligente Gl\u00fchbirne - Starterpaket - BR30 - Farben RGB und Wei\u00df (HBT-BR30-STARTPACK) - Caliber Europe B.V.","isPartOf":{"@id":"https:\/\/b2b.calibereurope.com\/#website"},"primaryImageOfPage":{"@id":"https:\/\/b2b.calibereurope.com\/de\/produkt\/hbt-br30-startpack-de_de\/#primaryimage"},"image":{"@id":"https:\/\/b2b.calibereurope.com\/de\/produkt\/hbt-br30-startpack-de_de\/#primaryimage"},"thumbnailUrl":"https:\/\/b2b.calibereurope.com\/wp-content\/uploads\/2025\/01\/48efabece54cdf2f3ec4dc2651298dd38d3f8471_HBT_BR30_STARTPACK_verpakking.jpg","datePublished":"2025-01-15T00:00:00+00:00","dateModified":"2025-01-15T07:44:46+00:00","breadcrumb":{"@id":"https:\/\/b2b.calibereurope.com\/de\/produkt\/hbt-br30-startpack-de_de\/#breadcrumb"},"inLanguage":"de","potentialAction":[{"@type":"ReadAction","target":["https:\/\/b2b.calibereurope.com\/de\/produkt\/hbt-br30-startpack-de_de\/"]}]},{"@type":"ImageObject","inLanguage":"de","@id":"https:\/\/b2b.calibereurope.com\/de\/produkt\/hbt-br30-startpack-de_de\/#primaryimage","url":"https:\/\/b2b.calibereurope.com\/wp-content\/uploads\/2025\/01\/48efabece54cdf2f3ec4dc2651298dd38d3f8471_HBT_BR30_STARTPACK_verpakking.jpg","contentUrl":"https:\/\/b2b.calibereurope.com\/wp-content\/uploads\/2025\/01\/48efabece54cdf2f3ec4dc2651298dd38d3f8471_HBT_BR30_STARTPACK_verpakking.jpg","width":1024,"height":768},{"@type":"BreadcrumbList","@id":"https:\/\/b2b.calibereurope.com\/de\/produkt\/hbt-br30-startpack-de_de\/#breadcrumb","itemListElement":[{"@type":"ListItem","position":1,"name":"Home","item":"https:\/\/b2b.calibereurope.com\/de\/"},{"@type":"ListItem","position":2,"name":"Shop","item":"https:\/\/b2b.calibereurope.com\/de\/shop\/"},{"@type":"ListItem","position":3,"name":"Smart Lampen-Starter-Paket (HBT-BR30-STARTPACK)"}]},{"@type":"WebSite","@id":"https:\/\/b2b.calibereurope.com\/#website","url":"https:\/\/b2b.calibereurope.com\/","name":"Caliber Europe B.V.","description":"B2B Webshop","publisher":{"@id":"https:\/\/b2b.calibereurope.com\/#organization"},"potentialAction":[{"@type":"SearchAction","target":{"@type":"EntryPoint","urlTemplate":"https:\/\/b2b.calibereurope.com\/?s={search_term_string}"},"query-input":{"@type":"PropertyValueSpecification","valueRequired":true,"valueName":"search_term_string"}}],"inLanguage":"de"},{"@type":"Organization","@id":"https:\/\/b2b.calibereurope.com\/#organization","name":"Caliber Europe B.V.","url":"https:\/\/b2b.calibereurope.com\/","logo":{"@type":"ImageObject","inLanguage":"de","@id":"https:\/\/b2b.calibereurope.com\/#\/schema\/logo\/image\/","url":"https:\/\/b2b.calibereurope.com\/wp-content\/uploads\/2020\/12\/Caliber_Logo-Black.png","contentUrl":"https:\/\/b2b.calibereurope.com\/wp-content\/uploads\/2020\/12\/Caliber_Logo-Black.png","width":3157,"height":356,"caption":"Caliber Europe B.V."},"image":{"@id":"https:\/\/b2b.calibereurope.com\/#\/schema\/logo\/image\/"}}]}},"_links":{"self":[{"href":"https:\/\/b2b.calibereurope.com\/de\/wp-json\/wp\/v2\/product\/475669","targetHints":{"allow":["GET"]}}],"collection":[{"href":"https:\/\/b2b.calibereurope.com\/de\/wp-json\/wp\/v2\/product"}],"about":[{"href":"https:\/\/b2b.calibereurope.com\/de\/wp-json\/wp\/v2\/types\/product"}],"version-history":[{"count":0,"href":"https:\/\/b2b.calibereurope.com\/de\/wp-json\/wp\/v2\/product\/475669\/revisions"}],"wp:featuredmedia":[{"embeddable":true,"href":"https:\/\/b2b.calibereurope.com\/de\/wp-json\/wp\/v2\/media\/853786"}],"wp:attachment":[{"href":"https:\/\/b2b.calibereurope.com\/de\/wp-json\/wp\/v2\/media?parent=475669"}],"wp:term":[{"taxonomy":"product_brand","embeddable":true,"href":"https:\/\/b2b.calibereurope.com\/de\/wp-json\/wp\/v2\/product_brand?post=475669"},{"taxonomy":"product_cat","embeddable":true,"href":"https:\/\/b2b.calibereurope.com\/de\/wp-json\/wp\/v2\/product_cat?post=475669"},{"taxonomy":"product_tag","embeddable":true,"href":"https:\/\/b2b.calibereurope.com\/de\/wp-json\/wp\/v2\/product_tag?post=475669"}],"curies":[{"name":"wp","href":"https:\/\/api.w.org\/{rel}","templated":true}]}}