{"id":476097,"date":"2025-01-15T01:00:00","date_gmt":"2025-01-15T00:00:00","guid":{"rendered":""},"modified":"2025-01-15T08:45:13","modified_gmt":"2025-01-15T07:45:13","slug":"HBT-BR30-3PACK-de_DE","status":"publish","type":"product","link":"https:\/\/b2b.calibereurope.com\/de\/produkt\/HBT-BR30-3PACK-de_DE\/","title":{"rendered":"Intelligente Gl\u00fchbirne &#8211; 3er Pack &#8211; BR30 &#8211; RGB und wei\u00dfe Farben (HBT-BR30-3PACK)"},"content":{"rendered":"<p class=\"MsoNormal\">Das Smart Light 3er-Pack enth\u00e4lt drei Smart Lights mit einer<br \/>\nE27-Fassung (BR30-Lampenmodell). Sie k\u00f6nnen Ihren Raum mit sehr hellem wei\u00dfem<br \/>\nLicht beleuchten, mit warmem Wei\u00df eine gem\u00fctliche, warme Atmosph\u00e4re schaffen<br \/>\noder sich f\u00fcr eine Farbe Ihrer Wahl entscheiden. Diese intelligenten Leuchten<br \/>\nliefern wei\u00dfes Licht mit einer Farbtemperatur von 2700K (warmwei\u00df) bis 9000K<br \/>\n(kaltwei\u00df). Dar\u00fcber hinaus k\u00f6nnen Sie die Lampen in jeder gew\u00fcnschten Farbe leuchten<br \/>\nlassen. Alle Lampen enthalten standardm\u00e4\u00dfig RGB-LEDs.<o:p><\/o:p><\/p>\n<p class=\"MsoNormal\"><o:p>&nbsp;<\/o:p><\/p>\n<p class=\"MsoNormal\">Diese LED-Lampen haben eine Wattzahl von 9 Watt und eine<br \/>\nHelligkeit von 720 Lumen.<o:p><\/o:p><\/p>\n<p class=\"MsoNormal\"><o:p>&nbsp;<\/o:p><\/p>\n<\/p>\n<p class=\"MsoNormal\">Das smarte Gl\u00fchbirnen 3er-Pack ist die perfekte Erg\u00e4nzung zu<br \/>\neinem Starter-Pack und sorgt f\u00fcr noch mehr smarte Beleuchtung im Haus. Dieses<br \/>\n3er-Pack kann auch separat mit einem Caliber Smart Light Gateway kombiniert<br \/>\nwerden<o:p><\/o:p><\/p>\n","protected":false},"excerpt":{"rendered":"<p>Das Smart Light 3er-Pack enth\u00e4lt drei Smart Lights mit einer E27-Fassung (BR30-Lampenmodell). Sie k\u00f6nnen Ihren Raum mit sehr hellem wei\u00dfem Licht beleuchten, mit warmem Wei\u00df eine gem\u00fctliche, warme Atmosph\u00e4re schaffen oder sich f\u00fcr eine Farbe Ihrer Wahl entscheiden. Diese intelligenten Leuchten liefern wei\u00dfes Licht mit einer Farbtemperatur von 2700K (warmwei\u00df) bis 9000K (kaltwei\u00df). Dar\u00fcber hinaus [&hellip;]<\/p>\n","protected":false},"featured_media":853890,"template":"","meta":{"_acf_changed":false,"site-sidebar-layout":"default","site-content-layout":"","ast-site-content-layout":"default","site-content-style":"default","site-sidebar-style":"default","ast-global-header-display":"","ast-banner-title-visibility":"","ast-main-header-display":"","ast-hfb-above-header-display":"","ast-hfb-below-header-display":"","ast-hfb-mobile-header-display":"","site-post-title":"","ast-breadcrumbs-content":"","ast-featured-img":"","footer-sml-layout":"","theme-transparent-header-meta":"","adv-header-id-meta":"","stick-header-meta":"","header-above-stick-meta":"","header-main-stick-meta":"","header-below-stick-meta":"","astra-migrate-meta-layouts":"default","ast-page-background-enabled":"default","ast-page-background-meta":{"desktop":{"background-color":"","background-image":"","background-repeat":"repeat","background-position":"center center","background-size":"auto","background-attachment":"scroll","background-type":"","background-media":"","overlay-type":"","overlay-color":"","overlay-opacity":"","overlay-gradient":""},"tablet":{"background-color":"","background-image":"","background-repeat":"repeat","background-position":"center center","background-size":"auto","background-attachment":"scroll","background-type":"","background-media":"","overlay-type":"","overlay-color":"","overlay-opacity":"","overlay-gradient":""},"mobile":{"background-color":"","background-image":"","background-repeat":"repeat","background-position":"center center","background-size":"auto","background-attachment":"scroll","background-type":"","background-media":"","overlay-type":"","overlay-color":"","overlay-opacity":"","overlay-gradient":""}},"ast-content-background-meta":{"desktop":{"background-color":"var(--ast-global-color-5)","background-image":"","background-repeat":"repeat","background-position":"center center","background-size":"auto","background-attachment":"scroll","background-type":"","background-media":"","overlay-type":"","overlay-color":"","overlay-opacity":"","overlay-gradient":""},"tablet":{"background-color":"var(--ast-global-color-5)","background-image":"","background-repeat":"repeat","background-position":"center center","background-size":"auto","background-attachment":"scroll","background-type":"","background-media":"","overlay-type":"","overlay-color":"","overlay-opacity":"","overlay-gradient":""},"mobile":{"background-color":"var(--ast-global-color-5)","background-image":"","background-repeat":"repeat","background-position":"center center","background-size":"auto","background-attachment":"scroll","background-type":"","background-media":"","overlay-type":"","overlay-color":"","overlay-opacity":"","overlay-gradient":""}}},"product_brand":[],"product_cat":[22956],"product_tag":[],"class_list":{"0":"post-476097","1":"product","2":"type-product","3":"status-publish","4":"has-post-thumbnail","6":"product_cat-keine-kategorie","7":"desktop-align-center","8":"tablet-align-center","9":"mobile-align-center","10":"ast-product-gallery-layout-horizontal","11":"ast-product-tabs-layout-horizontal","13":"first","14":"instock","15":"taxable","16":"shipping-taxable","17":"purchasable","18":"product-type-simple"},"acf":[],"yoast_head":"<!-- This site is optimized with the Yoast SEO plugin v26.5 - https:\/\/yoast.com\/wordpress\/plugins\/seo\/ -->\n<title>Intelligente Gl\u00fchbirne - 3er Pack - BR30 - RGB und wei\u00dfe Farben (HBT-BR30-3PACK) - Caliber Europe B.V.<\/title>\n<meta name=\"robots\" content=\"noindex, follow, max-snippet:-1, max-image-preview:large, max-video-preview:-1\" \/>\n<meta property=\"og:locale\" content=\"de_DE\" \/>\n<meta property=\"og:type\" content=\"article\" \/>\n<meta property=\"og:title\" content=\"Intelligente Gl\u00fchbirne - 3er Pack - BR30 - RGB und wei\u00dfe Farben (HBT-BR30-3PACK) - Caliber Europe B.V.\" \/>\n<meta property=\"og:description\" content=\"Das Smart Light 3er-Pack enth\u00e4lt drei Smart Lights mit einer E27-Fassung (BR30-Lampenmodell). Sie k\u00f6nnen Ihren Raum mit sehr hellem wei\u00dfem Licht beleuchten, mit warmem Wei\u00df eine gem\u00fctliche, warme Atmosph\u00e4re schaffen oder sich f\u00fcr eine Farbe Ihrer Wahl entscheiden. Diese intelligenten Leuchten liefern wei\u00dfes Licht mit einer Farbtemperatur von 2700K (warmwei\u00df) bis 9000K (kaltwei\u00df). Dar\u00fcber hinaus [&hellip;]\" \/>\n<meta property=\"og:url\" content=\"https:\/\/b2b.calibereurope.com\/de\/produkt\/hbt-br30-3pack-de_de\/\" \/>\n<meta property=\"og:site_name\" content=\"Caliber Europe B.V.\" \/>\n<meta property=\"article:modified_time\" content=\"2025-01-15T07:45:13+00:00\" \/>\n<meta property=\"og:image\" content=\"https:\/\/b2b.calibereurope.com\/wp-content\/uploads\/2021\/09\/5c542212bc62cefb3ca3afcd9da3e67c5ce451d5_HBT_BR30_3PACK_verpakking.jpg\" \/>\n\t<meta property=\"og:image:width\" content=\"1024\" \/>\n\t<meta property=\"og:image:height\" content=\"768\" \/>\n\t<meta property=\"og:image:type\" content=\"image\/jpeg\" \/>\n<meta name=\"twitter:card\" content=\"summary_large_image\" \/>\n<meta name=\"twitter:label1\" content=\"Gesch\u00e4tzte Lesezeit\" \/>\n\t<meta name=\"twitter:data1\" content=\"1\u00a0Minute\" \/>\n<script type=\"application\/ld+json\" class=\"yoast-schema-graph\">{\"@context\":\"https:\/\/schema.org\",\"@graph\":[{\"@type\":\"WebPage\",\"@id\":\"https:\/\/b2b.calibereurope.com\/de\/produkt\/hbt-br30-3pack-de_de\/\",\"url\":\"https:\/\/b2b.calibereurope.com\/de\/produkt\/hbt-br30-3pack-de_de\/\",\"name\":\"Intelligente Gl\u00fchbirne - 3er Pack - BR30 - RGB und wei\u00dfe Farben (HBT-BR30-3PACK) - Caliber Europe B.V.\",\"isPartOf\":{\"@id\":\"https:\/\/b2b.calibereurope.com\/#website\"},\"primaryImageOfPage\":{\"@id\":\"https:\/\/b2b.calibereurope.com\/de\/produkt\/hbt-br30-3pack-de_de\/#primaryimage\"},\"image\":{\"@id\":\"https:\/\/b2b.calibereurope.com\/de\/produkt\/hbt-br30-3pack-de_de\/#primaryimage\"},\"thumbnailUrl\":\"https:\/\/b2b.calibereurope.com\/wp-content\/uploads\/2025\/01\/5c542212bc62cefb3ca3afcd9da3e67c5ce451d5_HBT_BR30_3PACK_verpakking.jpg\",\"datePublished\":\"2025-01-15T00:00:00+00:00\",\"dateModified\":\"2025-01-15T07:45:13+00:00\",\"breadcrumb\":{\"@id\":\"https:\/\/b2b.calibereurope.com\/de\/produkt\/hbt-br30-3pack-de_de\/#breadcrumb\"},\"inLanguage\":\"de\",\"potentialAction\":[{\"@type\":\"ReadAction\",\"target\":[\"https:\/\/b2b.calibereurope.com\/de\/produkt\/hbt-br30-3pack-de_de\/\"]}]},{\"@type\":\"ImageObject\",\"inLanguage\":\"de\",\"@id\":\"https:\/\/b2b.calibereurope.com\/de\/produkt\/hbt-br30-3pack-de_de\/#primaryimage\",\"url\":\"https:\/\/b2b.calibereurope.com\/wp-content\/uploads\/2025\/01\/5c542212bc62cefb3ca3afcd9da3e67c5ce451d5_HBT_BR30_3PACK_verpakking.jpg\",\"contentUrl\":\"https:\/\/b2b.calibereurope.com\/wp-content\/uploads\/2025\/01\/5c542212bc62cefb3ca3afcd9da3e67c5ce451d5_HBT_BR30_3PACK_verpakking.jpg\",\"width\":1024,\"height\":768},{\"@type\":\"BreadcrumbList\",\"@id\":\"https:\/\/b2b.calibereurope.com\/de\/produkt\/hbt-br30-3pack-de_de\/#breadcrumb\",\"itemListElement\":[{\"@type\":\"ListItem\",\"position\":1,\"name\":\"Home\",\"item\":\"https:\/\/b2b.calibereurope.com\/de\/\"},{\"@type\":\"ListItem\",\"position\":2,\"name\":\"Shop\",\"item\":\"https:\/\/b2b.calibereurope.com\/de\/shop\/\"},{\"@type\":\"ListItem\",\"position\":3,\"name\":\"Smart Lampe (HBT-BR30-3pack)\"}]},{\"@type\":\"WebSite\",\"@id\":\"https:\/\/b2b.calibereurope.com\/#website\",\"url\":\"https:\/\/b2b.calibereurope.com\/\",\"name\":\"Caliber Europe B.V.\",\"description\":\"B2B Webshop\",\"publisher\":{\"@id\":\"https:\/\/b2b.calibereurope.com\/#organization\"},\"potentialAction\":[{\"@type\":\"SearchAction\",\"target\":{\"@type\":\"EntryPoint\",\"urlTemplate\":\"https:\/\/b2b.calibereurope.com\/?s={search_term_string}\"},\"query-input\":{\"@type\":\"PropertyValueSpecification\",\"valueRequired\":true,\"valueName\":\"search_term_string\"}}],\"inLanguage\":\"de\"},{\"@type\":\"Organization\",\"@id\":\"https:\/\/b2b.calibereurope.com\/#organization\",\"name\":\"Caliber Europe B.V.\",\"url\":\"https:\/\/b2b.calibereurope.com\/\",\"logo\":{\"@type\":\"ImageObject\",\"inLanguage\":\"de\",\"@id\":\"https:\/\/b2b.calibereurope.com\/#\/schema\/logo\/image\/\",\"url\":\"https:\/\/b2b.calibereurope.com\/wp-content\/uploads\/2020\/12\/Caliber_Logo-Black.png\",\"contentUrl\":\"https:\/\/b2b.calibereurope.com\/wp-content\/uploads\/2020\/12\/Caliber_Logo-Black.png\",\"width\":3157,\"height\":356,\"caption\":\"Caliber Europe B.V.\"},\"image\":{\"@id\":\"https:\/\/b2b.calibereurope.com\/#\/schema\/logo\/image\/\"}}]}<\/script>\n<!-- \/ Yoast SEO plugin. -->","yoast_head_json":{"title":"Intelligente Gl\u00fchbirne - 3er Pack - BR30 - RGB und wei\u00dfe Farben (HBT-BR30-3PACK) - Caliber Europe B.V.","robots":{"index":"noindex","follow":"follow","max-snippet":"max-snippet:-1","max-image-preview":"max-image-preview:large","max-video-preview":"max-video-preview:-1"},"og_locale":"de_DE","og_type":"article","og_title":"Intelligente Gl\u00fchbirne - 3er Pack - BR30 - RGB und wei\u00dfe Farben (HBT-BR30-3PACK) - Caliber Europe B.V.","og_description":"Das Smart Light 3er-Pack enth\u00e4lt drei Smart Lights mit einer E27-Fassung (BR30-Lampenmodell). Sie k\u00f6nnen Ihren Raum mit sehr hellem wei\u00dfem Licht beleuchten, mit warmem Wei\u00df eine gem\u00fctliche, warme Atmosph\u00e4re schaffen oder sich f\u00fcr eine Farbe Ihrer Wahl entscheiden. Diese intelligenten Leuchten liefern wei\u00dfes Licht mit einer Farbtemperatur von 2700K (warmwei\u00df) bis 9000K (kaltwei\u00df). Dar\u00fcber hinaus [&hellip;]","og_url":"https:\/\/b2b.calibereurope.com\/de\/produkt\/hbt-br30-3pack-de_de\/","og_site_name":"Caliber Europe B.V.","article_modified_time":"2025-01-15T07:45:13+00:00","og_image":[{"width":1024,"height":768,"url":"https:\/\/b2b.calibereurope.com\/wp-content\/uploads\/2021\/09\/5c542212bc62cefb3ca3afcd9da3e67c5ce451d5_HBT_BR30_3PACK_verpakking.jpg","type":"image\/jpeg"}],"twitter_card":"summary_large_image","twitter_misc":{"Gesch\u00e4tzte Lesezeit":"1\u00a0Minute"},"schema":{"@context":"https:\/\/schema.org","@graph":[{"@type":"WebPage","@id":"https:\/\/b2b.calibereurope.com\/de\/produkt\/hbt-br30-3pack-de_de\/","url":"https:\/\/b2b.calibereurope.com\/de\/produkt\/hbt-br30-3pack-de_de\/","name":"Intelligente Gl\u00fchbirne - 3er Pack - BR30 - RGB und wei\u00dfe Farben (HBT-BR30-3PACK) - Caliber Europe B.V.","isPartOf":{"@id":"https:\/\/b2b.calibereurope.com\/#website"},"primaryImageOfPage":{"@id":"https:\/\/b2b.calibereurope.com\/de\/produkt\/hbt-br30-3pack-de_de\/#primaryimage"},"image":{"@id":"https:\/\/b2b.calibereurope.com\/de\/produkt\/hbt-br30-3pack-de_de\/#primaryimage"},"thumbnailUrl":"https:\/\/b2b.calibereurope.com\/wp-content\/uploads\/2025\/01\/5c542212bc62cefb3ca3afcd9da3e67c5ce451d5_HBT_BR30_3PACK_verpakking.jpg","datePublished":"2025-01-15T00:00:00+00:00","dateModified":"2025-01-15T07:45:13+00:00","breadcrumb":{"@id":"https:\/\/b2b.calibereurope.com\/de\/produkt\/hbt-br30-3pack-de_de\/#breadcrumb"},"inLanguage":"de","potentialAction":[{"@type":"ReadAction","target":["https:\/\/b2b.calibereurope.com\/de\/produkt\/hbt-br30-3pack-de_de\/"]}]},{"@type":"ImageObject","inLanguage":"de","@id":"https:\/\/b2b.calibereurope.com\/de\/produkt\/hbt-br30-3pack-de_de\/#primaryimage","url":"https:\/\/b2b.calibereurope.com\/wp-content\/uploads\/2025\/01\/5c542212bc62cefb3ca3afcd9da3e67c5ce451d5_HBT_BR30_3PACK_verpakking.jpg","contentUrl":"https:\/\/b2b.calibereurope.com\/wp-content\/uploads\/2025\/01\/5c542212bc62cefb3ca3afcd9da3e67c5ce451d5_HBT_BR30_3PACK_verpakking.jpg","width":1024,"height":768},{"@type":"BreadcrumbList","@id":"https:\/\/b2b.calibereurope.com\/de\/produkt\/hbt-br30-3pack-de_de\/#breadcrumb","itemListElement":[{"@type":"ListItem","position":1,"name":"Home","item":"https:\/\/b2b.calibereurope.com\/de\/"},{"@type":"ListItem","position":2,"name":"Shop","item":"https:\/\/b2b.calibereurope.com\/de\/shop\/"},{"@type":"ListItem","position":3,"name":"Smart Lampe (HBT-BR30-3pack)"}]},{"@type":"WebSite","@id":"https:\/\/b2b.calibereurope.com\/#website","url":"https:\/\/b2b.calibereurope.com\/","name":"Caliber Europe B.V.","description":"B2B Webshop","publisher":{"@id":"https:\/\/b2b.calibereurope.com\/#organization"},"potentialAction":[{"@type":"SearchAction","target":{"@type":"EntryPoint","urlTemplate":"https:\/\/b2b.calibereurope.com\/?s={search_term_string}"},"query-input":{"@type":"PropertyValueSpecification","valueRequired":true,"valueName":"search_term_string"}}],"inLanguage":"de"},{"@type":"Organization","@id":"https:\/\/b2b.calibereurope.com\/#organization","name":"Caliber Europe B.V.","url":"https:\/\/b2b.calibereurope.com\/","logo":{"@type":"ImageObject","inLanguage":"de","@id":"https:\/\/b2b.calibereurope.com\/#\/schema\/logo\/image\/","url":"https:\/\/b2b.calibereurope.com\/wp-content\/uploads\/2020\/12\/Caliber_Logo-Black.png","contentUrl":"https:\/\/b2b.calibereurope.com\/wp-content\/uploads\/2020\/12\/Caliber_Logo-Black.png","width":3157,"height":356,"caption":"Caliber Europe B.V."},"image":{"@id":"https:\/\/b2b.calibereurope.com\/#\/schema\/logo\/image\/"}}]}},"_links":{"self":[{"href":"https:\/\/b2b.calibereurope.com\/de\/wp-json\/wp\/v2\/product\/476097","targetHints":{"allow":["GET"]}}],"collection":[{"href":"https:\/\/b2b.calibereurope.com\/de\/wp-json\/wp\/v2\/product"}],"about":[{"href":"https:\/\/b2b.calibereurope.com\/de\/wp-json\/wp\/v2\/types\/product"}],"version-history":[{"count":0,"href":"https:\/\/b2b.calibereurope.com\/de\/wp-json\/wp\/v2\/product\/476097\/revisions"}],"wp:featuredmedia":[{"embeddable":true,"href":"https:\/\/b2b.calibereurope.com\/de\/wp-json\/wp\/v2\/media\/853890"}],"wp:attachment":[{"href":"https:\/\/b2b.calibereurope.com\/de\/wp-json\/wp\/v2\/media?parent=476097"}],"wp:term":[{"taxonomy":"product_brand","embeddable":true,"href":"https:\/\/b2b.calibereurope.com\/de\/wp-json\/wp\/v2\/product_brand?post=476097"},{"taxonomy":"product_cat","embeddable":true,"href":"https:\/\/b2b.calibereurope.com\/de\/wp-json\/wp\/v2\/product_cat?post=476097"},{"taxonomy":"product_tag","embeddable":true,"href":"https:\/\/b2b.calibereurope.com\/de\/wp-json\/wp\/v2\/product_tag?post=476097"}],"curies":[{"name":"wp","href":"https:\/\/api.w.org\/{rel}","templated":true}]}}