{"id":476533,"date":"2025-12-04T01:00:00","date_gmt":"2025-12-04T00:00:00","guid":{"rendered":"0"},"modified":"2025-12-04T14:45:25","modified_gmt":"2025-12-04T13:45:25","slug":"HPG318DAB-de_DE","status":"publish","type":"product","link":"https:\/\/b2b.calibereurope.com\/de\/produkt\/HPG318DAB-de_DE\/","title":{"rendered":"Tragbares Radio DAB + mit Weckerfunktion &#8211; drahtlos bis zu 8 Stunden &#8211; USB &#8211; Kopfh\u00f6reranschluss (HPG318DAB)"},"content":{"rendered":"<p>Wecken Sie jeden Morgen mit Songs aus den Charts auf &#8211; mit dem Caliber HPG318DAB Radiowecker mit DAB plus. H\u00f6ren Sie Ihre Lieblingsnachrichtensender und Radio-DJs \u00fcber <strong>DAB+ und UKW-Radio<\/strong>, sowohl drinnen als auch drau\u00dfen. Sie nehmen das tragbare <strong>Radio <\/strong>einfach <strong>8 Stunden lang drahtlos <\/strong>mit. Stellen Sie bis zu <strong>10 Voreinstellungen <\/strong>ein, um Ihren Lieblingssender immer leicht zu finden. Der <strong>Wecker <\/strong>sorgt daf\u00fcr, dass Sie nie wieder zu sp\u00e4t zur Arbeit kommen werden. Das <strong>hintergrundbeleuchtete LCD-Display <\/strong>sorgt daf\u00fcr, dass Sie die Uhrzeit immer ablesen k\u00f6nnen.<\/p>\n<p><\/p>\n<p><strong>Merkmale:<\/strong><\/p>\n<ul>\n<li>DAB+\/FM-Radio mit RDS<\/li>\n<li>Hintergrundbeleuchtetes LCD-Display<\/li>\n<li>Eingebaute wiederaufladbare Batterie<\/li>\n<li>Einfach zu bedienen<\/li>\n<li>8 Stunden Spielzeit<\/li>\n<li>Wecker und Schlafzeitfunktion<\/li>\n<li>Teleskopantenne<\/li>\n<li>10 Voreinstellungen<\/li>\n<li>Kopfh\u00f6reranschluss<\/li>\n<li>USB-Anschluss<\/li>\n<\/ul>\n<h3>Ausgeruht aufstehen<\/h3>\n<p>Dank der praktischen Schlafzeitfunktion des Radioweckers stehen Sie jeden Morgen nach einer erholsamen Nacht mit gen\u00fcgend Energie auf. Dadurch wird sichergestellt, dass sich das Radio zu der von Ihnen eingestellten Zeit automatisch ausschaltet. So k\u00f6nnen Sie tr\u00e4umen und langsam zu Ihren Lieblingsliedern einschlafen. Morgens werden Sie von Ihren Lieblings-DJs im Radio geweckt. Dank der Doppelalarmfunktion k\u00f6nnen Sie zwei Alarme einstellen, sodass Sie und Ihr Partner ihn benutzen k\u00f6nnen.<\/p>\n<h3>Ihre Lieblingssender auf Tastendruck<\/h3>\n<p>Dank der praktischen Schlafzeitfunktion des Radioweckers stehen Sie jeden Morgen nach einer erholsamen Nacht mit ausreichend Energie auf. So schaltet sich das Radio automatisch zu der von Ihnen eingestellten Zeit aus. Damit k\u00f6nnen Sie tr\u00e4umen und langsam zu Ihren Lieblingsliedern einschlafen. Morgens werden Sie von Ihren Lieblings-DJs im Radio geweckt. Dank der Doppelalarmfunktion k\u00f6nnen Sie zwei Alarme einstellen, sodass Sie und Ihr Partner ihn benutzen k\u00f6nnen.<\/p>\n<h3>Perfekt zum Mitnehmen<\/h3>\n<p>Dieser Radiowecker von Caliber ist vielseitig einsetzbar. Denn Sie k\u00f6nnen es auch als tragbares Radio verwenden. Dank des eingebauten Akkus k\u00f6nnen Sie bis zu 8 Stunden lang drahtlos h\u00f6ren. Nehmen Sie ihn zum Beispiel mit an den Strand, zu einer Hausparty oder zu einem Grillfest im Park. Wenn Sie lieber alleine h\u00f6ren m\u00f6chten, k\u00f6nnen Sie den Kopfh\u00f6reranschluss verwenden.<\/p>\n<p><strong><br \/>&nbsp;Mitgeliefert:<\/strong><\/p>\n<ul>\n<li>Caliber HPG318DAB Radiowecker mit DAB plus<\/li>\n<li>Ladekabel<\/li>\n<li>Adapter<\/li>\n<\/ul>\n","protected":false},"excerpt":{"rendered":"<p>Wecken Sie jeden Morgen mit Songs aus den Charts auf &#8211; mit dem Caliber HPG318DAB Radiowecker mit DAB plus. H\u00f6ren Sie Ihre Lieblingsnachrichtensender und Radio-DJs \u00fcber DAB+ und UKW-Radio, sowohl drinnen als auch drau\u00dfen. Sie nehmen das tragbare Radio einfach 8 Stunden lang drahtlos mit. Stellen Sie bis zu 10 Voreinstellungen ein, um Ihren Lieblingssender [&hellip;]<\/p>\n","protected":false},"featured_media":865970,"template":"","meta":{"_acf_changed":false,"site-sidebar-layout":"default","site-content-layout":"","ast-site-content-layout":"default","site-content-style":"default","site-sidebar-style":"default","ast-global-header-display":"","ast-banner-title-visibility":"","ast-main-header-display":"","ast-hfb-above-header-display":"","ast-hfb-below-header-display":"","ast-hfb-mobile-header-display":"","site-post-title":"","ast-breadcrumbs-content":"","ast-featured-img":"","footer-sml-layout":"","theme-transparent-header-meta":"","adv-header-id-meta":"","stick-header-meta":"","header-above-stick-meta":"","header-main-stick-meta":"","header-below-stick-meta":"","astra-migrate-meta-layouts":"default","ast-page-background-enabled":"default","ast-page-background-meta":{"desktop":{"background-color":"","background-image":"","background-repeat":"repeat","background-position":"center center","background-size":"auto","background-attachment":"scroll","background-type":"","background-media":"","overlay-type":"","overlay-color":"","overlay-opacity":"","overlay-gradient":""},"tablet":{"background-color":"","background-image":"","background-repeat":"repeat","background-position":"center center","background-size":"auto","background-attachment":"scroll","background-type":"","background-media":"","overlay-type":"","overlay-color":"","overlay-opacity":"","overlay-gradient":""},"mobile":{"background-color":"","background-image":"","background-repeat":"repeat","background-position":"center center","background-size":"auto","background-attachment":"scroll","background-type":"","background-media":"","overlay-type":"","overlay-color":"","overlay-opacity":"","overlay-gradient":""}},"ast-content-background-meta":{"desktop":{"background-color":"var(--ast-global-color-5)","background-image":"","background-repeat":"repeat","background-position":"center center","background-size":"auto","background-attachment":"scroll","background-type":"","background-media":"","overlay-type":"","overlay-color":"","overlay-opacity":"","overlay-gradient":""},"tablet":{"background-color":"var(--ast-global-color-5)","background-image":"","background-repeat":"repeat","background-position":"center center","background-size":"auto","background-attachment":"scroll","background-type":"","background-media":"","overlay-type":"","overlay-color":"","overlay-opacity":"","overlay-gradient":""},"mobile":{"background-color":"var(--ast-global-color-5)","background-image":"","background-repeat":"repeat","background-position":"center center","background-size":"auto","background-attachment":"scroll","background-type":"","background-media":"","overlay-type":"","overlay-color":"","overlay-opacity":"","overlay-gradient":""}}},"product_brand":[],"product_cat":[22956],"product_tag":[],"class_list":{"0":"post-476533","1":"product","2":"type-product","3":"status-publish","4":"has-post-thumbnail","6":"product_cat-keine-kategorie","7":"desktop-align-center","8":"tablet-align-center","9":"mobile-align-center","10":"ast-product-gallery-layout-horizontal","11":"ast-product-gallery-with-no-image","12":"ast-product-tabs-layout-horizontal","14":"first","15":"instock","16":"taxable","17":"shipping-taxable","18":"purchasable","19":"product-type-simple"},"acf":[],"yoast_head":"<!-- This site is optimized with the Yoast SEO plugin v26.5 - https:\/\/yoast.com\/wordpress\/plugins\/seo\/ -->\n<title>Tragbares Radio DAB + mit Weckerfunktion - drahtlos bis zu 8 Stunden - USB - Kopfh\u00f6reranschluss (HPG318DAB) - Caliber Europe B.V.<\/title>\n<meta name=\"robots\" content=\"noindex, follow, max-snippet:-1, max-image-preview:large, max-video-preview:-1\" \/>\n<meta property=\"og:locale\" content=\"de_DE\" \/>\n<meta property=\"og:type\" content=\"article\" \/>\n<meta property=\"og:title\" content=\"Tragbares Radio DAB + mit Weckerfunktion - drahtlos bis zu 8 Stunden - USB - Kopfh\u00f6reranschluss (HPG318DAB) - Caliber Europe B.V.\" \/>\n<meta property=\"og:description\" content=\"Wecken Sie jeden Morgen mit Songs aus den Charts auf &#8211; mit dem Caliber HPG318DAB Radiowecker mit DAB plus. H\u00f6ren Sie Ihre Lieblingsnachrichtensender und Radio-DJs \u00fcber DAB+ und UKW-Radio, sowohl drinnen als auch drau\u00dfen. Sie nehmen das tragbare Radio einfach 8 Stunden lang drahtlos mit. Stellen Sie bis zu 10 Voreinstellungen ein, um Ihren Lieblingssender [&hellip;]\" \/>\n<meta property=\"og:url\" content=\"https:\/\/b2b.calibereurope.com\/de\/produkt\/HPG318DAB-de_DE\/\" \/>\n<meta property=\"og:site_name\" content=\"Caliber Europe B.V.\" \/>\n<meta property=\"article:modified_time\" content=\"2025-12-04T13:45:25+00:00\" \/>\n<meta property=\"og:image\" content=\"https:\/\/b2b.calibereurope.com\/wp-content\/uploads\/2021\/10\/4ffc9689b63cac10b82ee86d57a14246ddf2f6ad_HPG318DAB.png\" \/>\n\t<meta property=\"og:image:width\" content=\"1600\" \/>\n\t<meta property=\"og:image:height\" content=\"1200\" \/>\n\t<meta property=\"og:image:type\" content=\"image\/png\" \/>\n<meta name=\"twitter:card\" content=\"summary_large_image\" \/>\n<meta name=\"twitter:label1\" content=\"Gesch\u00e4tzte Lesezeit\" \/>\n\t<meta name=\"twitter:data1\" content=\"2\u00a0Minuten\" \/>\n<script type=\"application\/ld+json\" class=\"yoast-schema-graph\">{\"@context\":\"https:\/\/schema.org\",\"@graph\":[{\"@type\":\"WebPage\",\"@id\":\"https:\/\/b2b.calibereurope.com\/de\/produkt\/HPG318DAB-de_DE\/\",\"url\":\"https:\/\/b2b.calibereurope.com\/de\/produkt\/HPG318DAB-de_DE\/\",\"name\":\"Tragbares Radio DAB + mit Weckerfunktion - drahtlos bis zu 8 Stunden - USB - Kopfh\u00f6reranschluss (HPG318DAB) - Caliber Europe B.V.\",\"isPartOf\":{\"@id\":\"https:\/\/b2b.calibereurope.com\/#website\"},\"primaryImageOfPage\":{\"@id\":\"https:\/\/b2b.calibereurope.com\/de\/produkt\/HPG318DAB-de_DE\/#primaryimage\"},\"image\":{\"@id\":\"https:\/\/b2b.calibereurope.com\/de\/produkt\/HPG318DAB-de_DE\/#primaryimage\"},\"thumbnailUrl\":\"https:\/\/b2b.calibereurope.com\/wp-content\/uploads\/2025\/12\/f4148fde79bb2f83bf6473105adaba5dc4c8b281_HPG318DAB-4.jpg\",\"datePublished\":\"2025-12-04T00:00:00+00:00\",\"dateModified\":\"2025-12-04T13:45:25+00:00\",\"breadcrumb\":{\"@id\":\"https:\/\/b2b.calibereurope.com\/de\/produkt\/HPG318DAB-de_DE\/#breadcrumb\"},\"inLanguage\":\"de\",\"potentialAction\":[{\"@type\":\"ReadAction\",\"target\":[\"https:\/\/b2b.calibereurope.com\/de\/produkt\/HPG318DAB-de_DE\/\"]}]},{\"@type\":\"ImageObject\",\"inLanguage\":\"de\",\"@id\":\"https:\/\/b2b.calibereurope.com\/de\/produkt\/HPG318DAB-de_DE\/#primaryimage\",\"url\":\"https:\/\/b2b.calibereurope.com\/wp-content\/uploads\/2025\/12\/f4148fde79bb2f83bf6473105adaba5dc4c8b281_HPG318DAB-4.jpg\",\"contentUrl\":\"https:\/\/b2b.calibereurope.com\/wp-content\/uploads\/2025\/12\/f4148fde79bb2f83bf6473105adaba5dc4c8b281_HPG318DAB-4.jpg\",\"width\":2000,\"height\":2000},{\"@type\":\"BreadcrumbList\",\"@id\":\"https:\/\/b2b.calibereurope.com\/de\/produkt\/HPG318DAB-de_DE\/#breadcrumb\",\"itemListElement\":[{\"@type\":\"ListItem\",\"position\":1,\"name\":\"Home\",\"item\":\"https:\/\/b2b.calibereurope.com\/de\/\"},{\"@type\":\"ListItem\",\"position\":2,\"name\":\"Shop\",\"item\":\"https:\/\/b2b.calibereurope.com\/de\/shop\/\"},{\"@type\":\"ListItem\",\"position\":3,\"name\":\"Tragbares DAB+ Radio &#8211; Mit UKW- und Weckfunktion Eingebauter Akku (HPG318DAB)\"}]},{\"@type\":\"WebSite\",\"@id\":\"https:\/\/b2b.calibereurope.com\/#website\",\"url\":\"https:\/\/b2b.calibereurope.com\/\",\"name\":\"Caliber Europe B.V.\",\"description\":\"B2B Webshop\",\"publisher\":{\"@id\":\"https:\/\/b2b.calibereurope.com\/#organization\"},\"potentialAction\":[{\"@type\":\"SearchAction\",\"target\":{\"@type\":\"EntryPoint\",\"urlTemplate\":\"https:\/\/b2b.calibereurope.com\/?s={search_term_string}\"},\"query-input\":{\"@type\":\"PropertyValueSpecification\",\"valueRequired\":true,\"valueName\":\"search_term_string\"}}],\"inLanguage\":\"de\"},{\"@type\":\"Organization\",\"@id\":\"https:\/\/b2b.calibereurope.com\/#organization\",\"name\":\"Caliber Europe B.V.\",\"url\":\"https:\/\/b2b.calibereurope.com\/\",\"logo\":{\"@type\":\"ImageObject\",\"inLanguage\":\"de\",\"@id\":\"https:\/\/b2b.calibereurope.com\/#\/schema\/logo\/image\/\",\"url\":\"https:\/\/b2b.calibereurope.com\/wp-content\/uploads\/2020\/12\/Caliber_Logo-Black.png\",\"contentUrl\":\"https:\/\/b2b.calibereurope.com\/wp-content\/uploads\/2020\/12\/Caliber_Logo-Black.png\",\"width\":3157,\"height\":356,\"caption\":\"Caliber Europe B.V.\"},\"image\":{\"@id\":\"https:\/\/b2b.calibereurope.com\/#\/schema\/logo\/image\/\"}}]}<\/script>\n<!-- \/ Yoast SEO plugin. -->","yoast_head_json":{"title":"Tragbares Radio DAB + mit Weckerfunktion - drahtlos bis zu 8 Stunden - USB - Kopfh\u00f6reranschluss (HPG318DAB) - Caliber Europe B.V.","robots":{"index":"noindex","follow":"follow","max-snippet":"max-snippet:-1","max-image-preview":"max-image-preview:large","max-video-preview":"max-video-preview:-1"},"og_locale":"de_DE","og_type":"article","og_title":"Tragbares Radio DAB + mit Weckerfunktion - drahtlos bis zu 8 Stunden - USB - Kopfh\u00f6reranschluss (HPG318DAB) - Caliber Europe B.V.","og_description":"Wecken Sie jeden Morgen mit Songs aus den Charts auf &#8211; mit dem Caliber HPG318DAB Radiowecker mit DAB plus. H\u00f6ren Sie Ihre Lieblingsnachrichtensender und Radio-DJs \u00fcber DAB+ und UKW-Radio, sowohl drinnen als auch drau\u00dfen. Sie nehmen das tragbare Radio einfach 8 Stunden lang drahtlos mit. Stellen Sie bis zu 10 Voreinstellungen ein, um Ihren Lieblingssender [&hellip;]","og_url":"https:\/\/b2b.calibereurope.com\/de\/produkt\/HPG318DAB-de_DE\/","og_site_name":"Caliber Europe B.V.","article_modified_time":"2025-12-04T13:45:25+00:00","og_image":[{"width":1600,"height":1200,"url":"https:\/\/b2b.calibereurope.com\/wp-content\/uploads\/2021\/10\/4ffc9689b63cac10b82ee86d57a14246ddf2f6ad_HPG318DAB.png","type":"image\/png"}],"twitter_card":"summary_large_image","twitter_misc":{"Gesch\u00e4tzte Lesezeit":"2\u00a0Minuten"},"schema":{"@context":"https:\/\/schema.org","@graph":[{"@type":"WebPage","@id":"https:\/\/b2b.calibereurope.com\/de\/produkt\/HPG318DAB-de_DE\/","url":"https:\/\/b2b.calibereurope.com\/de\/produkt\/HPG318DAB-de_DE\/","name":"Tragbares Radio DAB + mit Weckerfunktion - drahtlos bis zu 8 Stunden - USB - Kopfh\u00f6reranschluss (HPG318DAB) - Caliber Europe B.V.","isPartOf":{"@id":"https:\/\/b2b.calibereurope.com\/#website"},"primaryImageOfPage":{"@id":"https:\/\/b2b.calibereurope.com\/de\/produkt\/HPG318DAB-de_DE\/#primaryimage"},"image":{"@id":"https:\/\/b2b.calibereurope.com\/de\/produkt\/HPG318DAB-de_DE\/#primaryimage"},"thumbnailUrl":"https:\/\/b2b.calibereurope.com\/wp-content\/uploads\/2025\/12\/f4148fde79bb2f83bf6473105adaba5dc4c8b281_HPG318DAB-4.jpg","datePublished":"2025-12-04T00:00:00+00:00","dateModified":"2025-12-04T13:45:25+00:00","breadcrumb":{"@id":"https:\/\/b2b.calibereurope.com\/de\/produkt\/HPG318DAB-de_DE\/#breadcrumb"},"inLanguage":"de","potentialAction":[{"@type":"ReadAction","target":["https:\/\/b2b.calibereurope.com\/de\/produkt\/HPG318DAB-de_DE\/"]}]},{"@type":"ImageObject","inLanguage":"de","@id":"https:\/\/b2b.calibereurope.com\/de\/produkt\/HPG318DAB-de_DE\/#primaryimage","url":"https:\/\/b2b.calibereurope.com\/wp-content\/uploads\/2025\/12\/f4148fde79bb2f83bf6473105adaba5dc4c8b281_HPG318DAB-4.jpg","contentUrl":"https:\/\/b2b.calibereurope.com\/wp-content\/uploads\/2025\/12\/f4148fde79bb2f83bf6473105adaba5dc4c8b281_HPG318DAB-4.jpg","width":2000,"height":2000},{"@type":"BreadcrumbList","@id":"https:\/\/b2b.calibereurope.com\/de\/produkt\/HPG318DAB-de_DE\/#breadcrumb","itemListElement":[{"@type":"ListItem","position":1,"name":"Home","item":"https:\/\/b2b.calibereurope.com\/de\/"},{"@type":"ListItem","position":2,"name":"Shop","item":"https:\/\/b2b.calibereurope.com\/de\/shop\/"},{"@type":"ListItem","position":3,"name":"Tragbares DAB+ Radio &#8211; Mit UKW- und Weckfunktion Eingebauter Akku (HPG318DAB)"}]},{"@type":"WebSite","@id":"https:\/\/b2b.calibereurope.com\/#website","url":"https:\/\/b2b.calibereurope.com\/","name":"Caliber Europe B.V.","description":"B2B Webshop","publisher":{"@id":"https:\/\/b2b.calibereurope.com\/#organization"},"potentialAction":[{"@type":"SearchAction","target":{"@type":"EntryPoint","urlTemplate":"https:\/\/b2b.calibereurope.com\/?s={search_term_string}"},"query-input":{"@type":"PropertyValueSpecification","valueRequired":true,"valueName":"search_term_string"}}],"inLanguage":"de"},{"@type":"Organization","@id":"https:\/\/b2b.calibereurope.com\/#organization","name":"Caliber Europe B.V.","url":"https:\/\/b2b.calibereurope.com\/","logo":{"@type":"ImageObject","inLanguage":"de","@id":"https:\/\/b2b.calibereurope.com\/#\/schema\/logo\/image\/","url":"https:\/\/b2b.calibereurope.com\/wp-content\/uploads\/2020\/12\/Caliber_Logo-Black.png","contentUrl":"https:\/\/b2b.calibereurope.com\/wp-content\/uploads\/2020\/12\/Caliber_Logo-Black.png","width":3157,"height":356,"caption":"Caliber Europe B.V."},"image":{"@id":"https:\/\/b2b.calibereurope.com\/#\/schema\/logo\/image\/"}}]}},"_links":{"self":[{"href":"https:\/\/b2b.calibereurope.com\/de\/wp-json\/wp\/v2\/product\/476533","targetHints":{"allow":["GET"]}}],"collection":[{"href":"https:\/\/b2b.calibereurope.com\/de\/wp-json\/wp\/v2\/product"}],"about":[{"href":"https:\/\/b2b.calibereurope.com\/de\/wp-json\/wp\/v2\/types\/product"}],"version-history":[{"count":0,"href":"https:\/\/b2b.calibereurope.com\/de\/wp-json\/wp\/v2\/product\/476533\/revisions"}],"wp:featuredmedia":[{"embeddable":true,"href":"https:\/\/b2b.calibereurope.com\/de\/wp-json\/wp\/v2\/media\/865970"}],"wp:attachment":[{"href":"https:\/\/b2b.calibereurope.com\/de\/wp-json\/wp\/v2\/media?parent=476533"}],"wp:term":[{"taxonomy":"product_brand","embeddable":true,"href":"https:\/\/b2b.calibereurope.com\/de\/wp-json\/wp\/v2\/product_brand?post=476533"},{"taxonomy":"product_cat","embeddable":true,"href":"https:\/\/b2b.calibereurope.com\/de\/wp-json\/wp\/v2\/product_cat?post=476533"},{"taxonomy":"product_tag","embeddable":true,"href":"https:\/\/b2b.calibereurope.com\/de\/wp-json\/wp\/v2\/product_tag?post=476533"}],"curies":[{"name":"wp","href":"https:\/\/api.w.org\/{rel}","templated":true}]}}