{"id":476565,"date":"2023-09-20T02:00:00","date_gmt":"2023-09-20T00:00:00","guid":{"rendered":""},"modified":"2023-09-20T10:13:35","modified_gmt":"2023-09-20T08:13:35","slug":"PS46-de_DE","status":"publish","type":"product","link":"https:\/\/b2b.calibereurope.com\/de\/produkt\/PS46-de_DE\/","title":{"rendered":"Haus-Ladeger\u00e4t mit 4X USB 4.2A &#8211; Wei\u00df (PS46)"},"content":{"rendered":"<div><span style=\"font-weight: bold;\">Caliber PS46 &#8211; Heimladeger\u00e4t<\/span><\/div>\n<div><span style=\"font-weight: bold;\"><br \/><\/span><\/div>\n<div>Heute hat jeder ein oder oft mehrere mobile Ger\u00e4te. Ein Smartphone oder ein Tablet ist sehr verbreitet. Der Nachteil ist, dass man all diese verschiedenen Ladeger\u00e4te hat. Wenn Sie Ihre Ger\u00e4te aufladen wollen, m\u00fcssen Sie immer um die richtige Steckdose k\u00e4mpfen. Ist das alles f\u00fcr Sie sehr erkennbar? Dann ist das Caliber PS46 Heimladeger\u00e4t die perfekte L\u00f6sung f\u00fcr Sie. Mit diesem praktischen Universal-Ladeger\u00e4t f\u00fcr zu Hause k\u00f6nnen Sie bis zu vier verschiedene Ger\u00e4te aufladen. So k\u00f6nnen Sie mehrere Smartphones gleichzeitig aufladen oder verschiedene Ger\u00e4te wie Ihr Tablet, Smartphone und Ihre Digitalkamera. Alles zur gleichen Zeit und Sie brauchen nur eine Steckdose. Super praktisch, oder?<\/div>\n<div><\/div>\n<div><span style=\"font-weight: bold;\">Ideal auch f\u00fcr unterwegs<\/span><\/div>\n<div><span style=\"font-weight: bold;\"><br \/><\/span><\/div>\n<div>Das Caliber PS46 Heimladeger\u00e4t ist nicht nur Ihr ideales Ladeger\u00e4t f\u00fcr zu Hause. Dieses superpraktische Ladeger\u00e4t wird Ihnen auch auf Reisen voll und ganz gerecht. Sie m\u00fcssen nicht f\u00fcr alle Ihre Ger\u00e4te separate Ladeger\u00e4te mitnehmen. Sie haben schon genug Sachen, die Sie mitnehmen k\u00f6nnen. Und in einem durchschnittlichen Hotelzimmer ist die Anzahl der Steckdosen in der Regel ebenfalls begrenzt. Mit dem Heimladeger\u00e4t PS46 ist dies jedoch \u00fcberhaupt kein Problem.<\/div>\n<div><\/div>\n<div><span style=\"font-weight: bold;\">Eigenschaften des Caliber PS46 &#8211; Home Charger<\/span><\/div>\n<div>Das Caliber PS46 Heimladeger\u00e4t ist ein sehr praktisches 5-Volt-USB-Ladeger\u00e4t. Die Abmessungen betragen nur 33 x 106 x 70 Millimeter (HxLxB). Au\u00dferdem wiegt das Ladeger\u00e4t nur 255 Gramm. Das PS46 ist nur in der Farbe Wei\u00df erh\u00e4ltlich. Es wird mit einem 1,2 Meter langen Kabel geliefert.<\/div>\n<div>Wie bereits erw\u00e4hnt, ist es geeignet, um mehrere Ger\u00e4te mit einer Dockingstation aufzuladen. Es ist mit nicht weniger als 4 USB-Anschl\u00fcssen ausgestattet, so dass Sie 4 Ger\u00e4te gleichzeitig aufladen k\u00f6nnen. Die Gesamtkapazit\u00e4t des Ladeger\u00e4ts betr\u00e4gt 4,2 Ampere. Das Ladeger\u00e4t ist mit einer praktischen LED-Anzeige ausgestattet, so dass Sie sehen k\u00f6nnen, ob es mit Strom versorgt wird (220 V). Die Ausgangsspannung betr\u00e4gt 5 V.<\/div>\n<div>Die Qualit\u00e4t des Ladeger\u00e4ts ist ausgezeichnet. Das Heimladeger\u00e4t PS46 hat eine Garantie von 2 Jahren.<\/div>\n<div><\/div>\n","protected":false},"excerpt":{"rendered":"<p>Caliber PS46 &#8211; Heimladeger\u00e4t Heute hat jeder ein oder oft mehrere mobile Ger\u00e4te. Ein Smartphone oder ein Tablet ist sehr verbreitet. Der Nachteil ist, dass man all diese verschiedenen Ladeger\u00e4te hat. Wenn Sie Ihre Ger\u00e4te aufladen wollen, m\u00fcssen Sie immer um die richtige Steckdose k\u00e4mpfen. Ist das alles f\u00fcr Sie sehr erkennbar? Dann ist das [&hellip;]<\/p>\n","protected":false},"featured_media":833445,"template":"","meta":{"_acf_changed":false,"site-sidebar-layout":"default","site-content-layout":"","ast-site-content-layout":"default","site-content-style":"default","site-sidebar-style":"default","ast-global-header-display":"","ast-banner-title-visibility":"","ast-main-header-display":"","ast-hfb-above-header-display":"","ast-hfb-below-header-display":"","ast-hfb-mobile-header-display":"","site-post-title":"","ast-breadcrumbs-content":"","ast-featured-img":"","footer-sml-layout":"","theme-transparent-header-meta":"","adv-header-id-meta":"","stick-header-meta":"","header-above-stick-meta":"","header-main-stick-meta":"","header-below-stick-meta":"","astra-migrate-meta-layouts":"default","ast-page-background-enabled":"default","ast-page-background-meta":{"desktop":{"background-color":"","background-image":"","background-repeat":"repeat","background-position":"center center","background-size":"auto","background-attachment":"scroll","background-type":"","background-media":"","overlay-type":"","overlay-color":"","overlay-opacity":"","overlay-gradient":""},"tablet":{"background-color":"","background-image":"","background-repeat":"repeat","background-position":"center center","background-size":"auto","background-attachment":"scroll","background-type":"","background-media":"","overlay-type":"","overlay-color":"","overlay-opacity":"","overlay-gradient":""},"mobile":{"background-color":"","background-image":"","background-repeat":"repeat","background-position":"center center","background-size":"auto","background-attachment":"scroll","background-type":"","background-media":"","overlay-type":"","overlay-color":"","overlay-opacity":"","overlay-gradient":""}},"ast-content-background-meta":{"desktop":{"background-color":"var(--ast-global-color-5)","background-image":"","background-repeat":"repeat","background-position":"center center","background-size":"auto","background-attachment":"scroll","background-type":"","background-media":"","overlay-type":"","overlay-color":"","overlay-opacity":"","overlay-gradient":""},"tablet":{"background-color":"var(--ast-global-color-5)","background-image":"","background-repeat":"repeat","background-position":"center center","background-size":"auto","background-attachment":"scroll","background-type":"","background-media":"","overlay-type":"","overlay-color":"","overlay-opacity":"","overlay-gradient":""},"mobile":{"background-color":"var(--ast-global-color-5)","background-image":"","background-repeat":"repeat","background-position":"center center","background-size":"auto","background-attachment":"scroll","background-type":"","background-media":"","overlay-type":"","overlay-color":"","overlay-opacity":"","overlay-gradient":""}}},"product_brand":[],"product_cat":[22956],"product_tag":[],"class_list":{"0":"post-476565","1":"product","2":"type-product","3":"status-publish","4":"has-post-thumbnail","6":"product_cat-keine-kategorie","7":"desktop-align-center","8":"tablet-align-center","9":"mobile-align-center","10":"ast-product-gallery-layout-horizontal","11":"ast-product-tabs-layout-horizontal","13":"first","14":"outofstock","15":"taxable","16":"shipping-taxable","17":"purchasable","18":"product-type-simple"},"acf":[],"yoast_head":"<!-- This site is optimized with the Yoast SEO plugin v26.5 - https:\/\/yoast.com\/wordpress\/plugins\/seo\/ -->\n<title>Haus-Ladeger\u00e4t mit 4X USB 4.2A - Wei\u00df (PS46) - Caliber Europe B.V.<\/title>\n<meta name=\"robots\" content=\"noindex, follow, max-snippet:-1, max-image-preview:large, max-video-preview:-1\" \/>\n<meta property=\"og:locale\" content=\"de_DE\" \/>\n<meta property=\"og:type\" content=\"article\" \/>\n<meta property=\"og:title\" content=\"Haus-Ladeger\u00e4t mit 4X USB 4.2A - Wei\u00df (PS46) - Caliber Europe B.V.\" \/>\n<meta property=\"og:description\" content=\"Caliber PS46 &#8211; Heimladeger\u00e4t Heute hat jeder ein oder oft mehrere mobile Ger\u00e4te. Ein Smartphone oder ein Tablet ist sehr verbreitet. Der Nachteil ist, dass man all diese verschiedenen Ladeger\u00e4te hat. Wenn Sie Ihre Ger\u00e4te aufladen wollen, m\u00fcssen Sie immer um die richtige Steckdose k\u00e4mpfen. Ist das alles f\u00fcr Sie sehr erkennbar? Dann ist das [&hellip;]\" \/>\n<meta property=\"og:url\" content=\"https:\/\/b2b.calibereurope.com\/de\/produkt\/ps46-de_de\/\" \/>\n<meta property=\"og:site_name\" content=\"Caliber Europe B.V.\" \/>\n<meta property=\"article:modified_time\" content=\"2023-09-20T08:13:35+00:00\" \/>\n<meta property=\"og:image\" content=\"https:\/\/b2b.calibereurope.com\/wp-content\/uploads\/2021\/09\/b65d4cdab03ddc63a22a08c7f1ba3673961c568e_PS46_4xUSB.jpg\" \/>\n\t<meta property=\"og:image:width\" content=\"1024\" \/>\n\t<meta property=\"og:image:height\" content=\"768\" \/>\n\t<meta property=\"og:image:type\" content=\"image\/jpeg\" \/>\n<meta name=\"twitter:card\" content=\"summary_large_image\" \/>\n<meta name=\"twitter:label1\" content=\"Gesch\u00e4tzte Lesezeit\" \/>\n\t<meta name=\"twitter:data1\" content=\"2\u00a0Minuten\" \/>\n<script type=\"application\/ld+json\" class=\"yoast-schema-graph\">{\"@context\":\"https:\/\/schema.org\",\"@graph\":[{\"@type\":\"WebPage\",\"@id\":\"https:\/\/b2b.calibereurope.com\/de\/produkt\/ps46-de_de\/\",\"url\":\"https:\/\/b2b.calibereurope.com\/de\/produkt\/ps46-de_de\/\",\"name\":\"Haus-Ladeger\u00e4t mit 4X USB 4.2A - Wei\u00df (PS46) - Caliber Europe B.V.\",\"isPartOf\":{\"@id\":\"https:\/\/b2b.calibereurope.com\/#website\"},\"primaryImageOfPage\":{\"@id\":\"https:\/\/b2b.calibereurope.com\/de\/produkt\/ps46-de_de\/#primaryimage\"},\"image\":{\"@id\":\"https:\/\/b2b.calibereurope.com\/de\/produkt\/ps46-de_de\/#primaryimage\"},\"thumbnailUrl\":\"https:\/\/b2b.calibereurope.com\/wp-content\/uploads\/2023\/09\/b65d4cdab03ddc63a22a08c7f1ba3673961c568e_PS46_4xUSB.jpg\",\"datePublished\":\"2023-09-20T00:00:00+00:00\",\"dateModified\":\"2023-09-20T08:13:35+00:00\",\"breadcrumb\":{\"@id\":\"https:\/\/b2b.calibereurope.com\/de\/produkt\/ps46-de_de\/#breadcrumb\"},\"inLanguage\":\"de\",\"potentialAction\":[{\"@type\":\"ReadAction\",\"target\":[\"https:\/\/b2b.calibereurope.com\/de\/produkt\/ps46-de_de\/\"]}]},{\"@type\":\"ImageObject\",\"inLanguage\":\"de\",\"@id\":\"https:\/\/b2b.calibereurope.com\/de\/produkt\/ps46-de_de\/#primaryimage\",\"url\":\"https:\/\/b2b.calibereurope.com\/wp-content\/uploads\/2023\/09\/b65d4cdab03ddc63a22a08c7f1ba3673961c568e_PS46_4xUSB.jpg\",\"contentUrl\":\"https:\/\/b2b.calibereurope.com\/wp-content\/uploads\/2023\/09\/b65d4cdab03ddc63a22a08c7f1ba3673961c568e_PS46_4xUSB.jpg\",\"width\":1024,\"height\":768},{\"@type\":\"BreadcrumbList\",\"@id\":\"https:\/\/b2b.calibereurope.com\/de\/produkt\/ps46-de_de\/#breadcrumb\",\"itemListElement\":[{\"@type\":\"ListItem\",\"position\":1,\"name\":\"Home\",\"item\":\"https:\/\/b2b.calibereurope.com\/de\/\"},{\"@type\":\"ListItem\",\"position\":2,\"name\":\"Shop\",\"item\":\"https:\/\/b2b.calibereurope.com\/de\/shop\/\"},{\"@type\":\"ListItem\",\"position\":3,\"name\":\"Haus-Ladeger\u00e4t mit 4X USB 4.2A &#8211; Wei\u00df (PS46)\"}]},{\"@type\":\"WebSite\",\"@id\":\"https:\/\/b2b.calibereurope.com\/#website\",\"url\":\"https:\/\/b2b.calibereurope.com\/\",\"name\":\"Caliber Europe B.V.\",\"description\":\"B2B Webshop\",\"publisher\":{\"@id\":\"https:\/\/b2b.calibereurope.com\/#organization\"},\"potentialAction\":[{\"@type\":\"SearchAction\",\"target\":{\"@type\":\"EntryPoint\",\"urlTemplate\":\"https:\/\/b2b.calibereurope.com\/?s={search_term_string}\"},\"query-input\":{\"@type\":\"PropertyValueSpecification\",\"valueRequired\":true,\"valueName\":\"search_term_string\"}}],\"inLanguage\":\"de\"},{\"@type\":\"Organization\",\"@id\":\"https:\/\/b2b.calibereurope.com\/#organization\",\"name\":\"Caliber Europe B.V.\",\"url\":\"https:\/\/b2b.calibereurope.com\/\",\"logo\":{\"@type\":\"ImageObject\",\"inLanguage\":\"de\",\"@id\":\"https:\/\/b2b.calibereurope.com\/#\/schema\/logo\/image\/\",\"url\":\"https:\/\/b2b.calibereurope.com\/wp-content\/uploads\/2020\/12\/Caliber_Logo-Black.png\",\"contentUrl\":\"https:\/\/b2b.calibereurope.com\/wp-content\/uploads\/2020\/12\/Caliber_Logo-Black.png\",\"width\":3157,\"height\":356,\"caption\":\"Caliber Europe B.V.\"},\"image\":{\"@id\":\"https:\/\/b2b.calibereurope.com\/#\/schema\/logo\/image\/\"}}]}<\/script>\n<!-- \/ Yoast SEO plugin. -->","yoast_head_json":{"title":"Haus-Ladeger\u00e4t mit 4X USB 4.2A - Wei\u00df (PS46) - Caliber Europe B.V.","robots":{"index":"noindex","follow":"follow","max-snippet":"max-snippet:-1","max-image-preview":"max-image-preview:large","max-video-preview":"max-video-preview:-1"},"og_locale":"de_DE","og_type":"article","og_title":"Haus-Ladeger\u00e4t mit 4X USB 4.2A - Wei\u00df (PS46) - Caliber Europe B.V.","og_description":"Caliber PS46 &#8211; Heimladeger\u00e4t Heute hat jeder ein oder oft mehrere mobile Ger\u00e4te. Ein Smartphone oder ein Tablet ist sehr verbreitet. Der Nachteil ist, dass man all diese verschiedenen Ladeger\u00e4te hat. Wenn Sie Ihre Ger\u00e4te aufladen wollen, m\u00fcssen Sie immer um die richtige Steckdose k\u00e4mpfen. Ist das alles f\u00fcr Sie sehr erkennbar? Dann ist das [&hellip;]","og_url":"https:\/\/b2b.calibereurope.com\/de\/produkt\/ps46-de_de\/","og_site_name":"Caliber Europe B.V.","article_modified_time":"2023-09-20T08:13:35+00:00","og_image":[{"width":1024,"height":768,"url":"https:\/\/b2b.calibereurope.com\/wp-content\/uploads\/2021\/09\/b65d4cdab03ddc63a22a08c7f1ba3673961c568e_PS46_4xUSB.jpg","type":"image\/jpeg"}],"twitter_card":"summary_large_image","twitter_misc":{"Gesch\u00e4tzte Lesezeit":"2\u00a0Minuten"},"schema":{"@context":"https:\/\/schema.org","@graph":[{"@type":"WebPage","@id":"https:\/\/b2b.calibereurope.com\/de\/produkt\/ps46-de_de\/","url":"https:\/\/b2b.calibereurope.com\/de\/produkt\/ps46-de_de\/","name":"Haus-Ladeger\u00e4t mit 4X USB 4.2A - Wei\u00df (PS46) - Caliber Europe B.V.","isPartOf":{"@id":"https:\/\/b2b.calibereurope.com\/#website"},"primaryImageOfPage":{"@id":"https:\/\/b2b.calibereurope.com\/de\/produkt\/ps46-de_de\/#primaryimage"},"image":{"@id":"https:\/\/b2b.calibereurope.com\/de\/produkt\/ps46-de_de\/#primaryimage"},"thumbnailUrl":"https:\/\/b2b.calibereurope.com\/wp-content\/uploads\/2023\/09\/b65d4cdab03ddc63a22a08c7f1ba3673961c568e_PS46_4xUSB.jpg","datePublished":"2023-09-20T00:00:00+00:00","dateModified":"2023-09-20T08:13:35+00:00","breadcrumb":{"@id":"https:\/\/b2b.calibereurope.com\/de\/produkt\/ps46-de_de\/#breadcrumb"},"inLanguage":"de","potentialAction":[{"@type":"ReadAction","target":["https:\/\/b2b.calibereurope.com\/de\/produkt\/ps46-de_de\/"]}]},{"@type":"ImageObject","inLanguage":"de","@id":"https:\/\/b2b.calibereurope.com\/de\/produkt\/ps46-de_de\/#primaryimage","url":"https:\/\/b2b.calibereurope.com\/wp-content\/uploads\/2023\/09\/b65d4cdab03ddc63a22a08c7f1ba3673961c568e_PS46_4xUSB.jpg","contentUrl":"https:\/\/b2b.calibereurope.com\/wp-content\/uploads\/2023\/09\/b65d4cdab03ddc63a22a08c7f1ba3673961c568e_PS46_4xUSB.jpg","width":1024,"height":768},{"@type":"BreadcrumbList","@id":"https:\/\/b2b.calibereurope.com\/de\/produkt\/ps46-de_de\/#breadcrumb","itemListElement":[{"@type":"ListItem","position":1,"name":"Home","item":"https:\/\/b2b.calibereurope.com\/de\/"},{"@type":"ListItem","position":2,"name":"Shop","item":"https:\/\/b2b.calibereurope.com\/de\/shop\/"},{"@type":"ListItem","position":3,"name":"Haus-Ladeger\u00e4t mit 4X USB 4.2A &#8211; Wei\u00df (PS46)"}]},{"@type":"WebSite","@id":"https:\/\/b2b.calibereurope.com\/#website","url":"https:\/\/b2b.calibereurope.com\/","name":"Caliber Europe B.V.","description":"B2B Webshop","publisher":{"@id":"https:\/\/b2b.calibereurope.com\/#organization"},"potentialAction":[{"@type":"SearchAction","target":{"@type":"EntryPoint","urlTemplate":"https:\/\/b2b.calibereurope.com\/?s={search_term_string}"},"query-input":{"@type":"PropertyValueSpecification","valueRequired":true,"valueName":"search_term_string"}}],"inLanguage":"de"},{"@type":"Organization","@id":"https:\/\/b2b.calibereurope.com\/#organization","name":"Caliber Europe B.V.","url":"https:\/\/b2b.calibereurope.com\/","logo":{"@type":"ImageObject","inLanguage":"de","@id":"https:\/\/b2b.calibereurope.com\/#\/schema\/logo\/image\/","url":"https:\/\/b2b.calibereurope.com\/wp-content\/uploads\/2020\/12\/Caliber_Logo-Black.png","contentUrl":"https:\/\/b2b.calibereurope.com\/wp-content\/uploads\/2020\/12\/Caliber_Logo-Black.png","width":3157,"height":356,"caption":"Caliber Europe B.V."},"image":{"@id":"https:\/\/b2b.calibereurope.com\/#\/schema\/logo\/image\/"}}]}},"_links":{"self":[{"href":"https:\/\/b2b.calibereurope.com\/de\/wp-json\/wp\/v2\/product\/476565","targetHints":{"allow":["GET"]}}],"collection":[{"href":"https:\/\/b2b.calibereurope.com\/de\/wp-json\/wp\/v2\/product"}],"about":[{"href":"https:\/\/b2b.calibereurope.com\/de\/wp-json\/wp\/v2\/types\/product"}],"version-history":[{"count":0,"href":"https:\/\/b2b.calibereurope.com\/de\/wp-json\/wp\/v2\/product\/476565\/revisions"}],"wp:featuredmedia":[{"embeddable":true,"href":"https:\/\/b2b.calibereurope.com\/de\/wp-json\/wp\/v2\/media\/833445"}],"wp:attachment":[{"href":"https:\/\/b2b.calibereurope.com\/de\/wp-json\/wp\/v2\/media?parent=476565"}],"wp:term":[{"taxonomy":"product_brand","embeddable":true,"href":"https:\/\/b2b.calibereurope.com\/de\/wp-json\/wp\/v2\/product_brand?post=476565"},{"taxonomy":"product_cat","embeddable":true,"href":"https:\/\/b2b.calibereurope.com\/de\/wp-json\/wp\/v2\/product_cat?post=476565"},{"taxonomy":"product_tag","embeddable":true,"href":"https:\/\/b2b.calibereurope.com\/de\/wp-json\/wp\/v2\/product_tag?post=476565"}],"curies":[{"name":"wp","href":"https:\/\/api.w.org\/{rel}","templated":true}]}}