{"id":476609,"date":"2024-03-13T01:00:00","date_gmt":"2024-03-13T00:00:00","guid":{"rendered":""},"modified":"2024-03-13T14:18:45","modified_gmt":"2024-03-13T13:18:45","slug":"HPA605BT-de_DE","status":"publish","type":"product","link":"https:\/\/b2b.calibereurope.com\/de\/produkt\/HPA605BT-de_DE\/","title":{"rendered":"Bluetooth\u00ae Technologie-Trolley-Lautsprecher &#8211; mit USB Akku Mikrofon TWS (Party-Large HPA605BT)"},"content":{"rendered":"<p>Der Caliber Party-Large HPA605BT Bluetooth\u00ae Technologie-Trolley-Lautsprecher l\u00e4sst sich leicht zu jeder Party oder Karaoke-Session mitnehmen. Dieser Monitorlautsprecher von Format ist mit Rollen ausgestattet, so dass Sie ihn wie einen Trolley leicht transportieren k\u00f6nnen, ohne ihn anheben zu m\u00fcssen. Mit einer Ausgangsleistung von 250 Watt hat der Lautsprecher genug Power, um eine gro\u00dfe Gruppe von Personen mit Musik zu versorgen. Ob im Garten, im Partyraum oder in der Firmenkantine. Um den Lautsprecher richtig zu positionieren, ist ein St\u00e4nder im Lieferumfang enthalten. Diese kann von einer H\u00f6he von 73 bis 100 cm eingestellt werden.<\/p>\n<p><span style=\"font-weight: bold;\">Karaoke<\/span><\/p>\n<p>Der Party-Large HPA605BT verf\u00fcgt \u00fcber die Karaoke Sing-Along-Funktion. Schalten Sie ihn ein und der Lautsprecher reduziert die Lautst\u00e4rke des Gesangs, so dass Sie Ihre Lieblingssongs in echte Karaoke-Titel verwandeln k\u00f6nnen. Koppeln Sie einfach das kabellose Mikrofon Caliber HPA605MIC1, das im Lieferumfang enthalten ist, und singen Sie auf Ihrer Karaoke-Party mit. Wenn Sie mit 2e mitsingen wollen, dann gibt es einen weiteren HPA605MIC2, der separat erh\u00e4ltlich ist.<\/p>\n<p><span style=\"font-weight: bold;\">Anschlussm\u00f6glichkeiten<\/span><\/p>\n<p>\u00dcber Bluetooth\u00ae Technologie wird der Party-Large HPA605BT kabellos mit einer Musikquelle wie Ihrem Smartphone, Tablet oder Laptop verbunden. W\u00fcrden Sie lieber einen USB-Stick oder eine SD-Karte zum Abspielen von Musik verwenden? Auch das ist m\u00f6glich, wenn Sie die daf\u00fcr vorgesehenen Ports verwenden. Sie haben bereits ein Mikrofon? Schlie\u00dfen Sie es dann an einen der beiden XLR-Anschl\u00fcsse an.<\/p>\n<p><span style=\"font-weight: bold;\">Extra Lautsprecher<\/span><\/p>\n<p>Dank der TWS-Funktion (True Wireless System) k\u00f6nnen Sie den Party-Large HPA605BT mit einem anderen Lautsprecher verbinden. Auf diese Weise k\u00f6nnen Sie ein Set von Trolley-Lautsprechern in ein Stereo-Setup verwandeln, das mehr Lautst\u00e4rke und einen breiteren Klang bietet.<\/p>\n<p><span style=\"font-weight: bold;\">Betrieb und Batterie<\/span><\/p>\n<p>Auf der Vorderseite befinden sich Bedienelemente f\u00fcr Wiedergabe, Pause, Zur\u00fcck, Weiter und Wiederholung. Sie k\u00f6nnen die Musik mit dem Eingang des Mikrofons ausgleichen, indem Sie zwei separate Lautst\u00e4rketasten verwenden. Au\u00dferdem k\u00f6nnen Sie mit den Reglern f\u00fcr H\u00f6hen, B\u00e4sse und Echo die Musik so einstellen, wie Sie sie m\u00f6gen. Dank der mitgelieferten Fernbedienung m\u00fcssen Sie nicht zum Lautsprecher gehen, um ihn zu bedienen. Der Party-Large HPA605BT hat einen eingebauten Akku, der bis zu 3 Stunden Spielzeit garantiert. Sie sind also nicht unbedingt an einen Ort mit Stromanschluss gebunden.<\/p>\n","protected":false},"excerpt":{"rendered":"<p>Der Caliber Party-Large HPA605BT Bluetooth\u00ae Technologie-Trolley-Lautsprecher l\u00e4sst sich leicht zu jeder Party oder Karaoke-Session mitnehmen. Dieser Monitorlautsprecher von Format ist mit Rollen ausgestattet, so dass Sie ihn wie einen Trolley leicht transportieren k\u00f6nnen, ohne ihn anheben zu m\u00fcssen. Mit einer Ausgangsleistung von 250 Watt hat der Lautsprecher genug Power, um eine gro\u00dfe Gruppe von Personen [&hellip;]<\/p>\n","protected":false},"featured_media":842714,"template":"","meta":{"_acf_changed":false,"site-sidebar-layout":"default","site-content-layout":"","ast-site-content-layout":"default","site-content-style":"default","site-sidebar-style":"default","ast-global-header-display":"","ast-banner-title-visibility":"","ast-main-header-display":"","ast-hfb-above-header-display":"","ast-hfb-below-header-display":"","ast-hfb-mobile-header-display":"","site-post-title":"","ast-breadcrumbs-content":"","ast-featured-img":"","footer-sml-layout":"","theme-transparent-header-meta":"","adv-header-id-meta":"","stick-header-meta":"","header-above-stick-meta":"","header-main-stick-meta":"","header-below-stick-meta":"","astra-migrate-meta-layouts":"default","ast-page-background-enabled":"default","ast-page-background-meta":{"desktop":{"background-color":"","background-image":"","background-repeat":"repeat","background-position":"center center","background-size":"auto","background-attachment":"scroll","background-type":"","background-media":"","overlay-type":"","overlay-color":"","overlay-opacity":"","overlay-gradient":""},"tablet":{"background-color":"","background-image":"","background-repeat":"repeat","background-position":"center center","background-size":"auto","background-attachment":"scroll","background-type":"","background-media":"","overlay-type":"","overlay-color":"","overlay-opacity":"","overlay-gradient":""},"mobile":{"background-color":"","background-image":"","background-repeat":"repeat","background-position":"center center","background-size":"auto","background-attachment":"scroll","background-type":"","background-media":"","overlay-type":"","overlay-color":"","overlay-opacity":"","overlay-gradient":""}},"ast-content-background-meta":{"desktop":{"background-color":"var(--ast-global-color-5)","background-image":"","background-repeat":"repeat","background-position":"center center","background-size":"auto","background-attachment":"scroll","background-type":"","background-media":"","overlay-type":"","overlay-color":"","overlay-opacity":"","overlay-gradient":""},"tablet":{"background-color":"var(--ast-global-color-5)","background-image":"","background-repeat":"repeat","background-position":"center center","background-size":"auto","background-attachment":"scroll","background-type":"","background-media":"","overlay-type":"","overlay-color":"","overlay-opacity":"","overlay-gradient":""},"mobile":{"background-color":"var(--ast-global-color-5)","background-image":"","background-repeat":"repeat","background-position":"center center","background-size":"auto","background-attachment":"scroll","background-type":"","background-media":"","overlay-type":"","overlay-color":"","overlay-opacity":"","overlay-gradient":""}}},"product_brand":[],"product_cat":[22956],"product_tag":[],"class_list":{"0":"post-476609","1":"product","2":"type-product","3":"status-publish","4":"has-post-thumbnail","6":"product_cat-keine-kategorie","7":"desktop-align-center","8":"tablet-align-center","9":"mobile-align-center","10":"ast-product-gallery-layout-horizontal","11":"ast-product-tabs-layout-horizontal","13":"first","14":"outofstock","15":"taxable","16":"shipping-taxable","17":"purchasable","18":"product-type-simple"},"acf":[],"yoast_head":"<!-- This site is optimized with the Yoast SEO plugin v26.5 - https:\/\/yoast.com\/wordpress\/plugins\/seo\/ -->\n<title>Bluetooth\u00ae Technologie-Trolley-Lautsprecher - mit USB Akku Mikrofon TWS (Party-Large HPA605BT) - Caliber Europe B.V.<\/title>\n<meta name=\"robots\" content=\"noindex, follow, max-snippet:-1, max-image-preview:large, max-video-preview:-1\" \/>\n<meta property=\"og:locale\" content=\"de_DE\" \/>\n<meta property=\"og:type\" content=\"article\" \/>\n<meta property=\"og:title\" content=\"Bluetooth\u00ae Technologie-Trolley-Lautsprecher - mit USB Akku Mikrofon TWS (Party-Large HPA605BT) - Caliber Europe B.V.\" \/>\n<meta property=\"og:description\" content=\"Der Caliber Party-Large HPA605BT Bluetooth\u00ae Technologie-Trolley-Lautsprecher l\u00e4sst sich leicht zu jeder Party oder Karaoke-Session mitnehmen. Dieser Monitorlautsprecher von Format ist mit Rollen ausgestattet, so dass Sie ihn wie einen Trolley leicht transportieren k\u00f6nnen, ohne ihn anheben zu m\u00fcssen. Mit einer Ausgangsleistung von 250 Watt hat der Lautsprecher genug Power, um eine gro\u00dfe Gruppe von Personen [&hellip;]\" \/>\n<meta property=\"og:url\" content=\"https:\/\/b2b.calibereurope.com\/de\/produkt\/HPA605BT-de_DE\/\" \/>\n<meta property=\"og:site_name\" content=\"Caliber Europe B.V.\" \/>\n<meta property=\"article:modified_time\" content=\"2024-03-13T13:18:45+00:00\" \/>\n<meta property=\"og:image\" content=\"https:\/\/b2b.calibereurope.com\/wp-content\/uploads\/2021\/11\/3bee301bcb725345041e0070a621e3eb683ef9ae_HPA605BT.jpg\" \/>\n\t<meta property=\"og:image:width\" content=\"1024\" \/>\n\t<meta property=\"og:image:height\" content=\"768\" \/>\n\t<meta property=\"og:image:type\" content=\"image\/jpeg\" \/>\n<meta name=\"twitter:card\" content=\"summary_large_image\" \/>\n<meta name=\"twitter:label1\" content=\"Gesch\u00e4tzte Lesezeit\" \/>\n\t<meta name=\"twitter:data1\" content=\"2\u00a0Minuten\" \/>\n<script type=\"application\/ld+json\" class=\"yoast-schema-graph\">{\"@context\":\"https:\/\/schema.org\",\"@graph\":[{\"@type\":\"WebPage\",\"@id\":\"https:\/\/b2b.calibereurope.com\/de\/produkt\/HPA605BT-de_DE\/\",\"url\":\"https:\/\/b2b.calibereurope.com\/de\/produkt\/HPA605BT-de_DE\/\",\"name\":\"Bluetooth\u00ae Technologie-Trolley-Lautsprecher - mit USB Akku Mikrofon TWS (Party-Large HPA605BT) - Caliber Europe B.V.\",\"isPartOf\":{\"@id\":\"https:\/\/b2b.calibereurope.com\/#website\"},\"primaryImageOfPage\":{\"@id\":\"https:\/\/b2b.calibereurope.com\/de\/produkt\/HPA605BT-de_DE\/#primaryimage\"},\"image\":{\"@id\":\"https:\/\/b2b.calibereurope.com\/de\/produkt\/HPA605BT-de_DE\/#primaryimage\"},\"thumbnailUrl\":\"https:\/\/b2b.calibereurope.com\/wp-content\/uploads\/2024\/03\/3aabfc5e37c8df2c75e69c2bfe9cf50968e98aad_HPA605BT.jpg\",\"datePublished\":\"2024-03-13T00:00:00+00:00\",\"dateModified\":\"2024-03-13T13:18:45+00:00\",\"breadcrumb\":{\"@id\":\"https:\/\/b2b.calibereurope.com\/de\/produkt\/HPA605BT-de_DE\/#breadcrumb\"},\"inLanguage\":\"de\",\"potentialAction\":[{\"@type\":\"ReadAction\",\"target\":[\"https:\/\/b2b.calibereurope.com\/de\/produkt\/HPA605BT-de_DE\/\"]}]},{\"@type\":\"ImageObject\",\"inLanguage\":\"de\",\"@id\":\"https:\/\/b2b.calibereurope.com\/de\/produkt\/HPA605BT-de_DE\/#primaryimage\",\"url\":\"https:\/\/b2b.calibereurope.com\/wp-content\/uploads\/2024\/03\/3aabfc5e37c8df2c75e69c2bfe9cf50968e98aad_HPA605BT.jpg\",\"contentUrl\":\"https:\/\/b2b.calibereurope.com\/wp-content\/uploads\/2024\/03\/3aabfc5e37c8df2c75e69c2bfe9cf50968e98aad_HPA605BT.jpg\",\"width\":1024,\"height\":768},{\"@type\":\"BreadcrumbList\",\"@id\":\"https:\/\/b2b.calibereurope.com\/de\/produkt\/HPA605BT-de_DE\/#breadcrumb\",\"itemListElement\":[{\"@type\":\"ListItem\",\"position\":1,\"name\":\"Home\",\"item\":\"https:\/\/b2b.calibereurope.com\/de\/\"},{\"@type\":\"ListItem\",\"position\":2,\"name\":\"Shop\",\"item\":\"https:\/\/b2b.calibereurope.com\/de\/shop\/\"},{\"@type\":\"ListItem\",\"position\":3,\"name\":\"Bluetooth-Trolley-Lautsprecher &#8211; mit Akku Mikrofon (HPA605BT)\"}]},{\"@type\":\"WebSite\",\"@id\":\"https:\/\/b2b.calibereurope.com\/#website\",\"url\":\"https:\/\/b2b.calibereurope.com\/\",\"name\":\"Caliber Europe B.V.\",\"description\":\"B2B Webshop\",\"publisher\":{\"@id\":\"https:\/\/b2b.calibereurope.com\/#organization\"},\"potentialAction\":[{\"@type\":\"SearchAction\",\"target\":{\"@type\":\"EntryPoint\",\"urlTemplate\":\"https:\/\/b2b.calibereurope.com\/?s={search_term_string}\"},\"query-input\":{\"@type\":\"PropertyValueSpecification\",\"valueRequired\":true,\"valueName\":\"search_term_string\"}}],\"inLanguage\":\"de\"},{\"@type\":\"Organization\",\"@id\":\"https:\/\/b2b.calibereurope.com\/#organization\",\"name\":\"Caliber Europe B.V.\",\"url\":\"https:\/\/b2b.calibereurope.com\/\",\"logo\":{\"@type\":\"ImageObject\",\"inLanguage\":\"de\",\"@id\":\"https:\/\/b2b.calibereurope.com\/#\/schema\/logo\/image\/\",\"url\":\"https:\/\/b2b.calibereurope.com\/wp-content\/uploads\/2020\/12\/Caliber_Logo-Black.png\",\"contentUrl\":\"https:\/\/b2b.calibereurope.com\/wp-content\/uploads\/2020\/12\/Caliber_Logo-Black.png\",\"width\":3157,\"height\":356,\"caption\":\"Caliber Europe B.V.\"},\"image\":{\"@id\":\"https:\/\/b2b.calibereurope.com\/#\/schema\/logo\/image\/\"}}]}<\/script>\n<!-- \/ Yoast SEO plugin. -->","yoast_head_json":{"title":"Bluetooth\u00ae Technologie-Trolley-Lautsprecher - mit USB Akku Mikrofon TWS (Party-Large HPA605BT) - Caliber Europe B.V.","robots":{"index":"noindex","follow":"follow","max-snippet":"max-snippet:-1","max-image-preview":"max-image-preview:large","max-video-preview":"max-video-preview:-1"},"og_locale":"de_DE","og_type":"article","og_title":"Bluetooth\u00ae Technologie-Trolley-Lautsprecher - mit USB Akku Mikrofon TWS (Party-Large HPA605BT) - Caliber Europe B.V.","og_description":"Der Caliber Party-Large HPA605BT Bluetooth\u00ae Technologie-Trolley-Lautsprecher l\u00e4sst sich leicht zu jeder Party oder Karaoke-Session mitnehmen. Dieser Monitorlautsprecher von Format ist mit Rollen ausgestattet, so dass Sie ihn wie einen Trolley leicht transportieren k\u00f6nnen, ohne ihn anheben zu m\u00fcssen. Mit einer Ausgangsleistung von 250 Watt hat der Lautsprecher genug Power, um eine gro\u00dfe Gruppe von Personen [&hellip;]","og_url":"https:\/\/b2b.calibereurope.com\/de\/produkt\/HPA605BT-de_DE\/","og_site_name":"Caliber Europe B.V.","article_modified_time":"2024-03-13T13:18:45+00:00","og_image":[{"width":1024,"height":768,"url":"https:\/\/b2b.calibereurope.com\/wp-content\/uploads\/2021\/11\/3bee301bcb725345041e0070a621e3eb683ef9ae_HPA605BT.jpg","type":"image\/jpeg"}],"twitter_card":"summary_large_image","twitter_misc":{"Gesch\u00e4tzte Lesezeit":"2\u00a0Minuten"},"schema":{"@context":"https:\/\/schema.org","@graph":[{"@type":"WebPage","@id":"https:\/\/b2b.calibereurope.com\/de\/produkt\/HPA605BT-de_DE\/","url":"https:\/\/b2b.calibereurope.com\/de\/produkt\/HPA605BT-de_DE\/","name":"Bluetooth\u00ae Technologie-Trolley-Lautsprecher - mit USB Akku Mikrofon TWS (Party-Large HPA605BT) - Caliber Europe B.V.","isPartOf":{"@id":"https:\/\/b2b.calibereurope.com\/#website"},"primaryImageOfPage":{"@id":"https:\/\/b2b.calibereurope.com\/de\/produkt\/HPA605BT-de_DE\/#primaryimage"},"image":{"@id":"https:\/\/b2b.calibereurope.com\/de\/produkt\/HPA605BT-de_DE\/#primaryimage"},"thumbnailUrl":"https:\/\/b2b.calibereurope.com\/wp-content\/uploads\/2024\/03\/3aabfc5e37c8df2c75e69c2bfe9cf50968e98aad_HPA605BT.jpg","datePublished":"2024-03-13T00:00:00+00:00","dateModified":"2024-03-13T13:18:45+00:00","breadcrumb":{"@id":"https:\/\/b2b.calibereurope.com\/de\/produkt\/HPA605BT-de_DE\/#breadcrumb"},"inLanguage":"de","potentialAction":[{"@type":"ReadAction","target":["https:\/\/b2b.calibereurope.com\/de\/produkt\/HPA605BT-de_DE\/"]}]},{"@type":"ImageObject","inLanguage":"de","@id":"https:\/\/b2b.calibereurope.com\/de\/produkt\/HPA605BT-de_DE\/#primaryimage","url":"https:\/\/b2b.calibereurope.com\/wp-content\/uploads\/2024\/03\/3aabfc5e37c8df2c75e69c2bfe9cf50968e98aad_HPA605BT.jpg","contentUrl":"https:\/\/b2b.calibereurope.com\/wp-content\/uploads\/2024\/03\/3aabfc5e37c8df2c75e69c2bfe9cf50968e98aad_HPA605BT.jpg","width":1024,"height":768},{"@type":"BreadcrumbList","@id":"https:\/\/b2b.calibereurope.com\/de\/produkt\/HPA605BT-de_DE\/#breadcrumb","itemListElement":[{"@type":"ListItem","position":1,"name":"Home","item":"https:\/\/b2b.calibereurope.com\/de\/"},{"@type":"ListItem","position":2,"name":"Shop","item":"https:\/\/b2b.calibereurope.com\/de\/shop\/"},{"@type":"ListItem","position":3,"name":"Bluetooth-Trolley-Lautsprecher &#8211; mit Akku Mikrofon (HPA605BT)"}]},{"@type":"WebSite","@id":"https:\/\/b2b.calibereurope.com\/#website","url":"https:\/\/b2b.calibereurope.com\/","name":"Caliber Europe B.V.","description":"B2B Webshop","publisher":{"@id":"https:\/\/b2b.calibereurope.com\/#organization"},"potentialAction":[{"@type":"SearchAction","target":{"@type":"EntryPoint","urlTemplate":"https:\/\/b2b.calibereurope.com\/?s={search_term_string}"},"query-input":{"@type":"PropertyValueSpecification","valueRequired":true,"valueName":"search_term_string"}}],"inLanguage":"de"},{"@type":"Organization","@id":"https:\/\/b2b.calibereurope.com\/#organization","name":"Caliber Europe B.V.","url":"https:\/\/b2b.calibereurope.com\/","logo":{"@type":"ImageObject","inLanguage":"de","@id":"https:\/\/b2b.calibereurope.com\/#\/schema\/logo\/image\/","url":"https:\/\/b2b.calibereurope.com\/wp-content\/uploads\/2020\/12\/Caliber_Logo-Black.png","contentUrl":"https:\/\/b2b.calibereurope.com\/wp-content\/uploads\/2020\/12\/Caliber_Logo-Black.png","width":3157,"height":356,"caption":"Caliber Europe B.V."},"image":{"@id":"https:\/\/b2b.calibereurope.com\/#\/schema\/logo\/image\/"}}]}},"_links":{"self":[{"href":"https:\/\/b2b.calibereurope.com\/de\/wp-json\/wp\/v2\/product\/476609","targetHints":{"allow":["GET"]}}],"collection":[{"href":"https:\/\/b2b.calibereurope.com\/de\/wp-json\/wp\/v2\/product"}],"about":[{"href":"https:\/\/b2b.calibereurope.com\/de\/wp-json\/wp\/v2\/types\/product"}],"version-history":[{"count":0,"href":"https:\/\/b2b.calibereurope.com\/de\/wp-json\/wp\/v2\/product\/476609\/revisions"}],"wp:featuredmedia":[{"embeddable":true,"href":"https:\/\/b2b.calibereurope.com\/de\/wp-json\/wp\/v2\/media\/842714"}],"wp:attachment":[{"href":"https:\/\/b2b.calibereurope.com\/de\/wp-json\/wp\/v2\/media?parent=476609"}],"wp:term":[{"taxonomy":"product_brand","embeddable":true,"href":"https:\/\/b2b.calibereurope.com\/de\/wp-json\/wp\/v2\/product_brand?post=476609"},{"taxonomy":"product_cat","embeddable":true,"href":"https:\/\/b2b.calibereurope.com\/de\/wp-json\/wp\/v2\/product_cat?post=476609"},{"taxonomy":"product_tag","embeddable":true,"href":"https:\/\/b2b.calibereurope.com\/de\/wp-json\/wp\/v2\/product_tag?post=476609"}],"curies":[{"name":"wp","href":"https:\/\/api.w.org\/{rel}","templated":true}]}}