{"id":476785,"date":"2025-12-04T01:00:00","date_gmt":"2025-12-04T00:00:00","guid":{"rendered":"0"},"modified":"2025-12-04T14:45:35","modified_gmt":"2025-12-04T13:45:35","slug":"PS23-de_DE","status":"publish","type":"product","link":"https:\/\/b2b.calibereurope.com\/de\/produkt\/PS23-de_DE\/","title":{"rendered":"Auto -Ladeger\u00e4t &#8211; Zigarette leichterer Splitter &#8211; 2x USB &#8211; 1x USB -c &#8211; 12\/24 V &#8211; Schnelles Ladeger\u00e4t (PS23)"},"content":{"rendered":"<p> kommen immer mit dem Caliber PS23 -Auto -Ladeger\u00e4t in Ihrem Auto an Ihrem Ziel an. Der Zigaretten-Leichtersplitter bietet Ihnen <strong> zwei USB-Ladetore <\/strong>, eine mit <strong> Fastladungstechnologie <\/strong>. Auf dem Auto-Ladeger\u00e4t finden Sie auch einen <strong> USB-C-Anschluss <\/strong> und <strong> zwei Zigaretten-Feuerzeuge. <\/strong> Zum Beispiel k\u00f6nnen Sie Ihr Smartphone nicht nur unterwegs, sondern auch Ihr Tablet aufladen. Dar\u00fcber hinaus k\u00f6nnen Sie einen DVD -Player oder eine Cool Box mit Strom \u00fcber die Zigaretten -Feuerzeuge des Autokalgers zur Verf\u00fcgung stellen, die separat  ein- und aus <strong> ausgeschaltet werden k\u00f6nnen. <\/p>\n<p> <\/strong><\/p>\n<p> <strong> Funktionen: <\/strong> <\/p>\n<ul>\n<li> 2x USB -Ladeanschluss (1x qc3.0, 1x 2.4a) <l> schnell Ladeoption <\/l><\/li>\n<li> 1x USB-C (max 4.8a) <\/li>\n<li> 2x Zigaretten-Feuerzeug <\/li>\n<li> Ein\/Aus-Schalter pro Zigaretten-Feuerzeug <\/li>\n<li> 12\/24 V Verbindung <\/li>\n<li> \u00dcberspannung und \u00dcberlaufschutz <\/li>\n<li> Kurzschlusskreis Schutz <l> Waffenmetallring <\/l><\/li>\n<\/ul>\n<h3> Eine vollst\u00e4ndige Batterie <\/h3>\n<p> Mit diesem Auto -Ladeger\u00e4t k\u00f6nnen Sie Ihre Zigarette in einem Augenblick in ein Ladeger\u00e4t f\u00fcr nicht weniger als 3 Ger\u00e4te verwandeln . Beispielsweise k\u00f6nnen Sie mit den beiden USB -Ladetoren Ihr Smartphone, drahtlose Ohren, Tablet oder Musikbox aufladen, wenn Sie unterwegs sind. \u00dcber das Auto-Ladeger\u00e4t USB-C-Anschluss berechnen Sie Ger\u00e4te mit einem USB-C-Kabel, wie dies bei immer mehr Samsung-Smartphones der Fall ist. Auf diese Weise kommen Sie im B\u00fcro, am Strand oder an Ihrem Urlaubsziel an. Fahren Sie einfach ein kurzes St\u00fcck? Anschlie\u00dfend bietet das USB -Ladetor eine L\u00f6sung mit Schnellladetechnologie. Auf diese Weise haben Sie in k\u00fcrzester Zeit wieder einen vollen Akku. <\/p>\n<h3> Handy Cigarette Lighter Splitter <\/h3>\n<p> Wo Sie normalerweise nur Ihr Zigaretten -Feuerzeug f\u00fcr einen DVD -Player oder eine coole Schachtel verwenden k\u00f6nnen, die dieses Essen verwendet, bietet dieses Auto -Ladeger\u00e4t zahlreiche Optionen. Zus\u00e4tzlich zu den USB -Ladetoren haben Sie nicht weniger als zwei Zigaretten -Feuerzeuge. Dank des intelligenten Designs k\u00f6nnen Sie dies separat ein- und ausschalten. Dank der Sandstrahlung, des Waffenmetallrings und der matten schwarzen Farbe ist der Auto -Ladeger\u00e4t auch eine stilvolle Erg\u00e4nzung Ihres Autos. <\/p>\n<h3> sicher auf der Stra\u00dfe <\/h3>\n<p> Der Auto -Ladeger\u00e4t hat einen gebauten Schutz gegen Spannweite, \u00dcberlauf und Kurzschluss. Dank des intelligenten Designs ist nie zu viel Strom erforderlich. Auf diese Weise k\u00f6nnen Sie alle Tore des Zigarettenhellersh\u00e4ndlers verwenden und alles aufladen, was Sie wollen. <\/p>\n","protected":false},"excerpt":{"rendered":"<p>kommen immer mit dem Caliber PS23 -Auto -Ladeger\u00e4t in Ihrem Auto an Ihrem Ziel an. Der Zigaretten-Leichtersplitter bietet Ihnen zwei USB-Ladetore , eine mit Fastladungstechnologie . Auf dem Auto-Ladeger\u00e4t finden Sie auch einen USB-C-Anschluss und zwei Zigaretten-Feuerzeuge. Zum Beispiel k\u00f6nnen Sie Ihr Smartphone nicht nur unterwegs, sondern auch Ihr Tablet aufladen. Dar\u00fcber hinaus k\u00f6nnen Sie [&hellip;]<\/p>\n","protected":false},"featured_media":865986,"template":"","meta":{"_acf_changed":false,"site-sidebar-layout":"default","site-content-layout":"","ast-site-content-layout":"default","site-content-style":"default","site-sidebar-style":"default","ast-global-header-display":"","ast-banner-title-visibility":"","ast-main-header-display":"","ast-hfb-above-header-display":"","ast-hfb-below-header-display":"","ast-hfb-mobile-header-display":"","site-post-title":"","ast-breadcrumbs-content":"","ast-featured-img":"","footer-sml-layout":"","theme-transparent-header-meta":"","adv-header-id-meta":"","stick-header-meta":"","header-above-stick-meta":"","header-main-stick-meta":"","header-below-stick-meta":"","astra-migrate-meta-layouts":"default","ast-page-background-enabled":"default","ast-page-background-meta":{"desktop":{"background-color":"","background-image":"","background-repeat":"repeat","background-position":"center center","background-size":"auto","background-attachment":"scroll","background-type":"","background-media":"","overlay-type":"","overlay-color":"","overlay-opacity":"","overlay-gradient":""},"tablet":{"background-color":"","background-image":"","background-repeat":"repeat","background-position":"center center","background-size":"auto","background-attachment":"scroll","background-type":"","background-media":"","overlay-type":"","overlay-color":"","overlay-opacity":"","overlay-gradient":""},"mobile":{"background-color":"","background-image":"","background-repeat":"repeat","background-position":"center center","background-size":"auto","background-attachment":"scroll","background-type":"","background-media":"","overlay-type":"","overlay-color":"","overlay-opacity":"","overlay-gradient":""}},"ast-content-background-meta":{"desktop":{"background-color":"var(--ast-global-color-5)","background-image":"","background-repeat":"repeat","background-position":"center center","background-size":"auto","background-attachment":"scroll","background-type":"","background-media":"","overlay-type":"","overlay-color":"","overlay-opacity":"","overlay-gradient":""},"tablet":{"background-color":"var(--ast-global-color-5)","background-image":"","background-repeat":"repeat","background-position":"center center","background-size":"auto","background-attachment":"scroll","background-type":"","background-media":"","overlay-type":"","overlay-color":"","overlay-opacity":"","overlay-gradient":""},"mobile":{"background-color":"var(--ast-global-color-5)","background-image":"","background-repeat":"repeat","background-position":"center center","background-size":"auto","background-attachment":"scroll","background-type":"","background-media":"","overlay-type":"","overlay-color":"","overlay-opacity":"","overlay-gradient":""}}},"product_brand":[],"product_cat":[22956],"product_tag":[],"class_list":{"0":"post-476785","1":"product","2":"type-product","3":"status-publish","4":"has-post-thumbnail","6":"product_cat-keine-kategorie","7":"desktop-align-center","8":"tablet-align-center","9":"mobile-align-center","10":"ast-product-gallery-layout-horizontal","11":"ast-product-tabs-layout-horizontal","13":"first","14":"instock","15":"taxable","16":"shipping-taxable","17":"purchasable","18":"product-type-simple"},"acf":[],"yoast_head":"<!-- This site is optimized with the Yoast SEO plugin v26.5 - https:\/\/yoast.com\/wordpress\/plugins\/seo\/ -->\n<title>Auto -Ladeger\u00e4t - Zigarette leichterer Splitter - 2x USB - 1x USB -c - 12\/24 V - Schnelles Ladeger\u00e4t (PS23) - Caliber Europe B.V.<\/title>\n<meta name=\"robots\" content=\"noindex, follow, max-snippet:-1, max-image-preview:large, max-video-preview:-1\" \/>\n<meta property=\"og:locale\" content=\"de_DE\" \/>\n<meta property=\"og:type\" content=\"article\" \/>\n<meta property=\"og:title\" content=\"Auto -Ladeger\u00e4t - Zigarette leichterer Splitter - 2x USB - 1x USB -c - 12\/24 V - Schnelles Ladeger\u00e4t (PS23) - Caliber Europe B.V.\" \/>\n<meta property=\"og:description\" content=\"kommen immer mit dem Caliber PS23 -Auto -Ladeger\u00e4t in Ihrem Auto an Ihrem Ziel an. Der Zigaretten-Leichtersplitter bietet Ihnen zwei USB-Ladetore , eine mit Fastladungstechnologie . Auf dem Auto-Ladeger\u00e4t finden Sie auch einen USB-C-Anschluss und zwei Zigaretten-Feuerzeuge. Zum Beispiel k\u00f6nnen Sie Ihr Smartphone nicht nur unterwegs, sondern auch Ihr Tablet aufladen. Dar\u00fcber hinaus k\u00f6nnen Sie [&hellip;]\" \/>\n<meta property=\"og:url\" content=\"https:\/\/b2b.calibereurope.com\/de\/produkt\/ps23-de_de\/\" \/>\n<meta property=\"og:site_name\" content=\"Caliber Europe B.V.\" \/>\n<meta property=\"article:modified_time\" content=\"2025-12-04T13:45:35+00:00\" \/>\n<meta property=\"og:image\" content=\"https:\/\/b2b.calibereurope.com\/wp-content\/uploads\/2021\/09\/4d8551cb56a47fa0330116d30a2f072bb9158737_PS23.jpg\" \/>\n\t<meta property=\"og:image:width\" content=\"1024\" \/>\n\t<meta property=\"og:image:height\" content=\"768\" \/>\n\t<meta property=\"og:image:type\" content=\"image\/jpeg\" \/>\n<meta name=\"twitter:card\" content=\"summary_large_image\" \/>\n<meta name=\"twitter:label1\" content=\"Gesch\u00e4tzte Lesezeit\" \/>\n\t<meta name=\"twitter:data1\" content=\"2\u00a0Minuten\" \/>\n<script type=\"application\/ld+json\" class=\"yoast-schema-graph\">{\"@context\":\"https:\/\/schema.org\",\"@graph\":[{\"@type\":\"WebPage\",\"@id\":\"https:\/\/b2b.calibereurope.com\/de\/produkt\/ps23-de_de\/\",\"url\":\"https:\/\/b2b.calibereurope.com\/de\/produkt\/ps23-de_de\/\",\"name\":\"Auto -Ladeger\u00e4t - Zigarette leichterer Splitter - 2x USB - 1x USB -c - 12\/24 V - Schnelles Ladeger\u00e4t (PS23) - Caliber Europe B.V.\",\"isPartOf\":{\"@id\":\"https:\/\/b2b.calibereurope.com\/#website\"},\"primaryImageOfPage\":{\"@id\":\"https:\/\/b2b.calibereurope.com\/de\/produkt\/ps23-de_de\/#primaryimage\"},\"image\":{\"@id\":\"https:\/\/b2b.calibereurope.com\/de\/produkt\/ps23-de_de\/#primaryimage\"},\"thumbnailUrl\":\"https:\/\/b2b.calibereurope.com\/wp-content\/uploads\/2025\/12\/4d8551cb56a47fa0330116d30a2f072bb9158737_PS23-4.jpg\",\"datePublished\":\"2025-12-04T00:00:00+00:00\",\"dateModified\":\"2025-12-04T13:45:35+00:00\",\"breadcrumb\":{\"@id\":\"https:\/\/b2b.calibereurope.com\/de\/produkt\/ps23-de_de\/#breadcrumb\"},\"inLanguage\":\"de\",\"potentialAction\":[{\"@type\":\"ReadAction\",\"target\":[\"https:\/\/b2b.calibereurope.com\/de\/produkt\/ps23-de_de\/\"]}]},{\"@type\":\"ImageObject\",\"inLanguage\":\"de\",\"@id\":\"https:\/\/b2b.calibereurope.com\/de\/produkt\/ps23-de_de\/#primaryimage\",\"url\":\"https:\/\/b2b.calibereurope.com\/wp-content\/uploads\/2025\/12\/4d8551cb56a47fa0330116d30a2f072bb9158737_PS23-4.jpg\",\"contentUrl\":\"https:\/\/b2b.calibereurope.com\/wp-content\/uploads\/2025\/12\/4d8551cb56a47fa0330116d30a2f072bb9158737_PS23-4.jpg\",\"width\":1024,\"height\":768},{\"@type\":\"BreadcrumbList\",\"@id\":\"https:\/\/b2b.calibereurope.com\/de\/produkt\/ps23-de_de\/#breadcrumb\",\"itemListElement\":[{\"@type\":\"ListItem\",\"position\":1,\"name\":\"Home\",\"item\":\"https:\/\/b2b.calibereurope.com\/de\/\"},{\"@type\":\"ListItem\",\"position\":2,\"name\":\"Shop\",\"item\":\"https:\/\/b2b.calibereurope.com\/de\/shop\/\"},{\"@type\":\"ListItem\",\"position\":3,\"name\":\"Autoladeger\u00e4t mit 2 Anschl\u00fcssen &#8211; Schnellladung USB A und C (PS23)\"}]},{\"@type\":\"WebSite\",\"@id\":\"https:\/\/b2b.calibereurope.com\/#website\",\"url\":\"https:\/\/b2b.calibereurope.com\/\",\"name\":\"Caliber Europe B.V.\",\"description\":\"B2B Webshop\",\"publisher\":{\"@id\":\"https:\/\/b2b.calibereurope.com\/#organization\"},\"potentialAction\":[{\"@type\":\"SearchAction\",\"target\":{\"@type\":\"EntryPoint\",\"urlTemplate\":\"https:\/\/b2b.calibereurope.com\/?s={search_term_string}\"},\"query-input\":{\"@type\":\"PropertyValueSpecification\",\"valueRequired\":true,\"valueName\":\"search_term_string\"}}],\"inLanguage\":\"de\"},{\"@type\":\"Organization\",\"@id\":\"https:\/\/b2b.calibereurope.com\/#organization\",\"name\":\"Caliber Europe B.V.\",\"url\":\"https:\/\/b2b.calibereurope.com\/\",\"logo\":{\"@type\":\"ImageObject\",\"inLanguage\":\"de\",\"@id\":\"https:\/\/b2b.calibereurope.com\/#\/schema\/logo\/image\/\",\"url\":\"https:\/\/b2b.calibereurope.com\/wp-content\/uploads\/2020\/12\/Caliber_Logo-Black.png\",\"contentUrl\":\"https:\/\/b2b.calibereurope.com\/wp-content\/uploads\/2020\/12\/Caliber_Logo-Black.png\",\"width\":3157,\"height\":356,\"caption\":\"Caliber Europe B.V.\"},\"image\":{\"@id\":\"https:\/\/b2b.calibereurope.com\/#\/schema\/logo\/image\/\"}}]}<\/script>\n<!-- \/ Yoast SEO plugin. -->","yoast_head_json":{"title":"Auto -Ladeger\u00e4t - Zigarette leichterer Splitter - 2x USB - 1x USB -c - 12\/24 V - Schnelles Ladeger\u00e4t (PS23) - Caliber Europe B.V.","robots":{"index":"noindex","follow":"follow","max-snippet":"max-snippet:-1","max-image-preview":"max-image-preview:large","max-video-preview":"max-video-preview:-1"},"og_locale":"de_DE","og_type":"article","og_title":"Auto -Ladeger\u00e4t - Zigarette leichterer Splitter - 2x USB - 1x USB -c - 12\/24 V - Schnelles Ladeger\u00e4t (PS23) - Caliber Europe B.V.","og_description":"kommen immer mit dem Caliber PS23 -Auto -Ladeger\u00e4t in Ihrem Auto an Ihrem Ziel an. Der Zigaretten-Leichtersplitter bietet Ihnen zwei USB-Ladetore , eine mit Fastladungstechnologie . Auf dem Auto-Ladeger\u00e4t finden Sie auch einen USB-C-Anschluss und zwei Zigaretten-Feuerzeuge. Zum Beispiel k\u00f6nnen Sie Ihr Smartphone nicht nur unterwegs, sondern auch Ihr Tablet aufladen. Dar\u00fcber hinaus k\u00f6nnen Sie [&hellip;]","og_url":"https:\/\/b2b.calibereurope.com\/de\/produkt\/ps23-de_de\/","og_site_name":"Caliber Europe B.V.","article_modified_time":"2025-12-04T13:45:35+00:00","og_image":[{"width":1024,"height":768,"url":"https:\/\/b2b.calibereurope.com\/wp-content\/uploads\/2021\/09\/4d8551cb56a47fa0330116d30a2f072bb9158737_PS23.jpg","type":"image\/jpeg"}],"twitter_card":"summary_large_image","twitter_misc":{"Gesch\u00e4tzte Lesezeit":"2\u00a0Minuten"},"schema":{"@context":"https:\/\/schema.org","@graph":[{"@type":"WebPage","@id":"https:\/\/b2b.calibereurope.com\/de\/produkt\/ps23-de_de\/","url":"https:\/\/b2b.calibereurope.com\/de\/produkt\/ps23-de_de\/","name":"Auto -Ladeger\u00e4t - Zigarette leichterer Splitter - 2x USB - 1x USB -c - 12\/24 V - Schnelles Ladeger\u00e4t (PS23) - Caliber Europe B.V.","isPartOf":{"@id":"https:\/\/b2b.calibereurope.com\/#website"},"primaryImageOfPage":{"@id":"https:\/\/b2b.calibereurope.com\/de\/produkt\/ps23-de_de\/#primaryimage"},"image":{"@id":"https:\/\/b2b.calibereurope.com\/de\/produkt\/ps23-de_de\/#primaryimage"},"thumbnailUrl":"https:\/\/b2b.calibereurope.com\/wp-content\/uploads\/2025\/12\/4d8551cb56a47fa0330116d30a2f072bb9158737_PS23-4.jpg","datePublished":"2025-12-04T00:00:00+00:00","dateModified":"2025-12-04T13:45:35+00:00","breadcrumb":{"@id":"https:\/\/b2b.calibereurope.com\/de\/produkt\/ps23-de_de\/#breadcrumb"},"inLanguage":"de","potentialAction":[{"@type":"ReadAction","target":["https:\/\/b2b.calibereurope.com\/de\/produkt\/ps23-de_de\/"]}]},{"@type":"ImageObject","inLanguage":"de","@id":"https:\/\/b2b.calibereurope.com\/de\/produkt\/ps23-de_de\/#primaryimage","url":"https:\/\/b2b.calibereurope.com\/wp-content\/uploads\/2025\/12\/4d8551cb56a47fa0330116d30a2f072bb9158737_PS23-4.jpg","contentUrl":"https:\/\/b2b.calibereurope.com\/wp-content\/uploads\/2025\/12\/4d8551cb56a47fa0330116d30a2f072bb9158737_PS23-4.jpg","width":1024,"height":768},{"@type":"BreadcrumbList","@id":"https:\/\/b2b.calibereurope.com\/de\/produkt\/ps23-de_de\/#breadcrumb","itemListElement":[{"@type":"ListItem","position":1,"name":"Home","item":"https:\/\/b2b.calibereurope.com\/de\/"},{"@type":"ListItem","position":2,"name":"Shop","item":"https:\/\/b2b.calibereurope.com\/de\/shop\/"},{"@type":"ListItem","position":3,"name":"Autoladeger\u00e4t mit 2 Anschl\u00fcssen &#8211; Schnellladung USB A und C (PS23)"}]},{"@type":"WebSite","@id":"https:\/\/b2b.calibereurope.com\/#website","url":"https:\/\/b2b.calibereurope.com\/","name":"Caliber Europe B.V.","description":"B2B Webshop","publisher":{"@id":"https:\/\/b2b.calibereurope.com\/#organization"},"potentialAction":[{"@type":"SearchAction","target":{"@type":"EntryPoint","urlTemplate":"https:\/\/b2b.calibereurope.com\/?s={search_term_string}"},"query-input":{"@type":"PropertyValueSpecification","valueRequired":true,"valueName":"search_term_string"}}],"inLanguage":"de"},{"@type":"Organization","@id":"https:\/\/b2b.calibereurope.com\/#organization","name":"Caliber Europe B.V.","url":"https:\/\/b2b.calibereurope.com\/","logo":{"@type":"ImageObject","inLanguage":"de","@id":"https:\/\/b2b.calibereurope.com\/#\/schema\/logo\/image\/","url":"https:\/\/b2b.calibereurope.com\/wp-content\/uploads\/2020\/12\/Caliber_Logo-Black.png","contentUrl":"https:\/\/b2b.calibereurope.com\/wp-content\/uploads\/2020\/12\/Caliber_Logo-Black.png","width":3157,"height":356,"caption":"Caliber Europe B.V."},"image":{"@id":"https:\/\/b2b.calibereurope.com\/#\/schema\/logo\/image\/"}}]}},"_links":{"self":[{"href":"https:\/\/b2b.calibereurope.com\/de\/wp-json\/wp\/v2\/product\/476785","targetHints":{"allow":["GET"]}}],"collection":[{"href":"https:\/\/b2b.calibereurope.com\/de\/wp-json\/wp\/v2\/product"}],"about":[{"href":"https:\/\/b2b.calibereurope.com\/de\/wp-json\/wp\/v2\/types\/product"}],"version-history":[{"count":0,"href":"https:\/\/b2b.calibereurope.com\/de\/wp-json\/wp\/v2\/product\/476785\/revisions"}],"wp:featuredmedia":[{"embeddable":true,"href":"https:\/\/b2b.calibereurope.com\/de\/wp-json\/wp\/v2\/media\/865986"}],"wp:attachment":[{"href":"https:\/\/b2b.calibereurope.com\/de\/wp-json\/wp\/v2\/media?parent=476785"}],"wp:term":[{"taxonomy":"product_brand","embeddable":true,"href":"https:\/\/b2b.calibereurope.com\/de\/wp-json\/wp\/v2\/product_brand?post=476785"},{"taxonomy":"product_cat","embeddable":true,"href":"https:\/\/b2b.calibereurope.com\/de\/wp-json\/wp\/v2\/product_cat?post=476785"},{"taxonomy":"product_tag","embeddable":true,"href":"https:\/\/b2b.calibereurope.com\/de\/wp-json\/wp\/v2\/product_tag?post=476785"}],"curies":[{"name":"wp","href":"https:\/\/api.w.org\/{rel}","templated":true}]}}