{"id":477461,"date":"2023-10-25T02:00:00","date_gmt":"2023-10-25T00:00:00","guid":{"rendered":""},"modified":"2023-10-25T12:03:08","modified_gmt":"2023-10-25T10:03:08","slug":"HPG319DAB-de_DE","status":"publish","type":"product","link":"https:\/\/b2b.calibereurope.com\/de\/produkt\/HPG319DAB-de_DE\/","title":{"rendered":"Tragbares Radio DAB+ &#8211; FM &#8211; drahtlos bis zu 8 Stunden- USB &#8211; LCD-Display &#8211; 10 Presets (HPG319DAB)"},"content":{"rendered":"<p>Mit dem Caliber HPG319DAB Radiowecker mit <strong>DAB plus und UKW-Radio <\/strong>k\u00f6nnen Sie Ihre Lieblingssongs vom Schlafzimmer in den Park mitnehmen. Dieses <strong>tragbare Radio <\/strong>l\u00e4sst sich dank seines <strong>geringen Gewichts von 300 Gramm <\/strong>leicht \u00fcberallhin mitnehmen. Die <strong>eingebaute wiederaufladbare Batterie <\/strong>bietet bis zu <strong>8 Stunden Spielzeit<\/strong>. Sie k\u00f6nnen das Radio auch auf Ihrem Nachttisch stehen lassen und es dank der <strong>Weck- und Schlafzeitfunktion <\/strong>als Wecker verwenden. Das <strong>LCD-Display <\/strong>sorgt daf\u00fcr, dass Sie sofort sehen, wie sp\u00e4t es ist. So m\u00fcssen Sie sich nie wieder Sorgen machen, morgens zu verschlafen.<\/p>\n<p><\/p>\n<p><strong>Merkmale:<\/strong><\/p>\n<ul>\n<li>DAB+\/FM-Radio mit RDS<\/li>\n<li>Hintergrundbeleuchtetes LCD-Display<\/li>\n<li>Eingebaute wiederaufladbare Batterie<\/li>\n<li>8 Stunden Spielzeit<\/li>\n<li>Teleskopische Metallantenne<\/li>\n<li>Wecker-Funktion<\/li>\n<li>Funktion Schlafenszeit<\/li>\n<li>10 Voreinstellungen<\/li>\n<li>USB wiederaufladbar<\/li>\n<li>Einfache Bedienung<\/li>\n<\/ul>\n<h3>Ihre gesamte Musik auf Knopfdruck<\/h3>\n<p>Dieser Wecker ist nicht einfach nur ein Wecker. Es ist ein umfassender Radiowecker, der auch als tragbares Radio verwendet werden kann. \u00dcber das DAB+ und FM-Radio h\u00f6ren Sie Ihre Lieblingsradiosender. Ob Sie nun ein Fan von Nachrichtensendungen, Hitlisten oder informativen Debatten sind, dank der Teleskopantenne finden Sie den passenden Sender mit klarem Empfang. Mit 10 Voreinstellungen k\u00f6nnen Sie Ihre Lieblingssender auch leicht wiederfinden.<\/p>\n<h3>Nie wieder zu sp\u00e4t kommen<\/h3>\n<p>Der Radiowecker verf\u00fcgt \u00fcber einen Wecker und eine Schlaffunktion. So wachen Sie morgens mit Ihren Lieblingssendern auf und m\u00fcssen sich nicht mehr mit l\u00e4stigen Weckt\u00f6nen herumschlagen. Dank der Schlaffunktion k\u00f6nnen Sie auch zu Ihren Lieblingssongs einschlafen. Der Radiowecker schaltet den Ton zur eingestellten Zeit automatisch ab. Das hintergrundbeleuchtete LCD-Display zeigt die Uhrzeit auf einen Blick an. Sie steuern den Radiowecker ganz einfach mit den Tasten Ein\/Aus, Men\u00fc\/Info, Voreinstellung\/Alarm, Lautst\u00e4rke und Schlummerfunktion.<\/p>\n<h3>Perfekt zum Mitnehmen<\/h3>\n<p>Der Radiowecker kann \u00fcber das Stromnetz oder drahtlos betrieben werden. Der wiederaufladbare Akku bietet sogar 8 Stunden H\u00f6rvergn\u00fcgen. Sie k\u00f6nnen den Lautsprecher also mit in den Park oder an den Strand nehmen und auch hier Ihre Lieblingssendungen h\u00f6ren. Ist die Batterie trotzdem leer? Dann laden Sie ihn einfach \u00fcber den mitgelieferten USB-Adapter auf.<\/p>\n<p><\/p>\n<p><strong>Mitgeliefert:<\/strong><\/p>\n<ul>\n<li>Caliber HPG319DAB Radiowecker<\/li>\n<li>USB-Ladekabel<\/li>\n<li>Netzadapter<\/li>\n<\/ul>\n","protected":false},"excerpt":{"rendered":"<p>Mit dem Caliber HPG319DAB Radiowecker mit DAB plus und UKW-Radio k\u00f6nnen Sie Ihre Lieblingssongs vom Schlafzimmer in den Park mitnehmen. Dieses tragbare Radio l\u00e4sst sich dank seines geringen Gewichts von 300 Gramm leicht \u00fcberallhin mitnehmen. Die eingebaute wiederaufladbare Batterie bietet bis zu 8 Stunden Spielzeit. Sie k\u00f6nnen das Radio auch auf Ihrem Nachttisch stehen lassen [&hellip;]<\/p>\n","protected":false},"featured_media":837106,"template":"","meta":{"_acf_changed":false,"site-sidebar-layout":"default","site-content-layout":"","ast-site-content-layout":"default","site-content-style":"default","site-sidebar-style":"default","ast-global-header-display":"","ast-banner-title-visibility":"","ast-main-header-display":"","ast-hfb-above-header-display":"","ast-hfb-below-header-display":"","ast-hfb-mobile-header-display":"","site-post-title":"","ast-breadcrumbs-content":"","ast-featured-img":"","footer-sml-layout":"","theme-transparent-header-meta":"","adv-header-id-meta":"","stick-header-meta":"","header-above-stick-meta":"","header-main-stick-meta":"","header-below-stick-meta":"","astra-migrate-meta-layouts":"default","ast-page-background-enabled":"default","ast-page-background-meta":{"desktop":{"background-color":"","background-image":"","background-repeat":"repeat","background-position":"center center","background-size":"auto","background-attachment":"scroll","background-type":"","background-media":"","overlay-type":"","overlay-color":"","overlay-opacity":"","overlay-gradient":""},"tablet":{"background-color":"","background-image":"","background-repeat":"repeat","background-position":"center center","background-size":"auto","background-attachment":"scroll","background-type":"","background-media":"","overlay-type":"","overlay-color":"","overlay-opacity":"","overlay-gradient":""},"mobile":{"background-color":"","background-image":"","background-repeat":"repeat","background-position":"center center","background-size":"auto","background-attachment":"scroll","background-type":"","background-media":"","overlay-type":"","overlay-color":"","overlay-opacity":"","overlay-gradient":""}},"ast-content-background-meta":{"desktop":{"background-color":"var(--ast-global-color-5)","background-image":"","background-repeat":"repeat","background-position":"center center","background-size":"auto","background-attachment":"scroll","background-type":"","background-media":"","overlay-type":"","overlay-color":"","overlay-opacity":"","overlay-gradient":""},"tablet":{"background-color":"var(--ast-global-color-5)","background-image":"","background-repeat":"repeat","background-position":"center center","background-size":"auto","background-attachment":"scroll","background-type":"","background-media":"","overlay-type":"","overlay-color":"","overlay-opacity":"","overlay-gradient":""},"mobile":{"background-color":"var(--ast-global-color-5)","background-image":"","background-repeat":"repeat","background-position":"center center","background-size":"auto","background-attachment":"scroll","background-type":"","background-media":"","overlay-type":"","overlay-color":"","overlay-opacity":"","overlay-gradient":""}}},"product_brand":[],"product_cat":[22956],"product_tag":[],"class_list":{"0":"post-477461","1":"product","2":"type-product","3":"status-publish","4":"has-post-thumbnail","6":"product_cat-keine-kategorie","7":"desktop-align-center","8":"tablet-align-center","9":"mobile-align-center","10":"ast-product-gallery-layout-horizontal","11":"ast-product-tabs-layout-horizontal","13":"first","14":"outofstock","15":"taxable","16":"shipping-taxable","17":"purchasable","18":"product-type-simple"},"acf":[],"yoast_head":"<!-- This site is optimized with the Yoast SEO plugin v26.5 - https:\/\/yoast.com\/wordpress\/plugins\/seo\/ -->\n<title>Tragbares Radio DAB+ - FM - drahtlos bis zu 8 Stunden- USB - LCD-Display - 10 Presets (HPG319DAB) - Caliber Europe B.V.<\/title>\n<meta name=\"robots\" content=\"noindex, follow, max-snippet:-1, max-image-preview:large, max-video-preview:-1\" \/>\n<meta property=\"og:locale\" content=\"de_DE\" \/>\n<meta property=\"og:type\" content=\"article\" \/>\n<meta property=\"og:title\" content=\"Tragbares Radio DAB+ - FM - drahtlos bis zu 8 Stunden- USB - LCD-Display - 10 Presets (HPG319DAB) - Caliber Europe B.V.\" \/>\n<meta property=\"og:description\" content=\"Mit dem Caliber HPG319DAB Radiowecker mit DAB plus und UKW-Radio k\u00f6nnen Sie Ihre Lieblingssongs vom Schlafzimmer in den Park mitnehmen. Dieses tragbare Radio l\u00e4sst sich dank seines geringen Gewichts von 300 Gramm leicht \u00fcberallhin mitnehmen. Die eingebaute wiederaufladbare Batterie bietet bis zu 8 Stunden Spielzeit. Sie k\u00f6nnen das Radio auch auf Ihrem Nachttisch stehen lassen [&hellip;]\" \/>\n<meta property=\"og:url\" content=\"https:\/\/b2b.calibereurope.com\/de\/produkt\/HPG319DAB-de_DE\/\" \/>\n<meta property=\"og:site_name\" content=\"Caliber Europe B.V.\" \/>\n<meta property=\"article:modified_time\" content=\"2023-10-25T10:03:08+00:00\" \/>\n<meta property=\"og:image\" content=\"https:\/\/b2b.calibereurope.com\/wp-content\/uploads\/2021\/11\/7001a250e800cc24699ed307b51e8087e8e6026d_HPG319DAB-scaled.jpg\" \/>\n\t<meta property=\"og:image:width\" content=\"2560\" \/>\n\t<meta property=\"og:image:height\" content=\"1920\" \/>\n\t<meta property=\"og:image:type\" content=\"image\/jpeg\" \/>\n<meta name=\"twitter:card\" content=\"summary_large_image\" \/>\n<meta name=\"twitter:label1\" content=\"Gesch\u00e4tzte Lesezeit\" \/>\n\t<meta name=\"twitter:data1\" content=\"2\u00a0Minuten\" \/>\n<script type=\"application\/ld+json\" class=\"yoast-schema-graph\">{\"@context\":\"https:\/\/schema.org\",\"@graph\":[{\"@type\":\"WebPage\",\"@id\":\"https:\/\/b2b.calibereurope.com\/de\/produkt\/HPG319DAB-de_DE\/\",\"url\":\"https:\/\/b2b.calibereurope.com\/de\/produkt\/HPG319DAB-de_DE\/\",\"name\":\"Tragbares Radio DAB+ - FM - drahtlos bis zu 8 Stunden- USB - LCD-Display - 10 Presets (HPG319DAB) - Caliber Europe B.V.\",\"isPartOf\":{\"@id\":\"https:\/\/b2b.calibereurope.com\/#website\"},\"primaryImageOfPage\":{\"@id\":\"https:\/\/b2b.calibereurope.com\/de\/produkt\/HPG319DAB-de_DE\/#primaryimage\"},\"image\":{\"@id\":\"https:\/\/b2b.calibereurope.com\/de\/produkt\/HPG319DAB-de_DE\/#primaryimage\"},\"thumbnailUrl\":\"https:\/\/b2b.calibereurope.com\/wp-content\/uploads\/2023\/10\/cc578c16f55da22ae250165a3330114084b08c5b_HPG319DAB_front.jpg\",\"datePublished\":\"2023-10-25T00:00:00+00:00\",\"dateModified\":\"2023-10-25T10:03:08+00:00\",\"breadcrumb\":{\"@id\":\"https:\/\/b2b.calibereurope.com\/de\/produkt\/HPG319DAB-de_DE\/#breadcrumb\"},\"inLanguage\":\"de\",\"potentialAction\":[{\"@type\":\"ReadAction\",\"target\":[\"https:\/\/b2b.calibereurope.com\/de\/produkt\/HPG319DAB-de_DE\/\"]}]},{\"@type\":\"ImageObject\",\"inLanguage\":\"de\",\"@id\":\"https:\/\/b2b.calibereurope.com\/de\/produkt\/HPG319DAB-de_DE\/#primaryimage\",\"url\":\"https:\/\/b2b.calibereurope.com\/wp-content\/uploads\/2023\/10\/cc578c16f55da22ae250165a3330114084b08c5b_HPG319DAB_front.jpg\",\"contentUrl\":\"https:\/\/b2b.calibereurope.com\/wp-content\/uploads\/2023\/10\/cc578c16f55da22ae250165a3330114084b08c5b_HPG319DAB_front.jpg\",\"width\":1024,\"height\":768},{\"@type\":\"BreadcrumbList\",\"@id\":\"https:\/\/b2b.calibereurope.com\/de\/produkt\/HPG319DAB-de_DE\/#breadcrumb\",\"itemListElement\":[{\"@type\":\"ListItem\",\"position\":1,\"name\":\"Home\",\"item\":\"https:\/\/b2b.calibereurope.com\/de\/\"},{\"@type\":\"ListItem\",\"position\":2,\"name\":\"Shop\",\"item\":\"https:\/\/b2b.calibereurope.com\/de\/shop\/\"},{\"@type\":\"ListItem\",\"position\":3,\"name\":\"Tragbares DAB+ Radio &#8211; Mit UKW- und Weckfunktion Eingebauter Akku (HPG319DAB)\"}]},{\"@type\":\"WebSite\",\"@id\":\"https:\/\/b2b.calibereurope.com\/#website\",\"url\":\"https:\/\/b2b.calibereurope.com\/\",\"name\":\"Caliber Europe B.V.\",\"description\":\"B2B Webshop\",\"publisher\":{\"@id\":\"https:\/\/b2b.calibereurope.com\/#organization\"},\"potentialAction\":[{\"@type\":\"SearchAction\",\"target\":{\"@type\":\"EntryPoint\",\"urlTemplate\":\"https:\/\/b2b.calibereurope.com\/?s={search_term_string}\"},\"query-input\":{\"@type\":\"PropertyValueSpecification\",\"valueRequired\":true,\"valueName\":\"search_term_string\"}}],\"inLanguage\":\"de\"},{\"@type\":\"Organization\",\"@id\":\"https:\/\/b2b.calibereurope.com\/#organization\",\"name\":\"Caliber Europe B.V.\",\"url\":\"https:\/\/b2b.calibereurope.com\/\",\"logo\":{\"@type\":\"ImageObject\",\"inLanguage\":\"de\",\"@id\":\"https:\/\/b2b.calibereurope.com\/#\/schema\/logo\/image\/\",\"url\":\"https:\/\/b2b.calibereurope.com\/wp-content\/uploads\/2020\/12\/Caliber_Logo-Black.png\",\"contentUrl\":\"https:\/\/b2b.calibereurope.com\/wp-content\/uploads\/2020\/12\/Caliber_Logo-Black.png\",\"width\":3157,\"height\":356,\"caption\":\"Caliber Europe B.V.\"},\"image\":{\"@id\":\"https:\/\/b2b.calibereurope.com\/#\/schema\/logo\/image\/\"}}]}<\/script>\n<!-- \/ Yoast SEO plugin. -->","yoast_head_json":{"title":"Tragbares Radio DAB+ - FM - drahtlos bis zu 8 Stunden- USB - LCD-Display - 10 Presets (HPG319DAB) - Caliber Europe B.V.","robots":{"index":"noindex","follow":"follow","max-snippet":"max-snippet:-1","max-image-preview":"max-image-preview:large","max-video-preview":"max-video-preview:-1"},"og_locale":"de_DE","og_type":"article","og_title":"Tragbares Radio DAB+ - FM - drahtlos bis zu 8 Stunden- USB - LCD-Display - 10 Presets (HPG319DAB) - Caliber Europe B.V.","og_description":"Mit dem Caliber HPG319DAB Radiowecker mit DAB plus und UKW-Radio k\u00f6nnen Sie Ihre Lieblingssongs vom Schlafzimmer in den Park mitnehmen. Dieses tragbare Radio l\u00e4sst sich dank seines geringen Gewichts von 300 Gramm leicht \u00fcberallhin mitnehmen. Die eingebaute wiederaufladbare Batterie bietet bis zu 8 Stunden Spielzeit. Sie k\u00f6nnen das Radio auch auf Ihrem Nachttisch stehen lassen [&hellip;]","og_url":"https:\/\/b2b.calibereurope.com\/de\/produkt\/HPG319DAB-de_DE\/","og_site_name":"Caliber Europe B.V.","article_modified_time":"2023-10-25T10:03:08+00:00","og_image":[{"width":2560,"height":1920,"url":"https:\/\/b2b.calibereurope.com\/wp-content\/uploads\/2021\/11\/7001a250e800cc24699ed307b51e8087e8e6026d_HPG319DAB-scaled.jpg","type":"image\/jpeg"}],"twitter_card":"summary_large_image","twitter_misc":{"Gesch\u00e4tzte Lesezeit":"2\u00a0Minuten"},"schema":{"@context":"https:\/\/schema.org","@graph":[{"@type":"WebPage","@id":"https:\/\/b2b.calibereurope.com\/de\/produkt\/HPG319DAB-de_DE\/","url":"https:\/\/b2b.calibereurope.com\/de\/produkt\/HPG319DAB-de_DE\/","name":"Tragbares Radio DAB+ - FM - drahtlos bis zu 8 Stunden- USB - LCD-Display - 10 Presets (HPG319DAB) - Caliber Europe B.V.","isPartOf":{"@id":"https:\/\/b2b.calibereurope.com\/#website"},"primaryImageOfPage":{"@id":"https:\/\/b2b.calibereurope.com\/de\/produkt\/HPG319DAB-de_DE\/#primaryimage"},"image":{"@id":"https:\/\/b2b.calibereurope.com\/de\/produkt\/HPG319DAB-de_DE\/#primaryimage"},"thumbnailUrl":"https:\/\/b2b.calibereurope.com\/wp-content\/uploads\/2023\/10\/cc578c16f55da22ae250165a3330114084b08c5b_HPG319DAB_front.jpg","datePublished":"2023-10-25T00:00:00+00:00","dateModified":"2023-10-25T10:03:08+00:00","breadcrumb":{"@id":"https:\/\/b2b.calibereurope.com\/de\/produkt\/HPG319DAB-de_DE\/#breadcrumb"},"inLanguage":"de","potentialAction":[{"@type":"ReadAction","target":["https:\/\/b2b.calibereurope.com\/de\/produkt\/HPG319DAB-de_DE\/"]}]},{"@type":"ImageObject","inLanguage":"de","@id":"https:\/\/b2b.calibereurope.com\/de\/produkt\/HPG319DAB-de_DE\/#primaryimage","url":"https:\/\/b2b.calibereurope.com\/wp-content\/uploads\/2023\/10\/cc578c16f55da22ae250165a3330114084b08c5b_HPG319DAB_front.jpg","contentUrl":"https:\/\/b2b.calibereurope.com\/wp-content\/uploads\/2023\/10\/cc578c16f55da22ae250165a3330114084b08c5b_HPG319DAB_front.jpg","width":1024,"height":768},{"@type":"BreadcrumbList","@id":"https:\/\/b2b.calibereurope.com\/de\/produkt\/HPG319DAB-de_DE\/#breadcrumb","itemListElement":[{"@type":"ListItem","position":1,"name":"Home","item":"https:\/\/b2b.calibereurope.com\/de\/"},{"@type":"ListItem","position":2,"name":"Shop","item":"https:\/\/b2b.calibereurope.com\/de\/shop\/"},{"@type":"ListItem","position":3,"name":"Tragbares DAB+ Radio &#8211; Mit UKW- und Weckfunktion Eingebauter Akku (HPG319DAB)"}]},{"@type":"WebSite","@id":"https:\/\/b2b.calibereurope.com\/#website","url":"https:\/\/b2b.calibereurope.com\/","name":"Caliber Europe B.V.","description":"B2B Webshop","publisher":{"@id":"https:\/\/b2b.calibereurope.com\/#organization"},"potentialAction":[{"@type":"SearchAction","target":{"@type":"EntryPoint","urlTemplate":"https:\/\/b2b.calibereurope.com\/?s={search_term_string}"},"query-input":{"@type":"PropertyValueSpecification","valueRequired":true,"valueName":"search_term_string"}}],"inLanguage":"de"},{"@type":"Organization","@id":"https:\/\/b2b.calibereurope.com\/#organization","name":"Caliber Europe B.V.","url":"https:\/\/b2b.calibereurope.com\/","logo":{"@type":"ImageObject","inLanguage":"de","@id":"https:\/\/b2b.calibereurope.com\/#\/schema\/logo\/image\/","url":"https:\/\/b2b.calibereurope.com\/wp-content\/uploads\/2020\/12\/Caliber_Logo-Black.png","contentUrl":"https:\/\/b2b.calibereurope.com\/wp-content\/uploads\/2020\/12\/Caliber_Logo-Black.png","width":3157,"height":356,"caption":"Caliber Europe B.V."},"image":{"@id":"https:\/\/b2b.calibereurope.com\/#\/schema\/logo\/image\/"}}]}},"_links":{"self":[{"href":"https:\/\/b2b.calibereurope.com\/de\/wp-json\/wp\/v2\/product\/477461","targetHints":{"allow":["GET"]}}],"collection":[{"href":"https:\/\/b2b.calibereurope.com\/de\/wp-json\/wp\/v2\/product"}],"about":[{"href":"https:\/\/b2b.calibereurope.com\/de\/wp-json\/wp\/v2\/types\/product"}],"version-history":[{"count":0,"href":"https:\/\/b2b.calibereurope.com\/de\/wp-json\/wp\/v2\/product\/477461\/revisions"}],"wp:featuredmedia":[{"embeddable":true,"href":"https:\/\/b2b.calibereurope.com\/de\/wp-json\/wp\/v2\/media\/837106"}],"wp:attachment":[{"href":"https:\/\/b2b.calibereurope.com\/de\/wp-json\/wp\/v2\/media?parent=477461"}],"wp:term":[{"taxonomy":"product_brand","embeddable":true,"href":"https:\/\/b2b.calibereurope.com\/de\/wp-json\/wp\/v2\/product_brand?post=477461"},{"taxonomy":"product_cat","embeddable":true,"href":"https:\/\/b2b.calibereurope.com\/de\/wp-json\/wp\/v2\/product_cat?post=477461"},{"taxonomy":"product_tag","embeddable":true,"href":"https:\/\/b2b.calibereurope.com\/de\/wp-json\/wp\/v2\/product_tag?post=477461"}],"curies":[{"name":"wp","href":"https:\/\/api.w.org\/{rel}","templated":true}]}}