{"id":477533,"date":"2023-07-04T02:00:00","date_gmt":"2023-07-04T00:00:00","guid":{"rendered":""},"modified":"2025-04-22T08:12:48","modified_gmt":"2025-04-22T06:12:48","slug":"RCD120DAB-BT-de_DE","status":"publish","type":"product","link":"https:\/\/b2b.calibereurope.com\/de\/produkt\/RCD120DAB-BT-de_DE\/","title":{"rendered":"Autoradio mit Bluetooth, CD-Player, DAB+ und UKW-Radio &#8211; USB &#8211; 1 DIN &#8211; Retro Chrome Design (RCD120DAB-BT)"},"content":{"rendered":"<p>Entscheiden Sie sich f\u00fcr einen Retro-Look mit dem Caliber RCD120DAB-BT Autoradio mit Bluetooth. Das Retro-Autoradio hat ein <strong>verchromtes Geh\u00e4use<\/strong>. Trotz seines Retro-Looks verf\u00fcgt dieses Autoradio \u00fcber alle Gadgets, die Sie von einem modernen 1-DIN-Autoradio erwarten. So k\u00f6nnen Sie beispielsweise dank des <strong>DAB+ Radios eine gute Klangqualit\u00e4t <\/strong>genie\u00dfen<strong>. <\/strong>Dar\u00fcber hinaus k\u00f6nnen Sie <strong>bis zu 18 UKW- und 18 DAB+-Senderspeicherpl\u00e4tze <\/strong>ausw\u00e4hlen. M\u00f6chten Sie Ihre eigene Musik spielen? Das ist auch \u00fcber <strong>Bluetooth\u00ae, den USB- und AUX-Eingang, den CD-Player oder die SD-Karte <\/strong>m\u00f6glich. Dank der Freisprecheinrichtung k\u00f6nnen Sie auch <strong>freih\u00e4ndig telefonieren.<\/strong><\/p>\n<p><strong><br \/><\/strong><\/p>\n<p>\n<strong>Merkmale:<\/strong>\n<\/p>\n<ul>\n<li>Retro-Look<\/li>\n<li>FM und DAB+ Tuner<\/li>\n<li>Bluetooth\u00ae, CD, AUX, USB und SD<\/li>\n<li>MP3- und WMA-Wiedergabe und ID3-Tag<\/li>\n<li>Abnehmbare Vorderseite<\/li>\n<li>Freih\u00e4ndiges Telefonieren mit integriertem Mikrofon<\/li>\n<li>18 voreingestellte FM- und 18 DAB+-Sender<\/li>\n<li>Vertiefte Tiefe 165 mm<\/li>\n<li>Farbe: Chrom<\/li>\n<li>4&#215;75 Watt Leistung<\/li>\n<\/ul>\n<h3>Retro-Autoradio, moderne Gadgets<\/h3>\n<p>Dieses Autoradio mit Bluetooth\u00ae hat ein Retro-Design, ist aber mit allen modernen Technologien ausgestattet. Zum Beispiel k\u00f6nnen Sie dank der Freisprecheinrichtung mit integriertem externem Mikrofon freih\u00e4ndig telefonieren. Sie k\u00f6nnen Ihre eigene Lieblingsmusik \u00fcber Bluetooth\u00ae, USB, CD-Player oder \u00fcber den AUX-Eingang und den SD-Kartenleser abspielen.<\/p>\n<h3>Autoradio mit DAB+<\/h3>\n<p>Das Autoradio ist mit DAB+ ausgestattet. Dies sorgt f\u00fcr einen definierten und angenehmen Klang. Im Gegensatz zu einem UKW-Radio hat ein DAB+ Autoradio einen besseren Empfang. Dadurch leiden Sie weniger unter L\u00e4rm. Das macht auch DAB+ Radios in den letzten Jahren immer beliebter. Mit diesem Autoradio k\u00f6nnen Sie dank seiner hervorragenden Klangqualit\u00e4t immer Ihre Lieblingsmusik genie\u00dfen!<\/p>\n<h3>Leistungsstarkes Autoradio<\/h3>\n<p>Dieses Autoradio mit USB und Bluetooth\u00ae verf\u00fcgt \u00fcber eine maximale Ausgangsleistung von 4 x 75 Watt, die f\u00fcr kraftvollen Sound im Auto sorgt. Die Einbautiefe dieses 1 DIN Autoradios betr\u00e4gt 165 Millimeter. Es handelt sich um eine Standardgr\u00f6\u00dfe, die den Einbau des Autoradios mit Bluetooth\u00ae in fast jedes Auto erleichtert.<\/p>\n<p><\/p>\n<p>&nbsp;<strong>Mitgeliefert:<br \/>\n<\/strong><\/p>\n<ul>\n<li>Caliber RCD120DAB-BT Autoradio<\/li>\n<li>DAB+ Antenne<\/li>\n<li>Freisprechanlage f\u00fcr das Auto<\/li>\n<\/ul>\n","protected":false},"excerpt":{"rendered":"<p>Entscheiden Sie sich f\u00fcr einen Retro-Look mit dem Caliber RCD120DAB-BT Autoradio mit Bluetooth. Das Retro-Autoradio hat ein verchromtes Geh\u00e4use. Trotz seines Retro-Looks verf\u00fcgt dieses Autoradio \u00fcber alle Gadgets, die Sie von einem modernen 1-DIN-Autoradio erwarten. So k\u00f6nnen Sie beispielsweise dank des DAB+ Radios eine gute Klangqualit\u00e4t genie\u00dfen. Dar\u00fcber hinaus k\u00f6nnen Sie bis zu 18 UKW- [&hellip;]<\/p>\n","protected":false},"featured_media":828038,"template":"","meta":{"_acf_changed":false,"site-sidebar-layout":"default","site-content-layout":"","ast-site-content-layout":"default","site-content-style":"default","site-sidebar-style":"default","ast-global-header-display":"","ast-banner-title-visibility":"","ast-main-header-display":"","ast-hfb-above-header-display":"","ast-hfb-below-header-display":"","ast-hfb-mobile-header-display":"","site-post-title":"","ast-breadcrumbs-content":"","ast-featured-img":"","footer-sml-layout":"","theme-transparent-header-meta":"","adv-header-id-meta":"","stick-header-meta":"","header-above-stick-meta":"","header-main-stick-meta":"","header-below-stick-meta":"","astra-migrate-meta-layouts":"default","ast-page-background-enabled":"default","ast-page-background-meta":{"desktop":{"background-color":"","background-image":"","background-repeat":"repeat","background-position":"center center","background-size":"auto","background-attachment":"scroll","background-type":"","background-media":"","overlay-type":"","overlay-color":"","overlay-opacity":"","overlay-gradient":""},"tablet":{"background-color":"","background-image":"","background-repeat":"repeat","background-position":"center center","background-size":"auto","background-attachment":"scroll","background-type":"","background-media":"","overlay-type":"","overlay-color":"","overlay-opacity":"","overlay-gradient":""},"mobile":{"background-color":"","background-image":"","background-repeat":"repeat","background-position":"center center","background-size":"auto","background-attachment":"scroll","background-type":"","background-media":"","overlay-type":"","overlay-color":"","overlay-opacity":"","overlay-gradient":""}},"ast-content-background-meta":{"desktop":{"background-color":"var(--ast-global-color-5)","background-image":"","background-repeat":"repeat","background-position":"center center","background-size":"auto","background-attachment":"scroll","background-type":"","background-media":"","overlay-type":"","overlay-color":"","overlay-opacity":"","overlay-gradient":""},"tablet":{"background-color":"var(--ast-global-color-5)","background-image":"","background-repeat":"repeat","background-position":"center center","background-size":"auto","background-attachment":"scroll","background-type":"","background-media":"","overlay-type":"","overlay-color":"","overlay-opacity":"","overlay-gradient":""},"mobile":{"background-color":"var(--ast-global-color-5)","background-image":"","background-repeat":"repeat","background-position":"center center","background-size":"auto","background-attachment":"scroll","background-type":"","background-media":"","overlay-type":"","overlay-color":"","overlay-opacity":"","overlay-gradient":""}}},"product_brand":[],"product_cat":[22956],"product_tag":[],"class_list":{"0":"post-477533","1":"product","2":"type-product","3":"status-publish","4":"has-post-thumbnail","6":"product_cat-keine-kategorie","7":"desktop-align-center","8":"tablet-align-center","9":"mobile-align-center","10":"ast-product-gallery-layout-horizontal","11":"ast-product-tabs-layout-horizontal","13":"first","14":"outofstock","15":"taxable","16":"shipping-taxable","17":"purchasable","18":"product-type-simple"},"acf":[],"yoast_head":"<!-- This site is optimized with the Yoast SEO plugin v26.5 - https:\/\/yoast.com\/wordpress\/plugins\/seo\/ -->\n<title>Autoradio mit Bluetooth, CD-Player, DAB+ und UKW-Radio - USB - 1 DIN - Retro Chrome Design (RCD120DAB-BT) - Caliber Europe B.V.<\/title>\n<meta name=\"robots\" content=\"noindex, follow, max-snippet:-1, max-image-preview:large, max-video-preview:-1\" \/>\n<meta property=\"og:locale\" content=\"de_DE\" \/>\n<meta property=\"og:type\" content=\"article\" \/>\n<meta property=\"og:title\" content=\"Autoradio mit Bluetooth, CD-Player, DAB+ und UKW-Radio - USB - 1 DIN - Retro Chrome Design (RCD120DAB-BT) - Caliber Europe B.V.\" \/>\n<meta property=\"og:description\" content=\"Entscheiden Sie sich f\u00fcr einen Retro-Look mit dem Caliber RCD120DAB-BT Autoradio mit Bluetooth. Das Retro-Autoradio hat ein verchromtes Geh\u00e4use. Trotz seines Retro-Looks verf\u00fcgt dieses Autoradio \u00fcber alle Gadgets, die Sie von einem modernen 1-DIN-Autoradio erwarten. So k\u00f6nnen Sie beispielsweise dank des DAB+ Radios eine gute Klangqualit\u00e4t genie\u00dfen. Dar\u00fcber hinaus k\u00f6nnen Sie bis zu 18 UKW- [&hellip;]\" \/>\n<meta property=\"og:url\" content=\"https:\/\/b2b.calibereurope.com\/de\/produkt\/RCD120DAB-BT-de_DE\/\" \/>\n<meta property=\"og:site_name\" content=\"Caliber Europe B.V.\" \/>\n<meta property=\"article:modified_time\" content=\"2025-04-22T06:12:48+00:00\" \/>\n<meta property=\"og:image\" content=\"https:\/\/b2b.calibereurope.com\/wp-content\/uploads\/2021\/11\/17afe50236684985aeda29e18495568e8398c322_RCD120DAB_BT_mic.jpg\" \/>\n\t<meta property=\"og:image:width\" content=\"1024\" \/>\n\t<meta property=\"og:image:height\" content=\"768\" \/>\n\t<meta property=\"og:image:type\" content=\"image\/jpeg\" \/>\n<meta name=\"twitter:card\" content=\"summary_large_image\" \/>\n<meta name=\"twitter:label1\" content=\"Gesch\u00e4tzte Lesezeit\" \/>\n\t<meta name=\"twitter:data1\" content=\"2\u00a0Minuten\" \/>\n<script type=\"application\/ld+json\" class=\"yoast-schema-graph\">{\"@context\":\"https:\/\/schema.org\",\"@graph\":[{\"@type\":\"WebPage\",\"@id\":\"https:\/\/b2b.calibereurope.com\/de\/produkt\/RCD120DAB-BT-de_DE\/\",\"url\":\"https:\/\/b2b.calibereurope.com\/de\/produkt\/RCD120DAB-BT-de_DE\/\",\"name\":\"Autoradio mit Bluetooth, CD-Player, DAB+ und UKW-Radio - USB - 1 DIN - Retro Chrome Design (RCD120DAB-BT) - Caliber Europe B.V.\",\"isPartOf\":{\"@id\":\"https:\/\/b2b.calibereurope.com\/#website\"},\"primaryImageOfPage\":{\"@id\":\"https:\/\/b2b.calibereurope.com\/de\/produkt\/RCD120DAB-BT-de_DE\/#primaryimage\"},\"image\":{\"@id\":\"https:\/\/b2b.calibereurope.com\/de\/produkt\/RCD120DAB-BT-de_DE\/#primaryimage\"},\"thumbnailUrl\":\"https:\/\/b2b.calibereurope.com\/wp-content\/uploads\/2023\/07\/315766cd28f0320c9c5fdf279e2e4608952e68b5_Caliber_RCD_120_DAB_BT_Front-scaled.jpg\",\"datePublished\":\"2023-07-04T00:00:00+00:00\",\"dateModified\":\"2025-04-22T06:12:48+00:00\",\"breadcrumb\":{\"@id\":\"https:\/\/b2b.calibereurope.com\/de\/produkt\/RCD120DAB-BT-de_DE\/#breadcrumb\"},\"inLanguage\":\"de\",\"potentialAction\":[{\"@type\":\"ReadAction\",\"target\":[\"https:\/\/b2b.calibereurope.com\/de\/produkt\/RCD120DAB-BT-de_DE\/\"]}]},{\"@type\":\"ImageObject\",\"inLanguage\":\"de\",\"@id\":\"https:\/\/b2b.calibereurope.com\/de\/produkt\/RCD120DAB-BT-de_DE\/#primaryimage\",\"url\":\"https:\/\/b2b.calibereurope.com\/wp-content\/uploads\/2023\/07\/315766cd28f0320c9c5fdf279e2e4608952e68b5_Caliber_RCD_120_DAB_BT_Front-scaled.jpg\",\"contentUrl\":\"https:\/\/b2b.calibereurope.com\/wp-content\/uploads\/2023\/07\/315766cd28f0320c9c5fdf279e2e4608952e68b5_Caliber_RCD_120_DAB_BT_Front-scaled.jpg\",\"width\":2560,\"height\":1707},{\"@type\":\"BreadcrumbList\",\"@id\":\"https:\/\/b2b.calibereurope.com\/de\/produkt\/RCD120DAB-BT-de_DE\/#breadcrumb\",\"itemListElement\":[{\"@type\":\"ListItem\",\"position\":1,\"name\":\"Home\",\"item\":\"https:\/\/b2b.calibereurope.com\/de\/\"},{\"@type\":\"ListItem\",\"position\":2,\"name\":\"Shop\",\"item\":\"https:\/\/b2b.calibereurope.com\/de\/shop\/\"},{\"@type\":\"ListItem\",\"position\":3,\"name\":\"Retro radio 4x75W mit DAB+, FM, CD, Bluetooth en USB &#8211; Silber (RCD120DAB-BT)\"}]},{\"@type\":\"WebSite\",\"@id\":\"https:\/\/b2b.calibereurope.com\/#website\",\"url\":\"https:\/\/b2b.calibereurope.com\/\",\"name\":\"Caliber Europe B.V.\",\"description\":\"B2B Webshop\",\"publisher\":{\"@id\":\"https:\/\/b2b.calibereurope.com\/#organization\"},\"potentialAction\":[{\"@type\":\"SearchAction\",\"target\":{\"@type\":\"EntryPoint\",\"urlTemplate\":\"https:\/\/b2b.calibereurope.com\/?s={search_term_string}\"},\"query-input\":{\"@type\":\"PropertyValueSpecification\",\"valueRequired\":true,\"valueName\":\"search_term_string\"}}],\"inLanguage\":\"de\"},{\"@type\":\"Organization\",\"@id\":\"https:\/\/b2b.calibereurope.com\/#organization\",\"name\":\"Caliber Europe B.V.\",\"url\":\"https:\/\/b2b.calibereurope.com\/\",\"logo\":{\"@type\":\"ImageObject\",\"inLanguage\":\"de\",\"@id\":\"https:\/\/b2b.calibereurope.com\/#\/schema\/logo\/image\/\",\"url\":\"https:\/\/b2b.calibereurope.com\/wp-content\/uploads\/2020\/12\/Caliber_Logo-Black.png\",\"contentUrl\":\"https:\/\/b2b.calibereurope.com\/wp-content\/uploads\/2020\/12\/Caliber_Logo-Black.png\",\"width\":3157,\"height\":356,\"caption\":\"Caliber Europe B.V.\"},\"image\":{\"@id\":\"https:\/\/b2b.calibereurope.com\/#\/schema\/logo\/image\/\"}}]}<\/script>\n<!-- \/ Yoast SEO plugin. -->","yoast_head_json":{"title":"Autoradio mit Bluetooth, CD-Player, DAB+ und UKW-Radio - USB - 1 DIN - Retro Chrome Design (RCD120DAB-BT) - Caliber Europe B.V.","robots":{"index":"noindex","follow":"follow","max-snippet":"max-snippet:-1","max-image-preview":"max-image-preview:large","max-video-preview":"max-video-preview:-1"},"og_locale":"de_DE","og_type":"article","og_title":"Autoradio mit Bluetooth, CD-Player, DAB+ und UKW-Radio - USB - 1 DIN - Retro Chrome Design (RCD120DAB-BT) - Caliber Europe B.V.","og_description":"Entscheiden Sie sich f\u00fcr einen Retro-Look mit dem Caliber RCD120DAB-BT Autoradio mit Bluetooth. Das Retro-Autoradio hat ein verchromtes Geh\u00e4use. Trotz seines Retro-Looks verf\u00fcgt dieses Autoradio \u00fcber alle Gadgets, die Sie von einem modernen 1-DIN-Autoradio erwarten. So k\u00f6nnen Sie beispielsweise dank des DAB+ Radios eine gute Klangqualit\u00e4t genie\u00dfen. Dar\u00fcber hinaus k\u00f6nnen Sie bis zu 18 UKW- [&hellip;]","og_url":"https:\/\/b2b.calibereurope.com\/de\/produkt\/RCD120DAB-BT-de_DE\/","og_site_name":"Caliber Europe B.V.","article_modified_time":"2025-04-22T06:12:48+00:00","og_image":[{"width":1024,"height":768,"url":"https:\/\/b2b.calibereurope.com\/wp-content\/uploads\/2021\/11\/17afe50236684985aeda29e18495568e8398c322_RCD120DAB_BT_mic.jpg","type":"image\/jpeg"}],"twitter_card":"summary_large_image","twitter_misc":{"Gesch\u00e4tzte Lesezeit":"2\u00a0Minuten"},"schema":{"@context":"https:\/\/schema.org","@graph":[{"@type":"WebPage","@id":"https:\/\/b2b.calibereurope.com\/de\/produkt\/RCD120DAB-BT-de_DE\/","url":"https:\/\/b2b.calibereurope.com\/de\/produkt\/RCD120DAB-BT-de_DE\/","name":"Autoradio mit Bluetooth, CD-Player, DAB+ und UKW-Radio - USB - 1 DIN - Retro Chrome Design (RCD120DAB-BT) - Caliber Europe B.V.","isPartOf":{"@id":"https:\/\/b2b.calibereurope.com\/#website"},"primaryImageOfPage":{"@id":"https:\/\/b2b.calibereurope.com\/de\/produkt\/RCD120DAB-BT-de_DE\/#primaryimage"},"image":{"@id":"https:\/\/b2b.calibereurope.com\/de\/produkt\/RCD120DAB-BT-de_DE\/#primaryimage"},"thumbnailUrl":"https:\/\/b2b.calibereurope.com\/wp-content\/uploads\/2023\/07\/315766cd28f0320c9c5fdf279e2e4608952e68b5_Caliber_RCD_120_DAB_BT_Front-scaled.jpg","datePublished":"2023-07-04T00:00:00+00:00","dateModified":"2025-04-22T06:12:48+00:00","breadcrumb":{"@id":"https:\/\/b2b.calibereurope.com\/de\/produkt\/RCD120DAB-BT-de_DE\/#breadcrumb"},"inLanguage":"de","potentialAction":[{"@type":"ReadAction","target":["https:\/\/b2b.calibereurope.com\/de\/produkt\/RCD120DAB-BT-de_DE\/"]}]},{"@type":"ImageObject","inLanguage":"de","@id":"https:\/\/b2b.calibereurope.com\/de\/produkt\/RCD120DAB-BT-de_DE\/#primaryimage","url":"https:\/\/b2b.calibereurope.com\/wp-content\/uploads\/2023\/07\/315766cd28f0320c9c5fdf279e2e4608952e68b5_Caliber_RCD_120_DAB_BT_Front-scaled.jpg","contentUrl":"https:\/\/b2b.calibereurope.com\/wp-content\/uploads\/2023\/07\/315766cd28f0320c9c5fdf279e2e4608952e68b5_Caliber_RCD_120_DAB_BT_Front-scaled.jpg","width":2560,"height":1707},{"@type":"BreadcrumbList","@id":"https:\/\/b2b.calibereurope.com\/de\/produkt\/RCD120DAB-BT-de_DE\/#breadcrumb","itemListElement":[{"@type":"ListItem","position":1,"name":"Home","item":"https:\/\/b2b.calibereurope.com\/de\/"},{"@type":"ListItem","position":2,"name":"Shop","item":"https:\/\/b2b.calibereurope.com\/de\/shop\/"},{"@type":"ListItem","position":3,"name":"Retro radio 4x75W mit DAB+, FM, CD, Bluetooth en USB &#8211; Silber (RCD120DAB-BT)"}]},{"@type":"WebSite","@id":"https:\/\/b2b.calibereurope.com\/#website","url":"https:\/\/b2b.calibereurope.com\/","name":"Caliber Europe B.V.","description":"B2B Webshop","publisher":{"@id":"https:\/\/b2b.calibereurope.com\/#organization"},"potentialAction":[{"@type":"SearchAction","target":{"@type":"EntryPoint","urlTemplate":"https:\/\/b2b.calibereurope.com\/?s={search_term_string}"},"query-input":{"@type":"PropertyValueSpecification","valueRequired":true,"valueName":"search_term_string"}}],"inLanguage":"de"},{"@type":"Organization","@id":"https:\/\/b2b.calibereurope.com\/#organization","name":"Caliber Europe B.V.","url":"https:\/\/b2b.calibereurope.com\/","logo":{"@type":"ImageObject","inLanguage":"de","@id":"https:\/\/b2b.calibereurope.com\/#\/schema\/logo\/image\/","url":"https:\/\/b2b.calibereurope.com\/wp-content\/uploads\/2020\/12\/Caliber_Logo-Black.png","contentUrl":"https:\/\/b2b.calibereurope.com\/wp-content\/uploads\/2020\/12\/Caliber_Logo-Black.png","width":3157,"height":356,"caption":"Caliber Europe B.V."},"image":{"@id":"https:\/\/b2b.calibereurope.com\/#\/schema\/logo\/image\/"}}]}},"_links":{"self":[{"href":"https:\/\/b2b.calibereurope.com\/de\/wp-json\/wp\/v2\/product\/477533","targetHints":{"allow":["GET"]}}],"collection":[{"href":"https:\/\/b2b.calibereurope.com\/de\/wp-json\/wp\/v2\/product"}],"about":[{"href":"https:\/\/b2b.calibereurope.com\/de\/wp-json\/wp\/v2\/types\/product"}],"version-history":[{"count":0,"href":"https:\/\/b2b.calibereurope.com\/de\/wp-json\/wp\/v2\/product\/477533\/revisions"}],"wp:featuredmedia":[{"embeddable":true,"href":"https:\/\/b2b.calibereurope.com\/de\/wp-json\/wp\/v2\/media\/828038"}],"wp:attachment":[{"href":"https:\/\/b2b.calibereurope.com\/de\/wp-json\/wp\/v2\/media?parent=477533"}],"wp:term":[{"taxonomy":"product_brand","embeddable":true,"href":"https:\/\/b2b.calibereurope.com\/de\/wp-json\/wp\/v2\/product_brand?post=477533"},{"taxonomy":"product_cat","embeddable":true,"href":"https:\/\/b2b.calibereurope.com\/de\/wp-json\/wp\/v2\/product_cat?post=477533"},{"taxonomy":"product_tag","embeddable":true,"href":"https:\/\/b2b.calibereurope.com\/de\/wp-json\/wp\/v2\/product_tag?post=477533"}],"curies":[{"name":"wp","href":"https:\/\/api.w.org\/{rel}","templated":true}]}}