{"id":477705,"date":"2022-10-03T02:00:00","date_gmt":"2022-10-03T00:00:00","guid":{"rendered":""},"modified":"2022-10-12T08:23:15","modified_gmt":"2022-10-12T06:23:15","slug":"sp-mpd2010t-av-de_de","status":"publish","type":"product","link":"https:\/\/b2b.calibereurope.com\/de\/produkt\/sp-mpd2010t-av-de_de\/","title":{"rendered":"Ern\u00e4hrungskabel &#8211; F\u00fcr Caliber MPD2010T \/ MPD298 DVD Player Car &#8211; Stromkabel (SP -MPD2010T -av)"},"content":{"rendered":"<p><P> Stellen Sie Ihren DVD-Player im Auto mit diesem Caliber SP-MPD-DC1-Stromkabel zur Verf\u00fcgung. Das Stromkabel ist ein <strong> -Abbon f\u00fcr die Caliber MPD -Serie <\/strong> DVD -Player f\u00fcr das Auto. Dieses <strong> Single 12 Volt <\/strong> Stromkabel stellt sicher, dass Ihr DVD -Bildschirm Strom erh\u00e4lt, sodass Sie endlose Filme und Videos unterwegs sehen k\u00f6nnen. <\/p>\n<p> <strong> Eigenschaften: <\/strong> <\/p>\n<ul>\n<li> Einzelnahrungskabel\n<li> 12 Volt -Autoanschluss <\/li>\n<\/ul>\n<p> < P> <strong> Note: <\/strong> only compatible with caliber MPD178, MPD278, MPD278T, MPD298 and MPD2010T <\/p>\n<h3> Power for Caliber MPD DVD players <\/h3>\n<p> is the current power cable Von Ihrem Caliber -MPD -DVD -Player ist gebrochen oder m\u00f6chten Sie eine zus\u00e4tzliche Kopie kaufen? Dann ist dieses Stromkabel genau das, was Sie brauchen. Das einzelne Netzkabel bietet einen DVD -Bildschirm mit 12 Volt -Strom und ist speziell f\u00fcr die DVD -Player der Caliber -MPD -Serie f\u00fcr das Auto hergestellt. Auf diese Weise k\u00f6nnen Sie Ihre Lieblingsfilme und -videos stundenlang genie\u00dfen! <\/p>\n","protected":false},"excerpt":{"rendered":"<p>Stellen Sie Ihren DVD-Player im Auto mit diesem Caliber SP-MPD-DC1-Stromkabel zur Verf\u00fcgung. Das Stromkabel ist ein -Abbon f\u00fcr die Caliber MPD -Serie DVD -Player f\u00fcr das Auto. Dieses Single 12 Volt Stromkabel stellt sicher, dass Ihr DVD -Bildschirm Strom erh\u00e4lt, sodass Sie endlose Filme und Videos unterwegs sehen k\u00f6nnen. Eigenschaften: Einzelnahrungskabel 12 Volt -Autoanschluss < [&hellip;]\n<\/p>\n","protected":false},"featured_media":742377,"template":"","meta":{"_acf_changed":false,"site-sidebar-layout":"default","site-content-layout":"","ast-site-content-layout":"default","site-content-style":"default","site-sidebar-style":"default","ast-global-header-display":"","ast-banner-title-visibility":"","ast-main-header-display":"","ast-hfb-above-header-display":"","ast-hfb-below-header-display":"","ast-hfb-mobile-header-display":"","site-post-title":"","ast-breadcrumbs-content":"","ast-featured-img":"","footer-sml-layout":"","theme-transparent-header-meta":"","adv-header-id-meta":"","stick-header-meta":"","header-above-stick-meta":"","header-main-stick-meta":"","header-below-stick-meta":"","astra-migrate-meta-layouts":"default","ast-page-background-enabled":"default","ast-page-background-meta":{"desktop":{"background-color":"","background-image":"","background-repeat":"repeat","background-position":"center center","background-size":"auto","background-attachment":"scroll","background-type":"","background-media":"","overlay-type":"","overlay-color":"","overlay-opacity":"","overlay-gradient":""},"tablet":{"background-color":"","background-image":"","background-repeat":"repeat","background-position":"center center","background-size":"auto","background-attachment":"scroll","background-type":"","background-media":"","overlay-type":"","overlay-color":"","overlay-opacity":"","overlay-gradient":""},"mobile":{"background-color":"","background-image":"","background-repeat":"repeat","background-position":"center center","background-size":"auto","background-attachment":"scroll","background-type":"","background-media":"","overlay-type":"","overlay-color":"","overlay-opacity":"","overlay-gradient":""}},"ast-content-background-meta":{"desktop":{"background-color":"var(--ast-global-color-5)","background-image":"","background-repeat":"repeat","background-position":"center center","background-size":"auto","background-attachment":"scroll","background-type":"","background-media":"","overlay-type":"","overlay-color":"","overlay-opacity":"","overlay-gradient":""},"tablet":{"background-color":"var(--ast-global-color-5)","background-image":"","background-repeat":"repeat","background-position":"center center","background-size":"auto","background-attachment":"scroll","background-type":"","background-media":"","overlay-type":"","overlay-color":"","overlay-opacity":"","overlay-gradient":""},"mobile":{"background-color":"var(--ast-global-color-5)","background-image":"","background-repeat":"repeat","background-position":"center center","background-size":"auto","background-attachment":"scroll","background-type":"","background-media":"","overlay-type":"","overlay-color":"","overlay-opacity":"","overlay-gradient":""}}},"product_brand":[],"product_cat":[22956],"product_tag":[],"class_list":{"0":"post-477705","1":"product","2":"type-product","3":"status-publish","4":"has-post-thumbnail","6":"product_cat-keine-kategorie","7":"desktop-align-center","8":"tablet-align-center","9":"mobile-align-center","10":"ast-product-gallery-layout-horizontal","11":"ast-product-gallery-with-no-image","12":"ast-product-tabs-layout-horizontal","14":"first","15":"instock","16":"taxable","17":"shipping-taxable","18":"purchasable","19":"product-type-simple"},"acf":[],"yoast_head":"<!-- This site is optimized with the Yoast SEO plugin v26.5 - https:\/\/yoast.com\/wordpress\/plugins\/seo\/ -->\n<title>Ern\u00e4hrungskabel - F\u00fcr Caliber MPD2010T \/ MPD298 DVD Player Car - Stromkabel (SP -MPD2010T -av) - Caliber Europe B.V.<\/title>\n<meta name=\"robots\" content=\"noindex, follow, max-snippet:-1, max-image-preview:large, max-video-preview:-1\" \/>\n<meta property=\"og:locale\" content=\"de_DE\" \/>\n<meta property=\"og:type\" content=\"article\" \/>\n<meta property=\"og:title\" content=\"Ern\u00e4hrungskabel - F\u00fcr Caliber MPD2010T \/ MPD298 DVD Player Car - Stromkabel (SP -MPD2010T -av) - Caliber Europe B.V.\" \/>\n<meta property=\"og:description\" content=\"Stellen Sie Ihren DVD-Player im Auto mit diesem Caliber SP-MPD-DC1-Stromkabel zur Verf\u00fcgung. Das Stromkabel ist ein -Abbon f\u00fcr die Caliber MPD -Serie DVD -Player f\u00fcr das Auto. Dieses Single 12 Volt Stromkabel stellt sicher, dass Ihr DVD -Bildschirm Strom erh\u00e4lt, sodass Sie endlose Filme und Videos unterwegs sehen k\u00f6nnen. Eigenschaften: Einzelnahrungskabel 12 Volt -Autoanschluss &lt; [&hellip;]\" \/>\n<meta property=\"og:url\" content=\"https:\/\/b2b.calibereurope.com\/de\/produkt\/sp-mpd2010t-av-de_de\/\" \/>\n<meta property=\"og:site_name\" content=\"Caliber Europe B.V.\" \/>\n<meta property=\"article:modified_time\" content=\"2022-10-12T06:23:15+00:00\" \/>\n<meta property=\"og:image\" content=\"https:\/\/b2b.calibereurope.com\/wp-content\/uploads\/2021\/09\/669cdc403aa2bd18251cc827425751f2c1d4308b_MPD298_loopCable.jpg\" \/>\n\t<meta property=\"og:image:width\" content=\"1001\" \/>\n\t<meta property=\"og:image:height\" content=\"768\" \/>\n\t<meta property=\"og:image:type\" content=\"image\/jpeg\" \/>\n<meta name=\"twitter:card\" content=\"summary_large_image\" \/>\n<meta name=\"twitter:label1\" content=\"Gesch\u00e4tzte Lesezeit\" \/>\n\t<meta name=\"twitter:data1\" content=\"1\u00a0Minute\" \/>\n<script type=\"application\/ld+json\" class=\"yoast-schema-graph\">{\"@context\":\"https:\/\/schema.org\",\"@graph\":[{\"@type\":\"WebPage\",\"@id\":\"https:\/\/b2b.calibereurope.com\/de\/produkt\/sp-mpd2010t-av-de_de\/\",\"url\":\"https:\/\/b2b.calibereurope.com\/de\/produkt\/sp-mpd2010t-av-de_de\/\",\"name\":\"Ern\u00e4hrungskabel - F\u00fcr Caliber MPD2010T \/ MPD298 DVD Player Car - Stromkabel (SP -MPD2010T -av) - Caliber Europe B.V.\",\"isPartOf\":{\"@id\":\"https:\/\/b2b.calibereurope.com\/#website\"},\"primaryImageOfPage\":{\"@id\":\"https:\/\/b2b.calibereurope.com\/de\/produkt\/sp-mpd2010t-av-de_de\/#primaryimage\"},\"image\":{\"@id\":\"https:\/\/b2b.calibereurope.com\/de\/produkt\/sp-mpd2010t-av-de_de\/#primaryimage\"},\"thumbnailUrl\":\"https:\/\/b2b.calibereurope.com\/wp-content\/uploads\/2022\/10\/669cdc403aa2bd18251cc827425751f2c1d4308b_MPD298_loopCable.jpg\",\"datePublished\":\"2022-10-03T00:00:00+00:00\",\"dateModified\":\"2022-10-12T06:23:15+00:00\",\"breadcrumb\":{\"@id\":\"https:\/\/b2b.calibereurope.com\/de\/produkt\/sp-mpd2010t-av-de_de\/#breadcrumb\"},\"inLanguage\":\"de\",\"potentialAction\":[{\"@type\":\"ReadAction\",\"target\":[\"https:\/\/b2b.calibereurope.com\/de\/produkt\/sp-mpd2010t-av-de_de\/\"]}]},{\"@type\":\"ImageObject\",\"inLanguage\":\"de\",\"@id\":\"https:\/\/b2b.calibereurope.com\/de\/produkt\/sp-mpd2010t-av-de_de\/#primaryimage\",\"url\":\"https:\/\/b2b.calibereurope.com\/wp-content\/uploads\/2022\/10\/669cdc403aa2bd18251cc827425751f2c1d4308b_MPD298_loopCable.jpg\",\"contentUrl\":\"https:\/\/b2b.calibereurope.com\/wp-content\/uploads\/2022\/10\/669cdc403aa2bd18251cc827425751f2c1d4308b_MPD298_loopCable.jpg\",\"width\":1001,\"height\":768},{\"@type\":\"BreadcrumbList\",\"@id\":\"https:\/\/b2b.calibereurope.com\/de\/produkt\/sp-mpd2010t-av-de_de\/#breadcrumb\",\"itemListElement\":[{\"@type\":\"ListItem\",\"position\":1,\"name\":\"Home\",\"item\":\"https:\/\/b2b.calibereurope.com\/de\/\"},{\"@type\":\"ListItem\",\"position\":2,\"name\":\"Shop\",\"item\":\"https:\/\/b2b.calibereurope.com\/de\/shop\/\"},{\"@type\":\"ListItem\",\"position\":3,\"name\":\"Audio-Video-Stromkabel f\u00fcr MPD2010T \/ MPD298 (SP-MPD2010T-AV)\"}]},{\"@type\":\"WebSite\",\"@id\":\"https:\/\/b2b.calibereurope.com\/#website\",\"url\":\"https:\/\/b2b.calibereurope.com\/\",\"name\":\"Caliber Europe B.V.\",\"description\":\"B2B Webshop\",\"publisher\":{\"@id\":\"https:\/\/b2b.calibereurope.com\/#organization\"},\"potentialAction\":[{\"@type\":\"SearchAction\",\"target\":{\"@type\":\"EntryPoint\",\"urlTemplate\":\"https:\/\/b2b.calibereurope.com\/?s={search_term_string}\"},\"query-input\":{\"@type\":\"PropertyValueSpecification\",\"valueRequired\":true,\"valueName\":\"search_term_string\"}}],\"inLanguage\":\"de\"},{\"@type\":\"Organization\",\"@id\":\"https:\/\/b2b.calibereurope.com\/#organization\",\"name\":\"Caliber Europe B.V.\",\"url\":\"https:\/\/b2b.calibereurope.com\/\",\"logo\":{\"@type\":\"ImageObject\",\"inLanguage\":\"de\",\"@id\":\"https:\/\/b2b.calibereurope.com\/#\/schema\/logo\/image\/\",\"url\":\"https:\/\/b2b.calibereurope.com\/wp-content\/uploads\/2020\/12\/Caliber_Logo-Black.png\",\"contentUrl\":\"https:\/\/b2b.calibereurope.com\/wp-content\/uploads\/2020\/12\/Caliber_Logo-Black.png\",\"width\":3157,\"height\":356,\"caption\":\"Caliber Europe B.V.\"},\"image\":{\"@id\":\"https:\/\/b2b.calibereurope.com\/#\/schema\/logo\/image\/\"}}]}<\/script>\n<!-- \/ Yoast SEO plugin. -->","yoast_head_json":{"title":"Ern\u00e4hrungskabel - F\u00fcr Caliber MPD2010T \/ MPD298 DVD Player Car - Stromkabel (SP -MPD2010T -av) - Caliber Europe B.V.","robots":{"index":"noindex","follow":"follow","max-snippet":"max-snippet:-1","max-image-preview":"max-image-preview:large","max-video-preview":"max-video-preview:-1"},"og_locale":"de_DE","og_type":"article","og_title":"Ern\u00e4hrungskabel - F\u00fcr Caliber MPD2010T \/ MPD298 DVD Player Car - Stromkabel (SP -MPD2010T -av) - Caliber Europe B.V.","og_description":"Stellen Sie Ihren DVD-Player im Auto mit diesem Caliber SP-MPD-DC1-Stromkabel zur Verf\u00fcgung. Das Stromkabel ist ein -Abbon f\u00fcr die Caliber MPD -Serie DVD -Player f\u00fcr das Auto. Dieses Single 12 Volt Stromkabel stellt sicher, dass Ihr DVD -Bildschirm Strom erh\u00e4lt, sodass Sie endlose Filme und Videos unterwegs sehen k\u00f6nnen. Eigenschaften: Einzelnahrungskabel 12 Volt -Autoanschluss < [&hellip;]","og_url":"https:\/\/b2b.calibereurope.com\/de\/produkt\/sp-mpd2010t-av-de_de\/","og_site_name":"Caliber Europe B.V.","article_modified_time":"2022-10-12T06:23:15+00:00","og_image":[{"width":1001,"height":768,"url":"https:\/\/b2b.calibereurope.com\/wp-content\/uploads\/2021\/09\/669cdc403aa2bd18251cc827425751f2c1d4308b_MPD298_loopCable.jpg","type":"image\/jpeg"}],"twitter_card":"summary_large_image","twitter_misc":{"Gesch\u00e4tzte Lesezeit":"1\u00a0Minute"},"schema":{"@context":"https:\/\/schema.org","@graph":[{"@type":"WebPage","@id":"https:\/\/b2b.calibereurope.com\/de\/produkt\/sp-mpd2010t-av-de_de\/","url":"https:\/\/b2b.calibereurope.com\/de\/produkt\/sp-mpd2010t-av-de_de\/","name":"Ern\u00e4hrungskabel - F\u00fcr Caliber MPD2010T \/ MPD298 DVD Player Car - Stromkabel (SP -MPD2010T -av) - Caliber Europe B.V.","isPartOf":{"@id":"https:\/\/b2b.calibereurope.com\/#website"},"primaryImageOfPage":{"@id":"https:\/\/b2b.calibereurope.com\/de\/produkt\/sp-mpd2010t-av-de_de\/#primaryimage"},"image":{"@id":"https:\/\/b2b.calibereurope.com\/de\/produkt\/sp-mpd2010t-av-de_de\/#primaryimage"},"thumbnailUrl":"https:\/\/b2b.calibereurope.com\/wp-content\/uploads\/2022\/10\/669cdc403aa2bd18251cc827425751f2c1d4308b_MPD298_loopCable.jpg","datePublished":"2022-10-03T00:00:00+00:00","dateModified":"2022-10-12T06:23:15+00:00","breadcrumb":{"@id":"https:\/\/b2b.calibereurope.com\/de\/produkt\/sp-mpd2010t-av-de_de\/#breadcrumb"},"inLanguage":"de","potentialAction":[{"@type":"ReadAction","target":["https:\/\/b2b.calibereurope.com\/de\/produkt\/sp-mpd2010t-av-de_de\/"]}]},{"@type":"ImageObject","inLanguage":"de","@id":"https:\/\/b2b.calibereurope.com\/de\/produkt\/sp-mpd2010t-av-de_de\/#primaryimage","url":"https:\/\/b2b.calibereurope.com\/wp-content\/uploads\/2022\/10\/669cdc403aa2bd18251cc827425751f2c1d4308b_MPD298_loopCable.jpg","contentUrl":"https:\/\/b2b.calibereurope.com\/wp-content\/uploads\/2022\/10\/669cdc403aa2bd18251cc827425751f2c1d4308b_MPD298_loopCable.jpg","width":1001,"height":768},{"@type":"BreadcrumbList","@id":"https:\/\/b2b.calibereurope.com\/de\/produkt\/sp-mpd2010t-av-de_de\/#breadcrumb","itemListElement":[{"@type":"ListItem","position":1,"name":"Home","item":"https:\/\/b2b.calibereurope.com\/de\/"},{"@type":"ListItem","position":2,"name":"Shop","item":"https:\/\/b2b.calibereurope.com\/de\/shop\/"},{"@type":"ListItem","position":3,"name":"Audio-Video-Stromkabel f\u00fcr MPD2010T \/ MPD298 (SP-MPD2010T-AV)"}]},{"@type":"WebSite","@id":"https:\/\/b2b.calibereurope.com\/#website","url":"https:\/\/b2b.calibereurope.com\/","name":"Caliber Europe B.V.","description":"B2B Webshop","publisher":{"@id":"https:\/\/b2b.calibereurope.com\/#organization"},"potentialAction":[{"@type":"SearchAction","target":{"@type":"EntryPoint","urlTemplate":"https:\/\/b2b.calibereurope.com\/?s={search_term_string}"},"query-input":{"@type":"PropertyValueSpecification","valueRequired":true,"valueName":"search_term_string"}}],"inLanguage":"de"},{"@type":"Organization","@id":"https:\/\/b2b.calibereurope.com\/#organization","name":"Caliber Europe B.V.","url":"https:\/\/b2b.calibereurope.com\/","logo":{"@type":"ImageObject","inLanguage":"de","@id":"https:\/\/b2b.calibereurope.com\/#\/schema\/logo\/image\/","url":"https:\/\/b2b.calibereurope.com\/wp-content\/uploads\/2020\/12\/Caliber_Logo-Black.png","contentUrl":"https:\/\/b2b.calibereurope.com\/wp-content\/uploads\/2020\/12\/Caliber_Logo-Black.png","width":3157,"height":356,"caption":"Caliber Europe B.V."},"image":{"@id":"https:\/\/b2b.calibereurope.com\/#\/schema\/logo\/image\/"}}]}},"_links":{"self":[{"href":"https:\/\/b2b.calibereurope.com\/de\/wp-json\/wp\/v2\/product\/477705","targetHints":{"allow":["GET"]}}],"collection":[{"href":"https:\/\/b2b.calibereurope.com\/de\/wp-json\/wp\/v2\/product"}],"about":[{"href":"https:\/\/b2b.calibereurope.com\/de\/wp-json\/wp\/v2\/types\/product"}],"version-history":[{"count":0,"href":"https:\/\/b2b.calibereurope.com\/de\/wp-json\/wp\/v2\/product\/477705\/revisions"}],"wp:featuredmedia":[{"embeddable":true,"href":"https:\/\/b2b.calibereurope.com\/de\/wp-json\/wp\/v2\/media\/742377"}],"wp:attachment":[{"href":"https:\/\/b2b.calibereurope.com\/de\/wp-json\/wp\/v2\/media?parent=477705"}],"wp:term":[{"taxonomy":"product_brand","embeddable":true,"href":"https:\/\/b2b.calibereurope.com\/de\/wp-json\/wp\/v2\/product_brand?post=477705"},{"taxonomy":"product_cat","embeddable":true,"href":"https:\/\/b2b.calibereurope.com\/de\/wp-json\/wp\/v2\/product_cat?post=477705"},{"taxonomy":"product_tag","embeddable":true,"href":"https:\/\/b2b.calibereurope.com\/de\/wp-json\/wp\/v2\/product_tag?post=477705"}],"curies":[{"name":"wp","href":"https:\/\/api.w.org\/{rel}","templated":true}]}}