{"id":477785,"date":"2023-07-31T02:00:00","date_gmt":"2023-07-31T00:00:00","guid":{"rendered":""},"modified":"2023-07-31T09:58:23","modified_gmt":"2023-07-31T07:58:23","slug":"SP-MPD-DC1-de_DE","status":"publish","type":"product","link":"https:\/\/b2b.calibereurope.com\/de\/produkt\/SP-MPD-DC1-de_DE\/","title":{"rendered":"DVD Player Auto Charger &#8211; kompatibel mit MPD178, MPD278, MPD278T, MPD298 und MPD2010T &#8211; 12V (SP -MPD -dc1))"},"content":{"rendered":"<p><P> Stellen Sie sicher, dass Ihre DVD-Spieler im Auto mit diesem Caliber SP-MPD2010t-AV-Stromkabel immer ausreichend Strom versorgen. Das Stromkabel ist <strong> geeignet f\u00fcr die Caliber -DVD -Player MPD2010T und MPD298 <\/strong> geeignet. Das <strong> doppelt <\/strong> Stromkabel kann <strong> 2 DVD -Bildschirme <\/strong> mit Leistung. Auf diese Weise k\u00f6nnen Sie bei jeder langen Fahrt oder im Ferienhaus Filme und Videos genie\u00dfen, indem Sie sie auf den DVD -Spielern spielen. Ihre Filme werden niemals unerwartet gescheitert! <\/p>\n<p> <strong> Eigenschaften: <\/strong> <\/p>\n<ul>\n<li> Audio-Video-Ern\u00e4hrungskabel\n<li> F\u00fcr Caliber MPD2010T\/MPD298 DVD-Spieler\n<li> Zum Verkn\u00fcpfen von 2 Bildschirmen <\/li>\n<\/ul>\n<h3> f\u00fcr Caliber -DVD -Player <\/h3>\n<p> Dieses Stromkabel wird speziell f\u00fcr die im Auto verwendeten DVD -Spieler hergestellt. Das Stromkabel passt auf die Caliber MPD2010T- und MPD298 -DVD -Player. Ist Ihr Kabel gebrochen? Dann k\u00f6nnen Sie es durch dieses Stromkabel ersetzen, um endloses Betrachtungsvergn\u00fcgen zu sein. Sie verbinden zwei Bildschirme mit dem Stromkabel. Auf diese Weise brauchen Sie nur ein Kabel. Ideal f\u00fcr doppelt so viel Betrachtungsvergn\u00fcgen! <\/p>\n","protected":false},"excerpt":{"rendered":"<p>Stellen Sie sicher, dass Ihre DVD-Spieler im Auto mit diesem Caliber SP-MPD2010t-AV-Stromkabel immer ausreichend Strom versorgen. Das Stromkabel ist geeignet f\u00fcr die Caliber -DVD -Player MPD2010T und MPD298 geeignet. Das doppelt Stromkabel kann 2 DVD -Bildschirme mit Leistung. Auf diese Weise k\u00f6nnen Sie bei jeder langen Fahrt oder im Ferienhaus Filme und Videos genie\u00dfen, indem [&hellip;]<\/p>\n","protected":false},"featured_media":829207,"template":"","meta":{"_acf_changed":false,"site-sidebar-layout":"default","site-content-layout":"","ast-site-content-layout":"default","site-content-style":"default","site-sidebar-style":"default","ast-global-header-display":"","ast-banner-title-visibility":"","ast-main-header-display":"","ast-hfb-above-header-display":"","ast-hfb-below-header-display":"","ast-hfb-mobile-header-display":"","site-post-title":"","ast-breadcrumbs-content":"","ast-featured-img":"","footer-sml-layout":"","theme-transparent-header-meta":"","adv-header-id-meta":"","stick-header-meta":"","header-above-stick-meta":"","header-main-stick-meta":"","header-below-stick-meta":"","astra-migrate-meta-layouts":"default","ast-page-background-enabled":"default","ast-page-background-meta":{"desktop":{"background-color":"","background-image":"","background-repeat":"repeat","background-position":"center center","background-size":"auto","background-attachment":"scroll","background-type":"","background-media":"","overlay-type":"","overlay-color":"","overlay-opacity":"","overlay-gradient":""},"tablet":{"background-color":"","background-image":"","background-repeat":"repeat","background-position":"center center","background-size":"auto","background-attachment":"scroll","background-type":"","background-media":"","overlay-type":"","overlay-color":"","overlay-opacity":"","overlay-gradient":""},"mobile":{"background-color":"","background-image":"","background-repeat":"repeat","background-position":"center center","background-size":"auto","background-attachment":"scroll","background-type":"","background-media":"","overlay-type":"","overlay-color":"","overlay-opacity":"","overlay-gradient":""}},"ast-content-background-meta":{"desktop":{"background-color":"var(--ast-global-color-5)","background-image":"","background-repeat":"repeat","background-position":"center center","background-size":"auto","background-attachment":"scroll","background-type":"","background-media":"","overlay-type":"","overlay-color":"","overlay-opacity":"","overlay-gradient":""},"tablet":{"background-color":"var(--ast-global-color-5)","background-image":"","background-repeat":"repeat","background-position":"center center","background-size":"auto","background-attachment":"scroll","background-type":"","background-media":"","overlay-type":"","overlay-color":"","overlay-opacity":"","overlay-gradient":""},"mobile":{"background-color":"var(--ast-global-color-5)","background-image":"","background-repeat":"repeat","background-position":"center center","background-size":"auto","background-attachment":"scroll","background-type":"","background-media":"","overlay-type":"","overlay-color":"","overlay-opacity":"","overlay-gradient":""}}},"product_brand":[],"product_cat":[22956],"product_tag":[],"class_list":{"0":"post-477785","1":"product","2":"type-product","3":"status-publish","4":"has-post-thumbnail","6":"product_cat-keine-kategorie","7":"desktop-align-center","8":"tablet-align-center","9":"mobile-align-center","10":"ast-product-gallery-layout-horizontal","11":"ast-product-gallery-with-no-image","12":"ast-product-tabs-layout-horizontal","14":"first","15":"onbackorder","16":"taxable","17":"shipping-taxable","18":"purchasable","19":"product-type-simple"},"acf":[],"yoast_head":"<!-- This site is optimized with the Yoast SEO plugin v26.5 - https:\/\/yoast.com\/wordpress\/plugins\/seo\/ -->\n<title>DVD Player Auto Charger - kompatibel mit MPD178, MPD278, MPD278T, MPD298 und MPD2010T - 12V (SP -MPD -dc1)) - Caliber Europe B.V.<\/title>\n<meta name=\"robots\" content=\"noindex, follow, max-snippet:-1, max-image-preview:large, max-video-preview:-1\" \/>\n<meta property=\"og:locale\" content=\"de_DE\" \/>\n<meta property=\"og:type\" content=\"article\" \/>\n<meta property=\"og:title\" content=\"DVD Player Auto Charger - kompatibel mit MPD178, MPD278, MPD278T, MPD298 und MPD2010T - 12V (SP -MPD -dc1)) - Caliber Europe B.V.\" \/>\n<meta property=\"og:description\" content=\"Stellen Sie sicher, dass Ihre DVD-Spieler im Auto mit diesem Caliber SP-MPD2010t-AV-Stromkabel immer ausreichend Strom versorgen. Das Stromkabel ist geeignet f\u00fcr die Caliber -DVD -Player MPD2010T und MPD298 geeignet. Das doppelt Stromkabel kann 2 DVD -Bildschirme mit Leistung. Auf diese Weise k\u00f6nnen Sie bei jeder langen Fahrt oder im Ferienhaus Filme und Videos genie\u00dfen, indem [&hellip;]\" \/>\n<meta property=\"og:url\" content=\"https:\/\/b2b.calibereurope.com\/de\/produkt\/sp-mpd-dc1-de_de\/\" \/>\n<meta property=\"og:site_name\" content=\"Caliber Europe B.V.\" \/>\n<meta property=\"article:modified_time\" content=\"2023-07-31T07:58:23+00:00\" \/>\n<meta property=\"og:image\" content=\"https:\/\/b2b.calibereurope.com\/wp-content\/uploads\/2021\/09\/a795660f00aaa7368e0a68080401d2f324510b60_MPD178_278_CarCharger.jpg\" \/>\n\t<meta property=\"og:image:width\" content=\"1024\" \/>\n\t<meta property=\"og:image:height\" content=\"768\" \/>\n\t<meta property=\"og:image:type\" content=\"image\/jpeg\" \/>\n<meta name=\"twitter:card\" content=\"summary_large_image\" \/>\n<meta name=\"twitter:label1\" content=\"Gesch\u00e4tzte Lesezeit\" \/>\n\t<meta name=\"twitter:data1\" content=\"1\u00a0Minute\" \/>\n<script type=\"application\/ld+json\" class=\"yoast-schema-graph\">{\"@context\":\"https:\/\/schema.org\",\"@graph\":[{\"@type\":\"WebPage\",\"@id\":\"https:\/\/b2b.calibereurope.com\/de\/produkt\/sp-mpd-dc1-de_de\/\",\"url\":\"https:\/\/b2b.calibereurope.com\/de\/produkt\/sp-mpd-dc1-de_de\/\",\"name\":\"DVD Player Auto Charger - kompatibel mit MPD178, MPD278, MPD278T, MPD298 und MPD2010T - 12V (SP -MPD -dc1)) - Caliber Europe B.V.\",\"isPartOf\":{\"@id\":\"https:\/\/b2b.calibereurope.com\/#website\"},\"primaryImageOfPage\":{\"@id\":\"https:\/\/b2b.calibereurope.com\/de\/produkt\/sp-mpd-dc1-de_de\/#primaryimage\"},\"image\":{\"@id\":\"https:\/\/b2b.calibereurope.com\/de\/produkt\/sp-mpd-dc1-de_de\/#primaryimage\"},\"thumbnailUrl\":\"https:\/\/b2b.calibereurope.com\/wp-content\/uploads\/2023\/07\/a795660f00aaa7368e0a68080401d2f324510b60_MPD178_278_CarCharger.jpg\",\"datePublished\":\"2023-07-31T00:00:00+00:00\",\"dateModified\":\"2023-07-31T07:58:23+00:00\",\"breadcrumb\":{\"@id\":\"https:\/\/b2b.calibereurope.com\/de\/produkt\/sp-mpd-dc1-de_de\/#breadcrumb\"},\"inLanguage\":\"de\",\"potentialAction\":[{\"@type\":\"ReadAction\",\"target\":[\"https:\/\/b2b.calibereurope.com\/de\/produkt\/sp-mpd-dc1-de_de\/\"]}]},{\"@type\":\"ImageObject\",\"inLanguage\":\"de\",\"@id\":\"https:\/\/b2b.calibereurope.com\/de\/produkt\/sp-mpd-dc1-de_de\/#primaryimage\",\"url\":\"https:\/\/b2b.calibereurope.com\/wp-content\/uploads\/2023\/07\/a795660f00aaa7368e0a68080401d2f324510b60_MPD178_278_CarCharger.jpg\",\"contentUrl\":\"https:\/\/b2b.calibereurope.com\/wp-content\/uploads\/2023\/07\/a795660f00aaa7368e0a68080401d2f324510b60_MPD178_278_CarCharger.jpg\",\"width\":1024,\"height\":768},{\"@type\":\"BreadcrumbList\",\"@id\":\"https:\/\/b2b.calibereurope.com\/de\/produkt\/sp-mpd-dc1-de_de\/#breadcrumb\",\"itemListElement\":[{\"@type\":\"ListItem\",\"position\":1,\"name\":\"Home\",\"item\":\"https:\/\/b2b.calibereurope.com\/de\/\"},{\"@type\":\"ListItem\",\"position\":2,\"name\":\"Shop\",\"item\":\"https:\/\/b2b.calibereurope.com\/de\/shop\/\"},{\"@type\":\"ListItem\",\"position\":3,\"name\":\"Stromkabel 12Volt Single f\u00fcr MPD-Serie (SP-MPD-DC1)\"}]},{\"@type\":\"WebSite\",\"@id\":\"https:\/\/b2b.calibereurope.com\/#website\",\"url\":\"https:\/\/b2b.calibereurope.com\/\",\"name\":\"Caliber Europe B.V.\",\"description\":\"B2B Webshop\",\"publisher\":{\"@id\":\"https:\/\/b2b.calibereurope.com\/#organization\"},\"potentialAction\":[{\"@type\":\"SearchAction\",\"target\":{\"@type\":\"EntryPoint\",\"urlTemplate\":\"https:\/\/b2b.calibereurope.com\/?s={search_term_string}\"},\"query-input\":{\"@type\":\"PropertyValueSpecification\",\"valueRequired\":true,\"valueName\":\"search_term_string\"}}],\"inLanguage\":\"de\"},{\"@type\":\"Organization\",\"@id\":\"https:\/\/b2b.calibereurope.com\/#organization\",\"name\":\"Caliber Europe B.V.\",\"url\":\"https:\/\/b2b.calibereurope.com\/\",\"logo\":{\"@type\":\"ImageObject\",\"inLanguage\":\"de\",\"@id\":\"https:\/\/b2b.calibereurope.com\/#\/schema\/logo\/image\/\",\"url\":\"https:\/\/b2b.calibereurope.com\/wp-content\/uploads\/2020\/12\/Caliber_Logo-Black.png\",\"contentUrl\":\"https:\/\/b2b.calibereurope.com\/wp-content\/uploads\/2020\/12\/Caliber_Logo-Black.png\",\"width\":3157,\"height\":356,\"caption\":\"Caliber Europe B.V.\"},\"image\":{\"@id\":\"https:\/\/b2b.calibereurope.com\/#\/schema\/logo\/image\/\"}}]}<\/script>\n<!-- \/ Yoast SEO plugin. -->","yoast_head_json":{"title":"DVD Player Auto Charger - kompatibel mit MPD178, MPD278, MPD278T, MPD298 und MPD2010T - 12V (SP -MPD -dc1)) - Caliber Europe B.V.","robots":{"index":"noindex","follow":"follow","max-snippet":"max-snippet:-1","max-image-preview":"max-image-preview:large","max-video-preview":"max-video-preview:-1"},"og_locale":"de_DE","og_type":"article","og_title":"DVD Player Auto Charger - kompatibel mit MPD178, MPD278, MPD278T, MPD298 und MPD2010T - 12V (SP -MPD -dc1)) - Caliber Europe B.V.","og_description":"Stellen Sie sicher, dass Ihre DVD-Spieler im Auto mit diesem Caliber SP-MPD2010t-AV-Stromkabel immer ausreichend Strom versorgen. Das Stromkabel ist geeignet f\u00fcr die Caliber -DVD -Player MPD2010T und MPD298 geeignet. Das doppelt Stromkabel kann 2 DVD -Bildschirme mit Leistung. Auf diese Weise k\u00f6nnen Sie bei jeder langen Fahrt oder im Ferienhaus Filme und Videos genie\u00dfen, indem [&hellip;]","og_url":"https:\/\/b2b.calibereurope.com\/de\/produkt\/sp-mpd-dc1-de_de\/","og_site_name":"Caliber Europe B.V.","article_modified_time":"2023-07-31T07:58:23+00:00","og_image":[{"width":1024,"height":768,"url":"https:\/\/b2b.calibereurope.com\/wp-content\/uploads\/2021\/09\/a795660f00aaa7368e0a68080401d2f324510b60_MPD178_278_CarCharger.jpg","type":"image\/jpeg"}],"twitter_card":"summary_large_image","twitter_misc":{"Gesch\u00e4tzte Lesezeit":"1\u00a0Minute"},"schema":{"@context":"https:\/\/schema.org","@graph":[{"@type":"WebPage","@id":"https:\/\/b2b.calibereurope.com\/de\/produkt\/sp-mpd-dc1-de_de\/","url":"https:\/\/b2b.calibereurope.com\/de\/produkt\/sp-mpd-dc1-de_de\/","name":"DVD Player Auto Charger - kompatibel mit MPD178, MPD278, MPD278T, MPD298 und MPD2010T - 12V (SP -MPD -dc1)) - Caliber Europe B.V.","isPartOf":{"@id":"https:\/\/b2b.calibereurope.com\/#website"},"primaryImageOfPage":{"@id":"https:\/\/b2b.calibereurope.com\/de\/produkt\/sp-mpd-dc1-de_de\/#primaryimage"},"image":{"@id":"https:\/\/b2b.calibereurope.com\/de\/produkt\/sp-mpd-dc1-de_de\/#primaryimage"},"thumbnailUrl":"https:\/\/b2b.calibereurope.com\/wp-content\/uploads\/2023\/07\/a795660f00aaa7368e0a68080401d2f324510b60_MPD178_278_CarCharger.jpg","datePublished":"2023-07-31T00:00:00+00:00","dateModified":"2023-07-31T07:58:23+00:00","breadcrumb":{"@id":"https:\/\/b2b.calibereurope.com\/de\/produkt\/sp-mpd-dc1-de_de\/#breadcrumb"},"inLanguage":"de","potentialAction":[{"@type":"ReadAction","target":["https:\/\/b2b.calibereurope.com\/de\/produkt\/sp-mpd-dc1-de_de\/"]}]},{"@type":"ImageObject","inLanguage":"de","@id":"https:\/\/b2b.calibereurope.com\/de\/produkt\/sp-mpd-dc1-de_de\/#primaryimage","url":"https:\/\/b2b.calibereurope.com\/wp-content\/uploads\/2023\/07\/a795660f00aaa7368e0a68080401d2f324510b60_MPD178_278_CarCharger.jpg","contentUrl":"https:\/\/b2b.calibereurope.com\/wp-content\/uploads\/2023\/07\/a795660f00aaa7368e0a68080401d2f324510b60_MPD178_278_CarCharger.jpg","width":1024,"height":768},{"@type":"BreadcrumbList","@id":"https:\/\/b2b.calibereurope.com\/de\/produkt\/sp-mpd-dc1-de_de\/#breadcrumb","itemListElement":[{"@type":"ListItem","position":1,"name":"Home","item":"https:\/\/b2b.calibereurope.com\/de\/"},{"@type":"ListItem","position":2,"name":"Shop","item":"https:\/\/b2b.calibereurope.com\/de\/shop\/"},{"@type":"ListItem","position":3,"name":"Stromkabel 12Volt Single f\u00fcr MPD-Serie (SP-MPD-DC1)"}]},{"@type":"WebSite","@id":"https:\/\/b2b.calibereurope.com\/#website","url":"https:\/\/b2b.calibereurope.com\/","name":"Caliber Europe B.V.","description":"B2B Webshop","publisher":{"@id":"https:\/\/b2b.calibereurope.com\/#organization"},"potentialAction":[{"@type":"SearchAction","target":{"@type":"EntryPoint","urlTemplate":"https:\/\/b2b.calibereurope.com\/?s={search_term_string}"},"query-input":{"@type":"PropertyValueSpecification","valueRequired":true,"valueName":"search_term_string"}}],"inLanguage":"de"},{"@type":"Organization","@id":"https:\/\/b2b.calibereurope.com\/#organization","name":"Caliber Europe B.V.","url":"https:\/\/b2b.calibereurope.com\/","logo":{"@type":"ImageObject","inLanguage":"de","@id":"https:\/\/b2b.calibereurope.com\/#\/schema\/logo\/image\/","url":"https:\/\/b2b.calibereurope.com\/wp-content\/uploads\/2020\/12\/Caliber_Logo-Black.png","contentUrl":"https:\/\/b2b.calibereurope.com\/wp-content\/uploads\/2020\/12\/Caliber_Logo-Black.png","width":3157,"height":356,"caption":"Caliber Europe B.V."},"image":{"@id":"https:\/\/b2b.calibereurope.com\/#\/schema\/logo\/image\/"}}]}},"_links":{"self":[{"href":"https:\/\/b2b.calibereurope.com\/de\/wp-json\/wp\/v2\/product\/477785","targetHints":{"allow":["GET"]}}],"collection":[{"href":"https:\/\/b2b.calibereurope.com\/de\/wp-json\/wp\/v2\/product"}],"about":[{"href":"https:\/\/b2b.calibereurope.com\/de\/wp-json\/wp\/v2\/types\/product"}],"version-history":[{"count":0,"href":"https:\/\/b2b.calibereurope.com\/de\/wp-json\/wp\/v2\/product\/477785\/revisions"}],"wp:featuredmedia":[{"embeddable":true,"href":"https:\/\/b2b.calibereurope.com\/de\/wp-json\/wp\/v2\/media\/829207"}],"wp:attachment":[{"href":"https:\/\/b2b.calibereurope.com\/de\/wp-json\/wp\/v2\/media?parent=477785"}],"wp:term":[{"taxonomy":"product_brand","embeddable":true,"href":"https:\/\/b2b.calibereurope.com\/de\/wp-json\/wp\/v2\/product_brand?post=477785"},{"taxonomy":"product_cat","embeddable":true,"href":"https:\/\/b2b.calibereurope.com\/de\/wp-json\/wp\/v2\/product_cat?post=477785"},{"taxonomy":"product_tag","embeddable":true,"href":"https:\/\/b2b.calibereurope.com\/de\/wp-json\/wp\/v2\/product_tag?post=477785"}],"curies":[{"name":"wp","href":"https:\/\/api.w.org\/{rel}","templated":true}]}}