{"id":477805,"date":"2025-06-05T02:00:00","date_gmt":"2025-06-05T00:00:00","guid":{"rendered":""},"modified":"2025-06-05T08:23:02","modified_gmt":"2025-06-05T06:23:02","slug":"SP-MPD-DC2-de_DE","status":"publish","type":"product","link":"https:\/\/b2b.calibereurope.com\/de\/produkt\/SP-MPD-DC2-de_DE\/","title":{"rendered":"DVD Player Auto Charger &#8211; kompatibel mit MPD178, MPD278, MPD278T, MPD298 und MPD2010T &#8211; 12V (SP -MPD -DC2))"},"content":{"rendered":"<p>Mit dem Caliber SP-MPD-DC2 Stromkabel <strong>f\u00fcr den DVD-Player im Auto<\/strong> sitzt du nie wieder unerwartet mit leerem Akku da. Dieses Stromkabel wurde speziell f\u00fcr die <strong>Caliber MPD-Serie<\/strong> entwickelt. Das <strong>zweifache<\/strong> Kabel kann zwei DVD-Player im Auto gleichzeitig mit Strom versorgen, damit du ungest\u00f6rt weiterschauen kannst. Das 12-Volt-Stromkabel l\u00e4sst sich einfach \u00fcber den Zigarettenanz\u00fcnder anschlie\u00dfen. Mit einer <strong>L\u00e4nge von 1,2 Metern<\/strong> hast du im Auto genug Spielraum, um das Kabel bequem anzuschlie\u00dfen.<\/p>\n<p><\/p>\n<p><strong>Eigenschaften:<\/strong><\/p>\n<ul>\n<li>Zweifaches Ladekabel<\/li>\n<li>Geeignet f\u00fcr die Caliber MPD-Serie<\/li>\n<li>12 Volt<\/li>\n<li>L\u00e4nge: 1,2 Meter<\/li>\n<li>Gewicht: 94 Gramm<\/li>\n<li>Passt in den Zigarettenanz\u00fcnder<\/li>\n<\/ul>\n<p><strong>Achtung:<\/strong> Nur kompatibel mit Caliber MPD178, MPD278, MPD278T, MPD298 und MPD2010T<\/p>\n<h3>Ununterbrochen weiterschauen<\/h3>\n<p>Mit den DVD-Playern der Caliber MPD-Serie kannst du deine Lieblings-DVDs \u00fcberall genie\u00dfen. Die tragbaren DVD-Player eignen sich f\u00fcr die Nutzung im Auto, auf dem Campingplatz oder im Park. Mit diesem Stromkabel bleiben Kinder auf langen Autofahrten unterhalten, da sie jederzeit weitersehen k\u00f6nnen. So ist selbst ein langer Stau kein Problem mehr.<\/p>\n<h3>Einfach anzuschlie\u00dfen<\/h3>\n<p>Das Stromkabel l\u00e4sst sich im Auto ganz einfach anschlie\u00dfen. Mit einer L\u00e4nge von 1,2 Metern bietet es genug Spielraum, um es bequem zu verlegen. Das 12-Volt-Kabel wird \u00fcber den Zigarettenanz\u00fcnder betrieben. W\u00e4hrend der Fahrt werden die beiden DVD-Player mit Strom versorgt.<\/p>\n<h3>Kompatibel mit Caliber-Bildschirmen<\/h3>\n<p>Dieses Stromkabel ist geeignet f\u00fcr die Caliber DVD-Bildschirme der MPD-Serie. In dieser Serie findest du viele praktische DVD-Player von Caliber, die f\u00fcr stundenlange Unterhaltung unterwegs im Auto sorgen. Ein absolutes Must-have f\u00fcr jede Reise oder langen Ausflug.<\/p>\n","protected":false},"excerpt":{"rendered":"<p>Mit dem Caliber SP-MPD-DC2 Stromkabel f\u00fcr den DVD-Player im Auto sitzt du nie wieder unerwartet mit leerem Akku da. Dieses Stromkabel wurde speziell f\u00fcr die Caliber MPD-Serie entwickelt. Das zweifache Kabel kann zwei DVD-Player im Auto gleichzeitig mit Strom versorgen, damit du ungest\u00f6rt weiterschauen kannst. Das 12-Volt-Stromkabel l\u00e4sst sich einfach \u00fcber den Zigarettenanz\u00fcnder anschlie\u00dfen. Mit [&hellip;]<\/p>\n","protected":false},"featured_media":857245,"template":"","meta":{"_acf_changed":false,"site-sidebar-layout":"default","site-content-layout":"","ast-site-content-layout":"default","site-content-style":"default","site-sidebar-style":"default","ast-global-header-display":"","ast-banner-title-visibility":"","ast-main-header-display":"","ast-hfb-above-header-display":"","ast-hfb-below-header-display":"","ast-hfb-mobile-header-display":"","site-post-title":"","ast-breadcrumbs-content":"","ast-featured-img":"","footer-sml-layout":"","theme-transparent-header-meta":"","adv-header-id-meta":"","stick-header-meta":"","header-above-stick-meta":"","header-main-stick-meta":"","header-below-stick-meta":"","astra-migrate-meta-layouts":"default","ast-page-background-enabled":"default","ast-page-background-meta":{"desktop":{"background-color":"","background-image":"","background-repeat":"repeat","background-position":"center center","background-size":"auto","background-attachment":"scroll","background-type":"","background-media":"","overlay-type":"","overlay-color":"","overlay-opacity":"","overlay-gradient":""},"tablet":{"background-color":"","background-image":"","background-repeat":"repeat","background-position":"center center","background-size":"auto","background-attachment":"scroll","background-type":"","background-media":"","overlay-type":"","overlay-color":"","overlay-opacity":"","overlay-gradient":""},"mobile":{"background-color":"","background-image":"","background-repeat":"repeat","background-position":"center center","background-size":"auto","background-attachment":"scroll","background-type":"","background-media":"","overlay-type":"","overlay-color":"","overlay-opacity":"","overlay-gradient":""}},"ast-content-background-meta":{"desktop":{"background-color":"var(--ast-global-color-5)","background-image":"","background-repeat":"repeat","background-position":"center center","background-size":"auto","background-attachment":"scroll","background-type":"","background-media":"","overlay-type":"","overlay-color":"","overlay-opacity":"","overlay-gradient":""},"tablet":{"background-color":"var(--ast-global-color-5)","background-image":"","background-repeat":"repeat","background-position":"center center","background-size":"auto","background-attachment":"scroll","background-type":"","background-media":"","overlay-type":"","overlay-color":"","overlay-opacity":"","overlay-gradient":""},"mobile":{"background-color":"var(--ast-global-color-5)","background-image":"","background-repeat":"repeat","background-position":"center center","background-size":"auto","background-attachment":"scroll","background-type":"","background-media":"","overlay-type":"","overlay-color":"","overlay-opacity":"","overlay-gradient":""}}},"product_brand":[],"product_cat":[22956],"product_tag":[],"class_list":{"0":"post-477805","1":"product","2":"type-product","3":"status-publish","4":"has-post-thumbnail","6":"product_cat-keine-kategorie","7":"desktop-align-center","8":"tablet-align-center","9":"mobile-align-center","10":"ast-product-gallery-layout-horizontal","11":"ast-product-gallery-with-no-image","12":"ast-product-tabs-layout-horizontal","14":"first","15":"onbackorder","16":"taxable","17":"shipping-taxable","18":"purchasable","19":"product-type-simple"},"acf":[],"yoast_head":"<!-- This site is optimized with the Yoast SEO plugin v26.5 - https:\/\/yoast.com\/wordpress\/plugins\/seo\/ -->\n<title>DVD Player Auto Charger - kompatibel mit MPD178, MPD278, MPD278T, MPD298 und MPD2010T - 12V (SP -MPD -DC2)) - Caliber Europe B.V.<\/title>\n<meta name=\"robots\" content=\"noindex, follow, max-snippet:-1, max-image-preview:large, max-video-preview:-1\" \/>\n<meta property=\"og:locale\" content=\"de_DE\" \/>\n<meta property=\"og:type\" content=\"article\" \/>\n<meta property=\"og:title\" content=\"DVD Player Auto Charger - kompatibel mit MPD178, MPD278, MPD278T, MPD298 und MPD2010T - 12V (SP -MPD -DC2)) - Caliber Europe B.V.\" \/>\n<meta property=\"og:description\" content=\"Mit dem Caliber SP-MPD-DC2 Stromkabel f\u00fcr den DVD-Player im Auto sitzt du nie wieder unerwartet mit leerem Akku da. Dieses Stromkabel wurde speziell f\u00fcr die Caliber MPD-Serie entwickelt. Das zweifache Kabel kann zwei DVD-Player im Auto gleichzeitig mit Strom versorgen, damit du ungest\u00f6rt weiterschauen kannst. Das 12-Volt-Stromkabel l\u00e4sst sich einfach \u00fcber den Zigarettenanz\u00fcnder anschlie\u00dfen. Mit [&hellip;]\" \/>\n<meta property=\"og:url\" content=\"https:\/\/b2b.calibereurope.com\/de\/produkt\/sp-mpd-dc2-de_de\/\" \/>\n<meta property=\"og:site_name\" content=\"Caliber Europe B.V.\" \/>\n<meta property=\"article:modified_time\" content=\"2025-06-05T06:23:02+00:00\" \/>\n<meta property=\"og:image\" content=\"https:\/\/b2b.calibereurope.com\/wp-content\/uploads\/2021\/09\/1b3664ec12f78f3585e667145ebbd09a99e6fb74_MPD278T_CarCharger_web.jpg\" \/>\n\t<meta property=\"og:image:width\" content=\"1152\" \/>\n\t<meta property=\"og:image:height\" content=\"768\" \/>\n\t<meta property=\"og:image:type\" content=\"image\/jpeg\" \/>\n<meta name=\"twitter:card\" content=\"summary_large_image\" \/>\n<meta name=\"twitter:label1\" content=\"Gesch\u00e4tzte Lesezeit\" \/>\n\t<meta name=\"twitter:data1\" content=\"1\u00a0Minute\" \/>\n<script type=\"application\/ld+json\" class=\"yoast-schema-graph\">{\"@context\":\"https:\/\/schema.org\",\"@graph\":[{\"@type\":\"WebPage\",\"@id\":\"https:\/\/b2b.calibereurope.com\/de\/produkt\/sp-mpd-dc2-de_de\/\",\"url\":\"https:\/\/b2b.calibereurope.com\/de\/produkt\/sp-mpd-dc2-de_de\/\",\"name\":\"DVD Player Auto Charger - kompatibel mit MPD178, MPD278, MPD278T, MPD298 und MPD2010T - 12V (SP -MPD -DC2)) - Caliber Europe B.V.\",\"isPartOf\":{\"@id\":\"https:\/\/b2b.calibereurope.com\/#website\"},\"primaryImageOfPage\":{\"@id\":\"https:\/\/b2b.calibereurope.com\/de\/produkt\/sp-mpd-dc2-de_de\/#primaryimage\"},\"image\":{\"@id\":\"https:\/\/b2b.calibereurope.com\/de\/produkt\/sp-mpd-dc2-de_de\/#primaryimage\"},\"thumbnailUrl\":\"https:\/\/b2b.calibereurope.com\/wp-content\/uploads\/2025\/06\/1b3664ec12f78f3585e667145ebbd09a99e6fb74_MPD278T_CarCharger_web.jpg\",\"datePublished\":\"2025-06-05T00:00:00+00:00\",\"dateModified\":\"2025-06-05T06:23:02+00:00\",\"breadcrumb\":{\"@id\":\"https:\/\/b2b.calibereurope.com\/de\/produkt\/sp-mpd-dc2-de_de\/#breadcrumb\"},\"inLanguage\":\"de\",\"potentialAction\":[{\"@type\":\"ReadAction\",\"target\":[\"https:\/\/b2b.calibereurope.com\/de\/produkt\/sp-mpd-dc2-de_de\/\"]}]},{\"@type\":\"ImageObject\",\"inLanguage\":\"de\",\"@id\":\"https:\/\/b2b.calibereurope.com\/de\/produkt\/sp-mpd-dc2-de_de\/#primaryimage\",\"url\":\"https:\/\/b2b.calibereurope.com\/wp-content\/uploads\/2025\/06\/1b3664ec12f78f3585e667145ebbd09a99e6fb74_MPD278T_CarCharger_web.jpg\",\"contentUrl\":\"https:\/\/b2b.calibereurope.com\/wp-content\/uploads\/2025\/06\/1b3664ec12f78f3585e667145ebbd09a99e6fb74_MPD278T_CarCharger_web.jpg\",\"width\":1152,\"height\":768},{\"@type\":\"BreadcrumbList\",\"@id\":\"https:\/\/b2b.calibereurope.com\/de\/produkt\/sp-mpd-dc2-de_de\/#breadcrumb\",\"itemListElement\":[{\"@type\":\"ListItem\",\"position\":1,\"name\":\"Home\",\"item\":\"https:\/\/b2b.calibereurope.com\/de\/\"},{\"@type\":\"ListItem\",\"position\":2,\"name\":\"Shop\",\"item\":\"https:\/\/b2b.calibereurope.com\/de\/shop\/\"},{\"@type\":\"ListItem\",\"position\":3,\"name\":\"Stromkabel 12 Volt Zweifache f\u00fcr MPD-Serie (SP-MPD-DC2)\"}]},{\"@type\":\"WebSite\",\"@id\":\"https:\/\/b2b.calibereurope.com\/#website\",\"url\":\"https:\/\/b2b.calibereurope.com\/\",\"name\":\"Caliber Europe B.V.\",\"description\":\"B2B Webshop\",\"publisher\":{\"@id\":\"https:\/\/b2b.calibereurope.com\/#organization\"},\"potentialAction\":[{\"@type\":\"SearchAction\",\"target\":{\"@type\":\"EntryPoint\",\"urlTemplate\":\"https:\/\/b2b.calibereurope.com\/?s={search_term_string}\"},\"query-input\":{\"@type\":\"PropertyValueSpecification\",\"valueRequired\":true,\"valueName\":\"search_term_string\"}}],\"inLanguage\":\"de\"},{\"@type\":\"Organization\",\"@id\":\"https:\/\/b2b.calibereurope.com\/#organization\",\"name\":\"Caliber Europe B.V.\",\"url\":\"https:\/\/b2b.calibereurope.com\/\",\"logo\":{\"@type\":\"ImageObject\",\"inLanguage\":\"de\",\"@id\":\"https:\/\/b2b.calibereurope.com\/#\/schema\/logo\/image\/\",\"url\":\"https:\/\/b2b.calibereurope.com\/wp-content\/uploads\/2020\/12\/Caliber_Logo-Black.png\",\"contentUrl\":\"https:\/\/b2b.calibereurope.com\/wp-content\/uploads\/2020\/12\/Caliber_Logo-Black.png\",\"width\":3157,\"height\":356,\"caption\":\"Caliber Europe B.V.\"},\"image\":{\"@id\":\"https:\/\/b2b.calibereurope.com\/#\/schema\/logo\/image\/\"}}]}<\/script>\n<!-- \/ Yoast SEO plugin. -->","yoast_head_json":{"title":"DVD Player Auto Charger - kompatibel mit MPD178, MPD278, MPD278T, MPD298 und MPD2010T - 12V (SP -MPD -DC2)) - Caliber Europe B.V.","robots":{"index":"noindex","follow":"follow","max-snippet":"max-snippet:-1","max-image-preview":"max-image-preview:large","max-video-preview":"max-video-preview:-1"},"og_locale":"de_DE","og_type":"article","og_title":"DVD Player Auto Charger - kompatibel mit MPD178, MPD278, MPD278T, MPD298 und MPD2010T - 12V (SP -MPD -DC2)) - Caliber Europe B.V.","og_description":"Mit dem Caliber SP-MPD-DC2 Stromkabel f\u00fcr den DVD-Player im Auto sitzt du nie wieder unerwartet mit leerem Akku da. Dieses Stromkabel wurde speziell f\u00fcr die Caliber MPD-Serie entwickelt. Das zweifache Kabel kann zwei DVD-Player im Auto gleichzeitig mit Strom versorgen, damit du ungest\u00f6rt weiterschauen kannst. Das 12-Volt-Stromkabel l\u00e4sst sich einfach \u00fcber den Zigarettenanz\u00fcnder anschlie\u00dfen. Mit [&hellip;]","og_url":"https:\/\/b2b.calibereurope.com\/de\/produkt\/sp-mpd-dc2-de_de\/","og_site_name":"Caliber Europe B.V.","article_modified_time":"2025-06-05T06:23:02+00:00","og_image":[{"width":1152,"height":768,"url":"https:\/\/b2b.calibereurope.com\/wp-content\/uploads\/2021\/09\/1b3664ec12f78f3585e667145ebbd09a99e6fb74_MPD278T_CarCharger_web.jpg","type":"image\/jpeg"}],"twitter_card":"summary_large_image","twitter_misc":{"Gesch\u00e4tzte Lesezeit":"1\u00a0Minute"},"schema":{"@context":"https:\/\/schema.org","@graph":[{"@type":"WebPage","@id":"https:\/\/b2b.calibereurope.com\/de\/produkt\/sp-mpd-dc2-de_de\/","url":"https:\/\/b2b.calibereurope.com\/de\/produkt\/sp-mpd-dc2-de_de\/","name":"DVD Player Auto Charger - kompatibel mit MPD178, MPD278, MPD278T, MPD298 und MPD2010T - 12V (SP -MPD -DC2)) - Caliber Europe B.V.","isPartOf":{"@id":"https:\/\/b2b.calibereurope.com\/#website"},"primaryImageOfPage":{"@id":"https:\/\/b2b.calibereurope.com\/de\/produkt\/sp-mpd-dc2-de_de\/#primaryimage"},"image":{"@id":"https:\/\/b2b.calibereurope.com\/de\/produkt\/sp-mpd-dc2-de_de\/#primaryimage"},"thumbnailUrl":"https:\/\/b2b.calibereurope.com\/wp-content\/uploads\/2025\/06\/1b3664ec12f78f3585e667145ebbd09a99e6fb74_MPD278T_CarCharger_web.jpg","datePublished":"2025-06-05T00:00:00+00:00","dateModified":"2025-06-05T06:23:02+00:00","breadcrumb":{"@id":"https:\/\/b2b.calibereurope.com\/de\/produkt\/sp-mpd-dc2-de_de\/#breadcrumb"},"inLanguage":"de","potentialAction":[{"@type":"ReadAction","target":["https:\/\/b2b.calibereurope.com\/de\/produkt\/sp-mpd-dc2-de_de\/"]}]},{"@type":"ImageObject","inLanguage":"de","@id":"https:\/\/b2b.calibereurope.com\/de\/produkt\/sp-mpd-dc2-de_de\/#primaryimage","url":"https:\/\/b2b.calibereurope.com\/wp-content\/uploads\/2025\/06\/1b3664ec12f78f3585e667145ebbd09a99e6fb74_MPD278T_CarCharger_web.jpg","contentUrl":"https:\/\/b2b.calibereurope.com\/wp-content\/uploads\/2025\/06\/1b3664ec12f78f3585e667145ebbd09a99e6fb74_MPD278T_CarCharger_web.jpg","width":1152,"height":768},{"@type":"BreadcrumbList","@id":"https:\/\/b2b.calibereurope.com\/de\/produkt\/sp-mpd-dc2-de_de\/#breadcrumb","itemListElement":[{"@type":"ListItem","position":1,"name":"Home","item":"https:\/\/b2b.calibereurope.com\/de\/"},{"@type":"ListItem","position":2,"name":"Shop","item":"https:\/\/b2b.calibereurope.com\/de\/shop\/"},{"@type":"ListItem","position":3,"name":"Stromkabel 12 Volt Zweifache f\u00fcr MPD-Serie (SP-MPD-DC2)"}]},{"@type":"WebSite","@id":"https:\/\/b2b.calibereurope.com\/#website","url":"https:\/\/b2b.calibereurope.com\/","name":"Caliber Europe B.V.","description":"B2B Webshop","publisher":{"@id":"https:\/\/b2b.calibereurope.com\/#organization"},"potentialAction":[{"@type":"SearchAction","target":{"@type":"EntryPoint","urlTemplate":"https:\/\/b2b.calibereurope.com\/?s={search_term_string}"},"query-input":{"@type":"PropertyValueSpecification","valueRequired":true,"valueName":"search_term_string"}}],"inLanguage":"de"},{"@type":"Organization","@id":"https:\/\/b2b.calibereurope.com\/#organization","name":"Caliber Europe B.V.","url":"https:\/\/b2b.calibereurope.com\/","logo":{"@type":"ImageObject","inLanguage":"de","@id":"https:\/\/b2b.calibereurope.com\/#\/schema\/logo\/image\/","url":"https:\/\/b2b.calibereurope.com\/wp-content\/uploads\/2020\/12\/Caliber_Logo-Black.png","contentUrl":"https:\/\/b2b.calibereurope.com\/wp-content\/uploads\/2020\/12\/Caliber_Logo-Black.png","width":3157,"height":356,"caption":"Caliber Europe B.V."},"image":{"@id":"https:\/\/b2b.calibereurope.com\/#\/schema\/logo\/image\/"}}]}},"_links":{"self":[{"href":"https:\/\/b2b.calibereurope.com\/de\/wp-json\/wp\/v2\/product\/477805","targetHints":{"allow":["GET"]}}],"collection":[{"href":"https:\/\/b2b.calibereurope.com\/de\/wp-json\/wp\/v2\/product"}],"about":[{"href":"https:\/\/b2b.calibereurope.com\/de\/wp-json\/wp\/v2\/types\/product"}],"version-history":[{"count":0,"href":"https:\/\/b2b.calibereurope.com\/de\/wp-json\/wp\/v2\/product\/477805\/revisions"}],"wp:featuredmedia":[{"embeddable":true,"href":"https:\/\/b2b.calibereurope.com\/de\/wp-json\/wp\/v2\/media\/857245"}],"wp:attachment":[{"href":"https:\/\/b2b.calibereurope.com\/de\/wp-json\/wp\/v2\/media?parent=477805"}],"wp:term":[{"taxonomy":"product_brand","embeddable":true,"href":"https:\/\/b2b.calibereurope.com\/de\/wp-json\/wp\/v2\/product_brand?post=477805"},{"taxonomy":"product_cat","embeddable":true,"href":"https:\/\/b2b.calibereurope.com\/de\/wp-json\/wp\/v2\/product_cat?post=477805"},{"taxonomy":"product_tag","embeddable":true,"href":"https:\/\/b2b.calibereurope.com\/de\/wp-json\/wp\/v2\/product_tag?post=477805"}],"curies":[{"name":"wp","href":"https:\/\/api.w.org\/{rel}","templated":true}]}}