{"id":478689,"date":"2025-12-04T01:00:00","date_gmt":"2025-12-04T00:00:00","guid":{"rendered":"0"},"modified":"2025-12-04T14:50:14","modified_gmt":"2025-12-04T13:50:14","slug":"CPK25D-de_DE","status":"publish","type":"product","link":"https:\/\/b2b.calibereurope.com\/de\/produkt\/CPK25D-de_DE\/","title":{"rendered":"Audiokabelsatz f\u00fcr Auto-Verst\u00e4rker &#8211; Kabel f\u00fcr 2000 Watt Subwoofer &#8211; Satz mit 4 Kabeln &#8211; 5 Meter (CPK25D)"},"content":{"rendered":"<p>Mit dem Caliber CPK25D Verst\u00e4rkeranschlusssatz k\u00f6nnen Sie einen Verst\u00e4rker von bis zu 2000 Watt in Ihrem Auto anschlie\u00dfen. Dieser Kabelsatz besteht also aus einem <strong>Erdungskabel, einem Fernbedienungskabel, einem Signalkabel, einem Stromkabel, 10 Kabelbindern und 3 Kabel\u00f6sen.<\/strong> Kurz gesagt: alles, was Sie brauchen, um einen Verst\u00e4rker anzuschlie\u00dfen! Dank der Kabelbinder <strong>bleiben <\/strong>auch die Kabel <strong>ordentlich an ihrem Platz<\/strong>. Das Stromkabel ist nicht weniger als <strong>5 Meter lang und damit <\/strong>definitiv lang genug f\u00fcr Ihr Auto. Das Stromkabel hat eine <strong>Drahtst\u00e4rke von 25 mm.<\/strong><\/p>\n<p><strong><br \/><\/strong><\/p>\n<p><strong>&nbsp;Merkmale:<\/strong><\/p>\n<ul>\n<li>F\u00fcr Verst\u00e4rker bis zu 2000 W<\/li>\n<li>5-Meter-Versorgungskabel 25 mm<sup>2<\/sup><\/li>\n<li>0,8 Meter Erdungskabel 25 mm<sup>2<\/sup><\/li>\n<li>5 Meter langes Fernbedienungskabel<\/li>\n<li>5 Meter Signalkabel<\/li>\n<li>3 Kabel\u00f6sen (M6)<\/li>\n<li>Sicherungshalter mit 60A-Sicherung<\/li>\n<li>10 Kabelbinder<\/li>\n<\/ul>\n<h3>Gro\u00dfe Leistung, gro\u00dfer Klang<\/h3>\n<p>Dieses Set eignet sich f\u00fcr den Anschluss eines Verst\u00e4rkers mit bis zu 2000 Watt. Viele Kabels\u00e4tze k\u00f6nnen einen Verst\u00e4rker mit einer Leistung von 500, 1000 oder 1500 Watt verarbeiten. Genie\u00dfen Sie also dank dieses Kabelsatzes einen seri\u00f6sen Verst\u00e4rker, mit dem Sie Ihre Lieblingsmusik w\u00e4hrend der Fahrt noch mehr genie\u00dfen k\u00f6nnen.<\/p>\n<h3>Kompletter Kabelsatz<\/h3>\n<p>Dieses Verst\u00e4rkeranschlusssatz enth\u00e4lt alles, was Sie brauchen, um einen Verst\u00e4rker in Ihrem Auto anzuschlie\u00dfen. Sie erhalten ein Stromkabel mit einer L\u00e4nge von 5 Metern und einem Kabeldurchmesser von 25 mm. Au\u00dferdem erhalten Sie mit diesem Satz ein 80 Zentimeter langes Erdungskabel. Sie erhalten au\u00dferdem ein Fernbedienungskabel und ein Signalkabel in diesem Audiokabelsatz.<\/p>\n<h3>Einfache Installation<\/h3>\n<p>Die Installation des Verst\u00e4rkers erfordert ein paar Schritte. Schlie\u00dfen Sie das Stromkabel mit einer M6-Kabel\u00f6se an die Autobatterie an. Schlie\u00dfen Sie dann das Massekabel an das Chassis an und verwenden Sie das Fernbedienungskabel, um eine Verbindung zwischen Autoradio und Verst\u00e4rker herzustellen. Das Signalkabel transportiert dann den Ton vom Autoradio zum Verst\u00e4rker. Die mitgelieferten Kabel\u00f6sen sorgen f\u00fcr eine stabile Verbindung der Audiokabel mit den Ger\u00e4ten im Auto.<\/p>\n<p><\/p>\n<p><strong>mitgeliefert:<\/strong>\n<\/p>\n<ul>\n<li>0,8 Meter Erdungskabel 25 mm2<\/li>\n<li>5 Meter langes Fernbedienungskabel<\/li>\n<li>5 Meter Signalkabel<\/li>\n<li>5-Meter-Versorgungskabel 25 mm2<\/li>\n<li>10 Kabelbinder<\/li>\n<li>3 Kabel\u00f6sen<\/li>\n<li>Sicherungshalter mit 50-Ampere-Sicherung<\/li>\n<\/ul>\n","protected":false},"excerpt":{"rendered":"<p>Mit dem Caliber CPK25D Verst\u00e4rkeranschlusssatz k\u00f6nnen Sie einen Verst\u00e4rker von bis zu 2000 Watt in Ihrem Auto anschlie\u00dfen. Dieser Kabelsatz besteht also aus einem Erdungskabel, einem Fernbedienungskabel, einem Signalkabel, einem Stromkabel, 10 Kabelbindern und 3 Kabel\u00f6sen. Kurz gesagt: alles, was Sie brauchen, um einen Verst\u00e4rker anzuschlie\u00dfen! Dank der Kabelbinder bleiben auch die Kabel ordentlich an [&hellip;]<\/p>\n","protected":false},"featured_media":867586,"template":"","meta":{"_acf_changed":false,"site-sidebar-layout":"default","site-content-layout":"","ast-site-content-layout":"default","site-content-style":"default","site-sidebar-style":"default","ast-global-header-display":"","ast-banner-title-visibility":"","ast-main-header-display":"","ast-hfb-above-header-display":"","ast-hfb-below-header-display":"","ast-hfb-mobile-header-display":"","site-post-title":"","ast-breadcrumbs-content":"","ast-featured-img":"","footer-sml-layout":"","theme-transparent-header-meta":"","adv-header-id-meta":"","stick-header-meta":"","header-above-stick-meta":"","header-main-stick-meta":"","header-below-stick-meta":"","astra-migrate-meta-layouts":"default","ast-page-background-enabled":"default","ast-page-background-meta":{"desktop":{"background-color":"","background-image":"","background-repeat":"repeat","background-position":"center center","background-size":"auto","background-attachment":"scroll","background-type":"","background-media":"","overlay-type":"","overlay-color":"","overlay-opacity":"","overlay-gradient":""},"tablet":{"background-color":"","background-image":"","background-repeat":"repeat","background-position":"center center","background-size":"auto","background-attachment":"scroll","background-type":"","background-media":"","overlay-type":"","overlay-color":"","overlay-opacity":"","overlay-gradient":""},"mobile":{"background-color":"","background-image":"","background-repeat":"repeat","background-position":"center center","background-size":"auto","background-attachment":"scroll","background-type":"","background-media":"","overlay-type":"","overlay-color":"","overlay-opacity":"","overlay-gradient":""}},"ast-content-background-meta":{"desktop":{"background-color":"var(--ast-global-color-5)","background-image":"","background-repeat":"repeat","background-position":"center center","background-size":"auto","background-attachment":"scroll","background-type":"","background-media":"","overlay-type":"","overlay-color":"","overlay-opacity":"","overlay-gradient":""},"tablet":{"background-color":"var(--ast-global-color-5)","background-image":"","background-repeat":"repeat","background-position":"center center","background-size":"auto","background-attachment":"scroll","background-type":"","background-media":"","overlay-type":"","overlay-color":"","overlay-opacity":"","overlay-gradient":""},"mobile":{"background-color":"var(--ast-global-color-5)","background-image":"","background-repeat":"repeat","background-position":"center center","background-size":"auto","background-attachment":"scroll","background-type":"","background-media":"","overlay-type":"","overlay-color":"","overlay-opacity":"","overlay-gradient":""}}},"product_brand":[],"product_cat":[22956],"product_tag":[],"class_list":{"0":"post-478689","1":"product","2":"type-product","3":"status-publish","4":"has-post-thumbnail","6":"product_cat-keine-kategorie","7":"desktop-align-center","8":"tablet-align-center","9":"mobile-align-center","10":"ast-product-gallery-layout-horizontal","11":"ast-product-tabs-layout-horizontal","13":"first","14":"instock","15":"taxable","16":"shipping-taxable","17":"purchasable","18":"product-type-simple"},"acf":[],"yoast_head":"<!-- This site is optimized with the Yoast SEO plugin v26.5 - https:\/\/yoast.com\/wordpress\/plugins\/seo\/ -->\n<title>Audiokabelsatz f\u00fcr Auto-Verst\u00e4rker - Kabel f\u00fcr 2000 Watt Subwoofer - Satz mit 4 Kabeln - 5 Meter (CPK25D) - Caliber Europe B.V.<\/title>\n<meta name=\"robots\" content=\"noindex, follow, max-snippet:-1, max-image-preview:large, max-video-preview:-1\" \/>\n<meta property=\"og:locale\" content=\"de_DE\" \/>\n<meta property=\"og:type\" content=\"article\" \/>\n<meta property=\"og:title\" content=\"Audiokabelsatz f\u00fcr Auto-Verst\u00e4rker - Kabel f\u00fcr 2000 Watt Subwoofer - Satz mit 4 Kabeln - 5 Meter (CPK25D) - Caliber Europe B.V.\" \/>\n<meta property=\"og:description\" content=\"Mit dem Caliber CPK25D Verst\u00e4rkeranschlusssatz k\u00f6nnen Sie einen Verst\u00e4rker von bis zu 2000 Watt in Ihrem Auto anschlie\u00dfen. Dieser Kabelsatz besteht also aus einem Erdungskabel, einem Fernbedienungskabel, einem Signalkabel, einem Stromkabel, 10 Kabelbindern und 3 Kabel\u00f6sen. Kurz gesagt: alles, was Sie brauchen, um einen Verst\u00e4rker anzuschlie\u00dfen! Dank der Kabelbinder bleiben auch die Kabel ordentlich an [&hellip;]\" \/>\n<meta property=\"og:url\" content=\"https:\/\/b2b.calibereurope.com\/de\/produkt\/cpk25d-de_de\/\" \/>\n<meta property=\"og:site_name\" content=\"Caliber Europe B.V.\" \/>\n<meta property=\"article:modified_time\" content=\"2025-12-04T13:50:14+00:00\" \/>\n<meta property=\"og:image\" content=\"https:\/\/b2b.calibereurope.com\/wp-content\/uploads\/2021\/09\/fd7f2625148274709f8946e820e264c9c9defbf0_CPK25D_web.jpg\" \/>\n\t<meta property=\"og:image:width\" content=\"1024\" \/>\n\t<meta property=\"og:image:height\" content=\"768\" \/>\n\t<meta property=\"og:image:type\" content=\"image\/jpeg\" \/>\n<meta name=\"twitter:card\" content=\"summary_large_image\" \/>\n<meta name=\"twitter:label1\" content=\"Gesch\u00e4tzte Lesezeit\" \/>\n\t<meta name=\"twitter:data1\" content=\"2\u00a0Minuten\" \/>\n<script type=\"application\/ld+json\" class=\"yoast-schema-graph\">{\"@context\":\"https:\/\/schema.org\",\"@graph\":[{\"@type\":\"WebPage\",\"@id\":\"https:\/\/b2b.calibereurope.com\/de\/produkt\/cpk25d-de_de\/\",\"url\":\"https:\/\/b2b.calibereurope.com\/de\/produkt\/cpk25d-de_de\/\",\"name\":\"Audiokabelsatz f\u00fcr Auto-Verst\u00e4rker - Kabel f\u00fcr 2000 Watt Subwoofer - Satz mit 4 Kabeln - 5 Meter (CPK25D) - Caliber Europe B.V.\",\"isPartOf\":{\"@id\":\"https:\/\/b2b.calibereurope.com\/#website\"},\"primaryImageOfPage\":{\"@id\":\"https:\/\/b2b.calibereurope.com\/de\/produkt\/cpk25d-de_de\/#primaryimage\"},\"image\":{\"@id\":\"https:\/\/b2b.calibereurope.com\/de\/produkt\/cpk25d-de_de\/#primaryimage\"},\"thumbnailUrl\":\"https:\/\/b2b.calibereurope.com\/wp-content\/uploads\/2025\/12\/fd7f2625148274709f8946e820e264c9c9defbf0_CPK25D_web-4.jpg\",\"datePublished\":\"2025-12-04T00:00:00+00:00\",\"dateModified\":\"2025-12-04T13:50:14+00:00\",\"breadcrumb\":{\"@id\":\"https:\/\/b2b.calibereurope.com\/de\/produkt\/cpk25d-de_de\/#breadcrumb\"},\"inLanguage\":\"de\",\"potentialAction\":[{\"@type\":\"ReadAction\",\"target\":[\"https:\/\/b2b.calibereurope.com\/de\/produkt\/cpk25d-de_de\/\"]}]},{\"@type\":\"ImageObject\",\"inLanguage\":\"de\",\"@id\":\"https:\/\/b2b.calibereurope.com\/de\/produkt\/cpk25d-de_de\/#primaryimage\",\"url\":\"https:\/\/b2b.calibereurope.com\/wp-content\/uploads\/2025\/12\/fd7f2625148274709f8946e820e264c9c9defbf0_CPK25D_web-4.jpg\",\"contentUrl\":\"https:\/\/b2b.calibereurope.com\/wp-content\/uploads\/2025\/12\/fd7f2625148274709f8946e820e264c9c9defbf0_CPK25D_web-4.jpg\",\"width\":1024,\"height\":768},{\"@type\":\"BreadcrumbList\",\"@id\":\"https:\/\/b2b.calibereurope.com\/de\/produkt\/cpk25d-de_de\/#breadcrumb\",\"itemListElement\":[{\"@type\":\"ListItem\",\"position\":1,\"name\":\"Home\",\"item\":\"https:\/\/b2b.calibereurope.com\/de\/\"},{\"@type\":\"ListItem\",\"position\":2,\"name\":\"Shop\",\"item\":\"https:\/\/b2b.calibereurope.com\/de\/shop\/\"},{\"@type\":\"ListItem\",\"position\":3,\"name\":\"Kabelsatz 25mm &#8211; 2000 Watt (CPK25D)\"}]},{\"@type\":\"WebSite\",\"@id\":\"https:\/\/b2b.calibereurope.com\/#website\",\"url\":\"https:\/\/b2b.calibereurope.com\/\",\"name\":\"Caliber Europe B.V.\",\"description\":\"B2B Webshop\",\"publisher\":{\"@id\":\"https:\/\/b2b.calibereurope.com\/#organization\"},\"potentialAction\":[{\"@type\":\"SearchAction\",\"target\":{\"@type\":\"EntryPoint\",\"urlTemplate\":\"https:\/\/b2b.calibereurope.com\/?s={search_term_string}\"},\"query-input\":{\"@type\":\"PropertyValueSpecification\",\"valueRequired\":true,\"valueName\":\"search_term_string\"}}],\"inLanguage\":\"de\"},{\"@type\":\"Organization\",\"@id\":\"https:\/\/b2b.calibereurope.com\/#organization\",\"name\":\"Caliber Europe B.V.\",\"url\":\"https:\/\/b2b.calibereurope.com\/\",\"logo\":{\"@type\":\"ImageObject\",\"inLanguage\":\"de\",\"@id\":\"https:\/\/b2b.calibereurope.com\/#\/schema\/logo\/image\/\",\"url\":\"https:\/\/b2b.calibereurope.com\/wp-content\/uploads\/2020\/12\/Caliber_Logo-Black.png\",\"contentUrl\":\"https:\/\/b2b.calibereurope.com\/wp-content\/uploads\/2020\/12\/Caliber_Logo-Black.png\",\"width\":3157,\"height\":356,\"caption\":\"Caliber Europe B.V.\"},\"image\":{\"@id\":\"https:\/\/b2b.calibereurope.com\/#\/schema\/logo\/image\/\"}}]}<\/script>\n<!-- \/ Yoast SEO plugin. -->","yoast_head_json":{"title":"Audiokabelsatz f\u00fcr Auto-Verst\u00e4rker - Kabel f\u00fcr 2000 Watt Subwoofer - Satz mit 4 Kabeln - 5 Meter (CPK25D) - Caliber Europe B.V.","robots":{"index":"noindex","follow":"follow","max-snippet":"max-snippet:-1","max-image-preview":"max-image-preview:large","max-video-preview":"max-video-preview:-1"},"og_locale":"de_DE","og_type":"article","og_title":"Audiokabelsatz f\u00fcr Auto-Verst\u00e4rker - Kabel f\u00fcr 2000 Watt Subwoofer - Satz mit 4 Kabeln - 5 Meter (CPK25D) - Caliber Europe B.V.","og_description":"Mit dem Caliber CPK25D Verst\u00e4rkeranschlusssatz k\u00f6nnen Sie einen Verst\u00e4rker von bis zu 2000 Watt in Ihrem Auto anschlie\u00dfen. Dieser Kabelsatz besteht also aus einem Erdungskabel, einem Fernbedienungskabel, einem Signalkabel, einem Stromkabel, 10 Kabelbindern und 3 Kabel\u00f6sen. Kurz gesagt: alles, was Sie brauchen, um einen Verst\u00e4rker anzuschlie\u00dfen! Dank der Kabelbinder bleiben auch die Kabel ordentlich an [&hellip;]","og_url":"https:\/\/b2b.calibereurope.com\/de\/produkt\/cpk25d-de_de\/","og_site_name":"Caliber Europe B.V.","article_modified_time":"2025-12-04T13:50:14+00:00","og_image":[{"width":1024,"height":768,"url":"https:\/\/b2b.calibereurope.com\/wp-content\/uploads\/2021\/09\/fd7f2625148274709f8946e820e264c9c9defbf0_CPK25D_web.jpg","type":"image\/jpeg"}],"twitter_card":"summary_large_image","twitter_misc":{"Gesch\u00e4tzte Lesezeit":"2\u00a0Minuten"},"schema":{"@context":"https:\/\/schema.org","@graph":[{"@type":"WebPage","@id":"https:\/\/b2b.calibereurope.com\/de\/produkt\/cpk25d-de_de\/","url":"https:\/\/b2b.calibereurope.com\/de\/produkt\/cpk25d-de_de\/","name":"Audiokabelsatz f\u00fcr Auto-Verst\u00e4rker - Kabel f\u00fcr 2000 Watt Subwoofer - Satz mit 4 Kabeln - 5 Meter (CPK25D) - Caliber Europe B.V.","isPartOf":{"@id":"https:\/\/b2b.calibereurope.com\/#website"},"primaryImageOfPage":{"@id":"https:\/\/b2b.calibereurope.com\/de\/produkt\/cpk25d-de_de\/#primaryimage"},"image":{"@id":"https:\/\/b2b.calibereurope.com\/de\/produkt\/cpk25d-de_de\/#primaryimage"},"thumbnailUrl":"https:\/\/b2b.calibereurope.com\/wp-content\/uploads\/2025\/12\/fd7f2625148274709f8946e820e264c9c9defbf0_CPK25D_web-4.jpg","datePublished":"2025-12-04T00:00:00+00:00","dateModified":"2025-12-04T13:50:14+00:00","breadcrumb":{"@id":"https:\/\/b2b.calibereurope.com\/de\/produkt\/cpk25d-de_de\/#breadcrumb"},"inLanguage":"de","potentialAction":[{"@type":"ReadAction","target":["https:\/\/b2b.calibereurope.com\/de\/produkt\/cpk25d-de_de\/"]}]},{"@type":"ImageObject","inLanguage":"de","@id":"https:\/\/b2b.calibereurope.com\/de\/produkt\/cpk25d-de_de\/#primaryimage","url":"https:\/\/b2b.calibereurope.com\/wp-content\/uploads\/2025\/12\/fd7f2625148274709f8946e820e264c9c9defbf0_CPK25D_web-4.jpg","contentUrl":"https:\/\/b2b.calibereurope.com\/wp-content\/uploads\/2025\/12\/fd7f2625148274709f8946e820e264c9c9defbf0_CPK25D_web-4.jpg","width":1024,"height":768},{"@type":"BreadcrumbList","@id":"https:\/\/b2b.calibereurope.com\/de\/produkt\/cpk25d-de_de\/#breadcrumb","itemListElement":[{"@type":"ListItem","position":1,"name":"Home","item":"https:\/\/b2b.calibereurope.com\/de\/"},{"@type":"ListItem","position":2,"name":"Shop","item":"https:\/\/b2b.calibereurope.com\/de\/shop\/"},{"@type":"ListItem","position":3,"name":"Kabelsatz 25mm &#8211; 2000 Watt (CPK25D)"}]},{"@type":"WebSite","@id":"https:\/\/b2b.calibereurope.com\/#website","url":"https:\/\/b2b.calibereurope.com\/","name":"Caliber Europe B.V.","description":"B2B Webshop","publisher":{"@id":"https:\/\/b2b.calibereurope.com\/#organization"},"potentialAction":[{"@type":"SearchAction","target":{"@type":"EntryPoint","urlTemplate":"https:\/\/b2b.calibereurope.com\/?s={search_term_string}"},"query-input":{"@type":"PropertyValueSpecification","valueRequired":true,"valueName":"search_term_string"}}],"inLanguage":"de"},{"@type":"Organization","@id":"https:\/\/b2b.calibereurope.com\/#organization","name":"Caliber Europe B.V.","url":"https:\/\/b2b.calibereurope.com\/","logo":{"@type":"ImageObject","inLanguage":"de","@id":"https:\/\/b2b.calibereurope.com\/#\/schema\/logo\/image\/","url":"https:\/\/b2b.calibereurope.com\/wp-content\/uploads\/2020\/12\/Caliber_Logo-Black.png","contentUrl":"https:\/\/b2b.calibereurope.com\/wp-content\/uploads\/2020\/12\/Caliber_Logo-Black.png","width":3157,"height":356,"caption":"Caliber Europe B.V."},"image":{"@id":"https:\/\/b2b.calibereurope.com\/#\/schema\/logo\/image\/"}}]}},"_links":{"self":[{"href":"https:\/\/b2b.calibereurope.com\/de\/wp-json\/wp\/v2\/product\/478689","targetHints":{"allow":["GET"]}}],"collection":[{"href":"https:\/\/b2b.calibereurope.com\/de\/wp-json\/wp\/v2\/product"}],"about":[{"href":"https:\/\/b2b.calibereurope.com\/de\/wp-json\/wp\/v2\/types\/product"}],"version-history":[{"count":0,"href":"https:\/\/b2b.calibereurope.com\/de\/wp-json\/wp\/v2\/product\/478689\/revisions"}],"wp:featuredmedia":[{"embeddable":true,"href":"https:\/\/b2b.calibereurope.com\/de\/wp-json\/wp\/v2\/media\/867586"}],"wp:attachment":[{"href":"https:\/\/b2b.calibereurope.com\/de\/wp-json\/wp\/v2\/media?parent=478689"}],"wp:term":[{"taxonomy":"product_brand","embeddable":true,"href":"https:\/\/b2b.calibereurope.com\/de\/wp-json\/wp\/v2\/product_brand?post=478689"},{"taxonomy":"product_cat","embeddable":true,"href":"https:\/\/b2b.calibereurope.com\/de\/wp-json\/wp\/v2\/product_cat?post=478689"},{"taxonomy":"product_tag","embeddable":true,"href":"https:\/\/b2b.calibereurope.com\/de\/wp-json\/wp\/v2\/product_tag?post=478689"}],"curies":[{"name":"wp","href":"https:\/\/api.w.org\/{rel}","templated":true}]}}