{"id":478985,"date":"2025-12-04T01:00:00","date_gmt":"2025-12-04T00:00:00","guid":{"rendered":"0"},"modified":"2025-12-04T14:51:16","modified_gmt":"2025-12-04T13:51:16","slug":"CPK20D-de_DE","status":"publish","type":"product","link":"https:\/\/b2b.calibereurope.com\/de\/produkt\/CPK20D-de_DE\/","title":{"rendered":"Audiokabelsatz f\u00fcr Auto-Verst\u00e4rker &#8211; Kabel f\u00fcr 1500 Watt Subwoofer &#8211; Satz mit 4 Kabeln &#8211; 5 Meter (CPK20D)"},"content":{"rendered":"<p>Verleihen Sie der Musikanlage in Ihrem Auto ein zus\u00e4tzliches Upgrade mit dem Caliber CPK20D Verst\u00e4rkeranschlusssatz. Sie k\u00f6nnen Ihr Autoradio \u00fcber das Kabel mit dem Verst\u00e4rker verbinden. Das Verst\u00e4rkerkabel hat eine Nennleistung von <strong>1500 Watt <\/strong>und eine L\u00e4nge von <strong>5 Metern<\/strong>. Dadurch ist das Kabel f\u00fcr fast alle Fahrzeugtypen geeignet. Das Verst\u00e4rkerkabelsatz besteht aus <strong>vier Kabeln<\/strong>, die jeweils eine eigene <strong>Funktion <\/strong>haben. Wenn Sie die Kabel im Auto richtig anschlie\u00dfen, k\u00f6nnen Sie sehr schnell ein optimales Klangerlebnis genie\u00dfen!<\/p>\n<p><\/p>\n<p><strong>Merkmale:<br \/>\n<\/strong><\/p>\n<ul>\n<li>Stromkabel<\/li>\n<li>Erdungskabel<\/li>\n<li>Kabel der Fernbedienung<\/li>\n<li>Signalkabel<\/li>\n<li>Drei Kabel\u00f6sen<\/li>\n<li>Zehn Kabelbinder<\/li>\n<li>1500 Watt<\/li>\n<li>5 Meter<\/li>\n<\/ul>\n<h3>Vollst\u00e4ndiger Satz<\/h3>\n<p>Das Verst\u00e4rkerkabelsatz wird mit vier verschiedenen Kabeltypen geliefert. Das Stromkabel ist ein 5 Meter langes Kabel, das Sie an Ihre Autobatterie anschlie\u00dfen. Dazu verwenden Sie eine M16-Kabel\u00f6se, die ebenfalls mitgeliefert wird. Das Massekabel muss mit dem Chassis des Fahrzeugs verbunden werden. Dies geschieht ebenfalls mit einer M16-Kabel\u00f6se. Der Anschluss des Fahrgestells befindet sich oft im Kofferraum. Das Fernbedienungskabel sorgt daf\u00fcr, dass sich Ihr Radio und Ihr Verst\u00e4rker gleichzeitig ein- und ausschalten. Auch diese verbinden Sie mit einer M13-Kabel\u00f6se. Schlie\u00dflich sorgt das Signalkabel f\u00fcr ein starkes Signal zwischen Radio und Verst\u00e4rker. Die mitgelieferten Kabelbinder sorgen daf\u00fcr, dass alle Kabel an der richtigen Stelle bleiben. Auf diese Weise genie\u00dfen Sie bei jeder Kurve und jeder Bodenwelle den besten Klang!<\/p>\n<h3>Die beste Musikqualit\u00e4t<\/h3>\n<p>Wenn Sie einen Verst\u00e4rker anschlie\u00dfen, genie\u00dfen Sie bei jeder Autofahrt den besten Klang. Das liegt daran, dass ein Verst\u00e4rker einen sch\u00f6neren Klang mit mehr Kontrolle bietet. Neben den vier verschiedenen Kabeln, die im Lieferumfang enthalten sind, erhalten Sie auch einen Sicherungshalter mit einer 40-Ampere-Sicherung. Sie platzieren ihn so nah wie m\u00f6glich an der Batterie, um die beste Musikqualit\u00e4t zu genie\u00dfen.<\/p>\n<h3>Gro\u00dfe Macht<\/h3>\n<p>Der Kabelanschlusssatz hat eine hohe Nennleistung von bis zu 1500 Watt. Das bedeutet, dass die Kabel eine Leistung von bis zu 1500 Watt an das Radio senden k\u00f6nnen. Es wird daher dringend davon abgeraten, einen Verst\u00e4rker mit mehr als 1500 Watt \u00fcber diese Kabel anzuschlie\u00dfen.<\/p>\n<p><\/p>\n<p><strong>Mitgeliefert:<\/strong><\/p>\n<ul>\n<li>Caliber CPK20D<\/li>\n<li>Sicherungshalter 40 Ampere<\/li>\n<li>Stromkabel<\/li>\n<li>Erdungskabel<\/li>\n<li>Kabel der Fernbedienung<\/li>\n<li>Signalkabel<\/li>\n<li>3 M13 Kabel\u00f6sen<\/li>\n<li>10 Kabelbinder<\/li>\n<\/ul>\n","protected":false},"excerpt":{"rendered":"<p>Verleihen Sie der Musikanlage in Ihrem Auto ein zus\u00e4tzliches Upgrade mit dem Caliber CPK20D Verst\u00e4rkeranschlusssatz. Sie k\u00f6nnen Ihr Autoradio \u00fcber das Kabel mit dem Verst\u00e4rker verbinden. Das Verst\u00e4rkerkabel hat eine Nennleistung von 1500 Watt und eine L\u00e4nge von 5 Metern. Dadurch ist das Kabel f\u00fcr fast alle Fahrzeugtypen geeignet. Das Verst\u00e4rkerkabelsatz besteht aus vier Kabeln, [&hellip;]<\/p>\n","protected":false},"featured_media":867842,"template":"","meta":{"_acf_changed":false,"site-sidebar-layout":"default","site-content-layout":"","ast-site-content-layout":"default","site-content-style":"default","site-sidebar-style":"default","ast-global-header-display":"","ast-banner-title-visibility":"","ast-main-header-display":"","ast-hfb-above-header-display":"","ast-hfb-below-header-display":"","ast-hfb-mobile-header-display":"","site-post-title":"","ast-breadcrumbs-content":"","ast-featured-img":"","footer-sml-layout":"","theme-transparent-header-meta":"","adv-header-id-meta":"","stick-header-meta":"","header-above-stick-meta":"","header-main-stick-meta":"","header-below-stick-meta":"","astra-migrate-meta-layouts":"default","ast-page-background-enabled":"default","ast-page-background-meta":{"desktop":{"background-color":"","background-image":"","background-repeat":"repeat","background-position":"center center","background-size":"auto","background-attachment":"scroll","background-type":"","background-media":"","overlay-type":"","overlay-color":"","overlay-opacity":"","overlay-gradient":""},"tablet":{"background-color":"","background-image":"","background-repeat":"repeat","background-position":"center center","background-size":"auto","background-attachment":"scroll","background-type":"","background-media":"","overlay-type":"","overlay-color":"","overlay-opacity":"","overlay-gradient":""},"mobile":{"background-color":"","background-image":"","background-repeat":"repeat","background-position":"center center","background-size":"auto","background-attachment":"scroll","background-type":"","background-media":"","overlay-type":"","overlay-color":"","overlay-opacity":"","overlay-gradient":""}},"ast-content-background-meta":{"desktop":{"background-color":"var(--ast-global-color-5)","background-image":"","background-repeat":"repeat","background-position":"center center","background-size":"auto","background-attachment":"scroll","background-type":"","background-media":"","overlay-type":"","overlay-color":"","overlay-opacity":"","overlay-gradient":""},"tablet":{"background-color":"var(--ast-global-color-5)","background-image":"","background-repeat":"repeat","background-position":"center center","background-size":"auto","background-attachment":"scroll","background-type":"","background-media":"","overlay-type":"","overlay-color":"","overlay-opacity":"","overlay-gradient":""},"mobile":{"background-color":"var(--ast-global-color-5)","background-image":"","background-repeat":"repeat","background-position":"center center","background-size":"auto","background-attachment":"scroll","background-type":"","background-media":"","overlay-type":"","overlay-color":"","overlay-opacity":"","overlay-gradient":""}}},"product_brand":[],"product_cat":[22956],"product_tag":[],"class_list":{"0":"post-478985","1":"product","2":"type-product","3":"status-publish","4":"has-post-thumbnail","6":"product_cat-keine-kategorie","7":"desktop-align-center","8":"tablet-align-center","9":"mobile-align-center","10":"ast-product-gallery-layout-horizontal","11":"ast-product-tabs-layout-horizontal","13":"first","14":"onbackorder","15":"taxable","16":"shipping-taxable","17":"purchasable","18":"product-type-simple"},"acf":[],"yoast_head":"<!-- This site is optimized with the Yoast SEO plugin v26.5 - https:\/\/yoast.com\/wordpress\/plugins\/seo\/ -->\n<title>Audiokabelsatz f\u00fcr Auto-Verst\u00e4rker - Kabel f\u00fcr 1500 Watt Subwoofer - Satz mit 4 Kabeln - 5 Meter (CPK20D) - Caliber Europe B.V.<\/title>\n<meta name=\"robots\" content=\"noindex, follow, max-snippet:-1, max-image-preview:large, max-video-preview:-1\" \/>\n<meta property=\"og:locale\" content=\"de_DE\" \/>\n<meta property=\"og:type\" content=\"article\" \/>\n<meta property=\"og:title\" content=\"Audiokabelsatz f\u00fcr Auto-Verst\u00e4rker - Kabel f\u00fcr 1500 Watt Subwoofer - Satz mit 4 Kabeln - 5 Meter (CPK20D) - Caliber Europe B.V.\" \/>\n<meta property=\"og:description\" content=\"Verleihen Sie der Musikanlage in Ihrem Auto ein zus\u00e4tzliches Upgrade mit dem Caliber CPK20D Verst\u00e4rkeranschlusssatz. Sie k\u00f6nnen Ihr Autoradio \u00fcber das Kabel mit dem Verst\u00e4rker verbinden. Das Verst\u00e4rkerkabel hat eine Nennleistung von 1500 Watt und eine L\u00e4nge von 5 Metern. Dadurch ist das Kabel f\u00fcr fast alle Fahrzeugtypen geeignet. Das Verst\u00e4rkerkabelsatz besteht aus vier Kabeln, [&hellip;]\" \/>\n<meta property=\"og:url\" content=\"https:\/\/b2b.calibereurope.com\/de\/produkt\/cpk20d-de_de\/\" \/>\n<meta property=\"og:site_name\" content=\"Caliber Europe B.V.\" \/>\n<meta property=\"article:modified_time\" content=\"2025-12-04T13:51:16+00:00\" \/>\n<meta property=\"og:image\" content=\"https:\/\/b2b.calibereurope.com\/wp-content\/uploads\/2021\/09\/c6dde95319342bcbac43add0f56e47e7cf20bbc6_CPK20D_web.jpg\" \/>\n\t<meta property=\"og:image:width\" content=\"1024\" \/>\n\t<meta property=\"og:image:height\" content=\"768\" \/>\n\t<meta property=\"og:image:type\" content=\"image\/jpeg\" \/>\n<meta name=\"twitter:card\" content=\"summary_large_image\" \/>\n<meta name=\"twitter:label1\" content=\"Gesch\u00e4tzte Lesezeit\" \/>\n\t<meta name=\"twitter:data1\" content=\"2\u00a0Minuten\" \/>\n<script type=\"application\/ld+json\" class=\"yoast-schema-graph\">{\"@context\":\"https:\/\/schema.org\",\"@graph\":[{\"@type\":\"WebPage\",\"@id\":\"https:\/\/b2b.calibereurope.com\/de\/produkt\/cpk20d-de_de\/\",\"url\":\"https:\/\/b2b.calibereurope.com\/de\/produkt\/cpk20d-de_de\/\",\"name\":\"Audiokabelsatz f\u00fcr Auto-Verst\u00e4rker - Kabel f\u00fcr 1500 Watt Subwoofer - Satz mit 4 Kabeln - 5 Meter (CPK20D) - Caliber Europe B.V.\",\"isPartOf\":{\"@id\":\"https:\/\/b2b.calibereurope.com\/#website\"},\"primaryImageOfPage\":{\"@id\":\"https:\/\/b2b.calibereurope.com\/de\/produkt\/cpk20d-de_de\/#primaryimage\"},\"image\":{\"@id\":\"https:\/\/b2b.calibereurope.com\/de\/produkt\/cpk20d-de_de\/#primaryimage\"},\"thumbnailUrl\":\"https:\/\/b2b.calibereurope.com\/wp-content\/uploads\/2025\/12\/c6dde95319342bcbac43add0f56e47e7cf20bbc6_CPK20D_web-4.jpg\",\"datePublished\":\"2025-12-04T00:00:00+00:00\",\"dateModified\":\"2025-12-04T13:51:16+00:00\",\"breadcrumb\":{\"@id\":\"https:\/\/b2b.calibereurope.com\/de\/produkt\/cpk20d-de_de\/#breadcrumb\"},\"inLanguage\":\"de\",\"potentialAction\":[{\"@type\":\"ReadAction\",\"target\":[\"https:\/\/b2b.calibereurope.com\/de\/produkt\/cpk20d-de_de\/\"]}]},{\"@type\":\"ImageObject\",\"inLanguage\":\"de\",\"@id\":\"https:\/\/b2b.calibereurope.com\/de\/produkt\/cpk20d-de_de\/#primaryimage\",\"url\":\"https:\/\/b2b.calibereurope.com\/wp-content\/uploads\/2025\/12\/c6dde95319342bcbac43add0f56e47e7cf20bbc6_CPK20D_web-4.jpg\",\"contentUrl\":\"https:\/\/b2b.calibereurope.com\/wp-content\/uploads\/2025\/12\/c6dde95319342bcbac43add0f56e47e7cf20bbc6_CPK20D_web-4.jpg\",\"width\":1024,\"height\":768},{\"@type\":\"BreadcrumbList\",\"@id\":\"https:\/\/b2b.calibereurope.com\/de\/produkt\/cpk20d-de_de\/#breadcrumb\",\"itemListElement\":[{\"@type\":\"ListItem\",\"position\":1,\"name\":\"Home\",\"item\":\"https:\/\/b2b.calibereurope.com\/de\/\"},{\"@type\":\"ListItem\",\"position\":2,\"name\":\"Shop\",\"item\":\"https:\/\/b2b.calibereurope.com\/de\/shop\/\"},{\"@type\":\"ListItem\",\"position\":3,\"name\":\"Kabelsatz 20mm &#8211; 1500Watt (CPK20D)\"}]},{\"@type\":\"WebSite\",\"@id\":\"https:\/\/b2b.calibereurope.com\/#website\",\"url\":\"https:\/\/b2b.calibereurope.com\/\",\"name\":\"Caliber Europe B.V.\",\"description\":\"B2B Webshop\",\"publisher\":{\"@id\":\"https:\/\/b2b.calibereurope.com\/#organization\"},\"potentialAction\":[{\"@type\":\"SearchAction\",\"target\":{\"@type\":\"EntryPoint\",\"urlTemplate\":\"https:\/\/b2b.calibereurope.com\/?s={search_term_string}\"},\"query-input\":{\"@type\":\"PropertyValueSpecification\",\"valueRequired\":true,\"valueName\":\"search_term_string\"}}],\"inLanguage\":\"de\"},{\"@type\":\"Organization\",\"@id\":\"https:\/\/b2b.calibereurope.com\/#organization\",\"name\":\"Caliber Europe B.V.\",\"url\":\"https:\/\/b2b.calibereurope.com\/\",\"logo\":{\"@type\":\"ImageObject\",\"inLanguage\":\"de\",\"@id\":\"https:\/\/b2b.calibereurope.com\/#\/schema\/logo\/image\/\",\"url\":\"https:\/\/b2b.calibereurope.com\/wp-content\/uploads\/2020\/12\/Caliber_Logo-Black.png\",\"contentUrl\":\"https:\/\/b2b.calibereurope.com\/wp-content\/uploads\/2020\/12\/Caliber_Logo-Black.png\",\"width\":3157,\"height\":356,\"caption\":\"Caliber Europe B.V.\"},\"image\":{\"@id\":\"https:\/\/b2b.calibereurope.com\/#\/schema\/logo\/image\/\"}}]}<\/script>\n<!-- \/ Yoast SEO plugin. -->","yoast_head_json":{"title":"Audiokabelsatz f\u00fcr Auto-Verst\u00e4rker - Kabel f\u00fcr 1500 Watt Subwoofer - Satz mit 4 Kabeln - 5 Meter (CPK20D) - Caliber Europe B.V.","robots":{"index":"noindex","follow":"follow","max-snippet":"max-snippet:-1","max-image-preview":"max-image-preview:large","max-video-preview":"max-video-preview:-1"},"og_locale":"de_DE","og_type":"article","og_title":"Audiokabelsatz f\u00fcr Auto-Verst\u00e4rker - Kabel f\u00fcr 1500 Watt Subwoofer - Satz mit 4 Kabeln - 5 Meter (CPK20D) - Caliber Europe B.V.","og_description":"Verleihen Sie der Musikanlage in Ihrem Auto ein zus\u00e4tzliches Upgrade mit dem Caliber CPK20D Verst\u00e4rkeranschlusssatz. Sie k\u00f6nnen Ihr Autoradio \u00fcber das Kabel mit dem Verst\u00e4rker verbinden. Das Verst\u00e4rkerkabel hat eine Nennleistung von 1500 Watt und eine L\u00e4nge von 5 Metern. Dadurch ist das Kabel f\u00fcr fast alle Fahrzeugtypen geeignet. Das Verst\u00e4rkerkabelsatz besteht aus vier Kabeln, [&hellip;]","og_url":"https:\/\/b2b.calibereurope.com\/de\/produkt\/cpk20d-de_de\/","og_site_name":"Caliber Europe B.V.","article_modified_time":"2025-12-04T13:51:16+00:00","og_image":[{"width":1024,"height":768,"url":"https:\/\/b2b.calibereurope.com\/wp-content\/uploads\/2021\/09\/c6dde95319342bcbac43add0f56e47e7cf20bbc6_CPK20D_web.jpg","type":"image\/jpeg"}],"twitter_card":"summary_large_image","twitter_misc":{"Gesch\u00e4tzte Lesezeit":"2\u00a0Minuten"},"schema":{"@context":"https:\/\/schema.org","@graph":[{"@type":"WebPage","@id":"https:\/\/b2b.calibereurope.com\/de\/produkt\/cpk20d-de_de\/","url":"https:\/\/b2b.calibereurope.com\/de\/produkt\/cpk20d-de_de\/","name":"Audiokabelsatz f\u00fcr Auto-Verst\u00e4rker - Kabel f\u00fcr 1500 Watt Subwoofer - Satz mit 4 Kabeln - 5 Meter (CPK20D) - Caliber Europe B.V.","isPartOf":{"@id":"https:\/\/b2b.calibereurope.com\/#website"},"primaryImageOfPage":{"@id":"https:\/\/b2b.calibereurope.com\/de\/produkt\/cpk20d-de_de\/#primaryimage"},"image":{"@id":"https:\/\/b2b.calibereurope.com\/de\/produkt\/cpk20d-de_de\/#primaryimage"},"thumbnailUrl":"https:\/\/b2b.calibereurope.com\/wp-content\/uploads\/2025\/12\/c6dde95319342bcbac43add0f56e47e7cf20bbc6_CPK20D_web-4.jpg","datePublished":"2025-12-04T00:00:00+00:00","dateModified":"2025-12-04T13:51:16+00:00","breadcrumb":{"@id":"https:\/\/b2b.calibereurope.com\/de\/produkt\/cpk20d-de_de\/#breadcrumb"},"inLanguage":"de","potentialAction":[{"@type":"ReadAction","target":["https:\/\/b2b.calibereurope.com\/de\/produkt\/cpk20d-de_de\/"]}]},{"@type":"ImageObject","inLanguage":"de","@id":"https:\/\/b2b.calibereurope.com\/de\/produkt\/cpk20d-de_de\/#primaryimage","url":"https:\/\/b2b.calibereurope.com\/wp-content\/uploads\/2025\/12\/c6dde95319342bcbac43add0f56e47e7cf20bbc6_CPK20D_web-4.jpg","contentUrl":"https:\/\/b2b.calibereurope.com\/wp-content\/uploads\/2025\/12\/c6dde95319342bcbac43add0f56e47e7cf20bbc6_CPK20D_web-4.jpg","width":1024,"height":768},{"@type":"BreadcrumbList","@id":"https:\/\/b2b.calibereurope.com\/de\/produkt\/cpk20d-de_de\/#breadcrumb","itemListElement":[{"@type":"ListItem","position":1,"name":"Home","item":"https:\/\/b2b.calibereurope.com\/de\/"},{"@type":"ListItem","position":2,"name":"Shop","item":"https:\/\/b2b.calibereurope.com\/de\/shop\/"},{"@type":"ListItem","position":3,"name":"Kabelsatz 20mm &#8211; 1500Watt (CPK20D)"}]},{"@type":"WebSite","@id":"https:\/\/b2b.calibereurope.com\/#website","url":"https:\/\/b2b.calibereurope.com\/","name":"Caliber Europe B.V.","description":"B2B Webshop","publisher":{"@id":"https:\/\/b2b.calibereurope.com\/#organization"},"potentialAction":[{"@type":"SearchAction","target":{"@type":"EntryPoint","urlTemplate":"https:\/\/b2b.calibereurope.com\/?s={search_term_string}"},"query-input":{"@type":"PropertyValueSpecification","valueRequired":true,"valueName":"search_term_string"}}],"inLanguage":"de"},{"@type":"Organization","@id":"https:\/\/b2b.calibereurope.com\/#organization","name":"Caliber Europe B.V.","url":"https:\/\/b2b.calibereurope.com\/","logo":{"@type":"ImageObject","inLanguage":"de","@id":"https:\/\/b2b.calibereurope.com\/#\/schema\/logo\/image\/","url":"https:\/\/b2b.calibereurope.com\/wp-content\/uploads\/2020\/12\/Caliber_Logo-Black.png","contentUrl":"https:\/\/b2b.calibereurope.com\/wp-content\/uploads\/2020\/12\/Caliber_Logo-Black.png","width":3157,"height":356,"caption":"Caliber Europe B.V."},"image":{"@id":"https:\/\/b2b.calibereurope.com\/#\/schema\/logo\/image\/"}}]}},"_links":{"self":[{"href":"https:\/\/b2b.calibereurope.com\/de\/wp-json\/wp\/v2\/product\/478985","targetHints":{"allow":["GET"]}}],"collection":[{"href":"https:\/\/b2b.calibereurope.com\/de\/wp-json\/wp\/v2\/product"}],"about":[{"href":"https:\/\/b2b.calibereurope.com\/de\/wp-json\/wp\/v2\/types\/product"}],"version-history":[{"count":0,"href":"https:\/\/b2b.calibereurope.com\/de\/wp-json\/wp\/v2\/product\/478985\/revisions"}],"wp:featuredmedia":[{"embeddable":true,"href":"https:\/\/b2b.calibereurope.com\/de\/wp-json\/wp\/v2\/media\/867842"}],"wp:attachment":[{"href":"https:\/\/b2b.calibereurope.com\/de\/wp-json\/wp\/v2\/media?parent=478985"}],"wp:term":[{"taxonomy":"product_brand","embeddable":true,"href":"https:\/\/b2b.calibereurope.com\/de\/wp-json\/wp\/v2\/product_brand?post=478985"},{"taxonomy":"product_cat","embeddable":true,"href":"https:\/\/b2b.calibereurope.com\/de\/wp-json\/wp\/v2\/product_cat?post=478985"},{"taxonomy":"product_tag","embeddable":true,"href":"https:\/\/b2b.calibereurope.com\/de\/wp-json\/wp\/v2\/product_tag?post=478985"}],"curies":[{"name":"wp","href":"https:\/\/api.w.org\/{rel}","templated":true}]}}