{"id":479125,"date":"2025-12-04T01:00:00","date_gmt":"2025-12-04T00:00:00","guid":{"rendered":"0"},"modified":"2025-12-04T14:52:02","modified_gmt":"2025-12-04T13:52:02","slug":"CPK15D-de_DE","status":"publish","type":"product","link":"https:\/\/b2b.calibereurope.com\/de\/produkt\/CPK15D-de_DE\/","title":{"rendered":"Audiokabelsatz f\u00fcr Auto-Verst\u00e4rker &#8211; Kabel f\u00fcr 1000 Watt Subwoofer &#8211; Satz mit 4 Kabeln &#8211; 5 Meter (CPK15D)"},"content":{"rendered":"<p>Verst\u00e4rken Sie die Musikanlagen in Ihrem Auto mit Hilfe des Caliber CPK15D Verst\u00e4rkeranschlusssatzes! Der Kabelsatz ist f\u00fcr den Anschluss eines Verst\u00e4rkers mit einer Leistung von bis zu <strong>1000 Watt <\/strong>an Ihr Auto gedacht. Die Verst\u00e4rkerkabel werden als Set mit <strong>vier verschiedenen Kabeltypen <\/strong>geliefert, einschlie\u00dflich des gesamten Zubeh\u00f6rs zur Installation des Verst\u00e4rkers. Daher sind auch <strong>3 Kabel\u00f6sen <\/strong>und <strong>10 Kabelbinder <\/strong>enthalten. Die Kabel\u00f6sen sorgen f\u00fcr eine gute Leitf\u00e4higkeit und die Kabelbinder stellen sicher, dass die Kabel an der richtigen Stelle im Auto bleiben.<\/p>\n<p><\/p>\n<p>&nbsp;<strong>Merkmale:<br \/>\n<\/strong><\/p>\n<ul>\n<li>Stromkabel<\/li>\n<li>Erdungskabel<\/li>\n<li>Kabel der Fernbedienung<\/li>\n<li>Signalkabel<\/li>\n<li>Drei Kabel\u00f6sen<\/li>\n<li>Zehn Kabelbinder<\/li>\n<li>Geeignet f\u00fcr 1000 Watt Leistung<\/li>\n<\/ul>\n<h3>Alles inklusive<\/h3>\n<p>Das Verst\u00e4rkerkabelsatz enth\u00e4lt alles, was Sie brauchen. Dank des Installationsmaterials haben Sie sofort alles, was Sie brauchen. Das 5 Meter lange Stromkabel wird mit einer Kabel\u00f6se an Ihre Autobatterie angeschlossen. Das Erdungskabel wird einfach mit dem Chassis Ihres Autos verbunden. Das Fernbedienungskabel schaltet den Verst\u00e4rker zur gleichen Zeit wie Ihr Radio ein und aus. Schlie\u00dflich sorgt das Signalkabel f\u00fcr ein starkes Signal vom Autoradio zum Verst\u00e4rker.<\/p>\n<h3>Optimale Musikqualit\u00e4t<\/h3>\n<p>Der Kabelverst\u00e4rker sorgt bei jeder Autofahrt f\u00fcr ein gro\u00dfartiges Musikerlebnis. Das Verst\u00e4rkerkabelsatz kann eine Leistung von 1000 Watt verarbeiten. So k\u00f6nnen Sie die besten Verst\u00e4rker an Ihre Musiksysteme anschlie\u00dfen.<\/p>\n<h3>Einfach zu installieren<\/h3>\n<p>Das Verst\u00e4rkerkabelsatz ist sehr einfach zu installieren. Indem Sie die Kabel in Kombination mit den \u00d6sen und Bindemitteln an Ihr Autoradio anschlie\u00dfen, ist Ihr Verst\u00e4rker im Handumdrehen installiert und Sie k\u00f6nnen sofort Ihre Lieblingsmusik genie\u00dfen. Die mitgelieferten Kabelbinder sorgen daf\u00fcr, dass alles fest an seinem Platz bleibt.<\/p>\n<p><\/p>\n<p>&nbsp;<strong>Mitgeliefert:<br \/>\n<\/strong><\/p>\n<ul>\n<li>5-Meter-Versorgungskabel 15 mm2<\/li>\n<li>0,8 Meter Erdungskabel 15 mm2<\/li>\n<li>5 Meter langes Fernbedienungskabel<\/li>\n<li>5 Meter Signalkabel<\/li>\n<li>3 Kabel\u00f6sen (M6)<\/li>\n<li>Sicherungshalter mit 40A-Sicherung<\/li>\n<li>10 Kabelbinder<\/li>\n<\/ul>\n","protected":false},"excerpt":{"rendered":"<p>Verst\u00e4rken Sie die Musikanlagen in Ihrem Auto mit Hilfe des Caliber CPK15D Verst\u00e4rkeranschlusssatzes! Der Kabelsatz ist f\u00fcr den Anschluss eines Verst\u00e4rkers mit einer Leistung von bis zu 1000 Watt an Ihr Auto gedacht. Die Verst\u00e4rkerkabel werden als Set mit vier verschiedenen Kabeltypen geliefert, einschlie\u00dflich des gesamten Zubeh\u00f6rs zur Installation des Verst\u00e4rkers. Daher sind auch 3 [&hellip;]<\/p>\n","protected":false},"featured_media":867907,"template":"","meta":{"_acf_changed":false,"site-sidebar-layout":"default","site-content-layout":"","ast-site-content-layout":"default","site-content-style":"default","site-sidebar-style":"default","ast-global-header-display":"","ast-banner-title-visibility":"","ast-main-header-display":"","ast-hfb-above-header-display":"","ast-hfb-below-header-display":"","ast-hfb-mobile-header-display":"","site-post-title":"","ast-breadcrumbs-content":"","ast-featured-img":"","footer-sml-layout":"","theme-transparent-header-meta":"","adv-header-id-meta":"","stick-header-meta":"","header-above-stick-meta":"","header-main-stick-meta":"","header-below-stick-meta":"","astra-migrate-meta-layouts":"default","ast-page-background-enabled":"default","ast-page-background-meta":{"desktop":{"background-color":"","background-image":"","background-repeat":"repeat","background-position":"center center","background-size":"auto","background-attachment":"scroll","background-type":"","background-media":"","overlay-type":"","overlay-color":"","overlay-opacity":"","overlay-gradient":""},"tablet":{"background-color":"","background-image":"","background-repeat":"repeat","background-position":"center center","background-size":"auto","background-attachment":"scroll","background-type":"","background-media":"","overlay-type":"","overlay-color":"","overlay-opacity":"","overlay-gradient":""},"mobile":{"background-color":"","background-image":"","background-repeat":"repeat","background-position":"center center","background-size":"auto","background-attachment":"scroll","background-type":"","background-media":"","overlay-type":"","overlay-color":"","overlay-opacity":"","overlay-gradient":""}},"ast-content-background-meta":{"desktop":{"background-color":"var(--ast-global-color-5)","background-image":"","background-repeat":"repeat","background-position":"center center","background-size":"auto","background-attachment":"scroll","background-type":"","background-media":"","overlay-type":"","overlay-color":"","overlay-opacity":"","overlay-gradient":""},"tablet":{"background-color":"var(--ast-global-color-5)","background-image":"","background-repeat":"repeat","background-position":"center center","background-size":"auto","background-attachment":"scroll","background-type":"","background-media":"","overlay-type":"","overlay-color":"","overlay-opacity":"","overlay-gradient":""},"mobile":{"background-color":"var(--ast-global-color-5)","background-image":"","background-repeat":"repeat","background-position":"center center","background-size":"auto","background-attachment":"scroll","background-type":"","background-media":"","overlay-type":"","overlay-color":"","overlay-opacity":"","overlay-gradient":""}}},"product_brand":[],"product_cat":[22956],"product_tag":[],"class_list":{"0":"post-479125","1":"product","2":"type-product","3":"status-publish","4":"has-post-thumbnail","6":"product_cat-keine-kategorie","7":"desktop-align-center","8":"tablet-align-center","9":"mobile-align-center","10":"ast-product-gallery-layout-horizontal","11":"ast-product-tabs-layout-horizontal","13":"first","14":"instock","15":"taxable","16":"shipping-taxable","17":"purchasable","18":"product-type-simple"},"acf":[],"yoast_head":"<!-- This site is optimized with the Yoast SEO plugin v26.5 - https:\/\/yoast.com\/wordpress\/plugins\/seo\/ -->\n<title>Audiokabelsatz f\u00fcr Auto-Verst\u00e4rker - Kabel f\u00fcr 1000 Watt Subwoofer - Satz mit 4 Kabeln - 5 Meter (CPK15D) - Caliber Europe B.V.<\/title>\n<meta name=\"robots\" content=\"noindex, follow, max-snippet:-1, max-image-preview:large, max-video-preview:-1\" \/>\n<meta property=\"og:locale\" content=\"de_DE\" \/>\n<meta property=\"og:type\" content=\"article\" \/>\n<meta property=\"og:title\" content=\"Audiokabelsatz f\u00fcr Auto-Verst\u00e4rker - Kabel f\u00fcr 1000 Watt Subwoofer - Satz mit 4 Kabeln - 5 Meter (CPK15D) - Caliber Europe B.V.\" \/>\n<meta property=\"og:description\" content=\"Verst\u00e4rken Sie die Musikanlagen in Ihrem Auto mit Hilfe des Caliber CPK15D Verst\u00e4rkeranschlusssatzes! Der Kabelsatz ist f\u00fcr den Anschluss eines Verst\u00e4rkers mit einer Leistung von bis zu 1000 Watt an Ihr Auto gedacht. Die Verst\u00e4rkerkabel werden als Set mit vier verschiedenen Kabeltypen geliefert, einschlie\u00dflich des gesamten Zubeh\u00f6rs zur Installation des Verst\u00e4rkers. Daher sind auch 3 [&hellip;]\" \/>\n<meta property=\"og:url\" content=\"https:\/\/b2b.calibereurope.com\/de\/produkt\/cpk15d-de_de\/\" \/>\n<meta property=\"og:site_name\" content=\"Caliber Europe B.V.\" \/>\n<meta property=\"article:modified_time\" content=\"2025-12-04T13:52:02+00:00\" \/>\n<meta property=\"og:image\" content=\"https:\/\/b2b.calibereurope.com\/wp-content\/uploads\/2021\/09\/86862fba8bf53f39b86e2c14327f2063e99d4767_CPK15D_web.jpg\" \/>\n\t<meta property=\"og:image:width\" content=\"1024\" \/>\n\t<meta property=\"og:image:height\" content=\"768\" \/>\n\t<meta property=\"og:image:type\" content=\"image\/jpeg\" \/>\n<meta name=\"twitter:card\" content=\"summary_large_image\" \/>\n<meta name=\"twitter:label1\" content=\"Gesch\u00e4tzte Lesezeit\" \/>\n\t<meta name=\"twitter:data1\" content=\"1\u00a0Minute\" \/>\n<script type=\"application\/ld+json\" class=\"yoast-schema-graph\">{\"@context\":\"https:\/\/schema.org\",\"@graph\":[{\"@type\":\"WebPage\",\"@id\":\"https:\/\/b2b.calibereurope.com\/de\/produkt\/cpk15d-de_de\/\",\"url\":\"https:\/\/b2b.calibereurope.com\/de\/produkt\/cpk15d-de_de\/\",\"name\":\"Audiokabelsatz f\u00fcr Auto-Verst\u00e4rker - Kabel f\u00fcr 1000 Watt Subwoofer - Satz mit 4 Kabeln - 5 Meter (CPK15D) - Caliber Europe B.V.\",\"isPartOf\":{\"@id\":\"https:\/\/b2b.calibereurope.com\/#website\"},\"primaryImageOfPage\":{\"@id\":\"https:\/\/b2b.calibereurope.com\/de\/produkt\/cpk15d-de_de\/#primaryimage\"},\"image\":{\"@id\":\"https:\/\/b2b.calibereurope.com\/de\/produkt\/cpk15d-de_de\/#primaryimage\"},\"thumbnailUrl\":\"https:\/\/b2b.calibereurope.com\/wp-content\/uploads\/2025\/12\/86862fba8bf53f39b86e2c14327f2063e99d4767_CPK15D_web-4.jpg\",\"datePublished\":\"2025-12-04T00:00:00+00:00\",\"dateModified\":\"2025-12-04T13:52:02+00:00\",\"breadcrumb\":{\"@id\":\"https:\/\/b2b.calibereurope.com\/de\/produkt\/cpk15d-de_de\/#breadcrumb\"},\"inLanguage\":\"de\",\"potentialAction\":[{\"@type\":\"ReadAction\",\"target\":[\"https:\/\/b2b.calibereurope.com\/de\/produkt\/cpk15d-de_de\/\"]}]},{\"@type\":\"ImageObject\",\"inLanguage\":\"de\",\"@id\":\"https:\/\/b2b.calibereurope.com\/de\/produkt\/cpk15d-de_de\/#primaryimage\",\"url\":\"https:\/\/b2b.calibereurope.com\/wp-content\/uploads\/2025\/12\/86862fba8bf53f39b86e2c14327f2063e99d4767_CPK15D_web-4.jpg\",\"contentUrl\":\"https:\/\/b2b.calibereurope.com\/wp-content\/uploads\/2025\/12\/86862fba8bf53f39b86e2c14327f2063e99d4767_CPK15D_web-4.jpg\",\"width\":1024,\"height\":768},{\"@type\":\"BreadcrumbList\",\"@id\":\"https:\/\/b2b.calibereurope.com\/de\/produkt\/cpk15d-de_de\/#breadcrumb\",\"itemListElement\":[{\"@type\":\"ListItem\",\"position\":1,\"name\":\"Home\",\"item\":\"https:\/\/b2b.calibereurope.com\/de\/\"},{\"@type\":\"ListItem\",\"position\":2,\"name\":\"Shop\",\"item\":\"https:\/\/b2b.calibereurope.com\/de\/shop\/\"},{\"@type\":\"ListItem\",\"position\":3,\"name\":\"Kabelsatz 15mm &#8211; 1000 Watt (CPK15D)\"}]},{\"@type\":\"WebSite\",\"@id\":\"https:\/\/b2b.calibereurope.com\/#website\",\"url\":\"https:\/\/b2b.calibereurope.com\/\",\"name\":\"Caliber Europe B.V.\",\"description\":\"B2B Webshop\",\"publisher\":{\"@id\":\"https:\/\/b2b.calibereurope.com\/#organization\"},\"potentialAction\":[{\"@type\":\"SearchAction\",\"target\":{\"@type\":\"EntryPoint\",\"urlTemplate\":\"https:\/\/b2b.calibereurope.com\/?s={search_term_string}\"},\"query-input\":{\"@type\":\"PropertyValueSpecification\",\"valueRequired\":true,\"valueName\":\"search_term_string\"}}],\"inLanguage\":\"de\"},{\"@type\":\"Organization\",\"@id\":\"https:\/\/b2b.calibereurope.com\/#organization\",\"name\":\"Caliber Europe B.V.\",\"url\":\"https:\/\/b2b.calibereurope.com\/\",\"logo\":{\"@type\":\"ImageObject\",\"inLanguage\":\"de\",\"@id\":\"https:\/\/b2b.calibereurope.com\/#\/schema\/logo\/image\/\",\"url\":\"https:\/\/b2b.calibereurope.com\/wp-content\/uploads\/2020\/12\/Caliber_Logo-Black.png\",\"contentUrl\":\"https:\/\/b2b.calibereurope.com\/wp-content\/uploads\/2020\/12\/Caliber_Logo-Black.png\",\"width\":3157,\"height\":356,\"caption\":\"Caliber Europe B.V.\"},\"image\":{\"@id\":\"https:\/\/b2b.calibereurope.com\/#\/schema\/logo\/image\/\"}}]}<\/script>\n<!-- \/ Yoast SEO plugin. -->","yoast_head_json":{"title":"Audiokabelsatz f\u00fcr Auto-Verst\u00e4rker - Kabel f\u00fcr 1000 Watt Subwoofer - Satz mit 4 Kabeln - 5 Meter (CPK15D) - Caliber Europe B.V.","robots":{"index":"noindex","follow":"follow","max-snippet":"max-snippet:-1","max-image-preview":"max-image-preview:large","max-video-preview":"max-video-preview:-1"},"og_locale":"de_DE","og_type":"article","og_title":"Audiokabelsatz f\u00fcr Auto-Verst\u00e4rker - Kabel f\u00fcr 1000 Watt Subwoofer - Satz mit 4 Kabeln - 5 Meter (CPK15D) - Caliber Europe B.V.","og_description":"Verst\u00e4rken Sie die Musikanlagen in Ihrem Auto mit Hilfe des Caliber CPK15D Verst\u00e4rkeranschlusssatzes! Der Kabelsatz ist f\u00fcr den Anschluss eines Verst\u00e4rkers mit einer Leistung von bis zu 1000 Watt an Ihr Auto gedacht. Die Verst\u00e4rkerkabel werden als Set mit vier verschiedenen Kabeltypen geliefert, einschlie\u00dflich des gesamten Zubeh\u00f6rs zur Installation des Verst\u00e4rkers. Daher sind auch 3 [&hellip;]","og_url":"https:\/\/b2b.calibereurope.com\/de\/produkt\/cpk15d-de_de\/","og_site_name":"Caliber Europe B.V.","article_modified_time":"2025-12-04T13:52:02+00:00","og_image":[{"width":1024,"height":768,"url":"https:\/\/b2b.calibereurope.com\/wp-content\/uploads\/2021\/09\/86862fba8bf53f39b86e2c14327f2063e99d4767_CPK15D_web.jpg","type":"image\/jpeg"}],"twitter_card":"summary_large_image","twitter_misc":{"Gesch\u00e4tzte Lesezeit":"1\u00a0Minute"},"schema":{"@context":"https:\/\/schema.org","@graph":[{"@type":"WebPage","@id":"https:\/\/b2b.calibereurope.com\/de\/produkt\/cpk15d-de_de\/","url":"https:\/\/b2b.calibereurope.com\/de\/produkt\/cpk15d-de_de\/","name":"Audiokabelsatz f\u00fcr Auto-Verst\u00e4rker - Kabel f\u00fcr 1000 Watt Subwoofer - Satz mit 4 Kabeln - 5 Meter (CPK15D) - Caliber Europe B.V.","isPartOf":{"@id":"https:\/\/b2b.calibereurope.com\/#website"},"primaryImageOfPage":{"@id":"https:\/\/b2b.calibereurope.com\/de\/produkt\/cpk15d-de_de\/#primaryimage"},"image":{"@id":"https:\/\/b2b.calibereurope.com\/de\/produkt\/cpk15d-de_de\/#primaryimage"},"thumbnailUrl":"https:\/\/b2b.calibereurope.com\/wp-content\/uploads\/2025\/12\/86862fba8bf53f39b86e2c14327f2063e99d4767_CPK15D_web-4.jpg","datePublished":"2025-12-04T00:00:00+00:00","dateModified":"2025-12-04T13:52:02+00:00","breadcrumb":{"@id":"https:\/\/b2b.calibereurope.com\/de\/produkt\/cpk15d-de_de\/#breadcrumb"},"inLanguage":"de","potentialAction":[{"@type":"ReadAction","target":["https:\/\/b2b.calibereurope.com\/de\/produkt\/cpk15d-de_de\/"]}]},{"@type":"ImageObject","inLanguage":"de","@id":"https:\/\/b2b.calibereurope.com\/de\/produkt\/cpk15d-de_de\/#primaryimage","url":"https:\/\/b2b.calibereurope.com\/wp-content\/uploads\/2025\/12\/86862fba8bf53f39b86e2c14327f2063e99d4767_CPK15D_web-4.jpg","contentUrl":"https:\/\/b2b.calibereurope.com\/wp-content\/uploads\/2025\/12\/86862fba8bf53f39b86e2c14327f2063e99d4767_CPK15D_web-4.jpg","width":1024,"height":768},{"@type":"BreadcrumbList","@id":"https:\/\/b2b.calibereurope.com\/de\/produkt\/cpk15d-de_de\/#breadcrumb","itemListElement":[{"@type":"ListItem","position":1,"name":"Home","item":"https:\/\/b2b.calibereurope.com\/de\/"},{"@type":"ListItem","position":2,"name":"Shop","item":"https:\/\/b2b.calibereurope.com\/de\/shop\/"},{"@type":"ListItem","position":3,"name":"Kabelsatz 15mm &#8211; 1000 Watt (CPK15D)"}]},{"@type":"WebSite","@id":"https:\/\/b2b.calibereurope.com\/#website","url":"https:\/\/b2b.calibereurope.com\/","name":"Caliber Europe B.V.","description":"B2B Webshop","publisher":{"@id":"https:\/\/b2b.calibereurope.com\/#organization"},"potentialAction":[{"@type":"SearchAction","target":{"@type":"EntryPoint","urlTemplate":"https:\/\/b2b.calibereurope.com\/?s={search_term_string}"},"query-input":{"@type":"PropertyValueSpecification","valueRequired":true,"valueName":"search_term_string"}}],"inLanguage":"de"},{"@type":"Organization","@id":"https:\/\/b2b.calibereurope.com\/#organization","name":"Caliber Europe B.V.","url":"https:\/\/b2b.calibereurope.com\/","logo":{"@type":"ImageObject","inLanguage":"de","@id":"https:\/\/b2b.calibereurope.com\/#\/schema\/logo\/image\/","url":"https:\/\/b2b.calibereurope.com\/wp-content\/uploads\/2020\/12\/Caliber_Logo-Black.png","contentUrl":"https:\/\/b2b.calibereurope.com\/wp-content\/uploads\/2020\/12\/Caliber_Logo-Black.png","width":3157,"height":356,"caption":"Caliber Europe B.V."},"image":{"@id":"https:\/\/b2b.calibereurope.com\/#\/schema\/logo\/image\/"}}]}},"_links":{"self":[{"href":"https:\/\/b2b.calibereurope.com\/de\/wp-json\/wp\/v2\/product\/479125","targetHints":{"allow":["GET"]}}],"collection":[{"href":"https:\/\/b2b.calibereurope.com\/de\/wp-json\/wp\/v2\/product"}],"about":[{"href":"https:\/\/b2b.calibereurope.com\/de\/wp-json\/wp\/v2\/types\/product"}],"version-history":[{"count":0,"href":"https:\/\/b2b.calibereurope.com\/de\/wp-json\/wp\/v2\/product\/479125\/revisions"}],"wp:featuredmedia":[{"embeddable":true,"href":"https:\/\/b2b.calibereurope.com\/de\/wp-json\/wp\/v2\/media\/867907"}],"wp:attachment":[{"href":"https:\/\/b2b.calibereurope.com\/de\/wp-json\/wp\/v2\/media?parent=479125"}],"wp:term":[{"taxonomy":"product_brand","embeddable":true,"href":"https:\/\/b2b.calibereurope.com\/de\/wp-json\/wp\/v2\/product_brand?post=479125"},{"taxonomy":"product_cat","embeddable":true,"href":"https:\/\/b2b.calibereurope.com\/de\/wp-json\/wp\/v2\/product_cat?post=479125"},{"taxonomy":"product_tag","embeddable":true,"href":"https:\/\/b2b.calibereurope.com\/de\/wp-json\/wp\/v2\/product_tag?post=479125"}],"curies":[{"name":"wp","href":"https:\/\/api.w.org\/{rel}","templated":true}]}}