{"id":479177,"date":"2025-12-04T01:00:00","date_gmt":"2025-12-04T00:00:00","guid":{"rendered":"0"},"modified":"2025-12-04T14:52:26","modified_gmt":"2025-12-04T13:52:26","slug":"CPK10D-de_DE","status":"publish","type":"product","link":"https:\/\/b2b.calibereurope.com\/de\/produkt\/CPK10D-de_DE\/","title":{"rendered":"Audiokabelsatz f\u00fcr Auto-Verst\u00e4rker &#8211; Kabel f\u00fcr 500-Watt-Subwoofer &#8211; Satz mit 4 Kabeln &#8211; 5 Meter (CPK10D)"},"content":{"rendered":"<p>Machen Sie jede Autofahrt zu einer Party mit dem Caliber CPK10D Verst\u00e4rkeranschlusssatz. Dieser Kabelsatz wird verwendet, um einen <strong>Verst\u00e4rker an ein Autoradio anzuschlie\u00dfen.<\/strong> Der Verst\u00e4rkerkabelsatz f\u00fcr das Auto wird mit allem Zubeh\u00f6r geliefert. Sie k\u00f6nnen den Kabelsatz also sofort installieren. Das Verst\u00e4rkerkabelsatz besteht aus <strong>vier verschiedenen Kabeln. <\/strong>Au\u00dferdem enth\u00e4lt das Set <strong>3 M13 Kabel\u00f6sen <\/strong>und <strong>10 Kabelverbinder<\/strong>. Die Kabelverbinder sorgen daf\u00fcr, dass die Kabel an ihrem Platz bleiben. So spielt die Musik bei jeder Kurve oder Bodenwelle weiter!<\/p>\n<p><\/p>\n<p><strong>Merkmale:<\/strong><\/p>\n<ul>\n<li>Stromkabel<\/li>\n<li>Erdungskabel<\/li>\n<li>Kabel der Fernbedienung<\/li>\n<li>Signalkabel<\/li>\n<li>Drei Kabel\u00f6sen<\/li>\n<li>Zehn Kabelbinder<\/li>\n<li>500 Watt<\/li>\n<\/ul>\n<h3>H\u00f6chste Musikqualit\u00e4t<\/h3>\n<p>Das Verst\u00e4rkeranschlusssatz sorgt f\u00fcr ein Musikerlebnis von h\u00f6chster Qualit\u00e4t. Das Set wird mit vier verschiedenen Kabeln geliefert. Das Stromkabel hat eine St\u00e4rke von 10 mm2 und ist 5 Meter lang. Das Stromkabel wird \u00fcber eine M13-Kabel\u00f6se mit der Batterie verbunden. Ein 30-Ampere-Sicherungshalter ist ebenfalls im Lieferumfang enthalten. Platzieren Sie ihn so nah wie m\u00f6glich an der Batterie. Das Massekabel wird \u00fcber eine Kabel\u00f6se mit dem Fahrzeugchassis verbunden. Das Fernbedienungskabel sorgt daf\u00fcr, dass sich der Verst\u00e4rker zusammen mit dem Radio ein- und ausschaltet. Das Signalkabel sorgt f\u00fcr ein starkes Signal zwischen Radio und Verst\u00e4rker.<\/p>\n<h3>Leicht zu befestigen<\/h3>\n<p>Das Kabel f\u00fcr den Verst\u00e4rker ist sehr schnell zu installieren. Wenn Sie alle vier Kabel in Kombination mit dem mitgelieferten Installationsmaterial im Auto anschlie\u00dfen, k\u00f6nnen Sie sofort Ihre n\u00e4chste Autofahrt und optimale Klangqualit\u00e4t genie\u00dfen. Die Kabel sind lang genug, um die Verst\u00e4rker an verschiedenen Stellen im Auto zu platzieren.<\/p>\n<h3>500 Watt Leistung<\/h3>\n<p>Das Verst\u00e4rkerkabelsatz hat eine Leistung von 500 Watt. Das bedeutet, dass der Kabelsatz 500 Watt vom Verst\u00e4rker leiten kann. Es wird daher auch empfohlen, keinen Verst\u00e4rker mit mehr als 500 Watt an die Kabel anzuschlie\u00dfen!<\/p>\n<p><\/p>\n<p><strong>Mitgeliefert:<\/strong><\/p>\n<ul>\n<li>Caliber CPK10D<\/li>\n<li>Sicherungshalter 30 Ampere<\/li>\n<li>Stromkabel<\/li>\n<li>Erdungskabel<\/li>\n<li>Kabel der Fernbedienung<\/li>\n<li>Signalkabel<\/li>\n<li>3 M13 Kabel\u00f6sen<\/li>\n<li>10 Kabelbinder<\/li>\n<\/ul>\n","protected":false},"excerpt":{"rendered":"<p>Machen Sie jede Autofahrt zu einer Party mit dem Caliber CPK10D Verst\u00e4rkeranschlusssatz. Dieser Kabelsatz wird verwendet, um einen Verst\u00e4rker an ein Autoradio anzuschlie\u00dfen. Der Verst\u00e4rkerkabelsatz f\u00fcr das Auto wird mit allem Zubeh\u00f6r geliefert. Sie k\u00f6nnen den Kabelsatz also sofort installieren. Das Verst\u00e4rkerkabelsatz besteht aus vier verschiedenen Kabeln. Au\u00dferdem enth\u00e4lt das Set 3 M13 Kabel\u00f6sen und [&hellip;]<\/p>\n","protected":false},"featured_media":867971,"template":"","meta":{"_acf_changed":false,"site-sidebar-layout":"default","site-content-layout":"","ast-site-content-layout":"default","site-content-style":"default","site-sidebar-style":"default","ast-global-header-display":"","ast-banner-title-visibility":"","ast-main-header-display":"","ast-hfb-above-header-display":"","ast-hfb-below-header-display":"","ast-hfb-mobile-header-display":"","site-post-title":"","ast-breadcrumbs-content":"","ast-featured-img":"","footer-sml-layout":"","theme-transparent-header-meta":"","adv-header-id-meta":"","stick-header-meta":"","header-above-stick-meta":"","header-main-stick-meta":"","header-below-stick-meta":"","astra-migrate-meta-layouts":"default","ast-page-background-enabled":"default","ast-page-background-meta":{"desktop":{"background-color":"","background-image":"","background-repeat":"repeat","background-position":"center center","background-size":"auto","background-attachment":"scroll","background-type":"","background-media":"","overlay-type":"","overlay-color":"","overlay-opacity":"","overlay-gradient":""},"tablet":{"background-color":"","background-image":"","background-repeat":"repeat","background-position":"center center","background-size":"auto","background-attachment":"scroll","background-type":"","background-media":"","overlay-type":"","overlay-color":"","overlay-opacity":"","overlay-gradient":""},"mobile":{"background-color":"","background-image":"","background-repeat":"repeat","background-position":"center center","background-size":"auto","background-attachment":"scroll","background-type":"","background-media":"","overlay-type":"","overlay-color":"","overlay-opacity":"","overlay-gradient":""}},"ast-content-background-meta":{"desktop":{"background-color":"var(--ast-global-color-5)","background-image":"","background-repeat":"repeat","background-position":"center center","background-size":"auto","background-attachment":"scroll","background-type":"","background-media":"","overlay-type":"","overlay-color":"","overlay-opacity":"","overlay-gradient":""},"tablet":{"background-color":"var(--ast-global-color-5)","background-image":"","background-repeat":"repeat","background-position":"center center","background-size":"auto","background-attachment":"scroll","background-type":"","background-media":"","overlay-type":"","overlay-color":"","overlay-opacity":"","overlay-gradient":""},"mobile":{"background-color":"var(--ast-global-color-5)","background-image":"","background-repeat":"repeat","background-position":"center center","background-size":"auto","background-attachment":"scroll","background-type":"","background-media":"","overlay-type":"","overlay-color":"","overlay-opacity":"","overlay-gradient":""}}},"product_brand":[],"product_cat":[22956],"product_tag":[],"class_list":{"0":"post-479177","1":"product","2":"type-product","3":"status-publish","4":"has-post-thumbnail","6":"product_cat-keine-kategorie","7":"desktop-align-center","8":"tablet-align-center","9":"mobile-align-center","10":"ast-product-gallery-layout-horizontal","11":"ast-product-tabs-layout-horizontal","13":"first","14":"instock","15":"taxable","16":"shipping-taxable","17":"purchasable","18":"product-type-simple"},"acf":[],"yoast_head":"<!-- This site is optimized with the Yoast SEO plugin v26.5 - https:\/\/yoast.com\/wordpress\/plugins\/seo\/ -->\n<title>Audiokabelsatz f\u00fcr Auto-Verst\u00e4rker - Kabel f\u00fcr 500-Watt-Subwoofer - Satz mit 4 Kabeln - 5 Meter (CPK10D) - Caliber Europe B.V.<\/title>\n<meta name=\"robots\" content=\"noindex, follow, max-snippet:-1, max-image-preview:large, max-video-preview:-1\" \/>\n<meta property=\"og:locale\" content=\"de_DE\" \/>\n<meta property=\"og:type\" content=\"article\" \/>\n<meta property=\"og:title\" content=\"Audiokabelsatz f\u00fcr Auto-Verst\u00e4rker - Kabel f\u00fcr 500-Watt-Subwoofer - Satz mit 4 Kabeln - 5 Meter (CPK10D) - Caliber Europe B.V.\" \/>\n<meta property=\"og:description\" content=\"Machen Sie jede Autofahrt zu einer Party mit dem Caliber CPK10D Verst\u00e4rkeranschlusssatz. Dieser Kabelsatz wird verwendet, um einen Verst\u00e4rker an ein Autoradio anzuschlie\u00dfen. Der Verst\u00e4rkerkabelsatz f\u00fcr das Auto wird mit allem Zubeh\u00f6r geliefert. Sie k\u00f6nnen den Kabelsatz also sofort installieren. Das Verst\u00e4rkerkabelsatz besteht aus vier verschiedenen Kabeln. Au\u00dferdem enth\u00e4lt das Set 3 M13 Kabel\u00f6sen und [&hellip;]\" \/>\n<meta property=\"og:url\" content=\"https:\/\/b2b.calibereurope.com\/de\/produkt\/cpk10d-de_de\/\" \/>\n<meta property=\"og:site_name\" content=\"Caliber Europe B.V.\" \/>\n<meta property=\"article:modified_time\" content=\"2025-12-04T13:52:26+00:00\" \/>\n<meta property=\"og:image\" content=\"https:\/\/b2b.calibereurope.com\/wp-content\/uploads\/2021\/09\/189740c52daae0cc0367ea2a3346ad667e8a5b27_CPK10D_web.jpg\" \/>\n\t<meta property=\"og:image:width\" content=\"1024\" \/>\n\t<meta property=\"og:image:height\" content=\"768\" \/>\n\t<meta property=\"og:image:type\" content=\"image\/jpeg\" \/>\n<meta name=\"twitter:card\" content=\"summary_large_image\" \/>\n<meta name=\"twitter:label1\" content=\"Gesch\u00e4tzte Lesezeit\" \/>\n\t<meta name=\"twitter:data1\" content=\"2\u00a0Minuten\" \/>\n<script type=\"application\/ld+json\" class=\"yoast-schema-graph\">{\"@context\":\"https:\/\/schema.org\",\"@graph\":[{\"@type\":\"WebPage\",\"@id\":\"https:\/\/b2b.calibereurope.com\/de\/produkt\/cpk10d-de_de\/\",\"url\":\"https:\/\/b2b.calibereurope.com\/de\/produkt\/cpk10d-de_de\/\",\"name\":\"Audiokabelsatz f\u00fcr Auto-Verst\u00e4rker - Kabel f\u00fcr 500-Watt-Subwoofer - Satz mit 4 Kabeln - 5 Meter (CPK10D) - Caliber Europe B.V.\",\"isPartOf\":{\"@id\":\"https:\/\/b2b.calibereurope.com\/#website\"},\"primaryImageOfPage\":{\"@id\":\"https:\/\/b2b.calibereurope.com\/de\/produkt\/cpk10d-de_de\/#primaryimage\"},\"image\":{\"@id\":\"https:\/\/b2b.calibereurope.com\/de\/produkt\/cpk10d-de_de\/#primaryimage\"},\"thumbnailUrl\":\"https:\/\/b2b.calibereurope.com\/wp-content\/uploads\/2025\/12\/189740c52daae0cc0367ea2a3346ad667e8a5b27_CPK10D_web-4.jpg\",\"datePublished\":\"2025-12-04T00:00:00+00:00\",\"dateModified\":\"2025-12-04T13:52:26+00:00\",\"breadcrumb\":{\"@id\":\"https:\/\/b2b.calibereurope.com\/de\/produkt\/cpk10d-de_de\/#breadcrumb\"},\"inLanguage\":\"de\",\"potentialAction\":[{\"@type\":\"ReadAction\",\"target\":[\"https:\/\/b2b.calibereurope.com\/de\/produkt\/cpk10d-de_de\/\"]}]},{\"@type\":\"ImageObject\",\"inLanguage\":\"de\",\"@id\":\"https:\/\/b2b.calibereurope.com\/de\/produkt\/cpk10d-de_de\/#primaryimage\",\"url\":\"https:\/\/b2b.calibereurope.com\/wp-content\/uploads\/2025\/12\/189740c52daae0cc0367ea2a3346ad667e8a5b27_CPK10D_web-4.jpg\",\"contentUrl\":\"https:\/\/b2b.calibereurope.com\/wp-content\/uploads\/2025\/12\/189740c52daae0cc0367ea2a3346ad667e8a5b27_CPK10D_web-4.jpg\",\"width\":1024,\"height\":768},{\"@type\":\"BreadcrumbList\",\"@id\":\"https:\/\/b2b.calibereurope.com\/de\/produkt\/cpk10d-de_de\/#breadcrumb\",\"itemListElement\":[{\"@type\":\"ListItem\",\"position\":1,\"name\":\"Home\",\"item\":\"https:\/\/b2b.calibereurope.com\/de\/\"},{\"@type\":\"ListItem\",\"position\":2,\"name\":\"Shop\",\"item\":\"https:\/\/b2b.calibereurope.com\/de\/shop\/\"},{\"@type\":\"ListItem\",\"position\":3,\"name\":\"Kabelsatz 10mm &#8211; 500 Watt (CPK10D)\"}]},{\"@type\":\"WebSite\",\"@id\":\"https:\/\/b2b.calibereurope.com\/#website\",\"url\":\"https:\/\/b2b.calibereurope.com\/\",\"name\":\"Caliber Europe B.V.\",\"description\":\"B2B Webshop\",\"publisher\":{\"@id\":\"https:\/\/b2b.calibereurope.com\/#organization\"},\"potentialAction\":[{\"@type\":\"SearchAction\",\"target\":{\"@type\":\"EntryPoint\",\"urlTemplate\":\"https:\/\/b2b.calibereurope.com\/?s={search_term_string}\"},\"query-input\":{\"@type\":\"PropertyValueSpecification\",\"valueRequired\":true,\"valueName\":\"search_term_string\"}}],\"inLanguage\":\"de\"},{\"@type\":\"Organization\",\"@id\":\"https:\/\/b2b.calibereurope.com\/#organization\",\"name\":\"Caliber Europe B.V.\",\"url\":\"https:\/\/b2b.calibereurope.com\/\",\"logo\":{\"@type\":\"ImageObject\",\"inLanguage\":\"de\",\"@id\":\"https:\/\/b2b.calibereurope.com\/#\/schema\/logo\/image\/\",\"url\":\"https:\/\/b2b.calibereurope.com\/wp-content\/uploads\/2020\/12\/Caliber_Logo-Black.png\",\"contentUrl\":\"https:\/\/b2b.calibereurope.com\/wp-content\/uploads\/2020\/12\/Caliber_Logo-Black.png\",\"width\":3157,\"height\":356,\"caption\":\"Caliber Europe B.V.\"},\"image\":{\"@id\":\"https:\/\/b2b.calibereurope.com\/#\/schema\/logo\/image\/\"}}]}<\/script>\n<!-- \/ Yoast SEO plugin. -->","yoast_head_json":{"title":"Audiokabelsatz f\u00fcr Auto-Verst\u00e4rker - Kabel f\u00fcr 500-Watt-Subwoofer - Satz mit 4 Kabeln - 5 Meter (CPK10D) - Caliber Europe B.V.","robots":{"index":"noindex","follow":"follow","max-snippet":"max-snippet:-1","max-image-preview":"max-image-preview:large","max-video-preview":"max-video-preview:-1"},"og_locale":"de_DE","og_type":"article","og_title":"Audiokabelsatz f\u00fcr Auto-Verst\u00e4rker - Kabel f\u00fcr 500-Watt-Subwoofer - Satz mit 4 Kabeln - 5 Meter (CPK10D) - Caliber Europe B.V.","og_description":"Machen Sie jede Autofahrt zu einer Party mit dem Caliber CPK10D Verst\u00e4rkeranschlusssatz. Dieser Kabelsatz wird verwendet, um einen Verst\u00e4rker an ein Autoradio anzuschlie\u00dfen. Der Verst\u00e4rkerkabelsatz f\u00fcr das Auto wird mit allem Zubeh\u00f6r geliefert. Sie k\u00f6nnen den Kabelsatz also sofort installieren. Das Verst\u00e4rkerkabelsatz besteht aus vier verschiedenen Kabeln. Au\u00dferdem enth\u00e4lt das Set 3 M13 Kabel\u00f6sen und [&hellip;]","og_url":"https:\/\/b2b.calibereurope.com\/de\/produkt\/cpk10d-de_de\/","og_site_name":"Caliber Europe B.V.","article_modified_time":"2025-12-04T13:52:26+00:00","og_image":[{"width":1024,"height":768,"url":"https:\/\/b2b.calibereurope.com\/wp-content\/uploads\/2021\/09\/189740c52daae0cc0367ea2a3346ad667e8a5b27_CPK10D_web.jpg","type":"image\/jpeg"}],"twitter_card":"summary_large_image","twitter_misc":{"Gesch\u00e4tzte Lesezeit":"2\u00a0Minuten"},"schema":{"@context":"https:\/\/schema.org","@graph":[{"@type":"WebPage","@id":"https:\/\/b2b.calibereurope.com\/de\/produkt\/cpk10d-de_de\/","url":"https:\/\/b2b.calibereurope.com\/de\/produkt\/cpk10d-de_de\/","name":"Audiokabelsatz f\u00fcr Auto-Verst\u00e4rker - Kabel f\u00fcr 500-Watt-Subwoofer - Satz mit 4 Kabeln - 5 Meter (CPK10D) - Caliber Europe B.V.","isPartOf":{"@id":"https:\/\/b2b.calibereurope.com\/#website"},"primaryImageOfPage":{"@id":"https:\/\/b2b.calibereurope.com\/de\/produkt\/cpk10d-de_de\/#primaryimage"},"image":{"@id":"https:\/\/b2b.calibereurope.com\/de\/produkt\/cpk10d-de_de\/#primaryimage"},"thumbnailUrl":"https:\/\/b2b.calibereurope.com\/wp-content\/uploads\/2025\/12\/189740c52daae0cc0367ea2a3346ad667e8a5b27_CPK10D_web-4.jpg","datePublished":"2025-12-04T00:00:00+00:00","dateModified":"2025-12-04T13:52:26+00:00","breadcrumb":{"@id":"https:\/\/b2b.calibereurope.com\/de\/produkt\/cpk10d-de_de\/#breadcrumb"},"inLanguage":"de","potentialAction":[{"@type":"ReadAction","target":["https:\/\/b2b.calibereurope.com\/de\/produkt\/cpk10d-de_de\/"]}]},{"@type":"ImageObject","inLanguage":"de","@id":"https:\/\/b2b.calibereurope.com\/de\/produkt\/cpk10d-de_de\/#primaryimage","url":"https:\/\/b2b.calibereurope.com\/wp-content\/uploads\/2025\/12\/189740c52daae0cc0367ea2a3346ad667e8a5b27_CPK10D_web-4.jpg","contentUrl":"https:\/\/b2b.calibereurope.com\/wp-content\/uploads\/2025\/12\/189740c52daae0cc0367ea2a3346ad667e8a5b27_CPK10D_web-4.jpg","width":1024,"height":768},{"@type":"BreadcrumbList","@id":"https:\/\/b2b.calibereurope.com\/de\/produkt\/cpk10d-de_de\/#breadcrumb","itemListElement":[{"@type":"ListItem","position":1,"name":"Home","item":"https:\/\/b2b.calibereurope.com\/de\/"},{"@type":"ListItem","position":2,"name":"Shop","item":"https:\/\/b2b.calibereurope.com\/de\/shop\/"},{"@type":"ListItem","position":3,"name":"Kabelsatz 10mm &#8211; 500 Watt (CPK10D)"}]},{"@type":"WebSite","@id":"https:\/\/b2b.calibereurope.com\/#website","url":"https:\/\/b2b.calibereurope.com\/","name":"Caliber Europe B.V.","description":"B2B Webshop","publisher":{"@id":"https:\/\/b2b.calibereurope.com\/#organization"},"potentialAction":[{"@type":"SearchAction","target":{"@type":"EntryPoint","urlTemplate":"https:\/\/b2b.calibereurope.com\/?s={search_term_string}"},"query-input":{"@type":"PropertyValueSpecification","valueRequired":true,"valueName":"search_term_string"}}],"inLanguage":"de"},{"@type":"Organization","@id":"https:\/\/b2b.calibereurope.com\/#organization","name":"Caliber Europe B.V.","url":"https:\/\/b2b.calibereurope.com\/","logo":{"@type":"ImageObject","inLanguage":"de","@id":"https:\/\/b2b.calibereurope.com\/#\/schema\/logo\/image\/","url":"https:\/\/b2b.calibereurope.com\/wp-content\/uploads\/2020\/12\/Caliber_Logo-Black.png","contentUrl":"https:\/\/b2b.calibereurope.com\/wp-content\/uploads\/2020\/12\/Caliber_Logo-Black.png","width":3157,"height":356,"caption":"Caliber Europe B.V."},"image":{"@id":"https:\/\/b2b.calibereurope.com\/#\/schema\/logo\/image\/"}}]}},"_links":{"self":[{"href":"https:\/\/b2b.calibereurope.com\/de\/wp-json\/wp\/v2\/product\/479177","targetHints":{"allow":["GET"]}}],"collection":[{"href":"https:\/\/b2b.calibereurope.com\/de\/wp-json\/wp\/v2\/product"}],"about":[{"href":"https:\/\/b2b.calibereurope.com\/de\/wp-json\/wp\/v2\/types\/product"}],"version-history":[{"count":0,"href":"https:\/\/b2b.calibereurope.com\/de\/wp-json\/wp\/v2\/product\/479177\/revisions"}],"wp:featuredmedia":[{"embeddable":true,"href":"https:\/\/b2b.calibereurope.com\/de\/wp-json\/wp\/v2\/media\/867971"}],"wp:attachment":[{"href":"https:\/\/b2b.calibereurope.com\/de\/wp-json\/wp\/v2\/media?parent=479177"}],"wp:term":[{"taxonomy":"product_brand","embeddable":true,"href":"https:\/\/b2b.calibereurope.com\/de\/wp-json\/wp\/v2\/product_brand?post=479177"},{"taxonomy":"product_cat","embeddable":true,"href":"https:\/\/b2b.calibereurope.com\/de\/wp-json\/wp\/v2\/product_cat?post=479177"},{"taxonomy":"product_tag","embeddable":true,"href":"https:\/\/b2b.calibereurope.com\/de\/wp-json\/wp\/v2\/product_tag?post=479177"}],"curies":[{"name":"wp","href":"https:\/\/api.w.org\/{rel}","templated":true}]}}