{"id":479389,"date":"2023-10-09T00:00:00","date_gmt":"2023-10-09T00:00:00","guid":{"rendered":""},"modified":"2023-10-09T14:31:12","modified_gmt":"2023-10-09T12:31:12","slug":"HCG101-de_DE","status":"publish","type":"product","link":"https:\/\/b2b.calibereurope.com\/de\/produkt\/HCG101-de_DE\/","title":{"rendered":"Radiowecker mit Wecklicht und UKW-Radio &#8211; Netzbetrieb &#8211; Digitaler Wecker mit USB-Ladeger\u00e4t &#8211; Schwarz (HCG101)"},"content":{"rendered":"<p>Der Caliber HCG101 Radiowecker verf\u00fcgt \u00fcber eine <strong>Schlummerfunktion <\/strong>und einen <strong>Schlaf-Timer.<\/strong> So kommen Sie p\u00fcnktlich und ausgeruht aus dem Bett. W\u00e4hlen Sie Musik aus dem <strong>FM-Radio <\/strong>oder den Klang eines Summers. Das sanfte Licht der <strong>Wecklichtfunktion <\/strong>sorgt daf\u00fcr, dass Sie in aller Ruhe aufwachen. Das <strong>rote Licht <\/strong>des digitalen Weckers hilft Ihnen, fr\u00fcher einzuschlafen. Die <strong>Doppelalarmfunktion <\/strong>erm\u00f6glicht es Ihnen, einen Alarm f\u00fcr sich selbst und f\u00fcr Ihren Partner einzustellen. Sie k\u00f6nnen Ihr Telefon auch aufladen, indem Sie es an das <strong>USB-Ladeger\u00e4t 500Ma <\/strong>anschlie\u00dfen.<\/p>\n<p><\/p>\n<p><strong>Merkmale:<\/strong><\/p>\n<ul>\n<li>Radiowecker mit FM-Radio<\/li>\n<li>Digitaler Wecker<\/li>\n<li>Doppelte Alarmfunktion<\/li>\n<li>Rote Beleuchtung<\/li>\n<li>Licht zum Aufwachen<\/li>\n<li>Ausgestattet mit einem Schlaf-Timer<\/li>\n<li>Ausgestattet mit Schlummerfunktion<\/li>\n<li>USB-Eingang zum Aufladen des Telefons<\/li>\n<\/ul>\n<h3>Schnelles Einschlafen<\/h3>\n<p>Der Radiowecker hat eine rote Beleuchtung. Ein rotes Licht k\u00f6nnte eine L\u00f6sung f\u00fcr Menschen sein, die Probleme beim Einschlafen haben. Untersuchungen des Dutch Brain Institute haben gezeigt, dass Menschen, die rotem Licht ausgesetzt waren, schneller einschliefen als diejenigen, die sich im Dunkeln aufhielten. Es ist keine narrensichere L\u00f6sung, aber einen Versuch ist es allemal wert!<\/p>\n<h3>Ruhig aufwachen<\/h3>\n<p>Dieser Radiowecker verf\u00fcgt \u00fcber eine Wecklichtfunktion. Dieses Licht schaltet sich zur gleichen Zeit wie Ihr Wecker ein. Das weiche Licht erlaubt es Ihnen, sich in aller Ruhe an das Tageslicht zu gew\u00f6hnen. Dank des FM-Tuners k\u00f6nnen Sie w\u00e4hlen, ob Sie mit einem Summer oder dem Radio geweckt werden m\u00f6chten. Sie k\u00f6nnen f\u00fcr sich und Ihren Partner eine Doppelalarmfunktion einstellen, was sehr praktisch ist, wenn sich einer der beiden Partner eine Weile hinlegen m\u00f6chte.<\/p>\n<h3>Multifunktionell<\/h3>\n<p>Der Wecker mit Aufwachlicht ist mit mehreren Funktionen ausgestattet. Sie k\u00f6nnen zum Beispiel die Wecklichtfunktion nachts als Nachtlicht verwenden. Sie k\u00f6nnen Ihr Telefon aufladen, indem Sie es an den Wecker anschlie\u00dfen. M\u00f6chten Sie sicherstellen, dass die Einstellungen des digitalen Weckers immer erhalten bleiben? Eine 9V-Batterie (6LR61) sorgt daf\u00fcr, dass Ihre Einstellungen auch bei einem Stromausfall erhalten bleiben. Diese Batterie ist nicht im Lieferumfang enthalten. Egal, ob Sie fr\u00fch aufstehen oder ein gem\u00fctliches Schl\u00e4fchen halten m\u00fcssen, dieser Radiowecker weckt Sie ausgeruht auf!<\/p>\n","protected":false},"excerpt":{"rendered":"<p>Der Caliber HCG101 Radiowecker verf\u00fcgt \u00fcber eine Schlummerfunktion und einen Schlaf-Timer. So kommen Sie p\u00fcnktlich und ausgeruht aus dem Bett. W\u00e4hlen Sie Musik aus dem FM-Radio oder den Klang eines Summers. Das sanfte Licht der Wecklichtfunktion sorgt daf\u00fcr, dass Sie in aller Ruhe aufwachen. Das rote Licht des digitalen Weckers hilft Ihnen, fr\u00fcher einzuschlafen. Die [&hellip;]<\/p>\n","protected":false},"featured_media":810050,"template":"","meta":{"_acf_changed":false,"site-sidebar-layout":"default","site-content-layout":"","ast-site-content-layout":"default","site-content-style":"default","site-sidebar-style":"default","ast-global-header-display":"","ast-banner-title-visibility":"","ast-main-header-display":"","ast-hfb-above-header-display":"","ast-hfb-below-header-display":"","ast-hfb-mobile-header-display":"","site-post-title":"","ast-breadcrumbs-content":"","ast-featured-img":"","footer-sml-layout":"","theme-transparent-header-meta":"","adv-header-id-meta":"","stick-header-meta":"","header-above-stick-meta":"","header-main-stick-meta":"","header-below-stick-meta":"","astra-migrate-meta-layouts":"default","ast-page-background-enabled":"default","ast-page-background-meta":{"desktop":{"background-color":"","background-image":"","background-repeat":"repeat","background-position":"center center","background-size":"auto","background-attachment":"scroll","background-type":"","background-media":"","overlay-type":"","overlay-color":"","overlay-opacity":"","overlay-gradient":""},"tablet":{"background-color":"","background-image":"","background-repeat":"repeat","background-position":"center center","background-size":"auto","background-attachment":"scroll","background-type":"","background-media":"","overlay-type":"","overlay-color":"","overlay-opacity":"","overlay-gradient":""},"mobile":{"background-color":"","background-image":"","background-repeat":"repeat","background-position":"center center","background-size":"auto","background-attachment":"scroll","background-type":"","background-media":"","overlay-type":"","overlay-color":"","overlay-opacity":"","overlay-gradient":""}},"ast-content-background-meta":{"desktop":{"background-color":"var(--ast-global-color-5)","background-image":"","background-repeat":"repeat","background-position":"center center","background-size":"auto","background-attachment":"scroll","background-type":"","background-media":"","overlay-type":"","overlay-color":"","overlay-opacity":"","overlay-gradient":""},"tablet":{"background-color":"var(--ast-global-color-5)","background-image":"","background-repeat":"repeat","background-position":"center center","background-size":"auto","background-attachment":"scroll","background-type":"","background-media":"","overlay-type":"","overlay-color":"","overlay-opacity":"","overlay-gradient":""},"mobile":{"background-color":"var(--ast-global-color-5)","background-image":"","background-repeat":"repeat","background-position":"center center","background-size":"auto","background-attachment":"scroll","background-type":"","background-media":"","overlay-type":"","overlay-color":"","overlay-opacity":"","overlay-gradient":""}}},"product_brand":[],"product_cat":[12263,12275],"product_tag":[],"class_list":{"0":"post-479389","1":"product","2":"type-product","3":"status-publish","4":"has-post-thumbnail","6":"product_cat-wonen_de_de","7":"product_cat-wekker_radios_de_de","8":"desktop-align-center","9":"tablet-align-center","10":"mobile-align-center","11":"ast-product-gallery-layout-horizontal","12":"ast-product-tabs-layout-horizontal","14":"first","15":"outofstock","16":"taxable","17":"shipping-taxable","18":"purchasable","19":"product-type-simple"},"acf":[],"yoast_head":"<!-- This site is optimized with the Yoast SEO plugin v26.5 - https:\/\/yoast.com\/wordpress\/plugins\/seo\/ -->\n<title>Radiowecker mit Wecklicht und UKW-Radio - Netzbetrieb - Digitaler Wecker mit USB-Ladeger\u00e4t - Schwarz (HCG101) - Caliber Europe B.V.<\/title>\n<meta name=\"robots\" content=\"noindex, follow, max-snippet:-1, max-image-preview:large, max-video-preview:-1\" \/>\n<meta property=\"og:locale\" content=\"de_DE\" \/>\n<meta property=\"og:type\" content=\"article\" \/>\n<meta property=\"og:title\" content=\"Radiowecker mit Wecklicht und UKW-Radio - Netzbetrieb - Digitaler Wecker mit USB-Ladeger\u00e4t - Schwarz (HCG101) - Caliber Europe B.V.\" \/>\n<meta property=\"og:description\" content=\"Der Caliber HCG101 Radiowecker verf\u00fcgt \u00fcber eine Schlummerfunktion und einen Schlaf-Timer. So kommen Sie p\u00fcnktlich und ausgeruht aus dem Bett. W\u00e4hlen Sie Musik aus dem FM-Radio oder den Klang eines Summers. Das sanfte Licht der Wecklichtfunktion sorgt daf\u00fcr, dass Sie in aller Ruhe aufwachen. Das rote Licht des digitalen Weckers hilft Ihnen, fr\u00fcher einzuschlafen. Die [&hellip;]\" \/>\n<meta property=\"og:url\" content=\"https:\/\/b2b.calibereurope.com\/de\/produkt\/HCG101-de_DE\/\" \/>\n<meta property=\"og:site_name\" content=\"Caliber Europe B.V.\" \/>\n<meta property=\"article:modified_time\" content=\"2023-10-09T12:31:12+00:00\" \/>\n<meta property=\"og:image\" content=\"https:\/\/b2b.calibereurope.com\/wp-content\/uploads\/2021\/11\/1c0bfef5f45acbf3bac3d8fdb2a849b53f17350e_HCG101_front.jpg\" \/>\n\t<meta property=\"og:image:width\" content=\"1024\" \/>\n\t<meta property=\"og:image:height\" content=\"768\" \/>\n\t<meta property=\"og:image:type\" content=\"image\/jpeg\" \/>\n<meta name=\"twitter:card\" content=\"summary_large_image\" \/>\n<meta name=\"twitter:label1\" content=\"Gesch\u00e4tzte Lesezeit\" \/>\n\t<meta name=\"twitter:data1\" content=\"2\u00a0Minuten\" \/>\n<script type=\"application\/ld+json\" class=\"yoast-schema-graph\">{\"@context\":\"https:\/\/schema.org\",\"@graph\":[{\"@type\":\"WebPage\",\"@id\":\"https:\/\/b2b.calibereurope.com\/de\/produkt\/HCG101-de_DE\/\",\"url\":\"https:\/\/b2b.calibereurope.com\/de\/produkt\/HCG101-de_DE\/\",\"name\":\"Radiowecker mit Wecklicht und UKW-Radio - Netzbetrieb - Digitaler Wecker mit USB-Ladeger\u00e4t - Schwarz (HCG101) - Caliber Europe B.V.\",\"isPartOf\":{\"@id\":\"https:\/\/b2b.calibereurope.com\/#website\"},\"primaryImageOfPage\":{\"@id\":\"https:\/\/b2b.calibereurope.com\/de\/produkt\/HCG101-de_DE\/#primaryimage\"},\"image\":{\"@id\":\"https:\/\/b2b.calibereurope.com\/de\/produkt\/HCG101-de_DE\/#primaryimage\"},\"thumbnailUrl\":\"https:\/\/b2b.calibereurope.com\/wp-content\/uploads\/2023\/02\/1c0bfef5f45acbf3bac3d8fdb2a849b53f17350e_HCG101_front.jpg\",\"datePublished\":\"2023-10-09T00:00:00+00:00\",\"dateModified\":\"2023-10-09T12:31:12+00:00\",\"breadcrumb\":{\"@id\":\"https:\/\/b2b.calibereurope.com\/de\/produkt\/HCG101-de_DE\/#breadcrumb\"},\"inLanguage\":\"de\",\"potentialAction\":[{\"@type\":\"ReadAction\",\"target\":[\"https:\/\/b2b.calibereurope.com\/de\/produkt\/HCG101-de_DE\/\"]}]},{\"@type\":\"ImageObject\",\"inLanguage\":\"de\",\"@id\":\"https:\/\/b2b.calibereurope.com\/de\/produkt\/HCG101-de_DE\/#primaryimage\",\"url\":\"https:\/\/b2b.calibereurope.com\/wp-content\/uploads\/2023\/02\/1c0bfef5f45acbf3bac3d8fdb2a849b53f17350e_HCG101_front.jpg\",\"contentUrl\":\"https:\/\/b2b.calibereurope.com\/wp-content\/uploads\/2023\/02\/1c0bfef5f45acbf3bac3d8fdb2a849b53f17350e_HCG101_front.jpg\",\"width\":1024,\"height\":768},{\"@type\":\"BreadcrumbList\",\"@id\":\"https:\/\/b2b.calibereurope.com\/de\/produkt\/HCG101-de_DE\/#breadcrumb\",\"itemListElement\":[{\"@type\":\"ListItem\",\"position\":1,\"name\":\"Home\",\"item\":\"https:\/\/b2b.calibereurope.com\/de\/\"},{\"@type\":\"ListItem\",\"position\":2,\"name\":\"Shop\",\"item\":\"https:\/\/b2b.calibereurope.com\/de\/shop\/\"},{\"@type\":\"ListItem\",\"position\":3,\"name\":\"Uhrenradio Wecklicht &#8211; Schwarz (HCG101)\"}]},{\"@type\":\"WebSite\",\"@id\":\"https:\/\/b2b.calibereurope.com\/#website\",\"url\":\"https:\/\/b2b.calibereurope.com\/\",\"name\":\"Caliber Europe B.V.\",\"description\":\"B2B Webshop\",\"publisher\":{\"@id\":\"https:\/\/b2b.calibereurope.com\/#organization\"},\"potentialAction\":[{\"@type\":\"SearchAction\",\"target\":{\"@type\":\"EntryPoint\",\"urlTemplate\":\"https:\/\/b2b.calibereurope.com\/?s={search_term_string}\"},\"query-input\":{\"@type\":\"PropertyValueSpecification\",\"valueRequired\":true,\"valueName\":\"search_term_string\"}}],\"inLanguage\":\"de\"},{\"@type\":\"Organization\",\"@id\":\"https:\/\/b2b.calibereurope.com\/#organization\",\"name\":\"Caliber Europe B.V.\",\"url\":\"https:\/\/b2b.calibereurope.com\/\",\"logo\":{\"@type\":\"ImageObject\",\"inLanguage\":\"de\",\"@id\":\"https:\/\/b2b.calibereurope.com\/#\/schema\/logo\/image\/\",\"url\":\"https:\/\/b2b.calibereurope.com\/wp-content\/uploads\/2020\/12\/Caliber_Logo-Black.png\",\"contentUrl\":\"https:\/\/b2b.calibereurope.com\/wp-content\/uploads\/2020\/12\/Caliber_Logo-Black.png\",\"width\":3157,\"height\":356,\"caption\":\"Caliber Europe B.V.\"},\"image\":{\"@id\":\"https:\/\/b2b.calibereurope.com\/#\/schema\/logo\/image\/\"}}]}<\/script>\n<!-- \/ Yoast SEO plugin. -->","yoast_head_json":{"title":"Radiowecker mit Wecklicht und UKW-Radio - Netzbetrieb - Digitaler Wecker mit USB-Ladeger\u00e4t - Schwarz (HCG101) - Caliber Europe B.V.","robots":{"index":"noindex","follow":"follow","max-snippet":"max-snippet:-1","max-image-preview":"max-image-preview:large","max-video-preview":"max-video-preview:-1"},"og_locale":"de_DE","og_type":"article","og_title":"Radiowecker mit Wecklicht und UKW-Radio - Netzbetrieb - Digitaler Wecker mit USB-Ladeger\u00e4t - Schwarz (HCG101) - Caliber Europe B.V.","og_description":"Der Caliber HCG101 Radiowecker verf\u00fcgt \u00fcber eine Schlummerfunktion und einen Schlaf-Timer. So kommen Sie p\u00fcnktlich und ausgeruht aus dem Bett. W\u00e4hlen Sie Musik aus dem FM-Radio oder den Klang eines Summers. Das sanfte Licht der Wecklichtfunktion sorgt daf\u00fcr, dass Sie in aller Ruhe aufwachen. Das rote Licht des digitalen Weckers hilft Ihnen, fr\u00fcher einzuschlafen. Die [&hellip;]","og_url":"https:\/\/b2b.calibereurope.com\/de\/produkt\/HCG101-de_DE\/","og_site_name":"Caliber Europe B.V.","article_modified_time":"2023-10-09T12:31:12+00:00","og_image":[{"width":1024,"height":768,"url":"https:\/\/b2b.calibereurope.com\/wp-content\/uploads\/2021\/11\/1c0bfef5f45acbf3bac3d8fdb2a849b53f17350e_HCG101_front.jpg","type":"image\/jpeg"}],"twitter_card":"summary_large_image","twitter_misc":{"Gesch\u00e4tzte Lesezeit":"2\u00a0Minuten"},"schema":{"@context":"https:\/\/schema.org","@graph":[{"@type":"WebPage","@id":"https:\/\/b2b.calibereurope.com\/de\/produkt\/HCG101-de_DE\/","url":"https:\/\/b2b.calibereurope.com\/de\/produkt\/HCG101-de_DE\/","name":"Radiowecker mit Wecklicht und UKW-Radio - Netzbetrieb - Digitaler Wecker mit USB-Ladeger\u00e4t - Schwarz (HCG101) - Caliber Europe B.V.","isPartOf":{"@id":"https:\/\/b2b.calibereurope.com\/#website"},"primaryImageOfPage":{"@id":"https:\/\/b2b.calibereurope.com\/de\/produkt\/HCG101-de_DE\/#primaryimage"},"image":{"@id":"https:\/\/b2b.calibereurope.com\/de\/produkt\/HCG101-de_DE\/#primaryimage"},"thumbnailUrl":"https:\/\/b2b.calibereurope.com\/wp-content\/uploads\/2023\/02\/1c0bfef5f45acbf3bac3d8fdb2a849b53f17350e_HCG101_front.jpg","datePublished":"2023-10-09T00:00:00+00:00","dateModified":"2023-10-09T12:31:12+00:00","breadcrumb":{"@id":"https:\/\/b2b.calibereurope.com\/de\/produkt\/HCG101-de_DE\/#breadcrumb"},"inLanguage":"de","potentialAction":[{"@type":"ReadAction","target":["https:\/\/b2b.calibereurope.com\/de\/produkt\/HCG101-de_DE\/"]}]},{"@type":"ImageObject","inLanguage":"de","@id":"https:\/\/b2b.calibereurope.com\/de\/produkt\/HCG101-de_DE\/#primaryimage","url":"https:\/\/b2b.calibereurope.com\/wp-content\/uploads\/2023\/02\/1c0bfef5f45acbf3bac3d8fdb2a849b53f17350e_HCG101_front.jpg","contentUrl":"https:\/\/b2b.calibereurope.com\/wp-content\/uploads\/2023\/02\/1c0bfef5f45acbf3bac3d8fdb2a849b53f17350e_HCG101_front.jpg","width":1024,"height":768},{"@type":"BreadcrumbList","@id":"https:\/\/b2b.calibereurope.com\/de\/produkt\/HCG101-de_DE\/#breadcrumb","itemListElement":[{"@type":"ListItem","position":1,"name":"Home","item":"https:\/\/b2b.calibereurope.com\/de\/"},{"@type":"ListItem","position":2,"name":"Shop","item":"https:\/\/b2b.calibereurope.com\/de\/shop\/"},{"@type":"ListItem","position":3,"name":"Uhrenradio Wecklicht &#8211; Schwarz (HCG101)"}]},{"@type":"WebSite","@id":"https:\/\/b2b.calibereurope.com\/#website","url":"https:\/\/b2b.calibereurope.com\/","name":"Caliber Europe B.V.","description":"B2B Webshop","publisher":{"@id":"https:\/\/b2b.calibereurope.com\/#organization"},"potentialAction":[{"@type":"SearchAction","target":{"@type":"EntryPoint","urlTemplate":"https:\/\/b2b.calibereurope.com\/?s={search_term_string}"},"query-input":{"@type":"PropertyValueSpecification","valueRequired":true,"valueName":"search_term_string"}}],"inLanguage":"de"},{"@type":"Organization","@id":"https:\/\/b2b.calibereurope.com\/#organization","name":"Caliber Europe B.V.","url":"https:\/\/b2b.calibereurope.com\/","logo":{"@type":"ImageObject","inLanguage":"de","@id":"https:\/\/b2b.calibereurope.com\/#\/schema\/logo\/image\/","url":"https:\/\/b2b.calibereurope.com\/wp-content\/uploads\/2020\/12\/Caliber_Logo-Black.png","contentUrl":"https:\/\/b2b.calibereurope.com\/wp-content\/uploads\/2020\/12\/Caliber_Logo-Black.png","width":3157,"height":356,"caption":"Caliber Europe B.V."},"image":{"@id":"https:\/\/b2b.calibereurope.com\/#\/schema\/logo\/image\/"}}]}},"_links":{"self":[{"href":"https:\/\/b2b.calibereurope.com\/de\/wp-json\/wp\/v2\/product\/479389","targetHints":{"allow":["GET"]}}],"collection":[{"href":"https:\/\/b2b.calibereurope.com\/de\/wp-json\/wp\/v2\/product"}],"about":[{"href":"https:\/\/b2b.calibereurope.com\/de\/wp-json\/wp\/v2\/types\/product"}],"version-history":[{"count":0,"href":"https:\/\/b2b.calibereurope.com\/de\/wp-json\/wp\/v2\/product\/479389\/revisions"}],"wp:featuredmedia":[{"embeddable":true,"href":"https:\/\/b2b.calibereurope.com\/de\/wp-json\/wp\/v2\/media\/810050"}],"wp:attachment":[{"href":"https:\/\/b2b.calibereurope.com\/de\/wp-json\/wp\/v2\/media?parent=479389"}],"wp:term":[{"taxonomy":"product_brand","embeddable":true,"href":"https:\/\/b2b.calibereurope.com\/de\/wp-json\/wp\/v2\/product_brand?post=479389"},{"taxonomy":"product_cat","embeddable":true,"href":"https:\/\/b2b.calibereurope.com\/de\/wp-json\/wp\/v2\/product_cat?post=479389"},{"taxonomy":"product_tag","embeddable":true,"href":"https:\/\/b2b.calibereurope.com\/de\/wp-json\/wp\/v2\/product_tag?post=479389"}],"curies":[{"name":"wp","href":"https:\/\/api.w.org\/{rel}","templated":true}]}}