{"id":479457,"date":"2025-12-04T01:00:00","date_gmt":"2025-12-04T00:00:00","guid":{"rendered":"0"},"modified":"2025-12-04T15:00:19","modified_gmt":"2025-12-04T14:00:19","slug":"CAM701E-de_DE","status":"publish","type":"product","link":"https:\/\/b2b.calibereurope.com\/de\/produkt\/CAM701E-de_DE\/","title":{"rendered":"Erweiterungskamera f\u00fcr CAM701 &#8211; Schwarz (CAM701E)"},"content":{"rendered":"<p>Die Caliber CAM701 ist ein drahtloses R\u00fcckfahrkamerasystem, das das Einparken erheblich erleichtert. Sie k\u00f6nnen auch sehen, was hinter dem Auto passiert, wenn Sie r\u00fcckw\u00e4rts aus einer Parkl\u00fccke herausfahren. Dank der IP66-Zertifizierung ist die Kamera widerstandsf\u00e4hig gegen Wasser und Staub. So k\u00f6nnen Sie sie unter allen Wetterbedingungen verwenden.<br \/><strong><br \/>Drahtlose Verbindung<br \/><\/strong>Die Kamera ist drahtlos mit dem 7-Zoll-Display verbunden. Auf diese Weise brauchen Sie keine Verkabelung durch Ihr Auto zu f\u00fchren, und das Set ist einfach zu installieren. Die Verbindung arbeitet auf einer Frequenz von 2,4 Gigahertz und hat eine Reichweite von 50 Metern. Die Anzeige verf\u00fcgt \u00fcber einen Split-Screen-Modus f\u00fcr eine zweite Kamera. N\u00fctzlich, wenn Sie mehr vom Verkehr sehen m\u00f6chten.<\/p>\n<p>Installieren Sie die Kamera mit dem mitgelieferten doppelseitigen Klebeband oder mit Schrauben (wenn m\u00f6glich) auf der R\u00fcckseite Ihres Autos, Wohnmobils, Lastwagens oder Anh\u00e4ngers. Sie versorgen die Kamera mit Strom, indem Sie sie an Ihr R\u00fccklicht oder Ihren R\u00fcckfahrscheinwerfer anschlie\u00dfen. <\/p>\n<p>Der 7-Zoll-Bildschirm l\u00e4sst sich leicht an das Zigarettenladeger\u00e4t oder einen anderen 12- bis 24-Volt-Anschluss in Ihrem Auto anschlie\u00dfen. Platzieren Sie den Monitor in den mitgelieferten Arm, den Sie mit einem Saugnapf leicht an Ihrer Windschutzscheibe befestigen k\u00f6nnen. <br \/><strong><br \/>Zertifizierungen<br \/><\/strong>Kaliberprodukte verf\u00fcgen immer \u00fcber die erforderlichen Zertifizierungen und erf\u00fcllen die EU-Anforderungen an elektrische Produkte. Die Verwendung von nicht zertifizierten elektrischen Produkten kann zu Gefahren\/Verletzungen f\u00fcr den Benutzer und\/oder seine Umgebung f\u00fchren. Die Verwendung von nicht zertifizierten Produkten kann zum Ausschluss von der Deckung und\/oder Zahlung Ihrer Versicherung f\u00fchren.<\/p>\n","protected":false},"excerpt":{"rendered":"<p>Die Caliber CAM701 ist ein drahtloses R\u00fcckfahrkamerasystem, das das Einparken erheblich erleichtert. Sie k\u00f6nnen auch sehen, was hinter dem Auto passiert, wenn Sie r\u00fcckw\u00e4rts aus einer Parkl\u00fccke herausfahren. Dank der IP66-Zertifizierung ist die Kamera widerstandsf\u00e4hig gegen Wasser und Staub. So k\u00f6nnen Sie sie unter allen Wetterbedingungen verwenden.Drahtlose VerbindungDie Kamera ist drahtlos mit dem 7-Zoll-Display verbunden. [&hellip;]<\/p>\n","protected":false},"featured_media":868819,"template":"","meta":{"_acf_changed":false,"site-sidebar-layout":"default","site-content-layout":"","ast-site-content-layout":"default","site-content-style":"default","site-sidebar-style":"default","ast-global-header-display":"","ast-banner-title-visibility":"","ast-main-header-display":"","ast-hfb-above-header-display":"","ast-hfb-below-header-display":"","ast-hfb-mobile-header-display":"","site-post-title":"","ast-breadcrumbs-content":"","ast-featured-img":"","footer-sml-layout":"","theme-transparent-header-meta":"","adv-header-id-meta":"","stick-header-meta":"","header-above-stick-meta":"","header-main-stick-meta":"","header-below-stick-meta":"","astra-migrate-meta-layouts":"default","ast-page-background-enabled":"default","ast-page-background-meta":{"desktop":{"background-color":"","background-image":"","background-repeat":"repeat","background-position":"center center","background-size":"auto","background-attachment":"scroll","background-type":"","background-media":"","overlay-type":"","overlay-color":"","overlay-opacity":"","overlay-gradient":""},"tablet":{"background-color":"","background-image":"","background-repeat":"repeat","background-position":"center center","background-size":"auto","background-attachment":"scroll","background-type":"","background-media":"","overlay-type":"","overlay-color":"","overlay-opacity":"","overlay-gradient":""},"mobile":{"background-color":"","background-image":"","background-repeat":"repeat","background-position":"center center","background-size":"auto","background-attachment":"scroll","background-type":"","background-media":"","overlay-type":"","overlay-color":"","overlay-opacity":"","overlay-gradient":""}},"ast-content-background-meta":{"desktop":{"background-color":"var(--ast-global-color-5)","background-image":"","background-repeat":"repeat","background-position":"center center","background-size":"auto","background-attachment":"scroll","background-type":"","background-media":"","overlay-type":"","overlay-color":"","overlay-opacity":"","overlay-gradient":""},"tablet":{"background-color":"var(--ast-global-color-5)","background-image":"","background-repeat":"repeat","background-position":"center center","background-size":"auto","background-attachment":"scroll","background-type":"","background-media":"","overlay-type":"","overlay-color":"","overlay-opacity":"","overlay-gradient":""},"mobile":{"background-color":"var(--ast-global-color-5)","background-image":"","background-repeat":"repeat","background-position":"center center","background-size":"auto","background-attachment":"scroll","background-type":"","background-media":"","overlay-type":"","overlay-color":"","overlay-opacity":"","overlay-gradient":""}}},"product_brand":[],"product_cat":[22956],"product_tag":[],"class_list":{"0":"post-479457","1":"product","2":"type-product","3":"status-publish","4":"has-post-thumbnail","6":"product_cat-keine-kategorie","7":"desktop-align-center","8":"tablet-align-center","9":"mobile-align-center","10":"ast-product-gallery-layout-horizontal","11":"ast-product-gallery-with-no-image","12":"ast-product-tabs-layout-horizontal","14":"first","15":"instock","16":"taxable","17":"shipping-taxable","18":"purchasable","19":"product-type-simple"},"acf":[],"yoast_head":"<!-- This site is optimized with the Yoast SEO plugin v26.5 - https:\/\/yoast.com\/wordpress\/plugins\/seo\/ -->\n<title>Erweiterungskamera f\u00fcr CAM701 - Schwarz (CAM701E) - Caliber Europe B.V.<\/title>\n<meta name=\"robots\" content=\"noindex, follow, max-snippet:-1, max-image-preview:large, max-video-preview:-1\" \/>\n<meta property=\"og:locale\" content=\"de_DE\" \/>\n<meta property=\"og:type\" content=\"article\" \/>\n<meta property=\"og:title\" content=\"Erweiterungskamera f\u00fcr CAM701 - Schwarz (CAM701E) - Caliber Europe B.V.\" \/>\n<meta property=\"og:description\" content=\"Die Caliber CAM701 ist ein drahtloses R\u00fcckfahrkamerasystem, das das Einparken erheblich erleichtert. Sie k\u00f6nnen auch sehen, was hinter dem Auto passiert, wenn Sie r\u00fcckw\u00e4rts aus einer Parkl\u00fccke herausfahren. Dank der IP66-Zertifizierung ist die Kamera widerstandsf\u00e4hig gegen Wasser und Staub. So k\u00f6nnen Sie sie unter allen Wetterbedingungen verwenden.Drahtlose VerbindungDie Kamera ist drahtlos mit dem 7-Zoll-Display verbunden. [&hellip;]\" \/>\n<meta property=\"og:url\" content=\"https:\/\/b2b.calibereurope.com\/de\/produkt\/cam701e-de_de\/\" \/>\n<meta property=\"og:site_name\" content=\"Caliber Europe B.V.\" \/>\n<meta property=\"article:modified_time\" content=\"2025-12-04T14:00:19+00:00\" \/>\n<meta property=\"og:image\" content=\"https:\/\/b2b.calibereurope.com\/wp-content\/uploads\/2021\/09\/61bf8178cb9774a8880a66f713035a9bb69fc26d_CAM701E.jpg\" \/>\n\t<meta property=\"og:image:width\" content=\"640\" \/>\n\t<meta property=\"og:image:height\" content=\"480\" \/>\n\t<meta property=\"og:image:type\" content=\"image\/jpeg\" \/>\n<meta name=\"twitter:card\" content=\"summary_large_image\" \/>\n<meta name=\"twitter:label1\" content=\"Gesch\u00e4tzte Lesezeit\" \/>\n\t<meta name=\"twitter:data1\" content=\"1\u00a0Minute\" \/>\n<script type=\"application\/ld+json\" class=\"yoast-schema-graph\">{\"@context\":\"https:\/\/schema.org\",\"@graph\":[{\"@type\":\"WebPage\",\"@id\":\"https:\/\/b2b.calibereurope.com\/de\/produkt\/cam701e-de_de\/\",\"url\":\"https:\/\/b2b.calibereurope.com\/de\/produkt\/cam701e-de_de\/\",\"name\":\"Erweiterungskamera f\u00fcr CAM701 - Schwarz (CAM701E) - Caliber Europe B.V.\",\"isPartOf\":{\"@id\":\"https:\/\/b2b.calibereurope.com\/#website\"},\"primaryImageOfPage\":{\"@id\":\"https:\/\/b2b.calibereurope.com\/de\/produkt\/cam701e-de_de\/#primaryimage\"},\"image\":{\"@id\":\"https:\/\/b2b.calibereurope.com\/de\/produkt\/cam701e-de_de\/#primaryimage\"},\"thumbnailUrl\":\"https:\/\/b2b.calibereurope.com\/wp-content\/uploads\/2025\/12\/61bf8178cb9774a8880a66f713035a9bb69fc26d_CAM701E-4.jpg\",\"datePublished\":\"2025-12-04T00:00:00+00:00\",\"dateModified\":\"2025-12-04T14:00:19+00:00\",\"breadcrumb\":{\"@id\":\"https:\/\/b2b.calibereurope.com\/de\/produkt\/cam701e-de_de\/#breadcrumb\"},\"inLanguage\":\"de\",\"potentialAction\":[{\"@type\":\"ReadAction\",\"target\":[\"https:\/\/b2b.calibereurope.com\/de\/produkt\/cam701e-de_de\/\"]}]},{\"@type\":\"ImageObject\",\"inLanguage\":\"de\",\"@id\":\"https:\/\/b2b.calibereurope.com\/de\/produkt\/cam701e-de_de\/#primaryimage\",\"url\":\"https:\/\/b2b.calibereurope.com\/wp-content\/uploads\/2025\/12\/61bf8178cb9774a8880a66f713035a9bb69fc26d_CAM701E-4.jpg\",\"contentUrl\":\"https:\/\/b2b.calibereurope.com\/wp-content\/uploads\/2025\/12\/61bf8178cb9774a8880a66f713035a9bb69fc26d_CAM701E-4.jpg\",\"width\":640,\"height\":480},{\"@type\":\"BreadcrumbList\",\"@id\":\"https:\/\/b2b.calibereurope.com\/de\/produkt\/cam701e-de_de\/#breadcrumb\",\"itemListElement\":[{\"@type\":\"ListItem\",\"position\":1,\"name\":\"Home\",\"item\":\"https:\/\/b2b.calibereurope.com\/de\/\"},{\"@type\":\"ListItem\",\"position\":2,\"name\":\"Shop\",\"item\":\"https:\/\/b2b.calibereurope.com\/de\/shop\/\"},{\"@type\":\"ListItem\",\"position\":3,\"name\":\"Erweiterungskamera f\u00fcr CAM701 &#8211; Schwarz (CAM701E)\"}]},{\"@type\":\"WebSite\",\"@id\":\"https:\/\/b2b.calibereurope.com\/#website\",\"url\":\"https:\/\/b2b.calibereurope.com\/\",\"name\":\"Caliber Europe B.V.\",\"description\":\"B2B Webshop\",\"publisher\":{\"@id\":\"https:\/\/b2b.calibereurope.com\/#organization\"},\"potentialAction\":[{\"@type\":\"SearchAction\",\"target\":{\"@type\":\"EntryPoint\",\"urlTemplate\":\"https:\/\/b2b.calibereurope.com\/?s={search_term_string}\"},\"query-input\":{\"@type\":\"PropertyValueSpecification\",\"valueRequired\":true,\"valueName\":\"search_term_string\"}}],\"inLanguage\":\"de\"},{\"@type\":\"Organization\",\"@id\":\"https:\/\/b2b.calibereurope.com\/#organization\",\"name\":\"Caliber Europe B.V.\",\"url\":\"https:\/\/b2b.calibereurope.com\/\",\"logo\":{\"@type\":\"ImageObject\",\"inLanguage\":\"de\",\"@id\":\"https:\/\/b2b.calibereurope.com\/#\/schema\/logo\/image\/\",\"url\":\"https:\/\/b2b.calibereurope.com\/wp-content\/uploads\/2020\/12\/Caliber_Logo-Black.png\",\"contentUrl\":\"https:\/\/b2b.calibereurope.com\/wp-content\/uploads\/2020\/12\/Caliber_Logo-Black.png\",\"width\":3157,\"height\":356,\"caption\":\"Caliber Europe B.V.\"},\"image\":{\"@id\":\"https:\/\/b2b.calibereurope.com\/#\/schema\/logo\/image\/\"}}]}<\/script>\n<!-- \/ Yoast SEO plugin. -->","yoast_head_json":{"title":"Erweiterungskamera f\u00fcr CAM701 - Schwarz (CAM701E) - Caliber Europe B.V.","robots":{"index":"noindex","follow":"follow","max-snippet":"max-snippet:-1","max-image-preview":"max-image-preview:large","max-video-preview":"max-video-preview:-1"},"og_locale":"de_DE","og_type":"article","og_title":"Erweiterungskamera f\u00fcr CAM701 - Schwarz (CAM701E) - Caliber Europe B.V.","og_description":"Die Caliber CAM701 ist ein drahtloses R\u00fcckfahrkamerasystem, das das Einparken erheblich erleichtert. Sie k\u00f6nnen auch sehen, was hinter dem Auto passiert, wenn Sie r\u00fcckw\u00e4rts aus einer Parkl\u00fccke herausfahren. Dank der IP66-Zertifizierung ist die Kamera widerstandsf\u00e4hig gegen Wasser und Staub. So k\u00f6nnen Sie sie unter allen Wetterbedingungen verwenden.Drahtlose VerbindungDie Kamera ist drahtlos mit dem 7-Zoll-Display verbunden. [&hellip;]","og_url":"https:\/\/b2b.calibereurope.com\/de\/produkt\/cam701e-de_de\/","og_site_name":"Caliber Europe B.V.","article_modified_time":"2025-12-04T14:00:19+00:00","og_image":[{"width":640,"height":480,"url":"https:\/\/b2b.calibereurope.com\/wp-content\/uploads\/2021\/09\/61bf8178cb9774a8880a66f713035a9bb69fc26d_CAM701E.jpg","type":"image\/jpeg"}],"twitter_card":"summary_large_image","twitter_misc":{"Gesch\u00e4tzte Lesezeit":"1\u00a0Minute"},"schema":{"@context":"https:\/\/schema.org","@graph":[{"@type":"WebPage","@id":"https:\/\/b2b.calibereurope.com\/de\/produkt\/cam701e-de_de\/","url":"https:\/\/b2b.calibereurope.com\/de\/produkt\/cam701e-de_de\/","name":"Erweiterungskamera f\u00fcr CAM701 - Schwarz (CAM701E) - Caliber Europe B.V.","isPartOf":{"@id":"https:\/\/b2b.calibereurope.com\/#website"},"primaryImageOfPage":{"@id":"https:\/\/b2b.calibereurope.com\/de\/produkt\/cam701e-de_de\/#primaryimage"},"image":{"@id":"https:\/\/b2b.calibereurope.com\/de\/produkt\/cam701e-de_de\/#primaryimage"},"thumbnailUrl":"https:\/\/b2b.calibereurope.com\/wp-content\/uploads\/2025\/12\/61bf8178cb9774a8880a66f713035a9bb69fc26d_CAM701E-4.jpg","datePublished":"2025-12-04T00:00:00+00:00","dateModified":"2025-12-04T14:00:19+00:00","breadcrumb":{"@id":"https:\/\/b2b.calibereurope.com\/de\/produkt\/cam701e-de_de\/#breadcrumb"},"inLanguage":"de","potentialAction":[{"@type":"ReadAction","target":["https:\/\/b2b.calibereurope.com\/de\/produkt\/cam701e-de_de\/"]}]},{"@type":"ImageObject","inLanguage":"de","@id":"https:\/\/b2b.calibereurope.com\/de\/produkt\/cam701e-de_de\/#primaryimage","url":"https:\/\/b2b.calibereurope.com\/wp-content\/uploads\/2025\/12\/61bf8178cb9774a8880a66f713035a9bb69fc26d_CAM701E-4.jpg","contentUrl":"https:\/\/b2b.calibereurope.com\/wp-content\/uploads\/2025\/12\/61bf8178cb9774a8880a66f713035a9bb69fc26d_CAM701E-4.jpg","width":640,"height":480},{"@type":"BreadcrumbList","@id":"https:\/\/b2b.calibereurope.com\/de\/produkt\/cam701e-de_de\/#breadcrumb","itemListElement":[{"@type":"ListItem","position":1,"name":"Home","item":"https:\/\/b2b.calibereurope.com\/de\/"},{"@type":"ListItem","position":2,"name":"Shop","item":"https:\/\/b2b.calibereurope.com\/de\/shop\/"},{"@type":"ListItem","position":3,"name":"Erweiterungskamera f\u00fcr CAM701 &#8211; Schwarz (CAM701E)"}]},{"@type":"WebSite","@id":"https:\/\/b2b.calibereurope.com\/#website","url":"https:\/\/b2b.calibereurope.com\/","name":"Caliber Europe B.V.","description":"B2B Webshop","publisher":{"@id":"https:\/\/b2b.calibereurope.com\/#organization"},"potentialAction":[{"@type":"SearchAction","target":{"@type":"EntryPoint","urlTemplate":"https:\/\/b2b.calibereurope.com\/?s={search_term_string}"},"query-input":{"@type":"PropertyValueSpecification","valueRequired":true,"valueName":"search_term_string"}}],"inLanguage":"de"},{"@type":"Organization","@id":"https:\/\/b2b.calibereurope.com\/#organization","name":"Caliber Europe B.V.","url":"https:\/\/b2b.calibereurope.com\/","logo":{"@type":"ImageObject","inLanguage":"de","@id":"https:\/\/b2b.calibereurope.com\/#\/schema\/logo\/image\/","url":"https:\/\/b2b.calibereurope.com\/wp-content\/uploads\/2020\/12\/Caliber_Logo-Black.png","contentUrl":"https:\/\/b2b.calibereurope.com\/wp-content\/uploads\/2020\/12\/Caliber_Logo-Black.png","width":3157,"height":356,"caption":"Caliber Europe B.V."},"image":{"@id":"https:\/\/b2b.calibereurope.com\/#\/schema\/logo\/image\/"}}]}},"_links":{"self":[{"href":"https:\/\/b2b.calibereurope.com\/de\/wp-json\/wp\/v2\/product\/479457","targetHints":{"allow":["GET"]}}],"collection":[{"href":"https:\/\/b2b.calibereurope.com\/de\/wp-json\/wp\/v2\/product"}],"about":[{"href":"https:\/\/b2b.calibereurope.com\/de\/wp-json\/wp\/v2\/types\/product"}],"version-history":[{"count":0,"href":"https:\/\/b2b.calibereurope.com\/de\/wp-json\/wp\/v2\/product\/479457\/revisions"}],"wp:featuredmedia":[{"embeddable":true,"href":"https:\/\/b2b.calibereurope.com\/de\/wp-json\/wp\/v2\/media\/868819"}],"wp:attachment":[{"href":"https:\/\/b2b.calibereurope.com\/de\/wp-json\/wp\/v2\/media?parent=479457"}],"wp:term":[{"taxonomy":"product_brand","embeddable":true,"href":"https:\/\/b2b.calibereurope.com\/de\/wp-json\/wp\/v2\/product_brand?post=479457"},{"taxonomy":"product_cat","embeddable":true,"href":"https:\/\/b2b.calibereurope.com\/de\/wp-json\/wp\/v2\/product_cat?post=479457"},{"taxonomy":"product_tag","embeddable":true,"href":"https:\/\/b2b.calibereurope.com\/de\/wp-json\/wp\/v2\/product_tag?post=479457"}],"curies":[{"name":"wp","href":"https:\/\/api.w.org\/{rel}","templated":true}]}}