{"id":479477,"date":"2025-12-04T01:00:00","date_gmt":"2025-12-04T00:00:00","guid":{"rendered":"0"},"modified":"2025-12-04T15:00:37","modified_gmt":"2025-12-04T14:00:37","slug":"CAM701-de_DE","status":"publish","type":"product","link":"https:\/\/b2b.calibereurope.com\/de\/produkt\/CAM701-de_DE\/","title":{"rendered":"Drahtlose R\u00fcckfahrkamera f\u00fcr Auto und Wohnmobil &#8211; 7 Zoll &#8211; wasserdicht &#8211; 50M drahtlos (CAM701)"},"content":{"rendered":"<p>Mit der Caliber CAM701 drahtlosen R\u00fcckfahrkamera haben Sie jeden Winkel Ihres Autos, Wohnmobils oder LKWs im Blick. Auf dem <strong>7-Zoll-Farbbildschirm <\/strong>sehen Sie im Detail, was um Sie herum passiert. Die <strong>800 x 480 Pixel <\/strong>sorgen f\u00fcr messerscharfe Bilder. Dank der <strong>Split-Screen-Option <\/strong>k\u00f6nnen Sie mehrere Bilder gleichzeitig sehen, wenn eine <strong>zweite Kamera <\/strong>angeschlossen ist. Mit dem <strong>Armaturenbrettst\u00e4nder <\/strong>k\u00f6nnen Sie die drahtlose Kamera ganz einfach an der gew\u00fcnschten Stelle in Ihrem Auto platzieren. Die Kamera ist <strong>wasser- und wetterfest<\/strong>, sodass Sie sie auch an anderen Orten verwenden k\u00f6nnen.<\/p>\n<p><\/p>\n<p><strong>Merkmale:<\/strong><\/p>\n<ul>\n<li>7-Zoll-Farbdisplay mit R\u00fcckfahrkamera<\/li>\n<li>Bildschirmaufl\u00f6sung: 800 x 480<\/li>\n<li>Option geteilter Bildschirm<\/li>\n<li>12 \/ 24 V Auto-\/LKW-Stecker<\/li>\n<li>Digitaler drahtloser Empf\u00e4nger (2,4 GHz)<\/li>\n<li>Erweiterbar mit zweiter Kamera<\/li>\n<li>Mit St\u00e4nder f\u00fcr das Armaturenbrett<\/li>\n<li>Drahtlose Verbindung bis zu 50 m<\/li>\n<li>Wasser- und wetterfest<\/li>\n<li>Autofokus und Wei\u00dfabgleich<\/li>\n<\/ul>\n<h3>Drahtlos verwendbar<\/h3>\n<p>Die R\u00fcckfahrkamera kann drahtlos verwendet werden. Das liegt daran, dass sich die Kamera drahtlos mit dem Display verbindet. \u00dcber eine Verbindung, die mit einer Frequenz von 2,4 GHz arbeitet, werden die Bilder sicher von der Kamera auf das Display \u00fcbertragen. Denn die Kamera hat eine Reichweite von nicht weniger als 50 Metern. Dies verhindert einen Kabelsalat in Ihrem Auto. Sie m\u00fcssen das Display nur mit 12~24 V Spannung versorgen, z.B. \u00fcber den Zigarettenanz\u00fcnder. Dadurch ist das Set auch sehr einfach zu installieren.<\/p>\n<h3>Sicheres Parken, jederzeit und \u00fcberall<\/h3>\n<p>Sind Sie regelm\u00e4\u00dfig auf der Suche nach einem Parkplatz, der nicht zu eng ist? Mit dieser praktischen, drahtlosen R\u00fcckfahrkamera ist das Einparken selbst in den engsten Parkl\u00fccken kein Problem mehr! Mit 800 x 480 Pixeln liefert die Kamera immer ein scharfes Bild. Auf dem 7-Zoll-Farbbildschirm k\u00f6nnen Sie selbst die kleinsten Details erkennen. Au\u00dferdem k\u00f6nnen Sie eine zweite Kamera anschlie\u00dfen, um einen noch besseren \u00dcberblick zu erhalten. Dank der Split-Screen-Funktion k\u00f6nnen Sie die Bilder beider Kameras gleichzeitig betrachten.<\/p>\n<h3>Geeignet f\u00fcr alle Wetterbedingungen<\/h3>\n<p>Die Kamera verf\u00fcgt \u00fcber ein robustes Geh\u00e4use. Er ist wetter- und wasserfest, sodass Sie Ihr Auto auch bei schlechtem Wetter sicher abstellen k\u00f6nnen. Der Autofokus und der Wei\u00dfabgleich sorgen auch bei schlechtem Wetter f\u00fcr gute Bilder.<\/p>\n<p><\/p>\n<p><strong>&nbsp;Mitgeliefert:<\/strong><\/p>\n<ul>\n<li>Caliber CAM701 drahtlose R\u00fcckfahrkamera Display<\/li>\n<li>Verstellbarer Arm<\/li>\n<li>Monitorverkn\u00fcpfung<\/li>\n<li>Befestigungslaschen f\u00fcr z.B. die Anbringung an der Innenseite der Sonnenblende<\/li>\n<\/ul>\n","protected":false},"excerpt":{"rendered":"<p>Mit der Caliber CAM701 drahtlosen R\u00fcckfahrkamera haben Sie jeden Winkel Ihres Autos, Wohnmobils oder LKWs im Blick. Auf dem 7-Zoll-Farbbildschirm sehen Sie im Detail, was um Sie herum passiert. Die 800 x 480 Pixel sorgen f\u00fcr messerscharfe Bilder. Dank der Split-Screen-Option k\u00f6nnen Sie mehrere Bilder gleichzeitig sehen, wenn eine zweite Kamera angeschlossen ist. Mit dem [&hellip;]<\/p>\n","protected":false},"featured_media":868835,"template":"","meta":{"_acf_changed":false,"site-sidebar-layout":"default","site-content-layout":"","ast-site-content-layout":"default","site-content-style":"default","site-sidebar-style":"default","ast-global-header-display":"","ast-banner-title-visibility":"","ast-main-header-display":"","ast-hfb-above-header-display":"","ast-hfb-below-header-display":"","ast-hfb-mobile-header-display":"","site-post-title":"","ast-breadcrumbs-content":"","ast-featured-img":"","footer-sml-layout":"","theme-transparent-header-meta":"","adv-header-id-meta":"","stick-header-meta":"","header-above-stick-meta":"","header-main-stick-meta":"","header-below-stick-meta":"","astra-migrate-meta-layouts":"default","ast-page-background-enabled":"default","ast-page-background-meta":{"desktop":{"background-color":"","background-image":"","background-repeat":"repeat","background-position":"center center","background-size":"auto","background-attachment":"scroll","background-type":"","background-media":"","overlay-type":"","overlay-color":"","overlay-opacity":"","overlay-gradient":""},"tablet":{"background-color":"","background-image":"","background-repeat":"repeat","background-position":"center center","background-size":"auto","background-attachment":"scroll","background-type":"","background-media":"","overlay-type":"","overlay-color":"","overlay-opacity":"","overlay-gradient":""},"mobile":{"background-color":"","background-image":"","background-repeat":"repeat","background-position":"center center","background-size":"auto","background-attachment":"scroll","background-type":"","background-media":"","overlay-type":"","overlay-color":"","overlay-opacity":"","overlay-gradient":""}},"ast-content-background-meta":{"desktop":{"background-color":"var(--ast-global-color-5)","background-image":"","background-repeat":"repeat","background-position":"center center","background-size":"auto","background-attachment":"scroll","background-type":"","background-media":"","overlay-type":"","overlay-color":"","overlay-opacity":"","overlay-gradient":""},"tablet":{"background-color":"var(--ast-global-color-5)","background-image":"","background-repeat":"repeat","background-position":"center center","background-size":"auto","background-attachment":"scroll","background-type":"","background-media":"","overlay-type":"","overlay-color":"","overlay-opacity":"","overlay-gradient":""},"mobile":{"background-color":"var(--ast-global-color-5)","background-image":"","background-repeat":"repeat","background-position":"center center","background-size":"auto","background-attachment":"scroll","background-type":"","background-media":"","overlay-type":"","overlay-color":"","overlay-opacity":"","overlay-gradient":""}}},"product_brand":[],"product_cat":[22956],"product_tag":[],"class_list":{"0":"post-479477","1":"product","2":"type-product","3":"status-publish","4":"has-post-thumbnail","6":"product_cat-keine-kategorie","7":"desktop-align-center","8":"tablet-align-center","9":"mobile-align-center","10":"ast-product-gallery-layout-horizontal","11":"ast-product-tabs-layout-horizontal","13":"first","14":"instock","15":"taxable","16":"shipping-taxable","17":"purchasable","18":"product-type-simple"},"acf":[],"yoast_head":"<!-- This site is optimized with the Yoast SEO plugin v26.5 - https:\/\/yoast.com\/wordpress\/plugins\/seo\/ -->\n<title>Drahtlose R\u00fcckfahrkamera f\u00fcr Auto und Wohnmobil - 7 Zoll - wasserdicht - 50M drahtlos (CAM701) - Caliber Europe B.V.<\/title>\n<meta name=\"robots\" content=\"noindex, follow, max-snippet:-1, max-image-preview:large, max-video-preview:-1\" \/>\n<meta property=\"og:locale\" content=\"de_DE\" \/>\n<meta property=\"og:type\" content=\"article\" \/>\n<meta property=\"og:title\" content=\"Drahtlose R\u00fcckfahrkamera f\u00fcr Auto und Wohnmobil - 7 Zoll - wasserdicht - 50M drahtlos (CAM701) - Caliber Europe B.V.\" \/>\n<meta property=\"og:description\" content=\"Mit der Caliber CAM701 drahtlosen R\u00fcckfahrkamera haben Sie jeden Winkel Ihres Autos, Wohnmobils oder LKWs im Blick. Auf dem 7-Zoll-Farbbildschirm sehen Sie im Detail, was um Sie herum passiert. Die 800 x 480 Pixel sorgen f\u00fcr messerscharfe Bilder. Dank der Split-Screen-Option k\u00f6nnen Sie mehrere Bilder gleichzeitig sehen, wenn eine zweite Kamera angeschlossen ist. Mit dem [&hellip;]\" \/>\n<meta property=\"og:url\" content=\"https:\/\/b2b.calibereurope.com\/de\/produkt\/cam701-de_de\/\" \/>\n<meta property=\"og:site_name\" content=\"Caliber Europe B.V.\" \/>\n<meta property=\"article:modified_time\" content=\"2025-12-04T14:00:37+00:00\" \/>\n<meta property=\"og:image\" content=\"https:\/\/b2b.calibereurope.com\/wp-content\/uploads\/2021\/09\/8a618a11fcfeb065812e270cb0521e3989486dd5_CAM701_set.jpg\" \/>\n\t<meta property=\"og:image:width\" content=\"640\" \/>\n\t<meta property=\"og:image:height\" content=\"480\" \/>\n\t<meta property=\"og:image:type\" content=\"image\/jpeg\" \/>\n<meta name=\"twitter:card\" content=\"summary_large_image\" \/>\n<meta name=\"twitter:label1\" content=\"Gesch\u00e4tzte Lesezeit\" \/>\n\t<meta name=\"twitter:data1\" content=\"2\u00a0Minuten\" \/>\n<script type=\"application\/ld+json\" class=\"yoast-schema-graph\">{\"@context\":\"https:\/\/schema.org\",\"@graph\":[{\"@type\":\"WebPage\",\"@id\":\"https:\/\/b2b.calibereurope.com\/de\/produkt\/cam701-de_de\/\",\"url\":\"https:\/\/b2b.calibereurope.com\/de\/produkt\/cam701-de_de\/\",\"name\":\"Drahtlose R\u00fcckfahrkamera f\u00fcr Auto und Wohnmobil - 7 Zoll - wasserdicht - 50M drahtlos (CAM701) - Caliber Europe B.V.\",\"isPartOf\":{\"@id\":\"https:\/\/b2b.calibereurope.com\/#website\"},\"primaryImageOfPage\":{\"@id\":\"https:\/\/b2b.calibereurope.com\/de\/produkt\/cam701-de_de\/#primaryimage\"},\"image\":{\"@id\":\"https:\/\/b2b.calibereurope.com\/de\/produkt\/cam701-de_de\/#primaryimage\"},\"thumbnailUrl\":\"https:\/\/b2b.calibereurope.com\/wp-content\/uploads\/2025\/12\/8a618a11fcfeb065812e270cb0521e3989486dd5_CAM701_set-4.jpg\",\"datePublished\":\"2025-12-04T00:00:00+00:00\",\"dateModified\":\"2025-12-04T14:00:37+00:00\",\"breadcrumb\":{\"@id\":\"https:\/\/b2b.calibereurope.com\/de\/produkt\/cam701-de_de\/#breadcrumb\"},\"inLanguage\":\"de\",\"potentialAction\":[{\"@type\":\"ReadAction\",\"target\":[\"https:\/\/b2b.calibereurope.com\/de\/produkt\/cam701-de_de\/\"]}]},{\"@type\":\"ImageObject\",\"inLanguage\":\"de\",\"@id\":\"https:\/\/b2b.calibereurope.com\/de\/produkt\/cam701-de_de\/#primaryimage\",\"url\":\"https:\/\/b2b.calibereurope.com\/wp-content\/uploads\/2025\/12\/8a618a11fcfeb065812e270cb0521e3989486dd5_CAM701_set-4.jpg\",\"contentUrl\":\"https:\/\/b2b.calibereurope.com\/wp-content\/uploads\/2025\/12\/8a618a11fcfeb065812e270cb0521e3989486dd5_CAM701_set-4.jpg\",\"width\":640,\"height\":480},{\"@type\":\"BreadcrumbList\",\"@id\":\"https:\/\/b2b.calibereurope.com\/de\/produkt\/cam701-de_de\/#breadcrumb\",\"itemListElement\":[{\"@type\":\"ListItem\",\"position\":1,\"name\":\"Home\",\"item\":\"https:\/\/b2b.calibereurope.com\/de\/\"},{\"@type\":\"ListItem\",\"position\":2,\"name\":\"Shop\",\"item\":\"https:\/\/b2b.calibereurope.com\/de\/shop\/\"},{\"@type\":\"ListItem\",\"position\":3,\"name\":\"Drahtlose Kamera mit 7-Zoll-Monitor &#8211; Schwarz (CAM701)\"}]},{\"@type\":\"WebSite\",\"@id\":\"https:\/\/b2b.calibereurope.com\/#website\",\"url\":\"https:\/\/b2b.calibereurope.com\/\",\"name\":\"Caliber Europe B.V.\",\"description\":\"B2B Webshop\",\"publisher\":{\"@id\":\"https:\/\/b2b.calibereurope.com\/#organization\"},\"potentialAction\":[{\"@type\":\"SearchAction\",\"target\":{\"@type\":\"EntryPoint\",\"urlTemplate\":\"https:\/\/b2b.calibereurope.com\/?s={search_term_string}\"},\"query-input\":{\"@type\":\"PropertyValueSpecification\",\"valueRequired\":true,\"valueName\":\"search_term_string\"}}],\"inLanguage\":\"de\"},{\"@type\":\"Organization\",\"@id\":\"https:\/\/b2b.calibereurope.com\/#organization\",\"name\":\"Caliber Europe B.V.\",\"url\":\"https:\/\/b2b.calibereurope.com\/\",\"logo\":{\"@type\":\"ImageObject\",\"inLanguage\":\"de\",\"@id\":\"https:\/\/b2b.calibereurope.com\/#\/schema\/logo\/image\/\",\"url\":\"https:\/\/b2b.calibereurope.com\/wp-content\/uploads\/2020\/12\/Caliber_Logo-Black.png\",\"contentUrl\":\"https:\/\/b2b.calibereurope.com\/wp-content\/uploads\/2020\/12\/Caliber_Logo-Black.png\",\"width\":3157,\"height\":356,\"caption\":\"Caliber Europe B.V.\"},\"image\":{\"@id\":\"https:\/\/b2b.calibereurope.com\/#\/schema\/logo\/image\/\"}}]}<\/script>\n<!-- \/ Yoast SEO plugin. -->","yoast_head_json":{"title":"Drahtlose R\u00fcckfahrkamera f\u00fcr Auto und Wohnmobil - 7 Zoll - wasserdicht - 50M drahtlos (CAM701) - Caliber Europe B.V.","robots":{"index":"noindex","follow":"follow","max-snippet":"max-snippet:-1","max-image-preview":"max-image-preview:large","max-video-preview":"max-video-preview:-1"},"og_locale":"de_DE","og_type":"article","og_title":"Drahtlose R\u00fcckfahrkamera f\u00fcr Auto und Wohnmobil - 7 Zoll - wasserdicht - 50M drahtlos (CAM701) - Caliber Europe B.V.","og_description":"Mit der Caliber CAM701 drahtlosen R\u00fcckfahrkamera haben Sie jeden Winkel Ihres Autos, Wohnmobils oder LKWs im Blick. Auf dem 7-Zoll-Farbbildschirm sehen Sie im Detail, was um Sie herum passiert. Die 800 x 480 Pixel sorgen f\u00fcr messerscharfe Bilder. Dank der Split-Screen-Option k\u00f6nnen Sie mehrere Bilder gleichzeitig sehen, wenn eine zweite Kamera angeschlossen ist. Mit dem [&hellip;]","og_url":"https:\/\/b2b.calibereurope.com\/de\/produkt\/cam701-de_de\/","og_site_name":"Caliber Europe B.V.","article_modified_time":"2025-12-04T14:00:37+00:00","og_image":[{"width":640,"height":480,"url":"https:\/\/b2b.calibereurope.com\/wp-content\/uploads\/2021\/09\/8a618a11fcfeb065812e270cb0521e3989486dd5_CAM701_set.jpg","type":"image\/jpeg"}],"twitter_card":"summary_large_image","twitter_misc":{"Gesch\u00e4tzte Lesezeit":"2\u00a0Minuten"},"schema":{"@context":"https:\/\/schema.org","@graph":[{"@type":"WebPage","@id":"https:\/\/b2b.calibereurope.com\/de\/produkt\/cam701-de_de\/","url":"https:\/\/b2b.calibereurope.com\/de\/produkt\/cam701-de_de\/","name":"Drahtlose R\u00fcckfahrkamera f\u00fcr Auto und Wohnmobil - 7 Zoll - wasserdicht - 50M drahtlos (CAM701) - Caliber Europe B.V.","isPartOf":{"@id":"https:\/\/b2b.calibereurope.com\/#website"},"primaryImageOfPage":{"@id":"https:\/\/b2b.calibereurope.com\/de\/produkt\/cam701-de_de\/#primaryimage"},"image":{"@id":"https:\/\/b2b.calibereurope.com\/de\/produkt\/cam701-de_de\/#primaryimage"},"thumbnailUrl":"https:\/\/b2b.calibereurope.com\/wp-content\/uploads\/2025\/12\/8a618a11fcfeb065812e270cb0521e3989486dd5_CAM701_set-4.jpg","datePublished":"2025-12-04T00:00:00+00:00","dateModified":"2025-12-04T14:00:37+00:00","breadcrumb":{"@id":"https:\/\/b2b.calibereurope.com\/de\/produkt\/cam701-de_de\/#breadcrumb"},"inLanguage":"de","potentialAction":[{"@type":"ReadAction","target":["https:\/\/b2b.calibereurope.com\/de\/produkt\/cam701-de_de\/"]}]},{"@type":"ImageObject","inLanguage":"de","@id":"https:\/\/b2b.calibereurope.com\/de\/produkt\/cam701-de_de\/#primaryimage","url":"https:\/\/b2b.calibereurope.com\/wp-content\/uploads\/2025\/12\/8a618a11fcfeb065812e270cb0521e3989486dd5_CAM701_set-4.jpg","contentUrl":"https:\/\/b2b.calibereurope.com\/wp-content\/uploads\/2025\/12\/8a618a11fcfeb065812e270cb0521e3989486dd5_CAM701_set-4.jpg","width":640,"height":480},{"@type":"BreadcrumbList","@id":"https:\/\/b2b.calibereurope.com\/de\/produkt\/cam701-de_de\/#breadcrumb","itemListElement":[{"@type":"ListItem","position":1,"name":"Home","item":"https:\/\/b2b.calibereurope.com\/de\/"},{"@type":"ListItem","position":2,"name":"Shop","item":"https:\/\/b2b.calibereurope.com\/de\/shop\/"},{"@type":"ListItem","position":3,"name":"Drahtlose Kamera mit 7-Zoll-Monitor &#8211; Schwarz (CAM701)"}]},{"@type":"WebSite","@id":"https:\/\/b2b.calibereurope.com\/#website","url":"https:\/\/b2b.calibereurope.com\/","name":"Caliber Europe B.V.","description":"B2B Webshop","publisher":{"@id":"https:\/\/b2b.calibereurope.com\/#organization"},"potentialAction":[{"@type":"SearchAction","target":{"@type":"EntryPoint","urlTemplate":"https:\/\/b2b.calibereurope.com\/?s={search_term_string}"},"query-input":{"@type":"PropertyValueSpecification","valueRequired":true,"valueName":"search_term_string"}}],"inLanguage":"de"},{"@type":"Organization","@id":"https:\/\/b2b.calibereurope.com\/#organization","name":"Caliber Europe B.V.","url":"https:\/\/b2b.calibereurope.com\/","logo":{"@type":"ImageObject","inLanguage":"de","@id":"https:\/\/b2b.calibereurope.com\/#\/schema\/logo\/image\/","url":"https:\/\/b2b.calibereurope.com\/wp-content\/uploads\/2020\/12\/Caliber_Logo-Black.png","contentUrl":"https:\/\/b2b.calibereurope.com\/wp-content\/uploads\/2020\/12\/Caliber_Logo-Black.png","width":3157,"height":356,"caption":"Caliber Europe B.V."},"image":{"@id":"https:\/\/b2b.calibereurope.com\/#\/schema\/logo\/image\/"}}]}},"_links":{"self":[{"href":"https:\/\/b2b.calibereurope.com\/de\/wp-json\/wp\/v2\/product\/479477","targetHints":{"allow":["GET"]}}],"collection":[{"href":"https:\/\/b2b.calibereurope.com\/de\/wp-json\/wp\/v2\/product"}],"about":[{"href":"https:\/\/b2b.calibereurope.com\/de\/wp-json\/wp\/v2\/types\/product"}],"version-history":[{"count":0,"href":"https:\/\/b2b.calibereurope.com\/de\/wp-json\/wp\/v2\/product\/479477\/revisions"}],"wp:featuredmedia":[{"embeddable":true,"href":"https:\/\/b2b.calibereurope.com\/de\/wp-json\/wp\/v2\/media\/868835"}],"wp:attachment":[{"href":"https:\/\/b2b.calibereurope.com\/de\/wp-json\/wp\/v2\/media?parent=479477"}],"wp:term":[{"taxonomy":"product_brand","embeddable":true,"href":"https:\/\/b2b.calibereurope.com\/de\/wp-json\/wp\/v2\/product_brand?post=479477"},{"taxonomy":"product_cat","embeddable":true,"href":"https:\/\/b2b.calibereurope.com\/de\/wp-json\/wp\/v2\/product_cat?post=479477"},{"taxonomy":"product_tag","embeddable":true,"href":"https:\/\/b2b.calibereurope.com\/de\/wp-json\/wp\/v2\/product_tag?post=479477"}],"curies":[{"name":"wp","href":"https:\/\/api.w.org\/{rel}","templated":true}]}}