{"id":479761,"date":"2025-10-23T02:00:00","date_gmt":"2025-10-23T00:00:00","guid":{"rendered":""},"modified":"2025-10-23T08:22:37","modified_gmt":"2025-10-23T06:22:37","slug":"CAM030-de_DE","status":"publish","type":"product","link":"https:\/\/b2b.calibereurope.com\/de\/produkt\/CAM030-de_DE\/","title":{"rendered":"R\u00fcckfahrkamera &#8211; Weitwinkel &#8211; Nachtsicht &#8211; 3 Geh\u00e4useoptionen &#8211; f\u00fcr Auto und Wohnmobil &#8211; 12V (CAM030)"},"content":{"rendered":"<p>Sorgen Sie daf\u00fcr, dass Sie mit dieser Caliber CAM030 R\u00fcckfahrkamera immer sicher r\u00fcckw\u00e4rtsfahren. Dank des <strong>170-Grad-Weitwinkels<\/strong>, des <strong>Autofokus und des Wei\u00dfabgleichs <\/strong>werden Verkehrsteilnehmer oder Objekte in allen Winkeln erkannt. Die <strong>Nachtsichtfunktion <\/strong>sorgt daf\u00fcr, dass Sie auch im Dunkeln unbesorgt r\u00fcckw\u00e4rtsfahren oder abbiegen k\u00f6nnen, wobei die <strong>Entfernungsmesser eine <\/strong>zus\u00e4tzliche Hilfe darstellen. Die Kamera ist <strong>wasser- und wetterfest <\/strong>und wird mit <strong>3 Befestigungsm\u00f6glichkeiten <\/strong>geliefert, sodass Sie sie nach Belieben installieren k\u00f6nnen.<\/p>\n<p><\/p>\n<p><strong>Merkmale:<\/strong><\/p>\n<ul>\n<li>Weitwinkel (170 Grad)<\/li>\n<li>Nachtsicht, Autofokus und Wei\u00dfabgleich<\/li>\n<li>Richtlinien f\u00fcr die Entfernung<\/li>\n<li>Wasser- und wetterfest (IP68)<\/li>\n<li>Bildpunkte: 976 x 496<\/li>\n<li>12 V Autoanschluss<\/li>\n<li>Enth\u00e4lt 3 Geh\u00e4use-\/Montageoptionen<\/li>\n<\/ul>\n<p><strong>Hinweis: <\/strong>Dies ist nur die Kamera<\/p>\n<h3>\u00dcberall sicher unterwegs<\/h3>\n<p>Finden Sie es aufregend, r\u00fcckw\u00e4rts einzuparken, sind Sie im Urlaub in eine Sackgasse gefahren oder hat sich das Auto eines anderen neben dem Ihren festgefahren? Dann ist es ideal, eine gute R\u00fcckfahrkamera in Ihrem Auto zu haben. Mit dieser kompakten Autokamera entgeht Ihnen nichts mehr und Sie k\u00f6nnen sicher und selbstbewusst r\u00fcckw\u00e4rtsfahren.<\/p>\n<h3>Immer ein gutes Bild<\/h3>\n<p>Die R\u00fcckfahrkamera hat einen Weitwinkel von bis zu 170 Grad. So k\u00f6nnen Sie mit der Kamera schnell erkennen, wenn ein Verkehrsteilnehmer um die Kurve kommt. Dar\u00fcber hinaus verf\u00fcgt die R\u00fcckfahrkamera \u00fcber Nachtsicht, Autofokus und Wei\u00dfabgleich, sodass Sie genau sehen k\u00f6nnen, was hinter dem Auto passiert. Schlie\u00dfen Sie die Kamera an einen Bildschirm an, und Sie profitieren auch von Abstandsvorgaben beim Einparken oder Anfahren.<\/p>\n<h3>Einfach zu installieren<\/h3>\n<p>Die R\u00fcckfahrkamera wird mit drei verschiedenen Geh\u00e4useoptionen geliefert. So k\u00f6nnen Sie die Gr\u00f6\u00dfe der Kamera genau bestimmen und sie dort installieren, wo Sie es w\u00fcnschen. Da die Autokamera wasser- und wetterfest ist, eignet sie sich f\u00fcr die Installation an der Au\u00dfenseite des Fahrzeugs. Sie k\u00f6nnen die R\u00fcckfahrkamera zum Beispiel ganz bequem an Ihrem Nummernschild befestigen.<\/p>\n<p><\/p>\n<p><strong>&nbsp;Mitgeliefert:<\/strong><\/p>\n<ul>\n<li>Caliber CAM030 R\u00fcckfahrkamera<\/li>\n<li>Drei Befestigungsm\u00f6glichkeiten<\/li>\n<\/ul>\n","protected":false},"excerpt":{"rendered":"<p>Sorgen Sie daf\u00fcr, dass Sie mit dieser Caliber CAM030 R\u00fcckfahrkamera immer sicher r\u00fcckw\u00e4rtsfahren. Dank des 170-Grad-Weitwinkels, des Autofokus und des Wei\u00dfabgleichs werden Verkehrsteilnehmer oder Objekte in allen Winkeln erkannt. Die Nachtsichtfunktion sorgt daf\u00fcr, dass Sie auch im Dunkeln unbesorgt r\u00fcckw\u00e4rtsfahren oder abbiegen k\u00f6nnen, wobei die Entfernungsmesser eine zus\u00e4tzliche Hilfe darstellen. Die Kamera ist wasser- und [&hellip;]<\/p>\n","protected":false},"featured_media":810270,"template":"","meta":{"_acf_changed":false,"site-sidebar-layout":"default","site-content-layout":"default","ast-site-content-layout":"default","site-content-style":"default","site-sidebar-style":"default","ast-global-header-display":"","ast-banner-title-visibility":"","ast-main-header-display":"","ast-hfb-above-header-display":"","ast-hfb-below-header-display":"","ast-hfb-mobile-header-display":"","site-post-title":"","ast-breadcrumbs-content":"","ast-featured-img":"","footer-sml-layout":"","theme-transparent-header-meta":"default","adv-header-id-meta":"","stick-header-meta":"default","header-above-stick-meta":"","header-main-stick-meta":"","header-below-stick-meta":"","astra-migrate-meta-layouts":"default","ast-page-background-enabled":"default","ast-page-background-meta":{"desktop":{"background-color":"","background-image":"","background-repeat":"repeat","background-position":"center center","background-size":"auto","background-attachment":"scroll","background-type":"","background-media":"","overlay-type":"","overlay-color":"","overlay-opacity":"","overlay-gradient":""},"tablet":{"background-color":"","background-image":"","background-repeat":"repeat","background-position":"center center","background-size":"auto","background-attachment":"scroll","background-type":"","background-media":"","overlay-type":"","overlay-color":"","overlay-opacity":"","overlay-gradient":""},"mobile":{"background-color":"","background-image":"","background-repeat":"repeat","background-position":"center center","background-size":"auto","background-attachment":"scroll","background-type":"","background-media":"","overlay-type":"","overlay-color":"","overlay-opacity":"","overlay-gradient":""}},"ast-content-background-meta":{"desktop":{"background-color":"var(--ast-global-color-5)","background-image":"","background-repeat":"repeat","background-position":"center center","background-size":"auto","background-attachment":"scroll","background-type":"","background-media":"","overlay-type":"","overlay-color":"","overlay-opacity":"","overlay-gradient":""},"tablet":{"background-color":"var(--ast-global-color-5)","background-image":"","background-repeat":"repeat","background-position":"center center","background-size":"auto","background-attachment":"scroll","background-type":"","background-media":"","overlay-type":"","overlay-color":"","overlay-opacity":"","overlay-gradient":""},"mobile":{"background-color":"var(--ast-global-color-5)","background-image":"","background-repeat":"repeat","background-position":"center center","background-size":"auto","background-attachment":"scroll","background-type":"","background-media":"","overlay-type":"","overlay-color":"","overlay-opacity":"","overlay-gradient":""}}},"product_brand":[],"product_cat":[22956],"product_tag":[],"class_list":{"0":"post-479761","1":"product","2":"type-product","3":"status-publish","4":"has-post-thumbnail","6":"product_cat-keine-kategorie","7":"desktop-align-center","8":"tablet-align-center","9":"mobile-align-center","10":"ast-product-gallery-layout-horizontal","11":"ast-product-tabs-layout-horizontal","13":"first","14":"onbackorder","15":"taxable","16":"shipping-taxable","17":"purchasable","18":"product-type-simple"},"acf":[],"yoast_head":"<!-- This site is optimized with the Yoast SEO plugin v26.5 - https:\/\/yoast.com\/wordpress\/plugins\/seo\/ -->\n<title>R\u00fcckfahrkamera - Weitwinkel - Nachtsicht - 3 Geh\u00e4useoptionen - f\u00fcr Auto und Wohnmobil - 12V (CAM030) - Caliber Europe B.V.<\/title>\n<meta name=\"robots\" content=\"noindex, follow, max-snippet:-1, max-image-preview:large, max-video-preview:-1\" \/>\n<meta property=\"og:locale\" content=\"de_DE\" \/>\n<meta property=\"og:type\" content=\"article\" \/>\n<meta property=\"og:title\" content=\"R\u00fcckfahrkamera - Weitwinkel - Nachtsicht - 3 Geh\u00e4useoptionen - f\u00fcr Auto und Wohnmobil - 12V (CAM030) - Caliber Europe B.V.\" \/>\n<meta property=\"og:description\" content=\"Sorgen Sie daf\u00fcr, dass Sie mit dieser Caliber CAM030 R\u00fcckfahrkamera immer sicher r\u00fcckw\u00e4rtsfahren. Dank des 170-Grad-Weitwinkels, des Autofokus und des Wei\u00dfabgleichs werden Verkehrsteilnehmer oder Objekte in allen Winkeln erkannt. Die Nachtsichtfunktion sorgt daf\u00fcr, dass Sie auch im Dunkeln unbesorgt r\u00fcckw\u00e4rtsfahren oder abbiegen k\u00f6nnen, wobei die Entfernungsmesser eine zus\u00e4tzliche Hilfe darstellen. Die Kamera ist wasser- und [&hellip;]\" \/>\n<meta property=\"og:url\" content=\"https:\/\/b2b.calibereurope.com\/de\/produkt\/cam030-de_de\/\" \/>\n<meta property=\"og:site_name\" content=\"Caliber Europe B.V.\" \/>\n<meta property=\"article:modified_time\" content=\"2025-10-23T06:22:37+00:00\" \/>\n<meta property=\"og:image\" content=\"http:\/\/b2b.calibereurope.com\/wp-content\/uploads\/2021\/09\/748c02caab6c5b8e5bb60e9ad47967893a1a9439_CAM030_hang03.jpg\" \/>\n\t<meta property=\"og:image:width\" content=\"1024\" \/>\n\t<meta property=\"og:image:height\" content=\"768\" \/>\n\t<meta property=\"og:image:type\" content=\"image\/jpeg\" \/>\n<meta name=\"twitter:card\" content=\"summary_large_image\" \/>\n<meta name=\"twitter:label1\" content=\"Gesch\u00e4tzte Lesezeit\" \/>\n\t<meta name=\"twitter:data1\" content=\"2\u00a0Minuten\" \/>\n<script type=\"application\/ld+json\" class=\"yoast-schema-graph\">{\"@context\":\"https:\/\/schema.org\",\"@graph\":[{\"@type\":\"WebPage\",\"@id\":\"https:\/\/b2b.calibereurope.com\/de\/produkt\/cam030-de_de\/\",\"url\":\"https:\/\/b2b.calibereurope.com\/de\/produkt\/cam030-de_de\/\",\"name\":\"R\u00fcckfahrkamera - Weitwinkel - Nachtsicht - 3 Geh\u00e4useoptionen - f\u00fcr Auto und Wohnmobil - 12V (CAM030) - Caliber Europe B.V.\",\"isPartOf\":{\"@id\":\"https:\/\/b2b.calibereurope.com\/#website\"},\"primaryImageOfPage\":{\"@id\":\"https:\/\/b2b.calibereurope.com\/de\/produkt\/cam030-de_de\/#primaryimage\"},\"image\":{\"@id\":\"https:\/\/b2b.calibereurope.com\/de\/produkt\/cam030-de_de\/#primaryimage\"},\"thumbnailUrl\":\"https:\/\/b2b.calibereurope.com\/wp-content\/uploads\/2023\/02\/748c02caab6c5b8e5bb60e9ad47967893a1a9439_CAM030_hang03.jpg\",\"datePublished\":\"2025-10-23T00:00:00+00:00\",\"dateModified\":\"2025-10-23T06:22:37+00:00\",\"breadcrumb\":{\"@id\":\"https:\/\/b2b.calibereurope.com\/de\/produkt\/cam030-de_de\/#breadcrumb\"},\"inLanguage\":\"de\",\"potentialAction\":[{\"@type\":\"ReadAction\",\"target\":[\"https:\/\/b2b.calibereurope.com\/de\/produkt\/cam030-de_de\/\"]}]},{\"@type\":\"ImageObject\",\"inLanguage\":\"de\",\"@id\":\"https:\/\/b2b.calibereurope.com\/de\/produkt\/cam030-de_de\/#primaryimage\",\"url\":\"https:\/\/b2b.calibereurope.com\/wp-content\/uploads\/2023\/02\/748c02caab6c5b8e5bb60e9ad47967893a1a9439_CAM030_hang03.jpg\",\"contentUrl\":\"https:\/\/b2b.calibereurope.com\/wp-content\/uploads\/2023\/02\/748c02caab6c5b8e5bb60e9ad47967893a1a9439_CAM030_hang03.jpg\",\"width\":1024,\"height\":768},{\"@type\":\"BreadcrumbList\",\"@id\":\"https:\/\/b2b.calibereurope.com\/de\/produkt\/cam030-de_de\/#breadcrumb\",\"itemListElement\":[{\"@type\":\"ListItem\",\"position\":1,\"name\":\"Home\",\"item\":\"https:\/\/b2b.calibereurope.com\/de\/\"},{\"@type\":\"ListItem\",\"position\":2,\"name\":\"Shop\",\"item\":\"https:\/\/b2b.calibereurope.com\/de\/shop\/\"},{\"@type\":\"ListItem\",\"position\":3,\"name\":\"R\u00fcckfahrkamera mit Nachtsicht &#8211; Schwarz (CAM030)\"}]},{\"@type\":\"WebSite\",\"@id\":\"https:\/\/b2b.calibereurope.com\/#website\",\"url\":\"https:\/\/b2b.calibereurope.com\/\",\"name\":\"Caliber Europe B.V.\",\"description\":\"B2B Webshop\",\"publisher\":{\"@id\":\"https:\/\/b2b.calibereurope.com\/#organization\"},\"potentialAction\":[{\"@type\":\"SearchAction\",\"target\":{\"@type\":\"EntryPoint\",\"urlTemplate\":\"https:\/\/b2b.calibereurope.com\/?s={search_term_string}\"},\"query-input\":{\"@type\":\"PropertyValueSpecification\",\"valueRequired\":true,\"valueName\":\"search_term_string\"}}],\"inLanguage\":\"de\"},{\"@type\":\"Organization\",\"@id\":\"https:\/\/b2b.calibereurope.com\/#organization\",\"name\":\"Caliber Europe B.V.\",\"url\":\"https:\/\/b2b.calibereurope.com\/\",\"logo\":{\"@type\":\"ImageObject\",\"inLanguage\":\"de\",\"@id\":\"https:\/\/b2b.calibereurope.com\/#\/schema\/logo\/image\/\",\"url\":\"https:\/\/b2b.calibereurope.com\/wp-content\/uploads\/2020\/12\/Caliber_Logo-Black.png\",\"contentUrl\":\"https:\/\/b2b.calibereurope.com\/wp-content\/uploads\/2020\/12\/Caliber_Logo-Black.png\",\"width\":3157,\"height\":356,\"caption\":\"Caliber Europe B.V.\"},\"image\":{\"@id\":\"https:\/\/b2b.calibereurope.com\/#\/schema\/logo\/image\/\"}}]}<\/script>\n<!-- \/ Yoast SEO plugin. -->","yoast_head_json":{"title":"R\u00fcckfahrkamera - Weitwinkel - Nachtsicht - 3 Geh\u00e4useoptionen - f\u00fcr Auto und Wohnmobil - 12V (CAM030) - Caliber Europe B.V.","robots":{"index":"noindex","follow":"follow","max-snippet":"max-snippet:-1","max-image-preview":"max-image-preview:large","max-video-preview":"max-video-preview:-1"},"og_locale":"de_DE","og_type":"article","og_title":"R\u00fcckfahrkamera - Weitwinkel - Nachtsicht - 3 Geh\u00e4useoptionen - f\u00fcr Auto und Wohnmobil - 12V (CAM030) - Caliber Europe B.V.","og_description":"Sorgen Sie daf\u00fcr, dass Sie mit dieser Caliber CAM030 R\u00fcckfahrkamera immer sicher r\u00fcckw\u00e4rtsfahren. Dank des 170-Grad-Weitwinkels, des Autofokus und des Wei\u00dfabgleichs werden Verkehrsteilnehmer oder Objekte in allen Winkeln erkannt. Die Nachtsichtfunktion sorgt daf\u00fcr, dass Sie auch im Dunkeln unbesorgt r\u00fcckw\u00e4rtsfahren oder abbiegen k\u00f6nnen, wobei die Entfernungsmesser eine zus\u00e4tzliche Hilfe darstellen. Die Kamera ist wasser- und [&hellip;]","og_url":"https:\/\/b2b.calibereurope.com\/de\/produkt\/cam030-de_de\/","og_site_name":"Caliber Europe B.V.","article_modified_time":"2025-10-23T06:22:37+00:00","og_image":[{"width":1024,"height":768,"url":"http:\/\/b2b.calibereurope.com\/wp-content\/uploads\/2021\/09\/748c02caab6c5b8e5bb60e9ad47967893a1a9439_CAM030_hang03.jpg","type":"image\/jpeg"}],"twitter_card":"summary_large_image","twitter_misc":{"Gesch\u00e4tzte Lesezeit":"2\u00a0Minuten"},"schema":{"@context":"https:\/\/schema.org","@graph":[{"@type":"WebPage","@id":"https:\/\/b2b.calibereurope.com\/de\/produkt\/cam030-de_de\/","url":"https:\/\/b2b.calibereurope.com\/de\/produkt\/cam030-de_de\/","name":"R\u00fcckfahrkamera - Weitwinkel - Nachtsicht - 3 Geh\u00e4useoptionen - f\u00fcr Auto und Wohnmobil - 12V (CAM030) - Caliber Europe B.V.","isPartOf":{"@id":"https:\/\/b2b.calibereurope.com\/#website"},"primaryImageOfPage":{"@id":"https:\/\/b2b.calibereurope.com\/de\/produkt\/cam030-de_de\/#primaryimage"},"image":{"@id":"https:\/\/b2b.calibereurope.com\/de\/produkt\/cam030-de_de\/#primaryimage"},"thumbnailUrl":"https:\/\/b2b.calibereurope.com\/wp-content\/uploads\/2023\/02\/748c02caab6c5b8e5bb60e9ad47967893a1a9439_CAM030_hang03.jpg","datePublished":"2025-10-23T00:00:00+00:00","dateModified":"2025-10-23T06:22:37+00:00","breadcrumb":{"@id":"https:\/\/b2b.calibereurope.com\/de\/produkt\/cam030-de_de\/#breadcrumb"},"inLanguage":"de","potentialAction":[{"@type":"ReadAction","target":["https:\/\/b2b.calibereurope.com\/de\/produkt\/cam030-de_de\/"]}]},{"@type":"ImageObject","inLanguage":"de","@id":"https:\/\/b2b.calibereurope.com\/de\/produkt\/cam030-de_de\/#primaryimage","url":"https:\/\/b2b.calibereurope.com\/wp-content\/uploads\/2023\/02\/748c02caab6c5b8e5bb60e9ad47967893a1a9439_CAM030_hang03.jpg","contentUrl":"https:\/\/b2b.calibereurope.com\/wp-content\/uploads\/2023\/02\/748c02caab6c5b8e5bb60e9ad47967893a1a9439_CAM030_hang03.jpg","width":1024,"height":768},{"@type":"BreadcrumbList","@id":"https:\/\/b2b.calibereurope.com\/de\/produkt\/cam030-de_de\/#breadcrumb","itemListElement":[{"@type":"ListItem","position":1,"name":"Home","item":"https:\/\/b2b.calibereurope.com\/de\/"},{"@type":"ListItem","position":2,"name":"Shop","item":"https:\/\/b2b.calibereurope.com\/de\/shop\/"},{"@type":"ListItem","position":3,"name":"R\u00fcckfahrkamera mit Nachtsicht &#8211; Schwarz (CAM030)"}]},{"@type":"WebSite","@id":"https:\/\/b2b.calibereurope.com\/#website","url":"https:\/\/b2b.calibereurope.com\/","name":"Caliber Europe B.V.","description":"B2B Webshop","publisher":{"@id":"https:\/\/b2b.calibereurope.com\/#organization"},"potentialAction":[{"@type":"SearchAction","target":{"@type":"EntryPoint","urlTemplate":"https:\/\/b2b.calibereurope.com\/?s={search_term_string}"},"query-input":{"@type":"PropertyValueSpecification","valueRequired":true,"valueName":"search_term_string"}}],"inLanguage":"de"},{"@type":"Organization","@id":"https:\/\/b2b.calibereurope.com\/#organization","name":"Caliber Europe B.V.","url":"https:\/\/b2b.calibereurope.com\/","logo":{"@type":"ImageObject","inLanguage":"de","@id":"https:\/\/b2b.calibereurope.com\/#\/schema\/logo\/image\/","url":"https:\/\/b2b.calibereurope.com\/wp-content\/uploads\/2020\/12\/Caliber_Logo-Black.png","contentUrl":"https:\/\/b2b.calibereurope.com\/wp-content\/uploads\/2020\/12\/Caliber_Logo-Black.png","width":3157,"height":356,"caption":"Caliber Europe B.V."},"image":{"@id":"https:\/\/b2b.calibereurope.com\/#\/schema\/logo\/image\/"}}]}},"_links":{"self":[{"href":"https:\/\/b2b.calibereurope.com\/de\/wp-json\/wp\/v2\/product\/479761","targetHints":{"allow":["GET"]}}],"collection":[{"href":"https:\/\/b2b.calibereurope.com\/de\/wp-json\/wp\/v2\/product"}],"about":[{"href":"https:\/\/b2b.calibereurope.com\/de\/wp-json\/wp\/v2\/types\/product"}],"version-history":[{"count":0,"href":"https:\/\/b2b.calibereurope.com\/de\/wp-json\/wp\/v2\/product\/479761\/revisions"}],"wp:featuredmedia":[{"embeddable":true,"href":"https:\/\/b2b.calibereurope.com\/de\/wp-json\/wp\/v2\/media\/810270"}],"wp:attachment":[{"href":"https:\/\/b2b.calibereurope.com\/de\/wp-json\/wp\/v2\/media?parent=479761"}],"wp:term":[{"taxonomy":"product_brand","embeddable":true,"href":"https:\/\/b2b.calibereurope.com\/de\/wp-json\/wp\/v2\/product_brand?post=479761"},{"taxonomy":"product_cat","embeddable":true,"href":"https:\/\/b2b.calibereurope.com\/de\/wp-json\/wp\/v2\/product_cat?post=479761"},{"taxonomy":"product_tag","embeddable":true,"href":"https:\/\/b2b.calibereurope.com\/de\/wp-json\/wp\/v2\/product_tag?post=479761"}],"curies":[{"name":"wp","href":"https:\/\/api.w.org\/{rel}","templated":true}]}}