{"id":480185,"date":"2026-04-07T02:00:00","date_gmt":"2026-04-07T00:00:00","guid":{"rendered":"0"},"modified":"2026-04-07T07:25:59","modified_gmt":"2026-04-07T05:25:59","slug":"BC112SA-de_DE","status":"publish","type":"product","link":"https:\/\/b2b.calibereurope.com\/de\/produkt\/BC112SA-de_DE\/","title":{"rendered":"Subwoofer mit eingebautem Verst\u00e4rker 600 Watt &#8211; 12-Zoll-Tieft\u00f6ner &#8211; 25 bis 3500 Hz Frequenzweiche &#8211; RCA (BC112SA)"},"content":{"rendered":"<p>Bringen Sie die Musik in Ihrem Auto auf die n\u00e4chste Stufe mit diesem Caliber BC112SA Subwoofer. Sie stellen den Subwoofer einfach in den <strong>Kofferraum Ihres Autos<\/strong>, um die B\u00e4sse der Musik mit besonderer Intensit\u00e4t zu erleben. Mit dem <strong>integrierten Vorverst\u00e4rker <\/strong>k\u00f6nnen Sie den <strong>Bass ganz nach Ihrem Geschmack einstellen. <\/strong>Auf diese Weise k\u00f6nnen Sie alle Ihre Lieblingstitel auch unterwegs optimal genie\u00dfen. Der Auto-Subwoofer hat eine <strong>normale Leistung von 200 Watt<\/strong>, die in <strong>der Spitze bis zu 600 Watt betragen kann<\/strong>. Die <strong>Crossover-Taste <\/strong>sorgt daf\u00fcr, dass der Subwoofer problemlos zusammen mit Ihren Autolautsprechern funktioniert.<\/p>\n<p><\/p>\n<p><strong>Merkmale:<\/strong><\/p>\n<ul>\n<li>12&#8243; Subwoofer<\/li>\n<li>200 Watt RMS, 600 Watt Spitzenleistung<\/li>\n<li>Integrierter Verst\u00e4rker<\/li>\n<li>Plug-and-Play<\/li>\n<li>RCA-Eingang<\/li>\n<li>Stromanschluss mit Schnellverschluss<\/li>\n<li>Inklusive Sicherung<\/li>\n<li>Frequenzbereich: 25 bis 3500 Hz<\/li>\n<li>Schaltfl\u00e4che Crossover<\/li>\n<\/ul>\n<h3>Optimales Klangerlebnis<\/h3>\n<p>Mit diesem Subwoofer-Lautsprecherset erleben Sie Musik auf eine neue Art. Sein gro\u00dfer Frequenzbereich von 25 bis 3500 Hz sorgt f\u00fcr einen definierten Klang. Der Bass kommt besser zur Geltung, sodass Sie selbst in Ihren abgeflachten Lieblingstiteln Neues entdecken k\u00f6nnen. Genie\u00dfen Sie Ihre Musik auch unterwegs!<\/p>\n<h3>Der beste Bass<\/h3>\n<p>H\u00f6ren Sie lieber Hip-Hop, House oder Hardstyle? Dieser Auto-Subwoofer mit Verst\u00e4rker liefert Ihnen extra tiefe B\u00e4sse, sodass Sie ganz in die Musik eintauchen k\u00f6nnen. Sie k\u00f6nnen den integrierten Verst\u00e4rker nach Ihren W\u00fcnschen einstellen. So k\u00f6nnen Sie die besten Beats genie\u00dfen.<\/p>\n<h3>Einfach zu installieren<\/h3>\n<p>Dieser Subwoofer ist f\u00fcr die Verwendung im Auto geeignet. Stellen Sie den Lautsprecher zum Beispiel in den Kofferraum. Schlie\u00dfen Sie die Kabel an, und schon k\u00f6nnen Sie Musik in einer neuen Dimension spielen. Dank der Crossover-Taste wird der Tieft\u00f6ner richtig auf die anderen Lautsprecher im Auto abgestimmt. So erhalten Sie einen gut abgemischten Klang mit feinem Bass. Sie brauchen mehr Platz im Kofferraum? Dann nehmen Sie den Subwoofer einfach ab, um ihn aus dem Auto zu entfernen und zus\u00e4tzlichen Platz zu schaffen.<\/p>\n","protected":false},"excerpt":{"rendered":"<p>Bringen Sie die Musik in Ihrem Auto auf die n\u00e4chste Stufe mit diesem Caliber BC112SA Subwoofer. Sie stellen den Subwoofer einfach in den Kofferraum Ihres Autos, um die B\u00e4sse der Musik mit besonderer Intensit\u00e4t zu erleben. Mit dem integrierten Vorverst\u00e4rker k\u00f6nnen Sie den Bass ganz nach Ihrem Geschmack einstellen. Auf diese Weise k\u00f6nnen Sie alle [&hellip;]<\/p>\n","protected":false},"featured_media":872893,"template":"","meta":{"_acf_changed":false,"site-sidebar-layout":"default","site-content-layout":"default","ast-site-content-layout":"default","site-content-style":"default","site-sidebar-style":"default","ast-global-header-display":"","ast-banner-title-visibility":"","ast-main-header-display":"","ast-hfb-above-header-display":"","ast-hfb-below-header-display":"","ast-hfb-mobile-header-display":"","site-post-title":"","ast-breadcrumbs-content":"","ast-featured-img":"","footer-sml-layout":"","theme-transparent-header-meta":"default","adv-header-id-meta":"","stick-header-meta":"default","header-above-stick-meta":"","header-main-stick-meta":"","header-below-stick-meta":"","astra-migrate-meta-layouts":"default","ast-page-background-enabled":"default","ast-page-background-meta":{"desktop":{"background-color":"","background-image":"","background-repeat":"repeat","background-position":"center center","background-size":"auto","background-attachment":"scroll","background-type":"","background-media":"","overlay-type":"","overlay-color":"","overlay-opacity":"","overlay-gradient":""},"tablet":{"background-color":"","background-image":"","background-repeat":"repeat","background-position":"center center","background-size":"auto","background-attachment":"scroll","background-type":"","background-media":"","overlay-type":"","overlay-color":"","overlay-opacity":"","overlay-gradient":""},"mobile":{"background-color":"","background-image":"","background-repeat":"repeat","background-position":"center center","background-size":"auto","background-attachment":"scroll","background-type":"","background-media":"","overlay-type":"","overlay-color":"","overlay-opacity":"","overlay-gradient":""}},"ast-content-background-meta":{"desktop":{"background-color":"var(--ast-global-color-5)","background-image":"","background-repeat":"repeat","background-position":"center center","background-size":"auto","background-attachment":"scroll","background-type":"","background-media":"","overlay-type":"","overlay-color":"","overlay-opacity":"","overlay-gradient":""},"tablet":{"background-color":"var(--ast-global-color-5)","background-image":"","background-repeat":"repeat","background-position":"center center","background-size":"auto","background-attachment":"scroll","background-type":"","background-media":"","overlay-type":"","overlay-color":"","overlay-opacity":"","overlay-gradient":""},"mobile":{"background-color":"var(--ast-global-color-5)","background-image":"","background-repeat":"repeat","background-position":"center center","background-size":"auto","background-attachment":"scroll","background-type":"","background-media":"","overlay-type":"","overlay-color":"","overlay-opacity":"","overlay-gradient":""}}},"product_brand":[],"product_cat":[12139,12179],"product_tag":[],"class_list":{"0":"post-480185","1":"product","2":"type-product","3":"status-publish","4":"has-post-thumbnail","6":"product_cat-auto_de_de","7":"product_cat-subwoofers_de_de","8":"desktop-align-center","9":"tablet-align-center","10":"mobile-align-center","11":"ast-product-gallery-layout-horizontal","12":"ast-product-tabs-layout-horizontal","14":"first","15":"instock","16":"taxable","17":"shipping-taxable","18":"purchasable","19":"product-type-simple"},"acf":[],"yoast_head":"<!-- This site is optimized with the Yoast SEO plugin v26.5 - https:\/\/yoast.com\/wordpress\/plugins\/seo\/ -->\n<title>Subwoofer mit eingebautem Verst\u00e4rker 600 Watt - 12-Zoll-Tieft\u00f6ner - 25 bis 3500 Hz Frequenzweiche - RCA (BC112SA) - Caliber Europe B.V.<\/title>\n<meta name=\"robots\" content=\"noindex, follow, max-snippet:-1, max-image-preview:large, max-video-preview:-1\" \/>\n<meta property=\"og:locale\" content=\"de_DE\" \/>\n<meta property=\"og:type\" content=\"article\" \/>\n<meta property=\"og:title\" content=\"Subwoofer mit eingebautem Verst\u00e4rker 600 Watt - 12-Zoll-Tieft\u00f6ner - 25 bis 3500 Hz Frequenzweiche - RCA (BC112SA) - Caliber Europe B.V.\" \/>\n<meta property=\"og:description\" content=\"Bringen Sie die Musik in Ihrem Auto auf die n\u00e4chste Stufe mit diesem Caliber BC112SA Subwoofer. Sie stellen den Subwoofer einfach in den Kofferraum Ihres Autos, um die B\u00e4sse der Musik mit besonderer Intensit\u00e4t zu erleben. Mit dem integrierten Vorverst\u00e4rker k\u00f6nnen Sie den Bass ganz nach Ihrem Geschmack einstellen. Auf diese Weise k\u00f6nnen Sie alle [&hellip;]\" \/>\n<meta property=\"og:url\" content=\"https:\/\/b2b.calibereurope.com\/de\/produkt\/bc112sa-de_de\/\" \/>\n<meta property=\"og:site_name\" content=\"Caliber Europe B.V.\" \/>\n<meta property=\"article:modified_time\" content=\"2026-04-07T05:25:59+00:00\" \/>\n<meta property=\"og:image\" content=\"https:\/\/b2b.calibereurope.com\/wp-content\/uploads\/2021\/09\/199d0629f22e02e6ab9f8c2a5687bd64afb8002a_BC112SA_Prime.jpg\" \/>\n\t<meta property=\"og:image:width\" content=\"1024\" \/>\n\t<meta property=\"og:image:height\" content=\"768\" \/>\n\t<meta property=\"og:image:type\" content=\"image\/jpeg\" \/>\n<meta name=\"twitter:card\" content=\"summary_large_image\" \/>\n<meta name=\"twitter:label1\" content=\"Gesch\u00e4tzte Lesezeit\" \/>\n\t<meta name=\"twitter:data1\" content=\"2\u00a0Minuten\" \/>\n<script type=\"application\/ld+json\" class=\"yoast-schema-graph\">{\"@context\":\"https:\/\/schema.org\",\"@graph\":[{\"@type\":\"WebPage\",\"@id\":\"https:\/\/b2b.calibereurope.com\/de\/produkt\/bc112sa-de_de\/\",\"url\":\"https:\/\/b2b.calibereurope.com\/de\/produkt\/bc112sa-de_de\/\",\"name\":\"Subwoofer mit eingebautem Verst\u00e4rker 600 Watt - 12-Zoll-Tieft\u00f6ner - 25 bis 3500 Hz Frequenzweiche - RCA (BC112SA) - Caliber Europe B.V.\",\"isPartOf\":{\"@id\":\"https:\/\/b2b.calibereurope.com\/#website\"},\"primaryImageOfPage\":{\"@id\":\"https:\/\/b2b.calibereurope.com\/de\/produkt\/bc112sa-de_de\/#primaryimage\"},\"image\":{\"@id\":\"https:\/\/b2b.calibereurope.com\/de\/produkt\/bc112sa-de_de\/#primaryimage\"},\"thumbnailUrl\":\"https:\/\/b2b.calibereurope.com\/wp-content\/uploads\/2026\/04\/199d0629f22e02e6ab9f8c2a5687bd64afb8002a_BC112SA_Prime.jpg\",\"datePublished\":\"2026-04-07T00:00:00+00:00\",\"dateModified\":\"2026-04-07T05:25:59+00:00\",\"breadcrumb\":{\"@id\":\"https:\/\/b2b.calibereurope.com\/de\/produkt\/bc112sa-de_de\/#breadcrumb\"},\"inLanguage\":\"de\",\"potentialAction\":[{\"@type\":\"ReadAction\",\"target\":[\"https:\/\/b2b.calibereurope.com\/de\/produkt\/bc112sa-de_de\/\"]}]},{\"@type\":\"ImageObject\",\"inLanguage\":\"de\",\"@id\":\"https:\/\/b2b.calibereurope.com\/de\/produkt\/bc112sa-de_de\/#primaryimage\",\"url\":\"https:\/\/b2b.calibereurope.com\/wp-content\/uploads\/2026\/04\/199d0629f22e02e6ab9f8c2a5687bd64afb8002a_BC112SA_Prime.jpg\",\"contentUrl\":\"https:\/\/b2b.calibereurope.com\/wp-content\/uploads\/2026\/04\/199d0629f22e02e6ab9f8c2a5687bd64afb8002a_BC112SA_Prime.jpg\",\"width\":1024,\"height\":768},{\"@type\":\"BreadcrumbList\",\"@id\":\"https:\/\/b2b.calibereurope.com\/de\/produkt\/bc112sa-de_de\/#breadcrumb\",\"itemListElement\":[{\"@type\":\"ListItem\",\"position\":1,\"name\":\"Home\",\"item\":\"https:\/\/b2b.calibereurope.com\/de\/\"},{\"@type\":\"ListItem\",\"position\":2,\"name\":\"Shop\",\"item\":\"https:\/\/b2b.calibereurope.com\/de\/shop\/\"},{\"@type\":\"ListItem\",\"position\":3,\"name\":\"Subwoofer-Satz &#8211; 12 Zoll Schwarz (BC112SA)\"}]},{\"@type\":\"WebSite\",\"@id\":\"https:\/\/b2b.calibereurope.com\/#website\",\"url\":\"https:\/\/b2b.calibereurope.com\/\",\"name\":\"Caliber Europe B.V.\",\"description\":\"B2B Webshop\",\"publisher\":{\"@id\":\"https:\/\/b2b.calibereurope.com\/#organization\"},\"potentialAction\":[{\"@type\":\"SearchAction\",\"target\":{\"@type\":\"EntryPoint\",\"urlTemplate\":\"https:\/\/b2b.calibereurope.com\/?s={search_term_string}\"},\"query-input\":{\"@type\":\"PropertyValueSpecification\",\"valueRequired\":true,\"valueName\":\"search_term_string\"}}],\"inLanguage\":\"de\"},{\"@type\":\"Organization\",\"@id\":\"https:\/\/b2b.calibereurope.com\/#organization\",\"name\":\"Caliber Europe B.V.\",\"url\":\"https:\/\/b2b.calibereurope.com\/\",\"logo\":{\"@type\":\"ImageObject\",\"inLanguage\":\"de\",\"@id\":\"https:\/\/b2b.calibereurope.com\/#\/schema\/logo\/image\/\",\"url\":\"https:\/\/b2b.calibereurope.com\/wp-content\/uploads\/2020\/12\/Caliber_Logo-Black.png\",\"contentUrl\":\"https:\/\/b2b.calibereurope.com\/wp-content\/uploads\/2020\/12\/Caliber_Logo-Black.png\",\"width\":3157,\"height\":356,\"caption\":\"Caliber Europe B.V.\"},\"image\":{\"@id\":\"https:\/\/b2b.calibereurope.com\/#\/schema\/logo\/image\/\"}}]}<\/script>\n<!-- \/ Yoast SEO plugin. -->","yoast_head_json":{"title":"Subwoofer mit eingebautem Verst\u00e4rker 600 Watt - 12-Zoll-Tieft\u00f6ner - 25 bis 3500 Hz Frequenzweiche - RCA (BC112SA) - Caliber Europe B.V.","robots":{"index":"noindex","follow":"follow","max-snippet":"max-snippet:-1","max-image-preview":"max-image-preview:large","max-video-preview":"max-video-preview:-1"},"og_locale":"de_DE","og_type":"article","og_title":"Subwoofer mit eingebautem Verst\u00e4rker 600 Watt - 12-Zoll-Tieft\u00f6ner - 25 bis 3500 Hz Frequenzweiche - RCA (BC112SA) - Caliber Europe B.V.","og_description":"Bringen Sie die Musik in Ihrem Auto auf die n\u00e4chste Stufe mit diesem Caliber BC112SA Subwoofer. Sie stellen den Subwoofer einfach in den Kofferraum Ihres Autos, um die B\u00e4sse der Musik mit besonderer Intensit\u00e4t zu erleben. Mit dem integrierten Vorverst\u00e4rker k\u00f6nnen Sie den Bass ganz nach Ihrem Geschmack einstellen. Auf diese Weise k\u00f6nnen Sie alle [&hellip;]","og_url":"https:\/\/b2b.calibereurope.com\/de\/produkt\/bc112sa-de_de\/","og_site_name":"Caliber Europe B.V.","article_modified_time":"2026-04-07T05:25:59+00:00","og_image":[{"width":1024,"height":768,"url":"https:\/\/b2b.calibereurope.com\/wp-content\/uploads\/2021\/09\/199d0629f22e02e6ab9f8c2a5687bd64afb8002a_BC112SA_Prime.jpg","type":"image\/jpeg"}],"twitter_card":"summary_large_image","twitter_misc":{"Gesch\u00e4tzte Lesezeit":"2\u00a0Minuten"},"schema":{"@context":"https:\/\/schema.org","@graph":[{"@type":"WebPage","@id":"https:\/\/b2b.calibereurope.com\/de\/produkt\/bc112sa-de_de\/","url":"https:\/\/b2b.calibereurope.com\/de\/produkt\/bc112sa-de_de\/","name":"Subwoofer mit eingebautem Verst\u00e4rker 600 Watt - 12-Zoll-Tieft\u00f6ner - 25 bis 3500 Hz Frequenzweiche - RCA (BC112SA) - Caliber Europe B.V.","isPartOf":{"@id":"https:\/\/b2b.calibereurope.com\/#website"},"primaryImageOfPage":{"@id":"https:\/\/b2b.calibereurope.com\/de\/produkt\/bc112sa-de_de\/#primaryimage"},"image":{"@id":"https:\/\/b2b.calibereurope.com\/de\/produkt\/bc112sa-de_de\/#primaryimage"},"thumbnailUrl":"https:\/\/b2b.calibereurope.com\/wp-content\/uploads\/2026\/04\/199d0629f22e02e6ab9f8c2a5687bd64afb8002a_BC112SA_Prime.jpg","datePublished":"2026-04-07T00:00:00+00:00","dateModified":"2026-04-07T05:25:59+00:00","breadcrumb":{"@id":"https:\/\/b2b.calibereurope.com\/de\/produkt\/bc112sa-de_de\/#breadcrumb"},"inLanguage":"de","potentialAction":[{"@type":"ReadAction","target":["https:\/\/b2b.calibereurope.com\/de\/produkt\/bc112sa-de_de\/"]}]},{"@type":"ImageObject","inLanguage":"de","@id":"https:\/\/b2b.calibereurope.com\/de\/produkt\/bc112sa-de_de\/#primaryimage","url":"https:\/\/b2b.calibereurope.com\/wp-content\/uploads\/2026\/04\/199d0629f22e02e6ab9f8c2a5687bd64afb8002a_BC112SA_Prime.jpg","contentUrl":"https:\/\/b2b.calibereurope.com\/wp-content\/uploads\/2026\/04\/199d0629f22e02e6ab9f8c2a5687bd64afb8002a_BC112SA_Prime.jpg","width":1024,"height":768},{"@type":"BreadcrumbList","@id":"https:\/\/b2b.calibereurope.com\/de\/produkt\/bc112sa-de_de\/#breadcrumb","itemListElement":[{"@type":"ListItem","position":1,"name":"Home","item":"https:\/\/b2b.calibereurope.com\/de\/"},{"@type":"ListItem","position":2,"name":"Shop","item":"https:\/\/b2b.calibereurope.com\/de\/shop\/"},{"@type":"ListItem","position":3,"name":"Subwoofer-Satz &#8211; 12 Zoll Schwarz (BC112SA)"}]},{"@type":"WebSite","@id":"https:\/\/b2b.calibereurope.com\/#website","url":"https:\/\/b2b.calibereurope.com\/","name":"Caliber Europe B.V.","description":"B2B Webshop","publisher":{"@id":"https:\/\/b2b.calibereurope.com\/#organization"},"potentialAction":[{"@type":"SearchAction","target":{"@type":"EntryPoint","urlTemplate":"https:\/\/b2b.calibereurope.com\/?s={search_term_string}"},"query-input":{"@type":"PropertyValueSpecification","valueRequired":true,"valueName":"search_term_string"}}],"inLanguage":"de"},{"@type":"Organization","@id":"https:\/\/b2b.calibereurope.com\/#organization","name":"Caliber Europe B.V.","url":"https:\/\/b2b.calibereurope.com\/","logo":{"@type":"ImageObject","inLanguage":"de","@id":"https:\/\/b2b.calibereurope.com\/#\/schema\/logo\/image\/","url":"https:\/\/b2b.calibereurope.com\/wp-content\/uploads\/2020\/12\/Caliber_Logo-Black.png","contentUrl":"https:\/\/b2b.calibereurope.com\/wp-content\/uploads\/2020\/12\/Caliber_Logo-Black.png","width":3157,"height":356,"caption":"Caliber Europe B.V."},"image":{"@id":"https:\/\/b2b.calibereurope.com\/#\/schema\/logo\/image\/"}}]}},"_links":{"self":[{"href":"https:\/\/b2b.calibereurope.com\/de\/wp-json\/wp\/v2\/product\/480185","targetHints":{"allow":["GET"]}}],"collection":[{"href":"https:\/\/b2b.calibereurope.com\/de\/wp-json\/wp\/v2\/product"}],"about":[{"href":"https:\/\/b2b.calibereurope.com\/de\/wp-json\/wp\/v2\/types\/product"}],"version-history":[{"count":0,"href":"https:\/\/b2b.calibereurope.com\/de\/wp-json\/wp\/v2\/product\/480185\/revisions"}],"wp:featuredmedia":[{"embeddable":true,"href":"https:\/\/b2b.calibereurope.com\/de\/wp-json\/wp\/v2\/media\/872893"}],"wp:attachment":[{"href":"https:\/\/b2b.calibereurope.com\/de\/wp-json\/wp\/v2\/media?parent=480185"}],"wp:term":[{"taxonomy":"product_brand","embeddable":true,"href":"https:\/\/b2b.calibereurope.com\/de\/wp-json\/wp\/v2\/product_brand?post=480185"},{"taxonomy":"product_cat","embeddable":true,"href":"https:\/\/b2b.calibereurope.com\/de\/wp-json\/wp\/v2\/product_cat?post=480185"},{"taxonomy":"product_tag","embeddable":true,"href":"https:\/\/b2b.calibereurope.com\/de\/wp-json\/wp\/v2\/product_tag?post=480185"}],"curies":[{"name":"wp","href":"https:\/\/api.w.org\/{rel}","templated":true}]}}