{"id":480485,"date":"2025-12-04T01:00:00","date_gmt":"2025-12-04T00:00:00","guid":{"rendered":"0"},"modified":"2025-12-04T15:01:10","modified_gmt":"2025-12-04T14:01:10","slug":"CSB1-de_DE","status":"publish","type":"product","link":"https:\/\/b2b.calibereurope.com\/de\/produkt\/CSB1-de_DE\/","title":{"rendered":"Autolautsprecher -Set &#8211; 2 Build -montierte Auto -Lautsprecher &#8211; 80 Watt Maximum &#8211; geeignet f\u00fcr die Struktur (CSB1) geeignet (CSB1)"},"content":{"rendered":"<p><P> Lassen Sie den perfekten Sound mit diesem CSB1 -Autolautsprecher -Set den perfekten Sound durch Ihr Auto lassen. Diese <strong> -Strukturlautsprecher <\/strong> werden zum Beispiel <\/strong <strong> in das Paketregal <\/strong> in Ihrem Van gestellt. Oder montieren Sie die Lautsprecher in Ihrem Boot oder Gartenschuppen und genie\u00dfen Sie Ihre Lieblingsmusik. Sie k\u00f6nnen den Autolautsprecher an verschiedenen Stellen installieren. Mit einer <strong> -Leistung von 40 bis <\/strong> <strong> 80 Watt <\/strong> k\u00f6nnen Sie durch die <strong> zwei Lautsprecher <\/strong> ein solides Volumen produzieren. Dank des Tieft\u00f6ners und dem Hocht\u00f6ner k\u00f6nnen Sie einen <strong> tiefen und klaren Klang <\/strong> genie\u00dfen. <\/p>\n<p> <strong> Eigenschaften: <\/strong> <\/p>\n<ul>\n<li> Zwei -St\u00fcck -Autolautomat Set\n<li> 2 Stra\u00dfenlautsprecher\n<li> klar und tief Sound\n<li> geeignet f\u00fcr die Installation\n<li> 40W RMS Power\n<li> 80W Max Power\n<li> ideal f\u00fcr Transporter, Boote und Lastwagen\n<li> Geeignet f\u00fcr die Hatplank -Assemage <\/li>\n<\/ul>\n<h3> Konstruktion in wo wo Sie m\u00f6chten < \/h3> <\/p>\n<p>, ob Sie die Lautsprecher in Ihren Autot\u00fcren ersetzen oder einen Lautsprecher auf Ihrem Hutbrett montieren m\u00f6chten: Diese kleinen Lautsprecher sind Ihr neuer Freund. Die M\u00f6glichkeiten erstrecken sich jedoch weiter als Ihr Auto oder Van. Wie w\u00e4re es mit klaren T\u00f6nen auf dem Campingplatz, auf dem Wasser oder in Ihrem Garten? Diese Build -UP -Lautsprecher eignen sich auch f\u00fcr die Installation in Ihrem Wohnwagen, Boot oder Schuppen. Wo wirst du den Sound verbessern? <\/p>\n<h3> Perfekter Sound <\/h3>\n<p> Dank des Zwei-Wege-Soundsystems dieses Lautsprechersatzes wird eine hohe Klangqualit\u00e4t realisiert. Auf diese Weise k\u00f6nnen Sie auf dem Weg einen klaren und tiefen Klang genie\u00dfen. Egal, ob Sie Pop, Rock, klassische Musik, Hardstyle oder Instrumentalmusik spielen: Alle T\u00f6ne der Musik treten mit diesen beiden gebauten Lautsprechern in Ihrem Auto, Boot oder LKW eindeutig in den Vordergrund. <\/p>\n<h3> Multifunktional nutzbar <\/h3>\n<p> Dieser Lautsprechersatz ist vielseitig und kann leicht an verschiedenen Stellen montiert werden. Ber\u00fccksichtigen Sie die Gr\u00f6\u00dfe dieser Boxen (kleiner als 10 cm) und Sie k\u00f6nnen sie sofort in Ihrem Auto bauen. Mit dem hochwertigen Soundsystem der Autolautsprecher klingen die Musikt\u00f6ne &#8211; vom Bass bis zum Singen &#8211; immer sch\u00f6n durch den Raum. <\/p>\n","protected":false},"excerpt":{"rendered":"<p>Lassen Sie den perfekten Sound mit diesem CSB1 -Autolautsprecher -Set den perfekten Sound durch Ihr Auto lassen. Diese -Strukturlautsprecher werden zum Beispiel , ob Sie die Lautsprecher in Ihren Autot\u00fcren ersetzen oder einen Lautsprecher auf Ihrem Hutbrett montieren m\u00f6chten: Diese kleinen Lautsprecher sind Ihr neuer Freund. Die M\u00f6glichkeiten erstrecken sich jedoch weiter als Ihr Auto [&hellip;]<\/p>\n","protected":false},"featured_media":869059,"template":"","meta":{"_acf_changed":false,"site-sidebar-layout":"default","site-content-layout":"","ast-site-content-layout":"default","site-content-style":"default","site-sidebar-style":"default","ast-global-header-display":"","ast-banner-title-visibility":"","ast-main-header-display":"","ast-hfb-above-header-display":"","ast-hfb-below-header-display":"","ast-hfb-mobile-header-display":"","site-post-title":"","ast-breadcrumbs-content":"","ast-featured-img":"","footer-sml-layout":"","theme-transparent-header-meta":"","adv-header-id-meta":"","stick-header-meta":"","header-above-stick-meta":"","header-main-stick-meta":"","header-below-stick-meta":"","astra-migrate-meta-layouts":"default","ast-page-background-enabled":"default","ast-page-background-meta":{"desktop":{"background-color":"","background-image":"","background-repeat":"repeat","background-position":"center center","background-size":"auto","background-attachment":"scroll","background-type":"","background-media":"","overlay-type":"","overlay-color":"","overlay-opacity":"","overlay-gradient":""},"tablet":{"background-color":"","background-image":"","background-repeat":"repeat","background-position":"center center","background-size":"auto","background-attachment":"scroll","background-type":"","background-media":"","overlay-type":"","overlay-color":"","overlay-opacity":"","overlay-gradient":""},"mobile":{"background-color":"","background-image":"","background-repeat":"repeat","background-position":"center center","background-size":"auto","background-attachment":"scroll","background-type":"","background-media":"","overlay-type":"","overlay-color":"","overlay-opacity":"","overlay-gradient":""}},"ast-content-background-meta":{"desktop":{"background-color":"var(--ast-global-color-5)","background-image":"","background-repeat":"repeat","background-position":"center center","background-size":"auto","background-attachment":"scroll","background-type":"","background-media":"","overlay-type":"","overlay-color":"","overlay-opacity":"","overlay-gradient":""},"tablet":{"background-color":"var(--ast-global-color-5)","background-image":"","background-repeat":"repeat","background-position":"center center","background-size":"auto","background-attachment":"scroll","background-type":"","background-media":"","overlay-type":"","overlay-color":"","overlay-opacity":"","overlay-gradient":""},"mobile":{"background-color":"var(--ast-global-color-5)","background-image":"","background-repeat":"repeat","background-position":"center center","background-size":"auto","background-attachment":"scroll","background-type":"","background-media":"","overlay-type":"","overlay-color":"","overlay-opacity":"","overlay-gradient":""}}},"product_brand":[],"product_cat":[22956],"product_tag":[],"class_list":{"0":"post-480485","1":"product","2":"type-product","3":"status-publish","4":"has-post-thumbnail","6":"product_cat-keine-kategorie","7":"desktop-align-center","8":"tablet-align-center","9":"mobile-align-center","10":"ast-product-gallery-layout-horizontal","11":"ast-product-tabs-layout-horizontal","13":"first","14":"instock","15":"taxable","16":"shipping-taxable","17":"purchasable","18":"product-type-simple"},"acf":[],"yoast_head":"<!-- This site is optimized with the Yoast SEO plugin v26.5 - https:\/\/yoast.com\/wordpress\/plugins\/seo\/ -->\n<title>Autolautsprecher -Set - 2 Build -montierte Auto -Lautsprecher - 80 Watt Maximum - geeignet f\u00fcr die Struktur (CSB1) geeignet (CSB1) - Caliber Europe B.V.<\/title>\n<meta name=\"robots\" content=\"noindex, follow, max-snippet:-1, max-image-preview:large, max-video-preview:-1\" \/>\n<meta property=\"og:locale\" content=\"de_DE\" \/>\n<meta property=\"og:type\" content=\"article\" \/>\n<meta property=\"og:title\" content=\"Autolautsprecher -Set - 2 Build -montierte Auto -Lautsprecher - 80 Watt Maximum - geeignet f\u00fcr die Struktur (CSB1) geeignet (CSB1) - Caliber Europe B.V.\" \/>\n<meta property=\"og:description\" content=\"Lassen Sie den perfekten Sound mit diesem CSB1 -Autolautsprecher -Set den perfekten Sound durch Ihr Auto lassen. Diese -Strukturlautsprecher werden zum Beispiel , ob Sie die Lautsprecher in Ihren Autot\u00fcren ersetzen oder einen Lautsprecher auf Ihrem Hutbrett montieren m\u00f6chten: Diese kleinen Lautsprecher sind Ihr neuer Freund. Die M\u00f6glichkeiten erstrecken sich jedoch weiter als Ihr Auto [&hellip;]\" \/>\n<meta property=\"og:url\" content=\"https:\/\/b2b.calibereurope.com\/de\/produkt\/csb1-de_de\/\" \/>\n<meta property=\"og:site_name\" content=\"Caliber Europe B.V.\" \/>\n<meta property=\"article:modified_time\" content=\"2025-12-04T14:01:10+00:00\" \/>\n<meta property=\"og:image\" content=\"https:\/\/b2b.calibereurope.com\/wp-content\/uploads\/2021\/09\/e0ee726116fa58d0faf294bc37ec74f84612ce78_CSB1_web.jpg\" \/>\n\t<meta property=\"og:image:width\" content=\"1024\" \/>\n\t<meta property=\"og:image:height\" content=\"768\" \/>\n\t<meta property=\"og:image:type\" content=\"image\/jpeg\" \/>\n<meta name=\"twitter:card\" content=\"summary_large_image\" \/>\n<meta name=\"twitter:label1\" content=\"Gesch\u00e4tzte Lesezeit\" \/>\n\t<meta name=\"twitter:data1\" content=\"1\u00a0Minute\" \/>\n<script type=\"application\/ld+json\" class=\"yoast-schema-graph\">{\"@context\":\"https:\/\/schema.org\",\"@graph\":[{\"@type\":\"WebPage\",\"@id\":\"https:\/\/b2b.calibereurope.com\/de\/produkt\/csb1-de_de\/\",\"url\":\"https:\/\/b2b.calibereurope.com\/de\/produkt\/csb1-de_de\/\",\"name\":\"Autolautsprecher -Set - 2 Build -montierte Auto -Lautsprecher - 80 Watt Maximum - geeignet f\u00fcr die Struktur (CSB1) geeignet (CSB1) - Caliber Europe B.V.\",\"isPartOf\":{\"@id\":\"https:\/\/b2b.calibereurope.com\/#website\"},\"primaryImageOfPage\":{\"@id\":\"https:\/\/b2b.calibereurope.com\/de\/produkt\/csb1-de_de\/#primaryimage\"},\"image\":{\"@id\":\"https:\/\/b2b.calibereurope.com\/de\/produkt\/csb1-de_de\/#primaryimage\"},\"thumbnailUrl\":\"https:\/\/b2b.calibereurope.com\/wp-content\/uploads\/2025\/12\/e0ee726116fa58d0faf294bc37ec74f84612ce78_CSB1_web-4.jpg\",\"datePublished\":\"2025-12-04T00:00:00+00:00\",\"dateModified\":\"2025-12-04T14:01:10+00:00\",\"breadcrumb\":{\"@id\":\"https:\/\/b2b.calibereurope.com\/de\/produkt\/csb1-de_de\/#breadcrumb\"},\"inLanguage\":\"de\",\"potentialAction\":[{\"@type\":\"ReadAction\",\"target\":[\"https:\/\/b2b.calibereurope.com\/de\/produkt\/csb1-de_de\/\"]}]},{\"@type\":\"ImageObject\",\"inLanguage\":\"de\",\"@id\":\"https:\/\/b2b.calibereurope.com\/de\/produkt\/csb1-de_de\/#primaryimage\",\"url\":\"https:\/\/b2b.calibereurope.com\/wp-content\/uploads\/2025\/12\/e0ee726116fa58d0faf294bc37ec74f84612ce78_CSB1_web-4.jpg\",\"contentUrl\":\"https:\/\/b2b.calibereurope.com\/wp-content\/uploads\/2025\/12\/e0ee726116fa58d0faf294bc37ec74f84612ce78_CSB1_web-4.jpg\",\"width\":1024,\"height\":768},{\"@type\":\"BreadcrumbList\",\"@id\":\"https:\/\/b2b.calibereurope.com\/de\/produkt\/csb1-de_de\/#breadcrumb\",\"itemListElement\":[{\"@type\":\"ListItem\",\"position\":1,\"name\":\"Home\",\"item\":\"https:\/\/b2b.calibereurope.com\/de\/\"},{\"@type\":\"ListItem\",\"position\":2,\"name\":\"Shop\",\"item\":\"https:\/\/b2b.calibereurope.com\/de\/shop\/\"},{\"@type\":\"ListItem\",\"position\":3,\"name\":\"Lautsprecher Aufputz &#8211; 2-Wege 40 Watt Schwarz (CSB1)\"}]},{\"@type\":\"WebSite\",\"@id\":\"https:\/\/b2b.calibereurope.com\/#website\",\"url\":\"https:\/\/b2b.calibereurope.com\/\",\"name\":\"Caliber Europe B.V.\",\"description\":\"B2B Webshop\",\"publisher\":{\"@id\":\"https:\/\/b2b.calibereurope.com\/#organization\"},\"potentialAction\":[{\"@type\":\"SearchAction\",\"target\":{\"@type\":\"EntryPoint\",\"urlTemplate\":\"https:\/\/b2b.calibereurope.com\/?s={search_term_string}\"},\"query-input\":{\"@type\":\"PropertyValueSpecification\",\"valueRequired\":true,\"valueName\":\"search_term_string\"}}],\"inLanguage\":\"de\"},{\"@type\":\"Organization\",\"@id\":\"https:\/\/b2b.calibereurope.com\/#organization\",\"name\":\"Caliber Europe B.V.\",\"url\":\"https:\/\/b2b.calibereurope.com\/\",\"logo\":{\"@type\":\"ImageObject\",\"inLanguage\":\"de\",\"@id\":\"https:\/\/b2b.calibereurope.com\/#\/schema\/logo\/image\/\",\"url\":\"https:\/\/b2b.calibereurope.com\/wp-content\/uploads\/2020\/12\/Caliber_Logo-Black.png\",\"contentUrl\":\"https:\/\/b2b.calibereurope.com\/wp-content\/uploads\/2020\/12\/Caliber_Logo-Black.png\",\"width\":3157,\"height\":356,\"caption\":\"Caliber Europe B.V.\"},\"image\":{\"@id\":\"https:\/\/b2b.calibereurope.com\/#\/schema\/logo\/image\/\"}}]}<\/script>\n<!-- \/ Yoast SEO plugin. -->","yoast_head_json":{"title":"Autolautsprecher -Set - 2 Build -montierte Auto -Lautsprecher - 80 Watt Maximum - geeignet f\u00fcr die Struktur (CSB1) geeignet (CSB1) - Caliber Europe B.V.","robots":{"index":"noindex","follow":"follow","max-snippet":"max-snippet:-1","max-image-preview":"max-image-preview:large","max-video-preview":"max-video-preview:-1"},"og_locale":"de_DE","og_type":"article","og_title":"Autolautsprecher -Set - 2 Build -montierte Auto -Lautsprecher - 80 Watt Maximum - geeignet f\u00fcr die Struktur (CSB1) geeignet (CSB1) - Caliber Europe B.V.","og_description":"Lassen Sie den perfekten Sound mit diesem CSB1 -Autolautsprecher -Set den perfekten Sound durch Ihr Auto lassen. Diese -Strukturlautsprecher werden zum Beispiel , ob Sie die Lautsprecher in Ihren Autot\u00fcren ersetzen oder einen Lautsprecher auf Ihrem Hutbrett montieren m\u00f6chten: Diese kleinen Lautsprecher sind Ihr neuer Freund. Die M\u00f6glichkeiten erstrecken sich jedoch weiter als Ihr Auto [&hellip;]","og_url":"https:\/\/b2b.calibereurope.com\/de\/produkt\/csb1-de_de\/","og_site_name":"Caliber Europe B.V.","article_modified_time":"2025-12-04T14:01:10+00:00","og_image":[{"width":1024,"height":768,"url":"https:\/\/b2b.calibereurope.com\/wp-content\/uploads\/2021\/09\/e0ee726116fa58d0faf294bc37ec74f84612ce78_CSB1_web.jpg","type":"image\/jpeg"}],"twitter_card":"summary_large_image","twitter_misc":{"Gesch\u00e4tzte Lesezeit":"1\u00a0Minute"},"schema":{"@context":"https:\/\/schema.org","@graph":[{"@type":"WebPage","@id":"https:\/\/b2b.calibereurope.com\/de\/produkt\/csb1-de_de\/","url":"https:\/\/b2b.calibereurope.com\/de\/produkt\/csb1-de_de\/","name":"Autolautsprecher -Set - 2 Build -montierte Auto -Lautsprecher - 80 Watt Maximum - geeignet f\u00fcr die Struktur (CSB1) geeignet (CSB1) - Caliber Europe B.V.","isPartOf":{"@id":"https:\/\/b2b.calibereurope.com\/#website"},"primaryImageOfPage":{"@id":"https:\/\/b2b.calibereurope.com\/de\/produkt\/csb1-de_de\/#primaryimage"},"image":{"@id":"https:\/\/b2b.calibereurope.com\/de\/produkt\/csb1-de_de\/#primaryimage"},"thumbnailUrl":"https:\/\/b2b.calibereurope.com\/wp-content\/uploads\/2025\/12\/e0ee726116fa58d0faf294bc37ec74f84612ce78_CSB1_web-4.jpg","datePublished":"2025-12-04T00:00:00+00:00","dateModified":"2025-12-04T14:01:10+00:00","breadcrumb":{"@id":"https:\/\/b2b.calibereurope.com\/de\/produkt\/csb1-de_de\/#breadcrumb"},"inLanguage":"de","potentialAction":[{"@type":"ReadAction","target":["https:\/\/b2b.calibereurope.com\/de\/produkt\/csb1-de_de\/"]}]},{"@type":"ImageObject","inLanguage":"de","@id":"https:\/\/b2b.calibereurope.com\/de\/produkt\/csb1-de_de\/#primaryimage","url":"https:\/\/b2b.calibereurope.com\/wp-content\/uploads\/2025\/12\/e0ee726116fa58d0faf294bc37ec74f84612ce78_CSB1_web-4.jpg","contentUrl":"https:\/\/b2b.calibereurope.com\/wp-content\/uploads\/2025\/12\/e0ee726116fa58d0faf294bc37ec74f84612ce78_CSB1_web-4.jpg","width":1024,"height":768},{"@type":"BreadcrumbList","@id":"https:\/\/b2b.calibereurope.com\/de\/produkt\/csb1-de_de\/#breadcrumb","itemListElement":[{"@type":"ListItem","position":1,"name":"Home","item":"https:\/\/b2b.calibereurope.com\/de\/"},{"@type":"ListItem","position":2,"name":"Shop","item":"https:\/\/b2b.calibereurope.com\/de\/shop\/"},{"@type":"ListItem","position":3,"name":"Lautsprecher Aufputz &#8211; 2-Wege 40 Watt Schwarz (CSB1)"}]},{"@type":"WebSite","@id":"https:\/\/b2b.calibereurope.com\/#website","url":"https:\/\/b2b.calibereurope.com\/","name":"Caliber Europe B.V.","description":"B2B Webshop","publisher":{"@id":"https:\/\/b2b.calibereurope.com\/#organization"},"potentialAction":[{"@type":"SearchAction","target":{"@type":"EntryPoint","urlTemplate":"https:\/\/b2b.calibereurope.com\/?s={search_term_string}"},"query-input":{"@type":"PropertyValueSpecification","valueRequired":true,"valueName":"search_term_string"}}],"inLanguage":"de"},{"@type":"Organization","@id":"https:\/\/b2b.calibereurope.com\/#organization","name":"Caliber Europe B.V.","url":"https:\/\/b2b.calibereurope.com\/","logo":{"@type":"ImageObject","inLanguage":"de","@id":"https:\/\/b2b.calibereurope.com\/#\/schema\/logo\/image\/","url":"https:\/\/b2b.calibereurope.com\/wp-content\/uploads\/2020\/12\/Caliber_Logo-Black.png","contentUrl":"https:\/\/b2b.calibereurope.com\/wp-content\/uploads\/2020\/12\/Caliber_Logo-Black.png","width":3157,"height":356,"caption":"Caliber Europe B.V."},"image":{"@id":"https:\/\/b2b.calibereurope.com\/#\/schema\/logo\/image\/"}}]}},"_links":{"self":[{"href":"https:\/\/b2b.calibereurope.com\/de\/wp-json\/wp\/v2\/product\/480485","targetHints":{"allow":["GET"]}}],"collection":[{"href":"https:\/\/b2b.calibereurope.com\/de\/wp-json\/wp\/v2\/product"}],"about":[{"href":"https:\/\/b2b.calibereurope.com\/de\/wp-json\/wp\/v2\/types\/product"}],"version-history":[{"count":0,"href":"https:\/\/b2b.calibereurope.com\/de\/wp-json\/wp\/v2\/product\/480485\/revisions"}],"wp:featuredmedia":[{"embeddable":true,"href":"https:\/\/b2b.calibereurope.com\/de\/wp-json\/wp\/v2\/media\/869059"}],"wp:attachment":[{"href":"https:\/\/b2b.calibereurope.com\/de\/wp-json\/wp\/v2\/media?parent=480485"}],"wp:term":[{"taxonomy":"product_brand","embeddable":true,"href":"https:\/\/b2b.calibereurope.com\/de\/wp-json\/wp\/v2\/product_brand?post=480485"},{"taxonomy":"product_cat","embeddable":true,"href":"https:\/\/b2b.calibereurope.com\/de\/wp-json\/wp\/v2\/product_cat?post=480485"},{"taxonomy":"product_tag","embeddable":true,"href":"https:\/\/b2b.calibereurope.com\/de\/wp-json\/wp\/v2\/product_tag?post=480485"}],"curies":[{"name":"wp","href":"https:\/\/api.w.org\/{rel}","templated":true}]}}