{"id":480737,"date":"2023-12-21T01:00:00","date_gmt":"2023-12-21T00:00:00","guid":{"rendered":""},"modified":"2023-12-21T14:54:35","modified_gmt":"2023-12-21T13:54:35","slug":"CDS69G-de_DE","status":"publish","type":"product","link":"https:\/\/b2b.calibereurope.com\/de\/produkt\/CDS69G-de_DE\/","title":{"rendered":"Autolautsprecher &#8211; Ovale 6&#215;9 mit Schedule 150 Watt (CDS69G)"},"content":{"rendered":"<p> Caliber CDS69G 3-Wege-Auto-Lautsprecher-Set von <strong> 6&#215;9 Zoll <\/strong> ist mit beiden <strong> 30-mm-Mylar Dome-Hocht\u00f6nern <\/strong> als <strong> 20-mm-Piezo-Hocht\u00f6ner <\/strong> ausgestattet kann von einer klaren und detaillierten Darstellung von <strong> hohen Frequenzen und leistungsstarker Bass <\/strong> genie\u00dfen. Mit einer minimalen Kraft von <strong> 55 Watt RMS <\/strong> und einer <strong> -Peakkraft von 150 Watt <\/strong> sind diese Lautsprecher f\u00fcr ein leistungsstarkes und qualitatives Audioerlebnis in Ihrem Auto geeignet. <\/p>\n<p> <\/p>\n<\/p>\n<p> <strong> Funktionen: <\/strong> <\/p>\n<ul>\n<li> Autosprecher von 6&#215;9 &#8222;(15x23cm) <\/li>\n<li> 30 mm Mylar Dome Hocht\u00f6ner <\/li>\n<li> 20 mm Piezo -Hocht\u00f6ner <\/li>\n<li> 55 Watt RMS <\/li>\n<li> Maximale Leistung: 150 Watt <\/li>\n<li> Empfindlichkeit: 90 dB\/w\/m + 3DB <\/li>\n<li> Mit IMPP-CONE in Kevlar-Look <\/li>\n<li> Assemblertiefe: 71 mm <\/li>\n<li> gebaut -in -Durchmesser: 150&#215;220 mm <\/li>\n<li> einschlie\u00dflich Grill und Montagematerial <\/li>\n<\/ul>\n<h3> klarer und kraftvoller Klang <\/h3>\n<p> Dieser Lautsprechersatz von <strong> 3-Wege-Coxial-Lautsprechern <\/strong> bietet eine hervorragende Klangqualit\u00e4t, mit der Sie jedes Detail in Ihrer Musik h\u00f6ren k\u00f6nnen. Durch die Anwendung fortschrittlicher Technologien und Materialien produzieren diese Lautsprecher einen <strong> vollst\u00e4ndigen und klaren Sound <\/strong>, damit Sie die Musik so anh\u00f6ren k\u00f6nnen, wie sie beabsichtigt ist. Egal, ob es um weiche Hintergrundmusik oder Hardrock geht, diese koxialen Lautsprecher werden immer eine klare und pr\u00e4zise Darstellung Ihrer Musik liefern. <\/p>\n<h3> Genug Power <\/h3>\n<p> Diese CDS69G -Autolautsprecher mit einer Kraft von <strong> 55 Watt RMS <\/strong> und einer <strong> maximalen Leistung von 150 Watt <\/strong> sind auf der Stra\u00dfe perfekt. Egal, ob Sie auf dem Weg zur Arbeit sind, Urlaub machen oder einfach nur mitfahren, diese Redner werden Ihnen w\u00e4hrend Ihrer Fahrt mehr Freude bereiten. Dank der kraftvollen Kraft k\u00f6nnen Sie ein <strong> klares und volles Display <\/strong> Ihrer Musik genie\u00dfen, was eine angenehme und entspannte Fahrt gew\u00e4hrleistet. Also, wohin Sie auch gehen, sorgen diese Autosprecher f\u00fcr ein unvergessliches Musikerlebnis auf der Stra\u00dfe. <\/p>\n<h3> einfach zu installieren <\/h3>\n<p> Diese <strong> Autolautsprecher mit Grill <\/strong> sind f\u00fcr eine einfache und schnelle Montage ausgelegt. Die Lautsprecher mit einer <strong> -Anbautiefe von 56 mm <\/strong> und <strong> Durchmesser von 150 x 220 mm <\/strong> sorgten f\u00fcr ein stilvolles Finish und eine perfekte Passform in Ihr Auto. Dank dieser <strong> enthaltenen Befestigungsmaterialien <\/strong> ist die Baugruppe ohne Probleme m\u00f6glich, sodass Sie schnell und einfach eine verbesserte Klangqualit\u00e4t in Ihrem Auto genie\u00dfen k\u00f6nnen. <\/p>\n<p> <\/p>\n<p> <strong> enthalten: <\/strong> <\/p>\n<ul>\n<li> Caliber CDS69G Autolautsprecher <\/li>\n<li> Befestigungselemente: Schrauben und Clips <\/li>\n<li> Grill <\/li>\n<\/ul>\n","protected":false},"excerpt":{"rendered":"<p>Caliber CDS69G 3-Wege-Auto-Lautsprecher-Set von 6&#215;9 Zoll ist mit beiden 30-mm-Mylar Dome-Hocht\u00f6nern als 20-mm-Piezo-Hocht\u00f6ner ausgestattet kann von einer klaren und detaillierten Darstellung von hohen Frequenzen und leistungsstarker Bass genie\u00dfen. Mit einer minimalen Kraft von 55 Watt RMS und einer -Peakkraft von 150 Watt sind diese Lautsprecher f\u00fcr ein leistungsstarkes und qualitatives Audioerlebnis in Ihrem Auto geeignet. [&hellip;]<\/p>\n","protected":false},"featured_media":840488,"template":"","meta":{"_acf_changed":false,"site-sidebar-layout":"default","site-content-layout":"","ast-site-content-layout":"default","site-content-style":"default","site-sidebar-style":"default","ast-global-header-display":"","ast-banner-title-visibility":"","ast-main-header-display":"","ast-hfb-above-header-display":"","ast-hfb-below-header-display":"","ast-hfb-mobile-header-display":"","site-post-title":"","ast-breadcrumbs-content":"","ast-featured-img":"","footer-sml-layout":"","theme-transparent-header-meta":"","adv-header-id-meta":"","stick-header-meta":"","header-above-stick-meta":"","header-main-stick-meta":"","header-below-stick-meta":"","astra-migrate-meta-layouts":"default","ast-page-background-enabled":"default","ast-page-background-meta":{"desktop":{"background-color":"","background-image":"","background-repeat":"repeat","background-position":"center center","background-size":"auto","background-attachment":"scroll","background-type":"","background-media":"","overlay-type":"","overlay-color":"","overlay-opacity":"","overlay-gradient":""},"tablet":{"background-color":"","background-image":"","background-repeat":"repeat","background-position":"center center","background-size":"auto","background-attachment":"scroll","background-type":"","background-media":"","overlay-type":"","overlay-color":"","overlay-opacity":"","overlay-gradient":""},"mobile":{"background-color":"","background-image":"","background-repeat":"repeat","background-position":"center center","background-size":"auto","background-attachment":"scroll","background-type":"","background-media":"","overlay-type":"","overlay-color":"","overlay-opacity":"","overlay-gradient":""}},"ast-content-background-meta":{"desktop":{"background-color":"var(--ast-global-color-5)","background-image":"","background-repeat":"repeat","background-position":"center center","background-size":"auto","background-attachment":"scroll","background-type":"","background-media":"","overlay-type":"","overlay-color":"","overlay-opacity":"","overlay-gradient":""},"tablet":{"background-color":"var(--ast-global-color-5)","background-image":"","background-repeat":"repeat","background-position":"center center","background-size":"auto","background-attachment":"scroll","background-type":"","background-media":"","overlay-type":"","overlay-color":"","overlay-opacity":"","overlay-gradient":""},"mobile":{"background-color":"var(--ast-global-color-5)","background-image":"","background-repeat":"repeat","background-position":"center center","background-size":"auto","background-attachment":"scroll","background-type":"","background-media":"","overlay-type":"","overlay-color":"","overlay-opacity":"","overlay-gradient":""}}},"product_brand":[],"product_cat":[22956],"product_tag":[],"class_list":{"0":"post-480737","1":"product","2":"type-product","3":"status-publish","4":"has-post-thumbnail","6":"product_cat-keine-kategorie","7":"desktop-align-center","8":"tablet-align-center","9":"mobile-align-center","10":"ast-product-gallery-layout-horizontal","11":"ast-product-gallery-with-no-image","12":"ast-product-tabs-layout-horizontal","14":"first","15":"instock","16":"taxable","17":"shipping-taxable","18":"purchasable","19":"product-type-simple"},"acf":[],"yoast_head":"<!-- This site is optimized with the Yoast SEO plugin v26.5 - https:\/\/yoast.com\/wordpress\/plugins\/seo\/ -->\n<title>Autolautsprecher - Ovale 6x9 mit Schedule 150 Watt (CDS69G) - Caliber Europe B.V.<\/title>\n<meta name=\"robots\" content=\"noindex, follow, max-snippet:-1, max-image-preview:large, max-video-preview:-1\" \/>\n<meta property=\"og:locale\" content=\"de_DE\" \/>\n<meta property=\"og:type\" content=\"article\" \/>\n<meta property=\"og:title\" content=\"Autolautsprecher - Ovale 6x9 mit Schedule 150 Watt (CDS69G) - Caliber Europe B.V.\" \/>\n<meta property=\"og:description\" content=\"Caliber CDS69G 3-Wege-Auto-Lautsprecher-Set von 6&#215;9 Zoll ist mit beiden 30-mm-Mylar Dome-Hocht\u00f6nern als 20-mm-Piezo-Hocht\u00f6ner ausgestattet kann von einer klaren und detaillierten Darstellung von hohen Frequenzen und leistungsstarker Bass genie\u00dfen. Mit einer minimalen Kraft von 55 Watt RMS und einer -Peakkraft von 150 Watt sind diese Lautsprecher f\u00fcr ein leistungsstarkes und qualitatives Audioerlebnis in Ihrem Auto geeignet. [&hellip;]\" \/>\n<meta property=\"og:url\" content=\"https:\/\/b2b.calibereurope.com\/de\/?post_type=product&amp;p=480737\" \/>\n<meta property=\"og:site_name\" content=\"Caliber Europe B.V.\" \/>\n<meta property=\"article:modified_time\" content=\"2023-12-21T13:54:35+00:00\" \/>\n<meta property=\"og:image\" content=\"https:\/\/b2b.calibereurope.com\/wp-content\/uploads\/2021\/09\/70845c89b8317ad464c56f4146767b52fe30adad_CDS69_G_combo.jpg\" \/>\n\t<meta property=\"og:image:width\" content=\"640\" \/>\n\t<meta property=\"og:image:height\" content=\"480\" \/>\n\t<meta property=\"og:image:type\" content=\"image\/jpeg\" \/>\n<meta name=\"twitter:card\" content=\"summary_large_image\" \/>\n<meta name=\"twitter:label1\" content=\"Gesch\u00e4tzte Lesezeit\" \/>\n\t<meta name=\"twitter:data1\" content=\"2\u00a0Minuten\" \/>\n<script type=\"application\/ld+json\" class=\"yoast-schema-graph\">{\"@context\":\"https:\/\/schema.org\",\"@graph\":[{\"@type\":\"WebPage\",\"@id\":\"https:\/\/b2b.calibereurope.com\/de\/?post_type=product&p=480737\",\"url\":\"https:\/\/b2b.calibereurope.com\/de\/?post_type=product&p=480737\",\"name\":\"Autolautsprecher - Ovale 6x9 mit Schedule 150 Watt (CDS69G) - Caliber Europe B.V.\",\"isPartOf\":{\"@id\":\"https:\/\/b2b.calibereurope.com\/#website\"},\"primaryImageOfPage\":{\"@id\":\"https:\/\/b2b.calibereurope.com\/de\/?post_type=product&p=480737#primaryimage\"},\"image\":{\"@id\":\"https:\/\/b2b.calibereurope.com\/de\/?post_type=product&p=480737#primaryimage\"},\"thumbnailUrl\":\"https:\/\/b2b.calibereurope.com\/wp-content\/uploads\/2023\/12\/19715c4cab171efbc68f5cd22bec3c000c42f279_CDS69G_flat-scaled.jpg\",\"datePublished\":\"2023-12-21T00:00:00+00:00\",\"dateModified\":\"2023-12-21T13:54:35+00:00\",\"breadcrumb\":{\"@id\":\"https:\/\/b2b.calibereurope.com\/de\/?post_type=product&p=480737#breadcrumb\"},\"inLanguage\":\"de\",\"potentialAction\":[{\"@type\":\"ReadAction\",\"target\":[\"https:\/\/b2b.calibereurope.com\/de\/?post_type=product&p=480737\"]}]},{\"@type\":\"ImageObject\",\"inLanguage\":\"de\",\"@id\":\"https:\/\/b2b.calibereurope.com\/de\/?post_type=product&p=480737#primaryimage\",\"url\":\"https:\/\/b2b.calibereurope.com\/wp-content\/uploads\/2023\/12\/19715c4cab171efbc68f5cd22bec3c000c42f279_CDS69G_flat-scaled.jpg\",\"contentUrl\":\"https:\/\/b2b.calibereurope.com\/wp-content\/uploads\/2023\/12\/19715c4cab171efbc68f5cd22bec3c000c42f279_CDS69G_flat-scaled.jpg\",\"width\":2560,\"height\":1707},{\"@type\":\"BreadcrumbList\",\"@id\":\"https:\/\/b2b.calibereurope.com\/de\/?post_type=product&p=480737#breadcrumb\",\"itemListElement\":[{\"@type\":\"ListItem\",\"position\":1,\"name\":\"Home\",\"item\":\"https:\/\/b2b.calibereurope.com\/de\/\"},{\"@type\":\"ListItem\",\"position\":2,\"name\":\"Shop\",\"item\":\"https:\/\/b2b.calibereurope.com\/de\/shop\/\"},{\"@type\":\"ListItem\",\"position\":3,\"name\":\"Autolautsprecher &#8211; Oval 6X9 150 Watt (CDS69G)\"}]},{\"@type\":\"WebSite\",\"@id\":\"https:\/\/b2b.calibereurope.com\/#website\",\"url\":\"https:\/\/b2b.calibereurope.com\/\",\"name\":\"Caliber Europe B.V.\",\"description\":\"B2B Webshop\",\"publisher\":{\"@id\":\"https:\/\/b2b.calibereurope.com\/#organization\"},\"potentialAction\":[{\"@type\":\"SearchAction\",\"target\":{\"@type\":\"EntryPoint\",\"urlTemplate\":\"https:\/\/b2b.calibereurope.com\/?s={search_term_string}\"},\"query-input\":{\"@type\":\"PropertyValueSpecification\",\"valueRequired\":true,\"valueName\":\"search_term_string\"}}],\"inLanguage\":\"de\"},{\"@type\":\"Organization\",\"@id\":\"https:\/\/b2b.calibereurope.com\/#organization\",\"name\":\"Caliber Europe B.V.\",\"url\":\"https:\/\/b2b.calibereurope.com\/\",\"logo\":{\"@type\":\"ImageObject\",\"inLanguage\":\"de\",\"@id\":\"https:\/\/b2b.calibereurope.com\/#\/schema\/logo\/image\/\",\"url\":\"https:\/\/b2b.calibereurope.com\/wp-content\/uploads\/2020\/12\/Caliber_Logo-Black.png\",\"contentUrl\":\"https:\/\/b2b.calibereurope.com\/wp-content\/uploads\/2020\/12\/Caliber_Logo-Black.png\",\"width\":3157,\"height\":356,\"caption\":\"Caliber Europe B.V.\"},\"image\":{\"@id\":\"https:\/\/b2b.calibereurope.com\/#\/schema\/logo\/image\/\"}}]}<\/script>\n<!-- \/ Yoast SEO plugin. -->","yoast_head_json":{"title":"Autolautsprecher - Ovale 6x9 mit Schedule 150 Watt (CDS69G) - Caliber Europe B.V.","robots":{"index":"noindex","follow":"follow","max-snippet":"max-snippet:-1","max-image-preview":"max-image-preview:large","max-video-preview":"max-video-preview:-1"},"og_locale":"de_DE","og_type":"article","og_title":"Autolautsprecher - Ovale 6x9 mit Schedule 150 Watt (CDS69G) - Caliber Europe B.V.","og_description":"Caliber CDS69G 3-Wege-Auto-Lautsprecher-Set von 6&#215;9 Zoll ist mit beiden 30-mm-Mylar Dome-Hocht\u00f6nern als 20-mm-Piezo-Hocht\u00f6ner ausgestattet kann von einer klaren und detaillierten Darstellung von hohen Frequenzen und leistungsstarker Bass genie\u00dfen. Mit einer minimalen Kraft von 55 Watt RMS und einer -Peakkraft von 150 Watt sind diese Lautsprecher f\u00fcr ein leistungsstarkes und qualitatives Audioerlebnis in Ihrem Auto geeignet. [&hellip;]","og_url":"https:\/\/b2b.calibereurope.com\/de\/?post_type=product&p=480737","og_site_name":"Caliber Europe B.V.","article_modified_time":"2023-12-21T13:54:35+00:00","og_image":[{"width":640,"height":480,"url":"https:\/\/b2b.calibereurope.com\/wp-content\/uploads\/2021\/09\/70845c89b8317ad464c56f4146767b52fe30adad_CDS69_G_combo.jpg","type":"image\/jpeg"}],"twitter_card":"summary_large_image","twitter_misc":{"Gesch\u00e4tzte Lesezeit":"2\u00a0Minuten"},"schema":{"@context":"https:\/\/schema.org","@graph":[{"@type":"WebPage","@id":"https:\/\/b2b.calibereurope.com\/de\/?post_type=product&p=480737","url":"https:\/\/b2b.calibereurope.com\/de\/?post_type=product&p=480737","name":"Autolautsprecher - Ovale 6x9 mit Schedule 150 Watt (CDS69G) - Caliber Europe B.V.","isPartOf":{"@id":"https:\/\/b2b.calibereurope.com\/#website"},"primaryImageOfPage":{"@id":"https:\/\/b2b.calibereurope.com\/de\/?post_type=product&p=480737#primaryimage"},"image":{"@id":"https:\/\/b2b.calibereurope.com\/de\/?post_type=product&p=480737#primaryimage"},"thumbnailUrl":"https:\/\/b2b.calibereurope.com\/wp-content\/uploads\/2023\/12\/19715c4cab171efbc68f5cd22bec3c000c42f279_CDS69G_flat-scaled.jpg","datePublished":"2023-12-21T00:00:00+00:00","dateModified":"2023-12-21T13:54:35+00:00","breadcrumb":{"@id":"https:\/\/b2b.calibereurope.com\/de\/?post_type=product&p=480737#breadcrumb"},"inLanguage":"de","potentialAction":[{"@type":"ReadAction","target":["https:\/\/b2b.calibereurope.com\/de\/?post_type=product&p=480737"]}]},{"@type":"ImageObject","inLanguage":"de","@id":"https:\/\/b2b.calibereurope.com\/de\/?post_type=product&p=480737#primaryimage","url":"https:\/\/b2b.calibereurope.com\/wp-content\/uploads\/2023\/12\/19715c4cab171efbc68f5cd22bec3c000c42f279_CDS69G_flat-scaled.jpg","contentUrl":"https:\/\/b2b.calibereurope.com\/wp-content\/uploads\/2023\/12\/19715c4cab171efbc68f5cd22bec3c000c42f279_CDS69G_flat-scaled.jpg","width":2560,"height":1707},{"@type":"BreadcrumbList","@id":"https:\/\/b2b.calibereurope.com\/de\/?post_type=product&p=480737#breadcrumb","itemListElement":[{"@type":"ListItem","position":1,"name":"Home","item":"https:\/\/b2b.calibereurope.com\/de\/"},{"@type":"ListItem","position":2,"name":"Shop","item":"https:\/\/b2b.calibereurope.com\/de\/shop\/"},{"@type":"ListItem","position":3,"name":"Autolautsprecher &#8211; Oval 6X9 150 Watt (CDS69G)"}]},{"@type":"WebSite","@id":"https:\/\/b2b.calibereurope.com\/#website","url":"https:\/\/b2b.calibereurope.com\/","name":"Caliber Europe B.V.","description":"B2B Webshop","publisher":{"@id":"https:\/\/b2b.calibereurope.com\/#organization"},"potentialAction":[{"@type":"SearchAction","target":{"@type":"EntryPoint","urlTemplate":"https:\/\/b2b.calibereurope.com\/?s={search_term_string}"},"query-input":{"@type":"PropertyValueSpecification","valueRequired":true,"valueName":"search_term_string"}}],"inLanguage":"de"},{"@type":"Organization","@id":"https:\/\/b2b.calibereurope.com\/#organization","name":"Caliber Europe B.V.","url":"https:\/\/b2b.calibereurope.com\/","logo":{"@type":"ImageObject","inLanguage":"de","@id":"https:\/\/b2b.calibereurope.com\/#\/schema\/logo\/image\/","url":"https:\/\/b2b.calibereurope.com\/wp-content\/uploads\/2020\/12\/Caliber_Logo-Black.png","contentUrl":"https:\/\/b2b.calibereurope.com\/wp-content\/uploads\/2020\/12\/Caliber_Logo-Black.png","width":3157,"height":356,"caption":"Caliber Europe B.V."},"image":{"@id":"https:\/\/b2b.calibereurope.com\/#\/schema\/logo\/image\/"}}]}},"_links":{"self":[{"href":"https:\/\/b2b.calibereurope.com\/de\/wp-json\/wp\/v2\/product\/480737","targetHints":{"allow":["GET"]}}],"collection":[{"href":"https:\/\/b2b.calibereurope.com\/de\/wp-json\/wp\/v2\/product"}],"about":[{"href":"https:\/\/b2b.calibereurope.com\/de\/wp-json\/wp\/v2\/types\/product"}],"version-history":[{"count":0,"href":"https:\/\/b2b.calibereurope.com\/de\/wp-json\/wp\/v2\/product\/480737\/revisions"}],"wp:featuredmedia":[{"embeddable":true,"href":"https:\/\/b2b.calibereurope.com\/de\/wp-json\/wp\/v2\/media\/840488"}],"wp:attachment":[{"href":"https:\/\/b2b.calibereurope.com\/de\/wp-json\/wp\/v2\/media?parent=480737"}],"wp:term":[{"taxonomy":"product_brand","embeddable":true,"href":"https:\/\/b2b.calibereurope.com\/de\/wp-json\/wp\/v2\/product_brand?post=480737"},{"taxonomy":"product_cat","embeddable":true,"href":"https:\/\/b2b.calibereurope.com\/de\/wp-json\/wp\/v2\/product_cat?post=480737"},{"taxonomy":"product_tag","embeddable":true,"href":"https:\/\/b2b.calibereurope.com\/de\/wp-json\/wp\/v2\/product_tag?post=480737"}],"curies":[{"name":"wp","href":"https:\/\/api.w.org\/{rel}","templated":true}]}}