{"id":481565,"date":"2024-09-04T02:00:00","date_gmt":"2024-09-04T00:00:00","guid":{"rendered":""},"modified":"2024-09-04T13:00:55","modified_gmt":"2024-09-04T11:00:55","slug":"HCG008Q-de_DE","status":"publish","type":"product","link":"https:\/\/b2b.calibereurope.com\/de\/produkt\/HCG008Q-de_DE\/","title":{"rendered":"Rundfunk mit Wecker mit drahtlosen Ladeger\u00e4t und Doppelalarm &#8211; digitaler Wecker mit FM -Radio &#8211; Wei\u00dfes Display (HCG008Q)"},"content":{"rendered":"<p> p\u00fcnktlich mit einem voll aufgeladenen Telefon geweckt werden, funktioniert es immer mit diesem digitalen Radio von Caliber. Das drahtlose Ladeger\u00e4t <\/strong> berechnet Ihr Telefon sofort, sobald Sie es auf den digitalen Wecker gesteckt haben. Wenn Ihr Smartphone dies nicht unterst\u00fctzt, k\u00f6nnen Sie es <strong> \u00fcber den USB -Anschluss aufladen. <\/strong> dank der <strong> fm -Radio <\/strong> Funktion, die Sie mit Ihrem Lieblingsradiosender immer zufrieden sind. Setzen Sie <strong> zwei verschiedene Alarmzeiten <\/strong>, <strong> snooze <\/strong> Wenn Sie es brauchen, und <strong> dunkeln Sie die Helligkeit <\/strong> der wei\u00dfen Anzeige so wie Sie m\u00f6chten! <\/p>\n<p> <strong> Eigenschaften: <\/strong> <\/p>\n<ul>\n<li> drahtloses Ladeger\u00e4t\n<li> USB-Ladefunktion\n<li> fm-radio <l> Dual Alarmfunktion <Looze Snooze-Funktion \n\n<li> gro\u00dfes wei\u00dfes Display\n<li> dimmbar\n<li> Backup-Batterie <\/li>\n<\/ul>\n<h3> Wecker und drahtloses Ladeger\u00e4t <\/h3>\n<p> Wenn Sie schlafen, M\u00f6chten Sie Ihr Telefon aufladen, damit Sie am Morgen f\u00fcr einen neuen Tag bereit sind? Dieser Wecker hilft Ihnen dabei: Es ist ein Wecker mit drahtloser Ladeger\u00e4t f\u00fcr Ihr Telefon! Dank der QI -Technologie m\u00fcssen Sie Ihr Smartphone nur auf den Wecker setzen, und sie beginnt sofort mit dem Laden. Ist Ihr Telefon nicht mit drahtloser Laden kompatibel? Anschlie\u00dfend k\u00f6nnen Sie den USB -Anschluss des digitalen Radio -Radios verwenden, um Ihr Telefon aufzuladen. <\/p>\n<h3> H\u00f6ren Sie Ihre Lieblingsradio -Musik <\/h3>\n<p> Dieser Caliber -Wecker ist auch mit einem FM -Radio ausgestattet. Auf diese Weise k\u00f6nnen Sie aufwachen und mit der Musik aufstehen, die Sie lieber h\u00f6ren. Dank der 10 Voreinstellungen k\u00f6nnen Sie verschiedene Radiosender speichern und einfach zwischen Musik wechseln. M\u00fcssen Sie sehr fr\u00fch aus dem Bett kommen und m\u00f6chten mit einem klaren Klang geweckt werden? W\u00e4hlen Sie dann den Summer anstelle des Alarmlaufradio -Radios als Alarm. <\/p>\n<h3> Passen Sie die Art und Weise an, wie Sie <\/H3> <\/p>\n<p> diesen multifunktionalen Wecker nach Wunsch einstellen k\u00f6nnen. \u00c4ndern Sie beispielsweise die Helligkeit des gro\u00dfen wei\u00dfen Displays. Wenn Sie schlafen gehen, k\u00f6nnen Sie sich f\u00fcr die dunkelste Position entscheiden, wenn Sie f\u00fcr die dritte und hellste Position im sonnigen Tageslicht aufstehen. Dank der Doppelalarmoption und der Snooze -Funktion k\u00f6nnen Sie Alarme auslassen, wenn Sie sie ben\u00f6tigen. <\/p>\n","protected":false},"excerpt":{"rendered":"<p>p\u00fcnktlich mit einem voll aufgeladenen Telefon geweckt werden, funktioniert es immer mit diesem digitalen Radio von Caliber. Das drahtlose Ladeger\u00e4t berechnet Ihr Telefon sofort, sobald Sie es auf den digitalen Wecker gesteckt haben. Wenn Ihr Smartphone dies nicht unterst\u00fctzt, k\u00f6nnen Sie es \u00fcber den USB -Anschluss aufladen. dank der fm -Radio Funktion, die Sie mit [&hellip;]<\/p>\n","protected":false},"featured_media":852169,"template":"","meta":{"_acf_changed":false,"site-sidebar-layout":"default","site-content-layout":"","ast-site-content-layout":"default","site-content-style":"default","site-sidebar-style":"default","ast-global-header-display":"","ast-banner-title-visibility":"","ast-main-header-display":"","ast-hfb-above-header-display":"","ast-hfb-below-header-display":"","ast-hfb-mobile-header-display":"","site-post-title":"","ast-breadcrumbs-content":"","ast-featured-img":"","footer-sml-layout":"","theme-transparent-header-meta":"","adv-header-id-meta":"","stick-header-meta":"","header-above-stick-meta":"","header-main-stick-meta":"","header-below-stick-meta":"","astra-migrate-meta-layouts":"default","ast-page-background-enabled":"default","ast-page-background-meta":{"desktop":{"background-color":"","background-image":"","background-repeat":"repeat","background-position":"center center","background-size":"auto","background-attachment":"scroll","background-type":"","background-media":"","overlay-type":"","overlay-color":"","overlay-opacity":"","overlay-gradient":""},"tablet":{"background-color":"","background-image":"","background-repeat":"repeat","background-position":"center center","background-size":"auto","background-attachment":"scroll","background-type":"","background-media":"","overlay-type":"","overlay-color":"","overlay-opacity":"","overlay-gradient":""},"mobile":{"background-color":"","background-image":"","background-repeat":"repeat","background-position":"center center","background-size":"auto","background-attachment":"scroll","background-type":"","background-media":"","overlay-type":"","overlay-color":"","overlay-opacity":"","overlay-gradient":""}},"ast-content-background-meta":{"desktop":{"background-color":"var(--ast-global-color-5)","background-image":"","background-repeat":"repeat","background-position":"center center","background-size":"auto","background-attachment":"scroll","background-type":"","background-media":"","overlay-type":"","overlay-color":"","overlay-opacity":"","overlay-gradient":""},"tablet":{"background-color":"var(--ast-global-color-5)","background-image":"","background-repeat":"repeat","background-position":"center center","background-size":"auto","background-attachment":"scroll","background-type":"","background-media":"","overlay-type":"","overlay-color":"","overlay-opacity":"","overlay-gradient":""},"mobile":{"background-color":"var(--ast-global-color-5)","background-image":"","background-repeat":"repeat","background-position":"center center","background-size":"auto","background-attachment":"scroll","background-type":"","background-media":"","overlay-type":"","overlay-color":"","overlay-opacity":"","overlay-gradient":""}}},"product_brand":[],"product_cat":[22956],"product_tag":[],"class_list":{"0":"post-481565","1":"product","2":"type-product","3":"status-publish","4":"has-post-thumbnail","6":"product_cat-keine-kategorie","7":"desktop-align-center","8":"tablet-align-center","9":"mobile-align-center","10":"ast-product-gallery-layout-horizontal","11":"ast-product-tabs-layout-horizontal","13":"first","14":"instock","15":"taxable","16":"shipping-taxable","17":"purchasable","18":"product-type-simple"},"acf":[],"yoast_head":"<!-- This site is optimized with the Yoast SEO plugin v26.5 - https:\/\/yoast.com\/wordpress\/plugins\/seo\/ -->\n<title>Rundfunk mit Wecker mit drahtlosen Ladeger\u00e4t und Doppelalarm - digitaler Wecker mit FM -Radio - Wei\u00dfes Display (HCG008Q) - Caliber Europe B.V.<\/title>\n<meta name=\"robots\" content=\"noindex, follow, max-snippet:-1, max-image-preview:large, max-video-preview:-1\" \/>\n<meta property=\"og:locale\" content=\"de_DE\" \/>\n<meta property=\"og:type\" content=\"article\" \/>\n<meta property=\"og:title\" content=\"Rundfunk mit Wecker mit drahtlosen Ladeger\u00e4t und Doppelalarm - digitaler Wecker mit FM -Radio - Wei\u00dfes Display (HCG008Q) - Caliber Europe B.V.\" \/>\n<meta property=\"og:description\" content=\"p\u00fcnktlich mit einem voll aufgeladenen Telefon geweckt werden, funktioniert es immer mit diesem digitalen Radio von Caliber. Das drahtlose Ladeger\u00e4t berechnet Ihr Telefon sofort, sobald Sie es auf den digitalen Wecker gesteckt haben. Wenn Ihr Smartphone dies nicht unterst\u00fctzt, k\u00f6nnen Sie es \u00fcber den USB -Anschluss aufladen. dank der fm -Radio Funktion, die Sie mit [&hellip;]\" \/>\n<meta property=\"og:url\" content=\"https:\/\/b2b.calibereurope.com\/de\/produkt\/HCG008Q-de_DE\/\" \/>\n<meta property=\"og:site_name\" content=\"Caliber Europe B.V.\" \/>\n<meta property=\"article:modified_time\" content=\"2024-09-04T11:00:55+00:00\" \/>\n<meta property=\"og:image\" content=\"https:\/\/b2b.calibereurope.com\/wp-content\/uploads\/2021\/11\/a1c920381960c8d38666fb7e92040183c6fec858_HCG008Q_web.jpg\" \/>\n\t<meta property=\"og:image:width\" content=\"1024\" \/>\n\t<meta property=\"og:image:height\" content=\"768\" \/>\n\t<meta property=\"og:image:type\" content=\"image\/jpeg\" \/>\n<meta name=\"twitter:card\" content=\"summary_large_image\" \/>\n<script type=\"application\/ld+json\" class=\"yoast-schema-graph\">{\"@context\":\"https:\/\/schema.org\",\"@graph\":[{\"@type\":\"WebPage\",\"@id\":\"https:\/\/b2b.calibereurope.com\/de\/produkt\/HCG008Q-de_DE\/\",\"url\":\"https:\/\/b2b.calibereurope.com\/de\/produkt\/HCG008Q-de_DE\/\",\"name\":\"Rundfunk mit Wecker mit drahtlosen Ladeger\u00e4t und Doppelalarm - digitaler Wecker mit FM -Radio - Wei\u00dfes Display (HCG008Q) - Caliber Europe B.V.\",\"isPartOf\":{\"@id\":\"https:\/\/b2b.calibereurope.com\/#website\"},\"primaryImageOfPage\":{\"@id\":\"https:\/\/b2b.calibereurope.com\/de\/produkt\/HCG008Q-de_DE\/#primaryimage\"},\"image\":{\"@id\":\"https:\/\/b2b.calibereurope.com\/de\/produkt\/HCG008Q-de_DE\/#primaryimage\"},\"thumbnailUrl\":\"https:\/\/b2b.calibereurope.com\/wp-content\/uploads\/2024\/09\/a1c920381960c8d38666fb7e92040183c6fec858_HCG008Q_web.jpg\",\"datePublished\":\"2024-09-04T00:00:00+00:00\",\"dateModified\":\"2024-09-04T11:00:55+00:00\",\"breadcrumb\":{\"@id\":\"https:\/\/b2b.calibereurope.com\/de\/produkt\/HCG008Q-de_DE\/#breadcrumb\"},\"inLanguage\":\"de\",\"potentialAction\":[{\"@type\":\"ReadAction\",\"target\":[\"https:\/\/b2b.calibereurope.com\/de\/produkt\/HCG008Q-de_DE\/\"]}]},{\"@type\":\"ImageObject\",\"inLanguage\":\"de\",\"@id\":\"https:\/\/b2b.calibereurope.com\/de\/produkt\/HCG008Q-de_DE\/#primaryimage\",\"url\":\"https:\/\/b2b.calibereurope.com\/wp-content\/uploads\/2024\/09\/a1c920381960c8d38666fb7e92040183c6fec858_HCG008Q_web.jpg\",\"contentUrl\":\"https:\/\/b2b.calibereurope.com\/wp-content\/uploads\/2024\/09\/a1c920381960c8d38666fb7e92040183c6fec858_HCG008Q_web.jpg\",\"width\":1024,\"height\":768},{\"@type\":\"BreadcrumbList\",\"@id\":\"https:\/\/b2b.calibereurope.com\/de\/produkt\/HCG008Q-de_DE\/#breadcrumb\",\"itemListElement\":[{\"@type\":\"ListItem\",\"position\":1,\"name\":\"Home\",\"item\":\"https:\/\/b2b.calibereurope.com\/de\/\"},{\"@type\":\"ListItem\",\"position\":2,\"name\":\"Shop\",\"item\":\"https:\/\/b2b.calibereurope.com\/de\/shop\/\"},{\"@type\":\"ListItem\",\"position\":3,\"name\":\"Uhrenradio mit drahtloser Aufladung &#8211; Schwarz (HCG008Q)\"}]},{\"@type\":\"WebSite\",\"@id\":\"https:\/\/b2b.calibereurope.com\/#website\",\"url\":\"https:\/\/b2b.calibereurope.com\/\",\"name\":\"Caliber Europe B.V.\",\"description\":\"B2B Webshop\",\"publisher\":{\"@id\":\"https:\/\/b2b.calibereurope.com\/#organization\"},\"potentialAction\":[{\"@type\":\"SearchAction\",\"target\":{\"@type\":\"EntryPoint\",\"urlTemplate\":\"https:\/\/b2b.calibereurope.com\/?s={search_term_string}\"},\"query-input\":{\"@type\":\"PropertyValueSpecification\",\"valueRequired\":true,\"valueName\":\"search_term_string\"}}],\"inLanguage\":\"de\"},{\"@type\":\"Organization\",\"@id\":\"https:\/\/b2b.calibereurope.com\/#organization\",\"name\":\"Caliber Europe B.V.\",\"url\":\"https:\/\/b2b.calibereurope.com\/\",\"logo\":{\"@type\":\"ImageObject\",\"inLanguage\":\"de\",\"@id\":\"https:\/\/b2b.calibereurope.com\/#\/schema\/logo\/image\/\",\"url\":\"https:\/\/b2b.calibereurope.com\/wp-content\/uploads\/2020\/12\/Caliber_Logo-Black.png\",\"contentUrl\":\"https:\/\/b2b.calibereurope.com\/wp-content\/uploads\/2020\/12\/Caliber_Logo-Black.png\",\"width\":3157,\"height\":356,\"caption\":\"Caliber Europe B.V.\"},\"image\":{\"@id\":\"https:\/\/b2b.calibereurope.com\/#\/schema\/logo\/image\/\"}}]}<\/script>\n<!-- \/ Yoast SEO plugin. -->","yoast_head_json":{"title":"Rundfunk mit Wecker mit drahtlosen Ladeger\u00e4t und Doppelalarm - digitaler Wecker mit FM -Radio - Wei\u00dfes Display (HCG008Q) - Caliber Europe B.V.","robots":{"index":"noindex","follow":"follow","max-snippet":"max-snippet:-1","max-image-preview":"max-image-preview:large","max-video-preview":"max-video-preview:-1"},"og_locale":"de_DE","og_type":"article","og_title":"Rundfunk mit Wecker mit drahtlosen Ladeger\u00e4t und Doppelalarm - digitaler Wecker mit FM -Radio - Wei\u00dfes Display (HCG008Q) - Caliber Europe B.V.","og_description":"p\u00fcnktlich mit einem voll aufgeladenen Telefon geweckt werden, funktioniert es immer mit diesem digitalen Radio von Caliber. Das drahtlose Ladeger\u00e4t berechnet Ihr Telefon sofort, sobald Sie es auf den digitalen Wecker gesteckt haben. Wenn Ihr Smartphone dies nicht unterst\u00fctzt, k\u00f6nnen Sie es \u00fcber den USB -Anschluss aufladen. dank der fm -Radio Funktion, die Sie mit [&hellip;]","og_url":"https:\/\/b2b.calibereurope.com\/de\/produkt\/HCG008Q-de_DE\/","og_site_name":"Caliber Europe B.V.","article_modified_time":"2024-09-04T11:00:55+00:00","og_image":[{"width":1024,"height":768,"url":"https:\/\/b2b.calibereurope.com\/wp-content\/uploads\/2021\/11\/a1c920381960c8d38666fb7e92040183c6fec858_HCG008Q_web.jpg","type":"image\/jpeg"}],"twitter_card":"summary_large_image","schema":{"@context":"https:\/\/schema.org","@graph":[{"@type":"WebPage","@id":"https:\/\/b2b.calibereurope.com\/de\/produkt\/HCG008Q-de_DE\/","url":"https:\/\/b2b.calibereurope.com\/de\/produkt\/HCG008Q-de_DE\/","name":"Rundfunk mit Wecker mit drahtlosen Ladeger\u00e4t und Doppelalarm - digitaler Wecker mit FM -Radio - Wei\u00dfes Display (HCG008Q) - Caliber Europe B.V.","isPartOf":{"@id":"https:\/\/b2b.calibereurope.com\/#website"},"primaryImageOfPage":{"@id":"https:\/\/b2b.calibereurope.com\/de\/produkt\/HCG008Q-de_DE\/#primaryimage"},"image":{"@id":"https:\/\/b2b.calibereurope.com\/de\/produkt\/HCG008Q-de_DE\/#primaryimage"},"thumbnailUrl":"https:\/\/b2b.calibereurope.com\/wp-content\/uploads\/2024\/09\/a1c920381960c8d38666fb7e92040183c6fec858_HCG008Q_web.jpg","datePublished":"2024-09-04T00:00:00+00:00","dateModified":"2024-09-04T11:00:55+00:00","breadcrumb":{"@id":"https:\/\/b2b.calibereurope.com\/de\/produkt\/HCG008Q-de_DE\/#breadcrumb"},"inLanguage":"de","potentialAction":[{"@type":"ReadAction","target":["https:\/\/b2b.calibereurope.com\/de\/produkt\/HCG008Q-de_DE\/"]}]},{"@type":"ImageObject","inLanguage":"de","@id":"https:\/\/b2b.calibereurope.com\/de\/produkt\/HCG008Q-de_DE\/#primaryimage","url":"https:\/\/b2b.calibereurope.com\/wp-content\/uploads\/2024\/09\/a1c920381960c8d38666fb7e92040183c6fec858_HCG008Q_web.jpg","contentUrl":"https:\/\/b2b.calibereurope.com\/wp-content\/uploads\/2024\/09\/a1c920381960c8d38666fb7e92040183c6fec858_HCG008Q_web.jpg","width":1024,"height":768},{"@type":"BreadcrumbList","@id":"https:\/\/b2b.calibereurope.com\/de\/produkt\/HCG008Q-de_DE\/#breadcrumb","itemListElement":[{"@type":"ListItem","position":1,"name":"Home","item":"https:\/\/b2b.calibereurope.com\/de\/"},{"@type":"ListItem","position":2,"name":"Shop","item":"https:\/\/b2b.calibereurope.com\/de\/shop\/"},{"@type":"ListItem","position":3,"name":"Uhrenradio mit drahtloser Aufladung &#8211; Schwarz (HCG008Q)"}]},{"@type":"WebSite","@id":"https:\/\/b2b.calibereurope.com\/#website","url":"https:\/\/b2b.calibereurope.com\/","name":"Caliber Europe B.V.","description":"B2B Webshop","publisher":{"@id":"https:\/\/b2b.calibereurope.com\/#organization"},"potentialAction":[{"@type":"SearchAction","target":{"@type":"EntryPoint","urlTemplate":"https:\/\/b2b.calibereurope.com\/?s={search_term_string}"},"query-input":{"@type":"PropertyValueSpecification","valueRequired":true,"valueName":"search_term_string"}}],"inLanguage":"de"},{"@type":"Organization","@id":"https:\/\/b2b.calibereurope.com\/#organization","name":"Caliber Europe B.V.","url":"https:\/\/b2b.calibereurope.com\/","logo":{"@type":"ImageObject","inLanguage":"de","@id":"https:\/\/b2b.calibereurope.com\/#\/schema\/logo\/image\/","url":"https:\/\/b2b.calibereurope.com\/wp-content\/uploads\/2020\/12\/Caliber_Logo-Black.png","contentUrl":"https:\/\/b2b.calibereurope.com\/wp-content\/uploads\/2020\/12\/Caliber_Logo-Black.png","width":3157,"height":356,"caption":"Caliber Europe B.V."},"image":{"@id":"https:\/\/b2b.calibereurope.com\/#\/schema\/logo\/image\/"}}]}},"_links":{"self":[{"href":"https:\/\/b2b.calibereurope.com\/de\/wp-json\/wp\/v2\/product\/481565","targetHints":{"allow":["GET"]}}],"collection":[{"href":"https:\/\/b2b.calibereurope.com\/de\/wp-json\/wp\/v2\/product"}],"about":[{"href":"https:\/\/b2b.calibereurope.com\/de\/wp-json\/wp\/v2\/types\/product"}],"version-history":[{"count":0,"href":"https:\/\/b2b.calibereurope.com\/de\/wp-json\/wp\/v2\/product\/481565\/revisions"}],"wp:featuredmedia":[{"embeddable":true,"href":"https:\/\/b2b.calibereurope.com\/de\/wp-json\/wp\/v2\/media\/852169"}],"wp:attachment":[{"href":"https:\/\/b2b.calibereurope.com\/de\/wp-json\/wp\/v2\/media?parent=481565"}],"wp:term":[{"taxonomy":"product_brand","embeddable":true,"href":"https:\/\/b2b.calibereurope.com\/de\/wp-json\/wp\/v2\/product_brand?post=481565"},{"taxonomy":"product_cat","embeddable":true,"href":"https:\/\/b2b.calibereurope.com\/de\/wp-json\/wp\/v2\/product_cat?post=481565"},{"taxonomy":"product_tag","embeddable":true,"href":"https:\/\/b2b.calibereurope.com\/de\/wp-json\/wp\/v2\/product_tag?post=481565"}],"curies":[{"name":"wp","href":"https:\/\/api.w.org\/{rel}","templated":true}]}}