{"id":482989,"date":"2022-03-31T00:00:00","date_gmt":"2022-03-31T00:00:00","guid":{"rendered":""},"modified":"2024-12-27T00:33:33","modified_gmt":"2024-12-26T23:33:33","slug":"pmt060bt-de_de","status":"publish","type":"product","link":"https:\/\/b2b.calibereurope.com\/de\/produkt\/pmt060bt-de_de\/","title":{"rendered":"Bluetooth-Empf\u00e4nger mit 2X USB und AUX-Ausgang &#8211; grau (PMT060BT)"},"content":{"rendered":"<p>Mit dem Caliber PMT060BT k\u00f6nnen Sie ganz einfach Musik von Ihrem Autotelefon h\u00f6ren. Dieser Bluetooth-Empf\u00e4nger wird wie der Zigarettenanz\u00fcnder in eine 12- bis 24-Volt-Steckdose in Ihrem Auto eingesteckt. Die 3,5-mm-Klinkenbuchse wird in den Hilfseingang Ihres Autoradios eingesteckt und schon haben Sie Musik.<\/p>\n<p><strong>Klangqualit\u00e4t und drahtlose Anrufe<br \/><\/strong>Das PMT060BT hat eine Bluetooth-Reichweite von 10 Metern, so dass Sie immer gut im Auto sitzen. Die Unterst\u00fctzung des A2DP-Bluetooth-Profils gew\u00e4hrleistet eine qualitativ hochwertige Ton\u00fcbertragung. Erhalten Sie einen Anruf? Dank des eingebauten Mikrofons k\u00f6nnen Sie auch sofort \u00fcber das Audiosystem Ihres Autos telefonieren. Sie bedienen den Empf\u00e4nger mit der Taste oben. \u00dcber einen USB-Anschluss schlie\u00dfen Sie ein Kabel an, um Ihr Telefon w\u00e4hrend der Fahrt aufzuladen.<\/p>\n","protected":false},"excerpt":{"rendered":"<p>Mit dem Caliber PMT060BT k\u00f6nnen Sie ganz einfach Musik von Ihrem Autotelefon h\u00f6ren. Dieser Bluetooth-Empf\u00e4nger wird wie der Zigarettenanz\u00fcnder in eine 12- bis 24-Volt-Steckdose in Ihrem Auto eingesteckt. Die 3,5-mm-Klinkenbuchse wird in den Hilfseingang Ihres Autoradios eingesteckt und schon haben Sie Musik. Klangqualit\u00e4t und drahtlose AnrufeDas PMT060BT hat eine Bluetooth-Reichweite von 10 Metern, so dass [&hellip;]<\/p>\n","protected":false},"featured_media":650587,"template":"","meta":{"_acf_changed":false,"site-sidebar-layout":"default","site-content-layout":"","ast-site-content-layout":"default","site-content-style":"default","site-sidebar-style":"default","ast-global-header-display":"","ast-banner-title-visibility":"","ast-main-header-display":"","ast-hfb-above-header-display":"","ast-hfb-below-header-display":"","ast-hfb-mobile-header-display":"","site-post-title":"","ast-breadcrumbs-content":"","ast-featured-img":"","footer-sml-layout":"","theme-transparent-header-meta":"","adv-header-id-meta":"","stick-header-meta":"","header-above-stick-meta":"","header-main-stick-meta":"","header-below-stick-meta":"","astra-migrate-meta-layouts":"default","ast-page-background-enabled":"default","ast-page-background-meta":{"desktop":{"background-color":"","background-image":"","background-repeat":"repeat","background-position":"center center","background-size":"auto","background-attachment":"scroll","background-type":"","background-media":"","overlay-type":"","overlay-color":"","overlay-opacity":"","overlay-gradient":""},"tablet":{"background-color":"","background-image":"","background-repeat":"repeat","background-position":"center center","background-size":"auto","background-attachment":"scroll","background-type":"","background-media":"","overlay-type":"","overlay-color":"","overlay-opacity":"","overlay-gradient":""},"mobile":{"background-color":"","background-image":"","background-repeat":"repeat","background-position":"center center","background-size":"auto","background-attachment":"scroll","background-type":"","background-media":"","overlay-type":"","overlay-color":"","overlay-opacity":"","overlay-gradient":""}},"ast-content-background-meta":{"desktop":{"background-color":"var(--ast-global-color-5)","background-image":"","background-repeat":"repeat","background-position":"center center","background-size":"auto","background-attachment":"scroll","background-type":"","background-media":"","overlay-type":"","overlay-color":"","overlay-opacity":"","overlay-gradient":""},"tablet":{"background-color":"var(--ast-global-color-5)","background-image":"","background-repeat":"repeat","background-position":"center center","background-size":"auto","background-attachment":"scroll","background-type":"","background-media":"","overlay-type":"","overlay-color":"","overlay-opacity":"","overlay-gradient":""},"mobile":{"background-color":"var(--ast-global-color-5)","background-image":"","background-repeat":"repeat","background-position":"center center","background-size":"auto","background-attachment":"scroll","background-type":"","background-media":"","overlay-type":"","overlay-color":"","overlay-opacity":"","overlay-gradient":""}}},"product_brand":[],"product_cat":[12239,12231],"product_tag":[],"class_list":{"0":"post-482989","1":"product","2":"type-product","3":"status-publish","4":"has-post-thumbnail","6":"product_cat-multimedia_de_de","7":"product_cat-geluid_de_de","8":"desktop-align-center","9":"tablet-align-center","10":"mobile-align-center","11":"ast-product-gallery-layout-horizontal","12":"ast-product-tabs-layout-horizontal","14":"first","15":"onbackorder","16":"taxable","17":"shipping-taxable","18":"product-type-simple"},"acf":[],"yoast_head":"<!-- This site is optimized with the Yoast SEO plugin v26.5 - https:\/\/yoast.com\/wordpress\/plugins\/seo\/ -->\n<title>Bluetooth-Empf\u00e4nger mit 2X USB und AUX-Ausgang - grau (PMT060BT) - Caliber Europe B.V.<\/title>\n<meta name=\"robots\" content=\"noindex, follow, max-snippet:-1, max-image-preview:large, max-video-preview:-1\" \/>\n<meta property=\"og:locale\" content=\"de_DE\" \/>\n<meta property=\"og:type\" content=\"article\" \/>\n<meta property=\"og:title\" content=\"Bluetooth-Empf\u00e4nger mit 2X USB und AUX-Ausgang - grau (PMT060BT) - Caliber Europe B.V.\" \/>\n<meta property=\"og:description\" content=\"Mit dem Caliber PMT060BT k\u00f6nnen Sie ganz einfach Musik von Ihrem Autotelefon h\u00f6ren. Dieser Bluetooth-Empf\u00e4nger wird wie der Zigarettenanz\u00fcnder in eine 12- bis 24-Volt-Steckdose in Ihrem Auto eingesteckt. Die 3,5-mm-Klinkenbuchse wird in den Hilfseingang Ihres Autoradios eingesteckt und schon haben Sie Musik. Klangqualit\u00e4t und drahtlose AnrufeDas PMT060BT hat eine Bluetooth-Reichweite von 10 Metern, so dass [&hellip;]\" \/>\n<meta property=\"og:url\" content=\"https:\/\/b2b.calibereurope.com\/de\/?post_type=product&amp;p=482989\" \/>\n<meta property=\"og:site_name\" content=\"Caliber Europe B.V.\" \/>\n<meta property=\"article:modified_time\" content=\"2024-12-26T23:33:33+00:00\" \/>\n<meta property=\"og:image\" content=\"https:\/\/b2b.calibereurope.com\/wp-content\/uploads\/2021\/09\/d40fdb3517bfb4acd47fd7c8e944c3a43e5310c6_PMT060BT_slantwise.jpg\" \/>\n\t<meta property=\"og:image:width\" content=\"640\" \/>\n\t<meta property=\"og:image:height\" content=\"480\" \/>\n\t<meta property=\"og:image:type\" content=\"image\/jpeg\" \/>\n<meta name=\"twitter:card\" content=\"summary_large_image\" \/>\n<meta name=\"twitter:label1\" content=\"Gesch\u00e4tzte Lesezeit\" \/>\n\t<meta name=\"twitter:data1\" content=\"1\u00a0Minute\" \/>\n<script type=\"application\/ld+json\" class=\"yoast-schema-graph\">{\"@context\":\"https:\/\/schema.org\",\"@graph\":[{\"@type\":\"WebPage\",\"@id\":\"https:\/\/b2b.calibereurope.com\/de\/?post_type=product&p=482989\",\"url\":\"https:\/\/b2b.calibereurope.com\/de\/?post_type=product&p=482989\",\"name\":\"Bluetooth-Empf\u00e4nger mit 2X USB und AUX-Ausgang - grau (PMT060BT) - Caliber Europe B.V.\",\"isPartOf\":{\"@id\":\"https:\/\/b2b.calibereurope.com\/#website\"},\"primaryImageOfPage\":{\"@id\":\"https:\/\/b2b.calibereurope.com\/de\/?post_type=product&p=482989#primaryimage\"},\"image\":{\"@id\":\"https:\/\/b2b.calibereurope.com\/de\/?post_type=product&p=482989#primaryimage\"},\"thumbnailUrl\":\"https:\/\/b2b.calibereurope.com\/wp-content\/uploads\/2022\/03\/d40fdb3517bfb4acd47fd7c8e944c3a43e5310c6_PMT060BT_slantwise.jpg\",\"datePublished\":\"2022-03-31T00:00:00+00:00\",\"dateModified\":\"2024-12-26T23:33:33+00:00\",\"breadcrumb\":{\"@id\":\"https:\/\/b2b.calibereurope.com\/de\/?post_type=product&p=482989#breadcrumb\"},\"inLanguage\":\"de\",\"potentialAction\":[{\"@type\":\"ReadAction\",\"target\":[\"https:\/\/b2b.calibereurope.com\/de\/?post_type=product&p=482989\"]}]},{\"@type\":\"ImageObject\",\"inLanguage\":\"de\",\"@id\":\"https:\/\/b2b.calibereurope.com\/de\/?post_type=product&p=482989#primaryimage\",\"url\":\"https:\/\/b2b.calibereurope.com\/wp-content\/uploads\/2022\/03\/d40fdb3517bfb4acd47fd7c8e944c3a43e5310c6_PMT060BT_slantwise.jpg\",\"contentUrl\":\"https:\/\/b2b.calibereurope.com\/wp-content\/uploads\/2022\/03\/d40fdb3517bfb4acd47fd7c8e944c3a43e5310c6_PMT060BT_slantwise.jpg\",\"width\":640,\"height\":480},{\"@type\":\"BreadcrumbList\",\"@id\":\"https:\/\/b2b.calibereurope.com\/de\/?post_type=product&p=482989#breadcrumb\",\"itemListElement\":[{\"@type\":\"ListItem\",\"position\":1,\"name\":\"Home\",\"item\":\"https:\/\/b2b.calibereurope.com\/de\/\"},{\"@type\":\"ListItem\",\"position\":2,\"name\":\"Shop\",\"item\":\"https:\/\/b2b.calibereurope.com\/de\/shop\/\"},{\"@type\":\"ListItem\",\"position\":3,\"name\":\"Bluetooth-Empf\u00e4nger mit 2X USB und AUX-Ausgang &#8211; grau (PMT060BT)\"}]},{\"@type\":\"WebSite\",\"@id\":\"https:\/\/b2b.calibereurope.com\/#website\",\"url\":\"https:\/\/b2b.calibereurope.com\/\",\"name\":\"Caliber Europe B.V.\",\"description\":\"B2B Webshop\",\"publisher\":{\"@id\":\"https:\/\/b2b.calibereurope.com\/#organization\"},\"potentialAction\":[{\"@type\":\"SearchAction\",\"target\":{\"@type\":\"EntryPoint\",\"urlTemplate\":\"https:\/\/b2b.calibereurope.com\/?s={search_term_string}\"},\"query-input\":{\"@type\":\"PropertyValueSpecification\",\"valueRequired\":true,\"valueName\":\"search_term_string\"}}],\"inLanguage\":\"de\"},{\"@type\":\"Organization\",\"@id\":\"https:\/\/b2b.calibereurope.com\/#organization\",\"name\":\"Caliber Europe B.V.\",\"url\":\"https:\/\/b2b.calibereurope.com\/\",\"logo\":{\"@type\":\"ImageObject\",\"inLanguage\":\"de\",\"@id\":\"https:\/\/b2b.calibereurope.com\/#\/schema\/logo\/image\/\",\"url\":\"https:\/\/b2b.calibereurope.com\/wp-content\/uploads\/2020\/12\/Caliber_Logo-Black.png\",\"contentUrl\":\"https:\/\/b2b.calibereurope.com\/wp-content\/uploads\/2020\/12\/Caliber_Logo-Black.png\",\"width\":3157,\"height\":356,\"caption\":\"Caliber Europe B.V.\"},\"image\":{\"@id\":\"https:\/\/b2b.calibereurope.com\/#\/schema\/logo\/image\/\"}}]}<\/script>\n<!-- \/ Yoast SEO plugin. -->","yoast_head_json":{"title":"Bluetooth-Empf\u00e4nger mit 2X USB und AUX-Ausgang - grau (PMT060BT) - Caliber Europe B.V.","robots":{"index":"noindex","follow":"follow","max-snippet":"max-snippet:-1","max-image-preview":"max-image-preview:large","max-video-preview":"max-video-preview:-1"},"og_locale":"de_DE","og_type":"article","og_title":"Bluetooth-Empf\u00e4nger mit 2X USB und AUX-Ausgang - grau (PMT060BT) - Caliber Europe B.V.","og_description":"Mit dem Caliber PMT060BT k\u00f6nnen Sie ganz einfach Musik von Ihrem Autotelefon h\u00f6ren. Dieser Bluetooth-Empf\u00e4nger wird wie der Zigarettenanz\u00fcnder in eine 12- bis 24-Volt-Steckdose in Ihrem Auto eingesteckt. Die 3,5-mm-Klinkenbuchse wird in den Hilfseingang Ihres Autoradios eingesteckt und schon haben Sie Musik. Klangqualit\u00e4t und drahtlose AnrufeDas PMT060BT hat eine Bluetooth-Reichweite von 10 Metern, so dass [&hellip;]","og_url":"https:\/\/b2b.calibereurope.com\/de\/?post_type=product&p=482989","og_site_name":"Caliber Europe B.V.","article_modified_time":"2024-12-26T23:33:33+00:00","og_image":[{"width":640,"height":480,"url":"https:\/\/b2b.calibereurope.com\/wp-content\/uploads\/2021\/09\/d40fdb3517bfb4acd47fd7c8e944c3a43e5310c6_PMT060BT_slantwise.jpg","type":"image\/jpeg"}],"twitter_card":"summary_large_image","twitter_misc":{"Gesch\u00e4tzte Lesezeit":"1\u00a0Minute"},"schema":{"@context":"https:\/\/schema.org","@graph":[{"@type":"WebPage","@id":"https:\/\/b2b.calibereurope.com\/de\/?post_type=product&p=482989","url":"https:\/\/b2b.calibereurope.com\/de\/?post_type=product&p=482989","name":"Bluetooth-Empf\u00e4nger mit 2X USB und AUX-Ausgang - grau (PMT060BT) - Caliber Europe B.V.","isPartOf":{"@id":"https:\/\/b2b.calibereurope.com\/#website"},"primaryImageOfPage":{"@id":"https:\/\/b2b.calibereurope.com\/de\/?post_type=product&p=482989#primaryimage"},"image":{"@id":"https:\/\/b2b.calibereurope.com\/de\/?post_type=product&p=482989#primaryimage"},"thumbnailUrl":"https:\/\/b2b.calibereurope.com\/wp-content\/uploads\/2022\/03\/d40fdb3517bfb4acd47fd7c8e944c3a43e5310c6_PMT060BT_slantwise.jpg","datePublished":"2022-03-31T00:00:00+00:00","dateModified":"2024-12-26T23:33:33+00:00","breadcrumb":{"@id":"https:\/\/b2b.calibereurope.com\/de\/?post_type=product&p=482989#breadcrumb"},"inLanguage":"de","potentialAction":[{"@type":"ReadAction","target":["https:\/\/b2b.calibereurope.com\/de\/?post_type=product&p=482989"]}]},{"@type":"ImageObject","inLanguage":"de","@id":"https:\/\/b2b.calibereurope.com\/de\/?post_type=product&p=482989#primaryimage","url":"https:\/\/b2b.calibereurope.com\/wp-content\/uploads\/2022\/03\/d40fdb3517bfb4acd47fd7c8e944c3a43e5310c6_PMT060BT_slantwise.jpg","contentUrl":"https:\/\/b2b.calibereurope.com\/wp-content\/uploads\/2022\/03\/d40fdb3517bfb4acd47fd7c8e944c3a43e5310c6_PMT060BT_slantwise.jpg","width":640,"height":480},{"@type":"BreadcrumbList","@id":"https:\/\/b2b.calibereurope.com\/de\/?post_type=product&p=482989#breadcrumb","itemListElement":[{"@type":"ListItem","position":1,"name":"Home","item":"https:\/\/b2b.calibereurope.com\/de\/"},{"@type":"ListItem","position":2,"name":"Shop","item":"https:\/\/b2b.calibereurope.com\/de\/shop\/"},{"@type":"ListItem","position":3,"name":"Bluetooth-Empf\u00e4nger mit 2X USB und AUX-Ausgang &#8211; grau (PMT060BT)"}]},{"@type":"WebSite","@id":"https:\/\/b2b.calibereurope.com\/#website","url":"https:\/\/b2b.calibereurope.com\/","name":"Caliber Europe B.V.","description":"B2B Webshop","publisher":{"@id":"https:\/\/b2b.calibereurope.com\/#organization"},"potentialAction":[{"@type":"SearchAction","target":{"@type":"EntryPoint","urlTemplate":"https:\/\/b2b.calibereurope.com\/?s={search_term_string}"},"query-input":{"@type":"PropertyValueSpecification","valueRequired":true,"valueName":"search_term_string"}}],"inLanguage":"de"},{"@type":"Organization","@id":"https:\/\/b2b.calibereurope.com\/#organization","name":"Caliber Europe B.V.","url":"https:\/\/b2b.calibereurope.com\/","logo":{"@type":"ImageObject","inLanguage":"de","@id":"https:\/\/b2b.calibereurope.com\/#\/schema\/logo\/image\/","url":"https:\/\/b2b.calibereurope.com\/wp-content\/uploads\/2020\/12\/Caliber_Logo-Black.png","contentUrl":"https:\/\/b2b.calibereurope.com\/wp-content\/uploads\/2020\/12\/Caliber_Logo-Black.png","width":3157,"height":356,"caption":"Caliber Europe B.V."},"image":{"@id":"https:\/\/b2b.calibereurope.com\/#\/schema\/logo\/image\/"}}]}},"_links":{"self":[{"href":"https:\/\/b2b.calibereurope.com\/de\/wp-json\/wp\/v2\/product\/482989","targetHints":{"allow":["GET"]}}],"collection":[{"href":"https:\/\/b2b.calibereurope.com\/de\/wp-json\/wp\/v2\/product"}],"about":[{"href":"https:\/\/b2b.calibereurope.com\/de\/wp-json\/wp\/v2\/types\/product"}],"version-history":[{"count":0,"href":"https:\/\/b2b.calibereurope.com\/de\/wp-json\/wp\/v2\/product\/482989\/revisions"}],"wp:featuredmedia":[{"embeddable":true,"href":"https:\/\/b2b.calibereurope.com\/de\/wp-json\/wp\/v2\/media\/650587"}],"wp:attachment":[{"href":"https:\/\/b2b.calibereurope.com\/de\/wp-json\/wp\/v2\/media?parent=482989"}],"wp:term":[{"taxonomy":"product_brand","embeddable":true,"href":"https:\/\/b2b.calibereurope.com\/de\/wp-json\/wp\/v2\/product_brand?post=482989"},{"taxonomy":"product_cat","embeddable":true,"href":"https:\/\/b2b.calibereurope.com\/de\/wp-json\/wp\/v2\/product_cat?post=482989"},{"taxonomy":"product_tag","embeddable":true,"href":"https:\/\/b2b.calibereurope.com\/de\/wp-json\/wp\/v2\/product_tag?post=482989"}],"curies":[{"name":"wp","href":"https:\/\/api.w.org\/{rel}","templated":true}]}}