{"id":483441,"date":"2026-03-04T01:00:00","date_gmt":"2026-03-04T00:00:00","guid":{"rendered":"0"},"modified":"2026-03-04T09:06:46","modified_gmt":"2026-03-04T08:06:46","slug":"MPD298-de_DE","status":"publish","type":"product","link":"https:\/\/b2b.calibereurope.com\/de\/produkt\/MPD298-de_DE\/","title":{"rendered":"Tragbares DVD -Player -Auto &#8211; Set von 2 Spielern &#8211; 9 Zoll Bildschirm &#8211; mit Akku f\u00fcr 1,5 Stunden Spielzeit (MPD298)"},"content":{"rendered":"<p><P> Lassen Sie Ihre Kinder ihre Lieblingsfilme und -serien mit dem Caliber MPD298 tragbaren DVD -Player f\u00fcr das Auto auf langen Autofahrten genie\u00dfen. Dieser Satz <strong> zwei Spieler <\/strong> ist leicht an den Kopfst\u00fctzen <\/strong> im Auto zu befestigen. Auf dem <strong> 9 -Zoll -Bildschirm <\/strong> k\u00f6nnen Filme und Videos in h\u00f6chster Qualit\u00e4t angesehen werden. Dank der <strong> batterie <\/strong> h\u00f6rt das Spielen nicht auf, wenn das Auto ausgeschaltet ist. Zum Beispiel kann es auch w\u00e4hrend der Steckdose oder w\u00e4hrend des Auftankens angesehen werden. Die <strong> 2 -Bildschirme k\u00f6nnen auch <\/strong> verbunden werden, was bedeutet, dass nur <strong> ein DVD <\/strong> ben\u00f6tigt wird. <\/p>\n<p> <strong> Eigenschaften: <\/strong> <\/p>\n<ul>\n<li> 2 tragbare DVD -Player\n<li> 9 Zoll Bildschirm\n<li> 800 x 480 Pixel < LI> mit Batterie f\u00fcr 1,5 Stunden Spielzeit\n<li> 12 -V -Auto -Adapter\n<li> mit dem Montagesystem f\u00fcr die Kopfst\u00fctze\n<li> M\u00f6glichkeit, Bildschirme zu verbinden\n<li> f\u00fcr die Verwendung im Haus\n<li> mit USB -Eingabe\n<li> einschlie\u00dflich Kopfst\u00fctzenbeutel <\/li>\n<\/ul>\n<h3> Ideal f\u00fcr lange Autofahrten <\/h3>\n<p> Lange Autofahrten k\u00f6nnen schnell \u00e4rgerlich werden, wenn es keine Unterhaltung auf dem Weg gibt. Kinder, die unter Bewegungskrankheit leiden, k\u00f6nnen oft keine B\u00fccher im Auto lesen, sondern sich Videos ansehen. Mit diesen DVD -Spielern f\u00fcr das Auto haben sie jeweils einen eigenen Bildschirm, auf dem sie ihren Lieblingsfilm sehen k\u00f6nnen. Sie kann jeweils ihre eigene DVD w\u00e4hlen oder dank der Verbindungsoption den gleichen Film gemeinsam genie\u00dfen. <\/p>\n<h3> leicht und schnell best\u00e4tigt <\/h3>\n<p> Die Bildschirme k\u00f6nnen innerhalb weniger Sekunden mit den gelieferten Kopfst\u00fctzenbeuteln an einer Kopfst\u00fctze befestigt werden. Auf diese Weise sind Sie fast sofort bereit f\u00fcr den Abflug. Sie k\u00f6nnen die DVDs nicht auf der Stra\u00dfe finden oder zu viel Platz einbeziehen? Dann k\u00f6nnen Sie auch den USB -Anschluss verwenden, um Videos abzuspielen. <\/p>\n<h3> f\u00fcr Caravan, Camper und Home <\/H3> <\/p>\n<p> Der tragbare DVD -Player ist nicht nur f\u00fcr das Auto n\u00fctzlich, sondern k\u00f6nnen es auch perfekt in einem Wohnwagen oder Wohnmobil verwenden. Auf der R\u00fcckseite befindet sich ein praktischer Standard, der sicherstellt, dass Sie einfach den DVD -Player einsetzen k\u00f6nnen. Dies macht es zum idealen Accessoire f\u00fcr jeden Campingurlaub. <\/p>\n<p> <strong> <br \/> enthalten: <\/strong> <\/p>\n<ul>\n<li> 2 tragbare DVD -Player\n<li> Verbindungskabel\n<li> Kopfh\u00f6rer\n<li> Kopfst\u00fctzenbeutel <l> 12 V Leiter<br \/>\n","protected":false},"excerpt":{"rendered":"<p>Lassen Sie Ihre Kinder ihre Lieblingsfilme und -serien mit dem Caliber MPD298 tragbaren DVD -Player f\u00fcr das Auto auf langen Autofahrten genie\u00dfen. Dieser Satz zwei Spieler ist leicht an den Kopfst\u00fctzen im Auto zu befestigen. Auf dem 9 -Zoll -Bildschirm k\u00f6nnen Filme und Videos in h\u00f6chster Qualit\u00e4t angesehen werden. Dank der batterie h\u00f6rt das Spielen [&hellip;]<\/p>\n","protected":false},"featured_media":871526,"template":"","meta":{"_acf_changed":false,"site-sidebar-layout":"default","site-content-layout":"","ast-site-content-layout":"default","site-content-style":"default","site-sidebar-style":"default","ast-global-header-display":"","ast-banner-title-visibility":"","ast-main-header-display":"","ast-hfb-above-header-display":"","ast-hfb-below-header-display":"","ast-hfb-mobile-header-display":"","site-post-title":"","ast-breadcrumbs-content":"","ast-featured-img":"","footer-sml-layout":"","theme-transparent-header-meta":"","adv-header-id-meta":"","stick-header-meta":"","header-above-stick-meta":"","header-main-stick-meta":"","header-below-stick-meta":"","astra-migrate-meta-layouts":"default","ast-page-background-enabled":"default","ast-page-background-meta":{"desktop":{"background-color":"","background-image":"","background-repeat":"repeat","background-position":"center center","background-size":"auto","background-attachment":"scroll","background-type":"","background-media":"","overlay-type":"","overlay-color":"","overlay-opacity":"","overlay-gradient":""},"tablet":{"background-color":"","background-image":"","background-repeat":"repeat","background-position":"center center","background-size":"auto","background-attachment":"scroll","background-type":"","background-media":"","overlay-type":"","overlay-color":"","overlay-opacity":"","overlay-gradient":""},"mobile":{"background-color":"","background-image":"","background-repeat":"repeat","background-position":"center center","background-size":"auto","background-attachment":"scroll","background-type":"","background-media":"","overlay-type":"","overlay-color":"","overlay-opacity":"","overlay-gradient":""}},"ast-content-background-meta":{"desktop":{"background-color":"var(--ast-global-color-5)","background-image":"","background-repeat":"repeat","background-position":"center center","background-size":"auto","background-attachment":"scroll","background-type":"","background-media":"","overlay-type":"","overlay-color":"","overlay-opacity":"","overlay-gradient":""},"tablet":{"background-color":"var(--ast-global-color-5)","background-image":"","background-repeat":"repeat","background-position":"center center","background-size":"auto","background-attachment":"scroll","background-type":"","background-media":"","overlay-type":"","overlay-color":"","overlay-opacity":"","overlay-gradient":""},"mobile":{"background-color":"var(--ast-global-color-5)","background-image":"","background-repeat":"repeat","background-position":"center center","background-size":"auto","background-attachment":"scroll","background-type":"","background-media":"","overlay-type":"","overlay-color":"","overlay-opacity":"","overlay-gradient":""}}},"product_brand":[],"product_cat":[12183,12187],"product_tag":[],"class_list":{"0":"post-483441","1":"product","2":"type-product","3":"status-publish","4":"has-post-thumbnail","6":"product_cat-beeld_de_de","7":"product_cat-dvd_en_dvb_t_de_de","8":"desktop-align-center","9":"tablet-align-center","10":"mobile-align-center","11":"ast-product-gallery-layout-horizontal","12":"ast-product-tabs-layout-horizontal","14":"first","15":"instock","16":"taxable","17":"shipping-taxable","18":"purchasable","19":"product-type-simple"},"acf":[],"yoast_head":"<!-- This site is optimized with the Yoast SEO plugin v26.5 - https:\/\/yoast.com\/wordpress\/plugins\/seo\/ -->\n<title>Tragbares DVD -Player -Auto - Set von 2 Spielern - 9 Zoll Bildschirm - mit Akku f\u00fcr 1,5 Stunden Spielzeit (MPD298) - Caliber Europe B.V.<\/title>\n<meta name=\"robots\" content=\"noindex, follow, max-snippet:-1, max-image-preview:large, max-video-preview:-1\" \/>\n<meta property=\"og:locale\" content=\"de_DE\" \/>\n<meta property=\"og:type\" content=\"article\" \/>\n<meta property=\"og:title\" content=\"Tragbares DVD -Player -Auto - Set von 2 Spielern - 9 Zoll Bildschirm - mit Akku f\u00fcr 1,5 Stunden Spielzeit (MPD298) - Caliber Europe B.V.\" \/>\n<meta property=\"og:description\" content=\"Lassen Sie Ihre Kinder ihre Lieblingsfilme und -serien mit dem Caliber MPD298 tragbaren DVD -Player f\u00fcr das Auto auf langen Autofahrten genie\u00dfen. Dieser Satz zwei Spieler ist leicht an den Kopfst\u00fctzen im Auto zu befestigen. Auf dem 9 -Zoll -Bildschirm k\u00f6nnen Filme und Videos in h\u00f6chster Qualit\u00e4t angesehen werden. Dank der batterie h\u00f6rt das Spielen [&hellip;]\" \/>\n<meta property=\"og:url\" content=\"https:\/\/b2b.calibereurope.com\/de\/produkt\/MPD298-de_DE\/\" \/>\n<meta property=\"og:site_name\" content=\"Caliber Europe B.V.\" \/>\n<meta property=\"article:modified_time\" content=\"2026-03-04T08:06:46+00:00\" \/>\n<meta property=\"og:image\" content=\"https:\/\/b2b.calibereurope.com\/wp-content\/uploads\/2021\/11\/95bac52bd6aec490766a355f81aecfcd07b1c927_MPD298_compilatiefoto_web.jpg\" \/>\n\t<meta property=\"og:image:width\" content=\"1024\" \/>\n\t<meta property=\"og:image:height\" content=\"768\" \/>\n\t<meta property=\"og:image:type\" content=\"image\/jpeg\" \/>\n<meta name=\"twitter:card\" content=\"summary_large_image\" \/>\n<meta name=\"twitter:label1\" content=\"Gesch\u00e4tzte Lesezeit\" \/>\n\t<meta name=\"twitter:data1\" content=\"2\u00a0Minuten\" \/>\n<script type=\"application\/ld+json\" class=\"yoast-schema-graph\">{\"@context\":\"https:\/\/schema.org\",\"@graph\":[{\"@type\":\"WebPage\",\"@id\":\"https:\/\/b2b.calibereurope.com\/de\/produkt\/MPD298-de_DE\/\",\"url\":\"https:\/\/b2b.calibereurope.com\/de\/produkt\/MPD298-de_DE\/\",\"name\":\"Tragbares DVD -Player -Auto - Set von 2 Spielern - 9 Zoll Bildschirm - mit Akku f\u00fcr 1,5 Stunden Spielzeit (MPD298) - Caliber Europe B.V.\",\"isPartOf\":{\"@id\":\"https:\/\/b2b.calibereurope.com\/#website\"},\"primaryImageOfPage\":{\"@id\":\"https:\/\/b2b.calibereurope.com\/de\/produkt\/MPD298-de_DE\/#primaryimage\"},\"image\":{\"@id\":\"https:\/\/b2b.calibereurope.com\/de\/produkt\/MPD298-de_DE\/#primaryimage\"},\"thumbnailUrl\":\"https:\/\/b2b.calibereurope.com\/wp-content\/uploads\/2026\/03\/eee32c29bf8d60937e718b34abfdbb12d45f783f_MPD298_set_kids.jpg\",\"datePublished\":\"2026-03-04T00:00:00+00:00\",\"dateModified\":\"2026-03-04T08:06:46+00:00\",\"breadcrumb\":{\"@id\":\"https:\/\/b2b.calibereurope.com\/de\/produkt\/MPD298-de_DE\/#breadcrumb\"},\"inLanguage\":\"de\",\"potentialAction\":[{\"@type\":\"ReadAction\",\"target\":[\"https:\/\/b2b.calibereurope.com\/de\/produkt\/MPD298-de_DE\/\"]}]},{\"@type\":\"ImageObject\",\"inLanguage\":\"de\",\"@id\":\"https:\/\/b2b.calibereurope.com\/de\/produkt\/MPD298-de_DE\/#primaryimage\",\"url\":\"https:\/\/b2b.calibereurope.com\/wp-content\/uploads\/2026\/03\/eee32c29bf8d60937e718b34abfdbb12d45f783f_MPD298_set_kids.jpg\",\"contentUrl\":\"https:\/\/b2b.calibereurope.com\/wp-content\/uploads\/2026\/03\/eee32c29bf8d60937e718b34abfdbb12d45f783f_MPD298_set_kids.jpg\",\"width\":1024,\"height\":768},{\"@type\":\"BreadcrumbList\",\"@id\":\"https:\/\/b2b.calibereurope.com\/de\/produkt\/MPD298-de_DE\/#breadcrumb\",\"itemListElement\":[{\"@type\":\"ListItem\",\"position\":1,\"name\":\"Home\",\"item\":\"https:\/\/b2b.calibereurope.com\/de\/\"},{\"@type\":\"ListItem\",\"position\":2,\"name\":\"Shop\",\"item\":\"https:\/\/b2b.calibereurope.com\/de\/shop\/\"},{\"@type\":\"ListItem\",\"position\":3,\"name\":\"Satz mit 2 DVD-Spielern &#8211; 9 Zoll Schwarz (MPD298)\"}]},{\"@type\":\"WebSite\",\"@id\":\"https:\/\/b2b.calibereurope.com\/#website\",\"url\":\"https:\/\/b2b.calibereurope.com\/\",\"name\":\"Caliber Europe B.V.\",\"description\":\"B2B Webshop\",\"publisher\":{\"@id\":\"https:\/\/b2b.calibereurope.com\/#organization\"},\"potentialAction\":[{\"@type\":\"SearchAction\",\"target\":{\"@type\":\"EntryPoint\",\"urlTemplate\":\"https:\/\/b2b.calibereurope.com\/?s={search_term_string}\"},\"query-input\":{\"@type\":\"PropertyValueSpecification\",\"valueRequired\":true,\"valueName\":\"search_term_string\"}}],\"inLanguage\":\"de\"},{\"@type\":\"Organization\",\"@id\":\"https:\/\/b2b.calibereurope.com\/#organization\",\"name\":\"Caliber Europe B.V.\",\"url\":\"https:\/\/b2b.calibereurope.com\/\",\"logo\":{\"@type\":\"ImageObject\",\"inLanguage\":\"de\",\"@id\":\"https:\/\/b2b.calibereurope.com\/#\/schema\/logo\/image\/\",\"url\":\"https:\/\/b2b.calibereurope.com\/wp-content\/uploads\/2020\/12\/Caliber_Logo-Black.png\",\"contentUrl\":\"https:\/\/b2b.calibereurope.com\/wp-content\/uploads\/2020\/12\/Caliber_Logo-Black.png\",\"width\":3157,\"height\":356,\"caption\":\"Caliber Europe B.V.\"},\"image\":{\"@id\":\"https:\/\/b2b.calibereurope.com\/#\/schema\/logo\/image\/\"}}]}<\/script>\n<!-- \/ Yoast SEO plugin. -->","yoast_head_json":{"title":"Tragbares DVD -Player -Auto - Set von 2 Spielern - 9 Zoll Bildschirm - mit Akku f\u00fcr 1,5 Stunden Spielzeit (MPD298) - Caliber Europe B.V.","robots":{"index":"noindex","follow":"follow","max-snippet":"max-snippet:-1","max-image-preview":"max-image-preview:large","max-video-preview":"max-video-preview:-1"},"og_locale":"de_DE","og_type":"article","og_title":"Tragbares DVD -Player -Auto - Set von 2 Spielern - 9 Zoll Bildschirm - mit Akku f\u00fcr 1,5 Stunden Spielzeit (MPD298) - Caliber Europe B.V.","og_description":"Lassen Sie Ihre Kinder ihre Lieblingsfilme und -serien mit dem Caliber MPD298 tragbaren DVD -Player f\u00fcr das Auto auf langen Autofahrten genie\u00dfen. Dieser Satz zwei Spieler ist leicht an den Kopfst\u00fctzen im Auto zu befestigen. Auf dem 9 -Zoll -Bildschirm k\u00f6nnen Filme und Videos in h\u00f6chster Qualit\u00e4t angesehen werden. Dank der batterie h\u00f6rt das Spielen [&hellip;]","og_url":"https:\/\/b2b.calibereurope.com\/de\/produkt\/MPD298-de_DE\/","og_site_name":"Caliber Europe B.V.","article_modified_time":"2026-03-04T08:06:46+00:00","og_image":[{"width":1024,"height":768,"url":"https:\/\/b2b.calibereurope.com\/wp-content\/uploads\/2021\/11\/95bac52bd6aec490766a355f81aecfcd07b1c927_MPD298_compilatiefoto_web.jpg","type":"image\/jpeg"}],"twitter_card":"summary_large_image","twitter_misc":{"Gesch\u00e4tzte Lesezeit":"2\u00a0Minuten"},"schema":{"@context":"https:\/\/schema.org","@graph":[{"@type":"WebPage","@id":"https:\/\/b2b.calibereurope.com\/de\/produkt\/MPD298-de_DE\/","url":"https:\/\/b2b.calibereurope.com\/de\/produkt\/MPD298-de_DE\/","name":"Tragbares DVD -Player -Auto - Set von 2 Spielern - 9 Zoll Bildschirm - mit Akku f\u00fcr 1,5 Stunden Spielzeit (MPD298) - Caliber Europe B.V.","isPartOf":{"@id":"https:\/\/b2b.calibereurope.com\/#website"},"primaryImageOfPage":{"@id":"https:\/\/b2b.calibereurope.com\/de\/produkt\/MPD298-de_DE\/#primaryimage"},"image":{"@id":"https:\/\/b2b.calibereurope.com\/de\/produkt\/MPD298-de_DE\/#primaryimage"},"thumbnailUrl":"https:\/\/b2b.calibereurope.com\/wp-content\/uploads\/2026\/03\/eee32c29bf8d60937e718b34abfdbb12d45f783f_MPD298_set_kids.jpg","datePublished":"2026-03-04T00:00:00+00:00","dateModified":"2026-03-04T08:06:46+00:00","breadcrumb":{"@id":"https:\/\/b2b.calibereurope.com\/de\/produkt\/MPD298-de_DE\/#breadcrumb"},"inLanguage":"de","potentialAction":[{"@type":"ReadAction","target":["https:\/\/b2b.calibereurope.com\/de\/produkt\/MPD298-de_DE\/"]}]},{"@type":"ImageObject","inLanguage":"de","@id":"https:\/\/b2b.calibereurope.com\/de\/produkt\/MPD298-de_DE\/#primaryimage","url":"https:\/\/b2b.calibereurope.com\/wp-content\/uploads\/2026\/03\/eee32c29bf8d60937e718b34abfdbb12d45f783f_MPD298_set_kids.jpg","contentUrl":"https:\/\/b2b.calibereurope.com\/wp-content\/uploads\/2026\/03\/eee32c29bf8d60937e718b34abfdbb12d45f783f_MPD298_set_kids.jpg","width":1024,"height":768},{"@type":"BreadcrumbList","@id":"https:\/\/b2b.calibereurope.com\/de\/produkt\/MPD298-de_DE\/#breadcrumb","itemListElement":[{"@type":"ListItem","position":1,"name":"Home","item":"https:\/\/b2b.calibereurope.com\/de\/"},{"@type":"ListItem","position":2,"name":"Shop","item":"https:\/\/b2b.calibereurope.com\/de\/shop\/"},{"@type":"ListItem","position":3,"name":"Satz mit 2 DVD-Spielern &#8211; 9 Zoll Schwarz (MPD298)"}]},{"@type":"WebSite","@id":"https:\/\/b2b.calibereurope.com\/#website","url":"https:\/\/b2b.calibereurope.com\/","name":"Caliber Europe B.V.","description":"B2B Webshop","publisher":{"@id":"https:\/\/b2b.calibereurope.com\/#organization"},"potentialAction":[{"@type":"SearchAction","target":{"@type":"EntryPoint","urlTemplate":"https:\/\/b2b.calibereurope.com\/?s={search_term_string}"},"query-input":{"@type":"PropertyValueSpecification","valueRequired":true,"valueName":"search_term_string"}}],"inLanguage":"de"},{"@type":"Organization","@id":"https:\/\/b2b.calibereurope.com\/#organization","name":"Caliber Europe B.V.","url":"https:\/\/b2b.calibereurope.com\/","logo":{"@type":"ImageObject","inLanguage":"de","@id":"https:\/\/b2b.calibereurope.com\/#\/schema\/logo\/image\/","url":"https:\/\/b2b.calibereurope.com\/wp-content\/uploads\/2020\/12\/Caliber_Logo-Black.png","contentUrl":"https:\/\/b2b.calibereurope.com\/wp-content\/uploads\/2020\/12\/Caliber_Logo-Black.png","width":3157,"height":356,"caption":"Caliber Europe B.V."},"image":{"@id":"https:\/\/b2b.calibereurope.com\/#\/schema\/logo\/image\/"}}]}},"_links":{"self":[{"href":"https:\/\/b2b.calibereurope.com\/de\/wp-json\/wp\/v2\/product\/483441","targetHints":{"allow":["GET"]}}],"collection":[{"href":"https:\/\/b2b.calibereurope.com\/de\/wp-json\/wp\/v2\/product"}],"about":[{"href":"https:\/\/b2b.calibereurope.com\/de\/wp-json\/wp\/v2\/types\/product"}],"version-history":[{"count":0,"href":"https:\/\/b2b.calibereurope.com\/de\/wp-json\/wp\/v2\/product\/483441\/revisions"}],"wp:featuredmedia":[{"embeddable":true,"href":"https:\/\/b2b.calibereurope.com\/de\/wp-json\/wp\/v2\/media\/871526"}],"wp:attachment":[{"href":"https:\/\/b2b.calibereurope.com\/de\/wp-json\/wp\/v2\/media?parent=483441"}],"wp:term":[{"taxonomy":"product_brand","embeddable":true,"href":"https:\/\/b2b.calibereurope.com\/de\/wp-json\/wp\/v2\/product_brand?post=483441"},{"taxonomy":"product_cat","embeddable":true,"href":"https:\/\/b2b.calibereurope.com\/de\/wp-json\/wp\/v2\/product_cat?post=483441"},{"taxonomy":"product_tag","embeddable":true,"href":"https:\/\/b2b.calibereurope.com\/de\/wp-json\/wp\/v2\/product_tag?post=483441"}],"curies":[{"name":"wp","href":"https:\/\/api.w.org\/{rel}","templated":true}]}}