{"id":483557,"date":"2024-07-11T02:00:00","date_gmt":"2024-07-11T00:00:00","guid":{"rendered":""},"modified":"2024-07-11T14:50:02","modified_gmt":"2024-07-11T12:50:02","slug":"MPD107-de_DE","status":"publish","type":"product","link":"https:\/\/b2b.calibereurope.com\/de\/produkt\/MPD107-de_DE\/","title":{"rendered":"Tragbarer DVD-Player f\u00fcr das Auto &#8211; 7-Zoll-Bildschirm &#8211; inkl. Kopfst\u00fctzenhalterung (MPD107)"},"content":{"rendered":"<p>Peppen Sie eine lange Autofahrt im Handumdrehen auf mit diesem Caliber MPD107 tragbaren DVD-Player. Ob Sie nun stundenlang der Route du Soleil folgen oder einige Zeit im Auto verbringen, um Ihre Familie zu besuchen: Kinder werden mit ihren Lieblingsfilmen unendlich gut unterhalten. Befestigen Sie den DVD-Player mit dem <strong>mitgelieferten Montagesystem <\/strong>ganz einfach an <strong>der Kopfst\u00fctze Ihres Autos<\/strong>. Der <strong>7-Zoll-Bildschirm <\/strong>ist <strong>verstellbar<\/strong>, sodass das Bild immer gut sichtbar ist. Dank der <strong>eingebauten Batterie <\/strong>bleibt der DVD-Bildschirm auch dann eingeschaltet, wenn das Auto bei einem Zwischenstopp ausgeschaltet wird.<\/p>\n<p><\/p>\n<p><strong>Merkmale:<\/strong><\/p>\n<ul>\n<li>Tragbarer USB\/CD\/DVD-Player<\/li>\n<li>7-Zoll-Bildschirm<\/li>\n<li>800 x 480 Pixel<\/li>\n<li>Einstellbarer Bildschirm<\/li>\n<li>Eingebaute Lautsprecher<\/li>\n<li>2 Stunden drahtlose Spielzeit<\/li>\n<li>Aufladen mit Netz- oder 12-Volt-Anschluss<\/li>\n<li>Einfaches Befestigungssystem f\u00fcr die Kopfst\u00fctze<\/li>\n<\/ul>\n<h3>Bequem in Bewegung<\/h3>\n<p>Mit diesem tragbaren DVD-Player f\u00fcr das Auto werden Autofahrten nicht mehr langweilig, sondern machen Spa\u00df. Mit diesem tragbaren DVD-Player haben Kinder endlosen Spa\u00df an ihren Lieblingsfilmen und -serien. Mit dem Montagesystem k\u00f6nnen Sie den DVD-Player ganz einfach an der Kopfst\u00fctze des Autos befestigen, um ein noch besseres Bild zu erhalten. Der 7-Zoll-Bildschirm gibt alles klar wieder.<\/p>\n<h3>Intelligentes System<\/h3>\n<p>Dank des eingebauten Akkus dieses tragbaren DVD-Players wird der Film oder die Serie weiter abgespielt. Wenn das Auto ausgeschaltet und die 12-V-Stromversorgung unterbrochen wird, schaltet sich der DVD-Player also nicht aus. Ideal, wenn Sie einen Zwischenstopp einlegen und die Kinder einfach hierbleiben k\u00f6nnen. M\u00f6chten Sie den Film unterbrechen? Dann k\u00f6nnen Sie dies ganz einfach \u00fcber die Fernbedienung tun. Mit diesem tragbaren DVD-Player k\u00f6nnen Sie verschiedene Dateien im Auto abspielen: von USB bis CD, MP3 und nat\u00fcrlich DVD.<\/p>\n<h3>Auch zu Hause verwenden<\/h3>\n<p>Sie sind an Ihrem Ziel angekommen? Dann k\u00f6nnen Sie den tragbaren DVD-Player problemlos mit nach drinnen nehmen. Denn der tragbare DVD-Player kann dank seines 220V-Netzteils (PS32) auch zu Hause verwendet werden. Auf diese Weise k\u00f6nnen die Kinder ganz einfach einen Film in ihrem Schlafzimmer ansehen oder an einem regnerischen Abend in Ihrem Ferienhaus mit der ganzen Familie Fotos anschauen.<\/p>\n<p><strong><br \/>&nbsp;Mitgeliefert:<\/strong><\/p>\n<ul>\n<li>Caliber Tragbarer DVD-Player<\/li>\n<li>Fernbedienung<\/li>\n<li>Befestigungssystem f\u00fcr die Kopfst\u00fctze im Auto<\/li>\n<li>12V Autoadapter<\/li>\n<li>230V-Netzadapter<\/li>\n<\/ul>\n","protected":false},"excerpt":{"rendered":"<p>Peppen Sie eine lange Autofahrt im Handumdrehen auf mit diesem Caliber MPD107 tragbaren DVD-Player. Ob Sie nun stundenlang der Route du Soleil folgen oder einige Zeit im Auto verbringen, um Ihre Familie zu besuchen: Kinder werden mit ihren Lieblingsfilmen unendlich gut unterhalten. Befestigen Sie den DVD-Player mit dem mitgelieferten Montagesystem ganz einfach an der Kopfst\u00fctze [&hellip;]<\/p>\n","protected":false},"featured_media":846944,"template":"","meta":{"_acf_changed":false,"site-sidebar-layout":"default","site-content-layout":"","ast-site-content-layout":"default","site-content-style":"default","site-sidebar-style":"default","ast-global-header-display":"","ast-banner-title-visibility":"","ast-main-header-display":"","ast-hfb-above-header-display":"","ast-hfb-below-header-display":"","ast-hfb-mobile-header-display":"","site-post-title":"","ast-breadcrumbs-content":"","ast-featured-img":"","footer-sml-layout":"","theme-transparent-header-meta":"","adv-header-id-meta":"","stick-header-meta":"","header-above-stick-meta":"","header-main-stick-meta":"","header-below-stick-meta":"","astra-migrate-meta-layouts":"default","ast-page-background-enabled":"default","ast-page-background-meta":{"desktop":{"background-color":"","background-image":"","background-repeat":"repeat","background-position":"center center","background-size":"auto","background-attachment":"scroll","background-type":"","background-media":"","overlay-type":"","overlay-color":"","overlay-opacity":"","overlay-gradient":""},"tablet":{"background-color":"","background-image":"","background-repeat":"repeat","background-position":"center center","background-size":"auto","background-attachment":"scroll","background-type":"","background-media":"","overlay-type":"","overlay-color":"","overlay-opacity":"","overlay-gradient":""},"mobile":{"background-color":"","background-image":"","background-repeat":"repeat","background-position":"center center","background-size":"auto","background-attachment":"scroll","background-type":"","background-media":"","overlay-type":"","overlay-color":"","overlay-opacity":"","overlay-gradient":""}},"ast-content-background-meta":{"desktop":{"background-color":"var(--ast-global-color-5)","background-image":"","background-repeat":"repeat","background-position":"center center","background-size":"auto","background-attachment":"scroll","background-type":"","background-media":"","overlay-type":"","overlay-color":"","overlay-opacity":"","overlay-gradient":""},"tablet":{"background-color":"var(--ast-global-color-5)","background-image":"","background-repeat":"repeat","background-position":"center center","background-size":"auto","background-attachment":"scroll","background-type":"","background-media":"","overlay-type":"","overlay-color":"","overlay-opacity":"","overlay-gradient":""},"mobile":{"background-color":"var(--ast-global-color-5)","background-image":"","background-repeat":"repeat","background-position":"center center","background-size":"auto","background-attachment":"scroll","background-type":"","background-media":"","overlay-type":"","overlay-color":"","overlay-opacity":"","overlay-gradient":""}}},"product_brand":[],"product_cat":[22956],"product_tag":[],"class_list":{"0":"post-483557","1":"product","2":"type-product","3":"status-publish","4":"has-post-thumbnail","6":"product_cat-keine-kategorie","7":"desktop-align-center","8":"tablet-align-center","9":"mobile-align-center","10":"ast-product-gallery-layout-horizontal","11":"ast-product-tabs-layout-horizontal","13":"first","14":"instock","15":"taxable","16":"shipping-taxable","17":"purchasable","18":"product-type-simple"},"acf":[],"yoast_head":"<!-- This site is optimized with the Yoast SEO plugin v26.5 - https:\/\/yoast.com\/wordpress\/plugins\/seo\/ -->\n<title>Tragbarer DVD-Player f\u00fcr das Auto - 7-Zoll-Bildschirm - inkl. Kopfst\u00fctzenhalterung (MPD107) - Caliber Europe B.V.<\/title>\n<meta name=\"robots\" content=\"noindex, follow, max-snippet:-1, max-image-preview:large, max-video-preview:-1\" \/>\n<meta property=\"og:locale\" content=\"de_DE\" \/>\n<meta property=\"og:type\" content=\"article\" \/>\n<meta property=\"og:title\" content=\"Tragbarer DVD-Player f\u00fcr das Auto - 7-Zoll-Bildschirm - inkl. Kopfst\u00fctzenhalterung (MPD107) - Caliber Europe B.V.\" \/>\n<meta property=\"og:description\" content=\"Peppen Sie eine lange Autofahrt im Handumdrehen auf mit diesem Caliber MPD107 tragbaren DVD-Player. Ob Sie nun stundenlang der Route du Soleil folgen oder einige Zeit im Auto verbringen, um Ihre Familie zu besuchen: Kinder werden mit ihren Lieblingsfilmen unendlich gut unterhalten. Befestigen Sie den DVD-Player mit dem mitgelieferten Montagesystem ganz einfach an der Kopfst\u00fctze [&hellip;]\" \/>\n<meta property=\"og:url\" content=\"https:\/\/b2b.calibereurope.com\/de\/produkt\/MPD107-de_DE\/\" \/>\n<meta property=\"og:site_name\" content=\"Caliber Europe B.V.\" \/>\n<meta property=\"article:modified_time\" content=\"2024-07-11T12:50:02+00:00\" \/>\n<meta property=\"og:image\" content=\"https:\/\/b2b.calibereurope.com\/wp-content\/uploads\/2021\/11\/feeefec204378678e5f95e99cca53ea81f708f45_MPD107_rotated_web.jpg\" \/>\n\t<meta property=\"og:image:width\" content=\"1023\" \/>\n\t<meta property=\"og:image:height\" content=\"768\" \/>\n\t<meta property=\"og:image:type\" content=\"image\/jpeg\" \/>\n<meta name=\"twitter:card\" content=\"summary_large_image\" \/>\n<meta name=\"twitter:label1\" content=\"Gesch\u00e4tzte Lesezeit\" \/>\n\t<meta name=\"twitter:data1\" content=\"2\u00a0Minuten\" \/>\n<script type=\"application\/ld+json\" class=\"yoast-schema-graph\">{\"@context\":\"https:\/\/schema.org\",\"@graph\":[{\"@type\":\"WebPage\",\"@id\":\"https:\/\/b2b.calibereurope.com\/de\/produkt\/MPD107-de_DE\/\",\"url\":\"https:\/\/b2b.calibereurope.com\/de\/produkt\/MPD107-de_DE\/\",\"name\":\"Tragbarer DVD-Player f\u00fcr das Auto - 7-Zoll-Bildschirm - inkl. Kopfst\u00fctzenhalterung (MPD107) - Caliber Europe B.V.\",\"isPartOf\":{\"@id\":\"https:\/\/b2b.calibereurope.com\/#website\"},\"primaryImageOfPage\":{\"@id\":\"https:\/\/b2b.calibereurope.com\/de\/produkt\/MPD107-de_DE\/#primaryimage\"},\"image\":{\"@id\":\"https:\/\/b2b.calibereurope.com\/de\/produkt\/MPD107-de_DE\/#primaryimage\"},\"thumbnailUrl\":\"https:\/\/b2b.calibereurope.com\/wp-content\/uploads\/2024\/07\/e1ea284759f2a5373804c89aa09193b50355e464_MPD107_open_kids.jpg\",\"datePublished\":\"2024-07-11T00:00:00+00:00\",\"dateModified\":\"2024-07-11T12:50:02+00:00\",\"breadcrumb\":{\"@id\":\"https:\/\/b2b.calibereurope.com\/de\/produkt\/MPD107-de_DE\/#breadcrumb\"},\"inLanguage\":\"de\",\"potentialAction\":[{\"@type\":\"ReadAction\",\"target\":[\"https:\/\/b2b.calibereurope.com\/de\/produkt\/MPD107-de_DE\/\"]}]},{\"@type\":\"ImageObject\",\"inLanguage\":\"de\",\"@id\":\"https:\/\/b2b.calibereurope.com\/de\/produkt\/MPD107-de_DE\/#primaryimage\",\"url\":\"https:\/\/b2b.calibereurope.com\/wp-content\/uploads\/2024\/07\/e1ea284759f2a5373804c89aa09193b50355e464_MPD107_open_kids.jpg\",\"contentUrl\":\"https:\/\/b2b.calibereurope.com\/wp-content\/uploads\/2024\/07\/e1ea284759f2a5373804c89aa09193b50355e464_MPD107_open_kids.jpg\",\"width\":1024,\"height\":768},{\"@type\":\"BreadcrumbList\",\"@id\":\"https:\/\/b2b.calibereurope.com\/de\/produkt\/MPD107-de_DE\/#breadcrumb\",\"itemListElement\":[{\"@type\":\"ListItem\",\"position\":1,\"name\":\"Home\",\"item\":\"https:\/\/b2b.calibereurope.com\/de\/\"},{\"@type\":\"ListItem\",\"position\":2,\"name\":\"Shop\",\"item\":\"https:\/\/b2b.calibereurope.com\/de\/shop\/\"},{\"@type\":\"ListItem\",\"position\":3,\"name\":\"Tragbarer DVD-Player &#8211; 7 Zoll Schwarz (MPD107)\"}]},{\"@type\":\"WebSite\",\"@id\":\"https:\/\/b2b.calibereurope.com\/#website\",\"url\":\"https:\/\/b2b.calibereurope.com\/\",\"name\":\"Caliber Europe B.V.\",\"description\":\"B2B Webshop\",\"publisher\":{\"@id\":\"https:\/\/b2b.calibereurope.com\/#organization\"},\"potentialAction\":[{\"@type\":\"SearchAction\",\"target\":{\"@type\":\"EntryPoint\",\"urlTemplate\":\"https:\/\/b2b.calibereurope.com\/?s={search_term_string}\"},\"query-input\":{\"@type\":\"PropertyValueSpecification\",\"valueRequired\":true,\"valueName\":\"search_term_string\"}}],\"inLanguage\":\"de\"},{\"@type\":\"Organization\",\"@id\":\"https:\/\/b2b.calibereurope.com\/#organization\",\"name\":\"Caliber Europe B.V.\",\"url\":\"https:\/\/b2b.calibereurope.com\/\",\"logo\":{\"@type\":\"ImageObject\",\"inLanguage\":\"de\",\"@id\":\"https:\/\/b2b.calibereurope.com\/#\/schema\/logo\/image\/\",\"url\":\"https:\/\/b2b.calibereurope.com\/wp-content\/uploads\/2020\/12\/Caliber_Logo-Black.png\",\"contentUrl\":\"https:\/\/b2b.calibereurope.com\/wp-content\/uploads\/2020\/12\/Caliber_Logo-Black.png\",\"width\":3157,\"height\":356,\"caption\":\"Caliber Europe B.V.\"},\"image\":{\"@id\":\"https:\/\/b2b.calibereurope.com\/#\/schema\/logo\/image\/\"}}]}<\/script>\n<!-- \/ Yoast SEO plugin. -->","yoast_head_json":{"title":"Tragbarer DVD-Player f\u00fcr das Auto - 7-Zoll-Bildschirm - inkl. Kopfst\u00fctzenhalterung (MPD107) - Caliber Europe B.V.","robots":{"index":"noindex","follow":"follow","max-snippet":"max-snippet:-1","max-image-preview":"max-image-preview:large","max-video-preview":"max-video-preview:-1"},"og_locale":"de_DE","og_type":"article","og_title":"Tragbarer DVD-Player f\u00fcr das Auto - 7-Zoll-Bildschirm - inkl. Kopfst\u00fctzenhalterung (MPD107) - Caliber Europe B.V.","og_description":"Peppen Sie eine lange Autofahrt im Handumdrehen auf mit diesem Caliber MPD107 tragbaren DVD-Player. Ob Sie nun stundenlang der Route du Soleil folgen oder einige Zeit im Auto verbringen, um Ihre Familie zu besuchen: Kinder werden mit ihren Lieblingsfilmen unendlich gut unterhalten. Befestigen Sie den DVD-Player mit dem mitgelieferten Montagesystem ganz einfach an der Kopfst\u00fctze [&hellip;]","og_url":"https:\/\/b2b.calibereurope.com\/de\/produkt\/MPD107-de_DE\/","og_site_name":"Caliber Europe B.V.","article_modified_time":"2024-07-11T12:50:02+00:00","og_image":[{"width":1023,"height":768,"url":"https:\/\/b2b.calibereurope.com\/wp-content\/uploads\/2021\/11\/feeefec204378678e5f95e99cca53ea81f708f45_MPD107_rotated_web.jpg","type":"image\/jpeg"}],"twitter_card":"summary_large_image","twitter_misc":{"Gesch\u00e4tzte Lesezeit":"2\u00a0Minuten"},"schema":{"@context":"https:\/\/schema.org","@graph":[{"@type":"WebPage","@id":"https:\/\/b2b.calibereurope.com\/de\/produkt\/MPD107-de_DE\/","url":"https:\/\/b2b.calibereurope.com\/de\/produkt\/MPD107-de_DE\/","name":"Tragbarer DVD-Player f\u00fcr das Auto - 7-Zoll-Bildschirm - inkl. Kopfst\u00fctzenhalterung (MPD107) - Caliber Europe B.V.","isPartOf":{"@id":"https:\/\/b2b.calibereurope.com\/#website"},"primaryImageOfPage":{"@id":"https:\/\/b2b.calibereurope.com\/de\/produkt\/MPD107-de_DE\/#primaryimage"},"image":{"@id":"https:\/\/b2b.calibereurope.com\/de\/produkt\/MPD107-de_DE\/#primaryimage"},"thumbnailUrl":"https:\/\/b2b.calibereurope.com\/wp-content\/uploads\/2024\/07\/e1ea284759f2a5373804c89aa09193b50355e464_MPD107_open_kids.jpg","datePublished":"2024-07-11T00:00:00+00:00","dateModified":"2024-07-11T12:50:02+00:00","breadcrumb":{"@id":"https:\/\/b2b.calibereurope.com\/de\/produkt\/MPD107-de_DE\/#breadcrumb"},"inLanguage":"de","potentialAction":[{"@type":"ReadAction","target":["https:\/\/b2b.calibereurope.com\/de\/produkt\/MPD107-de_DE\/"]}]},{"@type":"ImageObject","inLanguage":"de","@id":"https:\/\/b2b.calibereurope.com\/de\/produkt\/MPD107-de_DE\/#primaryimage","url":"https:\/\/b2b.calibereurope.com\/wp-content\/uploads\/2024\/07\/e1ea284759f2a5373804c89aa09193b50355e464_MPD107_open_kids.jpg","contentUrl":"https:\/\/b2b.calibereurope.com\/wp-content\/uploads\/2024\/07\/e1ea284759f2a5373804c89aa09193b50355e464_MPD107_open_kids.jpg","width":1024,"height":768},{"@type":"BreadcrumbList","@id":"https:\/\/b2b.calibereurope.com\/de\/produkt\/MPD107-de_DE\/#breadcrumb","itemListElement":[{"@type":"ListItem","position":1,"name":"Home","item":"https:\/\/b2b.calibereurope.com\/de\/"},{"@type":"ListItem","position":2,"name":"Shop","item":"https:\/\/b2b.calibereurope.com\/de\/shop\/"},{"@type":"ListItem","position":3,"name":"Tragbarer DVD-Player &#8211; 7 Zoll Schwarz (MPD107)"}]},{"@type":"WebSite","@id":"https:\/\/b2b.calibereurope.com\/#website","url":"https:\/\/b2b.calibereurope.com\/","name":"Caliber Europe B.V.","description":"B2B Webshop","publisher":{"@id":"https:\/\/b2b.calibereurope.com\/#organization"},"potentialAction":[{"@type":"SearchAction","target":{"@type":"EntryPoint","urlTemplate":"https:\/\/b2b.calibereurope.com\/?s={search_term_string}"},"query-input":{"@type":"PropertyValueSpecification","valueRequired":true,"valueName":"search_term_string"}}],"inLanguage":"de"},{"@type":"Organization","@id":"https:\/\/b2b.calibereurope.com\/#organization","name":"Caliber Europe B.V.","url":"https:\/\/b2b.calibereurope.com\/","logo":{"@type":"ImageObject","inLanguage":"de","@id":"https:\/\/b2b.calibereurope.com\/#\/schema\/logo\/image\/","url":"https:\/\/b2b.calibereurope.com\/wp-content\/uploads\/2020\/12\/Caliber_Logo-Black.png","contentUrl":"https:\/\/b2b.calibereurope.com\/wp-content\/uploads\/2020\/12\/Caliber_Logo-Black.png","width":3157,"height":356,"caption":"Caliber Europe B.V."},"image":{"@id":"https:\/\/b2b.calibereurope.com\/#\/schema\/logo\/image\/"}}]}},"_links":{"self":[{"href":"https:\/\/b2b.calibereurope.com\/de\/wp-json\/wp\/v2\/product\/483557","targetHints":{"allow":["GET"]}}],"collection":[{"href":"https:\/\/b2b.calibereurope.com\/de\/wp-json\/wp\/v2\/product"}],"about":[{"href":"https:\/\/b2b.calibereurope.com\/de\/wp-json\/wp\/v2\/types\/product"}],"version-history":[{"count":0,"href":"https:\/\/b2b.calibereurope.com\/de\/wp-json\/wp\/v2\/product\/483557\/revisions"}],"wp:featuredmedia":[{"embeddable":true,"href":"https:\/\/b2b.calibereurope.com\/de\/wp-json\/wp\/v2\/media\/846944"}],"wp:attachment":[{"href":"https:\/\/b2b.calibereurope.com\/de\/wp-json\/wp\/v2\/media?parent=483557"}],"wp:term":[{"taxonomy":"product_brand","embeddable":true,"href":"https:\/\/b2b.calibereurope.com\/de\/wp-json\/wp\/v2\/product_brand?post=483557"},{"taxonomy":"product_cat","embeddable":true,"href":"https:\/\/b2b.calibereurope.com\/de\/wp-json\/wp\/v2\/product_cat?post=483557"},{"taxonomy":"product_tag","embeddable":true,"href":"https:\/\/b2b.calibereurope.com\/de\/wp-json\/wp\/v2\/product_tag?post=483557"}],"curies":[{"name":"wp","href":"https:\/\/api.w.org\/{rel}","templated":true}]}}