{"id":483709,"date":"2025-12-10T01:00:00","date_gmt":"2025-12-10T00:00:00","guid":{"rendered":"0"},"modified":"2025-12-10T09:27:51","modified_gmt":"2025-12-10T08:27:51","slug":"HFG411BT-de_DE","status":"publish","type":"product","link":"https:\/\/b2b.calibereurope.com\/de\/produkt\/HFG411BT-de_DE\/","title":{"rendered":"Bluetooth\u00ae Technologie-Lautsprecher &#8211; Retro USB Schwarz (HFG411BT)"},"content":{"rendered":"<p>Der Caliber HFG411BT ist ein Bluetooth\u00ae Technologie -Lautsprecher mit einem echten Retro-Look. Schlie\u00dfen Sie Ihr Smartphone, Tablet oder Laptop \u00fcber Bluetooth\u00ae Technologie  an und h\u00f6ren Sie Ihre Lieblingsmusik zu Hause. Dank der Bluetooth\u00ae Technologie -Profile A2DP und AVRCP ist die Qualit\u00e4t der Bluetooth\u00ae Technologie -Verbindung hoch, so dass Sie Ihre Musik klar und ohne Schluckauf h\u00f6ren k\u00f6nnen. Dank der kompakten Gr\u00f6\u00dfe l\u00e4sst sich dieser Lautsprecher leicht auf dem Tisch, im Schrank oder auf der K\u00fcchentheke platzieren. Der Lautsprecher hat eine maximale Leistung von 45 Watt RMS. Also genug Volumen f\u00fcr einen Abend mit Ihren Freunden oder beim Kochen. <\/p>\n<p><strong>Verbinden<\/strong><br \/>Verbinden Sie Ihr Ger\u00e4t \u00fcber Bluetooth\u00ae Technologie  und bleiben Sie bis zu 10 Meter entfernt verbunden. M\u00f6chten Sie Ihre Musik auf eine andere Art und Weise als \u00fcber Bluetooth\u00ae Technologie  abspielen? Auch das ist m\u00f6glich. Der HFG411BT verf\u00fcgt \u00fcber einen 3,5-mm-Klinkenstecker, so dass Sie Ihr Ger\u00e4t an eine Standard-Miniklinkenbuchse anschlie\u00dfen k\u00f6nnen. Der Lautsprecher spielt auch von einem USB-Stick mit bis zu 32 GB Speicherplatz.<\/p>\n<p><strong>Bedienfeld<\/strong><br \/> Oben auf dem Bluetooth\u00ae Technologie -Lautsprecher befinden sich die Tasten zur Steuerung des Lautsprechers. Sie m\u00fcssen also nicht unbedingt Ihr Telefon in den H\u00e4nden halten oder hinter Ihrem Laptop sitzen. Es gibt Schaltfl\u00e4chen f\u00fcr Abspielen\/Pause, R\u00fccklauf und Vorlauf. Die Wiedergabe- und Vorw\u00e4rtstasten dienen gleichzeitig als Paar (f\u00fcr Bluetooth\u00ae Technologie ) und als &#39;Wake&#39;-Taste. Stellen Sie die Lautst\u00e4rke, B\u00e4sse und H\u00f6hen mit den einfach zu bedienenden Drehkn\u00f6pfen ein. Auf dem Bedienfeld sehen Sie auch LED-Anzeigen, um zu sehen, ob der Lautsprecher eingeschaltet und \u00fcber Bluetooth\u00ae Technologie  verbunden ist.<\/p>\n","protected":false},"excerpt":{"rendered":"<p>Der Caliber HFG411BT ist ein Bluetooth\u00ae Technologie -Lautsprecher mit einem echten Retro-Look. Schlie\u00dfen Sie Ihr Smartphone, Tablet oder Laptop \u00fcber Bluetooth\u00ae Technologie an und h\u00f6ren Sie Ihre Lieblingsmusik zu Hause. Dank der Bluetooth\u00ae Technologie -Profile A2DP und AVRCP ist die Qualit\u00e4t der Bluetooth\u00ae Technologie -Verbindung hoch, so dass Sie Ihre Musik klar und ohne Schluckauf [&hellip;]<\/p>\n","protected":false},"featured_media":870729,"template":"","meta":{"_acf_changed":false,"site-sidebar-layout":"default","site-content-layout":"","ast-site-content-layout":"default","site-content-style":"default","site-sidebar-style":"default","ast-global-header-display":"","ast-banner-title-visibility":"","ast-main-header-display":"","ast-hfb-above-header-display":"","ast-hfb-below-header-display":"","ast-hfb-mobile-header-display":"","site-post-title":"","ast-breadcrumbs-content":"","ast-featured-img":"","footer-sml-layout":"","theme-transparent-header-meta":"","adv-header-id-meta":"","stick-header-meta":"","header-above-stick-meta":"","header-main-stick-meta":"","header-below-stick-meta":"","astra-migrate-meta-layouts":"default","ast-page-background-enabled":"default","ast-page-background-meta":{"desktop":{"background-color":"","background-image":"","background-repeat":"repeat","background-position":"center center","background-size":"auto","background-attachment":"scroll","background-type":"","background-media":"","overlay-type":"","overlay-color":"","overlay-opacity":"","overlay-gradient":""},"tablet":{"background-color":"","background-image":"","background-repeat":"repeat","background-position":"center center","background-size":"auto","background-attachment":"scroll","background-type":"","background-media":"","overlay-type":"","overlay-color":"","overlay-opacity":"","overlay-gradient":""},"mobile":{"background-color":"","background-image":"","background-repeat":"repeat","background-position":"center center","background-size":"auto","background-attachment":"scroll","background-type":"","background-media":"","overlay-type":"","overlay-color":"","overlay-opacity":"","overlay-gradient":""}},"ast-content-background-meta":{"desktop":{"background-color":"var(--ast-global-color-5)","background-image":"","background-repeat":"repeat","background-position":"center center","background-size":"auto","background-attachment":"scroll","background-type":"","background-media":"","overlay-type":"","overlay-color":"","overlay-opacity":"","overlay-gradient":""},"tablet":{"background-color":"var(--ast-global-color-5)","background-image":"","background-repeat":"repeat","background-position":"center center","background-size":"auto","background-attachment":"scroll","background-type":"","background-media":"","overlay-type":"","overlay-color":"","overlay-opacity":"","overlay-gradient":""},"mobile":{"background-color":"var(--ast-global-color-5)","background-image":"","background-repeat":"repeat","background-position":"center center","background-size":"auto","background-attachment":"scroll","background-type":"","background-media":"","overlay-type":"","overlay-color":"","overlay-opacity":"","overlay-gradient":""}}},"product_brand":[],"product_cat":[22956],"product_tag":[],"class_list":{"0":"post-483709","1":"product","2":"type-product","3":"status-publish","4":"has-post-thumbnail","6":"product_cat-keine-kategorie","7":"desktop-align-center","8":"tablet-align-center","9":"mobile-align-center","10":"ast-product-gallery-layout-horizontal","11":"ast-product-gallery-with-no-image","12":"ast-product-tabs-layout-horizontal","14":"first","15":"onbackorder","16":"taxable","17":"shipping-taxable","18":"purchasable","19":"product-type-simple"},"acf":[],"yoast_head":"<!-- This site is optimized with the Yoast SEO plugin v26.5 - https:\/\/yoast.com\/wordpress\/plugins\/seo\/ -->\n<title>Bluetooth\u00ae Technologie-Lautsprecher - Retro USB Schwarz (HFG411BT) - Caliber Europe B.V.<\/title>\n<meta name=\"robots\" content=\"noindex, follow, max-snippet:-1, max-image-preview:large, max-video-preview:-1\" \/>\n<meta property=\"og:locale\" content=\"de_DE\" \/>\n<meta property=\"og:type\" content=\"article\" \/>\n<meta property=\"og:title\" content=\"Bluetooth\u00ae Technologie-Lautsprecher - Retro USB Schwarz (HFG411BT) - Caliber Europe B.V.\" \/>\n<meta property=\"og:description\" content=\"Der Caliber HFG411BT ist ein Bluetooth\u00ae Technologie -Lautsprecher mit einem echten Retro-Look. Schlie\u00dfen Sie Ihr Smartphone, Tablet oder Laptop \u00fcber Bluetooth\u00ae Technologie an und h\u00f6ren Sie Ihre Lieblingsmusik zu Hause. Dank der Bluetooth\u00ae Technologie -Profile A2DP und AVRCP ist die Qualit\u00e4t der Bluetooth\u00ae Technologie -Verbindung hoch, so dass Sie Ihre Musik klar und ohne Schluckauf [&hellip;]\" \/>\n<meta property=\"og:url\" content=\"https:\/\/b2b.calibereurope.com\/de\/?post_type=product&amp;p=483709\" \/>\n<meta property=\"og:site_name\" content=\"Caliber Europe B.V.\" \/>\n<meta property=\"article:modified_time\" content=\"2025-12-10T08:27:51+00:00\" \/>\n<meta property=\"og:image\" content=\"https:\/\/b2b.calibereurope.com\/wp-content\/uploads\/2021\/09\/89bbc87760882613f35488286ced2ca995cfe86e_HFG411BT_front_web.jpg\" \/>\n\t<meta property=\"og:image:width\" content=\"1024\" \/>\n\t<meta property=\"og:image:height\" content=\"768\" \/>\n\t<meta property=\"og:image:type\" content=\"image\/jpeg\" \/>\n<meta name=\"twitter:card\" content=\"summary_large_image\" \/>\n<meta name=\"twitter:label1\" content=\"Gesch\u00e4tzte Lesezeit\" \/>\n\t<meta name=\"twitter:data1\" content=\"1\u00a0Minute\" \/>\n<script type=\"application\/ld+json\" class=\"yoast-schema-graph\">{\"@context\":\"https:\/\/schema.org\",\"@graph\":[{\"@type\":\"WebPage\",\"@id\":\"https:\/\/b2b.calibereurope.com\/de\/?post_type=product&p=483709\",\"url\":\"https:\/\/b2b.calibereurope.com\/de\/?post_type=product&p=483709\",\"name\":\"Bluetooth\u00ae Technologie-Lautsprecher - Retro USB Schwarz (HFG411BT) - Caliber Europe B.V.\",\"isPartOf\":{\"@id\":\"https:\/\/b2b.calibereurope.com\/#website\"},\"primaryImageOfPage\":{\"@id\":\"https:\/\/b2b.calibereurope.com\/de\/?post_type=product&p=483709#primaryimage\"},\"image\":{\"@id\":\"https:\/\/b2b.calibereurope.com\/de\/?post_type=product&p=483709#primaryimage\"},\"thumbnailUrl\":\"https:\/\/b2b.calibereurope.com\/wp-content\/uploads\/2025\/12\/0dd35dd0771899d19425a649103f32a1bd0c9f99_HFG411BT_left_front_top-scaled.jpg\",\"datePublished\":\"2025-12-10T00:00:00+00:00\",\"dateModified\":\"2025-12-10T08:27:51+00:00\",\"breadcrumb\":{\"@id\":\"https:\/\/b2b.calibereurope.com\/de\/?post_type=product&p=483709#breadcrumb\"},\"inLanguage\":\"de\",\"potentialAction\":[{\"@type\":\"ReadAction\",\"target\":[\"https:\/\/b2b.calibereurope.com\/de\/?post_type=product&p=483709\"]}]},{\"@type\":\"ImageObject\",\"inLanguage\":\"de\",\"@id\":\"https:\/\/b2b.calibereurope.com\/de\/?post_type=product&p=483709#primaryimage\",\"url\":\"https:\/\/b2b.calibereurope.com\/wp-content\/uploads\/2025\/12\/0dd35dd0771899d19425a649103f32a1bd0c9f99_HFG411BT_left_front_top-scaled.jpg\",\"contentUrl\":\"https:\/\/b2b.calibereurope.com\/wp-content\/uploads\/2025\/12\/0dd35dd0771899d19425a649103f32a1bd0c9f99_HFG411BT_left_front_top-scaled.jpg\",\"width\":2560,\"height\":2560},{\"@type\":\"BreadcrumbList\",\"@id\":\"https:\/\/b2b.calibereurope.com\/de\/?post_type=product&p=483709#breadcrumb\",\"itemListElement\":[{\"@type\":\"ListItem\",\"position\":1,\"name\":\"Home\",\"item\":\"https:\/\/b2b.calibereurope.com\/de\/\"},{\"@type\":\"ListItem\",\"position\":2,\"name\":\"Shop\",\"item\":\"https:\/\/b2b.calibereurope.com\/de\/shop\/\"},{\"@type\":\"ListItem\",\"position\":3,\"name\":\"Bluetooth-Lautsprecher &#8211; Retro USB Schwarz (HFG411BT)\"}]},{\"@type\":\"WebSite\",\"@id\":\"https:\/\/b2b.calibereurope.com\/#website\",\"url\":\"https:\/\/b2b.calibereurope.com\/\",\"name\":\"Caliber Europe B.V.\",\"description\":\"B2B Webshop\",\"publisher\":{\"@id\":\"https:\/\/b2b.calibereurope.com\/#organization\"},\"potentialAction\":[{\"@type\":\"SearchAction\",\"target\":{\"@type\":\"EntryPoint\",\"urlTemplate\":\"https:\/\/b2b.calibereurope.com\/?s={search_term_string}\"},\"query-input\":{\"@type\":\"PropertyValueSpecification\",\"valueRequired\":true,\"valueName\":\"search_term_string\"}}],\"inLanguage\":\"de\"},{\"@type\":\"Organization\",\"@id\":\"https:\/\/b2b.calibereurope.com\/#organization\",\"name\":\"Caliber Europe B.V.\",\"url\":\"https:\/\/b2b.calibereurope.com\/\",\"logo\":{\"@type\":\"ImageObject\",\"inLanguage\":\"de\",\"@id\":\"https:\/\/b2b.calibereurope.com\/#\/schema\/logo\/image\/\",\"url\":\"https:\/\/b2b.calibereurope.com\/wp-content\/uploads\/2020\/12\/Caliber_Logo-Black.png\",\"contentUrl\":\"https:\/\/b2b.calibereurope.com\/wp-content\/uploads\/2020\/12\/Caliber_Logo-Black.png\",\"width\":3157,\"height\":356,\"caption\":\"Caliber Europe B.V.\"},\"image\":{\"@id\":\"https:\/\/b2b.calibereurope.com\/#\/schema\/logo\/image\/\"}}]}<\/script>\n<!-- \/ Yoast SEO plugin. -->","yoast_head_json":{"title":"Bluetooth\u00ae Technologie-Lautsprecher - Retro USB Schwarz (HFG411BT) - Caliber Europe B.V.","robots":{"index":"noindex","follow":"follow","max-snippet":"max-snippet:-1","max-image-preview":"max-image-preview:large","max-video-preview":"max-video-preview:-1"},"og_locale":"de_DE","og_type":"article","og_title":"Bluetooth\u00ae Technologie-Lautsprecher - Retro USB Schwarz (HFG411BT) - Caliber Europe B.V.","og_description":"Der Caliber HFG411BT ist ein Bluetooth\u00ae Technologie -Lautsprecher mit einem echten Retro-Look. Schlie\u00dfen Sie Ihr Smartphone, Tablet oder Laptop \u00fcber Bluetooth\u00ae Technologie an und h\u00f6ren Sie Ihre Lieblingsmusik zu Hause. Dank der Bluetooth\u00ae Technologie -Profile A2DP und AVRCP ist die Qualit\u00e4t der Bluetooth\u00ae Technologie -Verbindung hoch, so dass Sie Ihre Musik klar und ohne Schluckauf [&hellip;]","og_url":"https:\/\/b2b.calibereurope.com\/de\/?post_type=product&p=483709","og_site_name":"Caliber Europe B.V.","article_modified_time":"2025-12-10T08:27:51+00:00","og_image":[{"width":1024,"height":768,"url":"https:\/\/b2b.calibereurope.com\/wp-content\/uploads\/2021\/09\/89bbc87760882613f35488286ced2ca995cfe86e_HFG411BT_front_web.jpg","type":"image\/jpeg"}],"twitter_card":"summary_large_image","twitter_misc":{"Gesch\u00e4tzte Lesezeit":"1\u00a0Minute"},"schema":{"@context":"https:\/\/schema.org","@graph":[{"@type":"WebPage","@id":"https:\/\/b2b.calibereurope.com\/de\/?post_type=product&p=483709","url":"https:\/\/b2b.calibereurope.com\/de\/?post_type=product&p=483709","name":"Bluetooth\u00ae Technologie-Lautsprecher - Retro USB Schwarz (HFG411BT) - Caliber Europe B.V.","isPartOf":{"@id":"https:\/\/b2b.calibereurope.com\/#website"},"primaryImageOfPage":{"@id":"https:\/\/b2b.calibereurope.com\/de\/?post_type=product&p=483709#primaryimage"},"image":{"@id":"https:\/\/b2b.calibereurope.com\/de\/?post_type=product&p=483709#primaryimage"},"thumbnailUrl":"https:\/\/b2b.calibereurope.com\/wp-content\/uploads\/2025\/12\/0dd35dd0771899d19425a649103f32a1bd0c9f99_HFG411BT_left_front_top-scaled.jpg","datePublished":"2025-12-10T00:00:00+00:00","dateModified":"2025-12-10T08:27:51+00:00","breadcrumb":{"@id":"https:\/\/b2b.calibereurope.com\/de\/?post_type=product&p=483709#breadcrumb"},"inLanguage":"de","potentialAction":[{"@type":"ReadAction","target":["https:\/\/b2b.calibereurope.com\/de\/?post_type=product&p=483709"]}]},{"@type":"ImageObject","inLanguage":"de","@id":"https:\/\/b2b.calibereurope.com\/de\/?post_type=product&p=483709#primaryimage","url":"https:\/\/b2b.calibereurope.com\/wp-content\/uploads\/2025\/12\/0dd35dd0771899d19425a649103f32a1bd0c9f99_HFG411BT_left_front_top-scaled.jpg","contentUrl":"https:\/\/b2b.calibereurope.com\/wp-content\/uploads\/2025\/12\/0dd35dd0771899d19425a649103f32a1bd0c9f99_HFG411BT_left_front_top-scaled.jpg","width":2560,"height":2560},{"@type":"BreadcrumbList","@id":"https:\/\/b2b.calibereurope.com\/de\/?post_type=product&p=483709#breadcrumb","itemListElement":[{"@type":"ListItem","position":1,"name":"Home","item":"https:\/\/b2b.calibereurope.com\/de\/"},{"@type":"ListItem","position":2,"name":"Shop","item":"https:\/\/b2b.calibereurope.com\/de\/shop\/"},{"@type":"ListItem","position":3,"name":"Bluetooth-Lautsprecher &#8211; Retro USB Schwarz (HFG411BT)"}]},{"@type":"WebSite","@id":"https:\/\/b2b.calibereurope.com\/#website","url":"https:\/\/b2b.calibereurope.com\/","name":"Caliber Europe B.V.","description":"B2B Webshop","publisher":{"@id":"https:\/\/b2b.calibereurope.com\/#organization"},"potentialAction":[{"@type":"SearchAction","target":{"@type":"EntryPoint","urlTemplate":"https:\/\/b2b.calibereurope.com\/?s={search_term_string}"},"query-input":{"@type":"PropertyValueSpecification","valueRequired":true,"valueName":"search_term_string"}}],"inLanguage":"de"},{"@type":"Organization","@id":"https:\/\/b2b.calibereurope.com\/#organization","name":"Caliber Europe B.V.","url":"https:\/\/b2b.calibereurope.com\/","logo":{"@type":"ImageObject","inLanguage":"de","@id":"https:\/\/b2b.calibereurope.com\/#\/schema\/logo\/image\/","url":"https:\/\/b2b.calibereurope.com\/wp-content\/uploads\/2020\/12\/Caliber_Logo-Black.png","contentUrl":"https:\/\/b2b.calibereurope.com\/wp-content\/uploads\/2020\/12\/Caliber_Logo-Black.png","width":3157,"height":356,"caption":"Caliber Europe B.V."},"image":{"@id":"https:\/\/b2b.calibereurope.com\/#\/schema\/logo\/image\/"}}]}},"_links":{"self":[{"href":"https:\/\/b2b.calibereurope.com\/de\/wp-json\/wp\/v2\/product\/483709","targetHints":{"allow":["GET"]}}],"collection":[{"href":"https:\/\/b2b.calibereurope.com\/de\/wp-json\/wp\/v2\/product"}],"about":[{"href":"https:\/\/b2b.calibereurope.com\/de\/wp-json\/wp\/v2\/types\/product"}],"version-history":[{"count":0,"href":"https:\/\/b2b.calibereurope.com\/de\/wp-json\/wp\/v2\/product\/483709\/revisions"}],"wp:featuredmedia":[{"embeddable":true,"href":"https:\/\/b2b.calibereurope.com\/de\/wp-json\/wp\/v2\/media\/870729"}],"wp:attachment":[{"href":"https:\/\/b2b.calibereurope.com\/de\/wp-json\/wp\/v2\/media?parent=483709"}],"wp:term":[{"taxonomy":"product_brand","embeddable":true,"href":"https:\/\/b2b.calibereurope.com\/de\/wp-json\/wp\/v2\/product_brand?post=483709"},{"taxonomy":"product_cat","embeddable":true,"href":"https:\/\/b2b.calibereurope.com\/de\/wp-json\/wp\/v2\/product_cat?post=483709"},{"taxonomy":"product_tag","embeddable":true,"href":"https:\/\/b2b.calibereurope.com\/de\/wp-json\/wp\/v2\/product_tag?post=483709"}],"curies":[{"name":"wp","href":"https:\/\/api.w.org\/{rel}","templated":true}]}}