{"id":484473,"date":"2025-02-10T01:00:00","date_gmt":"2025-02-10T00:00:00","guid":{"rendered":""},"modified":"2025-02-10T14:24:14","modified_gmt":"2025-02-10T13:24:14","slug":"RMD031BT-de_DE","status":"publish","type":"product","link":"https:\/\/b2b.calibereurope.com\/de\/produkt\/RMD031BT-de_DE\/","title":{"rendered":"1 DIN -Auto -Radio mit Bluetooth &#8211; FM -Radio, USB, SD und Aux &#8211; mit gebautem Mikrofon (RMD031BT)"},"content":{"rendered":"<p><P> Einfach von Ihrem Lieblingsradioprogramm auf Ihre eigene Wiedergabeliste oder ein Telefongespr\u00e4ch mit diesem Caliber RMD031BT 1 DIN Car Radio mit Bluetooth. Schlie\u00dfen Sie Ihr Telefon \u00fcber <strong> Bluetooth <\/strong> an und h\u00f6ren Sie alles auf Ihrem Telefon an. Dank des internen Mikrofons <\/strong> k\u00f6nnen Sie <strong> Hands -Free sicher nennen. <\/strong> auf <strong> 18 Pr\u00e4diktoren eingerichtet <\/strong> und Sie werden immer die Radiosender finden, die Sie gerne h\u00f6ren. Etwas anderes? Dann verwenden Sie die <strong> USB, SD- <\/strong> oder <strong> aux Input <\/strong>, um Musik zu spielen. Mit der <strong> Remote Control <\/strong> k\u00f6nnen Sie das Auto -Radio leicht bedienen. <\/p>\n<p> <strong> Merkmal Technologie <\/p>\n<li> USB- und SD-Wiedergabeoption (bis zu 32 GB)\n<li> Aux-Eingabe\n<li> Internes Mikrofon f\u00fcr Freisprechanrufe\n<li> MP3-Display m\u00f6glich\n<li> mit Fernbedienung\n<li> 1 Din Din Din Gr\u00f6\u00dfe <l> extra flache Installation von 35 mm\n<li> 4 x 55 Watt <\/li>\n<\/ul>\n<h3> Endlose Wiedergabeoptionen <\/h3>\n<p> Langeweile unterwegs ist der Vergangenheit mit diesem angeh\u00f6ren Bluetooth Autoradio. Wie bei allen Autofunkger\u00e4ten stellt der FM -Tuner sicher, dass Sie problemlos alle Radiosender erhalten k\u00f6nnen. Dieses Auto -Radio geht noch einen Schritt weiter mit beispielsweise USB und Bluetooth. Auf diese Weise k\u00f6nnen Sie praktisch das gesamte Audio auf Ihrem Smartphone im Auto -Radio spielen. Finden Sie Bluetooth unangenehm? Anschlie\u00dfend k\u00f6nnen Sie Ihr Telefon einfach mit einem Aux -Kabel an das Auto -Radio anschlie\u00dfen. Dar\u00fcber hinaus sind auch eine USB -Stick- und SD -Karte m\u00f6glich, sodass Sie sich in Ihrer Musik endlos variieren k\u00f6nnen. <\/p>\n<h3> Handy Extras <\/h3>\n<p> Dieses Auto -Radio mit Bluetooth ist perfekt f\u00fcr moderne Benutzer. Das gebaute Mikrofon stellt beispielsweise sicher, dass Sie sich einfach und die H\u00e4nde telefonisch machen, wenn Sie unterwegs sind. Dar\u00fcber hinaus gibt es nicht weniger als 18 Radiosender, sodass Sie alle Ihre Lieblings -Radiosendungen und Nachrichtenprogramme problemlos zur Hand haben k\u00f6nnen. Mit der mitgelieferten Fernbedienung k\u00f6nnen Sie auch das Bluetooth -Auto -Radio auch f\u00fcr Passagiere auf dem R\u00fccksitz einfach bedienen. <\/p>\n<h3> Einfach zu installieren <\/h3>\n<p> Das 1 -DIN -Auto -Radio ist einfach zu installieren. Dank des Standardformats, das Sie sicher wissen, dass es passt und Sie Ihr aktuelles Auto -Radio ersetzen k\u00f6nnen. Das Auto -Radio mit USB und Bluetooth hat auch eine extra enge und flache Installation von 35 mm, so dass es nicht mehr Platz als n\u00f6tig ben\u00f6tigt. <\/p>\n","protected":false},"excerpt":{"rendered":"<p>Einfach von Ihrem Lieblingsradioprogramm auf Ihre eigene Wiedergabeliste oder ein Telefongespr\u00e4ch mit diesem Caliber RMD031BT 1 DIN Car Radio mit Bluetooth. Schlie\u00dfen Sie Ihr Telefon \u00fcber Bluetooth an und h\u00f6ren Sie alles auf Ihrem Telefon an. Dank des internen Mikrofons k\u00f6nnen Sie Hands -Free sicher nennen. auf 18 Pr\u00e4diktoren eingerichtet und Sie werden immer die [&hellip;]<\/p>\n","protected":false},"featured_media":855944,"template":"","meta":{"_acf_changed":false,"site-sidebar-layout":"default","site-content-layout":"","ast-site-content-layout":"default","site-content-style":"default","site-sidebar-style":"default","ast-global-header-display":"","ast-banner-title-visibility":"","ast-main-header-display":"","ast-hfb-above-header-display":"","ast-hfb-below-header-display":"","ast-hfb-mobile-header-display":"","site-post-title":"","ast-breadcrumbs-content":"","ast-featured-img":"","footer-sml-layout":"","theme-transparent-header-meta":"","adv-header-id-meta":"","stick-header-meta":"","header-above-stick-meta":"","header-main-stick-meta":"","header-below-stick-meta":"","astra-migrate-meta-layouts":"default","ast-page-background-enabled":"default","ast-page-background-meta":{"desktop":{"background-color":"","background-image":"","background-repeat":"repeat","background-position":"center center","background-size":"auto","background-attachment":"scroll","background-type":"","background-media":"","overlay-type":"","overlay-color":"","overlay-opacity":"","overlay-gradient":""},"tablet":{"background-color":"","background-image":"","background-repeat":"repeat","background-position":"center center","background-size":"auto","background-attachment":"scroll","background-type":"","background-media":"","overlay-type":"","overlay-color":"","overlay-opacity":"","overlay-gradient":""},"mobile":{"background-color":"","background-image":"","background-repeat":"repeat","background-position":"center center","background-size":"auto","background-attachment":"scroll","background-type":"","background-media":"","overlay-type":"","overlay-color":"","overlay-opacity":"","overlay-gradient":""}},"ast-content-background-meta":{"desktop":{"background-color":"var(--ast-global-color-5)","background-image":"","background-repeat":"repeat","background-position":"center center","background-size":"auto","background-attachment":"scroll","background-type":"","background-media":"","overlay-type":"","overlay-color":"","overlay-opacity":"","overlay-gradient":""},"tablet":{"background-color":"var(--ast-global-color-5)","background-image":"","background-repeat":"repeat","background-position":"center center","background-size":"auto","background-attachment":"scroll","background-type":"","background-media":"","overlay-type":"","overlay-color":"","overlay-opacity":"","overlay-gradient":""},"mobile":{"background-color":"var(--ast-global-color-5)","background-image":"","background-repeat":"repeat","background-position":"center center","background-size":"auto","background-attachment":"scroll","background-type":"","background-media":"","overlay-type":"","overlay-color":"","overlay-opacity":"","overlay-gradient":""}}},"product_brand":[],"product_cat":[22956],"product_tag":[],"class_list":{"0":"post-484473","1":"product","2":"type-product","3":"status-publish","4":"has-post-thumbnail","6":"product_cat-keine-kategorie","7":"desktop-align-center","8":"tablet-align-center","9":"mobile-align-center","10":"ast-product-gallery-layout-horizontal","11":"ast-product-tabs-layout-horizontal","13":"first","14":"outofstock","15":"taxable","16":"shipping-taxable","17":"purchasable","18":"product-type-simple"},"acf":[],"yoast_head":"<!-- This site is optimized with the Yoast SEO plugin v26.5 - https:\/\/yoast.com\/wordpress\/plugins\/seo\/ -->\n<title>1 DIN -Auto -Radio mit Bluetooth - FM -Radio, USB, SD und Aux - mit gebautem Mikrofon (RMD031BT) - Caliber Europe B.V.<\/title>\n<meta name=\"robots\" content=\"noindex, follow, max-snippet:-1, max-image-preview:large, max-video-preview:-1\" \/>\n<meta property=\"og:locale\" content=\"de_DE\" \/>\n<meta property=\"og:type\" content=\"article\" \/>\n<meta property=\"og:title\" content=\"1 DIN -Auto -Radio mit Bluetooth - FM -Radio, USB, SD und Aux - mit gebautem Mikrofon (RMD031BT) - Caliber Europe B.V.\" \/>\n<meta property=\"og:description\" content=\"Einfach von Ihrem Lieblingsradioprogramm auf Ihre eigene Wiedergabeliste oder ein Telefongespr\u00e4ch mit diesem Caliber RMD031BT 1 DIN Car Radio mit Bluetooth. Schlie\u00dfen Sie Ihr Telefon \u00fcber Bluetooth an und h\u00f6ren Sie alles auf Ihrem Telefon an. Dank des internen Mikrofons k\u00f6nnen Sie Hands -Free sicher nennen. auf 18 Pr\u00e4diktoren eingerichtet und Sie werden immer die [&hellip;]\" \/>\n<meta property=\"og:url\" content=\"https:\/\/b2b.calibereurope.com\/de\/produkt\/RMD031BT-de_DE\/\" \/>\n<meta property=\"og:site_name\" content=\"Caliber Europe B.V.\" \/>\n<meta property=\"article:modified_time\" content=\"2025-02-10T13:24:14+00:00\" \/>\n<meta property=\"og:image\" content=\"https:\/\/b2b.calibereurope.com\/wp-content\/uploads\/2021\/11\/d840d73ecfcc8e2c21e8ae6969728ec141a553c5_RMD031BT_web.jpg\" \/>\n\t<meta property=\"og:image:width\" content=\"1024\" \/>\n\t<meta property=\"og:image:height\" content=\"768\" \/>\n\t<meta property=\"og:image:type\" content=\"image\/jpeg\" \/>\n<meta name=\"twitter:card\" content=\"summary_large_image\" \/>\n<meta name=\"twitter:label1\" content=\"Gesch\u00e4tzte Lesezeit\" \/>\n\t<meta name=\"twitter:data1\" content=\"2\u00a0Minuten\" \/>\n<script type=\"application\/ld+json\" class=\"yoast-schema-graph\">{\"@context\":\"https:\/\/schema.org\",\"@graph\":[{\"@type\":\"WebPage\",\"@id\":\"https:\/\/b2b.calibereurope.com\/de\/produkt\/RMD031BT-de_DE\/\",\"url\":\"https:\/\/b2b.calibereurope.com\/de\/produkt\/RMD031BT-de_DE\/\",\"name\":\"1 DIN -Auto -Radio mit Bluetooth - FM -Radio, USB, SD und Aux - mit gebautem Mikrofon (RMD031BT) - Caliber Europe B.V.\",\"isPartOf\":{\"@id\":\"https:\/\/b2b.calibereurope.com\/#website\"},\"primaryImageOfPage\":{\"@id\":\"https:\/\/b2b.calibereurope.com\/de\/produkt\/RMD031BT-de_DE\/#primaryimage\"},\"image\":{\"@id\":\"https:\/\/b2b.calibereurope.com\/de\/produkt\/RMD031BT-de_DE\/#primaryimage\"},\"thumbnailUrl\":\"https:\/\/b2b.calibereurope.com\/wp-content\/uploads\/2025\/02\/d840d73ecfcc8e2c21e8ae6969728ec141a553c5_RMD031BT_web.jpg\",\"datePublished\":\"2025-02-10T00:00:00+00:00\",\"dateModified\":\"2025-02-10T13:24:14+00:00\",\"breadcrumb\":{\"@id\":\"https:\/\/b2b.calibereurope.com\/de\/produkt\/RMD031BT-de_DE\/#breadcrumb\"},\"inLanguage\":\"de\",\"potentialAction\":[{\"@type\":\"ReadAction\",\"target\":[\"https:\/\/b2b.calibereurope.com\/de\/produkt\/RMD031BT-de_DE\/\"]}]},{\"@type\":\"ImageObject\",\"inLanguage\":\"de\",\"@id\":\"https:\/\/b2b.calibereurope.com\/de\/produkt\/RMD031BT-de_DE\/#primaryimage\",\"url\":\"https:\/\/b2b.calibereurope.com\/wp-content\/uploads\/2025\/02\/d840d73ecfcc8e2c21e8ae6969728ec141a553c5_RMD031BT_web.jpg\",\"contentUrl\":\"https:\/\/b2b.calibereurope.com\/wp-content\/uploads\/2025\/02\/d840d73ecfcc8e2c21e8ae6969728ec141a553c5_RMD031BT_web.jpg\",\"width\":1024,\"height\":768},{\"@type\":\"BreadcrumbList\",\"@id\":\"https:\/\/b2b.calibereurope.com\/de\/produkt\/RMD031BT-de_DE\/#breadcrumb\",\"itemListElement\":[{\"@type\":\"ListItem\",\"position\":1,\"name\":\"Home\",\"item\":\"https:\/\/b2b.calibereurope.com\/de\/\"},{\"@type\":\"ListItem\",\"position\":2,\"name\":\"Shop\",\"item\":\"https:\/\/b2b.calibereurope.com\/de\/shop\/\"},{\"@type\":\"ListItem\",\"position\":3,\"name\":\"Autoradio &#8211; FM-Radio mit Bluetooth Schwarz (RMD031BT)\"}]},{\"@type\":\"WebSite\",\"@id\":\"https:\/\/b2b.calibereurope.com\/#website\",\"url\":\"https:\/\/b2b.calibereurope.com\/\",\"name\":\"Caliber Europe B.V.\",\"description\":\"B2B Webshop\",\"publisher\":{\"@id\":\"https:\/\/b2b.calibereurope.com\/#organization\"},\"potentialAction\":[{\"@type\":\"SearchAction\",\"target\":{\"@type\":\"EntryPoint\",\"urlTemplate\":\"https:\/\/b2b.calibereurope.com\/?s={search_term_string}\"},\"query-input\":{\"@type\":\"PropertyValueSpecification\",\"valueRequired\":true,\"valueName\":\"search_term_string\"}}],\"inLanguage\":\"de\"},{\"@type\":\"Organization\",\"@id\":\"https:\/\/b2b.calibereurope.com\/#organization\",\"name\":\"Caliber Europe B.V.\",\"url\":\"https:\/\/b2b.calibereurope.com\/\",\"logo\":{\"@type\":\"ImageObject\",\"inLanguage\":\"de\",\"@id\":\"https:\/\/b2b.calibereurope.com\/#\/schema\/logo\/image\/\",\"url\":\"https:\/\/b2b.calibereurope.com\/wp-content\/uploads\/2020\/12\/Caliber_Logo-Black.png\",\"contentUrl\":\"https:\/\/b2b.calibereurope.com\/wp-content\/uploads\/2020\/12\/Caliber_Logo-Black.png\",\"width\":3157,\"height\":356,\"caption\":\"Caliber Europe B.V.\"},\"image\":{\"@id\":\"https:\/\/b2b.calibereurope.com\/#\/schema\/logo\/image\/\"}}]}<\/script>\n<!-- \/ Yoast SEO plugin. -->","yoast_head_json":{"title":"1 DIN -Auto -Radio mit Bluetooth - FM -Radio, USB, SD und Aux - mit gebautem Mikrofon (RMD031BT) - Caliber Europe B.V.","robots":{"index":"noindex","follow":"follow","max-snippet":"max-snippet:-1","max-image-preview":"max-image-preview:large","max-video-preview":"max-video-preview:-1"},"og_locale":"de_DE","og_type":"article","og_title":"1 DIN -Auto -Radio mit Bluetooth - FM -Radio, USB, SD und Aux - mit gebautem Mikrofon (RMD031BT) - Caliber Europe B.V.","og_description":"Einfach von Ihrem Lieblingsradioprogramm auf Ihre eigene Wiedergabeliste oder ein Telefongespr\u00e4ch mit diesem Caliber RMD031BT 1 DIN Car Radio mit Bluetooth. Schlie\u00dfen Sie Ihr Telefon \u00fcber Bluetooth an und h\u00f6ren Sie alles auf Ihrem Telefon an. Dank des internen Mikrofons k\u00f6nnen Sie Hands -Free sicher nennen. auf 18 Pr\u00e4diktoren eingerichtet und Sie werden immer die [&hellip;]","og_url":"https:\/\/b2b.calibereurope.com\/de\/produkt\/RMD031BT-de_DE\/","og_site_name":"Caliber Europe B.V.","article_modified_time":"2025-02-10T13:24:14+00:00","og_image":[{"width":1024,"height":768,"url":"https:\/\/b2b.calibereurope.com\/wp-content\/uploads\/2021\/11\/d840d73ecfcc8e2c21e8ae6969728ec141a553c5_RMD031BT_web.jpg","type":"image\/jpeg"}],"twitter_card":"summary_large_image","twitter_misc":{"Gesch\u00e4tzte Lesezeit":"2\u00a0Minuten"},"schema":{"@context":"https:\/\/schema.org","@graph":[{"@type":"WebPage","@id":"https:\/\/b2b.calibereurope.com\/de\/produkt\/RMD031BT-de_DE\/","url":"https:\/\/b2b.calibereurope.com\/de\/produkt\/RMD031BT-de_DE\/","name":"1 DIN -Auto -Radio mit Bluetooth - FM -Radio, USB, SD und Aux - mit gebautem Mikrofon (RMD031BT) - Caliber Europe B.V.","isPartOf":{"@id":"https:\/\/b2b.calibereurope.com\/#website"},"primaryImageOfPage":{"@id":"https:\/\/b2b.calibereurope.com\/de\/produkt\/RMD031BT-de_DE\/#primaryimage"},"image":{"@id":"https:\/\/b2b.calibereurope.com\/de\/produkt\/RMD031BT-de_DE\/#primaryimage"},"thumbnailUrl":"https:\/\/b2b.calibereurope.com\/wp-content\/uploads\/2025\/02\/d840d73ecfcc8e2c21e8ae6969728ec141a553c5_RMD031BT_web.jpg","datePublished":"2025-02-10T00:00:00+00:00","dateModified":"2025-02-10T13:24:14+00:00","breadcrumb":{"@id":"https:\/\/b2b.calibereurope.com\/de\/produkt\/RMD031BT-de_DE\/#breadcrumb"},"inLanguage":"de","potentialAction":[{"@type":"ReadAction","target":["https:\/\/b2b.calibereurope.com\/de\/produkt\/RMD031BT-de_DE\/"]}]},{"@type":"ImageObject","inLanguage":"de","@id":"https:\/\/b2b.calibereurope.com\/de\/produkt\/RMD031BT-de_DE\/#primaryimage","url":"https:\/\/b2b.calibereurope.com\/wp-content\/uploads\/2025\/02\/d840d73ecfcc8e2c21e8ae6969728ec141a553c5_RMD031BT_web.jpg","contentUrl":"https:\/\/b2b.calibereurope.com\/wp-content\/uploads\/2025\/02\/d840d73ecfcc8e2c21e8ae6969728ec141a553c5_RMD031BT_web.jpg","width":1024,"height":768},{"@type":"BreadcrumbList","@id":"https:\/\/b2b.calibereurope.com\/de\/produkt\/RMD031BT-de_DE\/#breadcrumb","itemListElement":[{"@type":"ListItem","position":1,"name":"Home","item":"https:\/\/b2b.calibereurope.com\/de\/"},{"@type":"ListItem","position":2,"name":"Shop","item":"https:\/\/b2b.calibereurope.com\/de\/shop\/"},{"@type":"ListItem","position":3,"name":"Autoradio &#8211; FM-Radio mit Bluetooth Schwarz (RMD031BT)"}]},{"@type":"WebSite","@id":"https:\/\/b2b.calibereurope.com\/#website","url":"https:\/\/b2b.calibereurope.com\/","name":"Caliber Europe B.V.","description":"B2B Webshop","publisher":{"@id":"https:\/\/b2b.calibereurope.com\/#organization"},"potentialAction":[{"@type":"SearchAction","target":{"@type":"EntryPoint","urlTemplate":"https:\/\/b2b.calibereurope.com\/?s={search_term_string}"},"query-input":{"@type":"PropertyValueSpecification","valueRequired":true,"valueName":"search_term_string"}}],"inLanguage":"de"},{"@type":"Organization","@id":"https:\/\/b2b.calibereurope.com\/#organization","name":"Caliber Europe B.V.","url":"https:\/\/b2b.calibereurope.com\/","logo":{"@type":"ImageObject","inLanguage":"de","@id":"https:\/\/b2b.calibereurope.com\/#\/schema\/logo\/image\/","url":"https:\/\/b2b.calibereurope.com\/wp-content\/uploads\/2020\/12\/Caliber_Logo-Black.png","contentUrl":"https:\/\/b2b.calibereurope.com\/wp-content\/uploads\/2020\/12\/Caliber_Logo-Black.png","width":3157,"height":356,"caption":"Caliber Europe B.V."},"image":{"@id":"https:\/\/b2b.calibereurope.com\/#\/schema\/logo\/image\/"}}]}},"_links":{"self":[{"href":"https:\/\/b2b.calibereurope.com\/de\/wp-json\/wp\/v2\/product\/484473","targetHints":{"allow":["GET"]}}],"collection":[{"href":"https:\/\/b2b.calibereurope.com\/de\/wp-json\/wp\/v2\/product"}],"about":[{"href":"https:\/\/b2b.calibereurope.com\/de\/wp-json\/wp\/v2\/types\/product"}],"version-history":[{"count":0,"href":"https:\/\/b2b.calibereurope.com\/de\/wp-json\/wp\/v2\/product\/484473\/revisions"}],"wp:featuredmedia":[{"embeddable":true,"href":"https:\/\/b2b.calibereurope.com\/de\/wp-json\/wp\/v2\/media\/855944"}],"wp:attachment":[{"href":"https:\/\/b2b.calibereurope.com\/de\/wp-json\/wp\/v2\/media?parent=484473"}],"wp:term":[{"taxonomy":"product_brand","embeddable":true,"href":"https:\/\/b2b.calibereurope.com\/de\/wp-json\/wp\/v2\/product_brand?post=484473"},{"taxonomy":"product_cat","embeddable":true,"href":"https:\/\/b2b.calibereurope.com\/de\/wp-json\/wp\/v2\/product_cat?post=484473"},{"taxonomy":"product_tag","embeddable":true,"href":"https:\/\/b2b.calibereurope.com\/de\/wp-json\/wp\/v2\/product_tag?post=484473"}],"curies":[{"name":"wp","href":"https:\/\/api.w.org\/{rel}","templated":true}]}}