{"id":485013,"date":"2022-10-19T02:00:00","date_gmt":"2022-10-19T00:00:00","guid":{"rendered":""},"modified":"2023-12-15T10:47:47","modified_gmt":"2023-12-15T09:47:47","slug":"RMD213-de_DE","status":"publish","type":"product","link":"https:\/\/b2b.calibereurope.com\/de\/produkt\/RMD213-de_DE\/","title":{"rendered":"Autoradio mit USB,SD  eingebauten Lautsprechern (RMD213)"},"content":{"rendered":"<p>Das Caliber RMD213 ist ein Autoradio mit eingebauten Lautsprechern von je 25 Watt. Sie platzieren dieses Radio in Fahrzeugen ohne die M\u00f6glichkeit, externe Lautsprecher anzuschlie\u00dfen. Denken Sie an einen Oldtimer. Nat\u00fcrlich verbindet man auch das Radio im Auto mit Lautsprechern. Mit einer Leistung von 4x 75 Watt wird Ihre Musik leicht \u00fcber den Klang Ihres Autos hinausgehen.<\/p>\n<p>Musik abspielen<\/p>\n<p>Das Caliber RMD213 bietet mehrere M\u00f6glichkeiten zur Musikwiedergabe. Schlie\u00dfen Sie beispielsweise Ihr Smartphone \u00fcber USB oder den Hilfseingang an. Sie k\u00f6nnen auch Audio von einem USB-Stick abspielen oder eine SD-Karte in den SD-Kartenleser einlegen. Wenn Sie lieber Radio h\u00f6ren m\u00f6chten, k\u00f6nnen Sie 18 voreingestellte Sender einstellen.<\/p>\n<p>Lange Wiedergabe<\/p>\n<p>Wenn Sie irgendwo stehen bleiben und das Auto ganz ausschalten, spielt das Radio dank der Unterst\u00fctzten Kommunikation eine weitere Stunde. N\u00fctzlich, wenn Sie vor einer offenen Br\u00fccke oder im Stau stehen und die Batterie Ihres Autos schonen wollen. EEPROM stellt sicher, dass alle von Ihnen eingestellten Einstellungen gespeichert werden. Auch wenn es \u00fcberhaupt keine Stromversorgung gibt. Dieses Radio hat die standardm\u00e4\u00dfige 1-DIN-Gr\u00f6\u00dfe, die es einfach macht, Ihr altes Autoradio zu ersetzen.<\/p>\n","protected":false},"excerpt":{"rendered":"<p>Das Caliber RMD213 ist ein Autoradio mit eingebauten Lautsprechern von je 25 Watt. Sie platzieren dieses Radio in Fahrzeugen ohne die M\u00f6glichkeit, externe Lautsprecher anzuschlie\u00dfen. Denken Sie an einen Oldtimer. Nat\u00fcrlich verbindet man auch das Radio im Auto mit Lautsprechern. Mit einer Leistung von 4x 75 Watt wird Ihre Musik leicht \u00fcber den Klang Ihres [&hellip;]<\/p>\n","protected":false},"featured_media":758918,"template":"","meta":{"_acf_changed":false,"site-sidebar-layout":"default","site-content-layout":"","ast-site-content-layout":"default","site-content-style":"default","site-sidebar-style":"default","ast-global-header-display":"","ast-banner-title-visibility":"","ast-main-header-display":"","ast-hfb-above-header-display":"","ast-hfb-below-header-display":"","ast-hfb-mobile-header-display":"","site-post-title":"","ast-breadcrumbs-content":"","ast-featured-img":"","footer-sml-layout":"","theme-transparent-header-meta":"","adv-header-id-meta":"","stick-header-meta":"","header-above-stick-meta":"","header-main-stick-meta":"","header-below-stick-meta":"","astra-migrate-meta-layouts":"default","ast-page-background-enabled":"default","ast-page-background-meta":{"desktop":{"background-color":"","background-image":"","background-repeat":"repeat","background-position":"center center","background-size":"auto","background-attachment":"scroll","background-type":"","background-media":"","overlay-type":"","overlay-color":"","overlay-opacity":"","overlay-gradient":""},"tablet":{"background-color":"","background-image":"","background-repeat":"repeat","background-position":"center center","background-size":"auto","background-attachment":"scroll","background-type":"","background-media":"","overlay-type":"","overlay-color":"","overlay-opacity":"","overlay-gradient":""},"mobile":{"background-color":"","background-image":"","background-repeat":"repeat","background-position":"center center","background-size":"auto","background-attachment":"scroll","background-type":"","background-media":"","overlay-type":"","overlay-color":"","overlay-opacity":"","overlay-gradient":""}},"ast-content-background-meta":{"desktop":{"background-color":"var(--ast-global-color-5)","background-image":"","background-repeat":"repeat","background-position":"center center","background-size":"auto","background-attachment":"scroll","background-type":"","background-media":"","overlay-type":"","overlay-color":"","overlay-opacity":"","overlay-gradient":""},"tablet":{"background-color":"var(--ast-global-color-5)","background-image":"","background-repeat":"repeat","background-position":"center center","background-size":"auto","background-attachment":"scroll","background-type":"","background-media":"","overlay-type":"","overlay-color":"","overlay-opacity":"","overlay-gradient":""},"mobile":{"background-color":"var(--ast-global-color-5)","background-image":"","background-repeat":"repeat","background-position":"center center","background-size":"auto","background-attachment":"scroll","background-type":"","background-media":"","overlay-type":"","overlay-color":"","overlay-opacity":"","overlay-gradient":""}}},"product_brand":[],"product_cat":[22956],"product_tag":[],"class_list":{"0":"post-485013","1":"product","2":"type-product","3":"status-publish","4":"has-post-thumbnail","6":"product_cat-keine-kategorie","7":"desktop-align-center","8":"tablet-align-center","9":"mobile-align-center","10":"ast-product-gallery-layout-horizontal","11":"ast-product-tabs-layout-horizontal","13":"first","14":"instock","15":"taxable","16":"shipping-taxable","17":"purchasable","18":"product-type-simple"},"acf":[],"yoast_head":"<!-- This site is optimized with the Yoast SEO plugin v26.5 - https:\/\/yoast.com\/wordpress\/plugins\/seo\/ -->\n<title>Autoradio mit USB,SD eingebauten Lautsprechern (RMD213) - Caliber Europe B.V.<\/title>\n<meta name=\"robots\" content=\"noindex, follow, max-snippet:-1, max-image-preview:large, max-video-preview:-1\" \/>\n<meta property=\"og:locale\" content=\"de_DE\" \/>\n<meta property=\"og:type\" content=\"article\" \/>\n<meta property=\"og:title\" content=\"Autoradio mit USB,SD eingebauten Lautsprechern (RMD213) - Caliber Europe B.V.\" \/>\n<meta property=\"og:description\" content=\"Das Caliber RMD213 ist ein Autoradio mit eingebauten Lautsprechern von je 25 Watt. Sie platzieren dieses Radio in Fahrzeugen ohne die M\u00f6glichkeit, externe Lautsprecher anzuschlie\u00dfen. Denken Sie an einen Oldtimer. Nat\u00fcrlich verbindet man auch das Radio im Auto mit Lautsprechern. Mit einer Leistung von 4x 75 Watt wird Ihre Musik leicht \u00fcber den Klang Ihres [&hellip;]\" \/>\n<meta property=\"og:url\" content=\"https:\/\/b2b.calibereurope.com\/de\/produkt\/RMD213-de_DE\/\" \/>\n<meta property=\"og:site_name\" content=\"Caliber Europe B.V.\" \/>\n<meta property=\"article:modified_time\" content=\"2023-12-15T09:47:47+00:00\" \/>\n<meta property=\"og:image\" content=\"https:\/\/b2b.calibereurope.com\/wp-content\/uploads\/2021\/11\/48b92d220b03ca7e237ed92ba579cfb8a6846faf_RMD213.jpg\" \/>\n\t<meta property=\"og:image:width\" content=\"1696\" \/>\n\t<meta property=\"og:image:height\" content=\"699\" \/>\n\t<meta property=\"og:image:type\" content=\"image\/jpeg\" \/>\n<meta name=\"twitter:card\" content=\"summary_large_image\" \/>\n<meta name=\"twitter:label1\" content=\"Gesch\u00e4tzte Lesezeit\" \/>\n\t<meta name=\"twitter:data1\" content=\"1\u00a0Minute\" \/>\n<script type=\"application\/ld+json\" class=\"yoast-schema-graph\">{\"@context\":\"https:\/\/schema.org\",\"@graph\":[{\"@type\":\"WebPage\",\"@id\":\"https:\/\/b2b.calibereurope.com\/de\/produkt\/RMD213-de_DE\/\",\"url\":\"https:\/\/b2b.calibereurope.com\/de\/produkt\/RMD213-de_DE\/\",\"name\":\"Autoradio mit USB,SD eingebauten Lautsprechern (RMD213) - Caliber Europe B.V.\",\"isPartOf\":{\"@id\":\"https:\/\/b2b.calibereurope.com\/#website\"},\"primaryImageOfPage\":{\"@id\":\"https:\/\/b2b.calibereurope.com\/de\/produkt\/RMD213-de_DE\/#primaryimage\"},\"image\":{\"@id\":\"https:\/\/b2b.calibereurope.com\/de\/produkt\/RMD213-de_DE\/#primaryimage\"},\"thumbnailUrl\":\"https:\/\/b2b.calibereurope.com\/wp-content\/uploads\/2022\/10\/3fa3d65ad4d2aa832c19ee05cfd08301b9baed4d_RMD213.jpg\",\"datePublished\":\"2022-10-19T00:00:00+00:00\",\"dateModified\":\"2023-12-15T09:47:47+00:00\",\"breadcrumb\":{\"@id\":\"https:\/\/b2b.calibereurope.com\/de\/produkt\/RMD213-de_DE\/#breadcrumb\"},\"inLanguage\":\"de\",\"potentialAction\":[{\"@type\":\"ReadAction\",\"target\":[\"https:\/\/b2b.calibereurope.com\/de\/produkt\/RMD213-de_DE\/\"]}]},{\"@type\":\"ImageObject\",\"inLanguage\":\"de\",\"@id\":\"https:\/\/b2b.calibereurope.com\/de\/produkt\/RMD213-de_DE\/#primaryimage\",\"url\":\"https:\/\/b2b.calibereurope.com\/wp-content\/uploads\/2022\/10\/3fa3d65ad4d2aa832c19ee05cfd08301b9baed4d_RMD213.jpg\",\"contentUrl\":\"https:\/\/b2b.calibereurope.com\/wp-content\/uploads\/2022\/10\/3fa3d65ad4d2aa832c19ee05cfd08301b9baed4d_RMD213.jpg\",\"width\":1722,\"height\":1291},{\"@type\":\"BreadcrumbList\",\"@id\":\"https:\/\/b2b.calibereurope.com\/de\/produkt\/RMD213-de_DE\/#breadcrumb\",\"itemListElement\":[{\"@type\":\"ListItem\",\"position\":1,\"name\":\"Home\",\"item\":\"https:\/\/b2b.calibereurope.com\/de\/\"},{\"@type\":\"ListItem\",\"position\":2,\"name\":\"Shop\",\"item\":\"https:\/\/b2b.calibereurope.com\/de\/shop\/\"},{\"@type\":\"ListItem\",\"position\":3,\"name\":\"Autoradio mit eingebauten Lautsprechern (RMD213)\"}]},{\"@type\":\"WebSite\",\"@id\":\"https:\/\/b2b.calibereurope.com\/#website\",\"url\":\"https:\/\/b2b.calibereurope.com\/\",\"name\":\"Caliber Europe B.V.\",\"description\":\"B2B Webshop\",\"publisher\":{\"@id\":\"https:\/\/b2b.calibereurope.com\/#organization\"},\"potentialAction\":[{\"@type\":\"SearchAction\",\"target\":{\"@type\":\"EntryPoint\",\"urlTemplate\":\"https:\/\/b2b.calibereurope.com\/?s={search_term_string}\"},\"query-input\":{\"@type\":\"PropertyValueSpecification\",\"valueRequired\":true,\"valueName\":\"search_term_string\"}}],\"inLanguage\":\"de\"},{\"@type\":\"Organization\",\"@id\":\"https:\/\/b2b.calibereurope.com\/#organization\",\"name\":\"Caliber Europe B.V.\",\"url\":\"https:\/\/b2b.calibereurope.com\/\",\"logo\":{\"@type\":\"ImageObject\",\"inLanguage\":\"de\",\"@id\":\"https:\/\/b2b.calibereurope.com\/#\/schema\/logo\/image\/\",\"url\":\"https:\/\/b2b.calibereurope.com\/wp-content\/uploads\/2020\/12\/Caliber_Logo-Black.png\",\"contentUrl\":\"https:\/\/b2b.calibereurope.com\/wp-content\/uploads\/2020\/12\/Caliber_Logo-Black.png\",\"width\":3157,\"height\":356,\"caption\":\"Caliber Europe B.V.\"},\"image\":{\"@id\":\"https:\/\/b2b.calibereurope.com\/#\/schema\/logo\/image\/\"}}]}<\/script>\n<!-- \/ Yoast SEO plugin. -->","yoast_head_json":{"title":"Autoradio mit USB,SD eingebauten Lautsprechern (RMD213) - Caliber Europe B.V.","robots":{"index":"noindex","follow":"follow","max-snippet":"max-snippet:-1","max-image-preview":"max-image-preview:large","max-video-preview":"max-video-preview:-1"},"og_locale":"de_DE","og_type":"article","og_title":"Autoradio mit USB,SD eingebauten Lautsprechern (RMD213) - Caliber Europe B.V.","og_description":"Das Caliber RMD213 ist ein Autoradio mit eingebauten Lautsprechern von je 25 Watt. Sie platzieren dieses Radio in Fahrzeugen ohne die M\u00f6glichkeit, externe Lautsprecher anzuschlie\u00dfen. Denken Sie an einen Oldtimer. Nat\u00fcrlich verbindet man auch das Radio im Auto mit Lautsprechern. Mit einer Leistung von 4x 75 Watt wird Ihre Musik leicht \u00fcber den Klang Ihres [&hellip;]","og_url":"https:\/\/b2b.calibereurope.com\/de\/produkt\/RMD213-de_DE\/","og_site_name":"Caliber Europe B.V.","article_modified_time":"2023-12-15T09:47:47+00:00","og_image":[{"width":1696,"height":699,"url":"https:\/\/b2b.calibereurope.com\/wp-content\/uploads\/2021\/11\/48b92d220b03ca7e237ed92ba579cfb8a6846faf_RMD213.jpg","type":"image\/jpeg"}],"twitter_card":"summary_large_image","twitter_misc":{"Gesch\u00e4tzte Lesezeit":"1\u00a0Minute"},"schema":{"@context":"https:\/\/schema.org","@graph":[{"@type":"WebPage","@id":"https:\/\/b2b.calibereurope.com\/de\/produkt\/RMD213-de_DE\/","url":"https:\/\/b2b.calibereurope.com\/de\/produkt\/RMD213-de_DE\/","name":"Autoradio mit USB,SD eingebauten Lautsprechern (RMD213) - Caliber Europe B.V.","isPartOf":{"@id":"https:\/\/b2b.calibereurope.com\/#website"},"primaryImageOfPage":{"@id":"https:\/\/b2b.calibereurope.com\/de\/produkt\/RMD213-de_DE\/#primaryimage"},"image":{"@id":"https:\/\/b2b.calibereurope.com\/de\/produkt\/RMD213-de_DE\/#primaryimage"},"thumbnailUrl":"https:\/\/b2b.calibereurope.com\/wp-content\/uploads\/2022\/10\/3fa3d65ad4d2aa832c19ee05cfd08301b9baed4d_RMD213.jpg","datePublished":"2022-10-19T00:00:00+00:00","dateModified":"2023-12-15T09:47:47+00:00","breadcrumb":{"@id":"https:\/\/b2b.calibereurope.com\/de\/produkt\/RMD213-de_DE\/#breadcrumb"},"inLanguage":"de","potentialAction":[{"@type":"ReadAction","target":["https:\/\/b2b.calibereurope.com\/de\/produkt\/RMD213-de_DE\/"]}]},{"@type":"ImageObject","inLanguage":"de","@id":"https:\/\/b2b.calibereurope.com\/de\/produkt\/RMD213-de_DE\/#primaryimage","url":"https:\/\/b2b.calibereurope.com\/wp-content\/uploads\/2022\/10\/3fa3d65ad4d2aa832c19ee05cfd08301b9baed4d_RMD213.jpg","contentUrl":"https:\/\/b2b.calibereurope.com\/wp-content\/uploads\/2022\/10\/3fa3d65ad4d2aa832c19ee05cfd08301b9baed4d_RMD213.jpg","width":1722,"height":1291},{"@type":"BreadcrumbList","@id":"https:\/\/b2b.calibereurope.com\/de\/produkt\/RMD213-de_DE\/#breadcrumb","itemListElement":[{"@type":"ListItem","position":1,"name":"Home","item":"https:\/\/b2b.calibereurope.com\/de\/"},{"@type":"ListItem","position":2,"name":"Shop","item":"https:\/\/b2b.calibereurope.com\/de\/shop\/"},{"@type":"ListItem","position":3,"name":"Autoradio mit eingebauten Lautsprechern (RMD213)"}]},{"@type":"WebSite","@id":"https:\/\/b2b.calibereurope.com\/#website","url":"https:\/\/b2b.calibereurope.com\/","name":"Caliber Europe B.V.","description":"B2B Webshop","publisher":{"@id":"https:\/\/b2b.calibereurope.com\/#organization"},"potentialAction":[{"@type":"SearchAction","target":{"@type":"EntryPoint","urlTemplate":"https:\/\/b2b.calibereurope.com\/?s={search_term_string}"},"query-input":{"@type":"PropertyValueSpecification","valueRequired":true,"valueName":"search_term_string"}}],"inLanguage":"de"},{"@type":"Organization","@id":"https:\/\/b2b.calibereurope.com\/#organization","name":"Caliber Europe B.V.","url":"https:\/\/b2b.calibereurope.com\/","logo":{"@type":"ImageObject","inLanguage":"de","@id":"https:\/\/b2b.calibereurope.com\/#\/schema\/logo\/image\/","url":"https:\/\/b2b.calibereurope.com\/wp-content\/uploads\/2020\/12\/Caliber_Logo-Black.png","contentUrl":"https:\/\/b2b.calibereurope.com\/wp-content\/uploads\/2020\/12\/Caliber_Logo-Black.png","width":3157,"height":356,"caption":"Caliber Europe B.V."},"image":{"@id":"https:\/\/b2b.calibereurope.com\/#\/schema\/logo\/image\/"}}]}},"_links":{"self":[{"href":"https:\/\/b2b.calibereurope.com\/de\/wp-json\/wp\/v2\/product\/485013","targetHints":{"allow":["GET"]}}],"collection":[{"href":"https:\/\/b2b.calibereurope.com\/de\/wp-json\/wp\/v2\/product"}],"about":[{"href":"https:\/\/b2b.calibereurope.com\/de\/wp-json\/wp\/v2\/types\/product"}],"version-history":[{"count":0,"href":"https:\/\/b2b.calibereurope.com\/de\/wp-json\/wp\/v2\/product\/485013\/revisions"}],"wp:featuredmedia":[{"embeddable":true,"href":"https:\/\/b2b.calibereurope.com\/de\/wp-json\/wp\/v2\/media\/758918"}],"wp:attachment":[{"href":"https:\/\/b2b.calibereurope.com\/de\/wp-json\/wp\/v2\/media?parent=485013"}],"wp:term":[{"taxonomy":"product_brand","embeddable":true,"href":"https:\/\/b2b.calibereurope.com\/de\/wp-json\/wp\/v2\/product_brand?post=485013"},{"taxonomy":"product_cat","embeddable":true,"href":"https:\/\/b2b.calibereurope.com\/de\/wp-json\/wp\/v2\/product_cat?post=485013"},{"taxonomy":"product_tag","embeddable":true,"href":"https:\/\/b2b.calibereurope.com\/de\/wp-json\/wp\/v2\/product_tag?post=485013"}],"curies":[{"name":"wp","href":"https:\/\/api.w.org\/{rel}","templated":true}]}}