{"id":485133,"date":"2023-07-31T02:00:00","date_gmt":"2023-07-31T00:00:00","guid":{"rendered":""},"modified":"2023-07-31T10:09:52","modified_gmt":"2023-07-31T08:09:52","slug":"HWS701-de_DE","status":"publish","type":"product","link":"https:\/\/b2b.calibereurope.com\/de\/produkt\/HWS701-de_DE\/","title":{"rendered":"Verl\u00e4ngerungssirene 120dB &#8211; F\u00fcr HWS301 HWS401 HWS601 (HWS701)"},"content":{"rendered":"<p>Das Kaliber HWS701 ist eine Erweiterungssirene f\u00fcr den Bewegungssensor Kaliber HWS301, den Rauchmelder HWS401 und den Wassersensor HWS601. Erweitern Sie Ihre intelligente Sicherheitsvorrichtung mit einer extra lauten 120-Dezibel-Sirene, die Sie \u00fcberall im Haus aufh\u00e4ngen k\u00f6nnen. N\u00fctzlich, wenn sich einer der Sensoren in der Garage oder im Keller befindet, Sie ihn aber aus Ihrem Schlafzimmer nicht h\u00f6ren k\u00f6nnen.<\/p>\n<p><strong>Verbindung<br \/><\/strong>Verbinden Sie den HWS701 wie die anderen Smart Home-Ger\u00e4te \u00fcber die Caliber Smart Home App mit Ihrem Smartphone. Dort w\u00e4hlen Sie aus, an welche Ger\u00e4te Sie die Sirene anschlie\u00dfen. Die Sirene gibt Ihnen auch eine Push-Meldung \u00fcber die App, wenn eines der Ger\u00e4te ausf\u00e4llt. Die Sirene wird mit zwei Batterien betrieben. <\/p>\n<p><strong>Extram\u00f6glichkeit<\/strong><br \/>Der HWS701 ist nicht nur eine laute Sirene. Sie enth\u00e4lt mehrere T\u00f6ne, darunter eine T\u00fcrklingel, so dass Sie die App so einstellen k\u00f6nnen, dass sie bei Verwendung Ihrer intelligenten T\u00fcrklingel klingelt. In diesem Fall haben Sie zus\u00e4tzlich zu der Benachrichtigung auf Ihrem Smartphone auch einen Ton in Ihrer Wohnung.<\/p>\n","protected":false},"excerpt":{"rendered":"<p>Das Kaliber HWS701 ist eine Erweiterungssirene f\u00fcr den Bewegungssensor Kaliber HWS301, den Rauchmelder HWS401 und den Wassersensor HWS601. Erweitern Sie Ihre intelligente Sicherheitsvorrichtung mit einer extra lauten 120-Dezibel-Sirene, die Sie \u00fcberall im Haus aufh\u00e4ngen k\u00f6nnen. N\u00fctzlich, wenn sich einer der Sensoren in der Garage oder im Keller befindet, Sie ihn aber aus Ihrem Schlafzimmer nicht [&hellip;]<\/p>\n","protected":false},"featured_media":830567,"template":"","meta":{"_acf_changed":false,"site-sidebar-layout":"default","site-content-layout":"","ast-site-content-layout":"default","site-content-style":"default","site-sidebar-style":"default","ast-global-header-display":"","ast-banner-title-visibility":"","ast-main-header-display":"","ast-hfb-above-header-display":"","ast-hfb-below-header-display":"","ast-hfb-mobile-header-display":"","site-post-title":"","ast-breadcrumbs-content":"","ast-featured-img":"","footer-sml-layout":"","theme-transparent-header-meta":"","adv-header-id-meta":"","stick-header-meta":"","header-above-stick-meta":"","header-main-stick-meta":"","header-below-stick-meta":"","astra-migrate-meta-layouts":"default","ast-page-background-enabled":"default","ast-page-background-meta":{"desktop":{"background-color":"","background-image":"","background-repeat":"repeat","background-position":"center center","background-size":"auto","background-attachment":"scroll","background-type":"","background-media":"","overlay-type":"","overlay-color":"","overlay-opacity":"","overlay-gradient":""},"tablet":{"background-color":"","background-image":"","background-repeat":"repeat","background-position":"center center","background-size":"auto","background-attachment":"scroll","background-type":"","background-media":"","overlay-type":"","overlay-color":"","overlay-opacity":"","overlay-gradient":""},"mobile":{"background-color":"","background-image":"","background-repeat":"repeat","background-position":"center center","background-size":"auto","background-attachment":"scroll","background-type":"","background-media":"","overlay-type":"","overlay-color":"","overlay-opacity":"","overlay-gradient":""}},"ast-content-background-meta":{"desktop":{"background-color":"var(--ast-global-color-5)","background-image":"","background-repeat":"repeat","background-position":"center center","background-size":"auto","background-attachment":"scroll","background-type":"","background-media":"","overlay-type":"","overlay-color":"","overlay-opacity":"","overlay-gradient":""},"tablet":{"background-color":"var(--ast-global-color-5)","background-image":"","background-repeat":"repeat","background-position":"center center","background-size":"auto","background-attachment":"scroll","background-type":"","background-media":"","overlay-type":"","overlay-color":"","overlay-opacity":"","overlay-gradient":""},"mobile":{"background-color":"var(--ast-global-color-5)","background-image":"","background-repeat":"repeat","background-position":"center center","background-size":"auto","background-attachment":"scroll","background-type":"","background-media":"","overlay-type":"","overlay-color":"","overlay-opacity":"","overlay-gradient":""}}},"product_brand":[],"product_cat":[22956],"product_tag":[],"class_list":{"0":"post-485133","1":"product","2":"type-product","3":"status-publish","4":"has-post-thumbnail","6":"product_cat-keine-kategorie","7":"desktop-align-center","8":"tablet-align-center","9":"mobile-align-center","10":"ast-product-gallery-layout-horizontal","11":"ast-product-tabs-layout-horizontal","13":"first","14":"instock","15":"taxable","16":"shipping-taxable","17":"purchasable","18":"product-type-simple"},"acf":[],"yoast_head":"<!-- This site is optimized with the Yoast SEO plugin v26.5 - https:\/\/yoast.com\/wordpress\/plugins\/seo\/ -->\n<title>Verl\u00e4ngerungssirene 120dB - F\u00fcr HWS301 HWS401 HWS601 (HWS701) - Caliber Europe B.V.<\/title>\n<meta name=\"robots\" content=\"noindex, follow, max-snippet:-1, max-image-preview:large, max-video-preview:-1\" \/>\n<meta property=\"og:locale\" content=\"de_DE\" \/>\n<meta property=\"og:type\" content=\"article\" \/>\n<meta property=\"og:title\" content=\"Verl\u00e4ngerungssirene 120dB - F\u00fcr HWS301 HWS401 HWS601 (HWS701) - Caliber Europe B.V.\" \/>\n<meta property=\"og:description\" content=\"Das Kaliber HWS701 ist eine Erweiterungssirene f\u00fcr den Bewegungssensor Kaliber HWS301, den Rauchmelder HWS401 und den Wassersensor HWS601. Erweitern Sie Ihre intelligente Sicherheitsvorrichtung mit einer extra lauten 120-Dezibel-Sirene, die Sie \u00fcberall im Haus aufh\u00e4ngen k\u00f6nnen. N\u00fctzlich, wenn sich einer der Sensoren in der Garage oder im Keller befindet, Sie ihn aber aus Ihrem Schlafzimmer nicht [&hellip;]\" \/>\n<meta property=\"og:url\" content=\"https:\/\/b2b.calibereurope.com\/de\/?post_type=product&amp;p=485133\" \/>\n<meta property=\"og:site_name\" content=\"Caliber Europe B.V.\" \/>\n<meta property=\"article:modified_time\" content=\"2023-07-31T08:09:52+00:00\" \/>\n<meta property=\"og:image\" content=\"https:\/\/b2b.calibereurope.com\/wp-content\/uploads\/2021\/11\/e7bf04811b5350f7ac478e8271fed51774df4d47_HWS701_Sirene_Wall.jpg\" \/>\n\t<meta property=\"og:image:width\" content=\"1024\" \/>\n\t<meta property=\"og:image:height\" content=\"768\" \/>\n\t<meta property=\"og:image:type\" content=\"image\/jpeg\" \/>\n<meta name=\"twitter:card\" content=\"summary_large_image\" \/>\n<meta name=\"twitter:label1\" content=\"Gesch\u00e4tzte Lesezeit\" \/>\n\t<meta name=\"twitter:data1\" content=\"1\u00a0Minute\" \/>\n<script type=\"application\/ld+json\" class=\"yoast-schema-graph\">{\"@context\":\"https:\/\/schema.org\",\"@graph\":[{\"@type\":\"WebPage\",\"@id\":\"https:\/\/b2b.calibereurope.com\/de\/?post_type=product&p=485133\",\"url\":\"https:\/\/b2b.calibereurope.com\/de\/?post_type=product&p=485133\",\"name\":\"Verl\u00e4ngerungssirene 120dB - F\u00fcr HWS301 HWS401 HWS601 (HWS701) - Caliber Europe B.V.\",\"isPartOf\":{\"@id\":\"https:\/\/b2b.calibereurope.com\/#website\"},\"primaryImageOfPage\":{\"@id\":\"https:\/\/b2b.calibereurope.com\/de\/?post_type=product&p=485133#primaryimage\"},\"image\":{\"@id\":\"https:\/\/b2b.calibereurope.com\/de\/?post_type=product&p=485133#primaryimage\"},\"thumbnailUrl\":\"https:\/\/b2b.calibereurope.com\/wp-content\/uploads\/2023\/07\/e7bf04811b5350f7ac478e8271fed51774df4d47_HWS701_Sirene_Wall.jpg\",\"datePublished\":\"2023-07-31T00:00:00+00:00\",\"dateModified\":\"2023-07-31T08:09:52+00:00\",\"breadcrumb\":{\"@id\":\"https:\/\/b2b.calibereurope.com\/de\/?post_type=product&p=485133#breadcrumb\"},\"inLanguage\":\"de\",\"potentialAction\":[{\"@type\":\"ReadAction\",\"target\":[\"https:\/\/b2b.calibereurope.com\/de\/?post_type=product&p=485133\"]}]},{\"@type\":\"ImageObject\",\"inLanguage\":\"de\",\"@id\":\"https:\/\/b2b.calibereurope.com\/de\/?post_type=product&p=485133#primaryimage\",\"url\":\"https:\/\/b2b.calibereurope.com\/wp-content\/uploads\/2023\/07\/e7bf04811b5350f7ac478e8271fed51774df4d47_HWS701_Sirene_Wall.jpg\",\"contentUrl\":\"https:\/\/b2b.calibereurope.com\/wp-content\/uploads\/2023\/07\/e7bf04811b5350f7ac478e8271fed51774df4d47_HWS701_Sirene_Wall.jpg\",\"width\":1024,\"height\":768},{\"@type\":\"BreadcrumbList\",\"@id\":\"https:\/\/b2b.calibereurope.com\/de\/?post_type=product&p=485133#breadcrumb\",\"itemListElement\":[{\"@type\":\"ListItem\",\"position\":1,\"name\":\"Home\",\"item\":\"https:\/\/b2b.calibereurope.com\/de\/\"},{\"@type\":\"ListItem\",\"position\":2,\"name\":\"Shop\",\"item\":\"https:\/\/b2b.calibereurope.com\/de\/shop\/\"},{\"@type\":\"ListItem\",\"position\":3,\"name\":\"Verl\u00e4ngerungssirene 120dB &#8211; F\u00fcr HWS301 HWS401 HWS601 (HWS701)\"}]},{\"@type\":\"WebSite\",\"@id\":\"https:\/\/b2b.calibereurope.com\/#website\",\"url\":\"https:\/\/b2b.calibereurope.com\/\",\"name\":\"Caliber Europe B.V.\",\"description\":\"B2B Webshop\",\"publisher\":{\"@id\":\"https:\/\/b2b.calibereurope.com\/#organization\"},\"potentialAction\":[{\"@type\":\"SearchAction\",\"target\":{\"@type\":\"EntryPoint\",\"urlTemplate\":\"https:\/\/b2b.calibereurope.com\/?s={search_term_string}\"},\"query-input\":{\"@type\":\"PropertyValueSpecification\",\"valueRequired\":true,\"valueName\":\"search_term_string\"}}],\"inLanguage\":\"de\"},{\"@type\":\"Organization\",\"@id\":\"https:\/\/b2b.calibereurope.com\/#organization\",\"name\":\"Caliber Europe B.V.\",\"url\":\"https:\/\/b2b.calibereurope.com\/\",\"logo\":{\"@type\":\"ImageObject\",\"inLanguage\":\"de\",\"@id\":\"https:\/\/b2b.calibereurope.com\/#\/schema\/logo\/image\/\",\"url\":\"https:\/\/b2b.calibereurope.com\/wp-content\/uploads\/2020\/12\/Caliber_Logo-Black.png\",\"contentUrl\":\"https:\/\/b2b.calibereurope.com\/wp-content\/uploads\/2020\/12\/Caliber_Logo-Black.png\",\"width\":3157,\"height\":356,\"caption\":\"Caliber Europe B.V.\"},\"image\":{\"@id\":\"https:\/\/b2b.calibereurope.com\/#\/schema\/logo\/image\/\"}}]}<\/script>\n<!-- \/ Yoast SEO plugin. -->","yoast_head_json":{"title":"Verl\u00e4ngerungssirene 120dB - F\u00fcr HWS301 HWS401 HWS601 (HWS701) - Caliber Europe B.V.","robots":{"index":"noindex","follow":"follow","max-snippet":"max-snippet:-1","max-image-preview":"max-image-preview:large","max-video-preview":"max-video-preview:-1"},"og_locale":"de_DE","og_type":"article","og_title":"Verl\u00e4ngerungssirene 120dB - F\u00fcr HWS301 HWS401 HWS601 (HWS701) - Caliber Europe B.V.","og_description":"Das Kaliber HWS701 ist eine Erweiterungssirene f\u00fcr den Bewegungssensor Kaliber HWS301, den Rauchmelder HWS401 und den Wassersensor HWS601. Erweitern Sie Ihre intelligente Sicherheitsvorrichtung mit einer extra lauten 120-Dezibel-Sirene, die Sie \u00fcberall im Haus aufh\u00e4ngen k\u00f6nnen. N\u00fctzlich, wenn sich einer der Sensoren in der Garage oder im Keller befindet, Sie ihn aber aus Ihrem Schlafzimmer nicht [&hellip;]","og_url":"https:\/\/b2b.calibereurope.com\/de\/?post_type=product&p=485133","og_site_name":"Caliber Europe B.V.","article_modified_time":"2023-07-31T08:09:52+00:00","og_image":[{"width":1024,"height":768,"url":"https:\/\/b2b.calibereurope.com\/wp-content\/uploads\/2021\/11\/e7bf04811b5350f7ac478e8271fed51774df4d47_HWS701_Sirene_Wall.jpg","type":"image\/jpeg"}],"twitter_card":"summary_large_image","twitter_misc":{"Gesch\u00e4tzte Lesezeit":"1\u00a0Minute"},"schema":{"@context":"https:\/\/schema.org","@graph":[{"@type":"WebPage","@id":"https:\/\/b2b.calibereurope.com\/de\/?post_type=product&p=485133","url":"https:\/\/b2b.calibereurope.com\/de\/?post_type=product&p=485133","name":"Verl\u00e4ngerungssirene 120dB - F\u00fcr HWS301 HWS401 HWS601 (HWS701) - Caliber Europe B.V.","isPartOf":{"@id":"https:\/\/b2b.calibereurope.com\/#website"},"primaryImageOfPage":{"@id":"https:\/\/b2b.calibereurope.com\/de\/?post_type=product&p=485133#primaryimage"},"image":{"@id":"https:\/\/b2b.calibereurope.com\/de\/?post_type=product&p=485133#primaryimage"},"thumbnailUrl":"https:\/\/b2b.calibereurope.com\/wp-content\/uploads\/2023\/07\/e7bf04811b5350f7ac478e8271fed51774df4d47_HWS701_Sirene_Wall.jpg","datePublished":"2023-07-31T00:00:00+00:00","dateModified":"2023-07-31T08:09:52+00:00","breadcrumb":{"@id":"https:\/\/b2b.calibereurope.com\/de\/?post_type=product&p=485133#breadcrumb"},"inLanguage":"de","potentialAction":[{"@type":"ReadAction","target":["https:\/\/b2b.calibereurope.com\/de\/?post_type=product&p=485133"]}]},{"@type":"ImageObject","inLanguage":"de","@id":"https:\/\/b2b.calibereurope.com\/de\/?post_type=product&p=485133#primaryimage","url":"https:\/\/b2b.calibereurope.com\/wp-content\/uploads\/2023\/07\/e7bf04811b5350f7ac478e8271fed51774df4d47_HWS701_Sirene_Wall.jpg","contentUrl":"https:\/\/b2b.calibereurope.com\/wp-content\/uploads\/2023\/07\/e7bf04811b5350f7ac478e8271fed51774df4d47_HWS701_Sirene_Wall.jpg","width":1024,"height":768},{"@type":"BreadcrumbList","@id":"https:\/\/b2b.calibereurope.com\/de\/?post_type=product&p=485133#breadcrumb","itemListElement":[{"@type":"ListItem","position":1,"name":"Home","item":"https:\/\/b2b.calibereurope.com\/de\/"},{"@type":"ListItem","position":2,"name":"Shop","item":"https:\/\/b2b.calibereurope.com\/de\/shop\/"},{"@type":"ListItem","position":3,"name":"Verl\u00e4ngerungssirene 120dB &#8211; F\u00fcr HWS301 HWS401 HWS601 (HWS701)"}]},{"@type":"WebSite","@id":"https:\/\/b2b.calibereurope.com\/#website","url":"https:\/\/b2b.calibereurope.com\/","name":"Caliber Europe B.V.","description":"B2B Webshop","publisher":{"@id":"https:\/\/b2b.calibereurope.com\/#organization"},"potentialAction":[{"@type":"SearchAction","target":{"@type":"EntryPoint","urlTemplate":"https:\/\/b2b.calibereurope.com\/?s={search_term_string}"},"query-input":{"@type":"PropertyValueSpecification","valueRequired":true,"valueName":"search_term_string"}}],"inLanguage":"de"},{"@type":"Organization","@id":"https:\/\/b2b.calibereurope.com\/#organization","name":"Caliber Europe B.V.","url":"https:\/\/b2b.calibereurope.com\/","logo":{"@type":"ImageObject","inLanguage":"de","@id":"https:\/\/b2b.calibereurope.com\/#\/schema\/logo\/image\/","url":"https:\/\/b2b.calibereurope.com\/wp-content\/uploads\/2020\/12\/Caliber_Logo-Black.png","contentUrl":"https:\/\/b2b.calibereurope.com\/wp-content\/uploads\/2020\/12\/Caliber_Logo-Black.png","width":3157,"height":356,"caption":"Caliber Europe B.V."},"image":{"@id":"https:\/\/b2b.calibereurope.com\/#\/schema\/logo\/image\/"}}]}},"_links":{"self":[{"href":"https:\/\/b2b.calibereurope.com\/de\/wp-json\/wp\/v2\/product\/485133","targetHints":{"allow":["GET"]}}],"collection":[{"href":"https:\/\/b2b.calibereurope.com\/de\/wp-json\/wp\/v2\/product"}],"about":[{"href":"https:\/\/b2b.calibereurope.com\/de\/wp-json\/wp\/v2\/types\/product"}],"version-history":[{"count":0,"href":"https:\/\/b2b.calibereurope.com\/de\/wp-json\/wp\/v2\/product\/485133\/revisions"}],"wp:featuredmedia":[{"embeddable":true,"href":"https:\/\/b2b.calibereurope.com\/de\/wp-json\/wp\/v2\/media\/830567"}],"wp:attachment":[{"href":"https:\/\/b2b.calibereurope.com\/de\/wp-json\/wp\/v2\/media?parent=485133"}],"wp:term":[{"taxonomy":"product_brand","embeddable":true,"href":"https:\/\/b2b.calibereurope.com\/de\/wp-json\/wp\/v2\/product_brand?post=485133"},{"taxonomy":"product_cat","embeddable":true,"href":"https:\/\/b2b.calibereurope.com\/de\/wp-json\/wp\/v2\/product_cat?post=485133"},{"taxonomy":"product_tag","embeddable":true,"href":"https:\/\/b2b.calibereurope.com\/de\/wp-json\/wp\/v2\/product_tag?post=485133"}],"curies":[{"name":"wp","href":"https:\/\/api.w.org\/{rel}","templated":true}]}}