{"id":485169,"date":"2024-02-20T01:00:00","date_gmt":"2024-02-20T00:00:00","guid":{"rendered":""},"modified":"2024-02-20T14:27:26","modified_gmt":"2024-02-20T13:27:26","slug":"HWS601-de_DE","status":"publish","type":"product","link":"https:\/\/b2b.calibereurope.com\/de\/produkt\/HWS601-de_DE\/","title":{"rendered":"Intelligenter Wassersensor (HWS601)"},"content":{"rendered":"<p>Mit dem Wassersensor Kaliber HWS601 sind Sie bei \u00dcberschwemmungen im Haus schnell zur Stelle. Platzieren Sie den Sensor an Orten, die daf\u00fcr empfindlich sind, wie z.B. in der Geschirrsp\u00fclmaschine, Waschmaschine oder im Keller. Wenn der Sensor Wasser erkennt, wird der Alarm ausgel\u00f6st und eine Nachricht an Ihr Smartphone gesendet.<\/p>\n<p><strong>Caliber Smart Home App<\/strong><br \/>Verbinden Sie den HWS601 \u00fcber die Caliber Smart Home App mit Ihrem Smartphone. Sie erhalten \u00fcberall eine Meldung, wenn der Sensor Wasser feststellt. N\u00fctzlich, wenn Sie bei der Arbeit oder im Urlaub sind und es zu Hause schief geht. Sie haben auch die M\u00f6glichkeit, den HWS601 \u00fcber einen intelligenten Stecker an die Dampfversorgung f\u00fcr eine Wasserpumpe anzuschlie\u00dfen. Wenn z.B. im Keller Wasser l\u00e4uft, aktiviert der Sensor die Pumpe und Sie k\u00f6nnen den Schaden begrenzen. Der Wassersensor wird mit einer mitgelieferten Batterie betrieben, die Sie etwa ein Jahr lang verwenden k\u00f6nnen.<\/p>\n<p><strong>Benutzen Sie eine zus\u00e4tzliche Sirene<\/strong><br \/>M\u00f6chten Sie sicher sein, dass Sie den Alarm des Wassersensors jederzeit und \u00fcberall im Haus h\u00f6ren? Dann erweitern Sie sie mit der Sirene Kaliber HWS701. Schlie\u00dfen Sie ihn an den Wassersensor an und Sie werden nie einen Alarm verpassen.<\/p>\n<p><strong>Zertifizierungen:<\/strong><br \/>Kaliber-Produkte sind immer mit den erforderlichen Zertifizierungen ausgestattet und erf\u00fcllen die EU-Anforderungen an elektrische Produkte. Die Verwendung von nicht zertifizierten elektrischen Produkten kann zu Gefahren\/Verletzungen f\u00fcr den Benutzer und\/oder seine Umgebung f\u00fchren. Die Verwendung nicht zertifizierter Produkte kann zum Ausschluss von der Deckung und \/ oder Zahlung Ihrer Versicherung f\u00fchren.<\/p>\n<p>Bitte beachten Sie dies beim Kauf eines Produktes.<\/p>\n","protected":false},"excerpt":{"rendered":"<p>Mit dem Wassersensor Kaliber HWS601 sind Sie bei \u00dcberschwemmungen im Haus schnell zur Stelle. Platzieren Sie den Sensor an Orten, die daf\u00fcr empfindlich sind, wie z.B. in der Geschirrsp\u00fclmaschine, Waschmaschine oder im Keller. Wenn der Sensor Wasser erkennt, wird der Alarm ausgel\u00f6st und eine Nachricht an Ihr Smartphone gesendet. Caliber Smart Home AppVerbinden Sie den [&hellip;]<\/p>\n","protected":false},"featured_media":842348,"template":"","meta":{"_acf_changed":false,"site-sidebar-layout":"default","site-content-layout":"","ast-site-content-layout":"default","site-content-style":"default","site-sidebar-style":"default","ast-global-header-display":"","ast-banner-title-visibility":"","ast-main-header-display":"","ast-hfb-above-header-display":"","ast-hfb-below-header-display":"","ast-hfb-mobile-header-display":"","site-post-title":"","ast-breadcrumbs-content":"","ast-featured-img":"","footer-sml-layout":"","theme-transparent-header-meta":"","adv-header-id-meta":"","stick-header-meta":"","header-above-stick-meta":"","header-main-stick-meta":"","header-below-stick-meta":"","astra-migrate-meta-layouts":"default","ast-page-background-enabled":"default","ast-page-background-meta":{"desktop":{"background-color":"","background-image":"","background-repeat":"repeat","background-position":"center center","background-size":"auto","background-attachment":"scroll","background-type":"","background-media":"","overlay-type":"","overlay-color":"","overlay-opacity":"","overlay-gradient":""},"tablet":{"background-color":"","background-image":"","background-repeat":"repeat","background-position":"center center","background-size":"auto","background-attachment":"scroll","background-type":"","background-media":"","overlay-type":"","overlay-color":"","overlay-opacity":"","overlay-gradient":""},"mobile":{"background-color":"","background-image":"","background-repeat":"repeat","background-position":"center center","background-size":"auto","background-attachment":"scroll","background-type":"","background-media":"","overlay-type":"","overlay-color":"","overlay-opacity":"","overlay-gradient":""}},"ast-content-background-meta":{"desktop":{"background-color":"var(--ast-global-color-5)","background-image":"","background-repeat":"repeat","background-position":"center center","background-size":"auto","background-attachment":"scroll","background-type":"","background-media":"","overlay-type":"","overlay-color":"","overlay-opacity":"","overlay-gradient":""},"tablet":{"background-color":"var(--ast-global-color-5)","background-image":"","background-repeat":"repeat","background-position":"center center","background-size":"auto","background-attachment":"scroll","background-type":"","background-media":"","overlay-type":"","overlay-color":"","overlay-opacity":"","overlay-gradient":""},"mobile":{"background-color":"var(--ast-global-color-5)","background-image":"","background-repeat":"repeat","background-position":"center center","background-size":"auto","background-attachment":"scroll","background-type":"","background-media":"","overlay-type":"","overlay-color":"","overlay-opacity":"","overlay-gradient":""}}},"product_brand":[],"product_cat":[22956],"product_tag":[],"class_list":{"0":"post-485169","1":"product","2":"type-product","3":"status-publish","4":"has-post-thumbnail","6":"product_cat-keine-kategorie","7":"desktop-align-center","8":"tablet-align-center","9":"mobile-align-center","10":"ast-product-gallery-layout-horizontal","11":"ast-product-tabs-layout-horizontal","13":"first","14":"instock","15":"taxable","16":"shipping-taxable","17":"purchasable","18":"product-type-simple"},"acf":[],"yoast_head":"<!-- This site is optimized with the Yoast SEO plugin v26.5 - https:\/\/yoast.com\/wordpress\/plugins\/seo\/ -->\n<title>Intelligenter Wassersensor (HWS601) - Caliber Europe B.V.<\/title>\n<meta name=\"robots\" content=\"noindex, follow, max-snippet:-1, max-image-preview:large, max-video-preview:-1\" \/>\n<meta property=\"og:locale\" content=\"de_DE\" \/>\n<meta property=\"og:type\" content=\"article\" \/>\n<meta property=\"og:title\" content=\"Intelligenter Wassersensor (HWS601) - Caliber Europe B.V.\" \/>\n<meta property=\"og:description\" content=\"Mit dem Wassersensor Kaliber HWS601 sind Sie bei \u00dcberschwemmungen im Haus schnell zur Stelle. Platzieren Sie den Sensor an Orten, die daf\u00fcr empfindlich sind, wie z.B. in der Geschirrsp\u00fclmaschine, Waschmaschine oder im Keller. Wenn der Sensor Wasser erkennt, wird der Alarm ausgel\u00f6st und eine Nachricht an Ihr Smartphone gesendet. Caliber Smart Home AppVerbinden Sie den [&hellip;]\" \/>\n<meta property=\"og:url\" content=\"https:\/\/b2b.calibereurope.com\/de\/produkt\/hws601-de_de\/\" \/>\n<meta property=\"og:site_name\" content=\"Caliber Europe B.V.\" \/>\n<meta property=\"article:modified_time\" content=\"2024-02-20T13:27:26+00:00\" \/>\n<meta property=\"og:image\" content=\"https:\/\/b2b.calibereurope.com\/wp-content\/uploads\/2021\/09\/d5cea899cd82e7987dc8328871b522255dffdaa8_HWS601_water_sensor_ceiling.jpg\" \/>\n\t<meta property=\"og:image:width\" content=\"1024\" \/>\n\t<meta property=\"og:image:height\" content=\"768\" \/>\n\t<meta property=\"og:image:type\" content=\"image\/jpeg\" \/>\n<meta name=\"twitter:card\" content=\"summary_large_image\" \/>\n<meta name=\"twitter:label1\" content=\"Gesch\u00e4tzte Lesezeit\" \/>\n\t<meta name=\"twitter:data1\" content=\"1\u00a0Minute\" \/>\n<script type=\"application\/ld+json\" class=\"yoast-schema-graph\">{\"@context\":\"https:\/\/schema.org\",\"@graph\":[{\"@type\":\"WebPage\",\"@id\":\"https:\/\/b2b.calibereurope.com\/de\/produkt\/hws601-de_de\/\",\"url\":\"https:\/\/b2b.calibereurope.com\/de\/produkt\/hws601-de_de\/\",\"name\":\"Intelligenter Wassersensor (HWS601) - Caliber Europe B.V.\",\"isPartOf\":{\"@id\":\"https:\/\/b2b.calibereurope.com\/#website\"},\"primaryImageOfPage\":{\"@id\":\"https:\/\/b2b.calibereurope.com\/de\/produkt\/hws601-de_de\/#primaryimage\"},\"image\":{\"@id\":\"https:\/\/b2b.calibereurope.com\/de\/produkt\/hws601-de_de\/#primaryimage\"},\"thumbnailUrl\":\"https:\/\/b2b.calibereurope.com\/wp-content\/uploads\/2024\/02\/d5cea899cd82e7987dc8328871b522255dffdaa8_HWS601_water_sensor_ceiling.jpg\",\"datePublished\":\"2024-02-20T00:00:00+00:00\",\"dateModified\":\"2024-02-20T13:27:26+00:00\",\"breadcrumb\":{\"@id\":\"https:\/\/b2b.calibereurope.com\/de\/produkt\/hws601-de_de\/#breadcrumb\"},\"inLanguage\":\"de\",\"potentialAction\":[{\"@type\":\"ReadAction\",\"target\":[\"https:\/\/b2b.calibereurope.com\/de\/produkt\/hws601-de_de\/\"]}]},{\"@type\":\"ImageObject\",\"inLanguage\":\"de\",\"@id\":\"https:\/\/b2b.calibereurope.com\/de\/produkt\/hws601-de_de\/#primaryimage\",\"url\":\"https:\/\/b2b.calibereurope.com\/wp-content\/uploads\/2024\/02\/d5cea899cd82e7987dc8328871b522255dffdaa8_HWS601_water_sensor_ceiling.jpg\",\"contentUrl\":\"https:\/\/b2b.calibereurope.com\/wp-content\/uploads\/2024\/02\/d5cea899cd82e7987dc8328871b522255dffdaa8_HWS601_water_sensor_ceiling.jpg\",\"width\":1024,\"height\":768},{\"@type\":\"BreadcrumbList\",\"@id\":\"https:\/\/b2b.calibereurope.com\/de\/produkt\/hws601-de_de\/#breadcrumb\",\"itemListElement\":[{\"@type\":\"ListItem\",\"position\":1,\"name\":\"Home\",\"item\":\"https:\/\/b2b.calibereurope.com\/de\/\"},{\"@type\":\"ListItem\",\"position\":2,\"name\":\"Shop\",\"item\":\"https:\/\/b2b.calibereurope.com\/de\/shop\/\"},{\"@type\":\"ListItem\",\"position\":3,\"name\":\"Intelligenter Wassersensor (HWS601)\"}]},{\"@type\":\"WebSite\",\"@id\":\"https:\/\/b2b.calibereurope.com\/#website\",\"url\":\"https:\/\/b2b.calibereurope.com\/\",\"name\":\"Caliber Europe B.V.\",\"description\":\"B2B Webshop\",\"publisher\":{\"@id\":\"https:\/\/b2b.calibereurope.com\/#organization\"},\"potentialAction\":[{\"@type\":\"SearchAction\",\"target\":{\"@type\":\"EntryPoint\",\"urlTemplate\":\"https:\/\/b2b.calibereurope.com\/?s={search_term_string}\"},\"query-input\":{\"@type\":\"PropertyValueSpecification\",\"valueRequired\":true,\"valueName\":\"search_term_string\"}}],\"inLanguage\":\"de\"},{\"@type\":\"Organization\",\"@id\":\"https:\/\/b2b.calibereurope.com\/#organization\",\"name\":\"Caliber Europe B.V.\",\"url\":\"https:\/\/b2b.calibereurope.com\/\",\"logo\":{\"@type\":\"ImageObject\",\"inLanguage\":\"de\",\"@id\":\"https:\/\/b2b.calibereurope.com\/#\/schema\/logo\/image\/\",\"url\":\"https:\/\/b2b.calibereurope.com\/wp-content\/uploads\/2020\/12\/Caliber_Logo-Black.png\",\"contentUrl\":\"https:\/\/b2b.calibereurope.com\/wp-content\/uploads\/2020\/12\/Caliber_Logo-Black.png\",\"width\":3157,\"height\":356,\"caption\":\"Caliber Europe B.V.\"},\"image\":{\"@id\":\"https:\/\/b2b.calibereurope.com\/#\/schema\/logo\/image\/\"}}]}<\/script>\n<!-- \/ Yoast SEO plugin. -->","yoast_head_json":{"title":"Intelligenter Wassersensor (HWS601) - Caliber Europe B.V.","robots":{"index":"noindex","follow":"follow","max-snippet":"max-snippet:-1","max-image-preview":"max-image-preview:large","max-video-preview":"max-video-preview:-1"},"og_locale":"de_DE","og_type":"article","og_title":"Intelligenter Wassersensor (HWS601) - Caliber Europe B.V.","og_description":"Mit dem Wassersensor Kaliber HWS601 sind Sie bei \u00dcberschwemmungen im Haus schnell zur Stelle. Platzieren Sie den Sensor an Orten, die daf\u00fcr empfindlich sind, wie z.B. in der Geschirrsp\u00fclmaschine, Waschmaschine oder im Keller. Wenn der Sensor Wasser erkennt, wird der Alarm ausgel\u00f6st und eine Nachricht an Ihr Smartphone gesendet. Caliber Smart Home AppVerbinden Sie den [&hellip;]","og_url":"https:\/\/b2b.calibereurope.com\/de\/produkt\/hws601-de_de\/","og_site_name":"Caliber Europe B.V.","article_modified_time":"2024-02-20T13:27:26+00:00","og_image":[{"width":1024,"height":768,"url":"https:\/\/b2b.calibereurope.com\/wp-content\/uploads\/2021\/09\/d5cea899cd82e7987dc8328871b522255dffdaa8_HWS601_water_sensor_ceiling.jpg","type":"image\/jpeg"}],"twitter_card":"summary_large_image","twitter_misc":{"Gesch\u00e4tzte Lesezeit":"1\u00a0Minute"},"schema":{"@context":"https:\/\/schema.org","@graph":[{"@type":"WebPage","@id":"https:\/\/b2b.calibereurope.com\/de\/produkt\/hws601-de_de\/","url":"https:\/\/b2b.calibereurope.com\/de\/produkt\/hws601-de_de\/","name":"Intelligenter Wassersensor (HWS601) - Caliber Europe B.V.","isPartOf":{"@id":"https:\/\/b2b.calibereurope.com\/#website"},"primaryImageOfPage":{"@id":"https:\/\/b2b.calibereurope.com\/de\/produkt\/hws601-de_de\/#primaryimage"},"image":{"@id":"https:\/\/b2b.calibereurope.com\/de\/produkt\/hws601-de_de\/#primaryimage"},"thumbnailUrl":"https:\/\/b2b.calibereurope.com\/wp-content\/uploads\/2024\/02\/d5cea899cd82e7987dc8328871b522255dffdaa8_HWS601_water_sensor_ceiling.jpg","datePublished":"2024-02-20T00:00:00+00:00","dateModified":"2024-02-20T13:27:26+00:00","breadcrumb":{"@id":"https:\/\/b2b.calibereurope.com\/de\/produkt\/hws601-de_de\/#breadcrumb"},"inLanguage":"de","potentialAction":[{"@type":"ReadAction","target":["https:\/\/b2b.calibereurope.com\/de\/produkt\/hws601-de_de\/"]}]},{"@type":"ImageObject","inLanguage":"de","@id":"https:\/\/b2b.calibereurope.com\/de\/produkt\/hws601-de_de\/#primaryimage","url":"https:\/\/b2b.calibereurope.com\/wp-content\/uploads\/2024\/02\/d5cea899cd82e7987dc8328871b522255dffdaa8_HWS601_water_sensor_ceiling.jpg","contentUrl":"https:\/\/b2b.calibereurope.com\/wp-content\/uploads\/2024\/02\/d5cea899cd82e7987dc8328871b522255dffdaa8_HWS601_water_sensor_ceiling.jpg","width":1024,"height":768},{"@type":"BreadcrumbList","@id":"https:\/\/b2b.calibereurope.com\/de\/produkt\/hws601-de_de\/#breadcrumb","itemListElement":[{"@type":"ListItem","position":1,"name":"Home","item":"https:\/\/b2b.calibereurope.com\/de\/"},{"@type":"ListItem","position":2,"name":"Shop","item":"https:\/\/b2b.calibereurope.com\/de\/shop\/"},{"@type":"ListItem","position":3,"name":"Intelligenter Wassersensor (HWS601)"}]},{"@type":"WebSite","@id":"https:\/\/b2b.calibereurope.com\/#website","url":"https:\/\/b2b.calibereurope.com\/","name":"Caliber Europe B.V.","description":"B2B Webshop","publisher":{"@id":"https:\/\/b2b.calibereurope.com\/#organization"},"potentialAction":[{"@type":"SearchAction","target":{"@type":"EntryPoint","urlTemplate":"https:\/\/b2b.calibereurope.com\/?s={search_term_string}"},"query-input":{"@type":"PropertyValueSpecification","valueRequired":true,"valueName":"search_term_string"}}],"inLanguage":"de"},{"@type":"Organization","@id":"https:\/\/b2b.calibereurope.com\/#organization","name":"Caliber Europe B.V.","url":"https:\/\/b2b.calibereurope.com\/","logo":{"@type":"ImageObject","inLanguage":"de","@id":"https:\/\/b2b.calibereurope.com\/#\/schema\/logo\/image\/","url":"https:\/\/b2b.calibereurope.com\/wp-content\/uploads\/2020\/12\/Caliber_Logo-Black.png","contentUrl":"https:\/\/b2b.calibereurope.com\/wp-content\/uploads\/2020\/12\/Caliber_Logo-Black.png","width":3157,"height":356,"caption":"Caliber Europe B.V."},"image":{"@id":"https:\/\/b2b.calibereurope.com\/#\/schema\/logo\/image\/"}}]}},"_links":{"self":[{"href":"https:\/\/b2b.calibereurope.com\/de\/wp-json\/wp\/v2\/product\/485169","targetHints":{"allow":["GET"]}}],"collection":[{"href":"https:\/\/b2b.calibereurope.com\/de\/wp-json\/wp\/v2\/product"}],"about":[{"href":"https:\/\/b2b.calibereurope.com\/de\/wp-json\/wp\/v2\/types\/product"}],"version-history":[{"count":0,"href":"https:\/\/b2b.calibereurope.com\/de\/wp-json\/wp\/v2\/product\/485169\/revisions"}],"wp:featuredmedia":[{"embeddable":true,"href":"https:\/\/b2b.calibereurope.com\/de\/wp-json\/wp\/v2\/media\/842348"}],"wp:attachment":[{"href":"https:\/\/b2b.calibereurope.com\/de\/wp-json\/wp\/v2\/media?parent=485169"}],"wp:term":[{"taxonomy":"product_brand","embeddable":true,"href":"https:\/\/b2b.calibereurope.com\/de\/wp-json\/wp\/v2\/product_brand?post=485169"},{"taxonomy":"product_cat","embeddable":true,"href":"https:\/\/b2b.calibereurope.com\/de\/wp-json\/wp\/v2\/product_cat?post=485169"},{"taxonomy":"product_tag","embeddable":true,"href":"https:\/\/b2b.calibereurope.com\/de\/wp-json\/wp\/v2\/product_tag?post=485169"}],"curies":[{"name":"wp","href":"https:\/\/api.w.org\/{rel}","templated":true}]}}