{"id":485305,"date":"2025-10-07T02:00:00","date_gmt":"2025-10-07T00:00:00","guid":{"rendered":""},"modified":"2025-10-07T12:13:23","modified_gmt":"2025-10-07T10:13:23","slug":"HWS101-de_DE","status":"publish","type":"product","link":"https:\/\/b2b.calibereurope.com\/de\/produkt\/HWS101-de_DE\/","title":{"rendered":"Intelligenter T\u00fcr- und Fenstersensor (HWS101)"},"content":{"rendered":"<p>Mit dem T\u00fcr- und Fenstersensor Kaliber HWS101 ist Ihr Haus vor Einbrechern gesch\u00fctzt. Der Sensor besteht aus zwei Teilen: einen Teil platzieren Sie an einer T\u00fcr oder einem Fenster, den anderen an einem T\u00fcrpfosten oder Rahmen. Wenn die T\u00fcr oder das Fenster ge\u00f6ffnet wird, erkennt der Sensor, dass die beiden Teile getrennt sind.<\/p>\n<p><strong>Verbinden Sie den Sensor HWS101 mit der Caliber Smart Home App<\/strong><br \/>Der Sensor HWS101 l\u00e4sst sich einfach an die Caliber Smart Home App anschlie\u00dfen. Sie erhalten eine Push-Meldung auf Ihrem Smartphone, wenn der Sensor eine Bewegung an der T\u00fcr oder am Fenster feststellt. Sie k\u00f6nnen den Sensor auch mit anderen Smart-Home-L\u00f6sungen verwenden. Schlie\u00dfen Sie es an Ihre Smart Lights an, und das Licht geht an, wenn sich die T\u00fcr \u00f6ffnet. Dies ist nicht nur n\u00fctzlich, wenn Sie im Dunkeln nach Hause kommen, sondern schreckt auch unerw\u00fcnschte Eindringlinge ab.<\/p>\n<p><strong>Wireless<\/strong><br \/>Der HWS101 arbeitet vollst\u00e4ndig drahtlos und kann daher an jedem Fenster und jeder T\u00fcr angebracht werden. Es wird mit AAA-Batterien betrieben. Ein weiteres einfaches Hinzuf\u00fcgen des Sensors funktioniert ohne den Einsatz eines Hubs\/Gateways, Sie ben\u00f6tigen lediglich eine (2,4Ghz) WiFi-Verbindung. Sie installieren die App, schliessen den Sensor an Ihr Smartphone an und Ihr Haus ist in wenigen Minuten etwas sicherer.<\/p>\n<p><strong>Benutzen Sie eine zus\u00e4tzliche Sirene<\/strong><br \/>Benutzen Sie den Sensor gegen Einbrecher? Dann erweitern Sie sie mit der Sirene Kaliber HWS701. Dies l\u00f6st einen Alarm aus, wenn der Sensor eine Bewegung erkennt.<\/p>\n<p>Z<strong>ertifizierungen:<\/strong><br \/>Kaliber-Produkte tragen immer die erforderlichen Zertifizierungen und erf\u00fcllen die EU-Anforderungen an elektrische Produkte.<die verwendung=\"\" von=\"\" nicht=\"\" zertifizierten=\"\" elektrischen=\"\" produkten=\"\" kann=\"\" zu=\"\" gefahren=\"\" verletzungen=\"\" f\u00fcr=\"\" den=\"\" benutzer=\"\" und=\"\" oder=\"\" seine=\"\" umgebung=\"\" f\u00fchren.=\"\" die=\"\" zertifizierter=\"\" produkte=\"\" zum=\"\" ausschluss=\"\" der=\"\" deckung=\"\" zahlung=\"\" ihrer=\"\" versicherung=\"\" f\u00fchren.<br=\"\"><br \/>Bitte beachten Sie dies beim Kauf eines Produktes.<\/die><\/p>\n","protected":false},"excerpt":{"rendered":"<p>Mit dem T\u00fcr- und Fenstersensor Kaliber HWS101 ist Ihr Haus vor Einbrechern gesch\u00fctzt. Der Sensor besteht aus zwei Teilen: einen Teil platzieren Sie an einer T\u00fcr oder einem Fenster, den anderen an einem T\u00fcrpfosten oder Rahmen. Wenn die T\u00fcr oder das Fenster ge\u00f6ffnet wird, erkennt der Sensor, dass die beiden Teile getrennt sind. Verbinden Sie [&hellip;]<\/p>\n","protected":false},"featured_media":858993,"template":"","meta":{"_acf_changed":false,"site-sidebar-layout":"default","site-content-layout":"","ast-site-content-layout":"default","site-content-style":"default","site-sidebar-style":"default","ast-global-header-display":"","ast-banner-title-visibility":"","ast-main-header-display":"","ast-hfb-above-header-display":"","ast-hfb-below-header-display":"","ast-hfb-mobile-header-display":"","site-post-title":"","ast-breadcrumbs-content":"","ast-featured-img":"","footer-sml-layout":"","theme-transparent-header-meta":"","adv-header-id-meta":"","stick-header-meta":"","header-above-stick-meta":"","header-main-stick-meta":"","header-below-stick-meta":"","astra-migrate-meta-layouts":"default","ast-page-background-enabled":"default","ast-page-background-meta":{"desktop":{"background-color":"","background-image":"","background-repeat":"repeat","background-position":"center center","background-size":"auto","background-attachment":"scroll","background-type":"","background-media":"","overlay-type":"","overlay-color":"","overlay-opacity":"","overlay-gradient":""},"tablet":{"background-color":"","background-image":"","background-repeat":"repeat","background-position":"center center","background-size":"auto","background-attachment":"scroll","background-type":"","background-media":"","overlay-type":"","overlay-color":"","overlay-opacity":"","overlay-gradient":""},"mobile":{"background-color":"","background-image":"","background-repeat":"repeat","background-position":"center center","background-size":"auto","background-attachment":"scroll","background-type":"","background-media":"","overlay-type":"","overlay-color":"","overlay-opacity":"","overlay-gradient":""}},"ast-content-background-meta":{"desktop":{"background-color":"var(--ast-global-color-5)","background-image":"","background-repeat":"repeat","background-position":"center center","background-size":"auto","background-attachment":"scroll","background-type":"","background-media":"","overlay-type":"","overlay-color":"","overlay-opacity":"","overlay-gradient":""},"tablet":{"background-color":"var(--ast-global-color-5)","background-image":"","background-repeat":"repeat","background-position":"center center","background-size":"auto","background-attachment":"scroll","background-type":"","background-media":"","overlay-type":"","overlay-color":"","overlay-opacity":"","overlay-gradient":""},"mobile":{"background-color":"var(--ast-global-color-5)","background-image":"","background-repeat":"repeat","background-position":"center center","background-size":"auto","background-attachment":"scroll","background-type":"","background-media":"","overlay-type":"","overlay-color":"","overlay-opacity":"","overlay-gradient":""}}},"product_brand":[],"product_cat":[22956],"product_tag":[],"class_list":{"0":"post-485305","1":"product","2":"type-product","3":"status-publish","4":"has-post-thumbnail","6":"product_cat-keine-kategorie","7":"desktop-align-center","8":"tablet-align-center","9":"mobile-align-center","10":"ast-product-gallery-layout-horizontal","11":"ast-product-tabs-layout-horizontal","13":"first","14":"instock","15":"taxable","16":"shipping-taxable","17":"purchasable","18":"product-type-simple"},"acf":[],"yoast_head":"<!-- This site is optimized with the Yoast SEO plugin v26.5 - https:\/\/yoast.com\/wordpress\/plugins\/seo\/ -->\n<title>Intelligenter T\u00fcr- und Fenstersensor (HWS101) - Caliber Europe B.V.<\/title>\n<meta name=\"robots\" content=\"noindex, follow, max-snippet:-1, max-image-preview:large, max-video-preview:-1\" \/>\n<meta property=\"og:locale\" content=\"de_DE\" \/>\n<meta property=\"og:type\" content=\"article\" \/>\n<meta property=\"og:title\" content=\"Intelligenter T\u00fcr- und Fenstersensor (HWS101) - Caliber Europe B.V.\" \/>\n<meta property=\"og:description\" content=\"Mit dem T\u00fcr- und Fenstersensor Kaliber HWS101 ist Ihr Haus vor Einbrechern gesch\u00fctzt. Der Sensor besteht aus zwei Teilen: einen Teil platzieren Sie an einer T\u00fcr oder einem Fenster, den anderen an einem T\u00fcrpfosten oder Rahmen. Wenn die T\u00fcr oder das Fenster ge\u00f6ffnet wird, erkennt der Sensor, dass die beiden Teile getrennt sind. Verbinden Sie [&hellip;]\" \/>\n<meta property=\"og:url\" content=\"https:\/\/b2b.calibereurope.com\/de\/produkt\/hws101-de_de\/\" \/>\n<meta property=\"og:site_name\" content=\"Caliber Europe B.V.\" \/>\n<meta property=\"article:modified_time\" content=\"2025-10-07T10:13:23+00:00\" \/>\n<meta property=\"og:image\" content=\"https:\/\/b2b.calibereurope.com\/wp-content\/uploads\/2021\/09\/e5901543e40fca27bd30265fd1adcd7b32538202_HWS101_2.jpg\" \/>\n\t<meta property=\"og:image:width\" content=\"1024\" \/>\n\t<meta property=\"og:image:height\" content=\"768\" \/>\n\t<meta property=\"og:image:type\" content=\"image\/jpeg\" \/>\n<meta name=\"twitter:card\" content=\"summary_large_image\" \/>\n<meta name=\"twitter:label1\" content=\"Gesch\u00e4tzte Lesezeit\" \/>\n\t<meta name=\"twitter:data1\" content=\"1\u00a0Minute\" \/>\n<script type=\"application\/ld+json\" class=\"yoast-schema-graph\">{\"@context\":\"https:\/\/schema.org\",\"@graph\":[{\"@type\":\"WebPage\",\"@id\":\"https:\/\/b2b.calibereurope.com\/de\/produkt\/hws101-de_de\/\",\"url\":\"https:\/\/b2b.calibereurope.com\/de\/produkt\/hws101-de_de\/\",\"name\":\"Intelligenter T\u00fcr- und Fenstersensor (HWS101) - Caliber Europe B.V.\",\"isPartOf\":{\"@id\":\"https:\/\/b2b.calibereurope.com\/#website\"},\"primaryImageOfPage\":{\"@id\":\"https:\/\/b2b.calibereurope.com\/de\/produkt\/hws101-de_de\/#primaryimage\"},\"image\":{\"@id\":\"https:\/\/b2b.calibereurope.com\/de\/produkt\/hws101-de_de\/#primaryimage\"},\"thumbnailUrl\":\"https:\/\/b2b.calibereurope.com\/wp-content\/uploads\/2025\/10\/e5901543e40fca27bd30265fd1adcd7b32538202_HWS101_2.jpg\",\"datePublished\":\"2025-10-07T00:00:00+00:00\",\"dateModified\":\"2025-10-07T10:13:23+00:00\",\"breadcrumb\":{\"@id\":\"https:\/\/b2b.calibereurope.com\/de\/produkt\/hws101-de_de\/#breadcrumb\"},\"inLanguage\":\"de\",\"potentialAction\":[{\"@type\":\"ReadAction\",\"target\":[\"https:\/\/b2b.calibereurope.com\/de\/produkt\/hws101-de_de\/\"]}]},{\"@type\":\"ImageObject\",\"inLanguage\":\"de\",\"@id\":\"https:\/\/b2b.calibereurope.com\/de\/produkt\/hws101-de_de\/#primaryimage\",\"url\":\"https:\/\/b2b.calibereurope.com\/wp-content\/uploads\/2025\/10\/e5901543e40fca27bd30265fd1adcd7b32538202_HWS101_2.jpg\",\"contentUrl\":\"https:\/\/b2b.calibereurope.com\/wp-content\/uploads\/2025\/10\/e5901543e40fca27bd30265fd1adcd7b32538202_HWS101_2.jpg\",\"width\":1024,\"height\":768},{\"@type\":\"BreadcrumbList\",\"@id\":\"https:\/\/b2b.calibereurope.com\/de\/produkt\/hws101-de_de\/#breadcrumb\",\"itemListElement\":[{\"@type\":\"ListItem\",\"position\":1,\"name\":\"Home\",\"item\":\"https:\/\/b2b.calibereurope.com\/de\/\"},{\"@type\":\"ListItem\",\"position\":2,\"name\":\"Shop\",\"item\":\"https:\/\/b2b.calibereurope.com\/de\/shop\/\"},{\"@type\":\"ListItem\",\"position\":3,\"name\":\"Intelligenter T\u00fcr- und Fenstersensor (HWS101)\"}]},{\"@type\":\"WebSite\",\"@id\":\"https:\/\/b2b.calibereurope.com\/#website\",\"url\":\"https:\/\/b2b.calibereurope.com\/\",\"name\":\"Caliber Europe B.V.\",\"description\":\"B2B Webshop\",\"publisher\":{\"@id\":\"https:\/\/b2b.calibereurope.com\/#organization\"},\"potentialAction\":[{\"@type\":\"SearchAction\",\"target\":{\"@type\":\"EntryPoint\",\"urlTemplate\":\"https:\/\/b2b.calibereurope.com\/?s={search_term_string}\"},\"query-input\":{\"@type\":\"PropertyValueSpecification\",\"valueRequired\":true,\"valueName\":\"search_term_string\"}}],\"inLanguage\":\"de\"},{\"@type\":\"Organization\",\"@id\":\"https:\/\/b2b.calibereurope.com\/#organization\",\"name\":\"Caliber Europe B.V.\",\"url\":\"https:\/\/b2b.calibereurope.com\/\",\"logo\":{\"@type\":\"ImageObject\",\"inLanguage\":\"de\",\"@id\":\"https:\/\/b2b.calibereurope.com\/#\/schema\/logo\/image\/\",\"url\":\"https:\/\/b2b.calibereurope.com\/wp-content\/uploads\/2020\/12\/Caliber_Logo-Black.png\",\"contentUrl\":\"https:\/\/b2b.calibereurope.com\/wp-content\/uploads\/2020\/12\/Caliber_Logo-Black.png\",\"width\":3157,\"height\":356,\"caption\":\"Caliber Europe B.V.\"},\"image\":{\"@id\":\"https:\/\/b2b.calibereurope.com\/#\/schema\/logo\/image\/\"}}]}<\/script>\n<!-- \/ Yoast SEO plugin. -->","yoast_head_json":{"title":"Intelligenter T\u00fcr- und Fenstersensor (HWS101) - Caliber Europe B.V.","robots":{"index":"noindex","follow":"follow","max-snippet":"max-snippet:-1","max-image-preview":"max-image-preview:large","max-video-preview":"max-video-preview:-1"},"og_locale":"de_DE","og_type":"article","og_title":"Intelligenter T\u00fcr- und Fenstersensor (HWS101) - Caliber Europe B.V.","og_description":"Mit dem T\u00fcr- und Fenstersensor Kaliber HWS101 ist Ihr Haus vor Einbrechern gesch\u00fctzt. Der Sensor besteht aus zwei Teilen: einen Teil platzieren Sie an einer T\u00fcr oder einem Fenster, den anderen an einem T\u00fcrpfosten oder Rahmen. Wenn die T\u00fcr oder das Fenster ge\u00f6ffnet wird, erkennt der Sensor, dass die beiden Teile getrennt sind. Verbinden Sie [&hellip;]","og_url":"https:\/\/b2b.calibereurope.com\/de\/produkt\/hws101-de_de\/","og_site_name":"Caliber Europe B.V.","article_modified_time":"2025-10-07T10:13:23+00:00","og_image":[{"width":1024,"height":768,"url":"https:\/\/b2b.calibereurope.com\/wp-content\/uploads\/2021\/09\/e5901543e40fca27bd30265fd1adcd7b32538202_HWS101_2.jpg","type":"image\/jpeg"}],"twitter_card":"summary_large_image","twitter_misc":{"Gesch\u00e4tzte Lesezeit":"1\u00a0Minute"},"schema":{"@context":"https:\/\/schema.org","@graph":[{"@type":"WebPage","@id":"https:\/\/b2b.calibereurope.com\/de\/produkt\/hws101-de_de\/","url":"https:\/\/b2b.calibereurope.com\/de\/produkt\/hws101-de_de\/","name":"Intelligenter T\u00fcr- und Fenstersensor (HWS101) - Caliber Europe B.V.","isPartOf":{"@id":"https:\/\/b2b.calibereurope.com\/#website"},"primaryImageOfPage":{"@id":"https:\/\/b2b.calibereurope.com\/de\/produkt\/hws101-de_de\/#primaryimage"},"image":{"@id":"https:\/\/b2b.calibereurope.com\/de\/produkt\/hws101-de_de\/#primaryimage"},"thumbnailUrl":"https:\/\/b2b.calibereurope.com\/wp-content\/uploads\/2025\/10\/e5901543e40fca27bd30265fd1adcd7b32538202_HWS101_2.jpg","datePublished":"2025-10-07T00:00:00+00:00","dateModified":"2025-10-07T10:13:23+00:00","breadcrumb":{"@id":"https:\/\/b2b.calibereurope.com\/de\/produkt\/hws101-de_de\/#breadcrumb"},"inLanguage":"de","potentialAction":[{"@type":"ReadAction","target":["https:\/\/b2b.calibereurope.com\/de\/produkt\/hws101-de_de\/"]}]},{"@type":"ImageObject","inLanguage":"de","@id":"https:\/\/b2b.calibereurope.com\/de\/produkt\/hws101-de_de\/#primaryimage","url":"https:\/\/b2b.calibereurope.com\/wp-content\/uploads\/2025\/10\/e5901543e40fca27bd30265fd1adcd7b32538202_HWS101_2.jpg","contentUrl":"https:\/\/b2b.calibereurope.com\/wp-content\/uploads\/2025\/10\/e5901543e40fca27bd30265fd1adcd7b32538202_HWS101_2.jpg","width":1024,"height":768},{"@type":"BreadcrumbList","@id":"https:\/\/b2b.calibereurope.com\/de\/produkt\/hws101-de_de\/#breadcrumb","itemListElement":[{"@type":"ListItem","position":1,"name":"Home","item":"https:\/\/b2b.calibereurope.com\/de\/"},{"@type":"ListItem","position":2,"name":"Shop","item":"https:\/\/b2b.calibereurope.com\/de\/shop\/"},{"@type":"ListItem","position":3,"name":"Intelligenter T\u00fcr- und Fenstersensor (HWS101)"}]},{"@type":"WebSite","@id":"https:\/\/b2b.calibereurope.com\/#website","url":"https:\/\/b2b.calibereurope.com\/","name":"Caliber Europe B.V.","description":"B2B Webshop","publisher":{"@id":"https:\/\/b2b.calibereurope.com\/#organization"},"potentialAction":[{"@type":"SearchAction","target":{"@type":"EntryPoint","urlTemplate":"https:\/\/b2b.calibereurope.com\/?s={search_term_string}"},"query-input":{"@type":"PropertyValueSpecification","valueRequired":true,"valueName":"search_term_string"}}],"inLanguage":"de"},{"@type":"Organization","@id":"https:\/\/b2b.calibereurope.com\/#organization","name":"Caliber Europe B.V.","url":"https:\/\/b2b.calibereurope.com\/","logo":{"@type":"ImageObject","inLanguage":"de","@id":"https:\/\/b2b.calibereurope.com\/#\/schema\/logo\/image\/","url":"https:\/\/b2b.calibereurope.com\/wp-content\/uploads\/2020\/12\/Caliber_Logo-Black.png","contentUrl":"https:\/\/b2b.calibereurope.com\/wp-content\/uploads\/2020\/12\/Caliber_Logo-Black.png","width":3157,"height":356,"caption":"Caliber Europe B.V."},"image":{"@id":"https:\/\/b2b.calibereurope.com\/#\/schema\/logo\/image\/"}}]}},"_links":{"self":[{"href":"https:\/\/b2b.calibereurope.com\/de\/wp-json\/wp\/v2\/product\/485305","targetHints":{"allow":["GET"]}}],"collection":[{"href":"https:\/\/b2b.calibereurope.com\/de\/wp-json\/wp\/v2\/product"}],"about":[{"href":"https:\/\/b2b.calibereurope.com\/de\/wp-json\/wp\/v2\/types\/product"}],"version-history":[{"count":0,"href":"https:\/\/b2b.calibereurope.com\/de\/wp-json\/wp\/v2\/product\/485305\/revisions"}],"wp:featuredmedia":[{"embeddable":true,"href":"https:\/\/b2b.calibereurope.com\/de\/wp-json\/wp\/v2\/media\/858993"}],"wp:attachment":[{"href":"https:\/\/b2b.calibereurope.com\/de\/wp-json\/wp\/v2\/media?parent=485305"}],"wp:term":[{"taxonomy":"product_brand","embeddable":true,"href":"https:\/\/b2b.calibereurope.com\/de\/wp-json\/wp\/v2\/product_brand?post=485305"},{"taxonomy":"product_cat","embeddable":true,"href":"https:\/\/b2b.calibereurope.com\/de\/wp-json\/wp\/v2\/product_cat?post=485305"},{"taxonomy":"product_tag","embeddable":true,"href":"https:\/\/b2b.calibereurope.com\/de\/wp-json\/wp\/v2\/product_tag?post=485305"}],"curies":[{"name":"wp","href":"https:\/\/api.w.org\/{rel}","templated":true}]}}