{"id":485441,"date":"2025-10-07T02:00:00","date_gmt":"2025-10-07T00:00:00","guid":{"rendered":""},"modified":"2025-10-07T12:06:17","modified_gmt":"2025-10-07T10:06:17","slug":"HWP101LE-de_DE","status":"publish","type":"product","link":"https:\/\/b2b.calibereurope.com\/de\/produkt\/HWP101LE-de_DE\/","title":{"rendered":"Intelligenter Stecker mit Energiemonitor &#8211; RGB-LEDs (HWP101LE)"},"content":{"rendered":"<p>Das Kaliber HWP101LE ist ein intelligenter Stecker mit LED-Beleuchtung. Mit diesem Stecker sparen Sie eine Menge Strom im Haus. Stecken Sie den Stecker zwischen eine Wandsteckdose und ein elektronisches Ger\u00e4t und stellen Sie ihn ein, wenn das Ger\u00e4t an das Stromnetz angeschlossen ist.<\/p>\n<p><strong>Einstellungen<\/strong><br \/>Benutzen Sie das HWP101LE auch in Kombination mit Lampen. \u00dcber die Caliber Smart Home App sind die M\u00f6glichkeiten nahezu unbegrenzt. Das HWP hat die Funktion, es automatisch \u00fcber einen Zeitplan (festgelegte Zeiten) ein- und auszuschalten, aber es ist auch m\u00f6glich, es zu Sonnenauf- und Sonnenuntergangszeiten einzuschalten. Auf diese Weise m\u00fcssen Sie nie die Zeiten anpassen und die Lampe brennt nicht unn\u00f6tig. In Kombination mit anderen Caliber Smart-Produkten k\u00f6nnen Sie Szenarien erstellen, so dass das HWC z.B. anspringen kann, wenn eine Bewegung von einer Smart Kamera (HWC) oder einem Smart Sensor (HWS) erkannt wird.<\/p>\n<p><strong>Manuelle Funktionen<\/strong><br \/>Das HWP101LE ist mit einem RGB-LED-Ringlicht ausgestattet. Es kann auch als Nachtlicht verwendet werden. Das LED-Ringlicht kann \u00fcber die App v\u00f6llig getrennt von der Stromversorgung gesteuert werden. Das HWP101LE ist au\u00dferdem mit einer physischen Ein-\/Aus-Taste ausgestattet, so dass Sie es auch ohne ein Telefon in der N\u00e4he ein- und ausschalten k\u00f6nnen. Der Stecker verf\u00fcgt \u00fcber einen Kinderschutz, so dass Sie ihn sicher mit Kindern im Haus verwenden k\u00f6nnen. Dar\u00fcber hinaus behalten Sie auch den Stromverbrauch im Auge, so dass Sie Ihre Energiekosten transparenter machen k\u00f6nnen.<\/p>\n","protected":false},"excerpt":{"rendered":"<p>Das Kaliber HWP101LE ist ein intelligenter Stecker mit LED-Beleuchtung. Mit diesem Stecker sparen Sie eine Menge Strom im Haus. Stecken Sie den Stecker zwischen eine Wandsteckdose und ein elektronisches Ger\u00e4t und stellen Sie ihn ein, wenn das Ger\u00e4t an das Stromnetz angeschlossen ist. EinstellungenBenutzen Sie das HWP101LE auch in Kombination mit Lampen. \u00dcber die Caliber [&hellip;]<\/p>\n","protected":false},"featured_media":858244,"template":"","meta":{"_acf_changed":false,"site-sidebar-layout":"default","site-content-layout":"","ast-site-content-layout":"default","site-content-style":"default","site-sidebar-style":"default","ast-global-header-display":"","ast-banner-title-visibility":"","ast-main-header-display":"","ast-hfb-above-header-display":"","ast-hfb-below-header-display":"","ast-hfb-mobile-header-display":"","site-post-title":"","ast-breadcrumbs-content":"","ast-featured-img":"","footer-sml-layout":"","theme-transparent-header-meta":"","adv-header-id-meta":"","stick-header-meta":"","header-above-stick-meta":"","header-main-stick-meta":"","header-below-stick-meta":"","astra-migrate-meta-layouts":"default","ast-page-background-enabled":"default","ast-page-background-meta":{"desktop":{"background-color":"","background-image":"","background-repeat":"repeat","background-position":"center center","background-size":"auto","background-attachment":"scroll","background-type":"","background-media":"","overlay-type":"","overlay-color":"","overlay-opacity":"","overlay-gradient":""},"tablet":{"background-color":"","background-image":"","background-repeat":"repeat","background-position":"center center","background-size":"auto","background-attachment":"scroll","background-type":"","background-media":"","overlay-type":"","overlay-color":"","overlay-opacity":"","overlay-gradient":""},"mobile":{"background-color":"","background-image":"","background-repeat":"repeat","background-position":"center center","background-size":"auto","background-attachment":"scroll","background-type":"","background-media":"","overlay-type":"","overlay-color":"","overlay-opacity":"","overlay-gradient":""}},"ast-content-background-meta":{"desktop":{"background-color":"var(--ast-global-color-5)","background-image":"","background-repeat":"repeat","background-position":"center center","background-size":"auto","background-attachment":"scroll","background-type":"","background-media":"","overlay-type":"","overlay-color":"","overlay-opacity":"","overlay-gradient":""},"tablet":{"background-color":"var(--ast-global-color-5)","background-image":"","background-repeat":"repeat","background-position":"center center","background-size":"auto","background-attachment":"scroll","background-type":"","background-media":"","overlay-type":"","overlay-color":"","overlay-opacity":"","overlay-gradient":""},"mobile":{"background-color":"var(--ast-global-color-5)","background-image":"","background-repeat":"repeat","background-position":"center center","background-size":"auto","background-attachment":"scroll","background-type":"","background-media":"","overlay-type":"","overlay-color":"","overlay-opacity":"","overlay-gradient":""}}},"product_brand":[],"product_cat":[22956],"product_tag":[21751],"class_list":{"0":"post-485441","1":"product","2":"type-product","3":"status-publish","4":"has-post-thumbnail","6":"product_cat-keine-kategorie","7":"product_tag-plugs-de","8":"desktop-align-center","9":"tablet-align-center","10":"mobile-align-center","11":"ast-product-gallery-layout-horizontal","12":"ast-product-tabs-layout-horizontal","14":"first","15":"instock","16":"taxable","17":"shipping-taxable","18":"purchasable","19":"product-type-simple"},"acf":[],"yoast_head":"<!-- This site is optimized with the Yoast SEO plugin v26.5 - https:\/\/yoast.com\/wordpress\/plugins\/seo\/ -->\n<title>Intelligenter Stecker mit Energiemonitor - RGB-LEDs (HWP101LE) - Caliber Europe B.V.<\/title>\n<meta name=\"robots\" content=\"noindex, follow, max-snippet:-1, max-image-preview:large, max-video-preview:-1\" \/>\n<meta property=\"og:locale\" content=\"de_DE\" \/>\n<meta property=\"og:type\" content=\"article\" \/>\n<meta property=\"og:title\" content=\"Intelligenter Stecker mit Energiemonitor - RGB-LEDs (HWP101LE) - Caliber Europe B.V.\" \/>\n<meta property=\"og:description\" content=\"Das Kaliber HWP101LE ist ein intelligenter Stecker mit LED-Beleuchtung. Mit diesem Stecker sparen Sie eine Menge Strom im Haus. Stecken Sie den Stecker zwischen eine Wandsteckdose und ein elektronisches Ger\u00e4t und stellen Sie ihn ein, wenn das Ger\u00e4t an das Stromnetz angeschlossen ist. EinstellungenBenutzen Sie das HWP101LE auch in Kombination mit Lampen. \u00dcber die Caliber [&hellip;]\" \/>\n<meta property=\"og:url\" content=\"https:\/\/b2b.calibereurope.com\/de\/produkt\/hwp101le-de_de\/\" \/>\n<meta property=\"og:site_name\" content=\"Caliber Europe B.V.\" \/>\n<meta property=\"article:modified_time\" content=\"2025-10-07T10:06:17+00:00\" \/>\n<meta property=\"og:image\" content=\"https:\/\/b2b.calibereurope.com\/wp-content\/uploads\/2021\/09\/1af325ba809cca3ddb1b7d3d9c1baf7b14651d50_HWL101LE_no_light.jpg\" \/>\n\t<meta property=\"og:image:width\" content=\"1024\" \/>\n\t<meta property=\"og:image:height\" content=\"768\" \/>\n\t<meta property=\"og:image:type\" content=\"image\/jpeg\" \/>\n<meta name=\"twitter:card\" content=\"summary_large_image\" \/>\n<meta name=\"twitter:label1\" content=\"Gesch\u00e4tzte Lesezeit\" \/>\n\t<meta name=\"twitter:data1\" content=\"1\u00a0Minute\" \/>\n<script type=\"application\/ld+json\" class=\"yoast-schema-graph\">{\"@context\":\"https:\/\/schema.org\",\"@graph\":[{\"@type\":\"WebPage\",\"@id\":\"https:\/\/b2b.calibereurope.com\/de\/produkt\/hwp101le-de_de\/\",\"url\":\"https:\/\/b2b.calibereurope.com\/de\/produkt\/hwp101le-de_de\/\",\"name\":\"Intelligenter Stecker mit Energiemonitor - RGB-LEDs (HWP101LE) - Caliber Europe B.V.\",\"isPartOf\":{\"@id\":\"https:\/\/b2b.calibereurope.com\/#website\"},\"primaryImageOfPage\":{\"@id\":\"https:\/\/b2b.calibereurope.com\/de\/produkt\/hwp101le-de_de\/#primaryimage\"},\"image\":{\"@id\":\"https:\/\/b2b.calibereurope.com\/de\/produkt\/hwp101le-de_de\/#primaryimage\"},\"thumbnailUrl\":\"https:\/\/b2b.calibereurope.com\/wp-content\/uploads\/2025\/10\/02997221e23691d956cc435c115eb7dfd65170aa_HWP101LE.jpg\",\"datePublished\":\"2025-10-07T00:00:00+00:00\",\"dateModified\":\"2025-10-07T10:06:17+00:00\",\"breadcrumb\":{\"@id\":\"https:\/\/b2b.calibereurope.com\/de\/produkt\/hwp101le-de_de\/#breadcrumb\"},\"inLanguage\":\"de\",\"potentialAction\":[{\"@type\":\"ReadAction\",\"target\":[\"https:\/\/b2b.calibereurope.com\/de\/produkt\/hwp101le-de_de\/\"]}]},{\"@type\":\"ImageObject\",\"inLanguage\":\"de\",\"@id\":\"https:\/\/b2b.calibereurope.com\/de\/produkt\/hwp101le-de_de\/#primaryimage\",\"url\":\"https:\/\/b2b.calibereurope.com\/wp-content\/uploads\/2025\/10\/02997221e23691d956cc435c115eb7dfd65170aa_HWP101LE.jpg\",\"contentUrl\":\"https:\/\/b2b.calibereurope.com\/wp-content\/uploads\/2025\/10\/02997221e23691d956cc435c115eb7dfd65170aa_HWP101LE.jpg\",\"width\":1024,\"height\":768},{\"@type\":\"BreadcrumbList\",\"@id\":\"https:\/\/b2b.calibereurope.com\/de\/produkt\/hwp101le-de_de\/#breadcrumb\",\"itemListElement\":[{\"@type\":\"ListItem\",\"position\":1,\"name\":\"Home\",\"item\":\"https:\/\/b2b.calibereurope.com\/de\/\"},{\"@type\":\"ListItem\",\"position\":2,\"name\":\"Shop\",\"item\":\"https:\/\/b2b.calibereurope.com\/de\/shop\/\"},{\"@type\":\"ListItem\",\"position\":3,\"name\":\"Intelligenter Stecker mit Energiemonitor &#8211; RGB-LEDs (HWP101LE)\"}]},{\"@type\":\"WebSite\",\"@id\":\"https:\/\/b2b.calibereurope.com\/#website\",\"url\":\"https:\/\/b2b.calibereurope.com\/\",\"name\":\"Caliber Europe B.V.\",\"description\":\"B2B Webshop\",\"publisher\":{\"@id\":\"https:\/\/b2b.calibereurope.com\/#organization\"},\"potentialAction\":[{\"@type\":\"SearchAction\",\"target\":{\"@type\":\"EntryPoint\",\"urlTemplate\":\"https:\/\/b2b.calibereurope.com\/?s={search_term_string}\"},\"query-input\":{\"@type\":\"PropertyValueSpecification\",\"valueRequired\":true,\"valueName\":\"search_term_string\"}}],\"inLanguage\":\"de\"},{\"@type\":\"Organization\",\"@id\":\"https:\/\/b2b.calibereurope.com\/#organization\",\"name\":\"Caliber Europe B.V.\",\"url\":\"https:\/\/b2b.calibereurope.com\/\",\"logo\":{\"@type\":\"ImageObject\",\"inLanguage\":\"de\",\"@id\":\"https:\/\/b2b.calibereurope.com\/#\/schema\/logo\/image\/\",\"url\":\"https:\/\/b2b.calibereurope.com\/wp-content\/uploads\/2020\/12\/Caliber_Logo-Black.png\",\"contentUrl\":\"https:\/\/b2b.calibereurope.com\/wp-content\/uploads\/2020\/12\/Caliber_Logo-Black.png\",\"width\":3157,\"height\":356,\"caption\":\"Caliber Europe B.V.\"},\"image\":{\"@id\":\"https:\/\/b2b.calibereurope.com\/#\/schema\/logo\/image\/\"}}]}<\/script>\n<!-- \/ Yoast SEO plugin. -->","yoast_head_json":{"title":"Intelligenter Stecker mit Energiemonitor - RGB-LEDs (HWP101LE) - Caliber Europe B.V.","robots":{"index":"noindex","follow":"follow","max-snippet":"max-snippet:-1","max-image-preview":"max-image-preview:large","max-video-preview":"max-video-preview:-1"},"og_locale":"de_DE","og_type":"article","og_title":"Intelligenter Stecker mit Energiemonitor - RGB-LEDs (HWP101LE) - Caliber Europe B.V.","og_description":"Das Kaliber HWP101LE ist ein intelligenter Stecker mit LED-Beleuchtung. Mit diesem Stecker sparen Sie eine Menge Strom im Haus. Stecken Sie den Stecker zwischen eine Wandsteckdose und ein elektronisches Ger\u00e4t und stellen Sie ihn ein, wenn das Ger\u00e4t an das Stromnetz angeschlossen ist. EinstellungenBenutzen Sie das HWP101LE auch in Kombination mit Lampen. \u00dcber die Caliber [&hellip;]","og_url":"https:\/\/b2b.calibereurope.com\/de\/produkt\/hwp101le-de_de\/","og_site_name":"Caliber Europe B.V.","article_modified_time":"2025-10-07T10:06:17+00:00","og_image":[{"width":1024,"height":768,"url":"https:\/\/b2b.calibereurope.com\/wp-content\/uploads\/2021\/09\/1af325ba809cca3ddb1b7d3d9c1baf7b14651d50_HWL101LE_no_light.jpg","type":"image\/jpeg"}],"twitter_card":"summary_large_image","twitter_misc":{"Gesch\u00e4tzte Lesezeit":"1\u00a0Minute"},"schema":{"@context":"https:\/\/schema.org","@graph":[{"@type":"WebPage","@id":"https:\/\/b2b.calibereurope.com\/de\/produkt\/hwp101le-de_de\/","url":"https:\/\/b2b.calibereurope.com\/de\/produkt\/hwp101le-de_de\/","name":"Intelligenter Stecker mit Energiemonitor - RGB-LEDs (HWP101LE) - Caliber Europe B.V.","isPartOf":{"@id":"https:\/\/b2b.calibereurope.com\/#website"},"primaryImageOfPage":{"@id":"https:\/\/b2b.calibereurope.com\/de\/produkt\/hwp101le-de_de\/#primaryimage"},"image":{"@id":"https:\/\/b2b.calibereurope.com\/de\/produkt\/hwp101le-de_de\/#primaryimage"},"thumbnailUrl":"https:\/\/b2b.calibereurope.com\/wp-content\/uploads\/2025\/10\/02997221e23691d956cc435c115eb7dfd65170aa_HWP101LE.jpg","datePublished":"2025-10-07T00:00:00+00:00","dateModified":"2025-10-07T10:06:17+00:00","breadcrumb":{"@id":"https:\/\/b2b.calibereurope.com\/de\/produkt\/hwp101le-de_de\/#breadcrumb"},"inLanguage":"de","potentialAction":[{"@type":"ReadAction","target":["https:\/\/b2b.calibereurope.com\/de\/produkt\/hwp101le-de_de\/"]}]},{"@type":"ImageObject","inLanguage":"de","@id":"https:\/\/b2b.calibereurope.com\/de\/produkt\/hwp101le-de_de\/#primaryimage","url":"https:\/\/b2b.calibereurope.com\/wp-content\/uploads\/2025\/10\/02997221e23691d956cc435c115eb7dfd65170aa_HWP101LE.jpg","contentUrl":"https:\/\/b2b.calibereurope.com\/wp-content\/uploads\/2025\/10\/02997221e23691d956cc435c115eb7dfd65170aa_HWP101LE.jpg","width":1024,"height":768},{"@type":"BreadcrumbList","@id":"https:\/\/b2b.calibereurope.com\/de\/produkt\/hwp101le-de_de\/#breadcrumb","itemListElement":[{"@type":"ListItem","position":1,"name":"Home","item":"https:\/\/b2b.calibereurope.com\/de\/"},{"@type":"ListItem","position":2,"name":"Shop","item":"https:\/\/b2b.calibereurope.com\/de\/shop\/"},{"@type":"ListItem","position":3,"name":"Intelligenter Stecker mit Energiemonitor &#8211; RGB-LEDs (HWP101LE)"}]},{"@type":"WebSite","@id":"https:\/\/b2b.calibereurope.com\/#website","url":"https:\/\/b2b.calibereurope.com\/","name":"Caliber Europe B.V.","description":"B2B Webshop","publisher":{"@id":"https:\/\/b2b.calibereurope.com\/#organization"},"potentialAction":[{"@type":"SearchAction","target":{"@type":"EntryPoint","urlTemplate":"https:\/\/b2b.calibereurope.com\/?s={search_term_string}"},"query-input":{"@type":"PropertyValueSpecification","valueRequired":true,"valueName":"search_term_string"}}],"inLanguage":"de"},{"@type":"Organization","@id":"https:\/\/b2b.calibereurope.com\/#organization","name":"Caliber Europe B.V.","url":"https:\/\/b2b.calibereurope.com\/","logo":{"@type":"ImageObject","inLanguage":"de","@id":"https:\/\/b2b.calibereurope.com\/#\/schema\/logo\/image\/","url":"https:\/\/b2b.calibereurope.com\/wp-content\/uploads\/2020\/12\/Caliber_Logo-Black.png","contentUrl":"https:\/\/b2b.calibereurope.com\/wp-content\/uploads\/2020\/12\/Caliber_Logo-Black.png","width":3157,"height":356,"caption":"Caliber Europe B.V."},"image":{"@id":"https:\/\/b2b.calibereurope.com\/#\/schema\/logo\/image\/"}}]}},"_links":{"self":[{"href":"https:\/\/b2b.calibereurope.com\/de\/wp-json\/wp\/v2\/product\/485441","targetHints":{"allow":["GET"]}}],"collection":[{"href":"https:\/\/b2b.calibereurope.com\/de\/wp-json\/wp\/v2\/product"}],"about":[{"href":"https:\/\/b2b.calibereurope.com\/de\/wp-json\/wp\/v2\/types\/product"}],"version-history":[{"count":0,"href":"https:\/\/b2b.calibereurope.com\/de\/wp-json\/wp\/v2\/product\/485441\/revisions"}],"wp:featuredmedia":[{"embeddable":true,"href":"https:\/\/b2b.calibereurope.com\/de\/wp-json\/wp\/v2\/media\/858244"}],"wp:attachment":[{"href":"https:\/\/b2b.calibereurope.com\/de\/wp-json\/wp\/v2\/media?parent=485441"}],"wp:term":[{"taxonomy":"product_brand","embeddable":true,"href":"https:\/\/b2b.calibereurope.com\/de\/wp-json\/wp\/v2\/product_brand?post=485441"},{"taxonomy":"product_cat","embeddable":true,"href":"https:\/\/b2b.calibereurope.com\/de\/wp-json\/wp\/v2\/product_cat?post=485441"},{"taxonomy":"product_tag","embeddable":true,"href":"https:\/\/b2b.calibereurope.com\/de\/wp-json\/wp\/v2\/product_tag?post=485441"}],"curies":[{"name":"wp","href":"https:\/\/api.w.org\/{rel}","templated":true}]}}