{"id":485961,"date":"2025-12-04T01:00:00","date_gmt":"2025-12-04T00:00:00","guid":{"rendered":"0"},"modified":"2025-12-04T15:01:29","modified_gmt":"2025-12-04T14:01:29","slug":"CAM401-de_DE","status":"publish","type":"product","link":"https:\/\/b2b.calibereurope.com\/de\/produkt\/CAM401-de_DE\/","title":{"rendered":"Drahtlose R\u00fcckfahrkamera mit 4,3-Zoll-Bildschirm &#8211; F\u00fcr Auto und Wohnmobil &#8211; Wasserdicht (CAM401)"},"content":{"rendered":"<p>Mit der Caliber CAM401 drahtlosen R\u00fcckfahrkamera wird das Autofahren einfacher und sicherer. Der Monitor und die Autokamera sind drahtlos <strong>miteinander verbunden<\/strong>, sodass Sie keine Kabel ben\u00f6tigen, um die beiden zu verbinden. Sie befestigen den Monitor mit dem <strong>Saugnapf <\/strong>an Ihrer Windschutzscheibe und stellen ihn mit dem <strong>verstellbaren Arm <\/strong>einfach in die richtige Position. Versorgen Sie den LCD-Monitor <strong>\u00fcber den Zigarettenanz\u00fcnder <\/strong>mit <strong>12 \/ 24 V <\/strong>und Sie haben immer einen klaren Blick darauf, was hinter dem Auto oder Wohnmobil passiert. Die R\u00fcckfahrkamera ist <strong>wasser- und wetterfest<\/strong>.<\/p>\n<p><\/p>\n<p><strong>Merkmale:<\/strong><\/p>\n<ul>\n<li>Kabellose Verbindung zwischen Kamera und Monitor<\/li>\n<li>4,3-Zoll-TFT-Farbdisplay mit R\u00fcckfahrkamera<\/li>\n<li>Bildschirmaufl\u00f6sung: 480 x 272<\/li>\n<li>12 \/ 24V Eingangsspannung f\u00fcr Monitor<\/li>\n<li>Wasser- und wetterfest (IP65)<\/li>\n<li>Autofokus, Wei\u00dfabgleich und 6 UV-LEDs<\/li>\n<li>Saugnapf mit vollst\u00e4ndig verstellbarem Arm<\/li>\n<\/ul>\n<h3>Sicher auf der Stra\u00dfe<\/h3>\n<p>R\u00fcckw\u00e4rts einparken in einer belebten Stra\u00dfe oder einem engen Parkhaus? Mit dieser drahtlosen R\u00fcckfahrkamera ist das kein Problem. Dank der Autokamera werden Sie niemals Fu\u00dfg\u00e4nger, Poller oder andere Objekte \u00fcbersehen und k\u00f6nnen sicher einparken oder r\u00fcckw\u00e4rts fahren. Die Kamera ist wasser- und wetterfest, sodass Sie sich unter allen Bedingungen auf sie verlassen k\u00f6nnen.<\/p>\n<h3>Klares Bild<\/h3>\n<p>Der LCD-Bildschirm der Autokamera zeigt alles in leuchtenden Farben an. Dank Autofokus, Wei\u00dfabgleich und 6 UV-LEDs k\u00f6nnen Sie auf dem Bildschirm deutlich erkennen, was hinter dem Auto passiert. Der Monitor arbeitet mit 12 \/ 24 Volt, die Sie einfach \u00fcber den Zigarettenanz\u00fcnder in Ihrem Auto anschlie\u00dfen. Dank des verstellbaren Arms des Saugnapfes k\u00f6nnen Sie den Bildschirm ganz einfach in die richtige Position bringen.<\/p>\n<h3>Bequem drahtlos<\/h3>\n<p>Der Monitor und die R\u00fcckfahrkamera sind drahtlos verbunden. Das bedeutet, dass Sie keine Kabel von vorne nach hinten durch Ihr Auto verlegen m\u00fcssen. Die Bilder der R\u00fcckfahrkamera werden digital \u00fcber 2,4 GHz \u00fcbertragen. In einem offenen Raum hat die drahtlose Verbindung eine Reichweite von bis zu 50 Metern.<\/p>\n<p><strong><br \/>&nbsp;Mitgeliefert:<\/strong><\/p>\n<ul>\n<li>Caliber CAM401 Drahtlose R\u00fcckfahrkamera<\/li>\n<li>4,3-Zoll-LCD-Farbmonitor<\/li>\n<li>Saugnapf mit vollst\u00e4ndig verstellbarem Arm<\/li>\n<\/ul>\n","protected":false},"excerpt":{"rendered":"<p>Mit der Caliber CAM401 drahtlosen R\u00fcckfahrkamera wird das Autofahren einfacher und sicherer. Der Monitor und die Autokamera sind drahtlos miteinander verbunden, sodass Sie keine Kabel ben\u00f6tigen, um die beiden zu verbinden. Sie befestigen den Monitor mit dem Saugnapf an Ihrer Windschutzscheibe und stellen ihn mit dem verstellbaren Arm einfach in die richtige Position. Versorgen Sie [&hellip;]<\/p>\n","protected":false},"featured_media":869155,"template":"","meta":{"_acf_changed":false,"site-sidebar-layout":"default","site-content-layout":"","ast-site-content-layout":"default","site-content-style":"default","site-sidebar-style":"default","ast-global-header-display":"","ast-banner-title-visibility":"","ast-main-header-display":"","ast-hfb-above-header-display":"","ast-hfb-below-header-display":"","ast-hfb-mobile-header-display":"","site-post-title":"","ast-breadcrumbs-content":"","ast-featured-img":"","footer-sml-layout":"","theme-transparent-header-meta":"","adv-header-id-meta":"","stick-header-meta":"","header-above-stick-meta":"","header-main-stick-meta":"","header-below-stick-meta":"","astra-migrate-meta-layouts":"default","ast-page-background-enabled":"default","ast-page-background-meta":{"desktop":{"background-color":"","background-image":"","background-repeat":"repeat","background-position":"center center","background-size":"auto","background-attachment":"scroll","background-type":"","background-media":"","overlay-type":"","overlay-color":"","overlay-opacity":"","overlay-gradient":""},"tablet":{"background-color":"","background-image":"","background-repeat":"repeat","background-position":"center center","background-size":"auto","background-attachment":"scroll","background-type":"","background-media":"","overlay-type":"","overlay-color":"","overlay-opacity":"","overlay-gradient":""},"mobile":{"background-color":"","background-image":"","background-repeat":"repeat","background-position":"center center","background-size":"auto","background-attachment":"scroll","background-type":"","background-media":"","overlay-type":"","overlay-color":"","overlay-opacity":"","overlay-gradient":""}},"ast-content-background-meta":{"desktop":{"background-color":"var(--ast-global-color-5)","background-image":"","background-repeat":"repeat","background-position":"center center","background-size":"auto","background-attachment":"scroll","background-type":"","background-media":"","overlay-type":"","overlay-color":"","overlay-opacity":"","overlay-gradient":""},"tablet":{"background-color":"var(--ast-global-color-5)","background-image":"","background-repeat":"repeat","background-position":"center center","background-size":"auto","background-attachment":"scroll","background-type":"","background-media":"","overlay-type":"","overlay-color":"","overlay-opacity":"","overlay-gradient":""},"mobile":{"background-color":"var(--ast-global-color-5)","background-image":"","background-repeat":"repeat","background-position":"center center","background-size":"auto","background-attachment":"scroll","background-type":"","background-media":"","overlay-type":"","overlay-color":"","overlay-opacity":"","overlay-gradient":""}}},"product_brand":[],"product_cat":[22956],"product_tag":[],"class_list":{"0":"post-485961","1":"product","2":"type-product","3":"status-publish","4":"has-post-thumbnail","6":"product_cat-keine-kategorie","7":"desktop-align-center","8":"tablet-align-center","9":"mobile-align-center","10":"ast-product-gallery-layout-horizontal","11":"ast-product-tabs-layout-horizontal","13":"first","14":"instock","15":"taxable","16":"shipping-taxable","17":"purchasable","18":"product-type-simple"},"acf":[],"yoast_head":"<!-- This site is optimized with the Yoast SEO plugin v26.5 - https:\/\/yoast.com\/wordpress\/plugins\/seo\/ -->\n<title>Drahtlose R\u00fcckfahrkamera mit 4,3-Zoll-Bildschirm - F\u00fcr Auto und Wohnmobil - Wasserdicht (CAM401) - Caliber Europe B.V.<\/title>\n<meta name=\"robots\" content=\"noindex, follow, max-snippet:-1, max-image-preview:large, max-video-preview:-1\" \/>\n<meta property=\"og:locale\" content=\"de_DE\" \/>\n<meta property=\"og:type\" content=\"article\" \/>\n<meta property=\"og:title\" content=\"Drahtlose R\u00fcckfahrkamera mit 4,3-Zoll-Bildschirm - F\u00fcr Auto und Wohnmobil - Wasserdicht (CAM401) - Caliber Europe B.V.\" \/>\n<meta property=\"og:description\" content=\"Mit der Caliber CAM401 drahtlosen R\u00fcckfahrkamera wird das Autofahren einfacher und sicherer. Der Monitor und die Autokamera sind drahtlos miteinander verbunden, sodass Sie keine Kabel ben\u00f6tigen, um die beiden zu verbinden. Sie befestigen den Monitor mit dem Saugnapf an Ihrer Windschutzscheibe und stellen ihn mit dem verstellbaren Arm einfach in die richtige Position. Versorgen Sie [&hellip;]\" \/>\n<meta property=\"og:url\" content=\"https:\/\/b2b.calibereurope.com\/de\/produkt\/cam401-de_de\/\" \/>\n<meta property=\"og:site_name\" content=\"Caliber Europe B.V.\" \/>\n<meta property=\"article:modified_time\" content=\"2025-12-04T14:01:29+00:00\" \/>\n<meta property=\"og:image\" content=\"https:\/\/b2b.calibereurope.com\/wp-content\/uploads\/2021\/09\/7e57b5bac5c7652266040c40f64ecd46d2464de4_CAM401_set.jpg\" \/>\n\t<meta property=\"og:image:width\" content=\"640\" \/>\n\t<meta property=\"og:image:height\" content=\"480\" \/>\n\t<meta property=\"og:image:type\" content=\"image\/jpeg\" \/>\n<meta name=\"twitter:card\" content=\"summary_large_image\" \/>\n<meta name=\"twitter:label1\" content=\"Gesch\u00e4tzte Lesezeit\" \/>\n\t<meta name=\"twitter:data1\" content=\"2\u00a0Minuten\" \/>\n<script type=\"application\/ld+json\" class=\"yoast-schema-graph\">{\"@context\":\"https:\/\/schema.org\",\"@graph\":[{\"@type\":\"WebPage\",\"@id\":\"https:\/\/b2b.calibereurope.com\/de\/produkt\/cam401-de_de\/\",\"url\":\"https:\/\/b2b.calibereurope.com\/de\/produkt\/cam401-de_de\/\",\"name\":\"Drahtlose R\u00fcckfahrkamera mit 4,3-Zoll-Bildschirm - F\u00fcr Auto und Wohnmobil - Wasserdicht (CAM401) - Caliber Europe B.V.\",\"isPartOf\":{\"@id\":\"https:\/\/b2b.calibereurope.com\/#website\"},\"primaryImageOfPage\":{\"@id\":\"https:\/\/b2b.calibereurope.com\/de\/produkt\/cam401-de_de\/#primaryimage\"},\"image\":{\"@id\":\"https:\/\/b2b.calibereurope.com\/de\/produkt\/cam401-de_de\/#primaryimage\"},\"thumbnailUrl\":\"https:\/\/b2b.calibereurope.com\/wp-content\/uploads\/2025\/12\/7e57b5bac5c7652266040c40f64ecd46d2464de4_CAM401_set-4.jpg\",\"datePublished\":\"2025-12-04T00:00:00+00:00\",\"dateModified\":\"2025-12-04T14:01:29+00:00\",\"breadcrumb\":{\"@id\":\"https:\/\/b2b.calibereurope.com\/de\/produkt\/cam401-de_de\/#breadcrumb\"},\"inLanguage\":\"de\",\"potentialAction\":[{\"@type\":\"ReadAction\",\"target\":[\"https:\/\/b2b.calibereurope.com\/de\/produkt\/cam401-de_de\/\"]}]},{\"@type\":\"ImageObject\",\"inLanguage\":\"de\",\"@id\":\"https:\/\/b2b.calibereurope.com\/de\/produkt\/cam401-de_de\/#primaryimage\",\"url\":\"https:\/\/b2b.calibereurope.com\/wp-content\/uploads\/2025\/12\/7e57b5bac5c7652266040c40f64ecd46d2464de4_CAM401_set-4.jpg\",\"contentUrl\":\"https:\/\/b2b.calibereurope.com\/wp-content\/uploads\/2025\/12\/7e57b5bac5c7652266040c40f64ecd46d2464de4_CAM401_set-4.jpg\",\"width\":640,\"height\":480},{\"@type\":\"BreadcrumbList\",\"@id\":\"https:\/\/b2b.calibereurope.com\/de\/produkt\/cam401-de_de\/#breadcrumb\",\"itemListElement\":[{\"@type\":\"ListItem\",\"position\":1,\"name\":\"Home\",\"item\":\"https:\/\/b2b.calibereurope.com\/de\/\"},{\"@type\":\"ListItem\",\"position\":2,\"name\":\"Shop\",\"item\":\"https:\/\/b2b.calibereurope.com\/de\/shop\/\"},{\"@type\":\"ListItem\",\"position\":3,\"name\":\"Drahtlose Kamera mit 4,3-Zoll-Monitor &#8211; Schwarz (CAM401)\"}]},{\"@type\":\"WebSite\",\"@id\":\"https:\/\/b2b.calibereurope.com\/#website\",\"url\":\"https:\/\/b2b.calibereurope.com\/\",\"name\":\"Caliber Europe B.V.\",\"description\":\"B2B Webshop\",\"publisher\":{\"@id\":\"https:\/\/b2b.calibereurope.com\/#organization\"},\"potentialAction\":[{\"@type\":\"SearchAction\",\"target\":{\"@type\":\"EntryPoint\",\"urlTemplate\":\"https:\/\/b2b.calibereurope.com\/?s={search_term_string}\"},\"query-input\":{\"@type\":\"PropertyValueSpecification\",\"valueRequired\":true,\"valueName\":\"search_term_string\"}}],\"inLanguage\":\"de\"},{\"@type\":\"Organization\",\"@id\":\"https:\/\/b2b.calibereurope.com\/#organization\",\"name\":\"Caliber Europe B.V.\",\"url\":\"https:\/\/b2b.calibereurope.com\/\",\"logo\":{\"@type\":\"ImageObject\",\"inLanguage\":\"de\",\"@id\":\"https:\/\/b2b.calibereurope.com\/#\/schema\/logo\/image\/\",\"url\":\"https:\/\/b2b.calibereurope.com\/wp-content\/uploads\/2020\/12\/Caliber_Logo-Black.png\",\"contentUrl\":\"https:\/\/b2b.calibereurope.com\/wp-content\/uploads\/2020\/12\/Caliber_Logo-Black.png\",\"width\":3157,\"height\":356,\"caption\":\"Caliber Europe B.V.\"},\"image\":{\"@id\":\"https:\/\/b2b.calibereurope.com\/#\/schema\/logo\/image\/\"}}]}<\/script>\n<!-- \/ Yoast SEO plugin. -->","yoast_head_json":{"title":"Drahtlose R\u00fcckfahrkamera mit 4,3-Zoll-Bildschirm - F\u00fcr Auto und Wohnmobil - Wasserdicht (CAM401) - Caliber Europe B.V.","robots":{"index":"noindex","follow":"follow","max-snippet":"max-snippet:-1","max-image-preview":"max-image-preview:large","max-video-preview":"max-video-preview:-1"},"og_locale":"de_DE","og_type":"article","og_title":"Drahtlose R\u00fcckfahrkamera mit 4,3-Zoll-Bildschirm - F\u00fcr Auto und Wohnmobil - Wasserdicht (CAM401) - Caliber Europe B.V.","og_description":"Mit der Caliber CAM401 drahtlosen R\u00fcckfahrkamera wird das Autofahren einfacher und sicherer. Der Monitor und die Autokamera sind drahtlos miteinander verbunden, sodass Sie keine Kabel ben\u00f6tigen, um die beiden zu verbinden. Sie befestigen den Monitor mit dem Saugnapf an Ihrer Windschutzscheibe und stellen ihn mit dem verstellbaren Arm einfach in die richtige Position. Versorgen Sie [&hellip;]","og_url":"https:\/\/b2b.calibereurope.com\/de\/produkt\/cam401-de_de\/","og_site_name":"Caliber Europe B.V.","article_modified_time":"2025-12-04T14:01:29+00:00","og_image":[{"width":640,"height":480,"url":"https:\/\/b2b.calibereurope.com\/wp-content\/uploads\/2021\/09\/7e57b5bac5c7652266040c40f64ecd46d2464de4_CAM401_set.jpg","type":"image\/jpeg"}],"twitter_card":"summary_large_image","twitter_misc":{"Gesch\u00e4tzte Lesezeit":"2\u00a0Minuten"},"schema":{"@context":"https:\/\/schema.org","@graph":[{"@type":"WebPage","@id":"https:\/\/b2b.calibereurope.com\/de\/produkt\/cam401-de_de\/","url":"https:\/\/b2b.calibereurope.com\/de\/produkt\/cam401-de_de\/","name":"Drahtlose R\u00fcckfahrkamera mit 4,3-Zoll-Bildschirm - F\u00fcr Auto und Wohnmobil - Wasserdicht (CAM401) - Caliber Europe B.V.","isPartOf":{"@id":"https:\/\/b2b.calibereurope.com\/#website"},"primaryImageOfPage":{"@id":"https:\/\/b2b.calibereurope.com\/de\/produkt\/cam401-de_de\/#primaryimage"},"image":{"@id":"https:\/\/b2b.calibereurope.com\/de\/produkt\/cam401-de_de\/#primaryimage"},"thumbnailUrl":"https:\/\/b2b.calibereurope.com\/wp-content\/uploads\/2025\/12\/7e57b5bac5c7652266040c40f64ecd46d2464de4_CAM401_set-4.jpg","datePublished":"2025-12-04T00:00:00+00:00","dateModified":"2025-12-04T14:01:29+00:00","breadcrumb":{"@id":"https:\/\/b2b.calibereurope.com\/de\/produkt\/cam401-de_de\/#breadcrumb"},"inLanguage":"de","potentialAction":[{"@type":"ReadAction","target":["https:\/\/b2b.calibereurope.com\/de\/produkt\/cam401-de_de\/"]}]},{"@type":"ImageObject","inLanguage":"de","@id":"https:\/\/b2b.calibereurope.com\/de\/produkt\/cam401-de_de\/#primaryimage","url":"https:\/\/b2b.calibereurope.com\/wp-content\/uploads\/2025\/12\/7e57b5bac5c7652266040c40f64ecd46d2464de4_CAM401_set-4.jpg","contentUrl":"https:\/\/b2b.calibereurope.com\/wp-content\/uploads\/2025\/12\/7e57b5bac5c7652266040c40f64ecd46d2464de4_CAM401_set-4.jpg","width":640,"height":480},{"@type":"BreadcrumbList","@id":"https:\/\/b2b.calibereurope.com\/de\/produkt\/cam401-de_de\/#breadcrumb","itemListElement":[{"@type":"ListItem","position":1,"name":"Home","item":"https:\/\/b2b.calibereurope.com\/de\/"},{"@type":"ListItem","position":2,"name":"Shop","item":"https:\/\/b2b.calibereurope.com\/de\/shop\/"},{"@type":"ListItem","position":3,"name":"Drahtlose Kamera mit 4,3-Zoll-Monitor &#8211; Schwarz (CAM401)"}]},{"@type":"WebSite","@id":"https:\/\/b2b.calibereurope.com\/#website","url":"https:\/\/b2b.calibereurope.com\/","name":"Caliber Europe B.V.","description":"B2B Webshop","publisher":{"@id":"https:\/\/b2b.calibereurope.com\/#organization"},"potentialAction":[{"@type":"SearchAction","target":{"@type":"EntryPoint","urlTemplate":"https:\/\/b2b.calibereurope.com\/?s={search_term_string}"},"query-input":{"@type":"PropertyValueSpecification","valueRequired":true,"valueName":"search_term_string"}}],"inLanguage":"de"},{"@type":"Organization","@id":"https:\/\/b2b.calibereurope.com\/#organization","name":"Caliber Europe B.V.","url":"https:\/\/b2b.calibereurope.com\/","logo":{"@type":"ImageObject","inLanguage":"de","@id":"https:\/\/b2b.calibereurope.com\/#\/schema\/logo\/image\/","url":"https:\/\/b2b.calibereurope.com\/wp-content\/uploads\/2020\/12\/Caliber_Logo-Black.png","contentUrl":"https:\/\/b2b.calibereurope.com\/wp-content\/uploads\/2020\/12\/Caliber_Logo-Black.png","width":3157,"height":356,"caption":"Caliber Europe B.V."},"image":{"@id":"https:\/\/b2b.calibereurope.com\/#\/schema\/logo\/image\/"}}]}},"_links":{"self":[{"href":"https:\/\/b2b.calibereurope.com\/de\/wp-json\/wp\/v2\/product\/485961","targetHints":{"allow":["GET"]}}],"collection":[{"href":"https:\/\/b2b.calibereurope.com\/de\/wp-json\/wp\/v2\/product"}],"about":[{"href":"https:\/\/b2b.calibereurope.com\/de\/wp-json\/wp\/v2\/types\/product"}],"version-history":[{"count":0,"href":"https:\/\/b2b.calibereurope.com\/de\/wp-json\/wp\/v2\/product\/485961\/revisions"}],"wp:featuredmedia":[{"embeddable":true,"href":"https:\/\/b2b.calibereurope.com\/de\/wp-json\/wp\/v2\/media\/869155"}],"wp:attachment":[{"href":"https:\/\/b2b.calibereurope.com\/de\/wp-json\/wp\/v2\/media?parent=485961"}],"wp:term":[{"taxonomy":"product_brand","embeddable":true,"href":"https:\/\/b2b.calibereurope.com\/de\/wp-json\/wp\/v2\/product_brand?post=485961"},{"taxonomy":"product_cat","embeddable":true,"href":"https:\/\/b2b.calibereurope.com\/de\/wp-json\/wp\/v2\/product_cat?post=485961"},{"taxonomy":"product_tag","embeddable":true,"href":"https:\/\/b2b.calibereurope.com\/de\/wp-json\/wp\/v2\/product_tag?post=485961"}],"curies":[{"name":"wp","href":"https:\/\/api.w.org\/{rel}","templated":true}]}}