{"id":486477,"date":"2023-07-04T02:00:00","date_gmt":"2023-07-04T00:00:00","guid":{"rendered":""},"modified":"2023-10-18T16:03:39","modified_gmt":"2023-10-18T14:03:39","slug":"RCD120BT-de_DE","status":"publish","type":"product","link":"https:\/\/b2b.calibereurope.com\/de\/produkt\/RCD120BT-de_DE\/","title":{"rendered":"Retro radio 4x75W met FM, CD, Bluetooth\u00ae Technologie en USB &#8211; Silber (RCD120BT)"},"content":{"rendered":"<p>Das Caliber RCD120BT ist ein Bluetooth\u00ae Technologie-Autoradio im Retro-Look. Die Chromfront verleiht Ihrem Auto oder Oldtimer ein besonderes Aussehen. H\u00f6ren Sie \u00fcber Bluetooth\u00ae Technologie Ihre Lieblingsmusik von Ihrem Smartphone aus oder nutzen Sie das Radio als Freisprechanlage im Auto. Sie telefonieren \u00fcber die Lautsprecher in Ihrem Auto.<\/p>\n<p><strong>Musik auf mehrere Arten abspielen<\/strong><br \/>Der RCD120BT verf\u00fcgt \u00fcber einen USB- und einen Aux-Eingang, so dass Sie auch Musik von Ihrem Telefon \u00fcber diese Anschl\u00fcsse abspielen k\u00f6nnen. Hinter der klappbaren Frontplatte befinden sich ein CD-Player und ein SD-Kartenleser. Dank der lauten Maximalleistung von 4x 75 Watt wird der Klang Ihres Autos Ihre Musik nie \u00fcberw\u00e4ltigen. Dar\u00fcber hinaus sorgt das A2DP-Bluetooth\u00ae Technologie-Profil f\u00fcr fl\u00fcssiges Streaming und gute Klangqualit\u00e4t.<\/p>\n<p><strong>Radio<\/strong><br \/>Radio h\u00f6ren und 18 FM-Voreinstellungen festlegen. Auf diese Weise k\u00f6nnen Sie leicht von einer Station zur anderen wechseln. Mit der RDS EON-Funktion erhalten Sie immer aktuelle Verkehrsinformationen, wenn das Radio eingeschaltet ist. Dieses Autoradio hat die Standardgr\u00f6\u00dfe 1-DIN, so dass Sie Ihr altes Autoradio problemlos austauschen k\u00f6nnen.<\/p>\n","protected":false},"excerpt":{"rendered":"<p>Das Caliber RCD120BT ist ein Bluetooth\u00ae Technologie-Autoradio im Retro-Look. Die Chromfront verleiht Ihrem Auto oder Oldtimer ein besonderes Aussehen. H\u00f6ren Sie \u00fcber Bluetooth\u00ae Technologie Ihre Lieblingsmusik von Ihrem Smartphone aus oder nutzen Sie das Radio als Freisprechanlage im Auto. Sie telefonieren \u00fcber die Lautsprecher in Ihrem Auto. Musik auf mehrere Arten abspielenDer RCD120BT verf\u00fcgt \u00fcber [&hellip;]<\/p>\n","protected":false},"featured_media":828126,"template":"","meta":{"_acf_changed":false,"site-sidebar-layout":"default","site-content-layout":"","ast-site-content-layout":"default","site-content-style":"default","site-sidebar-style":"default","ast-global-header-display":"","ast-banner-title-visibility":"","ast-main-header-display":"","ast-hfb-above-header-display":"","ast-hfb-below-header-display":"","ast-hfb-mobile-header-display":"","site-post-title":"","ast-breadcrumbs-content":"","ast-featured-img":"","footer-sml-layout":"","theme-transparent-header-meta":"","adv-header-id-meta":"","stick-header-meta":"","header-above-stick-meta":"","header-main-stick-meta":"","header-below-stick-meta":"","astra-migrate-meta-layouts":"default","ast-page-background-enabled":"default","ast-page-background-meta":{"desktop":{"background-color":"","background-image":"","background-repeat":"repeat","background-position":"center center","background-size":"auto","background-attachment":"scroll","background-type":"","background-media":"","overlay-type":"","overlay-color":"","overlay-opacity":"","overlay-gradient":""},"tablet":{"background-color":"","background-image":"","background-repeat":"repeat","background-position":"center center","background-size":"auto","background-attachment":"scroll","background-type":"","background-media":"","overlay-type":"","overlay-color":"","overlay-opacity":"","overlay-gradient":""},"mobile":{"background-color":"","background-image":"","background-repeat":"repeat","background-position":"center center","background-size":"auto","background-attachment":"scroll","background-type":"","background-media":"","overlay-type":"","overlay-color":"","overlay-opacity":"","overlay-gradient":""}},"ast-content-background-meta":{"desktop":{"background-color":"var(--ast-global-color-5)","background-image":"","background-repeat":"repeat","background-position":"center center","background-size":"auto","background-attachment":"scroll","background-type":"","background-media":"","overlay-type":"","overlay-color":"","overlay-opacity":"","overlay-gradient":""},"tablet":{"background-color":"var(--ast-global-color-5)","background-image":"","background-repeat":"repeat","background-position":"center center","background-size":"auto","background-attachment":"scroll","background-type":"","background-media":"","overlay-type":"","overlay-color":"","overlay-opacity":"","overlay-gradient":""},"mobile":{"background-color":"var(--ast-global-color-5)","background-image":"","background-repeat":"repeat","background-position":"center center","background-size":"auto","background-attachment":"scroll","background-type":"","background-media":"","overlay-type":"","overlay-color":"","overlay-opacity":"","overlay-gradient":""}}},"product_brand":[],"product_cat":[22956],"product_tag":[],"class_list":{"0":"post-486477","1":"product","2":"type-product","3":"status-publish","4":"has-post-thumbnail","6":"product_cat-keine-kategorie","7":"desktop-align-center","8":"tablet-align-center","9":"mobile-align-center","10":"ast-product-gallery-layout-horizontal","11":"ast-product-tabs-layout-horizontal","13":"first","14":"outofstock","15":"taxable","16":"shipping-taxable","17":"purchasable","18":"product-type-simple"},"acf":[],"yoast_head":"<!-- This site is optimized with the Yoast SEO plugin v26.5 - https:\/\/yoast.com\/wordpress\/plugins\/seo\/ -->\n<title>Retro radio 4x75W met FM, CD, Bluetooth\u00ae Technologie en USB - Silber (RCD120BT) - Caliber Europe B.V.<\/title>\n<meta name=\"robots\" content=\"noindex, follow, max-snippet:-1, max-image-preview:large, max-video-preview:-1\" \/>\n<meta property=\"og:locale\" content=\"de_DE\" \/>\n<meta property=\"og:type\" content=\"article\" \/>\n<meta property=\"og:title\" content=\"Retro radio 4x75W met FM, CD, Bluetooth\u00ae Technologie en USB - Silber (RCD120BT) - Caliber Europe B.V.\" \/>\n<meta property=\"og:description\" content=\"Das Caliber RCD120BT ist ein Bluetooth\u00ae Technologie-Autoradio im Retro-Look. Die Chromfront verleiht Ihrem Auto oder Oldtimer ein besonderes Aussehen. H\u00f6ren Sie \u00fcber Bluetooth\u00ae Technologie Ihre Lieblingsmusik von Ihrem Smartphone aus oder nutzen Sie das Radio als Freisprechanlage im Auto. Sie telefonieren \u00fcber die Lautsprecher in Ihrem Auto. Musik auf mehrere Arten abspielenDer RCD120BT verf\u00fcgt \u00fcber [&hellip;]\" \/>\n<meta property=\"og:url\" content=\"https:\/\/b2b.calibereurope.com\/de\/produkt\/RCD120BT-de_DE\/\" \/>\n<meta property=\"og:site_name\" content=\"Caliber Europe B.V.\" \/>\n<meta property=\"article:modified_time\" content=\"2023-10-18T14:03:39+00:00\" \/>\n<meta property=\"og:image\" content=\"https:\/\/b2b.calibereurope.com\/wp-content\/uploads\/2021\/11\/fe6031fd3da7e982277c30c7057f87caf0ad7b36_RCD120BT_mic_web.jpg\" \/>\n\t<meta property=\"og:image:width\" content=\"1024\" \/>\n\t<meta property=\"og:image:height\" content=\"768\" \/>\n\t<meta property=\"og:image:type\" content=\"image\/jpeg\" \/>\n<meta name=\"twitter:card\" content=\"summary_large_image\" \/>\n<meta name=\"twitter:label1\" content=\"Gesch\u00e4tzte Lesezeit\" \/>\n\t<meta name=\"twitter:data1\" content=\"1\u00a0Minute\" \/>\n<script type=\"application\/ld+json\" class=\"yoast-schema-graph\">{\"@context\":\"https:\/\/schema.org\",\"@graph\":[{\"@type\":\"WebPage\",\"@id\":\"https:\/\/b2b.calibereurope.com\/de\/produkt\/RCD120BT-de_DE\/\",\"url\":\"https:\/\/b2b.calibereurope.com\/de\/produkt\/RCD120BT-de_DE\/\",\"name\":\"Retro radio 4x75W met FM, CD, Bluetooth\u00ae Technologie en USB - Silber (RCD120BT) - Caliber Europe B.V.\",\"isPartOf\":{\"@id\":\"https:\/\/b2b.calibereurope.com\/#website\"},\"primaryImageOfPage\":{\"@id\":\"https:\/\/b2b.calibereurope.com\/de\/produkt\/RCD120BT-de_DE\/#primaryimage\"},\"image\":{\"@id\":\"https:\/\/b2b.calibereurope.com\/de\/produkt\/RCD120BT-de_DE\/#primaryimage\"},\"thumbnailUrl\":\"https:\/\/b2b.calibereurope.com\/wp-content\/uploads\/2023\/07\/fe6031fd3da7e982277c30c7057f87caf0ad7b36_RCD120BT_mic_web.jpg\",\"datePublished\":\"2023-07-04T00:00:00+00:00\",\"dateModified\":\"2023-10-18T14:03:39+00:00\",\"breadcrumb\":{\"@id\":\"https:\/\/b2b.calibereurope.com\/de\/produkt\/RCD120BT-de_DE\/#breadcrumb\"},\"inLanguage\":\"de\",\"potentialAction\":[{\"@type\":\"ReadAction\",\"target\":[\"https:\/\/b2b.calibereurope.com\/de\/produkt\/RCD120BT-de_DE\/\"]}]},{\"@type\":\"ImageObject\",\"inLanguage\":\"de\",\"@id\":\"https:\/\/b2b.calibereurope.com\/de\/produkt\/RCD120BT-de_DE\/#primaryimage\",\"url\":\"https:\/\/b2b.calibereurope.com\/wp-content\/uploads\/2023\/07\/fe6031fd3da7e982277c30c7057f87caf0ad7b36_RCD120BT_mic_web.jpg\",\"contentUrl\":\"https:\/\/b2b.calibereurope.com\/wp-content\/uploads\/2023\/07\/fe6031fd3da7e982277c30c7057f87caf0ad7b36_RCD120BT_mic_web.jpg\",\"width\":1024,\"height\":768},{\"@type\":\"BreadcrumbList\",\"@id\":\"https:\/\/b2b.calibereurope.com\/de\/produkt\/RCD120BT-de_DE\/#breadcrumb\",\"itemListElement\":[{\"@type\":\"ListItem\",\"position\":1,\"name\":\"Home\",\"item\":\"https:\/\/b2b.calibereurope.com\/de\/\"},{\"@type\":\"ListItem\",\"position\":2,\"name\":\"Shop\",\"item\":\"https:\/\/b2b.calibereurope.com\/de\/shop\/\"},{\"@type\":\"ListItem\",\"position\":3,\"name\":\"Retro radio 4x75W met FM, CD, Bluetooth en USB &#8211; Silber (RCD120BT)\"}]},{\"@type\":\"WebSite\",\"@id\":\"https:\/\/b2b.calibereurope.com\/#website\",\"url\":\"https:\/\/b2b.calibereurope.com\/\",\"name\":\"Caliber Europe B.V.\",\"description\":\"B2B Webshop\",\"publisher\":{\"@id\":\"https:\/\/b2b.calibereurope.com\/#organization\"},\"potentialAction\":[{\"@type\":\"SearchAction\",\"target\":{\"@type\":\"EntryPoint\",\"urlTemplate\":\"https:\/\/b2b.calibereurope.com\/?s={search_term_string}\"},\"query-input\":{\"@type\":\"PropertyValueSpecification\",\"valueRequired\":true,\"valueName\":\"search_term_string\"}}],\"inLanguage\":\"de\"},{\"@type\":\"Organization\",\"@id\":\"https:\/\/b2b.calibereurope.com\/#organization\",\"name\":\"Caliber Europe B.V.\",\"url\":\"https:\/\/b2b.calibereurope.com\/\",\"logo\":{\"@type\":\"ImageObject\",\"inLanguage\":\"de\",\"@id\":\"https:\/\/b2b.calibereurope.com\/#\/schema\/logo\/image\/\",\"url\":\"https:\/\/b2b.calibereurope.com\/wp-content\/uploads\/2020\/12\/Caliber_Logo-Black.png\",\"contentUrl\":\"https:\/\/b2b.calibereurope.com\/wp-content\/uploads\/2020\/12\/Caliber_Logo-Black.png\",\"width\":3157,\"height\":356,\"caption\":\"Caliber Europe B.V.\"},\"image\":{\"@id\":\"https:\/\/b2b.calibereurope.com\/#\/schema\/logo\/image\/\"}}]}<\/script>\n<!-- \/ Yoast SEO plugin. -->","yoast_head_json":{"title":"Retro radio 4x75W met FM, CD, Bluetooth\u00ae Technologie en USB - Silber (RCD120BT) - Caliber Europe B.V.","robots":{"index":"noindex","follow":"follow","max-snippet":"max-snippet:-1","max-image-preview":"max-image-preview:large","max-video-preview":"max-video-preview:-1"},"og_locale":"de_DE","og_type":"article","og_title":"Retro radio 4x75W met FM, CD, Bluetooth\u00ae Technologie en USB - Silber (RCD120BT) - Caliber Europe B.V.","og_description":"Das Caliber RCD120BT ist ein Bluetooth\u00ae Technologie-Autoradio im Retro-Look. Die Chromfront verleiht Ihrem Auto oder Oldtimer ein besonderes Aussehen. H\u00f6ren Sie \u00fcber Bluetooth\u00ae Technologie Ihre Lieblingsmusik von Ihrem Smartphone aus oder nutzen Sie das Radio als Freisprechanlage im Auto. Sie telefonieren \u00fcber die Lautsprecher in Ihrem Auto. Musik auf mehrere Arten abspielenDer RCD120BT verf\u00fcgt \u00fcber [&hellip;]","og_url":"https:\/\/b2b.calibereurope.com\/de\/produkt\/RCD120BT-de_DE\/","og_site_name":"Caliber Europe B.V.","article_modified_time":"2023-10-18T14:03:39+00:00","og_image":[{"width":1024,"height":768,"url":"https:\/\/b2b.calibereurope.com\/wp-content\/uploads\/2021\/11\/fe6031fd3da7e982277c30c7057f87caf0ad7b36_RCD120BT_mic_web.jpg","type":"image\/jpeg"}],"twitter_card":"summary_large_image","twitter_misc":{"Gesch\u00e4tzte Lesezeit":"1\u00a0Minute"},"schema":{"@context":"https:\/\/schema.org","@graph":[{"@type":"WebPage","@id":"https:\/\/b2b.calibereurope.com\/de\/produkt\/RCD120BT-de_DE\/","url":"https:\/\/b2b.calibereurope.com\/de\/produkt\/RCD120BT-de_DE\/","name":"Retro radio 4x75W met FM, CD, Bluetooth\u00ae Technologie en USB - Silber (RCD120BT) - Caliber Europe B.V.","isPartOf":{"@id":"https:\/\/b2b.calibereurope.com\/#website"},"primaryImageOfPage":{"@id":"https:\/\/b2b.calibereurope.com\/de\/produkt\/RCD120BT-de_DE\/#primaryimage"},"image":{"@id":"https:\/\/b2b.calibereurope.com\/de\/produkt\/RCD120BT-de_DE\/#primaryimage"},"thumbnailUrl":"https:\/\/b2b.calibereurope.com\/wp-content\/uploads\/2023\/07\/fe6031fd3da7e982277c30c7057f87caf0ad7b36_RCD120BT_mic_web.jpg","datePublished":"2023-07-04T00:00:00+00:00","dateModified":"2023-10-18T14:03:39+00:00","breadcrumb":{"@id":"https:\/\/b2b.calibereurope.com\/de\/produkt\/RCD120BT-de_DE\/#breadcrumb"},"inLanguage":"de","potentialAction":[{"@type":"ReadAction","target":["https:\/\/b2b.calibereurope.com\/de\/produkt\/RCD120BT-de_DE\/"]}]},{"@type":"ImageObject","inLanguage":"de","@id":"https:\/\/b2b.calibereurope.com\/de\/produkt\/RCD120BT-de_DE\/#primaryimage","url":"https:\/\/b2b.calibereurope.com\/wp-content\/uploads\/2023\/07\/fe6031fd3da7e982277c30c7057f87caf0ad7b36_RCD120BT_mic_web.jpg","contentUrl":"https:\/\/b2b.calibereurope.com\/wp-content\/uploads\/2023\/07\/fe6031fd3da7e982277c30c7057f87caf0ad7b36_RCD120BT_mic_web.jpg","width":1024,"height":768},{"@type":"BreadcrumbList","@id":"https:\/\/b2b.calibereurope.com\/de\/produkt\/RCD120BT-de_DE\/#breadcrumb","itemListElement":[{"@type":"ListItem","position":1,"name":"Home","item":"https:\/\/b2b.calibereurope.com\/de\/"},{"@type":"ListItem","position":2,"name":"Shop","item":"https:\/\/b2b.calibereurope.com\/de\/shop\/"},{"@type":"ListItem","position":3,"name":"Retro radio 4x75W met FM, CD, Bluetooth en USB &#8211; Silber (RCD120BT)"}]},{"@type":"WebSite","@id":"https:\/\/b2b.calibereurope.com\/#website","url":"https:\/\/b2b.calibereurope.com\/","name":"Caliber Europe B.V.","description":"B2B Webshop","publisher":{"@id":"https:\/\/b2b.calibereurope.com\/#organization"},"potentialAction":[{"@type":"SearchAction","target":{"@type":"EntryPoint","urlTemplate":"https:\/\/b2b.calibereurope.com\/?s={search_term_string}"},"query-input":{"@type":"PropertyValueSpecification","valueRequired":true,"valueName":"search_term_string"}}],"inLanguage":"de"},{"@type":"Organization","@id":"https:\/\/b2b.calibereurope.com\/#organization","name":"Caliber Europe B.V.","url":"https:\/\/b2b.calibereurope.com\/","logo":{"@type":"ImageObject","inLanguage":"de","@id":"https:\/\/b2b.calibereurope.com\/#\/schema\/logo\/image\/","url":"https:\/\/b2b.calibereurope.com\/wp-content\/uploads\/2020\/12\/Caliber_Logo-Black.png","contentUrl":"https:\/\/b2b.calibereurope.com\/wp-content\/uploads\/2020\/12\/Caliber_Logo-Black.png","width":3157,"height":356,"caption":"Caliber Europe B.V."},"image":{"@id":"https:\/\/b2b.calibereurope.com\/#\/schema\/logo\/image\/"}}]}},"_links":{"self":[{"href":"https:\/\/b2b.calibereurope.com\/de\/wp-json\/wp\/v2\/product\/486477","targetHints":{"allow":["GET"]}}],"collection":[{"href":"https:\/\/b2b.calibereurope.com\/de\/wp-json\/wp\/v2\/product"}],"about":[{"href":"https:\/\/b2b.calibereurope.com\/de\/wp-json\/wp\/v2\/types\/product"}],"version-history":[{"count":0,"href":"https:\/\/b2b.calibereurope.com\/de\/wp-json\/wp\/v2\/product\/486477\/revisions"}],"wp:featuredmedia":[{"embeddable":true,"href":"https:\/\/b2b.calibereurope.com\/de\/wp-json\/wp\/v2\/media\/828126"}],"wp:attachment":[{"href":"https:\/\/b2b.calibereurope.com\/de\/wp-json\/wp\/v2\/media?parent=486477"}],"wp:term":[{"taxonomy":"product_brand","embeddable":true,"href":"https:\/\/b2b.calibereurope.com\/de\/wp-json\/wp\/v2\/product_brand?post=486477"},{"taxonomy":"product_cat","embeddable":true,"href":"https:\/\/b2b.calibereurope.com\/de\/wp-json\/wp\/v2\/product_cat?post=486477"},{"taxonomy":"product_tag","embeddable":true,"href":"https:\/\/b2b.calibereurope.com\/de\/wp-json\/wp\/v2\/product_tag?post=486477"}],"curies":[{"name":"wp","href":"https:\/\/api.w.org\/{rel}","templated":true}]}}