{"id":486545,"date":"2024-03-05T01:00:00","date_gmt":"2024-03-05T00:00:00","guid":{"rendered":""},"modified":"2024-03-05T08:04:38","modified_gmt":"2024-03-05T07:04:38","slug":"CSB3-de_DE","status":"publish","type":"product","link":"https:\/\/b2b.calibereurope.com\/de\/produkt\/CSB3-de_DE\/","title":{"rendered":"Boots- und Autolautsprecher Struktur &#8211; wasserdichtes Lautsprecher -Set &#8211; 40 Watt RMS &#8211; Stiefelautsprecher (CSB3)"},"content":{"rendered":"<p> Musik mit diesem Caliber CSB3 -Autolautsprecher f\u00fcr die Struktur auf ein h\u00f6heres Niveau bringen. Der Lautsprecher mit <strong> 40 Watt RMS <\/strong> und nicht weniger als <strong> 80 Watt Maximum Power <\/strong> bietet gen\u00fcgend Volumen, um mit Ihrer Lieblingsmusik zu singen. Die Lautsprecher in Ihrem Badezimmer, Auto oder Garten mit den ausgelieferten Befestigungsklammern in Ihrem Badezimmer, dem Lautsprechersatz <strong> wasserdichtes <\/strong> und <strong> frostbest\u00e4ndiger <\/strong> leicht zusammenstellen. Seien Sie einfach drau\u00dfen und h\u00e4ngen Sie. Dank des 2-Wege-Systems des <strong> koaxialen <\/strong> Lautsprecher produzieren die Lautsprecher sowohl hohe als auch niedrige T\u00f6ne in einem guten Gleichgewicht. <\/p>\n<p> <strong> Eigenschaften: <\/strong> <\/p>\n<ul>\n<li> Wasser und frostresistent <\/li>\n<li> Set von zwei <\/li>\n<li> 2-Wege-System <\/li>\n<li <li=\"\">40 watt rms<\/li>\n<li> max 80 Watt Peak Power <\/li>\n<li> Koaxial <\/li>\n<li> Geeignet f\u00fcr Innen- und Au\u00dfenseiter <\/li>\n<li> einschlie\u00dflich Montagehalterungen <\/li>\n<\/ul>\n<h3> f\u00fcr inner- und au\u00dfen <\/h3>\n<p> Das robuste Lautsprechersatz eignet sich sowohl f\u00fcr die Verwendung im Haus als auch im Freien. Dank der UV -Beschichtung sind sie gegen die Sonne gesch\u00fctzt. Da es sich um wasserdichte Lautsprecher, k\u00f6nnen Sie sie zum Beispiel im Badezimmer bauen. So singen Sie die Sterne des Himmels, wenn Sie in der Dusche sind und die Musik aus den Lautsprechern herausscheinen. Das Auto und das Boot sind auch geliebte Orte, um diese Strukturlautsprecher zu montieren. Zus\u00e4tzlich zu wasserdicht ist der Lautsprechersatz auch frostbest\u00e4ndig, sodass Sie die Lautsprecher das ganze Jahr \u00fcber in Ihrer Veranda oder dem Boot lassen k\u00f6nnen. <\/p>\n<h3> Die besten Melodien <\/h3>\n<p> Die Bauredner sind mit einem koaxialen 2-Wege-System ausgestattet. Alle Ihre Lieblingslieder werden dann klar und ausgeglichen, indem Sie einen Hocht\u00f6ner und ein Tieft\u00f6ner kombinieren. Auf diese Weise treten sowohl die hohen als auch die niedrigen T\u00f6ne der Musik in den Vordergrund. Die Lautsprecher haben einen Frequenzbereich von 110 Hz bis 22 Kilohertz und eine RMS -Kapazit\u00e4t von 40 Watt. Mit einer Spitzenleistung von 80 Watt k\u00f6nnen Sie immer auf ausreichendes Volumen z\u00e4hlen. <\/p>\n<h3> Einfach zu bedienen <\/h3>\n<p> Die Baulautsprecher sind sowohl au\u00dferhalb als auch im Auto oder im Badezimmer einfach zu installieren. Dank der mitgelieferten Montageklammern k\u00f6nnen Sie den Lautsprecher, der gut in die Dusche, das Paketregal in Ihrem Auto oder auf dem Deck Ihres Bootes h\u00e4ngen. Sie montieren sie mit relativ kleinen Schrauben, damit keine gro\u00dfen Schraubenl\u00f6cher hergestellt werden. <\/p>\n<p> <strong> <br \/> enthalten: <\/strong> <\/p>\n<ul>\n<li> CSB3 -CSB3 -Autolautsprecher <\/li>\n<li> Montageklammern<\/li>\n<\/ul>\n","protected":false},"excerpt":{"rendered":"<p>Musik mit diesem Caliber CSB3 -Autolautsprecher f\u00fcr die Struktur auf ein h\u00f6heres Niveau bringen. Der Lautsprecher mit 40 Watt RMS und nicht weniger als 80 Watt Maximum Power bietet gen\u00fcgend Volumen, um mit Ihrer Lieblingsmusik zu singen. Die Lautsprecher in Ihrem Badezimmer, Auto oder Garten mit den ausgelieferten Befestigungsklammern in Ihrem Badezimmer, dem Lautsprechersatz wasserdichtes [&hellip;]<\/p>\n","protected":false},"featured_media":842670,"template":"","meta":{"_acf_changed":false,"site-sidebar-layout":"default","site-content-layout":"","ast-site-content-layout":"default","site-content-style":"default","site-sidebar-style":"default","ast-global-header-display":"","ast-banner-title-visibility":"","ast-main-header-display":"","ast-hfb-above-header-display":"","ast-hfb-below-header-display":"","ast-hfb-mobile-header-display":"","site-post-title":"","ast-breadcrumbs-content":"","ast-featured-img":"","footer-sml-layout":"","theme-transparent-header-meta":"","adv-header-id-meta":"","stick-header-meta":"","header-above-stick-meta":"","header-main-stick-meta":"","header-below-stick-meta":"","astra-migrate-meta-layouts":"default","ast-page-background-enabled":"default","ast-page-background-meta":{"desktop":{"background-color":"","background-image":"","background-repeat":"repeat","background-position":"center center","background-size":"auto","background-attachment":"scroll","background-type":"","background-media":"","overlay-type":"","overlay-color":"","overlay-opacity":"","overlay-gradient":""},"tablet":{"background-color":"","background-image":"","background-repeat":"repeat","background-position":"center center","background-size":"auto","background-attachment":"scroll","background-type":"","background-media":"","overlay-type":"","overlay-color":"","overlay-opacity":"","overlay-gradient":""},"mobile":{"background-color":"","background-image":"","background-repeat":"repeat","background-position":"center center","background-size":"auto","background-attachment":"scroll","background-type":"","background-media":"","overlay-type":"","overlay-color":"","overlay-opacity":"","overlay-gradient":""}},"ast-content-background-meta":{"desktop":{"background-color":"var(--ast-global-color-5)","background-image":"","background-repeat":"repeat","background-position":"center center","background-size":"auto","background-attachment":"scroll","background-type":"","background-media":"","overlay-type":"","overlay-color":"","overlay-opacity":"","overlay-gradient":""},"tablet":{"background-color":"var(--ast-global-color-5)","background-image":"","background-repeat":"repeat","background-position":"center center","background-size":"auto","background-attachment":"scroll","background-type":"","background-media":"","overlay-type":"","overlay-color":"","overlay-opacity":"","overlay-gradient":""},"mobile":{"background-color":"var(--ast-global-color-5)","background-image":"","background-repeat":"repeat","background-position":"center center","background-size":"auto","background-attachment":"scroll","background-type":"","background-media":"","overlay-type":"","overlay-color":"","overlay-opacity":"","overlay-gradient":""}}},"product_brand":[],"product_cat":[22956],"product_tag":[],"class_list":{"0":"post-486545","1":"product","2":"type-product","3":"status-publish","4":"has-post-thumbnail","6":"product_cat-keine-kategorie","7":"desktop-align-center","8":"tablet-align-center","9":"mobile-align-center","10":"ast-product-gallery-layout-horizontal","11":"ast-product-gallery-with-no-image","12":"ast-product-tabs-layout-horizontal","14":"first","15":"outofstock","16":"taxable","17":"shipping-taxable","18":"purchasable","19":"product-type-simple"},"acf":[],"yoast_head":"<!-- This site is optimized with the Yoast SEO plugin v26.5 - https:\/\/yoast.com\/wordpress\/plugins\/seo\/ -->\n<title>Boots- und Autolautsprecher Struktur - wasserdichtes Lautsprecher -Set - 40 Watt RMS - Stiefelautsprecher (CSB3) - Caliber Europe B.V.<\/title>\n<meta name=\"robots\" content=\"noindex, follow, max-snippet:-1, max-image-preview:large, max-video-preview:-1\" \/>\n<meta property=\"og:locale\" content=\"de_DE\" \/>\n<meta property=\"og:type\" content=\"article\" \/>\n<meta property=\"og:title\" content=\"Boots- und Autolautsprecher Struktur - wasserdichtes Lautsprecher -Set - 40 Watt RMS - Stiefelautsprecher (CSB3) - Caliber Europe B.V.\" \/>\n<meta property=\"og:description\" content=\"Musik mit diesem Caliber CSB3 -Autolautsprecher f\u00fcr die Struktur auf ein h\u00f6heres Niveau bringen. Der Lautsprecher mit 40 Watt RMS und nicht weniger als 80 Watt Maximum Power bietet gen\u00fcgend Volumen, um mit Ihrer Lieblingsmusik zu singen. Die Lautsprecher in Ihrem Badezimmer, Auto oder Garten mit den ausgelieferten Befestigungsklammern in Ihrem Badezimmer, dem Lautsprechersatz wasserdichtes [&hellip;]\" \/>\n<meta property=\"og:url\" content=\"https:\/\/b2b.calibereurope.com\/de\/produkt\/CSB3-de_DE\/\" \/>\n<meta property=\"og:site_name\" content=\"Caliber Europe B.V.\" \/>\n<meta property=\"article:modified_time\" content=\"2024-03-05T07:04:38+00:00\" \/>\n<meta property=\"og:image\" content=\"https:\/\/b2b.calibereurope.com\/wp-content\/uploads\/2021\/11\/50f8461fee7e529bd71b9ac2741037f2f462d30f_csb3.jpg\" \/>\n\t<meta property=\"og:image:width\" content=\"550\" \/>\n\t<meta property=\"og:image:height\" content=\"413\" \/>\n\t<meta property=\"og:image:type\" content=\"image\/jpeg\" \/>\n<meta name=\"twitter:card\" content=\"summary_large_image\" \/>\n<script type=\"application\/ld+json\" class=\"yoast-schema-graph\">{\"@context\":\"https:\/\/schema.org\",\"@graph\":[{\"@type\":\"WebPage\",\"@id\":\"https:\/\/b2b.calibereurope.com\/de\/produkt\/CSB3-de_DE\/\",\"url\":\"https:\/\/b2b.calibereurope.com\/de\/produkt\/CSB3-de_DE\/\",\"name\":\"Boots- und Autolautsprecher Struktur - wasserdichtes Lautsprecher -Set - 40 Watt RMS - Stiefelautsprecher (CSB3) - Caliber Europe B.V.\",\"isPartOf\":{\"@id\":\"https:\/\/b2b.calibereurope.com\/#website\"},\"primaryImageOfPage\":{\"@id\":\"https:\/\/b2b.calibereurope.com\/de\/produkt\/CSB3-de_DE\/#primaryimage\"},\"image\":{\"@id\":\"https:\/\/b2b.calibereurope.com\/de\/produkt\/CSB3-de_DE\/#primaryimage\"},\"thumbnailUrl\":\"https:\/\/b2b.calibereurope.com\/wp-content\/uploads\/2024\/03\/50f8461fee7e529bd71b9ac2741037f2f462d30f_csb3.jpg\",\"datePublished\":\"2024-03-05T00:00:00+00:00\",\"dateModified\":\"2024-03-05T07:04:38+00:00\",\"breadcrumb\":{\"@id\":\"https:\/\/b2b.calibereurope.com\/de\/produkt\/CSB3-de_DE\/#breadcrumb\"},\"inLanguage\":\"de\",\"potentialAction\":[{\"@type\":\"ReadAction\",\"target\":[\"https:\/\/b2b.calibereurope.com\/de\/produkt\/CSB3-de_DE\/\"]}]},{\"@type\":\"ImageObject\",\"inLanguage\":\"de\",\"@id\":\"https:\/\/b2b.calibereurope.com\/de\/produkt\/CSB3-de_DE\/#primaryimage\",\"url\":\"https:\/\/b2b.calibereurope.com\/wp-content\/uploads\/2024\/03\/50f8461fee7e529bd71b9ac2741037f2f462d30f_csb3.jpg\",\"contentUrl\":\"https:\/\/b2b.calibereurope.com\/wp-content\/uploads\/2024\/03\/50f8461fee7e529bd71b9ac2741037f2f462d30f_csb3.jpg\",\"width\":550,\"height\":413},{\"@type\":\"BreadcrumbList\",\"@id\":\"https:\/\/b2b.calibereurope.com\/de\/produkt\/CSB3-de_DE\/#breadcrumb\",\"itemListElement\":[{\"@type\":\"ListItem\",\"position\":1,\"name\":\"Home\",\"item\":\"https:\/\/b2b.calibereurope.com\/de\/\"},{\"@type\":\"ListItem\",\"position\":2,\"name\":\"Shop\",\"item\":\"https:\/\/b2b.calibereurope.com\/de\/shop\/\"},{\"@type\":\"ListItem\",\"position\":3,\"name\":\"Lautsprecher Aufputz &#8211; 2 Wege 40 Watt (CSB3)\"}]},{\"@type\":\"WebSite\",\"@id\":\"https:\/\/b2b.calibereurope.com\/#website\",\"url\":\"https:\/\/b2b.calibereurope.com\/\",\"name\":\"Caliber Europe B.V.\",\"description\":\"B2B Webshop\",\"publisher\":{\"@id\":\"https:\/\/b2b.calibereurope.com\/#organization\"},\"potentialAction\":[{\"@type\":\"SearchAction\",\"target\":{\"@type\":\"EntryPoint\",\"urlTemplate\":\"https:\/\/b2b.calibereurope.com\/?s={search_term_string}\"},\"query-input\":{\"@type\":\"PropertyValueSpecification\",\"valueRequired\":true,\"valueName\":\"search_term_string\"}}],\"inLanguage\":\"de\"},{\"@type\":\"Organization\",\"@id\":\"https:\/\/b2b.calibereurope.com\/#organization\",\"name\":\"Caliber Europe B.V.\",\"url\":\"https:\/\/b2b.calibereurope.com\/\",\"logo\":{\"@type\":\"ImageObject\",\"inLanguage\":\"de\",\"@id\":\"https:\/\/b2b.calibereurope.com\/#\/schema\/logo\/image\/\",\"url\":\"https:\/\/b2b.calibereurope.com\/wp-content\/uploads\/2020\/12\/Caliber_Logo-Black.png\",\"contentUrl\":\"https:\/\/b2b.calibereurope.com\/wp-content\/uploads\/2020\/12\/Caliber_Logo-Black.png\",\"width\":3157,\"height\":356,\"caption\":\"Caliber Europe B.V.\"},\"image\":{\"@id\":\"https:\/\/b2b.calibereurope.com\/#\/schema\/logo\/image\/\"}}]}<\/script>\n<!-- \/ Yoast SEO plugin. -->","yoast_head_json":{"title":"Boots- und Autolautsprecher Struktur - wasserdichtes Lautsprecher -Set - 40 Watt RMS - Stiefelautsprecher (CSB3) - Caliber Europe B.V.","robots":{"index":"noindex","follow":"follow","max-snippet":"max-snippet:-1","max-image-preview":"max-image-preview:large","max-video-preview":"max-video-preview:-1"},"og_locale":"de_DE","og_type":"article","og_title":"Boots- und Autolautsprecher Struktur - wasserdichtes Lautsprecher -Set - 40 Watt RMS - Stiefelautsprecher (CSB3) - Caliber Europe B.V.","og_description":"Musik mit diesem Caliber CSB3 -Autolautsprecher f\u00fcr die Struktur auf ein h\u00f6heres Niveau bringen. Der Lautsprecher mit 40 Watt RMS und nicht weniger als 80 Watt Maximum Power bietet gen\u00fcgend Volumen, um mit Ihrer Lieblingsmusik zu singen. Die Lautsprecher in Ihrem Badezimmer, Auto oder Garten mit den ausgelieferten Befestigungsklammern in Ihrem Badezimmer, dem Lautsprechersatz wasserdichtes [&hellip;]","og_url":"https:\/\/b2b.calibereurope.com\/de\/produkt\/CSB3-de_DE\/","og_site_name":"Caliber Europe B.V.","article_modified_time":"2024-03-05T07:04:38+00:00","og_image":[{"width":550,"height":413,"url":"https:\/\/b2b.calibereurope.com\/wp-content\/uploads\/2021\/11\/50f8461fee7e529bd71b9ac2741037f2f462d30f_csb3.jpg","type":"image\/jpeg"}],"twitter_card":"summary_large_image","schema":{"@context":"https:\/\/schema.org","@graph":[{"@type":"WebPage","@id":"https:\/\/b2b.calibereurope.com\/de\/produkt\/CSB3-de_DE\/","url":"https:\/\/b2b.calibereurope.com\/de\/produkt\/CSB3-de_DE\/","name":"Boots- und Autolautsprecher Struktur - wasserdichtes Lautsprecher -Set - 40 Watt RMS - Stiefelautsprecher (CSB3) - Caliber Europe B.V.","isPartOf":{"@id":"https:\/\/b2b.calibereurope.com\/#website"},"primaryImageOfPage":{"@id":"https:\/\/b2b.calibereurope.com\/de\/produkt\/CSB3-de_DE\/#primaryimage"},"image":{"@id":"https:\/\/b2b.calibereurope.com\/de\/produkt\/CSB3-de_DE\/#primaryimage"},"thumbnailUrl":"https:\/\/b2b.calibereurope.com\/wp-content\/uploads\/2024\/03\/50f8461fee7e529bd71b9ac2741037f2f462d30f_csb3.jpg","datePublished":"2024-03-05T00:00:00+00:00","dateModified":"2024-03-05T07:04:38+00:00","breadcrumb":{"@id":"https:\/\/b2b.calibereurope.com\/de\/produkt\/CSB3-de_DE\/#breadcrumb"},"inLanguage":"de","potentialAction":[{"@type":"ReadAction","target":["https:\/\/b2b.calibereurope.com\/de\/produkt\/CSB3-de_DE\/"]}]},{"@type":"ImageObject","inLanguage":"de","@id":"https:\/\/b2b.calibereurope.com\/de\/produkt\/CSB3-de_DE\/#primaryimage","url":"https:\/\/b2b.calibereurope.com\/wp-content\/uploads\/2024\/03\/50f8461fee7e529bd71b9ac2741037f2f462d30f_csb3.jpg","contentUrl":"https:\/\/b2b.calibereurope.com\/wp-content\/uploads\/2024\/03\/50f8461fee7e529bd71b9ac2741037f2f462d30f_csb3.jpg","width":550,"height":413},{"@type":"BreadcrumbList","@id":"https:\/\/b2b.calibereurope.com\/de\/produkt\/CSB3-de_DE\/#breadcrumb","itemListElement":[{"@type":"ListItem","position":1,"name":"Home","item":"https:\/\/b2b.calibereurope.com\/de\/"},{"@type":"ListItem","position":2,"name":"Shop","item":"https:\/\/b2b.calibereurope.com\/de\/shop\/"},{"@type":"ListItem","position":3,"name":"Lautsprecher Aufputz &#8211; 2 Wege 40 Watt (CSB3)"}]},{"@type":"WebSite","@id":"https:\/\/b2b.calibereurope.com\/#website","url":"https:\/\/b2b.calibereurope.com\/","name":"Caliber Europe B.V.","description":"B2B Webshop","publisher":{"@id":"https:\/\/b2b.calibereurope.com\/#organization"},"potentialAction":[{"@type":"SearchAction","target":{"@type":"EntryPoint","urlTemplate":"https:\/\/b2b.calibereurope.com\/?s={search_term_string}"},"query-input":{"@type":"PropertyValueSpecification","valueRequired":true,"valueName":"search_term_string"}}],"inLanguage":"de"},{"@type":"Organization","@id":"https:\/\/b2b.calibereurope.com\/#organization","name":"Caliber Europe B.V.","url":"https:\/\/b2b.calibereurope.com\/","logo":{"@type":"ImageObject","inLanguage":"de","@id":"https:\/\/b2b.calibereurope.com\/#\/schema\/logo\/image\/","url":"https:\/\/b2b.calibereurope.com\/wp-content\/uploads\/2020\/12\/Caliber_Logo-Black.png","contentUrl":"https:\/\/b2b.calibereurope.com\/wp-content\/uploads\/2020\/12\/Caliber_Logo-Black.png","width":3157,"height":356,"caption":"Caliber Europe B.V."},"image":{"@id":"https:\/\/b2b.calibereurope.com\/#\/schema\/logo\/image\/"}}]}},"_links":{"self":[{"href":"https:\/\/b2b.calibereurope.com\/de\/wp-json\/wp\/v2\/product\/486545","targetHints":{"allow":["GET"]}}],"collection":[{"href":"https:\/\/b2b.calibereurope.com\/de\/wp-json\/wp\/v2\/product"}],"about":[{"href":"https:\/\/b2b.calibereurope.com\/de\/wp-json\/wp\/v2\/types\/product"}],"version-history":[{"count":0,"href":"https:\/\/b2b.calibereurope.com\/de\/wp-json\/wp\/v2\/product\/486545\/revisions"}],"wp:featuredmedia":[{"embeddable":true,"href":"https:\/\/b2b.calibereurope.com\/de\/wp-json\/wp\/v2\/media\/842670"}],"wp:attachment":[{"href":"https:\/\/b2b.calibereurope.com\/de\/wp-json\/wp\/v2\/media?parent=486545"}],"wp:term":[{"taxonomy":"product_brand","embeddable":true,"href":"https:\/\/b2b.calibereurope.com\/de\/wp-json\/wp\/v2\/product_brand?post=486545"},{"taxonomy":"product_cat","embeddable":true,"href":"https:\/\/b2b.calibereurope.com\/de\/wp-json\/wp\/v2\/product_cat?post=486545"},{"taxonomy":"product_tag","embeddable":true,"href":"https:\/\/b2b.calibereurope.com\/de\/wp-json\/wp\/v2\/product_tag?post=486545"}],"curies":[{"name":"wp","href":"https:\/\/api.w.org\/{rel}","templated":true}]}}