{"id":486565,"date":"2025-12-04T01:00:00","date_gmt":"2025-12-04T00:00:00","guid":{"rendered":"0"},"modified":"2026-04-21T12:44:05","modified_gmt":"2026-04-21T10:44:05","slug":"CSB2-de_DE","status":"publish","type":"product","link":"https:\/\/b2b.calibereurope.com\/de\/produkt\/CSB2-de_DE\/","title":{"rendered":"3-Wege-Autolautsprecher &#8211; F\u00fcr die Aufbaumontage im Auto oder Lkw &#8211; 120W\/90dB &#8211; 2er-Set inkl. Montagekit (CSB2)"},"content":{"rendered":"<p>Genie\u00dfen Sie den besten Klang der Caliber CSB2 Autolautsprecher, wenn Sie unterwegs sind. Mit bis zu <strong>80 Watt RMS-Leistung <\/strong>und sogar <strong>120 Watt Spitzenleistung <\/strong>k\u00f6nnen Sie Ihre Lieblingssongs immer laut und deutlich im Auto verbreiten. Dank des <strong>Frequenzbereichs von 150 bis 21.000 Hertz <\/strong>verleiht das Lautsprecherset der Musik eine zus\u00e4tzliche Dimension. Die Aufbaulautsprecher f\u00fcr das Auto verf\u00fcgen \u00fcber <strong>3 Treiber<\/strong>, die zusammen einen klaren Klang erzeugen. Mit den <strong>mitgelieferten Halterungen <\/strong>k\u00f6nnen Sie das Lautsprecherset ganz einfach in Ihrem Auto installieren.<\/p>\n<p><\/p>\n<p><strong>Merkmale:<\/strong><\/p>\n<ul>\n<li>Set mit zwei Aufbau-Lautsprechern<\/li>\n<li>80 Watt RMS Leistung<\/li>\n<li>Maximal 120 Watt<\/li>\n<li>3 Treiber f\u00fcr B\u00e4sse, Mittelt\u00f6ne und H\u00f6hen<\/li>\n<li>Frequenzbereich: 150 bis 21.000 Hertz<\/li>\n<li>90 dB Audioleistung<\/li>\n<li>Inklusive Montageb\u00fcgel<\/li>\n<\/ul>\n<h3>Genie\u00dfen Sie definierten Klang<\/h3>\n<p>Dank des 3-Wege-Systems des Lautsprechersets werden alle B\u00e4sse, Mitten und H\u00f6hen von einem separaten Treiber realisiert. So profitieren Sie von einem klaren Klang, auch bei h\u00f6heren Lautst\u00e4rken. Mit 80 Watt RMS-Leistung k\u00f6nnen Sie Ihre Musik ziemlich laut durch das Auto schallen lassen. M\u00f6chten Sie einen Chor wirklich laut erleben? Dann bietet die Spitzenleistung von 120 Watt genau das, was Sie brauchen. Die Autolautsprecher verf\u00fcgen \u00fcber einen breiten Frequenzbereich von 150 bis 21.000 Hertz und erzeugen einen definierten Klang.<\/p>\n<h3>Die besten Beats f\u00fcr unterwegs<\/h3>\n<p>Ist der aktuelle Lautsprecher in Ihrem Auto ein wenig knarrend oder k\u00f6nnen Sie auf dem R\u00fccksitz keine Musik h\u00f6ren? Dann sind diese Aufputz-Lautsprecher eine gro\u00dfartige Erg\u00e4nzung. Stellen Sie das Lautsprecherset auf den R\u00fccksitz und die Musik ist nicht nur lauter, sondern auch in besserer Qualit\u00e4t im ganzen Auto zu h\u00f6ren. So k\u00f6nnen Sie alle mitsingen, w\u00e4hrend Sie die Route du Soleil entlangfahren, oder Ihre eigenen Lieblingssongs genie\u00dfen, wenn Sie unterwegs sind.<\/p>\n<h3>Einfache Installation<\/h3>\n<p>Die Montage der Autolautsprecher ist dank der mitgelieferten Montagehalterungen einfach. Schlie\u00dfen Sie die Lautsprecher mit dem Kabel an Ihr Autoradio an und platzieren Sie sie dann an der gew\u00fcnschten Stelle im Auto. Dank des rechteckigen Formats k\u00f6nnen Sie leicht einen guten Platz finden.<\/p>\n<p><strong><br \/>&nbsp;Mitgeliefert:<\/strong><\/p>\n<ul>\n<li>Caliber CSB2 Set<\/li>\n<li>Montageb\u00fcgel<\/li>\n<\/ul>\n","protected":false},"excerpt":{"rendered":"<p>Genie\u00dfen Sie den besten Klang der Caliber CSB2 Autolautsprecher, wenn Sie unterwegs sind. Mit bis zu 80 Watt RMS-Leistung und sogar 120 Watt Spitzenleistung k\u00f6nnen Sie Ihre Lieblingssongs immer laut und deutlich im Auto verbreiten. Dank des Frequenzbereichs von 150 bis 21.000 Hertz verleiht das Lautsprecherset der Musik eine zus\u00e4tzliche Dimension. Die Aufbaulautsprecher f\u00fcr das [&hellip;]<\/p>\n","protected":false},"featured_media":869267,"template":"","meta":{"_acf_changed":false,"site-sidebar-layout":"default","site-content-layout":"","ast-site-content-layout":"default","site-content-style":"default","site-sidebar-style":"default","ast-global-header-display":"","ast-banner-title-visibility":"","ast-main-header-display":"","ast-hfb-above-header-display":"","ast-hfb-below-header-display":"","ast-hfb-mobile-header-display":"","site-post-title":"","ast-breadcrumbs-content":"","ast-featured-img":"","footer-sml-layout":"","theme-transparent-header-meta":"","adv-header-id-meta":"","stick-header-meta":"","header-above-stick-meta":"","header-main-stick-meta":"","header-below-stick-meta":"","astra-migrate-meta-layouts":"default","ast-page-background-enabled":"default","ast-page-background-meta":{"desktop":{"background-color":"","background-image":"","background-repeat":"repeat","background-position":"center center","background-size":"auto","background-attachment":"scroll","background-type":"","background-media":"","overlay-type":"","overlay-color":"","overlay-opacity":"","overlay-gradient":""},"tablet":{"background-color":"","background-image":"","background-repeat":"repeat","background-position":"center center","background-size":"auto","background-attachment":"scroll","background-type":"","background-media":"","overlay-type":"","overlay-color":"","overlay-opacity":"","overlay-gradient":""},"mobile":{"background-color":"","background-image":"","background-repeat":"repeat","background-position":"center center","background-size":"auto","background-attachment":"scroll","background-type":"","background-media":"","overlay-type":"","overlay-color":"","overlay-opacity":"","overlay-gradient":""}},"ast-content-background-meta":{"desktop":{"background-color":"var(--ast-global-color-5)","background-image":"","background-repeat":"repeat","background-position":"center center","background-size":"auto","background-attachment":"scroll","background-type":"","background-media":"","overlay-type":"","overlay-color":"","overlay-opacity":"","overlay-gradient":""},"tablet":{"background-color":"var(--ast-global-color-5)","background-image":"","background-repeat":"repeat","background-position":"center center","background-size":"auto","background-attachment":"scroll","background-type":"","background-media":"","overlay-type":"","overlay-color":"","overlay-opacity":"","overlay-gradient":""},"mobile":{"background-color":"var(--ast-global-color-5)","background-image":"","background-repeat":"repeat","background-position":"center center","background-size":"auto","background-attachment":"scroll","background-type":"","background-media":"","overlay-type":"","overlay-color":"","overlay-opacity":"","overlay-gradient":""}}},"product_brand":[],"product_cat":[22956],"product_tag":[],"class_list":{"0":"post-486565","1":"product","2":"type-product","3":"status-publish","4":"has-post-thumbnail","6":"product_cat-keine-kategorie","7":"desktop-align-center","8":"tablet-align-center","9":"mobile-align-center","10":"ast-product-gallery-layout-horizontal","11":"ast-product-gallery-with-no-image","12":"ast-product-tabs-layout-horizontal","14":"first","15":"instock","16":"taxable","17":"shipping-taxable","18":"purchasable","19":"product-type-simple"},"acf":[],"yoast_head":"<!-- This site is optimized with the Yoast SEO plugin v26.5 - https:\/\/yoast.com\/wordpress\/plugins\/seo\/ -->\n<title>3-Wege-Autolautsprecher - F\u00fcr die Aufbaumontage im Auto oder Lkw - 120W\/90dB - 2er-Set inkl. Montagekit (CSB2) - Caliber Europe B.V.<\/title>\n<meta name=\"robots\" content=\"noindex, follow, max-snippet:-1, max-image-preview:large, max-video-preview:-1\" \/>\n<meta property=\"og:locale\" content=\"de_DE\" \/>\n<meta property=\"og:type\" content=\"article\" \/>\n<meta property=\"og:title\" content=\"3-Wege-Autolautsprecher - F\u00fcr die Aufbaumontage im Auto oder Lkw - 120W\/90dB - 2er-Set inkl. Montagekit (CSB2) - Caliber Europe B.V.\" \/>\n<meta property=\"og:description\" content=\"Genie\u00dfen Sie den besten Klang der Caliber CSB2 Autolautsprecher, wenn Sie unterwegs sind. Mit bis zu 80 Watt RMS-Leistung und sogar 120 Watt Spitzenleistung k\u00f6nnen Sie Ihre Lieblingssongs immer laut und deutlich im Auto verbreiten. Dank des Frequenzbereichs von 150 bis 21.000 Hertz verleiht das Lautsprecherset der Musik eine zus\u00e4tzliche Dimension. Die Aufbaulautsprecher f\u00fcr das [&hellip;]\" \/>\n<meta property=\"og:url\" content=\"https:\/\/b2b.calibereurope.com\/de\/produkt\/csb2-de_de\/\" \/>\n<meta property=\"og:site_name\" content=\"Caliber Europe B.V.\" \/>\n<meta property=\"article:modified_time\" content=\"2026-04-21T10:44:05+00:00\" \/>\n<meta property=\"og:image\" content=\"https:\/\/b2b.calibereurope.com\/wp-content\/uploads\/2021\/09\/91b3846070b95cbc7de38115dc4a296c7c3e76a3_csb2.jpg\" \/>\n\t<meta property=\"og:image:width\" content=\"550\" \/>\n\t<meta property=\"og:image:height\" content=\"413\" \/>\n\t<meta property=\"og:image:type\" content=\"image\/jpeg\" \/>\n<meta name=\"twitter:card\" content=\"summary_large_image\" \/>\n<meta name=\"twitter:label1\" content=\"Gesch\u00e4tzte Lesezeit\" \/>\n\t<meta name=\"twitter:data1\" content=\"2\u00a0Minuten\" \/>\n<script type=\"application\/ld+json\" class=\"yoast-schema-graph\">{\"@context\":\"https:\/\/schema.org\",\"@graph\":[{\"@type\":\"WebPage\",\"@id\":\"https:\/\/b2b.calibereurope.com\/de\/produkt\/csb2-de_de\/\",\"url\":\"https:\/\/b2b.calibereurope.com\/de\/produkt\/csb2-de_de\/\",\"name\":\"3-Wege-Autolautsprecher - F\u00fcr die Aufbaumontage im Auto oder Lkw - 120W\/90dB - 2er-Set inkl. Montagekit (CSB2) - Caliber Europe B.V.\",\"isPartOf\":{\"@id\":\"https:\/\/b2b.calibereurope.com\/#website\"},\"primaryImageOfPage\":{\"@id\":\"https:\/\/b2b.calibereurope.com\/de\/produkt\/csb2-de_de\/#primaryimage\"},\"image\":{\"@id\":\"https:\/\/b2b.calibereurope.com\/de\/produkt\/csb2-de_de\/#primaryimage\"},\"thumbnailUrl\":\"https:\/\/b2b.calibereurope.com\/wp-content\/uploads\/2025\/12\/91b3846070b95cbc7de38115dc4a296c7c3e76a3_csb2-4.jpg\",\"datePublished\":\"2025-12-04T00:00:00+00:00\",\"dateModified\":\"2026-04-21T10:44:05+00:00\",\"breadcrumb\":{\"@id\":\"https:\/\/b2b.calibereurope.com\/de\/produkt\/csb2-de_de\/#breadcrumb\"},\"inLanguage\":\"de\",\"potentialAction\":[{\"@type\":\"ReadAction\",\"target\":[\"https:\/\/b2b.calibereurope.com\/de\/produkt\/csb2-de_de\/\"]}]},{\"@type\":\"ImageObject\",\"inLanguage\":\"de\",\"@id\":\"https:\/\/b2b.calibereurope.com\/de\/produkt\/csb2-de_de\/#primaryimage\",\"url\":\"https:\/\/b2b.calibereurope.com\/wp-content\/uploads\/2025\/12\/91b3846070b95cbc7de38115dc4a296c7c3e76a3_csb2-4.jpg\",\"contentUrl\":\"https:\/\/b2b.calibereurope.com\/wp-content\/uploads\/2025\/12\/91b3846070b95cbc7de38115dc4a296c7c3e76a3_csb2-4.jpg\",\"width\":550,\"height\":413},{\"@type\":\"BreadcrumbList\",\"@id\":\"https:\/\/b2b.calibereurope.com\/de\/produkt\/csb2-de_de\/#breadcrumb\",\"itemListElement\":[{\"@type\":\"ListItem\",\"position\":1,\"name\":\"Home\",\"item\":\"https:\/\/b2b.calibereurope.com\/de\/\"},{\"@type\":\"ListItem\",\"position\":2,\"name\":\"Shop\",\"item\":\"https:\/\/b2b.calibereurope.com\/de\/shop\/\"},{\"@type\":\"ListItem\",\"position\":3,\"name\":\"Lautsprecher Aufputz &#8211; 2-Wege 40 Watt Schwarz (CSB2)\"}]},{\"@type\":\"WebSite\",\"@id\":\"https:\/\/b2b.calibereurope.com\/#website\",\"url\":\"https:\/\/b2b.calibereurope.com\/\",\"name\":\"Caliber Europe B.V.\",\"description\":\"B2B Webshop\",\"publisher\":{\"@id\":\"https:\/\/b2b.calibereurope.com\/#organization\"},\"potentialAction\":[{\"@type\":\"SearchAction\",\"target\":{\"@type\":\"EntryPoint\",\"urlTemplate\":\"https:\/\/b2b.calibereurope.com\/?s={search_term_string}\"},\"query-input\":{\"@type\":\"PropertyValueSpecification\",\"valueRequired\":true,\"valueName\":\"search_term_string\"}}],\"inLanguage\":\"de\"},{\"@type\":\"Organization\",\"@id\":\"https:\/\/b2b.calibereurope.com\/#organization\",\"name\":\"Caliber Europe B.V.\",\"url\":\"https:\/\/b2b.calibereurope.com\/\",\"logo\":{\"@type\":\"ImageObject\",\"inLanguage\":\"de\",\"@id\":\"https:\/\/b2b.calibereurope.com\/#\/schema\/logo\/image\/\",\"url\":\"https:\/\/b2b.calibereurope.com\/wp-content\/uploads\/2020\/12\/Caliber_Logo-Black.png\",\"contentUrl\":\"https:\/\/b2b.calibereurope.com\/wp-content\/uploads\/2020\/12\/Caliber_Logo-Black.png\",\"width\":3157,\"height\":356,\"caption\":\"Caliber Europe B.V.\"},\"image\":{\"@id\":\"https:\/\/b2b.calibereurope.com\/#\/schema\/logo\/image\/\"}}]}<\/script>\n<!-- \/ Yoast SEO plugin. -->","yoast_head_json":{"title":"3-Wege-Autolautsprecher - F\u00fcr die Aufbaumontage im Auto oder Lkw - 120W\/90dB - 2er-Set inkl. Montagekit (CSB2) - Caliber Europe B.V.","robots":{"index":"noindex","follow":"follow","max-snippet":"max-snippet:-1","max-image-preview":"max-image-preview:large","max-video-preview":"max-video-preview:-1"},"og_locale":"de_DE","og_type":"article","og_title":"3-Wege-Autolautsprecher - F\u00fcr die Aufbaumontage im Auto oder Lkw - 120W\/90dB - 2er-Set inkl. Montagekit (CSB2) - Caliber Europe B.V.","og_description":"Genie\u00dfen Sie den besten Klang der Caliber CSB2 Autolautsprecher, wenn Sie unterwegs sind. Mit bis zu 80 Watt RMS-Leistung und sogar 120 Watt Spitzenleistung k\u00f6nnen Sie Ihre Lieblingssongs immer laut und deutlich im Auto verbreiten. Dank des Frequenzbereichs von 150 bis 21.000 Hertz verleiht das Lautsprecherset der Musik eine zus\u00e4tzliche Dimension. Die Aufbaulautsprecher f\u00fcr das [&hellip;]","og_url":"https:\/\/b2b.calibereurope.com\/de\/produkt\/csb2-de_de\/","og_site_name":"Caliber Europe B.V.","article_modified_time":"2026-04-21T10:44:05+00:00","og_image":[{"width":550,"height":413,"url":"https:\/\/b2b.calibereurope.com\/wp-content\/uploads\/2021\/09\/91b3846070b95cbc7de38115dc4a296c7c3e76a3_csb2.jpg","type":"image\/jpeg"}],"twitter_card":"summary_large_image","twitter_misc":{"Gesch\u00e4tzte Lesezeit":"2\u00a0Minuten"},"schema":{"@context":"https:\/\/schema.org","@graph":[{"@type":"WebPage","@id":"https:\/\/b2b.calibereurope.com\/de\/produkt\/csb2-de_de\/","url":"https:\/\/b2b.calibereurope.com\/de\/produkt\/csb2-de_de\/","name":"3-Wege-Autolautsprecher - F\u00fcr die Aufbaumontage im Auto oder Lkw - 120W\/90dB - 2er-Set inkl. Montagekit (CSB2) - Caliber Europe B.V.","isPartOf":{"@id":"https:\/\/b2b.calibereurope.com\/#website"},"primaryImageOfPage":{"@id":"https:\/\/b2b.calibereurope.com\/de\/produkt\/csb2-de_de\/#primaryimage"},"image":{"@id":"https:\/\/b2b.calibereurope.com\/de\/produkt\/csb2-de_de\/#primaryimage"},"thumbnailUrl":"https:\/\/b2b.calibereurope.com\/wp-content\/uploads\/2025\/12\/91b3846070b95cbc7de38115dc4a296c7c3e76a3_csb2-4.jpg","datePublished":"2025-12-04T00:00:00+00:00","dateModified":"2026-04-21T10:44:05+00:00","breadcrumb":{"@id":"https:\/\/b2b.calibereurope.com\/de\/produkt\/csb2-de_de\/#breadcrumb"},"inLanguage":"de","potentialAction":[{"@type":"ReadAction","target":["https:\/\/b2b.calibereurope.com\/de\/produkt\/csb2-de_de\/"]}]},{"@type":"ImageObject","inLanguage":"de","@id":"https:\/\/b2b.calibereurope.com\/de\/produkt\/csb2-de_de\/#primaryimage","url":"https:\/\/b2b.calibereurope.com\/wp-content\/uploads\/2025\/12\/91b3846070b95cbc7de38115dc4a296c7c3e76a3_csb2-4.jpg","contentUrl":"https:\/\/b2b.calibereurope.com\/wp-content\/uploads\/2025\/12\/91b3846070b95cbc7de38115dc4a296c7c3e76a3_csb2-4.jpg","width":550,"height":413},{"@type":"BreadcrumbList","@id":"https:\/\/b2b.calibereurope.com\/de\/produkt\/csb2-de_de\/#breadcrumb","itemListElement":[{"@type":"ListItem","position":1,"name":"Home","item":"https:\/\/b2b.calibereurope.com\/de\/"},{"@type":"ListItem","position":2,"name":"Shop","item":"https:\/\/b2b.calibereurope.com\/de\/shop\/"},{"@type":"ListItem","position":3,"name":"Lautsprecher Aufputz &#8211; 2-Wege 40 Watt Schwarz (CSB2)"}]},{"@type":"WebSite","@id":"https:\/\/b2b.calibereurope.com\/#website","url":"https:\/\/b2b.calibereurope.com\/","name":"Caliber Europe B.V.","description":"B2B Webshop","publisher":{"@id":"https:\/\/b2b.calibereurope.com\/#organization"},"potentialAction":[{"@type":"SearchAction","target":{"@type":"EntryPoint","urlTemplate":"https:\/\/b2b.calibereurope.com\/?s={search_term_string}"},"query-input":{"@type":"PropertyValueSpecification","valueRequired":true,"valueName":"search_term_string"}}],"inLanguage":"de"},{"@type":"Organization","@id":"https:\/\/b2b.calibereurope.com\/#organization","name":"Caliber Europe B.V.","url":"https:\/\/b2b.calibereurope.com\/","logo":{"@type":"ImageObject","inLanguage":"de","@id":"https:\/\/b2b.calibereurope.com\/#\/schema\/logo\/image\/","url":"https:\/\/b2b.calibereurope.com\/wp-content\/uploads\/2020\/12\/Caliber_Logo-Black.png","contentUrl":"https:\/\/b2b.calibereurope.com\/wp-content\/uploads\/2020\/12\/Caliber_Logo-Black.png","width":3157,"height":356,"caption":"Caliber Europe B.V."},"image":{"@id":"https:\/\/b2b.calibereurope.com\/#\/schema\/logo\/image\/"}}]}},"_links":{"self":[{"href":"https:\/\/b2b.calibereurope.com\/de\/wp-json\/wp\/v2\/product\/486565","targetHints":{"allow":["GET"]}}],"collection":[{"href":"https:\/\/b2b.calibereurope.com\/de\/wp-json\/wp\/v2\/product"}],"about":[{"href":"https:\/\/b2b.calibereurope.com\/de\/wp-json\/wp\/v2\/types\/product"}],"version-history":[{"count":0,"href":"https:\/\/b2b.calibereurope.com\/de\/wp-json\/wp\/v2\/product\/486565\/revisions"}],"wp:featuredmedia":[{"embeddable":true,"href":"https:\/\/b2b.calibereurope.com\/de\/wp-json\/wp\/v2\/media\/869267"}],"wp:attachment":[{"href":"https:\/\/b2b.calibereurope.com\/de\/wp-json\/wp\/v2\/media?parent=486565"}],"wp:term":[{"taxonomy":"product_brand","embeddable":true,"href":"https:\/\/b2b.calibereurope.com\/de\/wp-json\/wp\/v2\/product_brand?post=486565"},{"taxonomy":"product_cat","embeddable":true,"href":"https:\/\/b2b.calibereurope.com\/de\/wp-json\/wp\/v2\/product_cat?post=486565"},{"taxonomy":"product_tag","embeddable":true,"href":"https:\/\/b2b.calibereurope.com\/de\/wp-json\/wp\/v2\/product_tag?post=486565"}],"curies":[{"name":"wp","href":"https:\/\/api.w.org\/{rel}","templated":true}]}}