{"id":486985,"date":"2025-01-15T01:00:00","date_gmt":"2025-01-15T00:00:00","guid":{"rendered":""},"modified":"2025-01-15T08:55:39","modified_gmt":"2025-01-15T07:55:39","slug":"HPG430BT-de_DE","status":"publish","type":"product","link":"https:\/\/b2b.calibereurope.com\/de\/produkt\/HPG430BT-de_DE\/","title":{"rendered":"Bluetooth Lautsprecher &#8211; drahtlos f\u00fcr bis zu 4 Stunden &#8211; mit Mikrofon und Beep-Funktion &#8211; Powerbank (HPG430BT)"},"content":{"rendered":"<p>H\u00f6ren Sie Ihre Lieblingsplaylist mit dem Caliber HPG430BT Bluetooth\u00ae-Lautsprecher. Dank der <strong>Bluetooth\u00ae-Technologie k\u00f6nnen <\/strong>Sie Ihr Smartphone ganz einfach mit dem drahtlosen Lautsprecher verbinden. M\u00f6chten Sie kein Bluetooth\u00ae verwenden? Dann k\u00f6nnen Sie Musik \u00fcber den <strong>USB-, SD- und AUX-Anschluss <\/strong>abspielen. Mit diesem Bluetooth\u00ae Lautsprecher <strong>mit eingebautem Mikrofon <\/strong>k\u00f6nnen Sie kristallklare <strong>Telefonate <\/strong>f\u00fchren. Dank der <strong>Powerbank-Funktion <\/strong>k\u00f6nnen Sie sogar Ihr Smartphone \u00fcber den drahtlosen Lautsprecher <strong>aufladen<\/strong>. F\u00fcr mehr Lautst\u00e4rke verwenden Sie die <strong>TWS-Pairing-Funktion<\/strong>, um zwei Caliber HPG430BT Lautsprecher zu verbinden.<\/p>\n<p><\/p>\n<p><strong>Merkmale:<\/strong><\/p>\n<ul>\n<li>Bluetooth\u00ae 5.0 Technologie<\/li>\n<li>USB- und Micro SD-Wiedergabe<\/li>\n<li>AUX-Audioeingang (3,5 mm)<\/li>\n<li>Eingebautes Mikrofon<\/li>\n<li>Trageriemen f\u00fcr den Transport<\/li>\n<li>Powerbank-Funktion<\/li>\n<li>Spritzwassergesch\u00fctzt<\/li>\n<li>Verbinden Sie bis zu 2 HPG430BTs miteinander<\/li>\n<li>Aufladen \u00fcber USB-C<\/li>\n<li>Inklusive Kabel und Adapter<\/li>\n<\/ul>\n<h3>Stark und vielseitig<\/h3>\n<p>Das robuste Design dieses Bluetooth\u00ae Lautsprechers macht ihn zum idealen Begleiter f\u00fcr unterwegs. Gehen Sie auf eine Party? Dann nutzen Sie einfach die TWS-Pairing-Funktion, um zwei Caliber HPG430BT Bluetooth\u00ae Lautsprecher miteinander zu verbinden und mehr Lautst\u00e4rke zu erzeugen. Sie steuern die Musik ganz einfach \u00fcber die Tasten auf der Oberseite des drahtlosen Lautsprechers. Der drahtlose Lautsprecher ist auch f\u00fcr den Einsatz im Freien geeignet. Bei einem Spritzer Regen- oder Poolwasser m\u00fcssen Sie sich mit diesem spritzwassergesch\u00fctzten Lautsprecher keine Sorgen machen!<\/p>\n<h3>Verschiedene Wiedergabem\u00f6glichkeiten<\/h3>\n<p>Mit diesem Lautsprecher k\u00f6nnen Sie Ihre Lieblingsmusik auf verschiedene Arten abspielen. Neben der Bluetooth\u00ae-Technologie gibt es auch eine USB-Wiedergabe. Befindet sich Ihre Musik auf einer SD-Karte? Dann k\u00f6nnen Sie ihn einfach in den drahtlosen Lautsprecher einstecken und von dort aus h\u00f6ren. Sie k\u00f6nnen auch den AUX-Eingang verwenden, um Charts oder Podcasts abzuspielen. Alle diese Eing\u00e4nge befinden sich auf der R\u00fcckseite des Geh\u00e4uses, wo sie mit einem praktischen Rei\u00dfverschluss vor Schmutz und Dreck von au\u00dfen gesch\u00fctzt sind.<\/p>\n<h3>Der perfekte Partner<\/h3>\n<p>Dieser drahtlose Lautsprecher ist der perfekte Partner f\u00fcr Ihr Smartphone. Spielen Sie endlos Musik oder Podcasts \u00fcber die Bluetooth\u00ae-Box ab. Haben Sie in der Zwischenzeit einen Anruf erhalten? Kein Problem! Dank des eingebauten Mikrofons k\u00f6nnen Sie \u00fcber den drahtlosen Lautsprecher problemlos freih\u00e4ndig telefonieren, auch wenn Sie nicht in der N\u00e4he Ihres Smartphones sind. Die Box kann auch als USB-Powerbank verwendet werden, sodass Ihr Telefon immer aufgeladen bleibt.<\/p>\n<p><\/p>\n<p><strong>&nbsp;Mitgeliefert:<\/strong><\/p>\n<ul>\n<li>Caliber HPG430BT<\/li>\n<li>USB-C-Ladekabel und Adapter<\/li>\n<li>Trageriemen<\/li>\n<\/ul>\n","protected":false},"excerpt":{"rendered":"<p>H\u00f6ren Sie Ihre Lieblingsplaylist mit dem Caliber HPG430BT Bluetooth\u00ae-Lautsprecher. Dank der Bluetooth\u00ae-Technologie k\u00f6nnen Sie Ihr Smartphone ganz einfach mit dem drahtlosen Lautsprecher verbinden. M\u00f6chten Sie kein Bluetooth\u00ae verwenden? Dann k\u00f6nnen Sie Musik \u00fcber den USB-, SD- und AUX-Anschluss abspielen. Mit diesem Bluetooth\u00ae Lautsprecher mit eingebautem Mikrofon k\u00f6nnen Sie kristallklare Telefonate f\u00fchren. Dank der Powerbank-Funktion k\u00f6nnen [&hellip;]<\/p>\n","protected":false},"featured_media":855102,"template":"","meta":{"_acf_changed":false,"site-sidebar-layout":"default","site-content-layout":"","ast-site-content-layout":"default","site-content-style":"default","site-sidebar-style":"default","ast-global-header-display":"","ast-banner-title-visibility":"","ast-main-header-display":"","ast-hfb-above-header-display":"","ast-hfb-below-header-display":"","ast-hfb-mobile-header-display":"","site-post-title":"","ast-breadcrumbs-content":"","ast-featured-img":"","footer-sml-layout":"","theme-transparent-header-meta":"","adv-header-id-meta":"","stick-header-meta":"","header-above-stick-meta":"","header-main-stick-meta":"","header-below-stick-meta":"","astra-migrate-meta-layouts":"default","ast-page-background-enabled":"default","ast-page-background-meta":{"desktop":{"background-color":"","background-image":"","background-repeat":"repeat","background-position":"center center","background-size":"auto","background-attachment":"scroll","background-type":"","background-media":"","overlay-type":"","overlay-color":"","overlay-opacity":"","overlay-gradient":""},"tablet":{"background-color":"","background-image":"","background-repeat":"repeat","background-position":"center center","background-size":"auto","background-attachment":"scroll","background-type":"","background-media":"","overlay-type":"","overlay-color":"","overlay-opacity":"","overlay-gradient":""},"mobile":{"background-color":"","background-image":"","background-repeat":"repeat","background-position":"center center","background-size":"auto","background-attachment":"scroll","background-type":"","background-media":"","overlay-type":"","overlay-color":"","overlay-opacity":"","overlay-gradient":""}},"ast-content-background-meta":{"desktop":{"background-color":"var(--ast-global-color-5)","background-image":"","background-repeat":"repeat","background-position":"center center","background-size":"auto","background-attachment":"scroll","background-type":"","background-media":"","overlay-type":"","overlay-color":"","overlay-opacity":"","overlay-gradient":""},"tablet":{"background-color":"var(--ast-global-color-5)","background-image":"","background-repeat":"repeat","background-position":"center center","background-size":"auto","background-attachment":"scroll","background-type":"","background-media":"","overlay-type":"","overlay-color":"","overlay-opacity":"","overlay-gradient":""},"mobile":{"background-color":"var(--ast-global-color-5)","background-image":"","background-repeat":"repeat","background-position":"center center","background-size":"auto","background-attachment":"scroll","background-type":"","background-media":"","overlay-type":"","overlay-color":"","overlay-opacity":"","overlay-gradient":""}}},"product_brand":[],"product_cat":[22956],"product_tag":[],"class_list":{"0":"post-486985","1":"product","2":"type-product","3":"status-publish","4":"has-post-thumbnail","6":"product_cat-keine-kategorie","7":"desktop-align-center","8":"tablet-align-center","9":"mobile-align-center","10":"ast-product-gallery-layout-horizontal","11":"ast-product-tabs-layout-horizontal","13":"first","14":"instock","15":"taxable","16":"shipping-taxable","17":"purchasable","18":"product-type-simple"},"acf":[],"yoast_head":"<!-- This site is optimized with the Yoast SEO plugin v26.5 - https:\/\/yoast.com\/wordpress\/plugins\/seo\/ -->\n<title>Bluetooth Lautsprecher - drahtlos f\u00fcr bis zu 4 Stunden - mit Mikrofon und Beep-Funktion - Powerbank (HPG430BT) - Caliber Europe B.V.<\/title>\n<meta name=\"robots\" content=\"noindex, follow, max-snippet:-1, max-image-preview:large, max-video-preview:-1\" \/>\n<meta property=\"og:locale\" content=\"de_DE\" \/>\n<meta property=\"og:type\" content=\"article\" \/>\n<meta property=\"og:title\" content=\"Bluetooth Lautsprecher - drahtlos f\u00fcr bis zu 4 Stunden - mit Mikrofon und Beep-Funktion - Powerbank (HPG430BT) - Caliber Europe B.V.\" \/>\n<meta property=\"og:description\" content=\"H\u00f6ren Sie Ihre Lieblingsplaylist mit dem Caliber HPG430BT Bluetooth\u00ae-Lautsprecher. Dank der Bluetooth\u00ae-Technologie k\u00f6nnen Sie Ihr Smartphone ganz einfach mit dem drahtlosen Lautsprecher verbinden. M\u00f6chten Sie kein Bluetooth\u00ae verwenden? Dann k\u00f6nnen Sie Musik \u00fcber den USB-, SD- und AUX-Anschluss abspielen. Mit diesem Bluetooth\u00ae Lautsprecher mit eingebautem Mikrofon k\u00f6nnen Sie kristallklare Telefonate f\u00fchren. Dank der Powerbank-Funktion k\u00f6nnen [&hellip;]\" \/>\n<meta property=\"og:url\" content=\"https:\/\/b2b.calibereurope.com\/de\/produkt\/hpg430bt-de_de\/\" \/>\n<meta property=\"og:site_name\" content=\"Caliber Europe B.V.\" \/>\n<meta property=\"article:modified_time\" content=\"2025-01-15T07:55:39+00:00\" \/>\n<meta property=\"og:image\" content=\"https:\/\/b2b.calibereurope.com\/wp-content\/uploads\/2021\/09\/c57eddf3e4916b8fd7c03adb263fb8b74d11eda6_HPG430BT.jpg\" \/>\n\t<meta property=\"og:image:width\" content=\"1024\" \/>\n\t<meta property=\"og:image:height\" content=\"768\" \/>\n\t<meta property=\"og:image:type\" content=\"image\/jpeg\" \/>\n<meta name=\"twitter:card\" content=\"summary_large_image\" \/>\n<meta name=\"twitter:label1\" content=\"Gesch\u00e4tzte Lesezeit\" \/>\n\t<meta name=\"twitter:data1\" content=\"2\u00a0Minuten\" \/>\n<script type=\"application\/ld+json\" class=\"yoast-schema-graph\">{\"@context\":\"https:\/\/schema.org\",\"@graph\":[{\"@type\":\"WebPage\",\"@id\":\"https:\/\/b2b.calibereurope.com\/de\/produkt\/hpg430bt-de_de\/\",\"url\":\"https:\/\/b2b.calibereurope.com\/de\/produkt\/hpg430bt-de_de\/\",\"name\":\"Bluetooth Lautsprecher - drahtlos f\u00fcr bis zu 4 Stunden - mit Mikrofon und Beep-Funktion - Powerbank (HPG430BT) - Caliber Europe B.V.\",\"isPartOf\":{\"@id\":\"https:\/\/b2b.calibereurope.com\/#website\"},\"primaryImageOfPage\":{\"@id\":\"https:\/\/b2b.calibereurope.com\/de\/produkt\/hpg430bt-de_de\/#primaryimage\"},\"image\":{\"@id\":\"https:\/\/b2b.calibereurope.com\/de\/produkt\/hpg430bt-de_de\/#primaryimage\"},\"thumbnailUrl\":\"https:\/\/b2b.calibereurope.com\/wp-content\/uploads\/2025\/01\/c57eddf3e4916b8fd7c03adb263fb8b74d11eda6_HPG430BT.jpg\",\"datePublished\":\"2025-01-15T00:00:00+00:00\",\"dateModified\":\"2025-01-15T07:55:39+00:00\",\"breadcrumb\":{\"@id\":\"https:\/\/b2b.calibereurope.com\/de\/produkt\/hpg430bt-de_de\/#breadcrumb\"},\"inLanguage\":\"de\",\"potentialAction\":[{\"@type\":\"ReadAction\",\"target\":[\"https:\/\/b2b.calibereurope.com\/de\/produkt\/hpg430bt-de_de\/\"]}]},{\"@type\":\"ImageObject\",\"inLanguage\":\"de\",\"@id\":\"https:\/\/b2b.calibereurope.com\/de\/produkt\/hpg430bt-de_de\/#primaryimage\",\"url\":\"https:\/\/b2b.calibereurope.com\/wp-content\/uploads\/2025\/01\/c57eddf3e4916b8fd7c03adb263fb8b74d11eda6_HPG430BT.jpg\",\"contentUrl\":\"https:\/\/b2b.calibereurope.com\/wp-content\/uploads\/2025\/01\/c57eddf3e4916b8fd7c03adb263fb8b74d11eda6_HPG430BT.jpg\",\"width\":1024,\"height\":768},{\"@type\":\"BreadcrumbList\",\"@id\":\"https:\/\/b2b.calibereurope.com\/de\/produkt\/hpg430bt-de_de\/#breadcrumb\",\"itemListElement\":[{\"@type\":\"ListItem\",\"position\":1,\"name\":\"Home\",\"item\":\"https:\/\/b2b.calibereurope.com\/de\/\"},{\"@type\":\"ListItem\",\"position\":2,\"name\":\"Shop\",\"item\":\"https:\/\/b2b.calibereurope.com\/de\/shop\/\"},{\"@type\":\"ListItem\",\"position\":3,\"name\":\"USB SD Aux In &#8211; Batterie Wasserfest (HPG430BT)\"}]},{\"@type\":\"WebSite\",\"@id\":\"https:\/\/b2b.calibereurope.com\/#website\",\"url\":\"https:\/\/b2b.calibereurope.com\/\",\"name\":\"Caliber Europe B.V.\",\"description\":\"B2B Webshop\",\"publisher\":{\"@id\":\"https:\/\/b2b.calibereurope.com\/#organization\"},\"potentialAction\":[{\"@type\":\"SearchAction\",\"target\":{\"@type\":\"EntryPoint\",\"urlTemplate\":\"https:\/\/b2b.calibereurope.com\/?s={search_term_string}\"},\"query-input\":{\"@type\":\"PropertyValueSpecification\",\"valueRequired\":true,\"valueName\":\"search_term_string\"}}],\"inLanguage\":\"de\"},{\"@type\":\"Organization\",\"@id\":\"https:\/\/b2b.calibereurope.com\/#organization\",\"name\":\"Caliber Europe B.V.\",\"url\":\"https:\/\/b2b.calibereurope.com\/\",\"logo\":{\"@type\":\"ImageObject\",\"inLanguage\":\"de\",\"@id\":\"https:\/\/b2b.calibereurope.com\/#\/schema\/logo\/image\/\",\"url\":\"https:\/\/b2b.calibereurope.com\/wp-content\/uploads\/2020\/12\/Caliber_Logo-Black.png\",\"contentUrl\":\"https:\/\/b2b.calibereurope.com\/wp-content\/uploads\/2020\/12\/Caliber_Logo-Black.png\",\"width\":3157,\"height\":356,\"caption\":\"Caliber Europe B.V.\"},\"image\":{\"@id\":\"https:\/\/b2b.calibereurope.com\/#\/schema\/logo\/image\/\"}}]}<\/script>\n<!-- \/ Yoast SEO plugin. -->","yoast_head_json":{"title":"Bluetooth Lautsprecher - drahtlos f\u00fcr bis zu 4 Stunden - mit Mikrofon und Beep-Funktion - Powerbank (HPG430BT) - Caliber Europe B.V.","robots":{"index":"noindex","follow":"follow","max-snippet":"max-snippet:-1","max-image-preview":"max-image-preview:large","max-video-preview":"max-video-preview:-1"},"og_locale":"de_DE","og_type":"article","og_title":"Bluetooth Lautsprecher - drahtlos f\u00fcr bis zu 4 Stunden - mit Mikrofon und Beep-Funktion - Powerbank (HPG430BT) - Caliber Europe B.V.","og_description":"H\u00f6ren Sie Ihre Lieblingsplaylist mit dem Caliber HPG430BT Bluetooth\u00ae-Lautsprecher. Dank der Bluetooth\u00ae-Technologie k\u00f6nnen Sie Ihr Smartphone ganz einfach mit dem drahtlosen Lautsprecher verbinden. M\u00f6chten Sie kein Bluetooth\u00ae verwenden? Dann k\u00f6nnen Sie Musik \u00fcber den USB-, SD- und AUX-Anschluss abspielen. Mit diesem Bluetooth\u00ae Lautsprecher mit eingebautem Mikrofon k\u00f6nnen Sie kristallklare Telefonate f\u00fchren. Dank der Powerbank-Funktion k\u00f6nnen [&hellip;]","og_url":"https:\/\/b2b.calibereurope.com\/de\/produkt\/hpg430bt-de_de\/","og_site_name":"Caliber Europe B.V.","article_modified_time":"2025-01-15T07:55:39+00:00","og_image":[{"width":1024,"height":768,"url":"https:\/\/b2b.calibereurope.com\/wp-content\/uploads\/2021\/09\/c57eddf3e4916b8fd7c03adb263fb8b74d11eda6_HPG430BT.jpg","type":"image\/jpeg"}],"twitter_card":"summary_large_image","twitter_misc":{"Gesch\u00e4tzte Lesezeit":"2\u00a0Minuten"},"schema":{"@context":"https:\/\/schema.org","@graph":[{"@type":"WebPage","@id":"https:\/\/b2b.calibereurope.com\/de\/produkt\/hpg430bt-de_de\/","url":"https:\/\/b2b.calibereurope.com\/de\/produkt\/hpg430bt-de_de\/","name":"Bluetooth Lautsprecher - drahtlos f\u00fcr bis zu 4 Stunden - mit Mikrofon und Beep-Funktion - Powerbank (HPG430BT) - Caliber Europe B.V.","isPartOf":{"@id":"https:\/\/b2b.calibereurope.com\/#website"},"primaryImageOfPage":{"@id":"https:\/\/b2b.calibereurope.com\/de\/produkt\/hpg430bt-de_de\/#primaryimage"},"image":{"@id":"https:\/\/b2b.calibereurope.com\/de\/produkt\/hpg430bt-de_de\/#primaryimage"},"thumbnailUrl":"https:\/\/b2b.calibereurope.com\/wp-content\/uploads\/2025\/01\/c57eddf3e4916b8fd7c03adb263fb8b74d11eda6_HPG430BT.jpg","datePublished":"2025-01-15T00:00:00+00:00","dateModified":"2025-01-15T07:55:39+00:00","breadcrumb":{"@id":"https:\/\/b2b.calibereurope.com\/de\/produkt\/hpg430bt-de_de\/#breadcrumb"},"inLanguage":"de","potentialAction":[{"@type":"ReadAction","target":["https:\/\/b2b.calibereurope.com\/de\/produkt\/hpg430bt-de_de\/"]}]},{"@type":"ImageObject","inLanguage":"de","@id":"https:\/\/b2b.calibereurope.com\/de\/produkt\/hpg430bt-de_de\/#primaryimage","url":"https:\/\/b2b.calibereurope.com\/wp-content\/uploads\/2025\/01\/c57eddf3e4916b8fd7c03adb263fb8b74d11eda6_HPG430BT.jpg","contentUrl":"https:\/\/b2b.calibereurope.com\/wp-content\/uploads\/2025\/01\/c57eddf3e4916b8fd7c03adb263fb8b74d11eda6_HPG430BT.jpg","width":1024,"height":768},{"@type":"BreadcrumbList","@id":"https:\/\/b2b.calibereurope.com\/de\/produkt\/hpg430bt-de_de\/#breadcrumb","itemListElement":[{"@type":"ListItem","position":1,"name":"Home","item":"https:\/\/b2b.calibereurope.com\/de\/"},{"@type":"ListItem","position":2,"name":"Shop","item":"https:\/\/b2b.calibereurope.com\/de\/shop\/"},{"@type":"ListItem","position":3,"name":"USB SD Aux In &#8211; Batterie Wasserfest (HPG430BT)"}]},{"@type":"WebSite","@id":"https:\/\/b2b.calibereurope.com\/#website","url":"https:\/\/b2b.calibereurope.com\/","name":"Caliber Europe B.V.","description":"B2B Webshop","publisher":{"@id":"https:\/\/b2b.calibereurope.com\/#organization"},"potentialAction":[{"@type":"SearchAction","target":{"@type":"EntryPoint","urlTemplate":"https:\/\/b2b.calibereurope.com\/?s={search_term_string}"},"query-input":{"@type":"PropertyValueSpecification","valueRequired":true,"valueName":"search_term_string"}}],"inLanguage":"de"},{"@type":"Organization","@id":"https:\/\/b2b.calibereurope.com\/#organization","name":"Caliber Europe B.V.","url":"https:\/\/b2b.calibereurope.com\/","logo":{"@type":"ImageObject","inLanguage":"de","@id":"https:\/\/b2b.calibereurope.com\/#\/schema\/logo\/image\/","url":"https:\/\/b2b.calibereurope.com\/wp-content\/uploads\/2020\/12\/Caliber_Logo-Black.png","contentUrl":"https:\/\/b2b.calibereurope.com\/wp-content\/uploads\/2020\/12\/Caliber_Logo-Black.png","width":3157,"height":356,"caption":"Caliber Europe B.V."},"image":{"@id":"https:\/\/b2b.calibereurope.com\/#\/schema\/logo\/image\/"}}]}},"_links":{"self":[{"href":"https:\/\/b2b.calibereurope.com\/de\/wp-json\/wp\/v2\/product\/486985","targetHints":{"allow":["GET"]}}],"collection":[{"href":"https:\/\/b2b.calibereurope.com\/de\/wp-json\/wp\/v2\/product"}],"about":[{"href":"https:\/\/b2b.calibereurope.com\/de\/wp-json\/wp\/v2\/types\/product"}],"version-history":[{"count":0,"href":"https:\/\/b2b.calibereurope.com\/de\/wp-json\/wp\/v2\/product\/486985\/revisions"}],"wp:featuredmedia":[{"embeddable":true,"href":"https:\/\/b2b.calibereurope.com\/de\/wp-json\/wp\/v2\/media\/855102"}],"wp:attachment":[{"href":"https:\/\/b2b.calibereurope.com\/de\/wp-json\/wp\/v2\/media?parent=486985"}],"wp:term":[{"taxonomy":"product_brand","embeddable":true,"href":"https:\/\/b2b.calibereurope.com\/de\/wp-json\/wp\/v2\/product_brand?post=486985"},{"taxonomy":"product_cat","embeddable":true,"href":"https:\/\/b2b.calibereurope.com\/de\/wp-json\/wp\/v2\/product_cat?post=486985"},{"taxonomy":"product_tag","embeddable":true,"href":"https:\/\/b2b.calibereurope.com\/de\/wp-json\/wp\/v2\/product_tag?post=486985"}],"curies":[{"name":"wp","href":"https:\/\/api.w.org\/{rel}","templated":true}]}}