{"id":489129,"date":"2025-10-07T00:00:00","date_gmt":"2025-10-07T00:00:00","guid":{"rendered":""},"modified":"2025-10-07T12:13:42","modified_gmt":"2025-10-07T10:13:42","slug":"HWC201PT-de_DE","status":"publish","type":"product","link":"https:\/\/b2b.calibereurope.com\/de\/produkt\/HWC201PT-de_DE\/","title":{"rendered":"\u00dcberwachungskamera f\u00fcr Innenr\u00e4ume &#8211; WiFi Smart Camera &#8211; Full HD 1080P &#8211; Smart Home App &#8211; Nachtsicht (HWC201PT)"},"content":{"rendered":"<p>Behalten Sie mit der Caliber HWC201PT \u00dcberwachungskamera f\u00fcr Innenr\u00e4ume im Auge, was in Ihrem Haus passiert. Diese <strong>Full HD-Kamera <\/strong>sorgt daf\u00fcr, dass Sie jedes Detail klar erkennen k\u00f6nnen. Die intelligente Kamera kann mit der <strong>kostenlosen Smart Home App <\/strong>gesteuert werden. Dank der <strong>Bewegungserkennung <\/strong>nimmt die Innenkamera automatisch auf, wenn eine Bewegung erkannt wird. Die Bilder werden sicher \u00fcber eine <strong>WiFi-Verbindung <\/strong>\u00fcbertragen. Dank der <strong>Schwenk-\/Neigefunktion <\/strong>k\u00f6nnen Sie jeden Winkel des Raumes im Auge behalten. Die <strong>Nachtsichtfunktion <\/strong>funktioniert bis zu 10 Meter.<\/p>\n<p><\/p>\n<p><strong>Merkmale:<\/strong><\/p>\n<ul>\n<li>Full HD (1080P)<\/li>\n<li>Steuerung \u00fcber die Caliber Smart Home App<\/li>\n<li>Nachtsicht bis zu 10 Meter<\/li>\n<li>Verbindung \u00fcber WiFi (2.4G)<\/li>\n<li>Micro-SD-Speicher bis zu 128 GB<\/li>\n<li>Schleifenaufnahme-Funktion<\/li>\n<li>Schwenk-\/Neigefunktion<\/li>\n<li>Bewegungserkennung<\/li>\n<li>Zur Verwendung als Ausl\u00f6ser<\/li>\n<li>Eingebautes Mikrofon und Lautsprecher<\/li>\n<\/ul>\n<h3>Behalten Sie alles im Auge<\/h3>\n<p>Mit dieser intelligenten Kamera k\u00f6nnen Sie kein einziges Detail mehr \u00fcbersehen. Die Full HD-Kamera liefert kristallklare Bilder, sodass Sie immer genau sehen k\u00f6nnen, was im Raum passiert. Dank der Schwenk-\/Neigefunktion kann sich die Innenkamera sowohl horizontal als auch vertikal bewegen. Die horizontale Bewegung kann in einem Winkel von bis zu 360 Grad erfolgen. Vertikale Bewegungen sind zwischen 10 und 75 Grad m\u00f6glich. So k\u00f6nnen Sie alle Ecken des Raumes auf einen Blick sehen.<\/p>\n<h3>Gegen unerw\u00fcnschte Besucher<\/h3>\n<p>Die Innenkamera ist mit einer Bewegungserkennung ausgestattet. Das bedeutet, dass Bilder automatisch aufgenommen werden, wenn eine Bewegung erkannt wird. Sie erhalten dann auch eine sofortige Benachrichtigung auf Ihrem Smartphone, sodass Sie bei Bedarf sofort eingreifen k\u00f6nnen. Das Zimmer ist auch nachts gut \u00fcberwacht. Das liegt daran, dass die \u00dcberwachungskamera mit einer Nachtsichtfunktion ausgestattet ist. Dank der Infrarot-LEDs ist sie auch im Dunkeln bis zu 10 Meter weit sichtbar. So k\u00f6nnen Sie Ihr Haus beruhigt verlassen.<\/p>\n<h3>Immer verbunden<\/h3>\n<p>Die \u00dcberwachungskamera wird einfach drahtlos \u00fcber WiFi mit Ihrem Smartphone verbunden. Auf diese Weise k\u00f6nnen Sie \u00fcber die Smart Home App immer sehen, was gerade passiert. Dar\u00fcber hinaus k\u00f6nnen Sie \u00fcber die App auch Ausl\u00f6ser festlegen. L\u00f6sen Sie zum Beispiel eine Lampe aus, wenn eine Bewegung erkannt wird. Dank des eingebauten Mikrofons und Lautsprechers k\u00f6nnen Sie sogar mit Personen im Raum kommunizieren. Das ist z.B. n\u00fctzlich, wenn Sie im Urlaub sind und Ihre Nachbarn sich um Ihre Haustiere oder Pflanzen k\u00fcmmern.<\/p>\n<p><strong><br \/>&nbsp;Mitgeliefert:<\/strong><\/p>\n<ul>\n<li>Caliber HWC201PT Sicherheitskamera f\u00fcr Innenr\u00e4ume<\/li>\n<li>230V Adapter<\/li>\n<li>Netzkabel<\/li>\n<\/ul>\n","protected":false},"excerpt":{"rendered":"<p>Behalten Sie mit der Caliber HWC201PT \u00dcberwachungskamera f\u00fcr Innenr\u00e4ume im Auge, was in Ihrem Haus passiert. Diese Full HD-Kamera sorgt daf\u00fcr, dass Sie jedes Detail klar erkennen k\u00f6nnen. Die intelligente Kamera kann mit der kostenlosen Smart Home App gesteuert werden. Dank der Bewegungserkennung nimmt die Innenkamera automatisch auf, wenn eine Bewegung erkannt wird. Die Bilder [&hellip;]<\/p>\n","protected":false},"featured_media":859033,"template":"","meta":{"_acf_changed":false,"site-sidebar-layout":"default","site-content-layout":"","ast-site-content-layout":"default","site-content-style":"default","site-sidebar-style":"default","ast-global-header-display":"","ast-banner-title-visibility":"","ast-main-header-display":"","ast-hfb-above-header-display":"","ast-hfb-below-header-display":"","ast-hfb-mobile-header-display":"","site-post-title":"","ast-breadcrumbs-content":"","ast-featured-img":"","footer-sml-layout":"","theme-transparent-header-meta":"","adv-header-id-meta":"","stick-header-meta":"","header-above-stick-meta":"","header-main-stick-meta":"","header-below-stick-meta":"","astra-migrate-meta-layouts":"default","ast-page-background-enabled":"default","ast-page-background-meta":{"desktop":{"background-color":"","background-image":"","background-repeat":"repeat","background-position":"center center","background-size":"auto","background-attachment":"scroll","background-type":"","background-media":"","overlay-type":"","overlay-color":"","overlay-opacity":"","overlay-gradient":""},"tablet":{"background-color":"","background-image":"","background-repeat":"repeat","background-position":"center center","background-size":"auto","background-attachment":"scroll","background-type":"","background-media":"","overlay-type":"","overlay-color":"","overlay-opacity":"","overlay-gradient":""},"mobile":{"background-color":"","background-image":"","background-repeat":"repeat","background-position":"center center","background-size":"auto","background-attachment":"scroll","background-type":"","background-media":"","overlay-type":"","overlay-color":"","overlay-opacity":"","overlay-gradient":""}},"ast-content-background-meta":{"desktop":{"background-color":"var(--ast-global-color-5)","background-image":"","background-repeat":"repeat","background-position":"center center","background-size":"auto","background-attachment":"scroll","background-type":"","background-media":"","overlay-type":"","overlay-color":"","overlay-opacity":"","overlay-gradient":""},"tablet":{"background-color":"var(--ast-global-color-5)","background-image":"","background-repeat":"repeat","background-position":"center center","background-size":"auto","background-attachment":"scroll","background-type":"","background-media":"","overlay-type":"","overlay-color":"","overlay-opacity":"","overlay-gradient":""},"mobile":{"background-color":"var(--ast-global-color-5)","background-image":"","background-repeat":"repeat","background-position":"center center","background-size":"auto","background-attachment":"scroll","background-type":"","background-media":"","overlay-type":"","overlay-color":"","overlay-opacity":"","overlay-gradient":""}}},"product_brand":[],"product_cat":[22956],"product_tag":[],"class_list":{"0":"post-489129","1":"product","2":"type-product","3":"status-publish","4":"has-post-thumbnail","6":"product_cat-keine-kategorie","7":"desktop-align-center","8":"tablet-align-center","9":"mobile-align-center","10":"ast-product-gallery-layout-horizontal","11":"ast-product-tabs-layout-horizontal","13":"first","14":"outofstock","15":"taxable","16":"shipping-taxable","17":"purchasable","18":"product-type-simple"},"acf":[],"yoast_head":"<!-- This site is optimized with the Yoast SEO plugin v26.5 - https:\/\/yoast.com\/wordpress\/plugins\/seo\/ -->\n<title>\u00dcberwachungskamera f\u00fcr Innenr\u00e4ume - WiFi Smart Camera - Full HD 1080P - Smart Home App - Nachtsicht (HWC201PT) - Caliber Europe B.V.<\/title>\n<meta name=\"robots\" content=\"noindex, follow, max-snippet:-1, max-image-preview:large, max-video-preview:-1\" \/>\n<meta property=\"og:locale\" content=\"de_DE\" \/>\n<meta property=\"og:type\" content=\"article\" \/>\n<meta property=\"og:title\" content=\"\u00dcberwachungskamera f\u00fcr Innenr\u00e4ume - WiFi Smart Camera - Full HD 1080P - Smart Home App - Nachtsicht (HWC201PT) - Caliber Europe B.V.\" \/>\n<meta property=\"og:description\" content=\"Behalten Sie mit der Caliber HWC201PT \u00dcberwachungskamera f\u00fcr Innenr\u00e4ume im Auge, was in Ihrem Haus passiert. Diese Full HD-Kamera sorgt daf\u00fcr, dass Sie jedes Detail klar erkennen k\u00f6nnen. Die intelligente Kamera kann mit der kostenlosen Smart Home App gesteuert werden. Dank der Bewegungserkennung nimmt die Innenkamera automatisch auf, wenn eine Bewegung erkannt wird. Die Bilder [&hellip;]\" \/>\n<meta property=\"og:url\" content=\"https:\/\/b2b.calibereurope.com\/de\/produkt\/hwc201pt-de_de\/\" \/>\n<meta property=\"og:site_name\" content=\"Caliber Europe B.V.\" \/>\n<meta property=\"article:modified_time\" content=\"2025-10-07T10:13:42+00:00\" \/>\n<meta property=\"og:image\" content=\"https:\/\/b2b.calibereurope.com\/wp-content\/uploads\/2021\/09\/4cf552b6a2df68d45b120f82bdd09769447df1d8_HWC201PT_front_web.jpg\" \/>\n\t<meta property=\"og:image:width\" content=\"1024\" \/>\n\t<meta property=\"og:image:height\" content=\"768\" \/>\n\t<meta property=\"og:image:type\" content=\"image\/jpeg\" \/>\n<meta name=\"twitter:card\" content=\"summary_large_image\" \/>\n<meta name=\"twitter:label1\" content=\"Gesch\u00e4tzte Lesezeit\" \/>\n\t<meta name=\"twitter:data1\" content=\"2\u00a0Minuten\" \/>\n<script type=\"application\/ld+json\" class=\"yoast-schema-graph\">{\"@context\":\"https:\/\/schema.org\",\"@graph\":[{\"@type\":\"WebPage\",\"@id\":\"https:\/\/b2b.calibereurope.com\/de\/produkt\/hwc201pt-de_de\/\",\"url\":\"https:\/\/b2b.calibereurope.com\/de\/produkt\/hwc201pt-de_de\/\",\"name\":\"\u00dcberwachungskamera f\u00fcr Innenr\u00e4ume - WiFi Smart Camera - Full HD 1080P - Smart Home App - Nachtsicht (HWC201PT) - Caliber Europe B.V.\",\"isPartOf\":{\"@id\":\"https:\/\/b2b.calibereurope.com\/#website\"},\"primaryImageOfPage\":{\"@id\":\"https:\/\/b2b.calibereurope.com\/de\/produkt\/hwc201pt-de_de\/#primaryimage\"},\"image\":{\"@id\":\"https:\/\/b2b.calibereurope.com\/de\/produkt\/hwc201pt-de_de\/#primaryimage\"},\"thumbnailUrl\":\"https:\/\/b2b.calibereurope.com\/wp-content\/uploads\/2025\/10\/4cf552b6a2df68d45b120f82bdd09769447df1d8_HWC201PT_front_web.jpg\",\"datePublished\":\"2025-10-07T00:00:00+00:00\",\"dateModified\":\"2025-10-07T10:13:42+00:00\",\"breadcrumb\":{\"@id\":\"https:\/\/b2b.calibereurope.com\/de\/produkt\/hwc201pt-de_de\/#breadcrumb\"},\"inLanguage\":\"de\",\"potentialAction\":[{\"@type\":\"ReadAction\",\"target\":[\"https:\/\/b2b.calibereurope.com\/de\/produkt\/hwc201pt-de_de\/\"]}]},{\"@type\":\"ImageObject\",\"inLanguage\":\"de\",\"@id\":\"https:\/\/b2b.calibereurope.com\/de\/produkt\/hwc201pt-de_de\/#primaryimage\",\"url\":\"https:\/\/b2b.calibereurope.com\/wp-content\/uploads\/2025\/10\/4cf552b6a2df68d45b120f82bdd09769447df1d8_HWC201PT_front_web.jpg\",\"contentUrl\":\"https:\/\/b2b.calibereurope.com\/wp-content\/uploads\/2025\/10\/4cf552b6a2df68d45b120f82bdd09769447df1d8_HWC201PT_front_web.jpg\",\"width\":1024,\"height\":768},{\"@type\":\"BreadcrumbList\",\"@id\":\"https:\/\/b2b.calibereurope.com\/de\/produkt\/hwc201pt-de_de\/#breadcrumb\",\"itemListElement\":[{\"@type\":\"ListItem\",\"position\":1,\"name\":\"Home\",\"item\":\"https:\/\/b2b.calibereurope.com\/de\/\"},{\"@type\":\"ListItem\",\"position\":2,\"name\":\"Shop\",\"item\":\"https:\/\/b2b.calibereurope.com\/de\/shop\/\"},{\"@type\":\"ListItem\",\"position\":3,\"name\":\"Smart-Kamera 1080P mit Schwenk-\/Neigefunktion (HWC201PT)\"}]},{\"@type\":\"WebSite\",\"@id\":\"https:\/\/b2b.calibereurope.com\/#website\",\"url\":\"https:\/\/b2b.calibereurope.com\/\",\"name\":\"Caliber Europe B.V.\",\"description\":\"B2B Webshop\",\"publisher\":{\"@id\":\"https:\/\/b2b.calibereurope.com\/#organization\"},\"potentialAction\":[{\"@type\":\"SearchAction\",\"target\":{\"@type\":\"EntryPoint\",\"urlTemplate\":\"https:\/\/b2b.calibereurope.com\/?s={search_term_string}\"},\"query-input\":{\"@type\":\"PropertyValueSpecification\",\"valueRequired\":true,\"valueName\":\"search_term_string\"}}],\"inLanguage\":\"de\"},{\"@type\":\"Organization\",\"@id\":\"https:\/\/b2b.calibereurope.com\/#organization\",\"name\":\"Caliber Europe B.V.\",\"url\":\"https:\/\/b2b.calibereurope.com\/\",\"logo\":{\"@type\":\"ImageObject\",\"inLanguage\":\"de\",\"@id\":\"https:\/\/b2b.calibereurope.com\/#\/schema\/logo\/image\/\",\"url\":\"https:\/\/b2b.calibereurope.com\/wp-content\/uploads\/2020\/12\/Caliber_Logo-Black.png\",\"contentUrl\":\"https:\/\/b2b.calibereurope.com\/wp-content\/uploads\/2020\/12\/Caliber_Logo-Black.png\",\"width\":3157,\"height\":356,\"caption\":\"Caliber Europe B.V.\"},\"image\":{\"@id\":\"https:\/\/b2b.calibereurope.com\/#\/schema\/logo\/image\/\"}}]}<\/script>\n<!-- \/ Yoast SEO plugin. -->","yoast_head_json":{"title":"\u00dcberwachungskamera f\u00fcr Innenr\u00e4ume - WiFi Smart Camera - Full HD 1080P - Smart Home App - Nachtsicht (HWC201PT) - Caliber Europe B.V.","robots":{"index":"noindex","follow":"follow","max-snippet":"max-snippet:-1","max-image-preview":"max-image-preview:large","max-video-preview":"max-video-preview:-1"},"og_locale":"de_DE","og_type":"article","og_title":"\u00dcberwachungskamera f\u00fcr Innenr\u00e4ume - WiFi Smart Camera - Full HD 1080P - Smart Home App - Nachtsicht (HWC201PT) - Caliber Europe B.V.","og_description":"Behalten Sie mit der Caliber HWC201PT \u00dcberwachungskamera f\u00fcr Innenr\u00e4ume im Auge, was in Ihrem Haus passiert. Diese Full HD-Kamera sorgt daf\u00fcr, dass Sie jedes Detail klar erkennen k\u00f6nnen. Die intelligente Kamera kann mit der kostenlosen Smart Home App gesteuert werden. Dank der Bewegungserkennung nimmt die Innenkamera automatisch auf, wenn eine Bewegung erkannt wird. Die Bilder [&hellip;]","og_url":"https:\/\/b2b.calibereurope.com\/de\/produkt\/hwc201pt-de_de\/","og_site_name":"Caliber Europe B.V.","article_modified_time":"2025-10-07T10:13:42+00:00","og_image":[{"width":1024,"height":768,"url":"https:\/\/b2b.calibereurope.com\/wp-content\/uploads\/2021\/09\/4cf552b6a2df68d45b120f82bdd09769447df1d8_HWC201PT_front_web.jpg","type":"image\/jpeg"}],"twitter_card":"summary_large_image","twitter_misc":{"Gesch\u00e4tzte Lesezeit":"2\u00a0Minuten"},"schema":{"@context":"https:\/\/schema.org","@graph":[{"@type":"WebPage","@id":"https:\/\/b2b.calibereurope.com\/de\/produkt\/hwc201pt-de_de\/","url":"https:\/\/b2b.calibereurope.com\/de\/produkt\/hwc201pt-de_de\/","name":"\u00dcberwachungskamera f\u00fcr Innenr\u00e4ume - WiFi Smart Camera - Full HD 1080P - Smart Home App - Nachtsicht (HWC201PT) - Caliber Europe B.V.","isPartOf":{"@id":"https:\/\/b2b.calibereurope.com\/#website"},"primaryImageOfPage":{"@id":"https:\/\/b2b.calibereurope.com\/de\/produkt\/hwc201pt-de_de\/#primaryimage"},"image":{"@id":"https:\/\/b2b.calibereurope.com\/de\/produkt\/hwc201pt-de_de\/#primaryimage"},"thumbnailUrl":"https:\/\/b2b.calibereurope.com\/wp-content\/uploads\/2025\/10\/4cf552b6a2df68d45b120f82bdd09769447df1d8_HWC201PT_front_web.jpg","datePublished":"2025-10-07T00:00:00+00:00","dateModified":"2025-10-07T10:13:42+00:00","breadcrumb":{"@id":"https:\/\/b2b.calibereurope.com\/de\/produkt\/hwc201pt-de_de\/#breadcrumb"},"inLanguage":"de","potentialAction":[{"@type":"ReadAction","target":["https:\/\/b2b.calibereurope.com\/de\/produkt\/hwc201pt-de_de\/"]}]},{"@type":"ImageObject","inLanguage":"de","@id":"https:\/\/b2b.calibereurope.com\/de\/produkt\/hwc201pt-de_de\/#primaryimage","url":"https:\/\/b2b.calibereurope.com\/wp-content\/uploads\/2025\/10\/4cf552b6a2df68d45b120f82bdd09769447df1d8_HWC201PT_front_web.jpg","contentUrl":"https:\/\/b2b.calibereurope.com\/wp-content\/uploads\/2025\/10\/4cf552b6a2df68d45b120f82bdd09769447df1d8_HWC201PT_front_web.jpg","width":1024,"height":768},{"@type":"BreadcrumbList","@id":"https:\/\/b2b.calibereurope.com\/de\/produkt\/hwc201pt-de_de\/#breadcrumb","itemListElement":[{"@type":"ListItem","position":1,"name":"Home","item":"https:\/\/b2b.calibereurope.com\/de\/"},{"@type":"ListItem","position":2,"name":"Shop","item":"https:\/\/b2b.calibereurope.com\/de\/shop\/"},{"@type":"ListItem","position":3,"name":"Smart-Kamera 1080P mit Schwenk-\/Neigefunktion (HWC201PT)"}]},{"@type":"WebSite","@id":"https:\/\/b2b.calibereurope.com\/#website","url":"https:\/\/b2b.calibereurope.com\/","name":"Caliber Europe B.V.","description":"B2B Webshop","publisher":{"@id":"https:\/\/b2b.calibereurope.com\/#organization"},"potentialAction":[{"@type":"SearchAction","target":{"@type":"EntryPoint","urlTemplate":"https:\/\/b2b.calibereurope.com\/?s={search_term_string}"},"query-input":{"@type":"PropertyValueSpecification","valueRequired":true,"valueName":"search_term_string"}}],"inLanguage":"de"},{"@type":"Organization","@id":"https:\/\/b2b.calibereurope.com\/#organization","name":"Caliber Europe B.V.","url":"https:\/\/b2b.calibereurope.com\/","logo":{"@type":"ImageObject","inLanguage":"de","@id":"https:\/\/b2b.calibereurope.com\/#\/schema\/logo\/image\/","url":"https:\/\/b2b.calibereurope.com\/wp-content\/uploads\/2020\/12\/Caliber_Logo-Black.png","contentUrl":"https:\/\/b2b.calibereurope.com\/wp-content\/uploads\/2020\/12\/Caliber_Logo-Black.png","width":3157,"height":356,"caption":"Caliber Europe B.V."},"image":{"@id":"https:\/\/b2b.calibereurope.com\/#\/schema\/logo\/image\/"}}]}},"_links":{"self":[{"href":"https:\/\/b2b.calibereurope.com\/de\/wp-json\/wp\/v2\/product\/489129","targetHints":{"allow":["GET"]}}],"collection":[{"href":"https:\/\/b2b.calibereurope.com\/de\/wp-json\/wp\/v2\/product"}],"about":[{"href":"https:\/\/b2b.calibereurope.com\/de\/wp-json\/wp\/v2\/types\/product"}],"version-history":[{"count":0,"href":"https:\/\/b2b.calibereurope.com\/de\/wp-json\/wp\/v2\/product\/489129\/revisions"}],"wp:featuredmedia":[{"embeddable":true,"href":"https:\/\/b2b.calibereurope.com\/de\/wp-json\/wp\/v2\/media\/859033"}],"wp:attachment":[{"href":"https:\/\/b2b.calibereurope.com\/de\/wp-json\/wp\/v2\/media?parent=489129"}],"wp:term":[{"taxonomy":"product_brand","embeddable":true,"href":"https:\/\/b2b.calibereurope.com\/de\/wp-json\/wp\/v2\/product_brand?post=489129"},{"taxonomy":"product_cat","embeddable":true,"href":"https:\/\/b2b.calibereurope.com\/de\/wp-json\/wp\/v2\/product_cat?post=489129"},{"taxonomy":"product_tag","embeddable":true,"href":"https:\/\/b2b.calibereurope.com\/de\/wp-json\/wp\/v2\/product_tag?post=489129"}],"curies":[{"name":"wp","href":"https:\/\/api.w.org\/{rel}","templated":true}]}}