{"id":489277,"date":"2023-01-16T01:00:00","date_gmt":"2023-01-16T00:00:00","guid":{"rendered":""},"modified":"2025-10-07T12:13:52","modified_gmt":"2025-10-07T10:13:52","slug":"HWC202PT-de_DE","status":"publish","type":"product","link":"https:\/\/b2b.calibereurope.com\/de\/produkt\/HWC202PT-de_DE\/","title":{"rendered":"Innenraum-\u00dcberwachungskamera &#8211; WiFi und Smart Home App &#8211; 1080P Smart Kamera mit Nachtsicht (HWC202PT)"},"content":{"rendered":"<p>Behalten Sie Kinder und Haustiere im Auge, wenn Sie nicht zu Hause sind, mit der Caliber HWC202PT \u00dcberwachungskamera f\u00fcr Innenr\u00e4ume. Die Kamera kann ganz einfach \u00fcber <strong>WiFi <\/strong>mit der <strong>Caliber Smart Home App <\/strong>gesteuert werden, sodass Sie auf Ihrem Smartphone genau sehen k\u00f6nnen, was in Ihrem Haus vor sich geht. Dank der <strong>Nachtsichtfunktion <\/strong>k\u00f6nnen Sie auch im Dunkeln sehen, was vor sich geht. Die <strong>Bewegungserkennungsfunktion <\/strong>sorgt daf\u00fcr<strong>, <\/strong>dass Sie sofort benachrichtigt werden, wenn eine Bewegung erkannt wird. Koppeln Sie die Kamera mit anderen Smart Home Produkten, um praktische <strong>Ausl\u00f6ser <\/strong>zu setzen.<\/p>\n<p><\/p>\n<p><strong>Merkmale:<\/strong><\/p>\n<ul>\n<li>1080P \u00dcberwachungskamera<\/li>\n<li>Steuerung \u00fcber die kostenlose Caliber Smart Home App<\/li>\n<li>Vertikale und horizontale Bewegung<\/li>\n<li>Gegensprechfunktion<\/li>\n<li>Nachtsicht<\/li>\n<li>Ausl\u00f6ser f\u00fcr Szenarien<\/li>\n<li>Verbindung \u00fcber WiFi (2.4G)<\/li>\n<li>Bewegungserkennung<\/li>\n<li>230V Netz<\/li>\n<li>Hackersicher (ISO27017:2015)<\/li>\n<\/ul>\n<h3>Ideal f\u00fcr Kinder und Haustiere<\/h3>\n<p>Sie lassen Ihre Kinder oder Haustiere f\u00fcr eine Weile allein zu Hause oder gehen einen Tag lang aus? Dann k\u00f6nnen Sie dank der intelligenten Kamera beruhigt abreisen. \u00dcber die Caliber Smart Home App k\u00f6nnen Sie das Geschehen im Wohnzimmer im Auge behalten. Das ist perfekt, wenn Sie Ihre Kinder zum ersten Mal allein zu Hause lassen. Die Innenkamera verf\u00fcgt \u00fcber eine Schwenk-\/Neigefunktion. Das bedeutet, dass sich die Kamera vertikal und horizontal bewegen kann. Horizontal kann die Kamera bis zu 350 Grad und vertikal bis zu 75 Grad bewegt werden. So k\u00f6nnen Sie jede Ecke des Raumes im Auge behalten.<\/p>\n<h3>Informiert \u00fcber Bewegungen<\/h3>\n<p>Die Kamera ist mit einer Bewegungserkennung ausgestattet. Wenn die Kamera eine Bewegung erkennt, werden Sie automatisch \u00fcber die App benachrichtigt. Auf diese Weise k\u00f6nnen Sie sofort \u00fcberpr\u00fcfen, was vor sich geht. Sie k\u00f6nnen auch Ausl\u00f6ser festlegen, wenn Sie die Kamera mit anderen Smart Home Produkten verwenden. L\u00f6sen Sie zum Beispiel eine Lampe aus, wenn der Sensor eine Bewegung erkennt. Dank der Zwei-Wege-Audiofunktion wird der Ton im Raum der Kamera aufgezeichnet, aber Sie k\u00f6nnen die Kamera auch als Gegensprechanlage verwenden. So k\u00f6nnen Sie mit den Personen im Raum kommunizieren, wenn Sie selbst nicht zu Hause sind.<\/p>\n<h3>Einfach zu benutzen<\/h3>\n<p>Die \u00dcberwachungskamera ist einfach zu bedienen. Sie verbinden einfach die Kamera \u00fcber WiFi mit der App, um sofort alle Bilder zu erhalten. Alle Bilder werden \u00fcber eine sichere Verbindung \u00fcbertragen. Denn die Sicherheitskamera f\u00fcr Innenr\u00e4ume ist hackersicher und ISO27017:2015 zertifiziert. M\u00f6chten Sie Bilder aufnehmen? Mit einer 128-GB-Micro-SD-Karte werden Bilder mit Schleifenfunktion aufgezeichnet, sodass Sie immer die neuesten Aufnahmen sehen k\u00f6nnen.<\/p>\n<p><strong><br \/>&nbsp;Mitgeliefert:<\/strong><\/p>\n<ul>\n<li>Caliber HWC202PT Sicherheitskamera f\u00fcr Innenr\u00e4ume<\/li>\n<li>Kabel<\/li>\n<li>Adapter<\/li>\n<\/ul>\n","protected":false},"excerpt":{"rendered":"<p>Behalten Sie Kinder und Haustiere im Auge, wenn Sie nicht zu Hause sind, mit der Caliber HWC202PT \u00dcberwachungskamera f\u00fcr Innenr\u00e4ume. Die Kamera kann ganz einfach \u00fcber WiFi mit der Caliber Smart Home App gesteuert werden, sodass Sie auf Ihrem Smartphone genau sehen k\u00f6nnen, was in Ihrem Haus vor sich geht. Dank der Nachtsichtfunktion k\u00f6nnen Sie [&hellip;]<\/p>\n","protected":false},"featured_media":859069,"template":"","meta":{"_acf_changed":false,"site-sidebar-layout":"default","site-content-layout":"","ast-site-content-layout":"default","site-content-style":"default","site-sidebar-style":"default","ast-global-header-display":"","ast-banner-title-visibility":"","ast-main-header-display":"","ast-hfb-above-header-display":"","ast-hfb-below-header-display":"","ast-hfb-mobile-header-display":"","site-post-title":"","ast-breadcrumbs-content":"","ast-featured-img":"","footer-sml-layout":"","theme-transparent-header-meta":"","adv-header-id-meta":"","stick-header-meta":"","header-above-stick-meta":"","header-main-stick-meta":"","header-below-stick-meta":"","astra-migrate-meta-layouts":"default","ast-page-background-enabled":"default","ast-page-background-meta":{"desktop":{"background-color":"","background-image":"","background-repeat":"repeat","background-position":"center center","background-size":"auto","background-attachment":"scroll","background-type":"","background-media":"","overlay-type":"","overlay-color":"","overlay-opacity":"","overlay-gradient":""},"tablet":{"background-color":"","background-image":"","background-repeat":"repeat","background-position":"center center","background-size":"auto","background-attachment":"scroll","background-type":"","background-media":"","overlay-type":"","overlay-color":"","overlay-opacity":"","overlay-gradient":""},"mobile":{"background-color":"","background-image":"","background-repeat":"repeat","background-position":"center center","background-size":"auto","background-attachment":"scroll","background-type":"","background-media":"","overlay-type":"","overlay-color":"","overlay-opacity":"","overlay-gradient":""}},"ast-content-background-meta":{"desktop":{"background-color":"var(--ast-global-color-5)","background-image":"","background-repeat":"repeat","background-position":"center center","background-size":"auto","background-attachment":"scroll","background-type":"","background-media":"","overlay-type":"","overlay-color":"","overlay-opacity":"","overlay-gradient":""},"tablet":{"background-color":"var(--ast-global-color-5)","background-image":"","background-repeat":"repeat","background-position":"center center","background-size":"auto","background-attachment":"scroll","background-type":"","background-media":"","overlay-type":"","overlay-color":"","overlay-opacity":"","overlay-gradient":""},"mobile":{"background-color":"var(--ast-global-color-5)","background-image":"","background-repeat":"repeat","background-position":"center center","background-size":"auto","background-attachment":"scroll","background-type":"","background-media":"","overlay-type":"","overlay-color":"","overlay-opacity":"","overlay-gradient":""}}},"product_brand":[],"product_cat":[22956],"product_tag":[],"class_list":{"0":"post-489277","1":"product","2":"type-product","3":"status-publish","4":"has-post-thumbnail","6":"product_cat-keine-kategorie","7":"desktop-align-center","8":"tablet-align-center","9":"mobile-align-center","10":"ast-product-gallery-layout-horizontal","11":"ast-product-tabs-layout-horizontal","13":"first","14":"instock","15":"taxable","16":"shipping-taxable","17":"purchasable","18":"product-type-simple"},"acf":[],"yoast_head":"<!-- This site is optimized with the Yoast SEO plugin v26.5 - https:\/\/yoast.com\/wordpress\/plugins\/seo\/ -->\n<title>Innenraum-\u00dcberwachungskamera - WiFi und Smart Home App - 1080P Smart Kamera mit Nachtsicht (HWC202PT) - Caliber Europe B.V.<\/title>\n<meta name=\"robots\" content=\"noindex, follow, max-snippet:-1, max-image-preview:large, max-video-preview:-1\" \/>\n<meta property=\"og:locale\" content=\"de_DE\" \/>\n<meta property=\"og:type\" content=\"article\" \/>\n<meta property=\"og:title\" content=\"Innenraum-\u00dcberwachungskamera - WiFi und Smart Home App - 1080P Smart Kamera mit Nachtsicht (HWC202PT) - Caliber Europe B.V.\" \/>\n<meta property=\"og:description\" content=\"Behalten Sie Kinder und Haustiere im Auge, wenn Sie nicht zu Hause sind, mit der Caliber HWC202PT \u00dcberwachungskamera f\u00fcr Innenr\u00e4ume. Die Kamera kann ganz einfach \u00fcber WiFi mit der Caliber Smart Home App gesteuert werden, sodass Sie auf Ihrem Smartphone genau sehen k\u00f6nnen, was in Ihrem Haus vor sich geht. Dank der Nachtsichtfunktion k\u00f6nnen Sie [&hellip;]\" \/>\n<meta property=\"og:url\" content=\"https:\/\/b2b.calibereurope.com\/de\/produkt\/hwc202pt-de_de\/\" \/>\n<meta property=\"og:site_name\" content=\"Caliber Europe B.V.\" \/>\n<meta property=\"article:modified_time\" content=\"2025-10-07T10:13:52+00:00\" \/>\n<meta property=\"og:image\" content=\"https:\/\/b2b.calibereurope.com\/wp-content\/uploads\/2021\/09\/6d919782a0e428bf3bf2ecdecd30457f6a80c818_HWC202PT_front_web.jpg\" \/>\n\t<meta property=\"og:image:width\" content=\"1024\" \/>\n\t<meta property=\"og:image:height\" content=\"768\" \/>\n\t<meta property=\"og:image:type\" content=\"image\/jpeg\" \/>\n<meta name=\"twitter:card\" content=\"summary_large_image\" \/>\n<meta name=\"twitter:label1\" content=\"Gesch\u00e4tzte Lesezeit\" \/>\n\t<meta name=\"twitter:data1\" content=\"2\u00a0Minuten\" \/>\n<script type=\"application\/ld+json\" class=\"yoast-schema-graph\">{\"@context\":\"https:\/\/schema.org\",\"@graph\":[{\"@type\":\"WebPage\",\"@id\":\"https:\/\/b2b.calibereurope.com\/de\/produkt\/hwc202pt-de_de\/\",\"url\":\"https:\/\/b2b.calibereurope.com\/de\/produkt\/hwc202pt-de_de\/\",\"name\":\"Innenraum-\u00dcberwachungskamera - WiFi und Smart Home App - 1080P Smart Kamera mit Nachtsicht (HWC202PT) - Caliber Europe B.V.\",\"isPartOf\":{\"@id\":\"https:\/\/b2b.calibereurope.com\/#website\"},\"primaryImageOfPage\":{\"@id\":\"https:\/\/b2b.calibereurope.com\/de\/produkt\/hwc202pt-de_de\/#primaryimage\"},\"image\":{\"@id\":\"https:\/\/b2b.calibereurope.com\/de\/produkt\/hwc202pt-de_de\/#primaryimage\"},\"thumbnailUrl\":\"https:\/\/b2b.calibereurope.com\/wp-content\/uploads\/2025\/10\/6d919782a0e428bf3bf2ecdecd30457f6a80c818_HWC202PT_front_web.jpg\",\"datePublished\":\"2023-01-16T00:00:00+00:00\",\"dateModified\":\"2025-10-07T10:13:52+00:00\",\"breadcrumb\":{\"@id\":\"https:\/\/b2b.calibereurope.com\/de\/produkt\/hwc202pt-de_de\/#breadcrumb\"},\"inLanguage\":\"de\",\"potentialAction\":[{\"@type\":\"ReadAction\",\"target\":[\"https:\/\/b2b.calibereurope.com\/de\/produkt\/hwc202pt-de_de\/\"]}]},{\"@type\":\"ImageObject\",\"inLanguage\":\"de\",\"@id\":\"https:\/\/b2b.calibereurope.com\/de\/produkt\/hwc202pt-de_de\/#primaryimage\",\"url\":\"https:\/\/b2b.calibereurope.com\/wp-content\/uploads\/2025\/10\/6d919782a0e428bf3bf2ecdecd30457f6a80c818_HWC202PT_front_web.jpg\",\"contentUrl\":\"https:\/\/b2b.calibereurope.com\/wp-content\/uploads\/2025\/10\/6d919782a0e428bf3bf2ecdecd30457f6a80c818_HWC202PT_front_web.jpg\",\"width\":1024,\"height\":768},{\"@type\":\"BreadcrumbList\",\"@id\":\"https:\/\/b2b.calibereurope.com\/de\/produkt\/hwc202pt-de_de\/#breadcrumb\",\"itemListElement\":[{\"@type\":\"ListItem\",\"position\":1,\"name\":\"Home\",\"item\":\"https:\/\/b2b.calibereurope.com\/de\/\"},{\"@type\":\"ListItem\",\"position\":2,\"name\":\"Shop\",\"item\":\"https:\/\/b2b.calibereurope.com\/de\/shop\/\"},{\"@type\":\"ListItem\",\"position\":3,\"name\":\"Smart-Kamera 1080P mit Schwenk-\/Neigefunktion (HWC202PT)\"}]},{\"@type\":\"WebSite\",\"@id\":\"https:\/\/b2b.calibereurope.com\/#website\",\"url\":\"https:\/\/b2b.calibereurope.com\/\",\"name\":\"Caliber Europe B.V.\",\"description\":\"B2B Webshop\",\"publisher\":{\"@id\":\"https:\/\/b2b.calibereurope.com\/#organization\"},\"potentialAction\":[{\"@type\":\"SearchAction\",\"target\":{\"@type\":\"EntryPoint\",\"urlTemplate\":\"https:\/\/b2b.calibereurope.com\/?s={search_term_string}\"},\"query-input\":{\"@type\":\"PropertyValueSpecification\",\"valueRequired\":true,\"valueName\":\"search_term_string\"}}],\"inLanguage\":\"de\"},{\"@type\":\"Organization\",\"@id\":\"https:\/\/b2b.calibereurope.com\/#organization\",\"name\":\"Caliber Europe B.V.\",\"url\":\"https:\/\/b2b.calibereurope.com\/\",\"logo\":{\"@type\":\"ImageObject\",\"inLanguage\":\"de\",\"@id\":\"https:\/\/b2b.calibereurope.com\/#\/schema\/logo\/image\/\",\"url\":\"https:\/\/b2b.calibereurope.com\/wp-content\/uploads\/2020\/12\/Caliber_Logo-Black.png\",\"contentUrl\":\"https:\/\/b2b.calibereurope.com\/wp-content\/uploads\/2020\/12\/Caliber_Logo-Black.png\",\"width\":3157,\"height\":356,\"caption\":\"Caliber Europe B.V.\"},\"image\":{\"@id\":\"https:\/\/b2b.calibereurope.com\/#\/schema\/logo\/image\/\"}}]}<\/script>\n<!-- \/ Yoast SEO plugin. -->","yoast_head_json":{"title":"Innenraum-\u00dcberwachungskamera - WiFi und Smart Home App - 1080P Smart Kamera mit Nachtsicht (HWC202PT) - Caliber Europe B.V.","robots":{"index":"noindex","follow":"follow","max-snippet":"max-snippet:-1","max-image-preview":"max-image-preview:large","max-video-preview":"max-video-preview:-1"},"og_locale":"de_DE","og_type":"article","og_title":"Innenraum-\u00dcberwachungskamera - WiFi und Smart Home App - 1080P Smart Kamera mit Nachtsicht (HWC202PT) - Caliber Europe B.V.","og_description":"Behalten Sie Kinder und Haustiere im Auge, wenn Sie nicht zu Hause sind, mit der Caliber HWC202PT \u00dcberwachungskamera f\u00fcr Innenr\u00e4ume. Die Kamera kann ganz einfach \u00fcber WiFi mit der Caliber Smart Home App gesteuert werden, sodass Sie auf Ihrem Smartphone genau sehen k\u00f6nnen, was in Ihrem Haus vor sich geht. Dank der Nachtsichtfunktion k\u00f6nnen Sie [&hellip;]","og_url":"https:\/\/b2b.calibereurope.com\/de\/produkt\/hwc202pt-de_de\/","og_site_name":"Caliber Europe B.V.","article_modified_time":"2025-10-07T10:13:52+00:00","og_image":[{"width":1024,"height":768,"url":"https:\/\/b2b.calibereurope.com\/wp-content\/uploads\/2021\/09\/6d919782a0e428bf3bf2ecdecd30457f6a80c818_HWC202PT_front_web.jpg","type":"image\/jpeg"}],"twitter_card":"summary_large_image","twitter_misc":{"Gesch\u00e4tzte Lesezeit":"2\u00a0Minuten"},"schema":{"@context":"https:\/\/schema.org","@graph":[{"@type":"WebPage","@id":"https:\/\/b2b.calibereurope.com\/de\/produkt\/hwc202pt-de_de\/","url":"https:\/\/b2b.calibereurope.com\/de\/produkt\/hwc202pt-de_de\/","name":"Innenraum-\u00dcberwachungskamera - WiFi und Smart Home App - 1080P Smart Kamera mit Nachtsicht (HWC202PT) - Caliber Europe B.V.","isPartOf":{"@id":"https:\/\/b2b.calibereurope.com\/#website"},"primaryImageOfPage":{"@id":"https:\/\/b2b.calibereurope.com\/de\/produkt\/hwc202pt-de_de\/#primaryimage"},"image":{"@id":"https:\/\/b2b.calibereurope.com\/de\/produkt\/hwc202pt-de_de\/#primaryimage"},"thumbnailUrl":"https:\/\/b2b.calibereurope.com\/wp-content\/uploads\/2025\/10\/6d919782a0e428bf3bf2ecdecd30457f6a80c818_HWC202PT_front_web.jpg","datePublished":"2023-01-16T00:00:00+00:00","dateModified":"2025-10-07T10:13:52+00:00","breadcrumb":{"@id":"https:\/\/b2b.calibereurope.com\/de\/produkt\/hwc202pt-de_de\/#breadcrumb"},"inLanguage":"de","potentialAction":[{"@type":"ReadAction","target":["https:\/\/b2b.calibereurope.com\/de\/produkt\/hwc202pt-de_de\/"]}]},{"@type":"ImageObject","inLanguage":"de","@id":"https:\/\/b2b.calibereurope.com\/de\/produkt\/hwc202pt-de_de\/#primaryimage","url":"https:\/\/b2b.calibereurope.com\/wp-content\/uploads\/2025\/10\/6d919782a0e428bf3bf2ecdecd30457f6a80c818_HWC202PT_front_web.jpg","contentUrl":"https:\/\/b2b.calibereurope.com\/wp-content\/uploads\/2025\/10\/6d919782a0e428bf3bf2ecdecd30457f6a80c818_HWC202PT_front_web.jpg","width":1024,"height":768},{"@type":"BreadcrumbList","@id":"https:\/\/b2b.calibereurope.com\/de\/produkt\/hwc202pt-de_de\/#breadcrumb","itemListElement":[{"@type":"ListItem","position":1,"name":"Home","item":"https:\/\/b2b.calibereurope.com\/de\/"},{"@type":"ListItem","position":2,"name":"Shop","item":"https:\/\/b2b.calibereurope.com\/de\/shop\/"},{"@type":"ListItem","position":3,"name":"Smart-Kamera 1080P mit Schwenk-\/Neigefunktion (HWC202PT)"}]},{"@type":"WebSite","@id":"https:\/\/b2b.calibereurope.com\/#website","url":"https:\/\/b2b.calibereurope.com\/","name":"Caliber Europe B.V.","description":"B2B Webshop","publisher":{"@id":"https:\/\/b2b.calibereurope.com\/#organization"},"potentialAction":[{"@type":"SearchAction","target":{"@type":"EntryPoint","urlTemplate":"https:\/\/b2b.calibereurope.com\/?s={search_term_string}"},"query-input":{"@type":"PropertyValueSpecification","valueRequired":true,"valueName":"search_term_string"}}],"inLanguage":"de"},{"@type":"Organization","@id":"https:\/\/b2b.calibereurope.com\/#organization","name":"Caliber Europe B.V.","url":"https:\/\/b2b.calibereurope.com\/","logo":{"@type":"ImageObject","inLanguage":"de","@id":"https:\/\/b2b.calibereurope.com\/#\/schema\/logo\/image\/","url":"https:\/\/b2b.calibereurope.com\/wp-content\/uploads\/2020\/12\/Caliber_Logo-Black.png","contentUrl":"https:\/\/b2b.calibereurope.com\/wp-content\/uploads\/2020\/12\/Caliber_Logo-Black.png","width":3157,"height":356,"caption":"Caliber Europe B.V."},"image":{"@id":"https:\/\/b2b.calibereurope.com\/#\/schema\/logo\/image\/"}}]}},"_links":{"self":[{"href":"https:\/\/b2b.calibereurope.com\/de\/wp-json\/wp\/v2\/product\/489277","targetHints":{"allow":["GET"]}}],"collection":[{"href":"https:\/\/b2b.calibereurope.com\/de\/wp-json\/wp\/v2\/product"}],"about":[{"href":"https:\/\/b2b.calibereurope.com\/de\/wp-json\/wp\/v2\/types\/product"}],"version-history":[{"count":0,"href":"https:\/\/b2b.calibereurope.com\/de\/wp-json\/wp\/v2\/product\/489277\/revisions"}],"wp:featuredmedia":[{"embeddable":true,"href":"https:\/\/b2b.calibereurope.com\/de\/wp-json\/wp\/v2\/media\/859069"}],"wp:attachment":[{"href":"https:\/\/b2b.calibereurope.com\/de\/wp-json\/wp\/v2\/media?parent=489277"}],"wp:term":[{"taxonomy":"product_brand","embeddable":true,"href":"https:\/\/b2b.calibereurope.com\/de\/wp-json\/wp\/v2\/product_brand?post=489277"},{"taxonomy":"product_cat","embeddable":true,"href":"https:\/\/b2b.calibereurope.com\/de\/wp-json\/wp\/v2\/product_cat?post=489277"},{"taxonomy":"product_tag","embeddable":true,"href":"https:\/\/b2b.calibereurope.com\/de\/wp-json\/wp\/v2\/product_tag?post=489277"}],"curies":[{"name":"wp","href":"https:\/\/api.w.org\/{rel}","templated":true}]}}