{"id":489361,"date":"2023-11-28T01:00:00","date_gmt":"2023-11-28T00:00:00","guid":{"rendered":""},"modified":"2024-07-12T12:46:21","modified_gmt":"2024-07-12T10:46:21","slug":"HWC401-de_DE","status":"publish","type":"product","link":"https:\/\/b2b.calibereurope.com\/de\/produkt\/HWC401-de_DE\/","title":{"rendered":"\u00dcberwachungskamera f\u00fcr au\u00dfen &#8211; Nachtansicht &#8211; WiFi oder Kabel &#8211; mit Smart Home App &#8211; wasserdicht (HWC401)"},"content":{"rendered":"<p> Einbr\u00fcche verhindern und ein sicheres Gef\u00fchl mit der \u00dcberwachungskamera des Calibers HWC401 f\u00fcr au\u00dfen schaffen. Die <strong> Full HD -Kamera <\/strong> ist mit <strong> Bewegungserkennung <\/strong> ausgestattet, sodass Sie eine Botschaft im Smart Home App <\/strong> in der <strong> -Caliber erhalten, wenn sie au\u00dferhalb der Bewegung erkannt wird . Auch nachts und bei schlechtem Wetter haben Sie Zugang zu Rasiermesser -Sharp und klaren Bildern. Die Outdoor -Kamera verf\u00fcgt \u00fcber <strong> Nachtansicht von bis zu 30 Metern <\/strong> und ist <strong> wasserfest <\/strong>. Alle Bilder werden \u00fcber <strong> WiFi <\/strong> <strong> sicher <\/strong> an Ihr Smartphone gesendet. Die Kamera ist <strong> hackerproof <\/strong>, so dass visuelles Material gut erhalten bleibt. <\/p>\n<p> <strong> Eigenschaften: <\/strong> <\/p>\n<ul>\n<li> Kamera f\u00fcr drahtlose Full HD (1080p)\n<li> Betrieb \u00fcber kostenlose Smart Home -App KOSTENLOSE Caliber <App <App < Li> wasserfest (IP66)\n<li> Nachtansicht bis zu 30 Meter\n<li> eingebauter IR-Cut-Filter\n<li> Verbindung \u00fcber WLAN (2,4 g) oder Verkabelung\n<li> 8 GB interner Speicher \u00fcber Micro SD\n<li > Metallgeh\u00e4use f\u00fcr die Montage im Freien\n<li> Bewegungserkennung\n<li> Hackerproof (ISO27017: 2015) <\/li>\n<\/ul>\n<h3> Behalten Sie alles im Auge <\/H3> <\/p>\n<p> Die \u00dcberwachungskamera f\u00fcr Au\u00dfen mit Bewegungserkennung. Damit registriert sich die Kamera und sendet eine Benachrichtigung sofort an Ihr Telefon zu diesem Zeitpunkt. Auf diese Weise k\u00f6nnen Sie sehen, was live passiert. Dank der Schleifenaufzeichnung werden Bilder auf der SD-Karte gespeichert, sodass Sie immer die neuesten Bilder sehen k\u00f6nnen. Sie k\u00f6nnen die Outdoor -Kamera auch mit WLAN und App in Kombination mit anderen Smart -Home -Produkten mit Caliber verwenden. Stellen Sie beispielsweise einen Ausl\u00f6ser fest, damit die Lampe automatisch starten kann, wenn die Bewegung registriert ist. <\/p>\n<h3> gegen schlechtes Wetter best\u00e4ndig <\/h3>\n<p> Die Outdoor -Kamera ist ideal, um den Bereich au\u00dferhalb Ihres Hauses im Auge zu behalten. Selbst bei schlechtem Wetter hat diese Kamera kein Problem damit, Qualit\u00e4t zu liefern. Das Geh\u00e4use besteht aus starkem Metall, das vollst\u00e4ndig wasserresistent ist. Dar\u00fcber hinaus ist die Kamera dank der starken Metallkugelverbindung vollst\u00e4ndig verstellbar. Die \u00dcberwachungskamera liefert auch nachts eine perfekte Sicht. Sie haben eine Nachtansicht bis zu 30 Meter. Der eingebaute IR-Cut-Filter bietet noch bessere Sichtweise im Dunkeln und verhindert Farbguss. <\/p>\n<h3> Einfach zu verbinden <\/h3>\n<p> Die Outdoor -Kamera kann drahtlos mit WLAN verwendet werden. Die Installation ist daher sehr einfach. Dank der WLAN -Verbindung werden Bilder der \u00dcberwachungskamera sofort drahtlos an die Smart Home -App gesendet. Die Verbindung ist hackerproof, sodass Sie sich keine Sorgen um Sicherheit machen m\u00fcssen. <\/p>\n<p> <strong> <br \/> enthalten: <\/strong> <\/p>\n<ul>\n<li> Caliber HWC401 \u00dcberwachungskamera f\u00fcr \u00e4u\u00dfere\n<li> Adapter <Lore -Kabel \n<br \/>\n","protected":false},"excerpt":{"rendered":"<p>Einbr\u00fcche verhindern und ein sicheres Gef\u00fchl mit der \u00dcberwachungskamera des Calibers HWC401 f\u00fcr au\u00dfen schaffen. Die Full HD -Kamera ist mit Bewegungserkennung ausgestattet, sodass Sie eine Botschaft im Smart Home App in der -Caliber erhalten, wenn sie au\u00dferhalb der Bewegung erkannt wird . Auch nachts und bei schlechtem Wetter haben Sie Zugang zu Rasiermesser -Sharp [&hellip;]<\/p>\n","protected":false},"featured_media":839419,"template":"","meta":{"_acf_changed":false,"site-sidebar-layout":"default","site-content-layout":"","ast-site-content-layout":"default","site-content-style":"default","site-sidebar-style":"default","ast-global-header-display":"","ast-banner-title-visibility":"","ast-main-header-display":"","ast-hfb-above-header-display":"","ast-hfb-below-header-display":"","ast-hfb-mobile-header-display":"","site-post-title":"","ast-breadcrumbs-content":"","ast-featured-img":"","footer-sml-layout":"","theme-transparent-header-meta":"","adv-header-id-meta":"","stick-header-meta":"","header-above-stick-meta":"","header-main-stick-meta":"","header-below-stick-meta":"","astra-migrate-meta-layouts":"default","ast-page-background-enabled":"default","ast-page-background-meta":{"desktop":{"background-color":"","background-image":"","background-repeat":"repeat","background-position":"center center","background-size":"auto","background-attachment":"scroll","background-type":"","background-media":"","overlay-type":"","overlay-color":"","overlay-opacity":"","overlay-gradient":""},"tablet":{"background-color":"","background-image":"","background-repeat":"repeat","background-position":"center center","background-size":"auto","background-attachment":"scroll","background-type":"","background-media":"","overlay-type":"","overlay-color":"","overlay-opacity":"","overlay-gradient":""},"mobile":{"background-color":"","background-image":"","background-repeat":"repeat","background-position":"center center","background-size":"auto","background-attachment":"scroll","background-type":"","background-media":"","overlay-type":"","overlay-color":"","overlay-opacity":"","overlay-gradient":""}},"ast-content-background-meta":{"desktop":{"background-color":"var(--ast-global-color-5)","background-image":"","background-repeat":"repeat","background-position":"center center","background-size":"auto","background-attachment":"scroll","background-type":"","background-media":"","overlay-type":"","overlay-color":"","overlay-opacity":"","overlay-gradient":""},"tablet":{"background-color":"var(--ast-global-color-5)","background-image":"","background-repeat":"repeat","background-position":"center center","background-size":"auto","background-attachment":"scroll","background-type":"","background-media":"","overlay-type":"","overlay-color":"","overlay-opacity":"","overlay-gradient":""},"mobile":{"background-color":"var(--ast-global-color-5)","background-image":"","background-repeat":"repeat","background-position":"center center","background-size":"auto","background-attachment":"scroll","background-type":"","background-media":"","overlay-type":"","overlay-color":"","overlay-opacity":"","overlay-gradient":""}}},"product_brand":[],"product_cat":[22956],"product_tag":[],"class_list":{"0":"post-489361","1":"product","2":"type-product","3":"status-publish","4":"has-post-thumbnail","6":"product_cat-keine-kategorie","7":"desktop-align-center","8":"tablet-align-center","9":"mobile-align-center","10":"ast-product-gallery-layout-horizontal","11":"ast-product-tabs-layout-horizontal","13":"first","14":"instock","15":"taxable","16":"shipping-taxable","17":"purchasable","18":"product-type-simple"},"acf":[],"yoast_head":"<!-- This site is optimized with the Yoast SEO plugin v26.5 - https:\/\/yoast.com\/wordpress\/plugins\/seo\/ -->\n<title>\u00dcberwachungskamera f\u00fcr au\u00dfen - Nachtansicht - WiFi oder Kabel - mit Smart Home App - wasserdicht (HWC401) - Caliber Europe B.V.<\/title>\n<meta name=\"robots\" content=\"noindex, follow, max-snippet:-1, max-image-preview:large, max-video-preview:-1\" \/>\n<meta property=\"og:locale\" content=\"de_DE\" \/>\n<meta property=\"og:type\" content=\"article\" \/>\n<meta property=\"og:title\" content=\"\u00dcberwachungskamera f\u00fcr au\u00dfen - Nachtansicht - WiFi oder Kabel - mit Smart Home App - wasserdicht (HWC401) - Caliber Europe B.V.\" \/>\n<meta property=\"og:description\" content=\"Einbr\u00fcche verhindern und ein sicheres Gef\u00fchl mit der \u00dcberwachungskamera des Calibers HWC401 f\u00fcr au\u00dfen schaffen. Die Full HD -Kamera ist mit Bewegungserkennung ausgestattet, sodass Sie eine Botschaft im Smart Home App in der -Caliber erhalten, wenn sie au\u00dferhalb der Bewegung erkannt wird . Auch nachts und bei schlechtem Wetter haben Sie Zugang zu Rasiermesser -Sharp [&hellip;]\" \/>\n<meta property=\"og:url\" content=\"https:\/\/b2b.calibereurope.com\/de\/produkt\/hwc401-de_de\/\" \/>\n<meta property=\"og:site_name\" content=\"Caliber Europe B.V.\" \/>\n<meta property=\"article:modified_time\" content=\"2024-07-12T10:46:21+00:00\" \/>\n<meta property=\"og:image\" content=\"https:\/\/b2b.calibereurope.com\/wp-content\/uploads\/2021\/09\/7f1c6db16af36f0bcd461b40c9c4f47cb4aade42_HWC401_wall_web.jpg\" \/>\n\t<meta property=\"og:image:width\" content=\"1024\" \/>\n\t<meta property=\"og:image:height\" content=\"768\" \/>\n\t<meta property=\"og:image:type\" content=\"image\/jpeg\" \/>\n<meta name=\"twitter:card\" content=\"summary_large_image\" \/>\n<meta name=\"twitter:label1\" content=\"Gesch\u00e4tzte Lesezeit\" \/>\n\t<meta name=\"twitter:data1\" content=\"1\u00a0Minute\" \/>\n<script type=\"application\/ld+json\" class=\"yoast-schema-graph\">{\"@context\":\"https:\/\/schema.org\",\"@graph\":[{\"@type\":\"WebPage\",\"@id\":\"https:\/\/b2b.calibereurope.com\/de\/produkt\/hwc401-de_de\/\",\"url\":\"https:\/\/b2b.calibereurope.com\/de\/produkt\/hwc401-de_de\/\",\"name\":\"\u00dcberwachungskamera f\u00fcr au\u00dfen - Nachtansicht - WiFi oder Kabel - mit Smart Home App - wasserdicht (HWC401) - Caliber Europe B.V.\",\"isPartOf\":{\"@id\":\"https:\/\/b2b.calibereurope.com\/#website\"},\"primaryImageOfPage\":{\"@id\":\"https:\/\/b2b.calibereurope.com\/de\/produkt\/hwc401-de_de\/#primaryimage\"},\"image\":{\"@id\":\"https:\/\/b2b.calibereurope.com\/de\/produkt\/hwc401-de_de\/#primaryimage\"},\"thumbnailUrl\":\"https:\/\/b2b.calibereurope.com\/wp-content\/uploads\/2023\/11\/7f1c6db16af36f0bcd461b40c9c4f47cb4aade42_HWC401_wall_web.jpg\",\"datePublished\":\"2023-11-28T00:00:00+00:00\",\"dateModified\":\"2024-07-12T10:46:21+00:00\",\"breadcrumb\":{\"@id\":\"https:\/\/b2b.calibereurope.com\/de\/produkt\/hwc401-de_de\/#breadcrumb\"},\"inLanguage\":\"de\",\"potentialAction\":[{\"@type\":\"ReadAction\",\"target\":[\"https:\/\/b2b.calibereurope.com\/de\/produkt\/hwc401-de_de\/\"]}]},{\"@type\":\"ImageObject\",\"inLanguage\":\"de\",\"@id\":\"https:\/\/b2b.calibereurope.com\/de\/produkt\/hwc401-de_de\/#primaryimage\",\"url\":\"https:\/\/b2b.calibereurope.com\/wp-content\/uploads\/2023\/11\/7f1c6db16af36f0bcd461b40c9c4f47cb4aade42_HWC401_wall_web.jpg\",\"contentUrl\":\"https:\/\/b2b.calibereurope.com\/wp-content\/uploads\/2023\/11\/7f1c6db16af36f0bcd461b40c9c4f47cb4aade42_HWC401_wall_web.jpg\",\"width\":1024,\"height\":768},{\"@type\":\"BreadcrumbList\",\"@id\":\"https:\/\/b2b.calibereurope.com\/de\/produkt\/hwc401-de_de\/#breadcrumb\",\"itemListElement\":[{\"@type\":\"ListItem\",\"position\":1,\"name\":\"Home\",\"item\":\"https:\/\/b2b.calibereurope.com\/de\/\"},{\"@type\":\"ListItem\",\"position\":2,\"name\":\"Shop\",\"item\":\"https:\/\/b2b.calibereurope.com\/de\/shop\/\"},{\"@type\":\"ListItem\",\"position\":3,\"name\":\"Intelligente Au\u00dfenkamera 1080P mit Bewegungserkennung (HWC401)\"}]},{\"@type\":\"WebSite\",\"@id\":\"https:\/\/b2b.calibereurope.com\/#website\",\"url\":\"https:\/\/b2b.calibereurope.com\/\",\"name\":\"Caliber Europe B.V.\",\"description\":\"B2B Webshop\",\"publisher\":{\"@id\":\"https:\/\/b2b.calibereurope.com\/#organization\"},\"potentialAction\":[{\"@type\":\"SearchAction\",\"target\":{\"@type\":\"EntryPoint\",\"urlTemplate\":\"https:\/\/b2b.calibereurope.com\/?s={search_term_string}\"},\"query-input\":{\"@type\":\"PropertyValueSpecification\",\"valueRequired\":true,\"valueName\":\"search_term_string\"}}],\"inLanguage\":\"de\"},{\"@type\":\"Organization\",\"@id\":\"https:\/\/b2b.calibereurope.com\/#organization\",\"name\":\"Caliber Europe B.V.\",\"url\":\"https:\/\/b2b.calibereurope.com\/\",\"logo\":{\"@type\":\"ImageObject\",\"inLanguage\":\"de\",\"@id\":\"https:\/\/b2b.calibereurope.com\/#\/schema\/logo\/image\/\",\"url\":\"https:\/\/b2b.calibereurope.com\/wp-content\/uploads\/2020\/12\/Caliber_Logo-Black.png\",\"contentUrl\":\"https:\/\/b2b.calibereurope.com\/wp-content\/uploads\/2020\/12\/Caliber_Logo-Black.png\",\"width\":3157,\"height\":356,\"caption\":\"Caliber Europe B.V.\"},\"image\":{\"@id\":\"https:\/\/b2b.calibereurope.com\/#\/schema\/logo\/image\/\"}}]}<\/script>\n<!-- \/ Yoast SEO plugin. -->","yoast_head_json":{"title":"\u00dcberwachungskamera f\u00fcr au\u00dfen - Nachtansicht - WiFi oder Kabel - mit Smart Home App - wasserdicht (HWC401) - Caliber Europe B.V.","robots":{"index":"noindex","follow":"follow","max-snippet":"max-snippet:-1","max-image-preview":"max-image-preview:large","max-video-preview":"max-video-preview:-1"},"og_locale":"de_DE","og_type":"article","og_title":"\u00dcberwachungskamera f\u00fcr au\u00dfen - Nachtansicht - WiFi oder Kabel - mit Smart Home App - wasserdicht (HWC401) - Caliber Europe B.V.","og_description":"Einbr\u00fcche verhindern und ein sicheres Gef\u00fchl mit der \u00dcberwachungskamera des Calibers HWC401 f\u00fcr au\u00dfen schaffen. Die Full HD -Kamera ist mit Bewegungserkennung ausgestattet, sodass Sie eine Botschaft im Smart Home App in der -Caliber erhalten, wenn sie au\u00dferhalb der Bewegung erkannt wird . Auch nachts und bei schlechtem Wetter haben Sie Zugang zu Rasiermesser -Sharp [&hellip;]","og_url":"https:\/\/b2b.calibereurope.com\/de\/produkt\/hwc401-de_de\/","og_site_name":"Caliber Europe B.V.","article_modified_time":"2024-07-12T10:46:21+00:00","og_image":[{"width":1024,"height":768,"url":"https:\/\/b2b.calibereurope.com\/wp-content\/uploads\/2021\/09\/7f1c6db16af36f0bcd461b40c9c4f47cb4aade42_HWC401_wall_web.jpg","type":"image\/jpeg"}],"twitter_card":"summary_large_image","twitter_misc":{"Gesch\u00e4tzte Lesezeit":"1\u00a0Minute"},"schema":{"@context":"https:\/\/schema.org","@graph":[{"@type":"WebPage","@id":"https:\/\/b2b.calibereurope.com\/de\/produkt\/hwc401-de_de\/","url":"https:\/\/b2b.calibereurope.com\/de\/produkt\/hwc401-de_de\/","name":"\u00dcberwachungskamera f\u00fcr au\u00dfen - Nachtansicht - WiFi oder Kabel - mit Smart Home App - wasserdicht (HWC401) - Caliber Europe B.V.","isPartOf":{"@id":"https:\/\/b2b.calibereurope.com\/#website"},"primaryImageOfPage":{"@id":"https:\/\/b2b.calibereurope.com\/de\/produkt\/hwc401-de_de\/#primaryimage"},"image":{"@id":"https:\/\/b2b.calibereurope.com\/de\/produkt\/hwc401-de_de\/#primaryimage"},"thumbnailUrl":"https:\/\/b2b.calibereurope.com\/wp-content\/uploads\/2023\/11\/7f1c6db16af36f0bcd461b40c9c4f47cb4aade42_HWC401_wall_web.jpg","datePublished":"2023-11-28T00:00:00+00:00","dateModified":"2024-07-12T10:46:21+00:00","breadcrumb":{"@id":"https:\/\/b2b.calibereurope.com\/de\/produkt\/hwc401-de_de\/#breadcrumb"},"inLanguage":"de","potentialAction":[{"@type":"ReadAction","target":["https:\/\/b2b.calibereurope.com\/de\/produkt\/hwc401-de_de\/"]}]},{"@type":"ImageObject","inLanguage":"de","@id":"https:\/\/b2b.calibereurope.com\/de\/produkt\/hwc401-de_de\/#primaryimage","url":"https:\/\/b2b.calibereurope.com\/wp-content\/uploads\/2023\/11\/7f1c6db16af36f0bcd461b40c9c4f47cb4aade42_HWC401_wall_web.jpg","contentUrl":"https:\/\/b2b.calibereurope.com\/wp-content\/uploads\/2023\/11\/7f1c6db16af36f0bcd461b40c9c4f47cb4aade42_HWC401_wall_web.jpg","width":1024,"height":768},{"@type":"BreadcrumbList","@id":"https:\/\/b2b.calibereurope.com\/de\/produkt\/hwc401-de_de\/#breadcrumb","itemListElement":[{"@type":"ListItem","position":1,"name":"Home","item":"https:\/\/b2b.calibereurope.com\/de\/"},{"@type":"ListItem","position":2,"name":"Shop","item":"https:\/\/b2b.calibereurope.com\/de\/shop\/"},{"@type":"ListItem","position":3,"name":"Intelligente Au\u00dfenkamera 1080P mit Bewegungserkennung (HWC401)"}]},{"@type":"WebSite","@id":"https:\/\/b2b.calibereurope.com\/#website","url":"https:\/\/b2b.calibereurope.com\/","name":"Caliber Europe B.V.","description":"B2B Webshop","publisher":{"@id":"https:\/\/b2b.calibereurope.com\/#organization"},"potentialAction":[{"@type":"SearchAction","target":{"@type":"EntryPoint","urlTemplate":"https:\/\/b2b.calibereurope.com\/?s={search_term_string}"},"query-input":{"@type":"PropertyValueSpecification","valueRequired":true,"valueName":"search_term_string"}}],"inLanguage":"de"},{"@type":"Organization","@id":"https:\/\/b2b.calibereurope.com\/#organization","name":"Caliber Europe B.V.","url":"https:\/\/b2b.calibereurope.com\/","logo":{"@type":"ImageObject","inLanguage":"de","@id":"https:\/\/b2b.calibereurope.com\/#\/schema\/logo\/image\/","url":"https:\/\/b2b.calibereurope.com\/wp-content\/uploads\/2020\/12\/Caliber_Logo-Black.png","contentUrl":"https:\/\/b2b.calibereurope.com\/wp-content\/uploads\/2020\/12\/Caliber_Logo-Black.png","width":3157,"height":356,"caption":"Caliber Europe B.V."},"image":{"@id":"https:\/\/b2b.calibereurope.com\/#\/schema\/logo\/image\/"}}]}},"_links":{"self":[{"href":"https:\/\/b2b.calibereurope.com\/de\/wp-json\/wp\/v2\/product\/489361","targetHints":{"allow":["GET"]}}],"collection":[{"href":"https:\/\/b2b.calibereurope.com\/de\/wp-json\/wp\/v2\/product"}],"about":[{"href":"https:\/\/b2b.calibereurope.com\/de\/wp-json\/wp\/v2\/types\/product"}],"version-history":[{"count":0,"href":"https:\/\/b2b.calibereurope.com\/de\/wp-json\/wp\/v2\/product\/489361\/revisions"}],"wp:featuredmedia":[{"embeddable":true,"href":"https:\/\/b2b.calibereurope.com\/de\/wp-json\/wp\/v2\/media\/839419"}],"wp:attachment":[{"href":"https:\/\/b2b.calibereurope.com\/de\/wp-json\/wp\/v2\/media?parent=489361"}],"wp:term":[{"taxonomy":"product_brand","embeddable":true,"href":"https:\/\/b2b.calibereurope.com\/de\/wp-json\/wp\/v2\/product_brand?post=489361"},{"taxonomy":"product_cat","embeddable":true,"href":"https:\/\/b2b.calibereurope.com\/de\/wp-json\/wp\/v2\/product_cat?post=489361"},{"taxonomy":"product_tag","embeddable":true,"href":"https:\/\/b2b.calibereurope.com\/de\/wp-json\/wp\/v2\/product_tag?post=489361"}],"curies":[{"name":"wp","href":"https:\/\/api.w.org\/{rel}","templated":true}]}}