{"id":489445,"date":"2024-02-05T01:00:00","date_gmt":"2024-02-05T00:00:00","guid":{"rendered":""},"modified":"2024-12-27T00:33:36","modified_gmt":"2024-12-26T23:33:36","slug":"hpg324bt-de_de","status":"publish","type":"product","link":"https:\/\/b2b.calibereurope.com\/de\/produkt\/hpg324bt-de_de\/","title":{"rendered":"Aluminium &#8211; Netzteil 2.1A Freisprechfunktion (HPG324BT)"},"content":{"rendered":"<p>&#8211; Drahtlose Bluetooth\u00ae-Technologie (bis zu 10m Reichweite &#8211; Bluetooth v4.2)<br \/>&#8211; Unterst\u00fctzt das A2DP-Profil<br \/>&#8211; Freisprecheinrichtung f\u00fcr Mobiltelefone (mit eingebautem Mikrofon)<br \/>&#8211; Eingebauter wiederaufladbarer Akku (bis zu 6,5 Stunden, 3,7V \/ 2000mAh, nicht austauschbar)<br \/>&#8211; Volle nat\u00fcrliche Klangqualit\u00e4t<br \/>&#8211; 2x 2,8 Watt Lautsprecher (\u00f8 36mm)<br \/>&#8211; Multifunktionstaste auf der Vorderseite: EIN \/ AUS, Wiedergabe\/Pause, Anrufabruf und Paarung<br \/>&#8211; Kompatibel mit Bluetooth-Smartphones, Tablets, PCs und Notebooks<br \/>&#8211; DC-Ladeanschluss (Eingang: 5V 1A &#8211; USB-zu-Mikro-USB-Ladekabel<br \/>inbegriffen)<br \/>&#8211; Netzteil (DC-Ausgang: 5V 2.1A) f\u00fcr Smartphones, Tablets und USB-Ger\u00e4te<br \/>&#8211; Elegantes Design mit solidem Aluminiumgeh\u00e4use und Lederr\u00fcckseite. <\/p>\n<p><strong>Zertifizierungen:<br \/><\/strong>Kaliberprodukte sind immer mit den erforderlichen Zertifizierungen versehen und erf\u00fcllen die EU-Anforderungen an elektrische Produkte. Die Verwendung von nicht zertifizierten elektrischen Produkten kann zu Gefahren\/Verletzungen f\u00fcr den Benutzer und\/oder seine Umgebung f\u00fchren. Die Verwendung von nicht zertifizierten Produkten kann zum Ausschluss von der Deckung und\/oder Zahlung Ihrer Versicherung f\u00fchren. <\/p>\n<p>Bitte beachten Sie dies beim Kauf eines Produktes.<\/p>\n","protected":false},"excerpt":{"rendered":"<p>&#8211; Drahtlose Bluetooth\u00ae-Technologie (bis zu 10m Reichweite &#8211; Bluetooth v4.2)&#8211; Unterst\u00fctzt das A2DP-Profil&#8211; Freisprecheinrichtung f\u00fcr Mobiltelefone (mit eingebautem Mikrofon)&#8211; Eingebauter wiederaufladbarer Akku (bis zu 6,5 Stunden, 3,7V \/ 2000mAh, nicht austauschbar)&#8211; Volle nat\u00fcrliche Klangqualit\u00e4t&#8211; 2x 2,8 Watt Lautsprecher (\u00f8 36mm)&#8211; Multifunktionstaste auf der Vorderseite: EIN \/ AUS, Wiedergabe\/Pause, Anrufabruf und Paarung&#8211; Kompatibel mit Bluetooth-Smartphones, Tablets, [&hellip;]<\/p>\n","protected":false},"featured_media":841920,"template":"","meta":{"_acf_changed":false,"site-sidebar-layout":"default","site-content-layout":"","ast-site-content-layout":"default","site-content-style":"default","site-sidebar-style":"default","ast-global-header-display":"","ast-banner-title-visibility":"","ast-main-header-display":"","ast-hfb-above-header-display":"","ast-hfb-below-header-display":"","ast-hfb-mobile-header-display":"","site-post-title":"","ast-breadcrumbs-content":"","ast-featured-img":"","footer-sml-layout":"","theme-transparent-header-meta":"","adv-header-id-meta":"","stick-header-meta":"","header-above-stick-meta":"","header-main-stick-meta":"","header-below-stick-meta":"","astra-migrate-meta-layouts":"default","ast-page-background-enabled":"default","ast-page-background-meta":{"desktop":{"background-color":"","background-image":"","background-repeat":"repeat","background-position":"center center","background-size":"auto","background-attachment":"scroll","background-type":"","background-media":"","overlay-type":"","overlay-color":"","overlay-opacity":"","overlay-gradient":""},"tablet":{"background-color":"","background-image":"","background-repeat":"repeat","background-position":"center center","background-size":"auto","background-attachment":"scroll","background-type":"","background-media":"","overlay-type":"","overlay-color":"","overlay-opacity":"","overlay-gradient":""},"mobile":{"background-color":"","background-image":"","background-repeat":"repeat","background-position":"center center","background-size":"auto","background-attachment":"scroll","background-type":"","background-media":"","overlay-type":"","overlay-color":"","overlay-opacity":"","overlay-gradient":""}},"ast-content-background-meta":{"desktop":{"background-color":"var(--ast-global-color-5)","background-image":"","background-repeat":"repeat","background-position":"center center","background-size":"auto","background-attachment":"scroll","background-type":"","background-media":"","overlay-type":"","overlay-color":"","overlay-opacity":"","overlay-gradient":""},"tablet":{"background-color":"var(--ast-global-color-5)","background-image":"","background-repeat":"repeat","background-position":"center center","background-size":"auto","background-attachment":"scroll","background-type":"","background-media":"","overlay-type":"","overlay-color":"","overlay-opacity":"","overlay-gradient":""},"mobile":{"background-color":"var(--ast-global-color-5)","background-image":"","background-repeat":"repeat","background-position":"center center","background-size":"auto","background-attachment":"scroll","background-type":"","background-media":"","overlay-type":"","overlay-color":"","overlay-opacity":"","overlay-gradient":""}}},"product_brand":[],"product_cat":[22956],"product_tag":[],"class_list":{"0":"post-489445","1":"product","2":"type-product","3":"status-publish","4":"has-post-thumbnail","6":"product_cat-keine-kategorie","7":"desktop-align-center","8":"tablet-align-center","9":"mobile-align-center","10":"ast-product-gallery-layout-horizontal","11":"ast-product-tabs-layout-horizontal","13":"first","14":"outofstock","15":"taxable","16":"shipping-taxable","17":"purchasable","18":"product-type-simple"},"acf":[],"yoast_head":"<!-- This site is optimized with the Yoast SEO plugin v26.5 - https:\/\/yoast.com\/wordpress\/plugins\/seo\/ -->\n<title>Aluminium - Netzteil 2.1A Freisprechfunktion (HPG324BT) - Caliber Europe B.V.<\/title>\n<meta name=\"robots\" content=\"noindex, follow, max-snippet:-1, max-image-preview:large, max-video-preview:-1\" \/>\n<meta property=\"og:locale\" content=\"de_DE\" \/>\n<meta property=\"og:type\" content=\"article\" \/>\n<meta property=\"og:title\" content=\"Aluminium - Netzteil 2.1A Freisprechfunktion (HPG324BT) - Caliber Europe B.V.\" \/>\n<meta property=\"og:description\" content=\"&#8211; Drahtlose Bluetooth\u00ae-Technologie (bis zu 10m Reichweite &#8211; Bluetooth v4.2)&#8211; Unterst\u00fctzt das A2DP-Profil&#8211; Freisprecheinrichtung f\u00fcr Mobiltelefone (mit eingebautem Mikrofon)&#8211; Eingebauter wiederaufladbarer Akku (bis zu 6,5 Stunden, 3,7V \/ 2000mAh, nicht austauschbar)&#8211; Volle nat\u00fcrliche Klangqualit\u00e4t&#8211; 2x 2,8 Watt Lautsprecher (\u00f8 36mm)&#8211; Multifunktionstaste auf der Vorderseite: EIN \/ AUS, Wiedergabe\/Pause, Anrufabruf und Paarung&#8211; Kompatibel mit Bluetooth-Smartphones, Tablets, [&hellip;]\" \/>\n<meta property=\"og:url\" content=\"https:\/\/b2b.calibereurope.com\/de\/produkt\/hpg324bt-de_de\/\" \/>\n<meta property=\"og:site_name\" content=\"Caliber Europe B.V.\" \/>\n<meta property=\"article:modified_time\" content=\"2024-12-26T23:33:36+00:00\" \/>\n<meta property=\"og:image\" content=\"https:\/\/b2b.calibereurope.com\/wp-content\/uploads\/2021\/09\/eae20d1f29314e6186093d06a002685032acbbc9_HPG324BT_BTstreaming.jpg\" \/>\n\t<meta property=\"og:image:width\" content=\"1024\" \/>\n\t<meta property=\"og:image:height\" content=\"768\" \/>\n\t<meta property=\"og:image:type\" content=\"image\/jpeg\" \/>\n<meta name=\"twitter:card\" content=\"summary_large_image\" \/>\n<meta name=\"twitter:label1\" content=\"Gesch\u00e4tzte Lesezeit\" \/>\n\t<meta name=\"twitter:data1\" content=\"1\u00a0Minute\" \/>\n<script type=\"application\/ld+json\" class=\"yoast-schema-graph\">{\"@context\":\"https:\/\/schema.org\",\"@graph\":[{\"@type\":\"WebPage\",\"@id\":\"https:\/\/b2b.calibereurope.com\/de\/produkt\/hpg324bt-de_de\/\",\"url\":\"https:\/\/b2b.calibereurope.com\/de\/produkt\/hpg324bt-de_de\/\",\"name\":\"Aluminium - Netzteil 2.1A Freisprechfunktion (HPG324BT) - Caliber Europe B.V.\",\"isPartOf\":{\"@id\":\"https:\/\/b2b.calibereurope.com\/#website\"},\"primaryImageOfPage\":{\"@id\":\"https:\/\/b2b.calibereurope.com\/de\/produkt\/hpg324bt-de_de\/#primaryimage\"},\"image\":{\"@id\":\"https:\/\/b2b.calibereurope.com\/de\/produkt\/hpg324bt-de_de\/#primaryimage\"},\"thumbnailUrl\":\"https:\/\/b2b.calibereurope.com\/wp-content\/uploads\/2024\/02\/eae20d1f29314e6186093d06a002685032acbbc9_HPG324BT_BTstreaming.jpg\",\"datePublished\":\"2024-02-05T00:00:00+00:00\",\"dateModified\":\"2024-12-26T23:33:36+00:00\",\"breadcrumb\":{\"@id\":\"https:\/\/b2b.calibereurope.com\/de\/produkt\/hpg324bt-de_de\/#breadcrumb\"},\"inLanguage\":\"de\",\"potentialAction\":[{\"@type\":\"ReadAction\",\"target\":[\"https:\/\/b2b.calibereurope.com\/de\/produkt\/hpg324bt-de_de\/\"]}]},{\"@type\":\"ImageObject\",\"inLanguage\":\"de\",\"@id\":\"https:\/\/b2b.calibereurope.com\/de\/produkt\/hpg324bt-de_de\/#primaryimage\",\"url\":\"https:\/\/b2b.calibereurope.com\/wp-content\/uploads\/2024\/02\/eae20d1f29314e6186093d06a002685032acbbc9_HPG324BT_BTstreaming.jpg\",\"contentUrl\":\"https:\/\/b2b.calibereurope.com\/wp-content\/uploads\/2024\/02\/eae20d1f29314e6186093d06a002685032acbbc9_HPG324BT_BTstreaming.jpg\",\"width\":1024,\"height\":768},{\"@type\":\"BreadcrumbList\",\"@id\":\"https:\/\/b2b.calibereurope.com\/de\/produkt\/hpg324bt-de_de\/#breadcrumb\",\"itemListElement\":[{\"@type\":\"ListItem\",\"position\":1,\"name\":\"Home\",\"item\":\"https:\/\/b2b.calibereurope.com\/de\/\"},{\"@type\":\"ListItem\",\"position\":2,\"name\":\"Shop\",\"item\":\"https:\/\/b2b.calibereurope.com\/de\/shop\/\"},{\"@type\":\"ListItem\",\"position\":3,\"name\":\"Aluminium &#8211; Netzteil 2.1A Freisprechfunktion (HPG324BT)\"}]},{\"@type\":\"WebSite\",\"@id\":\"https:\/\/b2b.calibereurope.com\/#website\",\"url\":\"https:\/\/b2b.calibereurope.com\/\",\"name\":\"Caliber Europe B.V.\",\"description\":\"B2B Webshop\",\"publisher\":{\"@id\":\"https:\/\/b2b.calibereurope.com\/#organization\"},\"potentialAction\":[{\"@type\":\"SearchAction\",\"target\":{\"@type\":\"EntryPoint\",\"urlTemplate\":\"https:\/\/b2b.calibereurope.com\/?s={search_term_string}\"},\"query-input\":{\"@type\":\"PropertyValueSpecification\",\"valueRequired\":true,\"valueName\":\"search_term_string\"}}],\"inLanguage\":\"de\"},{\"@type\":\"Organization\",\"@id\":\"https:\/\/b2b.calibereurope.com\/#organization\",\"name\":\"Caliber Europe B.V.\",\"url\":\"https:\/\/b2b.calibereurope.com\/\",\"logo\":{\"@type\":\"ImageObject\",\"inLanguage\":\"de\",\"@id\":\"https:\/\/b2b.calibereurope.com\/#\/schema\/logo\/image\/\",\"url\":\"https:\/\/b2b.calibereurope.com\/wp-content\/uploads\/2020\/12\/Caliber_Logo-Black.png\",\"contentUrl\":\"https:\/\/b2b.calibereurope.com\/wp-content\/uploads\/2020\/12\/Caliber_Logo-Black.png\",\"width\":3157,\"height\":356,\"caption\":\"Caliber Europe B.V.\"},\"image\":{\"@id\":\"https:\/\/b2b.calibereurope.com\/#\/schema\/logo\/image\/\"}}]}<\/script>\n<!-- \/ Yoast SEO plugin. -->","yoast_head_json":{"title":"Aluminium - Netzteil 2.1A Freisprechfunktion (HPG324BT) - Caliber Europe B.V.","robots":{"index":"noindex","follow":"follow","max-snippet":"max-snippet:-1","max-image-preview":"max-image-preview:large","max-video-preview":"max-video-preview:-1"},"og_locale":"de_DE","og_type":"article","og_title":"Aluminium - Netzteil 2.1A Freisprechfunktion (HPG324BT) - Caliber Europe B.V.","og_description":"&#8211; Drahtlose Bluetooth\u00ae-Technologie (bis zu 10m Reichweite &#8211; Bluetooth v4.2)&#8211; Unterst\u00fctzt das A2DP-Profil&#8211; Freisprecheinrichtung f\u00fcr Mobiltelefone (mit eingebautem Mikrofon)&#8211; Eingebauter wiederaufladbarer Akku (bis zu 6,5 Stunden, 3,7V \/ 2000mAh, nicht austauschbar)&#8211; Volle nat\u00fcrliche Klangqualit\u00e4t&#8211; 2x 2,8 Watt Lautsprecher (\u00f8 36mm)&#8211; Multifunktionstaste auf der Vorderseite: EIN \/ AUS, Wiedergabe\/Pause, Anrufabruf und Paarung&#8211; Kompatibel mit Bluetooth-Smartphones, Tablets, [&hellip;]","og_url":"https:\/\/b2b.calibereurope.com\/de\/produkt\/hpg324bt-de_de\/","og_site_name":"Caliber Europe B.V.","article_modified_time":"2024-12-26T23:33:36+00:00","og_image":[{"width":1024,"height":768,"url":"https:\/\/b2b.calibereurope.com\/wp-content\/uploads\/2021\/09\/eae20d1f29314e6186093d06a002685032acbbc9_HPG324BT_BTstreaming.jpg","type":"image\/jpeg"}],"twitter_card":"summary_large_image","twitter_misc":{"Gesch\u00e4tzte Lesezeit":"1\u00a0Minute"},"schema":{"@context":"https:\/\/schema.org","@graph":[{"@type":"WebPage","@id":"https:\/\/b2b.calibereurope.com\/de\/produkt\/hpg324bt-de_de\/","url":"https:\/\/b2b.calibereurope.com\/de\/produkt\/hpg324bt-de_de\/","name":"Aluminium - Netzteil 2.1A Freisprechfunktion (HPG324BT) - Caliber Europe B.V.","isPartOf":{"@id":"https:\/\/b2b.calibereurope.com\/#website"},"primaryImageOfPage":{"@id":"https:\/\/b2b.calibereurope.com\/de\/produkt\/hpg324bt-de_de\/#primaryimage"},"image":{"@id":"https:\/\/b2b.calibereurope.com\/de\/produkt\/hpg324bt-de_de\/#primaryimage"},"thumbnailUrl":"https:\/\/b2b.calibereurope.com\/wp-content\/uploads\/2024\/02\/eae20d1f29314e6186093d06a002685032acbbc9_HPG324BT_BTstreaming.jpg","datePublished":"2024-02-05T00:00:00+00:00","dateModified":"2024-12-26T23:33:36+00:00","breadcrumb":{"@id":"https:\/\/b2b.calibereurope.com\/de\/produkt\/hpg324bt-de_de\/#breadcrumb"},"inLanguage":"de","potentialAction":[{"@type":"ReadAction","target":["https:\/\/b2b.calibereurope.com\/de\/produkt\/hpg324bt-de_de\/"]}]},{"@type":"ImageObject","inLanguage":"de","@id":"https:\/\/b2b.calibereurope.com\/de\/produkt\/hpg324bt-de_de\/#primaryimage","url":"https:\/\/b2b.calibereurope.com\/wp-content\/uploads\/2024\/02\/eae20d1f29314e6186093d06a002685032acbbc9_HPG324BT_BTstreaming.jpg","contentUrl":"https:\/\/b2b.calibereurope.com\/wp-content\/uploads\/2024\/02\/eae20d1f29314e6186093d06a002685032acbbc9_HPG324BT_BTstreaming.jpg","width":1024,"height":768},{"@type":"BreadcrumbList","@id":"https:\/\/b2b.calibereurope.com\/de\/produkt\/hpg324bt-de_de\/#breadcrumb","itemListElement":[{"@type":"ListItem","position":1,"name":"Home","item":"https:\/\/b2b.calibereurope.com\/de\/"},{"@type":"ListItem","position":2,"name":"Shop","item":"https:\/\/b2b.calibereurope.com\/de\/shop\/"},{"@type":"ListItem","position":3,"name":"Aluminium &#8211; Netzteil 2.1A Freisprechfunktion (HPG324BT)"}]},{"@type":"WebSite","@id":"https:\/\/b2b.calibereurope.com\/#website","url":"https:\/\/b2b.calibereurope.com\/","name":"Caliber Europe B.V.","description":"B2B Webshop","publisher":{"@id":"https:\/\/b2b.calibereurope.com\/#organization"},"potentialAction":[{"@type":"SearchAction","target":{"@type":"EntryPoint","urlTemplate":"https:\/\/b2b.calibereurope.com\/?s={search_term_string}"},"query-input":{"@type":"PropertyValueSpecification","valueRequired":true,"valueName":"search_term_string"}}],"inLanguage":"de"},{"@type":"Organization","@id":"https:\/\/b2b.calibereurope.com\/#organization","name":"Caliber Europe B.V.","url":"https:\/\/b2b.calibereurope.com\/","logo":{"@type":"ImageObject","inLanguage":"de","@id":"https:\/\/b2b.calibereurope.com\/#\/schema\/logo\/image\/","url":"https:\/\/b2b.calibereurope.com\/wp-content\/uploads\/2020\/12\/Caliber_Logo-Black.png","contentUrl":"https:\/\/b2b.calibereurope.com\/wp-content\/uploads\/2020\/12\/Caliber_Logo-Black.png","width":3157,"height":356,"caption":"Caliber Europe B.V."},"image":{"@id":"https:\/\/b2b.calibereurope.com\/#\/schema\/logo\/image\/"}}]}},"_links":{"self":[{"href":"https:\/\/b2b.calibereurope.com\/de\/wp-json\/wp\/v2\/product\/489445","targetHints":{"allow":["GET"]}}],"collection":[{"href":"https:\/\/b2b.calibereurope.com\/de\/wp-json\/wp\/v2\/product"}],"about":[{"href":"https:\/\/b2b.calibereurope.com\/de\/wp-json\/wp\/v2\/types\/product"}],"version-history":[{"count":0,"href":"https:\/\/b2b.calibereurope.com\/de\/wp-json\/wp\/v2\/product\/489445\/revisions"}],"wp:featuredmedia":[{"embeddable":true,"href":"https:\/\/b2b.calibereurope.com\/de\/wp-json\/wp\/v2\/media\/841920"}],"wp:attachment":[{"href":"https:\/\/b2b.calibereurope.com\/de\/wp-json\/wp\/v2\/media?parent=489445"}],"wp:term":[{"taxonomy":"product_brand","embeddable":true,"href":"https:\/\/b2b.calibereurope.com\/de\/wp-json\/wp\/v2\/product_brand?post=489445"},{"taxonomy":"product_cat","embeddable":true,"href":"https:\/\/b2b.calibereurope.com\/de\/wp-json\/wp\/v2\/product_cat?post=489445"},{"taxonomy":"product_tag","embeddable":true,"href":"https:\/\/b2b.calibereurope.com\/de\/wp-json\/wp\/v2\/product_tag?post=489445"}],"curies":[{"name":"wp","href":"https:\/\/api.w.org\/{rel}","templated":true}]}}