{"id":489693,"date":"2023-11-28T01:00:00","date_gmt":"2023-11-28T00:00:00","guid":{"rendered":""},"modified":"2023-11-28T13:57:19","modified_gmt":"2023-11-28T12:57:19","slug":"HWC501-de_DE","status":"publish","type":"product","link":"https:\/\/b2b.calibereurope.com\/de\/produkt\/HWC501-de_DE\/","title":{"rendered":"Intelligente T\u00fcrklingel mit Kamera und Akku &#8211; Wei\u00df (HWC501)"},"content":{"rendered":"<p>Mit der intelligenten T\u00fcrklingel Caliber HWC501 ersetzen Sie Ihre alte T\u00fcrklingel durch eine sicherere Wahl. Schlie\u00dfen Sie die T\u00fcrklingel einfach \u00fcber die kostenlose Android- und iOS-App &#8222;Caliber Smart Home&#8220; an. Auf diese Weise klingelt die Klingel an Ihrem Telefon, und dank der in Ihrem Telefon eingebauten Kamera k\u00f6nnen Sie sehen, wer an der T\u00fcr steht. Diese intelligente T\u00fcrklingel ist wasserbest\u00e4ndig, so dass es kein Problem ist, wenn Sie keinen Schutz \u00fcber der T\u00fcr haben.<\/p>\n<p><strong>Beobachten und Sprechen aus der Ferne<br \/><\/strong>Die T\u00fcrklingel HWC501 verf\u00fcgt \u00fcber eine intelligente Kamera. Sie k\u00f6nnen Ihr Smartphone benutzen, um zu sehen, wer an der T\u00fcr ist, und mit ihm \u00fcber die Gegensprechanlage kommunizieren. Die T\u00fcrklingel erkennt menschliche Aktivit\u00e4ten vor Ihrem Haus. Es sendet dann automatisch eine Nachricht an Ihr Smartphone, die Sie \u00fcber die App erhalten. So wissen Sie immer, was an der T\u00fcr passiert. Dank der Nachtsichtfunktion hat das HWC501 auch bei Nacht ein klares Bild. Die T\u00fcrklingel bietet Platz f\u00fcr eine Micro-SD-Karte, nach dem Einlegen einer SD-Karte ist es m\u00f6glich, aufzunehmen, zu speichern und zur\u00fcckzublicken.<\/p>\n<p><strong>Ausgelieferter Akku<\/strong><br \/>Die T\u00fcrklingel wird \u00fcber einen Adapter oder \u00fcber den mitgelieferten Akku mit Strom versorgt. N\u00fctzlich, wenn keine Steckdose in der N\u00e4he ist. Haben Sie keine Angst vor Diebstahl der Batterie. Sie kann nur \u00fcber die App freigeschaltet werden, z.B. um sie aufzuladen. Sie werden rechtzeitig \u00fcber die App benachrichtigt, wenn der Akku aufgeladen werden muss.<\/p>\n<p>Nutzen Sie diese intelligente T\u00fcrklingel zusammen mit dem separat erh\u00e4ltlichen Gong HWC501CH. Sie k\u00f6nnen es \u00fcberall im Haus aufstellen, so dass Sie die T\u00fcrklingel h\u00f6ren k\u00f6nnen, auch wenn Sie Ihr Telefon nicht zur Hand haben.<\/p>\n","protected":false},"excerpt":{"rendered":"<p>Mit der intelligenten T\u00fcrklingel Caliber HWC501 ersetzen Sie Ihre alte T\u00fcrklingel durch eine sicherere Wahl. Schlie\u00dfen Sie die T\u00fcrklingel einfach \u00fcber die kostenlose Android- und iOS-App &#8222;Caliber Smart Home&#8220; an. Auf diese Weise klingelt die Klingel an Ihrem Telefon, und dank der in Ihrem Telefon eingebauten Kamera k\u00f6nnen Sie sehen, wer an der T\u00fcr steht. [&hellip;]<\/p>\n","protected":false},"featured_media":839439,"template":"","meta":{"_acf_changed":false,"site-sidebar-layout":"default","site-content-layout":"","ast-site-content-layout":"default","site-content-style":"default","site-sidebar-style":"default","ast-global-header-display":"","ast-banner-title-visibility":"","ast-main-header-display":"","ast-hfb-above-header-display":"","ast-hfb-below-header-display":"","ast-hfb-mobile-header-display":"","site-post-title":"","ast-breadcrumbs-content":"","ast-featured-img":"","footer-sml-layout":"","theme-transparent-header-meta":"","adv-header-id-meta":"","stick-header-meta":"","header-above-stick-meta":"","header-main-stick-meta":"","header-below-stick-meta":"","astra-migrate-meta-layouts":"default","ast-page-background-enabled":"default","ast-page-background-meta":{"desktop":{"background-color":"","background-image":"","background-repeat":"repeat","background-position":"center center","background-size":"auto","background-attachment":"scroll","background-type":"","background-media":"","overlay-type":"","overlay-color":"","overlay-opacity":"","overlay-gradient":""},"tablet":{"background-color":"","background-image":"","background-repeat":"repeat","background-position":"center center","background-size":"auto","background-attachment":"scroll","background-type":"","background-media":"","overlay-type":"","overlay-color":"","overlay-opacity":"","overlay-gradient":""},"mobile":{"background-color":"","background-image":"","background-repeat":"repeat","background-position":"center center","background-size":"auto","background-attachment":"scroll","background-type":"","background-media":"","overlay-type":"","overlay-color":"","overlay-opacity":"","overlay-gradient":""}},"ast-content-background-meta":{"desktop":{"background-color":"var(--ast-global-color-5)","background-image":"","background-repeat":"repeat","background-position":"center center","background-size":"auto","background-attachment":"scroll","background-type":"","background-media":"","overlay-type":"","overlay-color":"","overlay-opacity":"","overlay-gradient":""},"tablet":{"background-color":"var(--ast-global-color-5)","background-image":"","background-repeat":"repeat","background-position":"center center","background-size":"auto","background-attachment":"scroll","background-type":"","background-media":"","overlay-type":"","overlay-color":"","overlay-opacity":"","overlay-gradient":""},"mobile":{"background-color":"var(--ast-global-color-5)","background-image":"","background-repeat":"repeat","background-position":"center center","background-size":"auto","background-attachment":"scroll","background-type":"","background-media":"","overlay-type":"","overlay-color":"","overlay-opacity":"","overlay-gradient":""}}},"product_brand":[],"product_cat":[22956],"product_tag":[],"class_list":{"0":"post-489693","1":"product","2":"type-product","3":"status-publish","4":"has-post-thumbnail","6":"product_cat-keine-kategorie","7":"desktop-align-center","8":"tablet-align-center","9":"mobile-align-center","10":"ast-product-gallery-layout-horizontal","11":"ast-product-tabs-layout-horizontal","13":"first","14":"instock","15":"taxable","16":"shipping-taxable","17":"purchasable","18":"product-type-simple"},"acf":[],"yoast_head":"<!-- This site is optimized with the Yoast SEO plugin v26.5 - https:\/\/yoast.com\/wordpress\/plugins\/seo\/ -->\n<title>Intelligente T\u00fcrklingel mit Kamera und Akku - Wei\u00df (HWC501) - Caliber Europe B.V.<\/title>\n<meta name=\"robots\" content=\"noindex, follow, max-snippet:-1, max-image-preview:large, max-video-preview:-1\" \/>\n<meta property=\"og:locale\" content=\"de_DE\" \/>\n<meta property=\"og:type\" content=\"article\" \/>\n<meta property=\"og:title\" content=\"Intelligente T\u00fcrklingel mit Kamera und Akku - Wei\u00df (HWC501) - Caliber Europe B.V.\" \/>\n<meta property=\"og:description\" content=\"Mit der intelligenten T\u00fcrklingel Caliber HWC501 ersetzen Sie Ihre alte T\u00fcrklingel durch eine sicherere Wahl. Schlie\u00dfen Sie die T\u00fcrklingel einfach \u00fcber die kostenlose Android- und iOS-App &#8222;Caliber Smart Home&#8220; an. Auf diese Weise klingelt die Klingel an Ihrem Telefon, und dank der in Ihrem Telefon eingebauten Kamera k\u00f6nnen Sie sehen, wer an der T\u00fcr steht. [&hellip;]\" \/>\n<meta property=\"og:url\" content=\"https:\/\/b2b.calibereurope.com\/de\/produkt\/hwc501-de_de\/\" \/>\n<meta property=\"og:site_name\" content=\"Caliber Europe B.V.\" \/>\n<meta property=\"article:modified_time\" content=\"2023-11-28T12:57:19+00:00\" \/>\n<meta property=\"og:image\" content=\"https:\/\/b2b.calibereurope.com\/wp-content\/uploads\/2021\/09\/5f6ee7b2a85d2fb3e699d08add490847b881eccb_HWC501_smart.jpg\" \/>\n\t<meta property=\"og:image:width\" content=\"1067\" \/>\n\t<meta property=\"og:image:height\" content=\"800\" \/>\n\t<meta property=\"og:image:type\" content=\"image\/jpeg\" \/>\n<meta name=\"twitter:card\" content=\"summary_large_image\" \/>\n<meta name=\"twitter:label1\" content=\"Gesch\u00e4tzte Lesezeit\" \/>\n\t<meta name=\"twitter:data1\" content=\"1\u00a0Minute\" \/>\n<script type=\"application\/ld+json\" class=\"yoast-schema-graph\">{\"@context\":\"https:\/\/schema.org\",\"@graph\":[{\"@type\":\"WebPage\",\"@id\":\"https:\/\/b2b.calibereurope.com\/de\/produkt\/hwc501-de_de\/\",\"url\":\"https:\/\/b2b.calibereurope.com\/de\/produkt\/hwc501-de_de\/\",\"name\":\"Intelligente T\u00fcrklingel mit Kamera und Akku - Wei\u00df (HWC501) - Caliber Europe B.V.\",\"isPartOf\":{\"@id\":\"https:\/\/b2b.calibereurope.com\/#website\"},\"primaryImageOfPage\":{\"@id\":\"https:\/\/b2b.calibereurope.com\/de\/produkt\/hwc501-de_de\/#primaryimage\"},\"image\":{\"@id\":\"https:\/\/b2b.calibereurope.com\/de\/produkt\/hwc501-de_de\/#primaryimage\"},\"thumbnailUrl\":\"https:\/\/b2b.calibereurope.com\/wp-content\/uploads\/2023\/11\/024a7211dc104bd4dd1798deb85d081d6ee3eff7_HWC501_front.jpg\",\"datePublished\":\"2023-11-28T00:00:00+00:00\",\"dateModified\":\"2023-11-28T12:57:19+00:00\",\"breadcrumb\":{\"@id\":\"https:\/\/b2b.calibereurope.com\/de\/produkt\/hwc501-de_de\/#breadcrumb\"},\"inLanguage\":\"de\",\"potentialAction\":[{\"@type\":\"ReadAction\",\"target\":[\"https:\/\/b2b.calibereurope.com\/de\/produkt\/hwc501-de_de\/\"]}]},{\"@type\":\"ImageObject\",\"inLanguage\":\"de\",\"@id\":\"https:\/\/b2b.calibereurope.com\/de\/produkt\/hwc501-de_de\/#primaryimage\",\"url\":\"https:\/\/b2b.calibereurope.com\/wp-content\/uploads\/2023\/11\/024a7211dc104bd4dd1798deb85d081d6ee3eff7_HWC501_front.jpg\",\"contentUrl\":\"https:\/\/b2b.calibereurope.com\/wp-content\/uploads\/2023\/11\/024a7211dc104bd4dd1798deb85d081d6ee3eff7_HWC501_front.jpg\",\"width\":1024,\"height\":768},{\"@type\":\"BreadcrumbList\",\"@id\":\"https:\/\/b2b.calibereurope.com\/de\/produkt\/hwc501-de_de\/#breadcrumb\",\"itemListElement\":[{\"@type\":\"ListItem\",\"position\":1,\"name\":\"Home\",\"item\":\"https:\/\/b2b.calibereurope.com\/de\/\"},{\"@type\":\"ListItem\",\"position\":2,\"name\":\"Shop\",\"item\":\"https:\/\/b2b.calibereurope.com\/de\/shop\/\"},{\"@type\":\"ListItem\",\"position\":3,\"name\":\"Intelligente T\u00fcrklingel mit Kamera und Akku &#8211; Wei\u00df (HWC501)\"}]},{\"@type\":\"WebSite\",\"@id\":\"https:\/\/b2b.calibereurope.com\/#website\",\"url\":\"https:\/\/b2b.calibereurope.com\/\",\"name\":\"Caliber Europe B.V.\",\"description\":\"B2B Webshop\",\"publisher\":{\"@id\":\"https:\/\/b2b.calibereurope.com\/#organization\"},\"potentialAction\":[{\"@type\":\"SearchAction\",\"target\":{\"@type\":\"EntryPoint\",\"urlTemplate\":\"https:\/\/b2b.calibereurope.com\/?s={search_term_string}\"},\"query-input\":{\"@type\":\"PropertyValueSpecification\",\"valueRequired\":true,\"valueName\":\"search_term_string\"}}],\"inLanguage\":\"de\"},{\"@type\":\"Organization\",\"@id\":\"https:\/\/b2b.calibereurope.com\/#organization\",\"name\":\"Caliber Europe B.V.\",\"url\":\"https:\/\/b2b.calibereurope.com\/\",\"logo\":{\"@type\":\"ImageObject\",\"inLanguage\":\"de\",\"@id\":\"https:\/\/b2b.calibereurope.com\/#\/schema\/logo\/image\/\",\"url\":\"https:\/\/b2b.calibereurope.com\/wp-content\/uploads\/2020\/12\/Caliber_Logo-Black.png\",\"contentUrl\":\"https:\/\/b2b.calibereurope.com\/wp-content\/uploads\/2020\/12\/Caliber_Logo-Black.png\",\"width\":3157,\"height\":356,\"caption\":\"Caliber Europe B.V.\"},\"image\":{\"@id\":\"https:\/\/b2b.calibereurope.com\/#\/schema\/logo\/image\/\"}}]}<\/script>\n<!-- \/ Yoast SEO plugin. -->","yoast_head_json":{"title":"Intelligente T\u00fcrklingel mit Kamera und Akku - Wei\u00df (HWC501) - Caliber Europe B.V.","robots":{"index":"noindex","follow":"follow","max-snippet":"max-snippet:-1","max-image-preview":"max-image-preview:large","max-video-preview":"max-video-preview:-1"},"og_locale":"de_DE","og_type":"article","og_title":"Intelligente T\u00fcrklingel mit Kamera und Akku - Wei\u00df (HWC501) - Caliber Europe B.V.","og_description":"Mit der intelligenten T\u00fcrklingel Caliber HWC501 ersetzen Sie Ihre alte T\u00fcrklingel durch eine sicherere Wahl. Schlie\u00dfen Sie die T\u00fcrklingel einfach \u00fcber die kostenlose Android- und iOS-App &#8222;Caliber Smart Home&#8220; an. Auf diese Weise klingelt die Klingel an Ihrem Telefon, und dank der in Ihrem Telefon eingebauten Kamera k\u00f6nnen Sie sehen, wer an der T\u00fcr steht. [&hellip;]","og_url":"https:\/\/b2b.calibereurope.com\/de\/produkt\/hwc501-de_de\/","og_site_name":"Caliber Europe B.V.","article_modified_time":"2023-11-28T12:57:19+00:00","og_image":[{"width":1067,"height":800,"url":"https:\/\/b2b.calibereurope.com\/wp-content\/uploads\/2021\/09\/5f6ee7b2a85d2fb3e699d08add490847b881eccb_HWC501_smart.jpg","type":"image\/jpeg"}],"twitter_card":"summary_large_image","twitter_misc":{"Gesch\u00e4tzte Lesezeit":"1\u00a0Minute"},"schema":{"@context":"https:\/\/schema.org","@graph":[{"@type":"WebPage","@id":"https:\/\/b2b.calibereurope.com\/de\/produkt\/hwc501-de_de\/","url":"https:\/\/b2b.calibereurope.com\/de\/produkt\/hwc501-de_de\/","name":"Intelligente T\u00fcrklingel mit Kamera und Akku - Wei\u00df (HWC501) - Caliber Europe B.V.","isPartOf":{"@id":"https:\/\/b2b.calibereurope.com\/#website"},"primaryImageOfPage":{"@id":"https:\/\/b2b.calibereurope.com\/de\/produkt\/hwc501-de_de\/#primaryimage"},"image":{"@id":"https:\/\/b2b.calibereurope.com\/de\/produkt\/hwc501-de_de\/#primaryimage"},"thumbnailUrl":"https:\/\/b2b.calibereurope.com\/wp-content\/uploads\/2023\/11\/024a7211dc104bd4dd1798deb85d081d6ee3eff7_HWC501_front.jpg","datePublished":"2023-11-28T00:00:00+00:00","dateModified":"2023-11-28T12:57:19+00:00","breadcrumb":{"@id":"https:\/\/b2b.calibereurope.com\/de\/produkt\/hwc501-de_de\/#breadcrumb"},"inLanguage":"de","potentialAction":[{"@type":"ReadAction","target":["https:\/\/b2b.calibereurope.com\/de\/produkt\/hwc501-de_de\/"]}]},{"@type":"ImageObject","inLanguage":"de","@id":"https:\/\/b2b.calibereurope.com\/de\/produkt\/hwc501-de_de\/#primaryimage","url":"https:\/\/b2b.calibereurope.com\/wp-content\/uploads\/2023\/11\/024a7211dc104bd4dd1798deb85d081d6ee3eff7_HWC501_front.jpg","contentUrl":"https:\/\/b2b.calibereurope.com\/wp-content\/uploads\/2023\/11\/024a7211dc104bd4dd1798deb85d081d6ee3eff7_HWC501_front.jpg","width":1024,"height":768},{"@type":"BreadcrumbList","@id":"https:\/\/b2b.calibereurope.com\/de\/produkt\/hwc501-de_de\/#breadcrumb","itemListElement":[{"@type":"ListItem","position":1,"name":"Home","item":"https:\/\/b2b.calibereurope.com\/de\/"},{"@type":"ListItem","position":2,"name":"Shop","item":"https:\/\/b2b.calibereurope.com\/de\/shop\/"},{"@type":"ListItem","position":3,"name":"Intelligente T\u00fcrklingel mit Kamera und Akku &#8211; Wei\u00df (HWC501)"}]},{"@type":"WebSite","@id":"https:\/\/b2b.calibereurope.com\/#website","url":"https:\/\/b2b.calibereurope.com\/","name":"Caliber Europe B.V.","description":"B2B Webshop","publisher":{"@id":"https:\/\/b2b.calibereurope.com\/#organization"},"potentialAction":[{"@type":"SearchAction","target":{"@type":"EntryPoint","urlTemplate":"https:\/\/b2b.calibereurope.com\/?s={search_term_string}"},"query-input":{"@type":"PropertyValueSpecification","valueRequired":true,"valueName":"search_term_string"}}],"inLanguage":"de"},{"@type":"Organization","@id":"https:\/\/b2b.calibereurope.com\/#organization","name":"Caliber Europe B.V.","url":"https:\/\/b2b.calibereurope.com\/","logo":{"@type":"ImageObject","inLanguage":"de","@id":"https:\/\/b2b.calibereurope.com\/#\/schema\/logo\/image\/","url":"https:\/\/b2b.calibereurope.com\/wp-content\/uploads\/2020\/12\/Caliber_Logo-Black.png","contentUrl":"https:\/\/b2b.calibereurope.com\/wp-content\/uploads\/2020\/12\/Caliber_Logo-Black.png","width":3157,"height":356,"caption":"Caliber Europe B.V."},"image":{"@id":"https:\/\/b2b.calibereurope.com\/#\/schema\/logo\/image\/"}}]}},"_links":{"self":[{"href":"https:\/\/b2b.calibereurope.com\/de\/wp-json\/wp\/v2\/product\/489693","targetHints":{"allow":["GET"]}}],"collection":[{"href":"https:\/\/b2b.calibereurope.com\/de\/wp-json\/wp\/v2\/product"}],"about":[{"href":"https:\/\/b2b.calibereurope.com\/de\/wp-json\/wp\/v2\/types\/product"}],"version-history":[{"count":0,"href":"https:\/\/b2b.calibereurope.com\/de\/wp-json\/wp\/v2\/product\/489693\/revisions"}],"wp:featuredmedia":[{"embeddable":true,"href":"https:\/\/b2b.calibereurope.com\/de\/wp-json\/wp\/v2\/media\/839439"}],"wp:attachment":[{"href":"https:\/\/b2b.calibereurope.com\/de\/wp-json\/wp\/v2\/media?parent=489693"}],"wp:term":[{"taxonomy":"product_brand","embeddable":true,"href":"https:\/\/b2b.calibereurope.com\/de\/wp-json\/wp\/v2\/product_brand?post=489693"},{"taxonomy":"product_cat","embeddable":true,"href":"https:\/\/b2b.calibereurope.com\/de\/wp-json\/wp\/v2\/product_cat?post=489693"},{"taxonomy":"product_tag","embeddable":true,"href":"https:\/\/b2b.calibereurope.com\/de\/wp-json\/wp\/v2\/product_tag?post=489693"}],"curies":[{"name":"wp","href":"https:\/\/api.w.org\/{rel}","templated":true}]}}