{"id":490773,"date":"2025-12-04T01:00:00","date_gmt":"2025-12-04T00:00:00","guid":{"rendered":"0"},"modified":"2025-12-04T15:02:32","modified_gmt":"2025-12-04T14:02:32","slug":"ANT741-DAB-de_DE","status":"publish","type":"product","link":"https:\/\/b2b.calibereurope.com\/de\/produkt\/ANT741-DAB-de_DE\/","title":{"rendered":"Antenne f\u00fcr Autoradio &#8211; SMB-Buchse &#8211; 3M Kabel &#8211; Aktive DAB+ Antenne &#8211; Fenstereinbau (ANT741-DAB)"},"content":{"rendered":"<p>Genie\u00dfen Sie kristallklaren Radiosound im Auto dank der Caliber DAB+ Antenne. Die Antenne sorgt daf\u00fcr, dass Sie \u00fcberall <strong>guten Empfang <\/strong>mit Ihrem Radio haben. Verwenden Sie die DAB-Antenne z.B. f\u00fcr Ihr Autoradio. Das Kabel der Antenne ist <strong>300 cm lang<\/strong>, sodass Sie immer genug Platz haben, um sie an einem geeigneten Ort zu platzieren. Die DAB-Antenne empf\u00e4ngt Frequenzen von <strong>174~237 MHz <\/strong>bis <strong>470~958 MHz<\/strong>. So k\u00f6nnen Sie alle Ihre Lieblingsradiosender ohne St\u00f6rungen oder Rauschen empfangen. Genie\u00dfen Sie die sch\u00f6nsten Melodien, wo immer Sie sind!<\/p>\n<p><\/p>\n<p><strong>Merkmale:<\/strong><\/p>\n<ul>\n<li>Aktive DAB+ Antenne<\/li>\n<li>SMB-Stecker<\/li>\n<li>Funktioniert mit 5V<\/li>\n<li>300 Zentimeter langes Kabel<\/li>\n<li>Selbstklebend (Montage auf Glas)<\/li>\n<li>Frequenzen 174~237MHz \/ 470~958MHz<\/li>\n<\/ul>\n<h3>Funktioniert mit jedem Radio<\/h3>\n<p>Daher kann die DAB-Antenne mit jedem DAB-Autoradio verwendet werden und ist universell einsetzbar. Bitte beachten Sie, dass Ihr Radio einen weiblichen Stecker und keinen m\u00e4nnlichen Stecker ben\u00f6tigt. Diese DAB-Antenne ist f\u00fcr (Auto-)Radios mit einem weiblichen Anschluss.<\/p>\n<h3>Leicht zu befestigen<\/h3>\n<p>Die Antenne kann einfach an das Autoradio angeschlossen werden, um den Empfang zu verbessern. Dank der SMB-Buchse kann der DAB+ Tuner einfach angeschlossen werden. Verwenden Sie es z.B. f\u00fcr den Wohnwagen, das Wohnmobil oder das Boot, um \u00fcberall perfekten Empfang zu haben. Die Antenne ist mit einem 3 Meter langen Kabel ausgestattet. So k\u00f6nnen Sie die Antenne \u00fcberall platzieren, wo Sie wollen, ohne dass sie im Weg ist.<\/p>\n<h3>Kristallklarer Klang<\/h3>\n<p>Die DAB+ Antenne wurde speziell entwickelt, um das Radiosignal \u00fcberall zu verst\u00e4rken. So geh\u00f6rt der schlechte Radioempfang im Auto der Vergangenheit an und Sie k\u00f6nnen Ihre Lieblingsmusik wieder ohne L\u00e4rm genie\u00dfen. Die Antenne verst\u00e4rkt Frequenzen von 174~237MHz bis 470~958MHz. Mit DAB+ k\u00f6nnen Sie au\u00dferdem mehr Radiosender empfangen als mit einem UKW-Tuner.<\/p>\n","protected":false},"excerpt":{"rendered":"<p>Genie\u00dfen Sie kristallklaren Radiosound im Auto dank der Caliber DAB+ Antenne. Die Antenne sorgt daf\u00fcr, dass Sie \u00fcberall guten Empfang mit Ihrem Radio haben. Verwenden Sie die DAB-Antenne z.B. f\u00fcr Ihr Autoradio. Das Kabel der Antenne ist 300 cm lang, sodass Sie immer genug Platz haben, um sie an einem geeigneten Ort zu platzieren. Die [&hellip;]<\/p>\n","protected":false},"featured_media":869379,"template":"","meta":{"_acf_changed":false,"site-sidebar-layout":"default","site-content-layout":"","ast-site-content-layout":"default","site-content-style":"default","site-sidebar-style":"default","ast-global-header-display":"","ast-banner-title-visibility":"","ast-main-header-display":"","ast-hfb-above-header-display":"","ast-hfb-below-header-display":"","ast-hfb-mobile-header-display":"","site-post-title":"","ast-breadcrumbs-content":"","ast-featured-img":"","footer-sml-layout":"","theme-transparent-header-meta":"","adv-header-id-meta":"","stick-header-meta":"","header-above-stick-meta":"","header-main-stick-meta":"","header-below-stick-meta":"","astra-migrate-meta-layouts":"default","ast-page-background-enabled":"default","ast-page-background-meta":{"desktop":{"background-color":"","background-image":"","background-repeat":"repeat","background-position":"center center","background-size":"auto","background-attachment":"scroll","background-type":"","background-media":"","overlay-type":"","overlay-color":"","overlay-opacity":"","overlay-gradient":""},"tablet":{"background-color":"","background-image":"","background-repeat":"repeat","background-position":"center center","background-size":"auto","background-attachment":"scroll","background-type":"","background-media":"","overlay-type":"","overlay-color":"","overlay-opacity":"","overlay-gradient":""},"mobile":{"background-color":"","background-image":"","background-repeat":"repeat","background-position":"center center","background-size":"auto","background-attachment":"scroll","background-type":"","background-media":"","overlay-type":"","overlay-color":"","overlay-opacity":"","overlay-gradient":""}},"ast-content-background-meta":{"desktop":{"background-color":"var(--ast-global-color-5)","background-image":"","background-repeat":"repeat","background-position":"center center","background-size":"auto","background-attachment":"scroll","background-type":"","background-media":"","overlay-type":"","overlay-color":"","overlay-opacity":"","overlay-gradient":""},"tablet":{"background-color":"var(--ast-global-color-5)","background-image":"","background-repeat":"repeat","background-position":"center center","background-size":"auto","background-attachment":"scroll","background-type":"","background-media":"","overlay-type":"","overlay-color":"","overlay-opacity":"","overlay-gradient":""},"mobile":{"background-color":"var(--ast-global-color-5)","background-image":"","background-repeat":"repeat","background-position":"center center","background-size":"auto","background-attachment":"scroll","background-type":"","background-media":"","overlay-type":"","overlay-color":"","overlay-opacity":"","overlay-gradient":""}}},"product_brand":[],"product_cat":[22956],"product_tag":[],"class_list":{"0":"post-490773","1":"product","2":"type-product","3":"status-publish","4":"has-post-thumbnail","6":"product_cat-keine-kategorie","7":"desktop-align-center","8":"tablet-align-center","9":"mobile-align-center","10":"ast-product-gallery-layout-horizontal","11":"ast-product-tabs-layout-horizontal","13":"first","14":"instock","15":"taxable","16":"shipping-taxable","17":"purchasable","18":"product-type-simple"},"acf":[],"yoast_head":"<!-- This site is optimized with the Yoast SEO plugin v26.5 - https:\/\/yoast.com\/wordpress\/plugins\/seo\/ -->\n<title>Antenne f\u00fcr Autoradio - SMB-Buchse - 3M Kabel - Aktive DAB+ Antenne - Fenstereinbau (ANT741-DAB) - Caliber Europe B.V.<\/title>\n<meta name=\"robots\" content=\"noindex, follow, max-snippet:-1, max-image-preview:large, max-video-preview:-1\" \/>\n<meta property=\"og:locale\" content=\"de_DE\" \/>\n<meta property=\"og:type\" content=\"article\" \/>\n<meta property=\"og:title\" content=\"Antenne f\u00fcr Autoradio - SMB-Buchse - 3M Kabel - Aktive DAB+ Antenne - Fenstereinbau (ANT741-DAB) - Caliber Europe B.V.\" \/>\n<meta property=\"og:description\" content=\"Genie\u00dfen Sie kristallklaren Radiosound im Auto dank der Caliber DAB+ Antenne. Die Antenne sorgt daf\u00fcr, dass Sie \u00fcberall guten Empfang mit Ihrem Radio haben. Verwenden Sie die DAB-Antenne z.B. f\u00fcr Ihr Autoradio. Das Kabel der Antenne ist 300 cm lang, sodass Sie immer genug Platz haben, um sie an einem geeigneten Ort zu platzieren. Die [&hellip;]\" \/>\n<meta property=\"og:url\" content=\"https:\/\/b2b.calibereurope.com\/de\/produkt\/ant741-dab-de_de\/\" \/>\n<meta property=\"og:site_name\" content=\"Caliber Europe B.V.\" \/>\n<meta property=\"article:modified_time\" content=\"2025-12-04T14:02:32+00:00\" \/>\n<meta property=\"og:image\" content=\"https:\/\/b2b.calibereurope.com\/wp-content\/uploads\/2021\/09\/3dbda10c8a078a2c69c62acec82ab1ba0ea2a92f_ANT741_DAB.jpg\" \/>\n\t<meta property=\"og:image:width\" content=\"1024\" \/>\n\t<meta property=\"og:image:height\" content=\"768\" \/>\n\t<meta property=\"og:image:type\" content=\"image\/jpeg\" \/>\n<meta name=\"twitter:card\" content=\"summary_large_image\" \/>\n<meta name=\"twitter:label1\" content=\"Gesch\u00e4tzte Lesezeit\" \/>\n\t<meta name=\"twitter:data1\" content=\"1\u00a0Minute\" \/>\n<script type=\"application\/ld+json\" class=\"yoast-schema-graph\">{\"@context\":\"https:\/\/schema.org\",\"@graph\":[{\"@type\":\"WebPage\",\"@id\":\"https:\/\/b2b.calibereurope.com\/de\/produkt\/ant741-dab-de_de\/\",\"url\":\"https:\/\/b2b.calibereurope.com\/de\/produkt\/ant741-dab-de_de\/\",\"name\":\"Antenne f\u00fcr Autoradio - SMB-Buchse - 3M Kabel - Aktive DAB+ Antenne - Fenstereinbau (ANT741-DAB) - Caliber Europe B.V.\",\"isPartOf\":{\"@id\":\"https:\/\/b2b.calibereurope.com\/#website\"},\"primaryImageOfPage\":{\"@id\":\"https:\/\/b2b.calibereurope.com\/de\/produkt\/ant741-dab-de_de\/#primaryimage\"},\"image\":{\"@id\":\"https:\/\/b2b.calibereurope.com\/de\/produkt\/ant741-dab-de_de\/#primaryimage\"},\"thumbnailUrl\":\"https:\/\/b2b.calibereurope.com\/wp-content\/uploads\/2025\/12\/3dbda10c8a078a2c69c62acec82ab1ba0ea2a92f_ANT741_DAB-4.jpg\",\"datePublished\":\"2025-12-04T00:00:00+00:00\",\"dateModified\":\"2025-12-04T14:02:32+00:00\",\"breadcrumb\":{\"@id\":\"https:\/\/b2b.calibereurope.com\/de\/produkt\/ant741-dab-de_de\/#breadcrumb\"},\"inLanguage\":\"de\",\"potentialAction\":[{\"@type\":\"ReadAction\",\"target\":[\"https:\/\/b2b.calibereurope.com\/de\/produkt\/ant741-dab-de_de\/\"]}]},{\"@type\":\"ImageObject\",\"inLanguage\":\"de\",\"@id\":\"https:\/\/b2b.calibereurope.com\/de\/produkt\/ant741-dab-de_de\/#primaryimage\",\"url\":\"https:\/\/b2b.calibereurope.com\/wp-content\/uploads\/2025\/12\/3dbda10c8a078a2c69c62acec82ab1ba0ea2a92f_ANT741_DAB-4.jpg\",\"contentUrl\":\"https:\/\/b2b.calibereurope.com\/wp-content\/uploads\/2025\/12\/3dbda10c8a078a2c69c62acec82ab1ba0ea2a92f_ANT741_DAB-4.jpg\",\"width\":1024,\"height\":768},{\"@type\":\"BreadcrumbList\",\"@id\":\"https:\/\/b2b.calibereurope.com\/de\/produkt\/ant741-dab-de_de\/#breadcrumb\",\"itemListElement\":[{\"@type\":\"ListItem\",\"position\":1,\"name\":\"Home\",\"item\":\"https:\/\/b2b.calibereurope.com\/de\/\"},{\"@type\":\"ListItem\",\"position\":2,\"name\":\"Shop\",\"item\":\"https:\/\/b2b.calibereurope.com\/de\/shop\/\"},{\"@type\":\"ListItem\",\"position\":3,\"name\":\"Antenne &#8211; DAB+ (ANT741-DAB)\"}]},{\"@type\":\"WebSite\",\"@id\":\"https:\/\/b2b.calibereurope.com\/#website\",\"url\":\"https:\/\/b2b.calibereurope.com\/\",\"name\":\"Caliber Europe B.V.\",\"description\":\"B2B Webshop\",\"publisher\":{\"@id\":\"https:\/\/b2b.calibereurope.com\/#organization\"},\"potentialAction\":[{\"@type\":\"SearchAction\",\"target\":{\"@type\":\"EntryPoint\",\"urlTemplate\":\"https:\/\/b2b.calibereurope.com\/?s={search_term_string}\"},\"query-input\":{\"@type\":\"PropertyValueSpecification\",\"valueRequired\":true,\"valueName\":\"search_term_string\"}}],\"inLanguage\":\"de\"},{\"@type\":\"Organization\",\"@id\":\"https:\/\/b2b.calibereurope.com\/#organization\",\"name\":\"Caliber Europe B.V.\",\"url\":\"https:\/\/b2b.calibereurope.com\/\",\"logo\":{\"@type\":\"ImageObject\",\"inLanguage\":\"de\",\"@id\":\"https:\/\/b2b.calibereurope.com\/#\/schema\/logo\/image\/\",\"url\":\"https:\/\/b2b.calibereurope.com\/wp-content\/uploads\/2020\/12\/Caliber_Logo-Black.png\",\"contentUrl\":\"https:\/\/b2b.calibereurope.com\/wp-content\/uploads\/2020\/12\/Caliber_Logo-Black.png\",\"width\":3157,\"height\":356,\"caption\":\"Caliber Europe B.V.\"},\"image\":{\"@id\":\"https:\/\/b2b.calibereurope.com\/#\/schema\/logo\/image\/\"}}]}<\/script>\n<!-- \/ Yoast SEO plugin. -->","yoast_head_json":{"title":"Antenne f\u00fcr Autoradio - SMB-Buchse - 3M Kabel - Aktive DAB+ Antenne - Fenstereinbau (ANT741-DAB) - Caliber Europe B.V.","robots":{"index":"noindex","follow":"follow","max-snippet":"max-snippet:-1","max-image-preview":"max-image-preview:large","max-video-preview":"max-video-preview:-1"},"og_locale":"de_DE","og_type":"article","og_title":"Antenne f\u00fcr Autoradio - SMB-Buchse - 3M Kabel - Aktive DAB+ Antenne - Fenstereinbau (ANT741-DAB) - Caliber Europe B.V.","og_description":"Genie\u00dfen Sie kristallklaren Radiosound im Auto dank der Caliber DAB+ Antenne. Die Antenne sorgt daf\u00fcr, dass Sie \u00fcberall guten Empfang mit Ihrem Radio haben. Verwenden Sie die DAB-Antenne z.B. f\u00fcr Ihr Autoradio. Das Kabel der Antenne ist 300 cm lang, sodass Sie immer genug Platz haben, um sie an einem geeigneten Ort zu platzieren. Die [&hellip;]","og_url":"https:\/\/b2b.calibereurope.com\/de\/produkt\/ant741-dab-de_de\/","og_site_name":"Caliber Europe B.V.","article_modified_time":"2025-12-04T14:02:32+00:00","og_image":[{"width":1024,"height":768,"url":"https:\/\/b2b.calibereurope.com\/wp-content\/uploads\/2021\/09\/3dbda10c8a078a2c69c62acec82ab1ba0ea2a92f_ANT741_DAB.jpg","type":"image\/jpeg"}],"twitter_card":"summary_large_image","twitter_misc":{"Gesch\u00e4tzte Lesezeit":"1\u00a0Minute"},"schema":{"@context":"https:\/\/schema.org","@graph":[{"@type":"WebPage","@id":"https:\/\/b2b.calibereurope.com\/de\/produkt\/ant741-dab-de_de\/","url":"https:\/\/b2b.calibereurope.com\/de\/produkt\/ant741-dab-de_de\/","name":"Antenne f\u00fcr Autoradio - SMB-Buchse - 3M Kabel - Aktive DAB+ Antenne - Fenstereinbau (ANT741-DAB) - Caliber Europe B.V.","isPartOf":{"@id":"https:\/\/b2b.calibereurope.com\/#website"},"primaryImageOfPage":{"@id":"https:\/\/b2b.calibereurope.com\/de\/produkt\/ant741-dab-de_de\/#primaryimage"},"image":{"@id":"https:\/\/b2b.calibereurope.com\/de\/produkt\/ant741-dab-de_de\/#primaryimage"},"thumbnailUrl":"https:\/\/b2b.calibereurope.com\/wp-content\/uploads\/2025\/12\/3dbda10c8a078a2c69c62acec82ab1ba0ea2a92f_ANT741_DAB-4.jpg","datePublished":"2025-12-04T00:00:00+00:00","dateModified":"2025-12-04T14:02:32+00:00","breadcrumb":{"@id":"https:\/\/b2b.calibereurope.com\/de\/produkt\/ant741-dab-de_de\/#breadcrumb"},"inLanguage":"de","potentialAction":[{"@type":"ReadAction","target":["https:\/\/b2b.calibereurope.com\/de\/produkt\/ant741-dab-de_de\/"]}]},{"@type":"ImageObject","inLanguage":"de","@id":"https:\/\/b2b.calibereurope.com\/de\/produkt\/ant741-dab-de_de\/#primaryimage","url":"https:\/\/b2b.calibereurope.com\/wp-content\/uploads\/2025\/12\/3dbda10c8a078a2c69c62acec82ab1ba0ea2a92f_ANT741_DAB-4.jpg","contentUrl":"https:\/\/b2b.calibereurope.com\/wp-content\/uploads\/2025\/12\/3dbda10c8a078a2c69c62acec82ab1ba0ea2a92f_ANT741_DAB-4.jpg","width":1024,"height":768},{"@type":"BreadcrumbList","@id":"https:\/\/b2b.calibereurope.com\/de\/produkt\/ant741-dab-de_de\/#breadcrumb","itemListElement":[{"@type":"ListItem","position":1,"name":"Home","item":"https:\/\/b2b.calibereurope.com\/de\/"},{"@type":"ListItem","position":2,"name":"Shop","item":"https:\/\/b2b.calibereurope.com\/de\/shop\/"},{"@type":"ListItem","position":3,"name":"Antenne &#8211; DAB+ (ANT741-DAB)"}]},{"@type":"WebSite","@id":"https:\/\/b2b.calibereurope.com\/#website","url":"https:\/\/b2b.calibereurope.com\/","name":"Caliber Europe B.V.","description":"B2B Webshop","publisher":{"@id":"https:\/\/b2b.calibereurope.com\/#organization"},"potentialAction":[{"@type":"SearchAction","target":{"@type":"EntryPoint","urlTemplate":"https:\/\/b2b.calibereurope.com\/?s={search_term_string}"},"query-input":{"@type":"PropertyValueSpecification","valueRequired":true,"valueName":"search_term_string"}}],"inLanguage":"de"},{"@type":"Organization","@id":"https:\/\/b2b.calibereurope.com\/#organization","name":"Caliber Europe B.V.","url":"https:\/\/b2b.calibereurope.com\/","logo":{"@type":"ImageObject","inLanguage":"de","@id":"https:\/\/b2b.calibereurope.com\/#\/schema\/logo\/image\/","url":"https:\/\/b2b.calibereurope.com\/wp-content\/uploads\/2020\/12\/Caliber_Logo-Black.png","contentUrl":"https:\/\/b2b.calibereurope.com\/wp-content\/uploads\/2020\/12\/Caliber_Logo-Black.png","width":3157,"height":356,"caption":"Caliber Europe B.V."},"image":{"@id":"https:\/\/b2b.calibereurope.com\/#\/schema\/logo\/image\/"}}]}},"_links":{"self":[{"href":"https:\/\/b2b.calibereurope.com\/de\/wp-json\/wp\/v2\/product\/490773","targetHints":{"allow":["GET"]}}],"collection":[{"href":"https:\/\/b2b.calibereurope.com\/de\/wp-json\/wp\/v2\/product"}],"about":[{"href":"https:\/\/b2b.calibereurope.com\/de\/wp-json\/wp\/v2\/types\/product"}],"version-history":[{"count":0,"href":"https:\/\/b2b.calibereurope.com\/de\/wp-json\/wp\/v2\/product\/490773\/revisions"}],"wp:featuredmedia":[{"embeddable":true,"href":"https:\/\/b2b.calibereurope.com\/de\/wp-json\/wp\/v2\/media\/869379"}],"wp:attachment":[{"href":"https:\/\/b2b.calibereurope.com\/de\/wp-json\/wp\/v2\/media?parent=490773"}],"wp:term":[{"taxonomy":"product_brand","embeddable":true,"href":"https:\/\/b2b.calibereurope.com\/de\/wp-json\/wp\/v2\/product_brand?post=490773"},{"taxonomy":"product_cat","embeddable":true,"href":"https:\/\/b2b.calibereurope.com\/de\/wp-json\/wp\/v2\/product_cat?post=490773"},{"taxonomy":"product_tag","embeddable":true,"href":"https:\/\/b2b.calibereurope.com\/de\/wp-json\/wp\/v2\/product_tag?post=490773"}],"curies":[{"name":"wp","href":"https:\/\/api.w.org\/{rel}","templated":true}]}}