{"id":491053,"date":"2025-10-07T02:00:00","date_gmt":"2025-10-07T00:00:00","guid":{"rendered":""},"modified":"2025-10-07T12:14:08","modified_gmt":"2025-10-07T10:14:08","slug":"PSQ10C-B-de_DE","status":"publish","type":"product","link":"https:\/\/b2b.calibereurope.com\/de\/produkt\/PSQ10C-B-de_DE\/","title":{"rendered":"Drahtloses Qi-Ladeger\u00e4t &#8211; mit Adapter Schwarz (PSQ10C-B)"},"content":{"rendered":"<p>Mit dem Caliber PSQ10C\/B QI-zertifizierten Ladeger\u00e4t ist das drahtlose Aufladen Ihres Telefons ein Kinderspiel. Das kabellose Ladeger\u00e4t ist universell einsetzbar und daher f\u00fcr Smartphones wie Apple, Samsung, Nokia und andere Marken mit Unterst\u00fctzung f\u00fcr kabelloses Laden geeignet.<\/p>\n<p><strong>Schnellladeger\u00e4t<\/strong><br \/>Das PSQ10C\/B wird mit einem 220V USB-Schnellladeger\u00e4t geliefert. Die Ladeplattform selbst erkennt, ob das Smartphone zum Schnellladen geeignet ist, und schaltet automatisch um. <strong>\u00dcber Schnellladung ist Ihr Telefon innerhalb von 1 Stunde vollst\u00e4ndig aufgeladen!<\/strong><\/p>\n<p><strong>Einfach zu benutzen<\/strong><br \/>Schnurloses Laden ist ideal, wenn Sie Ihr Telefon viel benutzen. Legen Sie zum Beispiel die Ladefl\u00e4che auf Ihren Schreibtisch. Mit einer geringen H\u00f6he von 4 mm nimmt sie auch wenig Platz ein. Stellen Sie Ihr Ger\u00e4t einfach auf die Plattform, wenn es nicht in Gebrauch ist. Wenn Sie eine Nachricht oder einen Anruf erhalten, nehmen Sie sie genauso einfach entgegen. Kein \u00c4rger mit Steckern und zu kurzen Ladekabeln.<\/p>\n<p><strong>\u00dcberall im Haus aufladen<\/strong><br \/> Legen Sie au\u00dferdem ein kabelloses Schnellladeger\u00e4t von Caliber auf einen Beistelltisch oder eine Fensterbank in der N\u00e4he Ihres Sitzbereichs. Stellen Sie eine neben Ihrem Bett oder in der K\u00fcche auf. Jeder in der Familie kann sein Telefon darauf legen. Keine losen Kabel mehr und keine leeren Telefone.<\/p>\n","protected":false},"excerpt":{"rendered":"<p>Mit dem Caliber PSQ10C\/B QI-zertifizierten Ladeger\u00e4t ist das drahtlose Aufladen Ihres Telefons ein Kinderspiel. Das kabellose Ladeger\u00e4t ist universell einsetzbar und daher f\u00fcr Smartphones wie Apple, Samsung, Nokia und andere Marken mit Unterst\u00fctzung f\u00fcr kabelloses Laden geeignet. Schnellladeger\u00e4tDas PSQ10C\/B wird mit einem 220V USB-Schnellladeger\u00e4t geliefert. Die Ladeplattform selbst erkennt, ob das Smartphone zum Schnellladen geeignet [&hellip;]<\/p>\n","protected":false},"featured_media":859101,"template":"","meta":{"_acf_changed":false,"site-sidebar-layout":"default","site-content-layout":"","ast-site-content-layout":"default","site-content-style":"default","site-sidebar-style":"default","ast-global-header-display":"","ast-banner-title-visibility":"","ast-main-header-display":"","ast-hfb-above-header-display":"","ast-hfb-below-header-display":"","ast-hfb-mobile-header-display":"","site-post-title":"","ast-breadcrumbs-content":"","ast-featured-img":"","footer-sml-layout":"","theme-transparent-header-meta":"","adv-header-id-meta":"","stick-header-meta":"","header-above-stick-meta":"","header-main-stick-meta":"","header-below-stick-meta":"","astra-migrate-meta-layouts":"default","ast-page-background-enabled":"default","ast-page-background-meta":{"desktop":{"background-color":"","background-image":"","background-repeat":"repeat","background-position":"center center","background-size":"auto","background-attachment":"scroll","background-type":"","background-media":"","overlay-type":"","overlay-color":"","overlay-opacity":"","overlay-gradient":""},"tablet":{"background-color":"","background-image":"","background-repeat":"repeat","background-position":"center center","background-size":"auto","background-attachment":"scroll","background-type":"","background-media":"","overlay-type":"","overlay-color":"","overlay-opacity":"","overlay-gradient":""},"mobile":{"background-color":"","background-image":"","background-repeat":"repeat","background-position":"center center","background-size":"auto","background-attachment":"scroll","background-type":"","background-media":"","overlay-type":"","overlay-color":"","overlay-opacity":"","overlay-gradient":""}},"ast-content-background-meta":{"desktop":{"background-color":"var(--ast-global-color-5)","background-image":"","background-repeat":"repeat","background-position":"center center","background-size":"auto","background-attachment":"scroll","background-type":"","background-media":"","overlay-type":"","overlay-color":"","overlay-opacity":"","overlay-gradient":""},"tablet":{"background-color":"var(--ast-global-color-5)","background-image":"","background-repeat":"repeat","background-position":"center center","background-size":"auto","background-attachment":"scroll","background-type":"","background-media":"","overlay-type":"","overlay-color":"","overlay-opacity":"","overlay-gradient":""},"mobile":{"background-color":"var(--ast-global-color-5)","background-image":"","background-repeat":"repeat","background-position":"center center","background-size":"auto","background-attachment":"scroll","background-type":"","background-media":"","overlay-type":"","overlay-color":"","overlay-opacity":"","overlay-gradient":""}}},"product_brand":[],"product_cat":[22956],"product_tag":[],"class_list":{"0":"post-491053","1":"product","2":"type-product","3":"status-publish","4":"has-post-thumbnail","6":"product_cat-keine-kategorie","7":"desktop-align-center","8":"tablet-align-center","9":"mobile-align-center","10":"ast-product-gallery-layout-horizontal","11":"ast-product-tabs-layout-horizontal","13":"first","14":"instock","15":"taxable","16":"shipping-taxable","17":"purchasable","18":"product-type-simple"},"acf":[],"yoast_head":"<!-- This site is optimized with the Yoast SEO plugin v26.5 - https:\/\/yoast.com\/wordpress\/plugins\/seo\/ -->\n<title>Drahtloses Qi-Ladeger\u00e4t - mit Adapter Schwarz (PSQ10C-B) - Caliber Europe B.V.<\/title>\n<meta name=\"robots\" content=\"noindex, follow, max-snippet:-1, max-image-preview:large, max-video-preview:-1\" \/>\n<meta property=\"og:locale\" content=\"de_DE\" \/>\n<meta property=\"og:type\" content=\"article\" \/>\n<meta property=\"og:title\" content=\"Drahtloses Qi-Ladeger\u00e4t - mit Adapter Schwarz (PSQ10C-B) - Caliber Europe B.V.\" \/>\n<meta property=\"og:description\" content=\"Mit dem Caliber PSQ10C\/B QI-zertifizierten Ladeger\u00e4t ist das drahtlose Aufladen Ihres Telefons ein Kinderspiel. Das kabellose Ladeger\u00e4t ist universell einsetzbar und daher f\u00fcr Smartphones wie Apple, Samsung, Nokia und andere Marken mit Unterst\u00fctzung f\u00fcr kabelloses Laden geeignet. Schnellladeger\u00e4tDas PSQ10C\/B wird mit einem 220V USB-Schnellladeger\u00e4t geliefert. Die Ladeplattform selbst erkennt, ob das Smartphone zum Schnellladen geeignet [&hellip;]\" \/>\n<meta property=\"og:url\" content=\"https:\/\/b2b.calibereurope.com\/de\/produkt\/psq10c-b-de_de\/\" \/>\n<meta property=\"og:site_name\" content=\"Caliber Europe B.V.\" \/>\n<meta property=\"article:modified_time\" content=\"2025-10-07T10:14:08+00:00\" \/>\n<meta property=\"og:image\" content=\"https:\/\/b2b.calibereurope.com\/wp-content\/uploads\/2021\/09\/044fe170ec9ffa96cba49e53e1d4022fb1b5873f_PSQ10C_B_web.jpg\" \/>\n\t<meta property=\"og:image:width\" content=\"1024\" \/>\n\t<meta property=\"og:image:height\" content=\"768\" \/>\n\t<meta property=\"og:image:type\" content=\"image\/jpeg\" \/>\n<meta name=\"twitter:card\" content=\"summary_large_image\" \/>\n<meta name=\"twitter:label1\" content=\"Gesch\u00e4tzte Lesezeit\" \/>\n\t<meta name=\"twitter:data1\" content=\"1\u00a0Minute\" \/>\n<script type=\"application\/ld+json\" class=\"yoast-schema-graph\">{\"@context\":\"https:\/\/schema.org\",\"@graph\":[{\"@type\":\"WebPage\",\"@id\":\"https:\/\/b2b.calibereurope.com\/de\/produkt\/psq10c-b-de_de\/\",\"url\":\"https:\/\/b2b.calibereurope.com\/de\/produkt\/psq10c-b-de_de\/\",\"name\":\"Drahtloses Qi-Ladeger\u00e4t - mit Adapter Schwarz (PSQ10C-B) - Caliber Europe B.V.\",\"isPartOf\":{\"@id\":\"https:\/\/b2b.calibereurope.com\/#website\"},\"primaryImageOfPage\":{\"@id\":\"https:\/\/b2b.calibereurope.com\/de\/produkt\/psq10c-b-de_de\/#primaryimage\"},\"image\":{\"@id\":\"https:\/\/b2b.calibereurope.com\/de\/produkt\/psq10c-b-de_de\/#primaryimage\"},\"thumbnailUrl\":\"https:\/\/b2b.calibereurope.com\/wp-content\/uploads\/2025\/10\/044fe170ec9ffa96cba49e53e1d4022fb1b5873f_PSQ10C_B_web.jpg\",\"datePublished\":\"2025-10-07T00:00:00+00:00\",\"dateModified\":\"2025-10-07T10:14:08+00:00\",\"breadcrumb\":{\"@id\":\"https:\/\/b2b.calibereurope.com\/de\/produkt\/psq10c-b-de_de\/#breadcrumb\"},\"inLanguage\":\"de\",\"potentialAction\":[{\"@type\":\"ReadAction\",\"target\":[\"https:\/\/b2b.calibereurope.com\/de\/produkt\/psq10c-b-de_de\/\"]}]},{\"@type\":\"ImageObject\",\"inLanguage\":\"de\",\"@id\":\"https:\/\/b2b.calibereurope.com\/de\/produkt\/psq10c-b-de_de\/#primaryimage\",\"url\":\"https:\/\/b2b.calibereurope.com\/wp-content\/uploads\/2025\/10\/044fe170ec9ffa96cba49e53e1d4022fb1b5873f_PSQ10C_B_web.jpg\",\"contentUrl\":\"https:\/\/b2b.calibereurope.com\/wp-content\/uploads\/2025\/10\/044fe170ec9ffa96cba49e53e1d4022fb1b5873f_PSQ10C_B_web.jpg\",\"width\":1024,\"height\":768},{\"@type\":\"BreadcrumbList\",\"@id\":\"https:\/\/b2b.calibereurope.com\/de\/produkt\/psq10c-b-de_de\/#breadcrumb\",\"itemListElement\":[{\"@type\":\"ListItem\",\"position\":1,\"name\":\"Home\",\"item\":\"https:\/\/b2b.calibereurope.com\/de\/\"},{\"@type\":\"ListItem\",\"position\":2,\"name\":\"Shop\",\"item\":\"https:\/\/b2b.calibereurope.com\/de\/shop\/\"},{\"@type\":\"ListItem\",\"position\":3,\"name\":\"Drahtloses Qi-Ladeger\u00e4t &#8211; mit Adapter Schwarz (PSQ10C-B)\"}]},{\"@type\":\"WebSite\",\"@id\":\"https:\/\/b2b.calibereurope.com\/#website\",\"url\":\"https:\/\/b2b.calibereurope.com\/\",\"name\":\"Caliber Europe B.V.\",\"description\":\"B2B Webshop\",\"publisher\":{\"@id\":\"https:\/\/b2b.calibereurope.com\/#organization\"},\"potentialAction\":[{\"@type\":\"SearchAction\",\"target\":{\"@type\":\"EntryPoint\",\"urlTemplate\":\"https:\/\/b2b.calibereurope.com\/?s={search_term_string}\"},\"query-input\":{\"@type\":\"PropertyValueSpecification\",\"valueRequired\":true,\"valueName\":\"search_term_string\"}}],\"inLanguage\":\"de\"},{\"@type\":\"Organization\",\"@id\":\"https:\/\/b2b.calibereurope.com\/#organization\",\"name\":\"Caliber Europe B.V.\",\"url\":\"https:\/\/b2b.calibereurope.com\/\",\"logo\":{\"@type\":\"ImageObject\",\"inLanguage\":\"de\",\"@id\":\"https:\/\/b2b.calibereurope.com\/#\/schema\/logo\/image\/\",\"url\":\"https:\/\/b2b.calibereurope.com\/wp-content\/uploads\/2020\/12\/Caliber_Logo-Black.png\",\"contentUrl\":\"https:\/\/b2b.calibereurope.com\/wp-content\/uploads\/2020\/12\/Caliber_Logo-Black.png\",\"width\":3157,\"height\":356,\"caption\":\"Caliber Europe B.V.\"},\"image\":{\"@id\":\"https:\/\/b2b.calibereurope.com\/#\/schema\/logo\/image\/\"}}]}<\/script>\n<!-- \/ Yoast SEO plugin. -->","yoast_head_json":{"title":"Drahtloses Qi-Ladeger\u00e4t - mit Adapter Schwarz (PSQ10C-B) - Caliber Europe B.V.","robots":{"index":"noindex","follow":"follow","max-snippet":"max-snippet:-1","max-image-preview":"max-image-preview:large","max-video-preview":"max-video-preview:-1"},"og_locale":"de_DE","og_type":"article","og_title":"Drahtloses Qi-Ladeger\u00e4t - mit Adapter Schwarz (PSQ10C-B) - Caliber Europe B.V.","og_description":"Mit dem Caliber PSQ10C\/B QI-zertifizierten Ladeger\u00e4t ist das drahtlose Aufladen Ihres Telefons ein Kinderspiel. Das kabellose Ladeger\u00e4t ist universell einsetzbar und daher f\u00fcr Smartphones wie Apple, Samsung, Nokia und andere Marken mit Unterst\u00fctzung f\u00fcr kabelloses Laden geeignet. Schnellladeger\u00e4tDas PSQ10C\/B wird mit einem 220V USB-Schnellladeger\u00e4t geliefert. Die Ladeplattform selbst erkennt, ob das Smartphone zum Schnellladen geeignet [&hellip;]","og_url":"https:\/\/b2b.calibereurope.com\/de\/produkt\/psq10c-b-de_de\/","og_site_name":"Caliber Europe B.V.","article_modified_time":"2025-10-07T10:14:08+00:00","og_image":[{"width":1024,"height":768,"url":"https:\/\/b2b.calibereurope.com\/wp-content\/uploads\/2021\/09\/044fe170ec9ffa96cba49e53e1d4022fb1b5873f_PSQ10C_B_web.jpg","type":"image\/jpeg"}],"twitter_card":"summary_large_image","twitter_misc":{"Gesch\u00e4tzte Lesezeit":"1\u00a0Minute"},"schema":{"@context":"https:\/\/schema.org","@graph":[{"@type":"WebPage","@id":"https:\/\/b2b.calibereurope.com\/de\/produkt\/psq10c-b-de_de\/","url":"https:\/\/b2b.calibereurope.com\/de\/produkt\/psq10c-b-de_de\/","name":"Drahtloses Qi-Ladeger\u00e4t - mit Adapter Schwarz (PSQ10C-B) - Caliber Europe B.V.","isPartOf":{"@id":"https:\/\/b2b.calibereurope.com\/#website"},"primaryImageOfPage":{"@id":"https:\/\/b2b.calibereurope.com\/de\/produkt\/psq10c-b-de_de\/#primaryimage"},"image":{"@id":"https:\/\/b2b.calibereurope.com\/de\/produkt\/psq10c-b-de_de\/#primaryimage"},"thumbnailUrl":"https:\/\/b2b.calibereurope.com\/wp-content\/uploads\/2025\/10\/044fe170ec9ffa96cba49e53e1d4022fb1b5873f_PSQ10C_B_web.jpg","datePublished":"2025-10-07T00:00:00+00:00","dateModified":"2025-10-07T10:14:08+00:00","breadcrumb":{"@id":"https:\/\/b2b.calibereurope.com\/de\/produkt\/psq10c-b-de_de\/#breadcrumb"},"inLanguage":"de","potentialAction":[{"@type":"ReadAction","target":["https:\/\/b2b.calibereurope.com\/de\/produkt\/psq10c-b-de_de\/"]}]},{"@type":"ImageObject","inLanguage":"de","@id":"https:\/\/b2b.calibereurope.com\/de\/produkt\/psq10c-b-de_de\/#primaryimage","url":"https:\/\/b2b.calibereurope.com\/wp-content\/uploads\/2025\/10\/044fe170ec9ffa96cba49e53e1d4022fb1b5873f_PSQ10C_B_web.jpg","contentUrl":"https:\/\/b2b.calibereurope.com\/wp-content\/uploads\/2025\/10\/044fe170ec9ffa96cba49e53e1d4022fb1b5873f_PSQ10C_B_web.jpg","width":1024,"height":768},{"@type":"BreadcrumbList","@id":"https:\/\/b2b.calibereurope.com\/de\/produkt\/psq10c-b-de_de\/#breadcrumb","itemListElement":[{"@type":"ListItem","position":1,"name":"Home","item":"https:\/\/b2b.calibereurope.com\/de\/"},{"@type":"ListItem","position":2,"name":"Shop","item":"https:\/\/b2b.calibereurope.com\/de\/shop\/"},{"@type":"ListItem","position":3,"name":"Drahtloses Qi-Ladeger\u00e4t &#8211; mit Adapter Schwarz (PSQ10C-B)"}]},{"@type":"WebSite","@id":"https:\/\/b2b.calibereurope.com\/#website","url":"https:\/\/b2b.calibereurope.com\/","name":"Caliber Europe B.V.","description":"B2B Webshop","publisher":{"@id":"https:\/\/b2b.calibereurope.com\/#organization"},"potentialAction":[{"@type":"SearchAction","target":{"@type":"EntryPoint","urlTemplate":"https:\/\/b2b.calibereurope.com\/?s={search_term_string}"},"query-input":{"@type":"PropertyValueSpecification","valueRequired":true,"valueName":"search_term_string"}}],"inLanguage":"de"},{"@type":"Organization","@id":"https:\/\/b2b.calibereurope.com\/#organization","name":"Caliber Europe B.V.","url":"https:\/\/b2b.calibereurope.com\/","logo":{"@type":"ImageObject","inLanguage":"de","@id":"https:\/\/b2b.calibereurope.com\/#\/schema\/logo\/image\/","url":"https:\/\/b2b.calibereurope.com\/wp-content\/uploads\/2020\/12\/Caliber_Logo-Black.png","contentUrl":"https:\/\/b2b.calibereurope.com\/wp-content\/uploads\/2020\/12\/Caliber_Logo-Black.png","width":3157,"height":356,"caption":"Caliber Europe B.V."},"image":{"@id":"https:\/\/b2b.calibereurope.com\/#\/schema\/logo\/image\/"}}]}},"_links":{"self":[{"href":"https:\/\/b2b.calibereurope.com\/de\/wp-json\/wp\/v2\/product\/491053","targetHints":{"allow":["GET"]}}],"collection":[{"href":"https:\/\/b2b.calibereurope.com\/de\/wp-json\/wp\/v2\/product"}],"about":[{"href":"https:\/\/b2b.calibereurope.com\/de\/wp-json\/wp\/v2\/types\/product"}],"version-history":[{"count":0,"href":"https:\/\/b2b.calibereurope.com\/de\/wp-json\/wp\/v2\/product\/491053\/revisions"}],"wp:featuredmedia":[{"embeddable":true,"href":"https:\/\/b2b.calibereurope.com\/de\/wp-json\/wp\/v2\/media\/859101"}],"wp:attachment":[{"href":"https:\/\/b2b.calibereurope.com\/de\/wp-json\/wp\/v2\/media?parent=491053"}],"wp:term":[{"taxonomy":"product_brand","embeddable":true,"href":"https:\/\/b2b.calibereurope.com\/de\/wp-json\/wp\/v2\/product_brand?post=491053"},{"taxonomy":"product_cat","embeddable":true,"href":"https:\/\/b2b.calibereurope.com\/de\/wp-json\/wp\/v2\/product_cat?post=491053"},{"taxonomy":"product_tag","embeddable":true,"href":"https:\/\/b2b.calibereurope.com\/de\/wp-json\/wp\/v2\/product_tag?post=491053"}],"curies":[{"name":"wp","href":"https:\/\/api.w.org\/{rel}","templated":true}]}}