{"id":491613,"date":"2023-12-21T01:00:00","date_gmt":"2023-12-21T00:00:00","guid":{"rendered":""},"modified":"2024-12-27T00:33:37","modified_gmt":"2024-12-26T23:33:37","slug":"hpg407bt-de_de","status":"publish","type":"product","link":"https:\/\/b2b.calibereurope.com\/de\/produkt\/hpg407bt-de_de\/","title":{"rendered":"Mobilfunklautsprecher mit Bluetooth, USB, SD und Aux &#8211; 16 Stunden Spielzeit (HPG407BT)"},"content":{"rendered":"<p> Genie\u00dfen Sie Ihre Lieblingsmusik, wo immer Sie mit diesem Caliber HPG407BT Bluetooth -Lautsprecher sind. Dank der <strong> praktischen Traggurt <\/strong> k\u00f6nnen Sie die Musikbox leicht auf das Fahrrad oder w\u00e4hrend eines Spaziergangs nehmen. Mit <strong> 9 Watt Power <\/strong> k\u00f6nnen Sie die Musik in einer kleinen Gruppe immer genie\u00dfen. Der drahtlose Sprecher hat eine <strong> extrem lange Spielzeit <\/strong> von nicht weniger als <strong> 16 Stunden H\u00f6rvergn\u00fcgen <\/strong> und hat einen <strong> USB-, SD- und Aux -Input <\/strong>. Schlie\u00dfen Sie Ihr Telefon <strong> \u00fcber Bluetooth <\/strong> an, um Ihre bevorzugten Hits zu spielen, oder verwenden Sie die FM-Radio-Funktion , damit Sie nicht ausw\u00e4hlen m\u00fcssen, was Sie h\u00f6ren. <\/p>\n<p> <strong> Eigenschaften: <\/strong> <\/p>\n<ul>\n<li> Batterie f\u00fcr 16 Stunden Spielzeit <\/li>\n<li> Gurt <\/li>\n<li> USB -Eingabe<\/li>\n<li> USB -Eingabe<\/li>\n<li> SD-Karteneingabe <\/li>\n<li> Aux-Eingabe (3,5 mm) <\/li>\n<li> FM-Radio-Funktion <\/li>\n<li> USB-Ladekabel <\/li>\n<\/ul>\n<p> <strong> Hinweis: <\/strong> exklusives USB-Adapter <\/p>\n<h3> H\u00f6ren Sie, wie Sie m\u00f6chten<\/h3>\n<p> Verwenden Sie lieber eine andere Art der Verbindung? Dann gibt es verschiedene andere Optionen! Sie k\u00f6nnen Ger\u00e4te auch \u00fcber die USB-, SD- oder Aux -Eing\u00e4nge anschlie\u00dfen, um Musik zu spielen. Bei diesem Bluetooth -Lautsprecher mit Radiofunktion k\u00f6nnen Sie sich auch problemlos f\u00fcr einen Radiosender entscheiden, so dass es st\u00e4ndig Musik zu h\u00f6ren ist. <\/p>\n<h3> Endloser Vergn\u00fcgen <\/h3>\n<p> Dank der gebauten Batterie ben\u00f6tigen Sie keinen Socket, um Musik \u00fcber die Bluetooth -Box zu spielen. Mit einem vollen Akku k\u00f6nnen Sie auf dem Bluetooth -Lautsprecher bis zu 16 Stunden Musik spielen. Auf diese Weise k\u00f6nnen Sie zwei komplette Arbeitstage oder mehrere Abende pro Woche Ihrer Wiedergabeliste oder Ihrer Lieblings -Podcast genie\u00dfen, ohne aufzuladen. M\u00f6chten Sie die Bluetooth -Lautsprecher aufladen? Das ist einfach mit dem gelieferten USB -Ladekabel. <\/p>\n<h3> Ideal zum Mitnehmen <\/h3>\n<p> Bringen Sie den Bluetooth -Lautsprecher drahtlos in den Workshop, den Schwimmbad oder in der Umkleidekabine oder verwenden Sie den Lautsprecher als Musikinstallation in Ihrem Auto. Dank des gebauten Tragengurtes k\u00f6nnen Sie die Schachtel leicht mitnehmen, wo immer Sie gehen. Der Bluetooth -Lautsprecher verf\u00fcgt \u00fcber 9 Watt -Strom, mit denen er f\u00fcr eine kleine Gruppe von Menschen ausreichend Sound produziert. Lassen Sie Ihre Freunde die Musik durch einfache Pause, \u00fcberspringen oder einstellen, die Lautst\u00e4rke \u00fcber die Box \u00fcberspringen oder einstellen. <\/p>\n<p> <strong> <br \/> enthalten: <\/strong> <\/p>\n<ul>\n<li> Caliber HPG407BT <\/li>\n<li> USB -Ladekabel<\/li>\n<\/ul>\n","protected":false},"excerpt":{"rendered":"<p>Genie\u00dfen Sie Ihre Lieblingsmusik, wo immer Sie mit diesem Caliber HPG407BT Bluetooth -Lautsprecher sind. Dank der praktischen Traggurt k\u00f6nnen Sie die Musikbox leicht auf das Fahrrad oder w\u00e4hrend eines Spaziergangs nehmen. Mit 9 Watt Power k\u00f6nnen Sie die Musik in einer kleinen Gruppe immer genie\u00dfen. Der drahtlose Sprecher hat eine extrem lange Spielzeit von nicht [&hellip;]<\/p>\n","protected":false},"featured_media":840576,"template":"","meta":{"_acf_changed":false,"site-sidebar-layout":"default","site-content-layout":"","ast-site-content-layout":"default","site-content-style":"default","site-sidebar-style":"default","ast-global-header-display":"","ast-banner-title-visibility":"","ast-main-header-display":"","ast-hfb-above-header-display":"","ast-hfb-below-header-display":"","ast-hfb-mobile-header-display":"","site-post-title":"","ast-breadcrumbs-content":"","ast-featured-img":"","footer-sml-layout":"","theme-transparent-header-meta":"","adv-header-id-meta":"","stick-header-meta":"","header-above-stick-meta":"","header-main-stick-meta":"","header-below-stick-meta":"","astra-migrate-meta-layouts":"default","ast-page-background-enabled":"default","ast-page-background-meta":{"desktop":{"background-color":"","background-image":"","background-repeat":"repeat","background-position":"center center","background-size":"auto","background-attachment":"scroll","background-type":"","background-media":"","overlay-type":"","overlay-color":"","overlay-opacity":"","overlay-gradient":""},"tablet":{"background-color":"","background-image":"","background-repeat":"repeat","background-position":"center center","background-size":"auto","background-attachment":"scroll","background-type":"","background-media":"","overlay-type":"","overlay-color":"","overlay-opacity":"","overlay-gradient":""},"mobile":{"background-color":"","background-image":"","background-repeat":"repeat","background-position":"center center","background-size":"auto","background-attachment":"scroll","background-type":"","background-media":"","overlay-type":"","overlay-color":"","overlay-opacity":"","overlay-gradient":""}},"ast-content-background-meta":{"desktop":{"background-color":"var(--ast-global-color-5)","background-image":"","background-repeat":"repeat","background-position":"center center","background-size":"auto","background-attachment":"scroll","background-type":"","background-media":"","overlay-type":"","overlay-color":"","overlay-opacity":"","overlay-gradient":""},"tablet":{"background-color":"var(--ast-global-color-5)","background-image":"","background-repeat":"repeat","background-position":"center center","background-size":"auto","background-attachment":"scroll","background-type":"","background-media":"","overlay-type":"","overlay-color":"","overlay-opacity":"","overlay-gradient":""},"mobile":{"background-color":"var(--ast-global-color-5)","background-image":"","background-repeat":"repeat","background-position":"center center","background-size":"auto","background-attachment":"scroll","background-type":"","background-media":"","overlay-type":"","overlay-color":"","overlay-opacity":"","overlay-gradient":""}}},"product_brand":[],"product_cat":[22956],"product_tag":[],"class_list":{"0":"post-491613","1":"product","2":"type-product","3":"status-publish","4":"has-post-thumbnail","6":"product_cat-keine-kategorie","7":"desktop-align-center","8":"tablet-align-center","9":"mobile-align-center","10":"ast-product-gallery-layout-horizontal","11":"ast-product-tabs-layout-horizontal","13":"first","14":"outofstock","15":"taxable","16":"shipping-taxable","17":"purchasable","18":"product-type-simple"},"acf":[],"yoast_head":"<!-- This site is optimized with the Yoast SEO plugin v26.5 - https:\/\/yoast.com\/wordpress\/plugins\/seo\/ -->\n<title>Mobilfunklautsprecher mit Bluetooth, USB, SD und Aux - 16 Stunden Spielzeit (HPG407BT) - Caliber Europe B.V.<\/title>\n<meta name=\"robots\" content=\"noindex, follow, max-snippet:-1, max-image-preview:large, max-video-preview:-1\" \/>\n<meta property=\"og:locale\" content=\"de_DE\" \/>\n<meta property=\"og:type\" content=\"article\" \/>\n<meta property=\"og:title\" content=\"Mobilfunklautsprecher mit Bluetooth, USB, SD und Aux - 16 Stunden Spielzeit (HPG407BT) - Caliber Europe B.V.\" \/>\n<meta property=\"og:description\" content=\"Genie\u00dfen Sie Ihre Lieblingsmusik, wo immer Sie mit diesem Caliber HPG407BT Bluetooth -Lautsprecher sind. Dank der praktischen Traggurt k\u00f6nnen Sie die Musikbox leicht auf das Fahrrad oder w\u00e4hrend eines Spaziergangs nehmen. Mit 9 Watt Power k\u00f6nnen Sie die Musik in einer kleinen Gruppe immer genie\u00dfen. Der drahtlose Sprecher hat eine extrem lange Spielzeit von nicht [&hellip;]\" \/>\n<meta property=\"og:url\" content=\"https:\/\/b2b.calibereurope.com\/de\/produkt\/HPG407BT-de_DE\/\" \/>\n<meta property=\"og:site_name\" content=\"Caliber Europe B.V.\" \/>\n<meta property=\"article:modified_time\" content=\"2024-12-26T23:33:37+00:00\" \/>\n<meta property=\"og:image\" content=\"https:\/\/b2b.calibereurope.com\/wp-content\/uploads\/2021\/11\/ce2053f54702a53d9a671fc9c2d0eb8350aad3a9_HPG407BT_9_web.jpg\" \/>\n\t<meta property=\"og:image:width\" content=\"1024\" \/>\n\t<meta property=\"og:image:height\" content=\"768\" \/>\n\t<meta property=\"og:image:type\" content=\"image\/jpeg\" \/>\n<meta name=\"twitter:card\" content=\"summary_large_image\" \/>\n<meta name=\"twitter:label1\" content=\"Gesch\u00e4tzte Lesezeit\" \/>\n\t<meta name=\"twitter:data1\" content=\"2\u00a0Minuten\" \/>\n<script type=\"application\/ld+json\" class=\"yoast-schema-graph\">{\"@context\":\"https:\/\/schema.org\",\"@graph\":[{\"@type\":\"WebPage\",\"@id\":\"https:\/\/b2b.calibereurope.com\/de\/produkt\/HPG407BT-de_DE\/\",\"url\":\"https:\/\/b2b.calibereurope.com\/de\/produkt\/HPG407BT-de_DE\/\",\"name\":\"Mobilfunklautsprecher mit Bluetooth, USB, SD und Aux - 16 Stunden Spielzeit (HPG407BT) - Caliber Europe B.V.\",\"isPartOf\":{\"@id\":\"https:\/\/b2b.calibereurope.com\/#website\"},\"primaryImageOfPage\":{\"@id\":\"https:\/\/b2b.calibereurope.com\/de\/produkt\/HPG407BT-de_DE\/#primaryimage\"},\"image\":{\"@id\":\"https:\/\/b2b.calibereurope.com\/de\/produkt\/HPG407BT-de_DE\/#primaryimage\"},\"thumbnailUrl\":\"https:\/\/b2b.calibereurope.com\/wp-content\/uploads\/2023\/12\/ce2053f54702a53d9a671fc9c2d0eb8350aad3a9_HPG407BT_9_web.jpg\",\"datePublished\":\"2023-12-21T00:00:00+00:00\",\"dateModified\":\"2024-12-26T23:33:37+00:00\",\"breadcrumb\":{\"@id\":\"https:\/\/b2b.calibereurope.com\/de\/produkt\/HPG407BT-de_DE\/#breadcrumb\"},\"inLanguage\":\"de\",\"potentialAction\":[{\"@type\":\"ReadAction\",\"target\":[\"https:\/\/b2b.calibereurope.com\/de\/produkt\/HPG407BT-de_DE\/\"]}]},{\"@type\":\"ImageObject\",\"inLanguage\":\"de\",\"@id\":\"https:\/\/b2b.calibereurope.com\/de\/produkt\/HPG407BT-de_DE\/#primaryimage\",\"url\":\"https:\/\/b2b.calibereurope.com\/wp-content\/uploads\/2023\/12\/ce2053f54702a53d9a671fc9c2d0eb8350aad3a9_HPG407BT_9_web.jpg\",\"contentUrl\":\"https:\/\/b2b.calibereurope.com\/wp-content\/uploads\/2023\/12\/ce2053f54702a53d9a671fc9c2d0eb8350aad3a9_HPG407BT_9_web.jpg\",\"width\":1024,\"height\":768},{\"@type\":\"BreadcrumbList\",\"@id\":\"https:\/\/b2b.calibereurope.com\/de\/produkt\/HPG407BT-de_DE\/#breadcrumb\",\"itemListElement\":[{\"@type\":\"ListItem\",\"position\":1,\"name\":\"Home\",\"item\":\"https:\/\/b2b.calibereurope.com\/de\/\"},{\"@type\":\"ListItem\",\"position\":2,\"name\":\"Shop\",\"item\":\"https:\/\/b2b.calibereurope.com\/de\/shop\/\"},{\"@type\":\"ListItem\",\"position\":3,\"name\":\"Drahtloser Lautsprecher mit FM-Empfang &#8211; Schwarz (HPG407BT)\"}]},{\"@type\":\"WebSite\",\"@id\":\"https:\/\/b2b.calibereurope.com\/#website\",\"url\":\"https:\/\/b2b.calibereurope.com\/\",\"name\":\"Caliber Europe B.V.\",\"description\":\"B2B Webshop\",\"publisher\":{\"@id\":\"https:\/\/b2b.calibereurope.com\/#organization\"},\"potentialAction\":[{\"@type\":\"SearchAction\",\"target\":{\"@type\":\"EntryPoint\",\"urlTemplate\":\"https:\/\/b2b.calibereurope.com\/?s={search_term_string}\"},\"query-input\":{\"@type\":\"PropertyValueSpecification\",\"valueRequired\":true,\"valueName\":\"search_term_string\"}}],\"inLanguage\":\"de\"},{\"@type\":\"Organization\",\"@id\":\"https:\/\/b2b.calibereurope.com\/#organization\",\"name\":\"Caliber Europe B.V.\",\"url\":\"https:\/\/b2b.calibereurope.com\/\",\"logo\":{\"@type\":\"ImageObject\",\"inLanguage\":\"de\",\"@id\":\"https:\/\/b2b.calibereurope.com\/#\/schema\/logo\/image\/\",\"url\":\"https:\/\/b2b.calibereurope.com\/wp-content\/uploads\/2020\/12\/Caliber_Logo-Black.png\",\"contentUrl\":\"https:\/\/b2b.calibereurope.com\/wp-content\/uploads\/2020\/12\/Caliber_Logo-Black.png\",\"width\":3157,\"height\":356,\"caption\":\"Caliber Europe B.V.\"},\"image\":{\"@id\":\"https:\/\/b2b.calibereurope.com\/#\/schema\/logo\/image\/\"}}]}<\/script>\n<!-- \/ Yoast SEO plugin. -->","yoast_head_json":{"title":"Mobilfunklautsprecher mit Bluetooth, USB, SD und Aux - 16 Stunden Spielzeit (HPG407BT) - Caliber Europe B.V.","robots":{"index":"noindex","follow":"follow","max-snippet":"max-snippet:-1","max-image-preview":"max-image-preview:large","max-video-preview":"max-video-preview:-1"},"og_locale":"de_DE","og_type":"article","og_title":"Mobilfunklautsprecher mit Bluetooth, USB, SD und Aux - 16 Stunden Spielzeit (HPG407BT) - Caliber Europe B.V.","og_description":"Genie\u00dfen Sie Ihre Lieblingsmusik, wo immer Sie mit diesem Caliber HPG407BT Bluetooth -Lautsprecher sind. Dank der praktischen Traggurt k\u00f6nnen Sie die Musikbox leicht auf das Fahrrad oder w\u00e4hrend eines Spaziergangs nehmen. Mit 9 Watt Power k\u00f6nnen Sie die Musik in einer kleinen Gruppe immer genie\u00dfen. Der drahtlose Sprecher hat eine extrem lange Spielzeit von nicht [&hellip;]","og_url":"https:\/\/b2b.calibereurope.com\/de\/produkt\/HPG407BT-de_DE\/","og_site_name":"Caliber Europe B.V.","article_modified_time":"2024-12-26T23:33:37+00:00","og_image":[{"width":1024,"height":768,"url":"https:\/\/b2b.calibereurope.com\/wp-content\/uploads\/2021\/11\/ce2053f54702a53d9a671fc9c2d0eb8350aad3a9_HPG407BT_9_web.jpg","type":"image\/jpeg"}],"twitter_card":"summary_large_image","twitter_misc":{"Gesch\u00e4tzte Lesezeit":"2\u00a0Minuten"},"schema":{"@context":"https:\/\/schema.org","@graph":[{"@type":"WebPage","@id":"https:\/\/b2b.calibereurope.com\/de\/produkt\/HPG407BT-de_DE\/","url":"https:\/\/b2b.calibereurope.com\/de\/produkt\/HPG407BT-de_DE\/","name":"Mobilfunklautsprecher mit Bluetooth, USB, SD und Aux - 16 Stunden Spielzeit (HPG407BT) - Caliber Europe B.V.","isPartOf":{"@id":"https:\/\/b2b.calibereurope.com\/#website"},"primaryImageOfPage":{"@id":"https:\/\/b2b.calibereurope.com\/de\/produkt\/HPG407BT-de_DE\/#primaryimage"},"image":{"@id":"https:\/\/b2b.calibereurope.com\/de\/produkt\/HPG407BT-de_DE\/#primaryimage"},"thumbnailUrl":"https:\/\/b2b.calibereurope.com\/wp-content\/uploads\/2023\/12\/ce2053f54702a53d9a671fc9c2d0eb8350aad3a9_HPG407BT_9_web.jpg","datePublished":"2023-12-21T00:00:00+00:00","dateModified":"2024-12-26T23:33:37+00:00","breadcrumb":{"@id":"https:\/\/b2b.calibereurope.com\/de\/produkt\/HPG407BT-de_DE\/#breadcrumb"},"inLanguage":"de","potentialAction":[{"@type":"ReadAction","target":["https:\/\/b2b.calibereurope.com\/de\/produkt\/HPG407BT-de_DE\/"]}]},{"@type":"ImageObject","inLanguage":"de","@id":"https:\/\/b2b.calibereurope.com\/de\/produkt\/HPG407BT-de_DE\/#primaryimage","url":"https:\/\/b2b.calibereurope.com\/wp-content\/uploads\/2023\/12\/ce2053f54702a53d9a671fc9c2d0eb8350aad3a9_HPG407BT_9_web.jpg","contentUrl":"https:\/\/b2b.calibereurope.com\/wp-content\/uploads\/2023\/12\/ce2053f54702a53d9a671fc9c2d0eb8350aad3a9_HPG407BT_9_web.jpg","width":1024,"height":768},{"@type":"BreadcrumbList","@id":"https:\/\/b2b.calibereurope.com\/de\/produkt\/HPG407BT-de_DE\/#breadcrumb","itemListElement":[{"@type":"ListItem","position":1,"name":"Home","item":"https:\/\/b2b.calibereurope.com\/de\/"},{"@type":"ListItem","position":2,"name":"Shop","item":"https:\/\/b2b.calibereurope.com\/de\/shop\/"},{"@type":"ListItem","position":3,"name":"Drahtloser Lautsprecher mit FM-Empfang &#8211; Schwarz (HPG407BT)"}]},{"@type":"WebSite","@id":"https:\/\/b2b.calibereurope.com\/#website","url":"https:\/\/b2b.calibereurope.com\/","name":"Caliber Europe B.V.","description":"B2B Webshop","publisher":{"@id":"https:\/\/b2b.calibereurope.com\/#organization"},"potentialAction":[{"@type":"SearchAction","target":{"@type":"EntryPoint","urlTemplate":"https:\/\/b2b.calibereurope.com\/?s={search_term_string}"},"query-input":{"@type":"PropertyValueSpecification","valueRequired":true,"valueName":"search_term_string"}}],"inLanguage":"de"},{"@type":"Organization","@id":"https:\/\/b2b.calibereurope.com\/#organization","name":"Caliber Europe B.V.","url":"https:\/\/b2b.calibereurope.com\/","logo":{"@type":"ImageObject","inLanguage":"de","@id":"https:\/\/b2b.calibereurope.com\/#\/schema\/logo\/image\/","url":"https:\/\/b2b.calibereurope.com\/wp-content\/uploads\/2020\/12\/Caliber_Logo-Black.png","contentUrl":"https:\/\/b2b.calibereurope.com\/wp-content\/uploads\/2020\/12\/Caliber_Logo-Black.png","width":3157,"height":356,"caption":"Caliber Europe B.V."},"image":{"@id":"https:\/\/b2b.calibereurope.com\/#\/schema\/logo\/image\/"}}]}},"_links":{"self":[{"href":"https:\/\/b2b.calibereurope.com\/de\/wp-json\/wp\/v2\/product\/491613","targetHints":{"allow":["GET"]}}],"collection":[{"href":"https:\/\/b2b.calibereurope.com\/de\/wp-json\/wp\/v2\/product"}],"about":[{"href":"https:\/\/b2b.calibereurope.com\/de\/wp-json\/wp\/v2\/types\/product"}],"version-history":[{"count":0,"href":"https:\/\/b2b.calibereurope.com\/de\/wp-json\/wp\/v2\/product\/491613\/revisions"}],"wp:featuredmedia":[{"embeddable":true,"href":"https:\/\/b2b.calibereurope.com\/de\/wp-json\/wp\/v2\/media\/840576"}],"wp:attachment":[{"href":"https:\/\/b2b.calibereurope.com\/de\/wp-json\/wp\/v2\/media?parent=491613"}],"wp:term":[{"taxonomy":"product_brand","embeddable":true,"href":"https:\/\/b2b.calibereurope.com\/de\/wp-json\/wp\/v2\/product_brand?post=491613"},{"taxonomy":"product_cat","embeddable":true,"href":"https:\/\/b2b.calibereurope.com\/de\/wp-json\/wp\/v2\/product_cat?post=491613"},{"taxonomy":"product_tag","embeddable":true,"href":"https:\/\/b2b.calibereurope.com\/de\/wp-json\/wp\/v2\/product_tag?post=491613"}],"curies":[{"name":"wp","href":"https:\/\/api.w.org\/{rel}","templated":true}]}}