{"id":493613,"date":"2024-07-17T02:00:00","date_gmt":"2024-07-17T00:00:00","guid":{"rendered":""},"modified":"2024-12-27T00:33:38","modified_gmt":"2024-12-26T23:33:38","slug":"hpg425bt-de_de","status":"publish","type":"product","link":"https:\/\/b2b.calibereurope.com\/de\/produkt\/hpg425bt-de_de\/","title":{"rendered":"Bluetooth-Lautsprecher mit USB und Akku &#8211; Schwarz (HPG425BT)"},"content":{"rendered":"<div>Mit dem HPG425BT k\u00f6nnen Sie \u00fcberall Musik genie\u00dfen. Dank seiner kompakten Gr\u00f6\u00dfe k\u00f6nnen Sie ihn einfach in Ihrer Tasche mit an den Strand, in den Park oder zu einem Treffen mit Freunden nehmen. Oder tragen Sie ihn an seinem bequemen Griff mit sich.<\/div>\n<div>&nbsp;<\/div>\n<div><span style=\"font-weight: bold;\">Gen\u00fcgend Leistung und gute Klangbalance<\/span><\/div>\n<div>Der HPG425BT verf\u00fcgt \u00fcber einen 2-Watt-Hocht\u00f6ner und einen 8-Watt-Subwoofer. Diese Kombination erm\u00f6glicht eine gute Balance zwischen hohen und tiefen T\u00f6nen. Die \u00d6ffnung im Subwoofer sorgt f\u00fcr zus\u00e4tzliche B\u00e4sse, insbesondere f\u00fcr einen Lautsprecher dieser Gr\u00f6\u00dfe. Und mit insgesamt 10 Watt hat der Lautsprecher genug Leistung, um mit einer kleinen Gruppe von Menschen Musik zu genie\u00dfen. Im Haus, aber auch im Freien, zum Beispiel im Garten oder am Strand.&nbsp;<\/div>\n<div><\/div>\n<div><span style=\"font-weight: bold;\">Ausgezeichnete Streaming-Verbindung<\/span><\/div>\n<div>Der Lautsprecher verwendet A2DP- und AVRCP-Streaming-Profile, so dass die Streaming-Verbindung immer gut ist. Die Musik ist detailliert und Sie werden kein Stottern auf Ihrem Telefon erleben.<\/div>\n<div><\/div>\n<div><span style=\"font-weight: bold;\">Einfache Bedienung und die notwendigen Anschl\u00fcsse<\/span><\/div>\n<div>Die LED-Anzeige zeigt an, ob der Lautsprecher eingeschaltet ist oder nicht. Das HPG425BT verf\u00fcgt au\u00dferdem \u00fcber Tasten f\u00fcr Vorheriges\/N\u00e4chstes, Wiedergabe\/Pause, Modus und Lautst\u00e4rke. Sie m\u00f6chten Musik auf eine andere Weise als per Streaming abspielen? Verwenden Sie den USB-Anschluss oder den SD-Anschluss f\u00fcr eine Karte mit bis zu 32 GB. \u00dcber den 3,5-mm-Klinkenanschluss k\u00f6nnen Sie Ger\u00e4te per Kabel anschlie\u00dfen oder Kopfh\u00f6rer oder Ohrh\u00f6rer anschlie\u00dfen. Der eingebaute Akku h\u00e4lt bis zu 6 Stunden.<\/div>\n","protected":false},"excerpt":{"rendered":"<p>Mit dem HPG425BT k\u00f6nnen Sie \u00fcberall Musik genie\u00dfen. Dank seiner kompakten Gr\u00f6\u00dfe k\u00f6nnen Sie ihn einfach in Ihrer Tasche mit an den Strand, in den Park oder zu einem Treffen mit Freunden nehmen. Oder tragen Sie ihn an seinem bequemen Griff mit sich. &nbsp; Gen\u00fcgend Leistung und gute Klangbalance Der HPG425BT verf\u00fcgt \u00fcber einen 2-Watt-Hocht\u00f6ner [&hellip;]<\/p>\n","protected":false},"featured_media":850025,"template":"","meta":{"_acf_changed":false,"site-sidebar-layout":"default","site-content-layout":"","ast-site-content-layout":"default","site-content-style":"default","site-sidebar-style":"default","ast-global-header-display":"","ast-banner-title-visibility":"","ast-main-header-display":"","ast-hfb-above-header-display":"","ast-hfb-below-header-display":"","ast-hfb-mobile-header-display":"","site-post-title":"","ast-breadcrumbs-content":"","ast-featured-img":"","footer-sml-layout":"","theme-transparent-header-meta":"","adv-header-id-meta":"","stick-header-meta":"","header-above-stick-meta":"","header-main-stick-meta":"","header-below-stick-meta":"","astra-migrate-meta-layouts":"default","ast-page-background-enabled":"default","ast-page-background-meta":{"desktop":{"background-color":"","background-image":"","background-repeat":"repeat","background-position":"center center","background-size":"auto","background-attachment":"scroll","background-type":"","background-media":"","overlay-type":"","overlay-color":"","overlay-opacity":"","overlay-gradient":""},"tablet":{"background-color":"","background-image":"","background-repeat":"repeat","background-position":"center center","background-size":"auto","background-attachment":"scroll","background-type":"","background-media":"","overlay-type":"","overlay-color":"","overlay-opacity":"","overlay-gradient":""},"mobile":{"background-color":"","background-image":"","background-repeat":"repeat","background-position":"center center","background-size":"auto","background-attachment":"scroll","background-type":"","background-media":"","overlay-type":"","overlay-color":"","overlay-opacity":"","overlay-gradient":""}},"ast-content-background-meta":{"desktop":{"background-color":"var(--ast-global-color-5)","background-image":"","background-repeat":"repeat","background-position":"center center","background-size":"auto","background-attachment":"scroll","background-type":"","background-media":"","overlay-type":"","overlay-color":"","overlay-opacity":"","overlay-gradient":""},"tablet":{"background-color":"var(--ast-global-color-5)","background-image":"","background-repeat":"repeat","background-position":"center center","background-size":"auto","background-attachment":"scroll","background-type":"","background-media":"","overlay-type":"","overlay-color":"","overlay-opacity":"","overlay-gradient":""},"mobile":{"background-color":"var(--ast-global-color-5)","background-image":"","background-repeat":"repeat","background-position":"center center","background-size":"auto","background-attachment":"scroll","background-type":"","background-media":"","overlay-type":"","overlay-color":"","overlay-opacity":"","overlay-gradient":""}}},"product_brand":[],"product_cat":[22956],"product_tag":[],"class_list":{"0":"post-493613","1":"product","2":"type-product","3":"status-publish","4":"has-post-thumbnail","6":"product_cat-keine-kategorie","7":"desktop-align-center","8":"tablet-align-center","9":"mobile-align-center","10":"ast-product-gallery-layout-horizontal","11":"ast-product-tabs-layout-horizontal","13":"first","14":"outofstock","15":"taxable","16":"shipping-taxable","17":"purchasable","18":"product-type-simple"},"acf":[],"yoast_head":"<!-- This site is optimized with the Yoast SEO plugin v26.5 - https:\/\/yoast.com\/wordpress\/plugins\/seo\/ -->\n<title>Bluetooth-Lautsprecher mit USB und Akku - Schwarz (HPG425BT) - Caliber Europe B.V.<\/title>\n<meta name=\"robots\" content=\"noindex, follow, max-snippet:-1, max-image-preview:large, max-video-preview:-1\" \/>\n<meta property=\"og:locale\" content=\"de_DE\" \/>\n<meta property=\"og:type\" content=\"article\" \/>\n<meta property=\"og:title\" content=\"Bluetooth-Lautsprecher mit USB und Akku - Schwarz (HPG425BT) - Caliber Europe B.V.\" \/>\n<meta property=\"og:description\" content=\"Mit dem HPG425BT k\u00f6nnen Sie \u00fcberall Musik genie\u00dfen. Dank seiner kompakten Gr\u00f6\u00dfe k\u00f6nnen Sie ihn einfach in Ihrer Tasche mit an den Strand, in den Park oder zu einem Treffen mit Freunden nehmen. Oder tragen Sie ihn an seinem bequemen Griff mit sich. &nbsp; Gen\u00fcgend Leistung und gute Klangbalance Der HPG425BT verf\u00fcgt \u00fcber einen 2-Watt-Hocht\u00f6ner [&hellip;]\" \/>\n<meta property=\"og:url\" content=\"https:\/\/b2b.calibereurope.com\/de\/produkt\/hpg425bt-de_de\/\" \/>\n<meta property=\"og:site_name\" content=\"Caliber Europe B.V.\" \/>\n<meta property=\"article:modified_time\" content=\"2024-12-26T23:33:38+00:00\" \/>\n<meta property=\"og:image\" content=\"https:\/\/b2b.calibereurope.com\/wp-content\/uploads\/2021\/09\/4c1421e864127575a9cf662cc40494a1aa594cab_HPG425BT_side_web.jpg\" \/>\n\t<meta property=\"og:image:width\" content=\"1024\" \/>\n\t<meta property=\"og:image:height\" content=\"768\" \/>\n\t<meta property=\"og:image:type\" content=\"image\/jpeg\" \/>\n<meta name=\"twitter:card\" content=\"summary_large_image\" \/>\n<meta name=\"twitter:label1\" content=\"Gesch\u00e4tzte Lesezeit\" \/>\n\t<meta name=\"twitter:data1\" content=\"1\u00a0Minute\" \/>\n<script type=\"application\/ld+json\" class=\"yoast-schema-graph\">{\"@context\":\"https:\/\/schema.org\",\"@graph\":[{\"@type\":\"WebPage\",\"@id\":\"https:\/\/b2b.calibereurope.com\/de\/produkt\/hpg425bt-de_de\/\",\"url\":\"https:\/\/b2b.calibereurope.com\/de\/produkt\/hpg425bt-de_de\/\",\"name\":\"Bluetooth-Lautsprecher mit USB und Akku - Schwarz (HPG425BT) - Caliber Europe B.V.\",\"isPartOf\":{\"@id\":\"https:\/\/b2b.calibereurope.com\/#website\"},\"primaryImageOfPage\":{\"@id\":\"https:\/\/b2b.calibereurope.com\/de\/produkt\/hpg425bt-de_de\/#primaryimage\"},\"image\":{\"@id\":\"https:\/\/b2b.calibereurope.com\/de\/produkt\/hpg425bt-de_de\/#primaryimage\"},\"thumbnailUrl\":\"https:\/\/b2b.calibereurope.com\/wp-content\/uploads\/2024\/07\/4c1421e864127575a9cf662cc40494a1aa594cab_HPG425BT_side_web.jpg\",\"datePublished\":\"2024-07-17T00:00:00+00:00\",\"dateModified\":\"2024-12-26T23:33:38+00:00\",\"breadcrumb\":{\"@id\":\"https:\/\/b2b.calibereurope.com\/de\/produkt\/hpg425bt-de_de\/#breadcrumb\"},\"inLanguage\":\"de\",\"potentialAction\":[{\"@type\":\"ReadAction\",\"target\":[\"https:\/\/b2b.calibereurope.com\/de\/produkt\/hpg425bt-de_de\/\"]}]},{\"@type\":\"ImageObject\",\"inLanguage\":\"de\",\"@id\":\"https:\/\/b2b.calibereurope.com\/de\/produkt\/hpg425bt-de_de\/#primaryimage\",\"url\":\"https:\/\/b2b.calibereurope.com\/wp-content\/uploads\/2024\/07\/4c1421e864127575a9cf662cc40494a1aa594cab_HPG425BT_side_web.jpg\",\"contentUrl\":\"https:\/\/b2b.calibereurope.com\/wp-content\/uploads\/2024\/07\/4c1421e864127575a9cf662cc40494a1aa594cab_HPG425BT_side_web.jpg\",\"width\":1024,\"height\":768},{\"@type\":\"BreadcrumbList\",\"@id\":\"https:\/\/b2b.calibereurope.com\/de\/produkt\/hpg425bt-de_de\/#breadcrumb\",\"itemListElement\":[{\"@type\":\"ListItem\",\"position\":1,\"name\":\"Home\",\"item\":\"https:\/\/b2b.calibereurope.com\/de\/\"},{\"@type\":\"ListItem\",\"position\":2,\"name\":\"Shop\",\"item\":\"https:\/\/b2b.calibereurope.com\/de\/shop\/\"},{\"@type\":\"ListItem\",\"position\":3,\"name\":\"Bluetooth-Lautsprecher mit FM-Radio &#8211; Schwarz (HPG425BT)\"}]},{\"@type\":\"WebSite\",\"@id\":\"https:\/\/b2b.calibereurope.com\/#website\",\"url\":\"https:\/\/b2b.calibereurope.com\/\",\"name\":\"Caliber Europe B.V.\",\"description\":\"B2B Webshop\",\"publisher\":{\"@id\":\"https:\/\/b2b.calibereurope.com\/#organization\"},\"potentialAction\":[{\"@type\":\"SearchAction\",\"target\":{\"@type\":\"EntryPoint\",\"urlTemplate\":\"https:\/\/b2b.calibereurope.com\/?s={search_term_string}\"},\"query-input\":{\"@type\":\"PropertyValueSpecification\",\"valueRequired\":true,\"valueName\":\"search_term_string\"}}],\"inLanguage\":\"de\"},{\"@type\":\"Organization\",\"@id\":\"https:\/\/b2b.calibereurope.com\/#organization\",\"name\":\"Caliber Europe B.V.\",\"url\":\"https:\/\/b2b.calibereurope.com\/\",\"logo\":{\"@type\":\"ImageObject\",\"inLanguage\":\"de\",\"@id\":\"https:\/\/b2b.calibereurope.com\/#\/schema\/logo\/image\/\",\"url\":\"https:\/\/b2b.calibereurope.com\/wp-content\/uploads\/2020\/12\/Caliber_Logo-Black.png\",\"contentUrl\":\"https:\/\/b2b.calibereurope.com\/wp-content\/uploads\/2020\/12\/Caliber_Logo-Black.png\",\"width\":3157,\"height\":356,\"caption\":\"Caliber Europe B.V.\"},\"image\":{\"@id\":\"https:\/\/b2b.calibereurope.com\/#\/schema\/logo\/image\/\"}}]}<\/script>\n<!-- \/ Yoast SEO plugin. -->","yoast_head_json":{"title":"Bluetooth-Lautsprecher mit USB und Akku - Schwarz (HPG425BT) - Caliber Europe B.V.","robots":{"index":"noindex","follow":"follow","max-snippet":"max-snippet:-1","max-image-preview":"max-image-preview:large","max-video-preview":"max-video-preview:-1"},"og_locale":"de_DE","og_type":"article","og_title":"Bluetooth-Lautsprecher mit USB und Akku - Schwarz (HPG425BT) - Caliber Europe B.V.","og_description":"Mit dem HPG425BT k\u00f6nnen Sie \u00fcberall Musik genie\u00dfen. Dank seiner kompakten Gr\u00f6\u00dfe k\u00f6nnen Sie ihn einfach in Ihrer Tasche mit an den Strand, in den Park oder zu einem Treffen mit Freunden nehmen. Oder tragen Sie ihn an seinem bequemen Griff mit sich. &nbsp; Gen\u00fcgend Leistung und gute Klangbalance Der HPG425BT verf\u00fcgt \u00fcber einen 2-Watt-Hocht\u00f6ner [&hellip;]","og_url":"https:\/\/b2b.calibereurope.com\/de\/produkt\/hpg425bt-de_de\/","og_site_name":"Caliber Europe B.V.","article_modified_time":"2024-12-26T23:33:38+00:00","og_image":[{"width":1024,"height":768,"url":"https:\/\/b2b.calibereurope.com\/wp-content\/uploads\/2021\/09\/4c1421e864127575a9cf662cc40494a1aa594cab_HPG425BT_side_web.jpg","type":"image\/jpeg"}],"twitter_card":"summary_large_image","twitter_misc":{"Gesch\u00e4tzte Lesezeit":"1\u00a0Minute"},"schema":{"@context":"https:\/\/schema.org","@graph":[{"@type":"WebPage","@id":"https:\/\/b2b.calibereurope.com\/de\/produkt\/hpg425bt-de_de\/","url":"https:\/\/b2b.calibereurope.com\/de\/produkt\/hpg425bt-de_de\/","name":"Bluetooth-Lautsprecher mit USB und Akku - Schwarz (HPG425BT) - Caliber Europe B.V.","isPartOf":{"@id":"https:\/\/b2b.calibereurope.com\/#website"},"primaryImageOfPage":{"@id":"https:\/\/b2b.calibereurope.com\/de\/produkt\/hpg425bt-de_de\/#primaryimage"},"image":{"@id":"https:\/\/b2b.calibereurope.com\/de\/produkt\/hpg425bt-de_de\/#primaryimage"},"thumbnailUrl":"https:\/\/b2b.calibereurope.com\/wp-content\/uploads\/2024\/07\/4c1421e864127575a9cf662cc40494a1aa594cab_HPG425BT_side_web.jpg","datePublished":"2024-07-17T00:00:00+00:00","dateModified":"2024-12-26T23:33:38+00:00","breadcrumb":{"@id":"https:\/\/b2b.calibereurope.com\/de\/produkt\/hpg425bt-de_de\/#breadcrumb"},"inLanguage":"de","potentialAction":[{"@type":"ReadAction","target":["https:\/\/b2b.calibereurope.com\/de\/produkt\/hpg425bt-de_de\/"]}]},{"@type":"ImageObject","inLanguage":"de","@id":"https:\/\/b2b.calibereurope.com\/de\/produkt\/hpg425bt-de_de\/#primaryimage","url":"https:\/\/b2b.calibereurope.com\/wp-content\/uploads\/2024\/07\/4c1421e864127575a9cf662cc40494a1aa594cab_HPG425BT_side_web.jpg","contentUrl":"https:\/\/b2b.calibereurope.com\/wp-content\/uploads\/2024\/07\/4c1421e864127575a9cf662cc40494a1aa594cab_HPG425BT_side_web.jpg","width":1024,"height":768},{"@type":"BreadcrumbList","@id":"https:\/\/b2b.calibereurope.com\/de\/produkt\/hpg425bt-de_de\/#breadcrumb","itemListElement":[{"@type":"ListItem","position":1,"name":"Home","item":"https:\/\/b2b.calibereurope.com\/de\/"},{"@type":"ListItem","position":2,"name":"Shop","item":"https:\/\/b2b.calibereurope.com\/de\/shop\/"},{"@type":"ListItem","position":3,"name":"Bluetooth-Lautsprecher mit FM-Radio &#8211; Schwarz (HPG425BT)"}]},{"@type":"WebSite","@id":"https:\/\/b2b.calibereurope.com\/#website","url":"https:\/\/b2b.calibereurope.com\/","name":"Caliber Europe B.V.","description":"B2B Webshop","publisher":{"@id":"https:\/\/b2b.calibereurope.com\/#organization"},"potentialAction":[{"@type":"SearchAction","target":{"@type":"EntryPoint","urlTemplate":"https:\/\/b2b.calibereurope.com\/?s={search_term_string}"},"query-input":{"@type":"PropertyValueSpecification","valueRequired":true,"valueName":"search_term_string"}}],"inLanguage":"de"},{"@type":"Organization","@id":"https:\/\/b2b.calibereurope.com\/#organization","name":"Caliber Europe B.V.","url":"https:\/\/b2b.calibereurope.com\/","logo":{"@type":"ImageObject","inLanguage":"de","@id":"https:\/\/b2b.calibereurope.com\/#\/schema\/logo\/image\/","url":"https:\/\/b2b.calibereurope.com\/wp-content\/uploads\/2020\/12\/Caliber_Logo-Black.png","contentUrl":"https:\/\/b2b.calibereurope.com\/wp-content\/uploads\/2020\/12\/Caliber_Logo-Black.png","width":3157,"height":356,"caption":"Caliber Europe B.V."},"image":{"@id":"https:\/\/b2b.calibereurope.com\/#\/schema\/logo\/image\/"}}]}},"_links":{"self":[{"href":"https:\/\/b2b.calibereurope.com\/de\/wp-json\/wp\/v2\/product\/493613","targetHints":{"allow":["GET"]}}],"collection":[{"href":"https:\/\/b2b.calibereurope.com\/de\/wp-json\/wp\/v2\/product"}],"about":[{"href":"https:\/\/b2b.calibereurope.com\/de\/wp-json\/wp\/v2\/types\/product"}],"version-history":[{"count":0,"href":"https:\/\/b2b.calibereurope.com\/de\/wp-json\/wp\/v2\/product\/493613\/revisions"}],"wp:featuredmedia":[{"embeddable":true,"href":"https:\/\/b2b.calibereurope.com\/de\/wp-json\/wp\/v2\/media\/850025"}],"wp:attachment":[{"href":"https:\/\/b2b.calibereurope.com\/de\/wp-json\/wp\/v2\/media?parent=493613"}],"wp:term":[{"taxonomy":"product_brand","embeddable":true,"href":"https:\/\/b2b.calibereurope.com\/de\/wp-json\/wp\/v2\/product_brand?post=493613"},{"taxonomy":"product_cat","embeddable":true,"href":"https:\/\/b2b.calibereurope.com\/de\/wp-json\/wp\/v2\/product_cat?post=493613"},{"taxonomy":"product_tag","embeddable":true,"href":"https:\/\/b2b.calibereurope.com\/de\/wp-json\/wp\/v2\/product_tag?post=493613"}],"curies":[{"name":"wp","href":"https:\/\/api.w.org\/{rel}","templated":true}]}}